{"id":10139,"date":"2023-02-06T14:08:16","date_gmt":"2023-02-06T07:08:16","guid":{"rendered":"https:\/\/www.konicaminolta.vn\/business\/?page_id=10139"},"modified":"2023-02-07T13:23:25","modified_gmt":"2023-02-07T06:23:25","slug":"dispatcher-paragon-cloud","status":"publish","type":"page","link":"https:\/\/www.konicaminolta.vn\/business\/service\/dispatcher-paragon-cloud\/","title":{"rendered":"Dispatcher Paragon Cloud"},"content":{"rendered":"<div class=\"wpb-content-wrapper\"><p style=\"text-align: center;\"><img loading=\"lazy\" decoding=\"async\" class=\"aligncenter size-large wp-image-10140\" src=\"https:\/\/www.konicaminolta.vn\/business\/wp-content\/uploads\/2023\/02\/Dispatcher-Paragon-Cloud_Webpage_Banners_Desktop_Mobile-VI-1.jpg\" alt=\"\" width=\"1024\" height=\"213\" srcset=\"https:\/\/www.konicaminolta.vn\/business\/wp-content\/uploads\/2023\/02\/Dispatcher-Paragon-Cloud_Webpage_Banners_Desktop_Mobile-VI-1.jpg 8000w, https:\/\/www.konicaminolta.vn\/business\/wp-content\/uploads\/2023\/02\/Dispatcher-Paragon-Cloud_Webpage_Banners_Desktop_Mobile-VI-1-300x63.jpg 300w, https:\/\/www.konicaminolta.vn\/business\/wp-content\/uploads\/2023\/02\/Dispatcher-Paragon-Cloud_Webpage_Banners_Desktop_Mobile-VI-1-768x160.jpg 768w, https:\/\/www.konicaminolta.vn\/business\/wp-content\/uploads\/2023\/02\/Dispatcher-Paragon-Cloud_Webpage_Banners_Desktop_Mobile-VI-1-1024x213.jpg 1024w, https:\/\/www.konicaminolta.vn\/business\/wp-content\/uploads\/2023\/02\/Dispatcher-Paragon-Cloud_Webpage_Banners_Desktop_Mobile-VI-1-600x125.jpg 600w\" sizes=\"auto, (max-width: 1024px) 100vw, 1024px\" \/><\/p>\n<p style=\"text-align: center;\"><iframe loading=\"lazy\" src=\"\/\/www.youtube.com\/embed\/1cOSI5qA4vE\" width=\"650\" height=\"364\" allowfullscreen=\"allowfullscreen\"><\/iframe><\/p>\n<div class=\"vc_row wpb_row vc_row-fluid\">\n<div class=\"wpb_column vc_column_container vc_col-sm-12\">\n<div class=\"vc_column-inner \">\n<div class=\"wpb_wrapper\">\n<div class=\"wpb_text_column wpb_content_element \">\n<div class=\"wpb_wrapper\">\n<h4><span style=\"color: #0062c2;\">T\u0103ng t\u1ed1c h\u00e0nh tr\u00ecnh chuy\u1ec3n \u0111\u1ed5i k\u1ef9 thu\u1eadt s\u1ed1 c\u1ee7a b\u1ea1n v\u1edbi t\u00ednh n\u0103ng qu\u1ea3n l\u00fd in \u1ea5n an to\u00e0n tr\u00ean \u0111\u00e1m m\u00e2y<\/span><\/h4>\n<p style=\"text-align: justify;\">\u0110i\u1ec7n to\u00e1n \u0111\u00e1m m\u00e2y \u0111\u00f3ng m\u1ed9t vai tr\u00f2 quan tr\u1ecdng trong qu\u00e1 tr\u00ecnh chuy\u1ec3n \u0111\u1ed5i k\u1ef9 thu\u1eadt s\u1ed1 c\u1ee7a m\u1ecdi ng\u00e0nh. Tuy nhi\u00ean, c\u00e1c c\u00f4ng ty v\u1eabn \u0111ang thi\u1ebfu m\u1ea3nh gh\u00e9p quan tr\u1ecdng cu\u1ed1i c\u00f9ng c\u1ee7a c\u00e2u \u0111\u1ed1 \u0111\u00e1m m\u00e2y: in \u1ea5n l\u01b0u tr\u1eef \u0111\u00e1m m\u00e2y.<\/p>\n<p style=\"text-align: justify;\"><strong>Dispatcher Paragon Cloud<\/strong> l\u00e0 m\u1ed9t gi\u1ea3i ph\u00e1p trong danh m\u1ee5c D\u1ecbch v\u1ee5 Cloud Print c\u1ee7a ch\u00fang t\u00f4i. \u0110\u00f3 l\u00e0 m\u1ed9t s\u1ea3n ph\u1ea9m Ph\u1ea7n m\u1ec1m d\u01b0\u1edbi d\u1ea1ng D\u1ecbch v\u1ee5 an to\u00e0n, cho ph\u00e9p b\u1ea1n \u0111\u01a1n gi\u1ea3n h\u00f3a c\u00e1c thao t\u00e1c in v\u00e0 hi\u1ec7n \u0111\u1ea1i h\u00f3a c\u01a1 s\u1edf h\u1ea1 t\u1ea7ng in c\u1ee7a m\u00ecnh. Dispatcher Paragon Cloud mang \u0111\u1ebfn nh\u1eefng l\u1ee3i \u00edch l\u1edbn bao g\u1ed3m gi\u1ea3m chi ph\u00ed, ti\u1ebfp c\u1eadn v\u1edbi c\u00e1c chuy\u00ean gia v\u00e0 t\u0103ng c\u01b0\u1eddng b\u1ea3o m\u1eadt. Ngo\u00e0i ra, t\u00ednh linh ho\u1ea1t v\u00e0 kh\u1ea3 n\u0103ng m\u1edf r\u1ed9ng \u0111\u01b0\u1ee3c t\u0103ng c\u01b0\u1eddng do c\u00e1c d\u1ecbch v\u1ee5 \u0110\u00e1m m\u00e2y c\u1ee7a Dispatcher Paragon cung c\u1ea5p c\u00f3 th\u1ec3 gi\u00fap \u0111\u1ea9y nhanh h\u00e0nh tr\u00ecnh chuy\u1ec3n \u0111\u1ed5i k\u1ef9 thu\u1eadt s\u1ed1 c\u1ee7a t\u1ed5 ch\u1ee9c.<\/p>\n<p style=\"text-align: justify;\">\u1ee8ng d\u1ee5ng m\u1ea1nh m\u1ebd n\u00e0y m\u1edf r\u1ed9ng d\u00f2ng Dispatcher Paragon \u0111\u00e3 \u0111\u01b0\u1ee3c ch\u1ee9ng minh v\u1edbi gi\u1ea3i ph\u00e1p qu\u1ea3n l\u00fd in \u1ea5n t\u1ea1i ch\u1ed7 t\u1eebng \u0111o\u1ea1t gi\u1ea3i th\u01b0\u1edfng.<\/p>\n<\/div>\n<\/div>\n<\/div>\n<\/div>\n<\/div>\n<\/div>\n<div class=\"vc_row wpb_row vc_row-fluid\">\n<div class=\"wpb_column vc_column_container vc_col-sm-12\">\n<div class=\"vc_column-inner \">\n<div class=\"wpb_wrapper\">\n<div class=\"wpb_text_column wpb_content_element \">\n<div class=\"wpb_wrapper\">\n<div class=\"vc_row wpb_row vc_row-fluid\" style=\"text-align: justify;\">\n<div class=\"wpb_column vc_column_container vc_col-sm-12\">\n<div class=\"vc_column-inner \">\n<div class=\"wpb_wrapper\">\n<div class=\"wpb_text_column wpb_content_element \">\n<div class=\"wpb_wrapper\">\n<h4><span style=\"color: #0062c2;\">T\u0103ng t\u00ednh linh ho\u1ea1t h\u01a1n cho c\u01a1 s\u1edf h\u1ea1 t\u1ea7ng in \u1ea5n c\u1ee7a b\u1ea1n:<\/span><\/h4>\n<ul>\n<li>V\u1edbi Dispatcher Paragon Cloud, kh\u00e1ch h\u00e0ng c\u00f3 th\u1ec3 h\u01b0\u1edfng l\u1ee3i t\u1eeb quy tr\u00ecnh qu\u1ea3n l\u00fd in m\u00e0 kh\u00f4ng ph\u1ea3i \u0111\u1ea7u t\u01b0 v\u00e0 b\u1ea3o tr\u00ec m\u00e1y ch\u1ee7 in. C\u00e1c d\u1ecbch v\u1ee5 \u1ee9ng d\u1ee5ng ch\u00ednh \u0111\u01b0\u1ee3c di chuy\u1ec3n l\u00ean \u0111\u00e1m m\u00e2y.<\/li>\n<li>Dispatcher Paragon Cloud h\u1ed7 tr\u1ee3 doanh nghi\u1ec7p c\u1ee7a b\u1ea1n theo nhi\u1ec1u c\u00e1ch<\/li>\n<li>Lu\u00f4n c\u1eadp nh\u1eadt phi\u00ean b\u1ea3n m\u1edbi nh\u1ea5t nh\u1edd c\u1eadp nh\u1eadt t\u1ef1 \u0111\u1ed9ng<\/li>\n<li>Ph\u00ed h\u00e0ng n\u0103m c\u1ed1 \u0111\u1ecbnh \u0111\u1ec3 c\u00f3 c\u00e1i nh\u00ecn t\u1ed5ng quan ho\u00e0n h\u1ea3o<\/li>\n<li>T\u1ed1i \u01b0u h\u00f3a chi ph\u00ed CNTT c\u1ee7a b\u1ea1n v\u00ec kh\u00f4ng c\u1ea7n \u0111\u1ea7u t\u01b0 tr\u1ea3 tr\u01b0\u1edbc<\/li>\n<li>B\u1ea3o m\u1eadt cao nh\u1edd m\u00e3 h\u00f3a \u0111\u1ea7u cu\u1ed1i \u0111\u1ea7y \u0111\u1ee7, ng\u0103n ch\u1eb7n ph\u1ea7n m\u1ec1m \u0111\u1ed9c h\u1ea1i, m\u1ea1ng Zero Trust, d\u1ef1 ph\u00f2ng trung t\u00e2m d\u1eef li\u1ec7u v\u00e0 tu\u00e2n th\u1ee7 GDPR<\/li>\n<li>Nh\u00e2n vi\u00ean c\u1ee7a b\u1ea1n kh\u00f4ng c\u1ea7n thay \u0111\u1ed5i h\u00e0nh vi ho\u1ea1t \u0111\u1ed9ng v\u0103n ph\u00f2ng: h\u1ecd in, qu\u00e9t v\u00e0 sao ch\u00e9p nh\u01b0 b\u00ecnh th\u01b0\u1eddng<\/li>\n<\/ul>\n<\/div>\n<\/div>\n<\/div>\n<\/div>\n<\/div>\n<\/div>\n<div class=\"vc_row wpb_row vc_row-fluid\">\n<div class=\"wpb_column vc_column_container vc_col-sm-12\">\n<div class=\"vc_column-inner \">\n<div class=\"wpb_wrapper\">\n<div class=\"wpb_text_column wpb_content_element \" style=\"text-align: justify;\">\n<div class=\"wpb_wrapper\">\n<h4><span style=\"color: #0062c2;\">C\u00e1c t\u00ednh n\u0103ng n\u1ed5i b\u1eadt:<\/span><\/h4>\n<ul>\n<li>\u0110\u01b0\u1ee3c thi\u1ebft k\u1ebf \u0111\u01a1n gi\u1ea3n \u0111\u1ec3 tri\u1ec3n khai, c\u1ea5u h\u00ecnh v\u00e0 b\u1ea3o tr\u00ec<\/li>\n<li>Qu\u1ea3n tr\u1ecb ng\u01b0\u1eddi d\u00f9ng v\u00e0 vai tr\u00f2 qu\u1ea3n l\u00fd h\u1ec7 th\u1ed1ng m\u1ed9t c\u00e1ch d\u1ec5 d\u00e0ng<\/li>\n<li>Ch\u1ee9c n\u0103ng in b\u1ea3o m\u1eadt \u0111\u1ea3m b\u1ea3o ch\u1ec9 nh\u1eefng ng\u01b0\u1eddi d\u00f9ng \u0111\u01b0\u1ee3c x\u00e1c th\u1ef1c m\u1edbi c\u00f3 th\u1ec3 th\u1ef1c hi\u1ec7n ch\u1ee9c n\u0103ng in \u1ea5n<\/li>\n<li>B\u00e1o c\u00e1o chi ti\u1ebft v\u1ec1 \u0111\u1ea7u ra v\u00e0 chi ph\u00ed c\u1ee7a t\u1ea5t c\u1ea3 c\u00e1c ho\u1ea1t \u0111\u1ed9ng in, sao ch\u00e9p v\u00e0 qu\u00e9t<\/li>\n<li>Th\u1ef1c thi qu\u1ea3n tr\u1ecb in \u1ea5n v\u1edbi c\u00e1c quy t\u1eafc ti\u1ebft ki\u1ec7m chi ph\u00ed \u0111\u01b0\u1ee3c c\u00e0i \u0111\u1eb7t tr\u01b0\u1edbc<\/li>\n<li>In d\u1ef1a tr\u00ean quy t\u1eafc \u0111\u01b0\u1ee3c thi\u1ebft l\u1eadp \u0111\u1ec3 gi\u1ea3m chi ph\u00ed in<\/li>\n<li>C\u1eadp nh\u1eadt b\u1ea3o m\u1eadt t\u1ef1 \u0111\u1ed9ng<\/li>\n<li>N\u00e2ng c\u1ea5p t\u00ednh n\u0103ng t\u1ef1 \u0111\u1ed9ng<\/li>\n<\/ul>\n<\/div>\n<\/div>\n<div class=\"wpb_text_column wpb_content_element \">\n<div class=\"wpb_wrapper\">\n<h4><span style=\"color: #c0167b;\"><a style=\"color: #c0167b;\" href=\"mailto:marketing.vietnam@konicaminolta.com\">Li\u00ean h\u1ec7 t\u01b0 v\u1ea5n<\/a><\/span><\/h4>\n<\/div>\n<\/div>\n<\/div>\n<\/div>\n<\/div>\n<\/div>\n<\/div>\n<\/div>\n<\/div>\n<\/div>\n<\/div>\n<\/div>\n<\/div>","protected":false},"excerpt":{"rendered":"<p>T\u0103ng t\u1ed1c h\u00e0nh tr\u00ecnh chuy\u1ec3n \u0111\u1ed5i k\u1ef9 thu\u1eadt s\u1ed1 c\u1ee7a b\u1ea1n v\u1edbi t\u00ednh n\u0103ng qu\u1ea3n l\u00fd in \u1ea5n an to\u00e0n tr\u00ean \u0111\u00e1m m\u00e2y \u0110i\u1ec7n to\u00e1n \u0111\u00e1m m\u00e2y \u0111\u00f3ng m\u1ed9t vai tr\u00f2 quan tr\u1ecdng trong qu\u00e1 tr\u00ecnh chuy\u1ec3n \u0111\u1ed5i k\u1ef9 thu\u1eadt s\u1ed1 c\u1ee7a m\u1ecdi ng\u00e0nh. Tuy nhi\u00ean, c\u00e1c c\u00f4ng ty v\u1eabn \u0111ang thi\u1ebfu m\u1ea3nh gh\u00e9p quan<\/p>\n","protected":false},"author":1,"featured_media":0,"parent":5093,"menu_order":0,"comment_status":"closed","ping_status":"closed","template":"","meta":{"footnotes":""},"class_list":["post-10139","page","type-page","status-publish","hentry"],"_links":{"self":[{"href":"https:\/\/www.konicaminolta.vn\/business\/wp-json\/wp\/v2\/pages\/10139","targetHints":{"allow":["GET"]}}],"collection":[{"href":"https:\/\/www.konicaminolta.vn\/business\/wp-json\/wp\/v2\/pages"}],"about":[{"href":"https:\/\/www.konicaminolta.vn\/business\/wp-json\/wp\/v2\/types\/page"}],"author":[{"embeddable":true,"href":"https:\/\/www.konicaminolta.vn\/business\/wp-json\/wp\/v2\/users\/1"}],"replies":[{"embeddable":true,"href":"https:\/\/www.konicaminolta.vn\/business\/wp-json\/wp\/v2\/comments?post=10139"}],"version-history":[{"count":4,"href":"https:\/\/www.konicaminolta.vn\/business\/wp-json\/wp\/v2\/pages\/10139\/revisions"}],"predecessor-version":[{"id":10159,"href":"https:\/\/www.konicaminolta.vn\/business\/wp-json\/wp\/v2\/pages\/10139\/revisions\/10159"}],"up":[{"embeddable":true,"href":"https:\/\/www.konicaminolta.vn\/business\/wp-json\/wp\/v2\/pages\/5093"}],"wp:attachment":[{"href":"https:\/\/www.konicaminolta.vn\/business\/wp-json\/wp\/v2\/media?parent=10139"}],"curies":[{"name":"wp","href":"https:\/\/api.w.org\/{rel}","templated":true}]}}