{"id":10440,"date":"2023-09-06T10:13:42","date_gmt":"2023-09-06T03:13:42","guid":{"rendered":"https:\/\/www.konicaminolta.vn\/business\/?page_id=10440"},"modified":"2023-09-06T10:14:26","modified_gmt":"2023-09-06T03:14:26","slug":"he-thong-kiem-tra-truc-quan-forxai","status":"publish","type":"page","link":"https:\/\/www.konicaminolta.vn\/business\/innovative-technologies\/he-thong-kiem-tra-truc-quan-forxai\/","title":{"rendered":"H\u1ec7 Th\u1ed1ng Ki\u1ec3m Tra Tr\u1ef1c Quan FORXAI"},"content":{"rendered":"<div class=\"wpb-content-wrapper\"><p>[vc_row full_width=&#8221;stretch_row_content_no_spaces&#8221; el_class=&#8221;forxai_banner&#8221;][vc_column][vc_single_image image=&#8221;10394&#8243; img_size=&#8221;full&#8221; alignment=&#8221;center&#8221;][\/vc_column][\/vc_row][vc_row][vc_column][vc_empty_space][vc_column_text el_class=&#8221;forxai_about_heading&#8221;]<\/p>\n<h3 style=\"text-align: center;\">V\u1ec1 FORXAI<\/h3>\n<p>[\/vc_column_text][vc_empty_space][\/vc_column][\/vc_row][vc_row el_class=&#8221;wrap_about&#8221;][vc_column width=&#8221;1\/2&#8243;][vc_column_text]FORXAI l\u00e0 m\u1ed9t n\u1ec1n t\u1ea3ng k\u1ebft n\u1ed1i IoT v\u00e0 x\u1eed l\u00fd h\u00ecnh \u1ea3nh gi\u00fap \u0111\u1ea9y nhanh qu\u00e1 tr\u00ecnh chuy\u1ec3n \u0111\u1ed5i s\u1ed1 c\u1ee7a x\u00e3 h\u1ed9i c\u00f9ng v\u1edbi kh\u00e1ch h\u00e0ng v\u00e0 \u0111\u1ed1i t\u00e1c.<\/p>\n<p>Bao g\u1ed3m 2 \u00fd t\u01b0\u1edfng: \u201cForesight: T\u1ea7m nh\u00ecn xa\u201d v\u00e0 \u201cAI for Society: V\u00ec s\u1ef1 chuy\u1ec3n \u0111\u1ed5i AI c\u1ee7a x\u00e3 h\u1ed9i\u201d. C\u00e1c bi\u1ec3u t\u01b0\u1ee3ng m\u0169i t\u00ean ch\u1ed3ng ch\u00e9o l\u00ean nhau tr\u00ean h\u00ecnh ch\u1eef \u201cX\u201d c\u00f3 \u00fd ngh\u0129a l\u00e0 s\u1ef1 thay \u0111\u1ed5i, th\u1ec3 hi\u1ec7n ti\u1ebfn tr\u00ecnh h\u01b0\u1edbng t\u1edbi t\u01b0\u01a1ng lai trong vi\u1ec7c k\u1ebft h\u1ee3p gi\u1eefa kh\u00e1ch h\u00e0ng, \u0111\u1ed1i t\u00e1c v\u00e0 c\u00f4ng ngh\u1ec7 c\u1ee7a ch\u00fang t\u00f4i.[\/vc_column_text][vc_empty_space][vc_separator style=&#8221;solid&#8221;][vc_empty_space][vc_btn title=&#8221;L\u00caN L\u1ecaCH DEMO&#8221; style=&#8221;flat&#8221; shape=&#8221;square&#8221; color=&#8221;info&#8221; link=&#8221;url:https%3A%2F%2Fwww.konicaminolta.vn%2Fbusiness%2Fcontact-us%2F&#8221;][vc_empty_space][\/vc_column][vc_column width=&#8221;1\/2&#8243;][vc_raw_html]JTNDdmlkZW8lMjBpZCUzRCUyMmZvcnhhaXZpZGVvJTIyJTIwJTIwbG9vcCUzRCUyMiUyMiUyMGNvbnRyb2xzJTIwJTIwd2lkdGglM0QlMjIxMDAlMjUlMjIlMjBoZWlnaHQlM0QlMjIxMDAlMjUlMjIlMjBzcmMlM0QlMjJodHRwcyUzQSUyRiUyRnd3dy5rb25pY2FtaW5vbHRhLnNnJTJGYnVzaW5lc3MlMkZ3cC1jb250ZW50JTJGdXBsb2FkcyUyRjIwMjIlMkYwNyUyRklPVDIwMjFfRU5HX0ZJTkFMXzIxMTEyMi5tcDQlMjIlM0UlM0MlMkZ2aWRlbyUzRQ==[\/vc_raw_html][\/vc_column][\/vc_row][vc_row el_class=&#8221;forxai_visual&#8221;][vc_column][vc_empty_space height=&#8221;20px&#8221;][vc_column_text]<span style=\"font-size: 18px;\"><strong>H\u1ec7 Th\u1ed1ng Ki\u1ec3m Tra Tr\u1ef1c Quan FORXAI (FORXAI VI)<\/strong><\/span><\/p>\n<p><span style=\"font-size: 18px;\"><strong>N\u1ec1n T\u1ea3ng Kh\u00f4ng M\u00e3<\/strong><\/span><\/p>\n<p>M\u1ed9t trong nh\u1eefng tr\u1edf ng\u1ea1i c\u1ee7a b\u1ea5t k\u1ef3 t\u1ed5 ch\u1ee9c n\u00e0o khi b\u1eaft tay v\u00e0o c\u00f4ng ngh\u1ec7 AI th\u01b0\u1eddng l\u00e0 thi\u1ebfu ngu\u1ed3n l\u1ef1c, \u0111\u1eb7c bi\u1ec7t l\u00e0 trong l\u0129nh v\u1ef1c chuy\u00ean s\u00e2u. Ngu\u1ed3n l\u1ef1c c\u00f3 tay ngh\u1ec1 v\u00e0 kinh nghi\u1ec7m hi\u1ec7n \u0111ang khan hi\u1ebfm v\u00e0 chi ph\u00ed c\u00f3 th\u1ec3 kh\u00e1 cao n\u1ebfu ch\u00fang ta t\u00ednh \u0111\u1ebfn c\u00f4ng ngh\u1ec7 li\u00ean quan \u0111\u1ebfn n\u00f3.<\/p>\n<p>Tuy nhi\u00ean, \u0111\u1ec3 c\u00e1c doanh nghi\u1ec7p c\u00f3 th\u1ec3 t\u1ed3n t\u1ea1i, ch\u00fang ta kh\u00f4ng th\u1ec3 ti\u1ebfp t\u1ee5c t\u1ea1m g\u00e1c vi\u1ec7c \u00e1p d\u1ee5ng AI. Gi\u1ea3i ph\u00e1p l\u00e0 s\u1eed d\u1ee5ng c\u00e1c c\u00f4ng c\u1ee5 \u00edt ph\u1ee5 thu\u1ed9c v\u00e0o b\u1ed9 k\u1ef9 n\u0103ng n\u00e0y h\u01a1n v\u00e0 b\u1ea5t k\u1ef3 ai trong t\u1ed5 ch\u1ee9c \u0111\u1ec1u c\u00f3 th\u1ec3 \u0111\u00f3ng g\u00f3p v\u00e0o vi\u1ec7c x\u00e2y d\u1ef1ng m\u00f4 h\u00ecnh AI. \u0110\u00e2y l\u00e0 l\u00fac FORXAI VI (Ki\u1ec3m tra tr\u1ef1c quan) ph\u00e1t huy t\u00e1c d\u1ee5ng.<\/p>\n<p>FORXAI VI (Ki\u1ec3m tra tr\u1ef1c quan) l\u00e0 m\u1ed9t n\u1ec1n t\u1ea3ng cho ph\u00e9p ng\u01b0\u1eddi d\u00f9ng th\u1ecb gi\u00e1c m\u00e1y v\u00e0 m\u00e1y h\u1ecdc, cho d\u00f9 b\u1ea1n l\u00e0 k\u1ef9 s\u01b0, nh\u00e2n vi\u00ean ki\u1ec3m so\u00e1t ch\u1ea5t l\u01b0\u1ee3ng, ng\u01b0\u1eddi ph\u00e2n t\u00edch d\u1eef li\u1ec7u, c\u00f3 th\u1ec3 d\u1ec5 d\u00e0ng c\u1ed9ng t\u00e1c v\u00e0 x\u00e2y d\u1ef1ng m\u00f4 h\u00ecnh gi\u00e1m s\u00e1t ho\u1eb7c ki\u1ec3m tra AI m\u00e0 kh\u00f4ng c\u1ea7n m\u1ed9t d\u00f2ng m\u00e3 n\u00e0o. Ki\u1ec3m tra c\u00e1ch n\u00f3 ho\u1ea1t \u0111\u1ed9ng d\u01b0\u1edbi \u0111\u00e2y:[\/vc_column_text][\/vc_column][\/vc_row][vc_row full_width=&#8221;stretch_row_content_no_spaces&#8221; el_class=&#8221;forxai_img&#8221;][vc_column][vc_single_image image=&#8221;10398&#8243; img_size=&#8221;full&#8221; alignment=&#8221;center&#8221;][\/vc_column][\/vc_row][vc_row el_class=&#8221;forxai_howork&#8221;][vc_column][vc_empty_space height=&#8221;20px&#8221;][vc_column_text]<span style=\"font-size: 18px;\"><strong>C\u00e1ch Th\u1ee9c Ho\u1ea1t \u0110\u1ed9ng<\/strong><\/span>[\/vc_column_text][vc_tta_tabs active_section=&#8221;1&#8243;][vc_tta_section title=&#8221;T\u1ea1o d\u1ef1 \u00e1n c\u1ee7a b\u1ea1n&#8221; tab_id=&#8221;tao-du-an-cua-ban&#8221;][vc_column_text]D\u1ef1 \u00e1n trong FORXAI VI x\u00e1c \u0111\u1ecbnh lo\u1ea1i v\u1ea5n \u0111\u1ec1 ch\u00fang ta \u0111ang gi\u1ea3i quy\u1ebft. V\u00ed d\u1ee5: ch\u00fang ta c\u00f3 th\u1ec3 \u0111ang c\u1ed1 g\u1eafng ph\u00e2n lo\u1ea1i h\u00ecnh \u1ea3nh (v\u00ed d\u1ee5: h\u00ecnh \u1ea3nh M\u00e8o, Ch\u00f3, v.v.) ho\u1eb7c c\u1ed1 g\u1eafng t\u00ecm ra \u0111i\u1ec3m b\u1ea5t th\u01b0\u1eddng v\u00e0 \u1edf \u0111\u00e2u, ho\u1eb7c ph\u00e1t hi\u1ec7n c\u00e1c v\u1eadt th\u1ec3 v\u00e0 v\u1ecb tr\u00ed c\u1ee7a n\u00f3 ho\u1eb7c th\u1eadm ch\u00ed t\u00e1ch m\u1ed9t v\u1eadt th\u1ec3 kh\u1ecfi n\u1ec1n c\u1ee7a n\u00f3.<\/p>\n<p>V\u1edbi c\u00e1c bi\u1ec3u t\u01b0\u1ee3ng v\u00e0 m\u00f4 t\u1ea3 \u0111\u01b0\u1ee3c \u0111\u01a1n gi\u1ea3n h\u00f3a, m\u1ecdi ng\u01b0\u1eddi c\u00f3 th\u1ec3 d\u1ec5 d\u00e0ng quy\u1ebft \u0111\u1ecbnh n\u00ean t\u1ea1o m\u00f4 h\u00ecnh n\u00e0o.[\/vc_column_text][vc_single_image image=&#8221;10399&#8243; img_size=&#8221;full&#8221;][\/vc_tta_section][vc_tta_section title=&#8221;\u0110\u0103ng t\u1ea3i d\u1eef li\u1ec7u&#8221; tab_id=&#8221;dang-tai-du-lieu&#8221;][vc_column_text]D\u1eef li\u1ec7u l\u00e0 t\u00e0i s\u1ea3n qu\u00fd gi\u00e1 nh\u1ea5t trong H\u1ecdc m\u00e1y. N\u1ebfu kh\u00f4ng c\u00f3 d\u1eef li\u1ec7u t\u1ed1t, s\u1ef1 th\u00e0nh c\u00f4ng c\u1ee7a d\u1ef1 \u00e1n s\u1ebd gi\u1ea3m \u0111i. T\u1ea1i \u0111\u00e2y, ch\u00fang t\u00f4i gi\u00fap b\u1ea1n d\u1ec5 d\u00e0ng nh\u1eadp d\u1eef li\u1ec7u (h\u00ecnh \u1ea3nh) c\u1ee7a m\u00ecnh, ch\u1ec9 c\u1ea7n k\u00e9o v\u00e0 th\u1ea3, kh\u00f4ng c\u1ea7n nh\u1eadp si\u00eau d\u1eef li\u1ec7u b\u1ed5 sung.[\/vc_column_text][vc_single_image image=&#8221;10400&#8243; img_size=&#8221;full&#8221;][\/vc_tta_section][vc_tta_section title=&#8221;D\u00e1n nh\u00e3n v\u00e0 Ch\u00fa th\u00edch&#8221; tab_id=&#8221;dan-nhan-va-chu-thich&#8221;][vc_column_text]\u0110\u00e2y l\u00e0 n\u01a1i b\u1ea1n cho h\u1ec7 th\u1ed1ng bi\u1ebft khu v\u1ef1c quan t\u00e2m l\u00e0 g\u00ec v\u00e0 n\u00f3 \u1edf \u0111\u00e2u. \u0110\u00e2y l\u00e0 m\u1ed9t trong nh\u1eefng c\u00f4ng vi\u1ec7c t\u1ed1n nhi\u1ec1u th\u1eddi gian v\u00e0 t\u1ebb nh\u1ea1t nh\u1ea5t nh\u01b0ng c\u0169ng l\u00e0 nhi\u1ec7m v\u1ee5 quan tr\u1ecdng nh\u1ea5t. Ghi nh\u00e3n ch\u00ednh x\u00e1c s\u1ebd mang l\u1ea1i m\u1ed9t m\u00f4 h\u00ecnh AI t\u1ed1t. \u0110\u1ec3 gi\u00fap ng\u01b0\u1eddi d\u00f9ng trong qu\u00e1 tr\u00ecnh n\u00e0y, c\u00f4ng c\u1ee5 ch\u00fa th\u00edch cung c\u1ea5p c\u00e1c t\u00ednh n\u0103ng thu ph\u00f3ng, xoay v\u00e0 \u0111i\u1ec1u h\u01b0\u1edbng \u0111\u1ebfn t\u1eebng h\u00ecnh \u1ea3nh.<\/p>\n<p>C\u1ea7n t\u0103ng t\u1ed1c? S\u1eed d\u1ee5ng t\u00ednh n\u0103ng T\u1ef1 \u0111\u1ed9ng ch\u00fa th\u00edch. H\u1ec7 th\u1ed1ng s\u1ebd d\u1ef1 \u0111o\u00e1n v\u1ecb tr\u00ed ch\u00fa th\u00edch d\u1ef1a tr\u00ean d\u1eef li\u1ec7u nh\u1eadp tr\u01b0\u1edbc \u0111\u00f3 c\u1ee7a b\u1ea1n.[\/vc_column_text][vc_single_image image=&#8221;10401&#8243; img_size=&#8221;full&#8221;][\/vc_tta_section][vc_tta_section title=&#8221;M\u00f4 H\u00ecnh \u0110\u00e0o T\u1ea1o&#8221; tab_id=&#8221;mo-hinh-dao-tao&#8221;][vc_column_text]Giao di\u1ec7n n\u00e0y cho ph\u00e9p ng\u01b0\u1eddi d\u00f9ng thi\u1ebft l\u1eadp c\u00e1c tham s\u1ed1 \u0111\u00e0o t\u1ea1o tr\u01b0\u1edbc khi \u0111\u00e0o t\u1ea1o m\u00f4 h\u00ecnh, ch\u1eb3ng h\u1ea1n nh\u01b0 chia t\u1ef7 l\u1ec7 \u0110\u00e0o t\u1ea1o\/Ki\u1ec3m tra, ng\u01b0\u1ee1ng ph\u00e1t hi\u1ec7n, th\u00eam c\u00e1c ph\u1ea7n b\u1ed5 sung \u0111\u1ec3 t\u1ea1o th\u00eam k\u1ecbch b\u1ea3n cho \u0111\u00e0o t\u1ea1o ho\u1eb7c ch\u1ecdn xem b\u1ea1n mu\u1ed1n m\u00f4 h\u00ecnh nh\u1ecf hay l\u1edbn (c\u00e1c m\u00f4 h\u00ecnh nh\u1ecf th\u01b0\u1eddng d\u00e0nh cho th\u1eed nghi\u1ec7m v\u00e0 c\u00e1c m\u00f4 h\u00ecnh l\u1edbn \u0111\u1ec3 s\u1ea3n xu\u1ea5t).[\/vc_column_text][vc_single_image image=&#8221;10402&#8243; img_size=&#8221;full&#8221;][vc_column_text]\u0110\u01b0\u1eddng cong t\u1ed5n th\u1ea5t th\u1eddi gian th\u1ef1c v\u00e0 s\u1ed1 li\u1ec7u m\u00f4 h\u00ecnh cung c\u1ea5p cho ng\u01b0\u1eddi d\u00f9ng \u1ea3nh ch\u1ee5p nhanh v\u1ec1 qu\u00e1 tr\u00ecnh \u0111\u00e0o t\u1ea1o v\u00e0 n\u1ebfu c\u1ea7n \u0111\u00e0o t\u1ea1o th\u00eam.[\/vc_column_text][vc_single_image image=&#8221;10403&#8243; img_size=&#8221;full&#8221;][\/vc_tta_section][vc_tta_section title=&#8221;\u0110\u00e1nh Gi\u00e1 &amp; So S\u00e1nh&#8221; tab_id=&#8221;danh-gia-so-sanh&#8221;][vc_column_text]C\u00e1c s\u1ed1 li\u1ec7u \u0111\u00e1nh gi\u00e1 cung c\u1ea5p cho ng\u01b0\u1eddi d\u00f9ng k\u1ebft qu\u1ea3 c\u1ee7a m\u00f4 h\u00ecnh \u0111\u01b0\u1ee3c \u0111\u00e0o t\u1ea1o. B\u1ea1n c\u0169ng c\u00f3 th\u1ec3 so s\u00e1nh k\u1ebft qu\u1ea3 c\u1ee7a c\u00e1c m\u00f4 h\u00ecnh \u0111\u00e3 \u0111\u01b0\u1ee3c \u0111\u00e0o t\u1ea1o tr\u01b0\u1edbc \u0111\u00f3 \u0111\u1ec3 ch\u1ecdn ra m\u00f4 h\u00ecnh t\u1ed1t nh\u1ea5t tr\u01b0\u1edbc khi tri\u1ec3n khai.[\/vc_column_text][vc_single_image image=&#8221;10404&#8243; img_size=&#8221;full&#8221;][\/vc_tta_section][vc_tta_section title=&#8221;Tri\u1ec3n khai&#8221; tab_id=&#8221;trien-khai&#8221;][vc_column_text]Ch\u00fang t\u00f4i cung c\u1ea5p m\u1ed9t c\u00e1ch \u0111\u01a1n gi\u1ea3n \u0111\u1ec3 tri\u1ec3n khai m\u00f4 h\u00ecnh c\u1ee7a b\u1ea1n l\u00ean FORXAI VI Runtime b\u1eb1ng c\u00e1ch d\u1ec5 d\u00e0ng nh\u1eadp \u0111\u1ecba ch\u1ec9 IP c\u1ee7a tr\u1ea1m \u0111\u00edch.<br \/>\nSau khi tri\u1ec3n khai, b\u1ea1n \u0111\u00e3 ph\u1ee5c v\u1ee5 th\u00e0nh c\u00f4ng m\u1ed9t m\u00f4 h\u00ecnh.[\/vc_column_text][vc_single_image image=&#8221;10405&#8243; img_size=&#8221;full&#8221;][\/vc_tta_section][\/vc_tta_tabs][\/vc_column][\/vc_row][vc_row el_class=&#8221;wrap_whatnext&#8221;][vc_column][vc_empty_space height=&#8221;50px&#8221;][vc_column_text]<span style=\"font-size: 18px;\"><strong>\u0110i\u1ec1u G\u00ec Ti\u1ebfp Theo?<\/strong><\/span><\/p>\n<p><strong>S\u1eed d\u1ee5ng m\u00f4 h\u00ecnh c\u1ee7a b\u1ea1n<\/strong><\/p>\n<p>S\u1eed d\u1ee5ng m\u00f4 h\u00ecnh m\u1edbi t\u1ea1o c\u1ee7a b\u1ea1n th\u00f4ng qua API v\u00e0 t\u00edch h\u1ee3p n\u00f3 v\u00e0o quy tr\u00ecnh c\u1ee7a b\u1ea1n. \u0110i\u1ec1u n\u00e0y c\u00f3 th\u1ec3 li\u00ean quan \u0111\u1ebfn vi\u1ec7c t\u00edch h\u1ee3p v\u1edbi m\u00e1y \u1ea3nh, b\u1ed9 \u0111i\u1ec1u khi\u1ec3n, h\u1ec7 th\u1ed1ng m\u1edbi ho\u1eb7c hi\u1ec7n c\u00f3, v.v. t\u00f9y thu\u1ed9c v\u00e0o m\u00f4i tr\u01b0\u1eddng c\u1ee7a b\u1ea1n v\u00e0 m\u1ee9c \u0111\u1ed9 t\u1ef1 \u0111\u1ed9ng h\u00f3a c\u00e1c quy tr\u00ecnh c\u1ee7a b\u1ea1n.[\/vc_column_text][vc_single_image image=&#8221;10406&#8243; img_size=&#8221;full&#8221;][vc_empty_space height=&#8221;16px&#8221;][vc_column_text]N\u1ebfu \u0111i\u1ec1u n\u00e0y qu\u00e1 ph\u1ee9c t\u1ea1p, h\u00e3y li\u00ean h\u1ec7 v\u1edbi ch\u00fang t\u00f4i \u0111\u1ec3 bi\u1ebft th\u00eam th\u00f4ng tin. Ch\u00fang t\u00f4i c\u00f3 th\u1ec3 cung c\u1ea5p d\u1ecbch v\u1ee5 tri\u1ec3n khai to\u00e0n di\u1ec7n bao g\u1ed3m t\u00edch h\u1ee3p v\u1edbi nhi\u1ec1u thi\u1ebft b\u1ecb ho\u1eb7c h\u1ec7 th\u1ed1ng kh\u00e1c nhau.[\/vc_column_text][\/vc_column][\/vc_row][vc_row el_class=&#8221;wrap_benefit&#8221;][vc_column][vc_empty_space height=&#8221;50px&#8221;][vc_column_text]<span style=\"font-size: 22px;\"><strong>Nh\u1eefng L\u1ee3i \u00cdch Ch\u00ednh<\/strong><\/span><\/p>\n<p>\u2022 B\u1ea1n kh\u00f4ng c\u1ea7n ph\u1ea3i l\u00e0 chuy\u00ean gia AI \u0111\u1ec3 x\u00e2y d\u1ef1ng m\u00f4 h\u00ecnh AI<\/p>\n<p>\u2022 Gi\u1ea3m th\u1eddi gian tri\u1ec3n khai<\/p>\n<p>\u2022 Gi\u1ea3m s\u1ef1 ph\u1ee5 thu\u1ed9c v\u00e0o nh\u00e2n l\u1ef1c<\/p>\n<p>\u2022 T\u0103ng ch\u1ea5t l\u01b0\u1ee3ng s\u1ea3n ph\u1ea9m v\u00e0 gi\u1ea3m hao ph\u00ed<\/p>\n<p>\u2022 N\u00e2ng cao tr\u00ecnh \u0111\u1ed9 c\u1ee7a ng\u01b0\u1eddi lao \u0111\u1ed9ng t\u1eeb ng\u01b0\u1eddi ki\u1ec3m tra th\u1ee7 c\u00f4ng \u0111\u1ebfn ng\u01b0\u1eddi lao \u0111\u1ed9ng d\u1ef1a tr\u00ean d\u1eef li\u1ec7u[\/vc_column_text][vc_empty_space height=&#8221;50px&#8221;][vc_column_text]<span style=\"font-size: 22px;\"><strong>K\u1ecbch B\u1ea3n \u00c1p D\u1ee5ng<\/strong><\/span><\/p>\n<p>B\u00ean c\u1ea1nh vi\u1ec7c s\u1eed d\u1ee5ng n\u00f3 \u0111\u1ec3 Ki\u1ec3m tra tr\u1ef1c quan, b\u1ea1n c\u00f3 th\u1ec3 m\u1edf r\u1ed9ng Ki\u1ec3m tra tr\u1ef1c quan FORXAI th\u00e0nh \u0111\u00f4i m\u1eaft trong ph\u00e2n x\u01b0\u1edfng c\u1ee7a m\u00ecnh v\u00e0 li\u00ean k\u1ebft n\u00f3 v\u1edbi Robot di \u0111\u1ed9ng t\u1ef1 \u0111\u1ed9ng \u0111\u1ec3 c\u00f3 m\u1ed9t gi\u1ea3i ph\u00e1p t\u00edch h\u1ee3p t\u1ed5ng th\u1ec3.[\/vc_column_text][vc_empty_space height=&#8221;16px&#8221;][vc_single_image image=&#8221;10407&#8243; img_size=&#8221;full&#8221;][vc_empty_space height=&#8221;16px&#8221;][vc_btn title=&#8221;L\u00caN L\u1ecaCH DEMO&#8221; style=&#8221;flat&#8221; shape=&#8221;square&#8221; color=&#8221;info&#8221; link=&#8221;url:https%3A%2F%2Fwww.konicaminolta.vn%2Fbusiness%2Fcontact-us%2F&#8221;][vc_empty_space height=&#8221;50px&#8221;][\/vc_column][\/vc_row]<\/p>\n<\/div>","protected":false},"excerpt":{"rendered":"<p>[vc_row full_width=&#8221;stretch_row_content_no_spaces&#8221; el_class=&#8221;forxai_banner&#8221;][vc_column][vc_single_image image=&#8221;10394&#8243; img_size=&#8221;full&#8221; alignment=&#8221;center&#8221;][\/vc_column][\/vc_row][vc_row][vc_column][vc_empty_space][vc_column_text el_class=&#8221;forxai_about_heading&#8221;] V\u1ec1 FORXAI [\/vc_column_text][vc_empty_space][\/vc_column][\/vc_row][vc_row el_class=&#8221;wrap_about&#8221;][vc_column width=&#8221;1\/2&#8243;][vc_column_text]FORXAI l\u00e0 m\u1ed9t n\u1ec1n t\u1ea3ng k\u1ebft n\u1ed1i IoT v\u00e0 x\u1eed l\u00fd h\u00ecnh \u1ea3nh gi\u00fap \u0111\u1ea9y nhanh qu\u00e1 tr\u00ecnh chuy\u1ec3n \u0111\u1ed5i s\u1ed1 c\u1ee7a x\u00e3 h\u1ed9i c\u00f9ng v\u1edbi kh\u00e1ch h\u00e0ng v\u00e0 \u0111\u1ed1i t\u00e1c. Bao g\u1ed3m 2 \u00fd t\u01b0\u1edfng: \u201cForesight: T\u1ea7m nh\u00ecn xa\u201d v\u00e0 \u201cAI for Society:<\/p>\n","protected":false},"author":1,"featured_media":0,"parent":5081,"menu_order":0,"comment_status":"closed","ping_status":"closed","template":"","meta":{"footnotes":""},"class_list":["post-10440","page","type-page","status-publish","hentry"],"_links":{"self":[{"href":"https:\/\/www.konicaminolta.vn\/business\/wp-json\/wp\/v2\/pages\/10440","targetHints":{"allow":["GET"]}}],"collection":[{"href":"https:\/\/www.konicaminolta.vn\/business\/wp-json\/wp\/v2\/pages"}],"about":[{"href":"https:\/\/www.konicaminolta.vn\/business\/wp-json\/wp\/v2\/types\/page"}],"author":[{"embeddable":true,"href":"https:\/\/www.konicaminolta.vn\/business\/wp-json\/wp\/v2\/users\/1"}],"replies":[{"embeddable":true,"href":"https:\/\/www.konicaminolta.vn\/business\/wp-json\/wp\/v2\/comments?post=10440"}],"version-history":[{"count":1,"href":"https:\/\/www.konicaminolta.vn\/business\/wp-json\/wp\/v2\/pages\/10440\/revisions"}],"predecessor-version":[{"id":10441,"href":"https:\/\/www.konicaminolta.vn\/business\/wp-json\/wp\/v2\/pages\/10440\/revisions\/10441"}],"up":[{"embeddable":true,"href":"https:\/\/www.konicaminolta.vn\/business\/wp-json\/wp\/v2\/pages\/5081"}],"wp:attachment":[{"href":"https:\/\/www.konicaminolta.vn\/business\/wp-json\/wp\/v2\/media?parent=10440"}],"curies":[{"name":"wp","href":"https:\/\/api.w.org\/{rel}","templated":true}]}}