{"id":10455,"date":"2023-09-12T13:37:38","date_gmt":"2023-09-12T06:37:38","guid":{"rendered":"https:\/\/www.konicaminolta.vn\/business\/?page_id=10455"},"modified":"2023-09-14T09:47:36","modified_gmt":"2023-09-14T02:47:36","slug":"chinh-sach-bao-mat-du-lieu-ca-nhan","status":"publish","type":"page","link":"https:\/\/www.konicaminolta.vn\/business\/chinh-sach-bao-mat-du-lieu-ca-nhan\/","title":{"rendered":"Ch\u00ednh S\u00e1ch B\u1ea3o M\u1eadt D\u1eef Li\u1ec7u C\u00e1 Nh\u00e2n"},"content":{"rendered":"<h4 style=\"text-align: justify;\"><span style=\"color: #0062c2;\"><strong>TH\u00d4NG B\u00c1O V\u1ec0 CH\u00cdNH S\u00c1CH B\u1ea2O M\u1eacT\u00a0\u00a0<\/strong><strong>V\u00c0 X\u1eec L\u00dd D\u1eee LI\u1ec6U C\u00c1 NH\u00c2N.<\/strong><\/span><\/h4>\n<p style=\"text-align: justify;\">C\u00f4ng ty TNHH Konica Minolta Business Solutions Vi\u1ec7t Nam xin tr\u00e2n tr\u1ecdng th\u00f4ng b\u00e1o \u0111\u1ebfn Qu\u00fd Kh\u00e1ch h\u00e0ng v\u00e0 \u0110\u1ed1i t\u00e1c v\u00e0 c\u1ea7n s\u1ef1 \u0111\u1ed3ng \u00fd v\u00e0 cho ph\u00e9p c\u1ee7a Qu\u00fd Kh\u00e1ch h\u00e0ng v\u00e0 \u0110\u1ed1i t\u00e1c \u0111\u1ec3 thu th\u1eadp, x\u1eed l\u00fd v\u00e0 l\u01b0u tr\u1eef d\u1eef li\u1ec7u c\u00e1 nh\u00e2n c\u1ee7a b\u1ea1n nh\u1eb1m m\u1ee5c \u0111\u00edch qu\u1ea3ng b\u00e1 th\u00f4ng tin c\u00e1c s\u1ea3n ph\u1ea9m, s\u1ef1 ki\u1ec7n, ch\u01b0\u01a1ng tr\u00ecnh khuy\u1ebfn m\u00e3i c\u0169ng nh\u01b0 cung c\u1ea5p c\u00e1c s\u1ea3n ph\u1ea9m v\u00e0 d\u1ecbch v\u1ee5 cho b\u1ea1n trong su\u1ed1t qu\u00e1 tr\u00ecnh thi\u1ebft l\u1eadp m\u1ed1i quan h\u1ec7 gi\u1eefa Konica Minolta Vi\u1ec7t Nam v\u00e0 Qu\u00fd Kh\u00e1ch h\u00e0ng v\u00e0 \u0110\u1ed1i t\u00e1c , v\u00e0 ph\u1ee5 thu\u1ed9c v\u00e0o t\u1eebng lo\u1ea1i h\u00ecnh d\u1ecbch v\u1ee5 m\u00e0 ch\u00fang t\u00f4i cung c\u1ea5p. Konica Minolta Vi\u1ec7t Nam cam k\u1ebft tu\u00e2n th\u1ee7 v\u00e0 gi\u1eef th\u00f4ng tin c\u1ee7a b\u1ea1n ri\u00eang t\u01b0 v\u00e0 an to\u00e0n theo \u0111\u00fang c\u00e1c quy \u0111\u1ecbnh c\u1ee7a ph\u00e1p lu\u1eadt Vi\u1ec7t Nam. B\u1eb1ng c\u00e1ch l\u1ef1a ch\u1ecdn x\u00e1c nh\u1eadn v\u00e0 \u0111\u1ed3ng \u00fd v\u1edbi Quy \u0111\u1ecbnh B\u1ea3o m\u1eadt khi cung c\u1ea5p th\u00f4ng tin c\u00e1 nh\u00e2n ho\u1eb7c b\u1eb1ng b\u1ea5t k\u1ef3 h\u00ecnh th\u1ee9c n\u00e0o kh\u00e1c ph\u00f9 h\u1ee3p v\u1edbi quy \u0111\u1ecbnh c\u1ee7a ph\u00e1p lu\u1eadt, b\u1ea1n cho ph\u00e9p ch\u00fang t\u00f4i thu th\u1eadp, s\u1eed d\u1ee5ng, v\u00e0\/ho\u1eb7c x\u1eed l\u00fd d\u1eef li\u1ec7u c\u00e1 nh\u00e2n c\u1ee7a b\u1ea1n nh\u01b0 quy \u0111\u1ecbnh trong Ch\u00ednh s\u00e1ch n\u00e0y. Vi\u1ec7c cho ph\u00e9p n\u00e0y s\u1ebd c\u00f3 hi\u1ec7u l\u1ef1c v\u00e0 b\u1eaft \u0111\u1ea7u t\u1eeb th\u1eddi \u0111i\u1ec3m b\u1ea1n \u0111\u1ed3ng \u00fd cho \u0111\u1ebfn khi b\u1ea1n quy\u1ebft \u0111\u1ecbnh r\u00fat l\u1ea1i s\u1ef1 \u0111\u1ed3ng \u00fd ho\u1eb7c t\u1ef1 \u0111\u1ed9ng k\u1ebft th\u00fac trong c\u00e1c tr\u01b0\u1eddng h\u1ee3p theo quy \u0111\u1ecbnh c\u1ee7a ph\u00e1p lu\u1eadt.\u00a0N\u1ebfu b\u1ea1n kh\u00f4ng \u0111\u1ed3ng \u00fd cho ph\u00e9p x\u1eed l\u00fd d\u1eef li\u1ec7u c\u1ee7a b\u1ea1n theo quy \u0111\u1ecbnh n\u00e0y, vui l\u00f2ng kh\u00f4ng s\u1eed d\u1ee5ng c\u00e1c d\u1ecbch v\u1ee5 c\u1ee7a ch\u00fang t\u00f4i ho\u1eb7c truy c\u1eadp trang web c\u1ee7a ch\u00fang t\u00f4i ho\u1eb7c th\u00f4ng b\u00e1o ngay cho ch\u00fang t\u00f4i v\u1ec1 vi\u1ec7c kh\u00f4ng \u0111\u1ed3ng \u00fd c\u1ee7a b\u1ea1n trong tr\u01b0\u01a1ng h\u1ee3p b\u1ea1n \u0111\u00e3 \u0111\u1ed3ng \u00fd tr\u01b0\u1edbc \u0111\u00f3. Vui l\u00f2ng h\u1ed7 tr\u1ee3 cung c\u1ea5p Th\u00f4ng B\u00e1o n\u00e0y cho c\u00e1c C\u00e1 Nh\u00e2n Li\u00ean Quan c\u1ee7a t\u1ed5 ch\u1ee9c\/doanh nghi\u1ec7p c\u1ee7a Qu\u00fd Kh\u00e1ch h\u00e0ng ho\u1eb7c c\u00e1c C\u00e1 Nh\u00e2n Li\u00ean Quan \u0111\u00f3.<\/p>\n<ol style=\"text-align: justify;\">\n<li><span style=\"color: #c0167b;\"><strong>Th\u00f4ng B\u00e1o n\u00e0y \u00e1p d\u1ee5ng \u0111\u1ed1i v\u1edbi d\u1eef li\u1ec7u c\u00e1 nh\u00e2n c\u1ee7a nh\u1eefng ch\u1ee7 th\u1ec3 n\u00e0o.<\/strong><\/span><\/li>\n<\/ol>\n<p style=\"text-align: justify;\">Th\u00f4ng B\u00e1o m\u00f4 t\u1ea3 c\u00e1c th\u1ef1c ti\u1ec5n c\u1ee7a ch\u00fang t\u00f4i khi x\u1eed l\u00fd d\u1eef li\u1ec7u c\u00e1 nh\u00e2n c\u1ee7a b\u1ea5t k\u1ef3 ch\u1ee7 th\u1ec3 d\u1eef li\u1ec7u n\u00e0o trong b\u1ed1i c\u1ea3nh m\u1ed1i quan h\u1ec7 v\u1edbi kh\u00e1ch h\u00e0ng, nh\u00e0 cung c\u1ea5p, \u0111\u1ed1i t\u00e1c, \u0111\u1ea1i l\u00fd, ng\u00e2n h\u00e0ng, c\u01a1 quan c\u00f3 th\u1ea9m quy\u1ec1n, c\u00e1c c\u01a1 quan thu\u1ed9c ch\u00ednh ph\u1ee7, b\u1ea5t k\u1ef3 b\u00ean th\u1ee9 ba n\u00e0o c\u00f3 li\u00ean quan \u0111\u1ebfn ho\u1ea1t \u0111\u1ed9ng kinh doanh c\u1ee7a ch\u00fang t\u00f4i ho\u1eb7c c\u00f3 li\u00ean quan \u0111\u1ebfn b\u1ea5t k\u1ef3 s\u1ea3n ph\u1ea9m\/d\u1ecbch v\u1ee5, \u0111\u1ed1i t\u00e1c chung, \u0111\u1ed3ng t\u00e0i tr\u1ee3 ho\u1eb7c b\u1ea5t k\u1ef3 m\u1ed9t b\u00ean th\u1ee9 ba m\u00e0 Konica Minolta Vi\u1ec7t Nam nh\u1eadn ho\u1eb7c qu\u1ea3ng b\u00e1 th\u00f4ng tin ho\u1eb7c cung c\u1ea5p b\u1ea5t k\u1ef3 s\u1ea3n ph\u1ea9m ho\u1eb7c d\u1ecbch v\u1ee5 n\u00e0o v\u00e0\/ho\u1eb7c nh\u1eefng ng\u01b0\u1eddi m\u00e0 Konica Minolta Vi\u1ec7t Nam tham gia v\u00e0o, \u0111\u00e0m ph\u00e1n ho\u1eb7c th\u1ea3o lu\u1eadn v\u1ec1 b\u1ea5t k\u1ef3 giao d\u1ecbch ho\u1eb7c d\u1ecbch v\u1ee5 n\u00e0o v\u00e0 nh\u00e2n s\u1ef1 ho\u1eb7c ng\u01b0\u1eddi \u1ee7y quy\u1ec1n c\u1ee7a h\u1ecd (g\u1ecdi chung l\u00e0 \u201c(C\u00e1c) B\u00ean Cung C\u1ea5p D\u1eef Li\u1ec7u C\u00e1 Nh\u00e2n\u201d).<\/p>\n<ol style=\"text-align: justify;\" start=\"2\">\n<li><span style=\"color: #c0167b;\"><strong>C\u00e1c lo\u1ea1i d\u1eef li\u1ec7u c\u00e1 nh\u00e2n \u0111\u01b0\u1ee3c thu th\u1eadp.<em>\u00a0<\/em><\/strong><\/span><\/li>\n<\/ol>\n<p style=\"text-align: justify;\">T\u00f9y theo m\u1ee5c \u0111\u00edch x\u1eed l\u00fd d\u1eef li\u1ec7u c\u00e1 nh\u00e2n trong ph\u1ea1m vi ph\u00f9 h\u1ee3p v\u1edbi m\u1ee5c \u0111\u00edch cung c\u1ea5p s\u1ea3n ph\u1ea9m ho\u1eb7c d\u1ecbch v\u1ee5 cho Qu\u00fd Kh\u00e1ch h\u00e0ng v\u00e0 \u0110\u1ed1i t\u00e1c v\u00e0 ph\u1ee5 thu\u1ed9c v\u00e0o s\u1ef1 cung c\u1ea5p theo to\u00e0n quy\u1ec1n quy\u1ebft \u0111\u1ecbnh c\u1ee7a Qu\u00fd Kh\u00e1ch h\u00e0ng v\u00e0 \u0110\u1ed1i t\u00e1c, d\u1eef li\u1ec7u c\u00e1 nh\u00e2n c\u1ee7a qu\u00fd kh\u00e1ch m\u00e0 ch\u00fang t\u00f4i x\u1eed l\u00fd t\u00f9y t\u1eebng tr\u01b0\u1eddng h\u1ee3p c\u00f3 th\u1ec3 bao g\u1ed3m nh\u01b0ng kh\u00f4ng gi\u1edbi h\u1ea1n c\u00e1c th\u00f4ng tin sau:<\/p>\n<p>H\u1ecd, t\u00ean \u0111\u1ec7m v\u00e0 t\u00ean khai sinh<\/p>\n<p>\u0110\u1ecba ch\u1ec9 hi\u1ec7n t\u1ea1i<\/p>\n<p>S\u1ed1 \u0111i\u1ec7n tho\u1ea1i\/ S\u1ed1 \u0111i\u1ec7n tho\u1ea1i di \u0111\u1ed9ng<\/p>\n<p>\u0110\u1ecba ch\u1ec9 email<\/p>\n<p>T\u00ean c\u00f4ng ty<\/p>\n<p>\u0110\u1ecba ch\u1ec9 c\u00f4ng ty<\/p>\n<ol style=\"text-align: justify;\" start=\"3\">\n<li><span style=\"color: #c0167b;\"><strong>M\u1ee5c \u0111\u00edch thu th\u1eadp v\u00e0 x\u1eed d\u1ee5ng d\u1eef li\u1ec7u c\u00e1 nh\u00e2n<\/strong>.\u00a0<\/span><\/li>\n<\/ol>\n<p style=\"text-align: justify;\">Ch\u00fang t\u00f4i s\u1ebd ch\u1ec9 thu th\u1eadp v\u00e0 x\u1eed l\u00fd d\u1eef li\u1ec7u c\u00e1 nh\u00e2n khi ch\u00fang t\u00f4i c\u00f3 s\u1ef1 ch\u1ea5p thu\u1eadn v\u00e0 \u0111\u01b0\u1ee3c \u0111\u1ed3ng \u00fd m\u1ed9t c\u00e1ch t\u1ef1 nguy\u1ec7n b\u1edfi b\u1ea1n \u0111\u1ec3 t\u1eeb \u0111\u00f3 ch\u00fang t\u00f4i c\u00f3 th\u1ec3 cung c\u1ea5p th\u00f4ng tin v\u00e0\/ ho\u1eb7c d\u1ecbch v\u1ee5 cho b\u1ea1n. Konica Minolta Vi\u1ec7t Nam s\u1eed d\u1ee5ng v\u00e0 x\u1eed l\u00fd d\u1eef li\u1ec7u c\u00e1 nh\u00e2n m\u00e0 ch\u00fang t\u00f4i thu th\u1eadp trong ph\u1ea1m vi c\u1ea7n thi\u1ebft v\u00e0 h\u1ee3p ph\u00e1p v\u00e0 cho c\u00e1c m\u1ee5c \u0111\u00edch sau:<\/p>\n<p>\u0110\u1ec3 th\u00f4ng b\u00e1o cho b\u1ea1n v\u1ec1 nh\u1eefng s\u1ea3n ph\u1ea9m v\u00e0 d\u1ecbch v\u1ee5 do Konica Minolta Vi\u1ec7t Nam cung c\u1ea5p.<\/p>\n<p>\u0110\u1ec3 g\u1eedi cho b\u1ea1n t\u00e0i li\u1ec7u qu\u1ea3ng c\u00e1o \/ khuy\u1ebfn m\u1ea1i, th\u00f4ng tin s\u1ea3n ph\u1ea9m c\u1ee7a ch\u00fang t\u00f4i.<\/p>\n<p>\u0110\u1ec3 cung c\u1ea5p cho b\u1ea1n th\u00f4ng tin m\u00e0 ch\u00fang t\u00f4i cho r\u1eb1ng b\u1ea1n c\u00f3 th\u1ec3 th\u1ea5y h\u1eefu \u00edch ho\u1eb7c b\u1ea1n \u0111\u00e3 y\u00eau c\u1ea7u t\u1eeb ch\u00fang t\u00f4i, bao g\u1ed3m th\u00f4ng tin v\u1ec1 c\u00e1c s\u1ea3n ph\u1ea9m v\u00e0 d\u1ecbch v\u1ee5 c\u1ee7a ch\u00fang t\u00f4i ho\u1eb7c c\u1ee7a chi nh\u00e1nh c\u1ee7a ch\u00fang t\u00f4i, mi\u1ec5n l\u00e0 b\u1ea1n kh\u00f4ng th\u1ec3 hi\u1ec7n s\u1ef1 ph\u1ea3n \u0111\u1ed1i khi \u0111\u01b0\u1ee3c li\u00ean l\u1ea1c cho c\u00e1c m\u1ee5c \u0111\u00edch \u0111\u00f3.<\/p>\n<p>Tu\u00e2n th\u1ee7 m\u1ec7nh l\u1ec7nh c\u1ee7a t\u00f2a \u00e1n ho\u1eb7c quy tr\u00ecnh ph\u00e1p l\u00fd kh\u00e1c ho\u1eb7c c\u00e1c y\u00eau c\u1ea7u ph\u00e1p l\u00fd v\u00e0 \/ ho\u1eb7c quy \u0111\u1ecbnh kh\u00e1c c\u1ee7a b\u1ea5t k\u1ef3 c\u01a1 quan ch\u00ednh ph\u1ee7 v\u00e0 \/ ho\u1eb7c c\u01a1 quan qu\u1ea3n l\u00fd n\u00e0o.<\/p>\n<p>B\u1ea5t k\u1ef3 m\u1ee5c \u0111\u00edch n\u00e0o \u0111\u01b0\u1ee3c m\u00f4 t\u1ea3 cho b\u1ea1n t\u1ea1i th\u1eddi \u0111i\u1ec3m thu th\u1eadp d\u1eef li\u1ec7u c\u00e1 nh\u00e2n c\u1ee7a b\u1ea1n.<\/p>\n<ol style=\"text-align: justify;\" start=\"4\">\n<li><span style=\"color: #c0167b;\"><strong>C\u00e1ch th\u1ee9c x\u1eed l\u00fd d\u1eef li\u1ec7u c\u00e1 nh\u00e2n.\u00a0<\/strong><\/span><\/li>\n<\/ol>\n<p>Ch\u00fang t\u00f4i, t\u1ea1i m\u1ecdi th\u1eddi \u0111i\u1ec3m, c\u00f3 to\u00e0n quy\u1ec1n quy\u1ebft \u0111\u1ecbnh v\u1ec1 ph\u01b0\u01a1ng ti\u1ec7n, c\u00e1ch th\u1ee9c x\u1eed l\u00fd th\u00f4ng tin, d\u1eef li\u1ec7u c\u00e1 nh\u00e2n cho ph\u00f9 h\u1ee3p v\u1edbi M\u1ee5c \u0111\u00edch, bao g\u1ed3m nh\u01b0ng kh\u00f4ng gi\u1edbi h\u1ea1n c\u00e1c ph\u01b0\u01a1ng th\u1ee9c v\u1eadt l\u00fd, b\u1eb1ng v\u0103n b\u1ea3n, l\u1eddi n\u00f3i, ph\u01b0\u01a1ng th\u1ee9c \u0111i\u1ec7n t\u1eed.<\/p>\n<p>Ch\u00fang t\u00f4i c\u0169ng c\u00f3 th\u1ec3 d\u00f9ng th\u00f4ng tin li\u00ean l\u1ea1c c\u1ee7a b\u1ea1n \u0111\u1ec3 g\u1eedi cho b\u1ea1n email ho\u1eb7c c\u00e1c th\u00f4ng b\u00e1o kh\u00e1c v\u1ec1 nh\u1eefng s\u1ea3n ph\u1ea9m, d\u1ecbch v\u1ee5, qu\u1ea3ng c\u00e1o v\u00e0 ch\u01b0\u01a1ng tr\u00ecnh khuy\u1ebfn m\u00e3i c\u1ee7a ch\u00fang t\u00f4i. N\u1ed9i dung v\u00e0 t\u1ea7n su\u1ea5t c\u1ee7a nh\u1eefng th\u00f4ng b\u00e1o n\u00e0y s\u1ebd thay \u0111\u1ed5i tu\u1ef3 thu\u1ed9c v\u00e0o th\u00f4ng tin m\u00e0 ch\u00fang t\u00f4i c\u00f3 v\u1ec1 b\u1ea1n. B\u1ea1n c\u00f3 quy\u1ec1n l\u1ef1a ch\u1ecdn nh\u1eadn nh\u1eefng th\u00f4ng tin th\u00f4ng b\u00e1o v\u1ec1 c\u00e1c s\u1ea3n ph\u1ea9m, d\u1ecbch v\u1ee5 v\u00e0 c\u00e1c ch\u01b0\u01a1ng tr\u00ecnh khuy\u1ebfn m\u00e3i bao g\u1ed3m nh\u01b0ng kh\u00f4ng h\u1ea1n ch\u1ebf c\u00e1c b\u1ea3n tin mi\u1ec5n ph\u00ed t\u1eeb Konica Minolta Vi\u1ec7t Nam li\u00ean quan \u0111\u1ebfn nh\u1eefng ch\u1ee7 \u0111\u1ec1 m\u00e0 b\u1ea1n c\u00f3 th\u1ec3 \u0111\u1eb7c bi\u1ec7t quan t\u00e2m.<\/p>\n<p>B\u1eb1ng vi\u1ec7c cung c\u1ea5p th\u00f4ng tin c\u1ee7a m\u00ecnh, b\u1ea1n \u0111\u1ed3ng \u00fd \u0111\u1ec3 Konica Minolta Vi\u1ec7t Nam c\u00f3 th\u1ec3 s\u1eed d\u1ee5ng th\u00f4ng tin c\u1ee7a b\u1ea1n ph\u00f9 h\u1ee3p v\u1edbi C\u00e1c m\u1ee5c \u0111\u00edch n\u00eau tr\u00ean v\u00e0 quy \u0111\u1ecbnh c\u1ee7a ph\u00e1p lu\u1eadt.<\/p>\n<ol style=\"text-align: justify;\" start=\"5\">\n<li><span style=\"color: #c0167b;\"><strong>C\u00e1ch ch\u00fang t\u00f4i b\u1ea3o v\u1ec7 d\u1eef li\u1ec7u c\u00e1 nh\u00e2n.\u00a0<\/strong><\/span><\/li>\n<\/ol>\n<p>Ch\u00fang t\u00f4i cam k\u1ebft x\u1eed l\u00fd d\u1eef li\u1ec7u c\u00e1 nh\u00e2n c\u1ee7a b\u1ea1n an to\u00e0n v\u00e0 b\u1ea3o m\u1eadt. Ch\u00fang t\u00f4i s\u1eed d\u1ee5ng c\u00e1c bi\u1ec7n ph\u00e1p \u0111\u1ec3 \u0111\u1ea3m b\u1ea3o r\u1eb1ng th\u00f4ng tin c\u1ee7a b\u1ea1n \u0111\u01b0\u1ee3c b\u1ea3o v\u1ec7. Ch\u00fang t\u00f4i y\u00eau c\u1ea7u nh\u00e2n vi\u00ean c\u1ee7a ch\u00fang t\u00f4i v\u00e0 b\u1ea5t k\u00ec b\u00ean th\u1ee9 ba n\u00e0o th\u1ef1c hi\u1ec7n b\u1ea5t k\u00ec c\u00f4ng vi\u1ec7c n\u00e0o thay m\u1eb7t ch\u00fang t\u00f4i ph\u1ea3i tu\u00e2n th\u1ee7 c\u00e1c ti\u00eau chu\u1ea9n v\u1ec1 ngh\u0129a v\u1ee5 b\u1ea3o v\u1ec7 b\u1ea5t k\u00ec th\u00f4ng tin n\u00e0o v\u00e0 \u00e1p d\u1ee5ng c\u00e1c bi\u1ec7n ph\u00e1p th\u00edch h\u1ee3p cho vi\u1ec7c s\u1eed d\u1ee5ng v\u00e0 chuy\u1ec3n giao th\u00f4ng tin.<\/p>\n<p>Ch\u00fang t\u00f4i s\u1ebd l\u01b0u tr\u1eef d\u1eef li\u1ec7u c\u00e1 nh\u00e2n c\u1ee7a b\u1ea1n ph\u00f9 h\u1ee3p v\u1edbi quy \u0111\u1ecbnh c\u1ee7a ph\u00e1p lu\u1eadt. Theo \u0111\u00f3 ch\u00fang t\u00f4i s\u1ebd x\u00f3a, h\u1ee7y th\u00f4ng tin c\u00e1 nh\u00e2n c\u1ee7a b\u1ea1n ngay khi c\u00f3 s\u1ef1 x\u00e1c nh\u1eadn h\u1ee3p l\u00ed r\u1eb1ng: (i) m\u1ee5c \u0111\u00edch thu th\u1eadp kh\u00f4ng c\u00f2n ph\u00f9 h\u1ee3p cho vi\u1ec7c gi\u1eef l\u1ea1i c\u00e1c d\u1eef li\u1ec7u \u0111\u00f3; (ii) vi\u1ec7c gi\u1eef l\u1ea1i kh\u00f4ng c\u00f2n c\u1ea7n thi\u1ebft cho b\u1ea5t k\u1ef3 m\u1ee5c \u0111\u00edch ph\u00e1p l\u00fd ho\u1eb7c kinh doanh n\u00e0o; v\u00e0 (iii) Kh\u00e1ch h\u00e0ng c\u00f3 y\u00eau c\u1ea7u hu\u1ef7, x\u00f3a d\u1eef li\u1ec7u. Theo quy \u0111\u1ecbnh ph\u00e1p lu\u1eadt hi\u1ec7n h\u00e0nh, Ch\u00fang t\u00f4i c\u00f3 th\u1ec3 h\u1ee7y b\u1ecf th\u00f4ng tin, d\u1eef li\u1ec7u c\u00e1 nh\u00e2n c\u1ee7a Kh\u00e1ch h\u00e0ng m\u1ed9t c\u00e1ch an to\u00e0n m\u00e0 kh\u00f4ng c\u1ea7n b\u00e1o tr\u01b0\u1edbc cho Kh\u00e1ch h\u00e0ng.<\/p>\n<p>V\u00ec l\u1ee3i \u00edch c\u1ee7a ch\u00ednh b\u1ea1n, ch\u00fang t\u00f4i khuy\u1ebfn c\u00e1o b\u1ea1n kh\u00f4ng ti\u1ebft l\u1ed9 c\u00e1c th\u00f4ng tin nh\u1ea1y c\u1ea3m cho b\u1ea5t k\u1ef3 b\u00ean th\u1ee9 ba n\u00e0o kh\u00e1c, k\u1ec3 c\u1ea3 nh\u00e2n vi\u00ean c\u1ee7a ch\u00fang t\u00f4i. Ch\u00fang t\u00f4i c\u00f3 quy\u1ec1n t\u1eeb ch\u1ed1i ch\u1ecbu tr\u00e1ch nhi\u1ec7m n\u1ebfu c\u00f3 b\u1ea5t k\u1ef3 thi\u1ec7t h\u1ea1i n\u00e0o x\u1ea3y ra cho kh\u00e1ch h\u00e0ng khi kh\u00e1ch h\u00e0ng t\u1ef1 \u00fd ti\u1ebft l\u1ed9 c\u00e1 nh\u00e2n. Kh\u00e1ch h\u00e0ng c\u1ea7n l\u01b0u \u00fd r\u1eb1ng Internet kh\u00f4ng ph\u1ea3i l\u00e0 m\u1ed9t m\u00f4i tr\u01b0\u1eddng an to\u00e0n v\u00e0 ch\u00fang t\u00f4i kh\u00f4ng th\u1ec3 \u0111\u1ea3m b\u1ea3o tuy\u1ec7t \u0111\u1ed1i r\u1eb1ng th\u00f4ng tin, d\u1eef li\u1ec7u c\u00e1 nh\u00e2n c\u1ee7a kh\u00e1ch h\u00e0ng \u0111\u01b0\u1ee3c chia s\u1ebb b\u1eb1ng Internet s\u1ebd lu\u00f4n \u0111\u01b0\u1ee3c b\u1ea3o m\u1eadt. Th\u00f4ng tin, d\u1eef li\u1ec7u c\u00e1 nh\u00e2n \u0111\u01b0\u1ee3c truy\u1ec1n t\u1ea3i khi s\u1eed d\u1ee5ng Internet l\u00e0 do kh\u00e1ch h\u00e0ng ch\u1ecbu tr\u00e1ch nhi\u1ec7m v\u00e0 kh\u00e1ch h\u00e0ng ch\u1ec9 n\u00ean s\u1eed d\u1ee5ng c\u00e1c h\u1ec7 th\u1ed1ng an to\u00e0n \u0111\u1ec3 truy c\u1eadp website, \u1ee9ng d\u1ee5ng ho\u1eb7c thi\u1ebft b\u1ecb. Kh\u00e1ch h\u00e0ng c\u00f3 tr\u00e1ch nhi\u1ec7m gi\u1eef th\u00f4ng tin x\u00e1c th\u1ef1c truy c\u1eadp c\u1ee7a m\u00ecnh cho t\u1eebng website, \u1ee9ng d\u1ee5ng ho\u1eb7c thi\u1ebft b\u1ecb an to\u00e0n v\u00e0 b\u00ed m\u1eadt.<\/p>\n<ol style=\"text-align: justify;\" start=\"6\">\n<li><span style=\"color: #c0167b;\"><strong>C\u00e1c quy\u1ec1n c\u1ee7a Kh\u00e1ch h\u00e0ng.\u00a0<\/strong><\/span><\/li>\n<\/ol>\n<p>B\u1ea1n \u0111\u01b0\u1ee3c quy\u1ec1n \u0111\u1ed3ng \u00fd ho\u1eb7c kh\u00f4ng \u0111\u1ed3ng \u00fd cho ph\u00e9p x\u1eed l\u00fd d\u1eef li\u1ec7u c\u00e1 nh\u00e2n c\u1ee7a m\u00ecnh.<\/p>\n<p>B\u1ea1n \u0111\u01b0\u1ee3c ph\u1ea3n \u0111\u1ed1i vi\u1ec7c Ch\u00fang t\u00f4i x\u1eed l\u00fd d\u1eef li\u1ec7u c\u00e1 nh\u00e2n c\u1ee7a m\u00ecnh nh\u1eb1m ng\u0103n ch\u1eb7n ho\u1eb7c h\u1ea1n ch\u1ebf ti\u1ebft l\u1ed9 d\u1eef li\u1ec7u c\u00e1 nh\u00e2n ho\u1eb7c s\u1eed d\u1ee5ng cho m\u1ee5c \u0111\u00edch qu\u1ea3ng c\u00e1o, ti\u1ebfp th\u1ecb, tr\u1eeb tr\u01b0\u1eddng h\u1ee3p lu\u1eadt c\u00f3 quy \u0111\u1ecbnh kh\u00e1c.<\/p>\n<p>B\u1ea1n \u0111\u01b0\u1ee3c y\u00eau c\u1ea7u ch\u00fang t\u00f4i cung c\u1ea5p cho b\u1ea3n th\u00e2n d\u1eef li\u1ec7u c\u00e1 nh\u00e2n c\u1ee7a m\u00ecnh, tr\u1eeb tr\u01b0\u1eddng h\u1ee3p lu\u1eadt c\u00f3 quy \u0111\u1ecbnh kh\u00e1c.<\/p>\n<p>B\u1ea1n \u0111\u01b0\u1ee3c quy\u1ec1n r\u00fat l\u1ea1i s\u1ef1 \u0111\u1ed3ng \u00fd c\u1ee7a m\u00ecnh b\u1ea5t k\u1ef3 l\u00fac n\u00e0o, tr\u1eeb tr\u01b0\u1eddng h\u1ee3p lu\u1eadt c\u00f3 quy \u0111\u1ecbnh kh\u00e1c. Ch\u00fang t\u00f4i s\u1ebd tr\u1ea3 l\u1eddi y\u00eau c\u1ea7u c\u1ee7a b\u1ea1n c\u00e0ng s\u1edbm c\u00e0ng t\u1ed1t \u0111\u1ec3 x\u00e1c nh\u1eadn vi\u1ec7c b\u1ea1n r\u00fat l\u1ea1i s\u1ef1 \u0111\u1ed3ng \u00fd.<\/p>\n<ol style=\"text-align: justify;\" start=\"7\">\n<li><span style=\"color: #c0167b;\"><strong>Th\u1eddi gian l\u01b0u tr\u1eef v\u00e0 x\u1eed l\u00fd d\u1eef li\u1ec7u c\u00e1 nh\u00e2n.\u00a0<\/strong><\/span><\/li>\n<\/ol>\n<p>T\u1ea5t c\u1ea3 c\u00e1c th\u00f4ng tin c\u00e1 nh\u00e2n s\u1ebd \u0111\u01b0\u1ee3c ch\u00fang t\u00f4i l\u01b0u tr\u1eef cho \u0111\u1ebfn khi b\u1ea1n y\u00eau c\u1ea7u x\u00f3a th\u00f4ng tin c\u1ee7a ch\u00ednh m\u00ecnh ho\u1eb7c ch\u00fang t\u00f4i cho r\u1eb1ng vi\u1ec7c l\u01b0u tr\u1eef th\u00f4ng tin \u0111\u00f3 l\u00e0 kh\u00f4ng c\u1ea7n thi\u1ebft.<\/p>\n<p>Th\u1eddi gian b\u1eaft \u0111\u1ea7u v\u00e0 k\u1ebft th\u00fac x\u1eed l\u00fd d\u1eef li\u1ec7u: D\u1eef li\u1ec7u \u0111\u01b0\u1ee3c x\u1eed l\u00fd t\u1eeb th\u1eddi \u0111i\u1ec3m ch\u00fang t\u00f4i ti\u1ebfp nh\u1eadn c\u00e1c th\u00f4ng tin \u0111\u01b0\u1ee3c b\u1ea1n \u0111\u1ed3ng \u00fd chia s\u1ebb cho \u0111\u1ebfn b\u1ea1n y\u00eau c\u1ea7u h\u1ea1n ch\u1ebf, x\u00f3a b\u1ecf ho\u1eb7c r\u00fat l\u1ea1i s\u1ef1 \u0111\u1ed3ng \u00fd v\u1ec1 vi\u1ec7c cho ph\u00e9p x\u1eed l\u00fd d\u1eef li\u1ec7u c\u00e1 nh\u00e2n c\u1ee7a ch\u00ednh m\u00ecnh.<\/p>\n<ol style=\"text-align: justify;\" start=\"8\">\n<li><span style=\"color: #c0167b;\"><strong>Thay \u0111\u1ed5i Quy \u0111\u1ecbnh B\u1ea3o m\u1eadt.\u00a0<\/strong><\/span><\/li>\n<\/ol>\n<p style=\"text-align: justify;\">Th\u00f4ng B\u00e1o n\u00e0y c\u00f3 th\u1ec3 \u0111\u01b0\u1ee3c c\u1eadp nh\u1eadt t\u00f9y t\u1eebng th\u1eddi \u0111i\u1ec3m. Ch\u00fang t\u00f4i c\u00f3 quy\u1ec1n thay \u0111\u1ed5i, c\u1eadp nh\u1eadt Quy \u0111\u1ecbnh B\u1ea3o m\u1eadt n\u00e0y b\u1ea5t k\u1ef3 l\u00fac n\u00e0o mi\u1ec5n l\u00e0 c\u00e1c c\u1eadp nh\u1eadt, thay \u0111\u1ed5i n\u00e0y kh\u00f4ng tr\u00e1i v\u1edbi quy \u0111\u1ecbnh c\u1ee7a ph\u00e1p lu\u1eadt hi\u1ec7n h\u00e0nh. Vi\u1ec7c thay \u0111\u1ed5i, c\u1eadp nh\u1eadt n\u00e0y s\u1ebd \u0111\u01b0\u1ee3c th\u00f4ng b\u00e1o \u0111\u1ebfn t\u1ea5t c\u1ea3 kh\u00e1ch h\u00e0ng v\u00e0 \u0111\u1ed1i t\u00e1c c\u1ee7a ch\u00fang t\u00f4i.<\/p>\n<ol style=\"text-align: justify;\" start=\"9\">\n<li><span style=\"color: #c0167b;\"><strong>Li\u00ean h\u1ec7 v\u1edbi ch\u00fang t\u00f4i.<\/strong><\/span><\/li>\n<\/ol>\n<p style=\"text-align: justify;\">N\u1ebfu b\u1ea1n c\u00f3 b\u1ea5t k\u1ef3 c\u00e2u h\u1ecfi n\u00e0o\u00a0v\u1ec1 Quy \u0111\u1ecbnh B\u1ea3o m\u1eadt n\u00e0y ho\u1eb7c n\u1ebfu b\u1ea1n c\u00f3 b\u1ea5t k\u1ef3 th\u1eafc m\u1eafc n\u00e0o kh\u00e1c li\u00ean quan \u0111\u1ebfn c\u00e1ch ch\u00fang t\u00f4i qu\u1ea3n l\u00fd, b\u1ea3o v\u1ec7 v\u00e0 \/ ho\u1eb7c x\u1eed l\u00fd d\u1eef li\u1ec7u c\u00e1 nh\u00e2n c\u1ee7a b\u1ea1n, vui l\u00f2ng li\u00ean h\u1ec7\u00a0v\u1edbi ch\u00fang t\u00f4i theo th\u00f4ng tin nh\u01b0 sau:<\/p>\n<p>Tr\u1ee5 s\u1edf ch\u00ednh: Ph\u00f2ng 3, L\u1ea7u 8, T\u00f2a nh\u00e0 Bitexco Financial Tower, 2 \u0110\u01b0\u1eddng H\u1ea3i Tri\u1ec1u, Qu\u1eadn 1, TP.HCM, Vi\u1ec7t Nam<\/p>\n<p>\u0110i\u1ec7n tho\u1ea1i: +84 (028) 3915 4242<\/p>\n<p>Email: marketing.vietnam@konicaminolta.com<\/p>\n<p style=\"text-align: justify;\"><em>\u00a0<\/em><\/p>\n","protected":false},"excerpt":{"rendered":"<p>TH\u00d4NG B\u00c1O V\u1ec0 CH\u00cdNH S\u00c1CH B\u1ea2O M\u1eacT\u00a0\u00a0V\u00c0 X\u1eec L\u00dd D\u1eee LI\u1ec6U C\u00c1 NH\u00c2N. C\u00f4ng ty TNHH Konica Minolta Business Solutions Vi\u1ec7t Nam xin tr\u00e2n tr\u1ecdng th\u00f4ng b\u00e1o \u0111\u1ebfn Qu\u00fd Kh\u00e1ch h\u00e0ng v\u00e0 \u0110\u1ed1i t\u00e1c v\u00e0 c\u1ea7n s\u1ef1 \u0111\u1ed3ng \u00fd v\u00e0 cho ph\u00e9p c\u1ee7a Qu\u00fd Kh\u00e1ch h\u00e0ng v\u00e0 \u0110\u1ed1i t\u00e1c \u0111\u1ec3 thu th\u1eadp, x\u1eed l\u00fd v\u00e0<\/p>\n","protected":false},"author":1,"featured_media":0,"parent":0,"menu_order":0,"comment_status":"closed","ping_status":"closed","template":"","meta":{"footnotes":""},"class_list":["post-10455","page","type-page","status-publish","hentry"],"_links":{"self":[{"href":"https:\/\/www.konicaminolta.vn\/business\/wp-json\/wp\/v2\/pages\/10455","targetHints":{"allow":["GET"]}}],"collection":[{"href":"https:\/\/www.konicaminolta.vn\/business\/wp-json\/wp\/v2\/pages"}],"about":[{"href":"https:\/\/www.konicaminolta.vn\/business\/wp-json\/wp\/v2\/types\/page"}],"author":[{"embeddable":true,"href":"https:\/\/www.konicaminolta.vn\/business\/wp-json\/wp\/v2\/users\/1"}],"replies":[{"embeddable":true,"href":"https:\/\/www.konicaminolta.vn\/business\/wp-json\/wp\/v2\/comments?post=10455"}],"version-history":[{"count":4,"href":"https:\/\/www.konicaminolta.vn\/business\/wp-json\/wp\/v2\/pages\/10455\/revisions"}],"predecessor-version":[{"id":10459,"href":"https:\/\/www.konicaminolta.vn\/business\/wp-json\/wp\/v2\/pages\/10455\/revisions\/10459"}],"wp:attachment":[{"href":"https:\/\/www.konicaminolta.vn\/business\/wp-json\/wp\/v2\/media?parent=10455"}],"curies":[{"name":"wp","href":"https:\/\/api.w.org\/{rel}","templated":true}]}}