{"id":11345,"date":"2025-05-23T15:11:03","date_gmt":"2025-05-23T08:11:03","guid":{"rendered":"https:\/\/www.konicaminolta.vn\/business\/?page_id=11345"},"modified":"2025-05-23T16:09:59","modified_gmt":"2025-05-23T09:09:59","slug":"tro-chuyen-cung-anh-daiki-ishijima","status":"publish","type":"page","link":"https:\/\/www.konicaminolta.vn\/business\/tro-chuyen-cung-anh-daiki-ishijima\/","title":{"rendered":"Tr\u00f2 chuy\u1ec7n c\u00f9ng Anh Daiki Ishijima"},"content":{"rendered":"<h6 style=\"text-align: justify;\"><span style=\"color: #0062c2;\">B\u1ea1n c\u00f3 th\u1ec3 chia s\u1ebb v\u1ec1 th\u1eddi gian th\u1ef1c t\u1eadp t\u1ea1i Konica Minolta kh\u00f4ng?<\/span><\/h6>\n<blockquote>\n<p style=\"text-align: justify;\">\u0110\u00e2y l\u00e0 m\u1ed9t c\u01a1 h\u1ed9i tuy\u1ec7t v\u1eddi \u0111\u1ec3 t\u00ecm hi\u1ec3u c\u00e1ch m\u1ed9t c\u00f4ng ty \u1edf n\u01b0\u1edbc ngo\u00e0i v\u1eadn h\u00e0nh, v\u00ec \u0111\u00e2y l\u00e0 l\u1ea7n \u0111\u1ea7u ti\u00ean t\u00f4i l\u00e0m vi\u1ec7c trong m\u1ed9t c\u00f4ng ty. N\u00f3 c\u0169ng gi\u00fap t\u00f4i hi\u1ec3u h\u01a1n v\u1ec1 m\u00f4i tr\u01b0\u1eddng l\u00e0m vi\u1ec7c t\u1ea1i c\u00e1c c\u00f4ng ty Vi\u1ec7t Nam v\u00e0 t\u00ednh c\u00e1ch c\u1ee7a ng\u01b0\u1eddi Vi\u1ec7t khi l\u00e0m vi\u1ec7c. Theo \u00fd ki\u1ebfn c\u1ee7a t\u00f4i, \u1edf \u0111\u00e2y c\u00f3 b\u1ea7u kh\u00f4ng kh\u00ed \u1ea5m \u00e1p h\u01a1n so v\u1edbi \u1edf Nh\u1eadt B\u1ea3n. Ng\u01b0\u1eddi Vi\u1ec7t Nam th\u1ef1c s\u1ef1 ph\u00e2n bi\u1ec7t r\u00f5 r\u00e0ng gi\u1eefa c\u00f4ng vi\u1ec7c v\u00e0 cu\u1ed9c s\u1ed1ng c\u00e1 nh\u00e2n.<\/p>\n<\/blockquote>\n<h6 style=\"text-align: justify;\"><span style=\"color: #0062c2;\"><img loading=\"lazy\" decoding=\"async\" class=\"aligncenter wp-image-11340\" src=\"https:\/\/www.konicaminolta.vn\/business\/wp-content\/uploads\/2025\/05\/Ishijima-san-2-1024x799.jpg\" alt=\"\" width=\"800\" height=\"624\" srcset=\"https:\/\/www.konicaminolta.vn\/business\/wp-content\/uploads\/2025\/05\/Ishijima-san-2-1024x799.jpg 1024w, https:\/\/www.konicaminolta.vn\/business\/wp-content\/uploads\/2025\/05\/Ishijima-san-2-300x234.jpg 300w, https:\/\/www.konicaminolta.vn\/business\/wp-content\/uploads\/2025\/05\/Ishijima-san-2-768x599.jpg 768w, https:\/\/www.konicaminolta.vn\/business\/wp-content\/uploads\/2025\/05\/Ishijima-san-2-1536x1198.jpg 1536w, https:\/\/www.konicaminolta.vn\/business\/wp-content\/uploads\/2025\/05\/Ishijima-san-2-2048x1598.jpg 2048w, https:\/\/www.konicaminolta.vn\/business\/wp-content\/uploads\/2025\/05\/Ishijima-san-2-600x468.jpg 600w\" sizes=\"auto, (max-width: 800px) 100vw, 800px\" \/>Trong th\u1eddi gian th\u1ef1c t\u1eadp, \u0111i\u1ec1u g\u00ec khi\u1ebfn b\u1ea1n \u1ea5n t\u01b0\u1ee3ng nh\u1ea5t?<br \/>\n<\/span><\/h6>\n<blockquote>\n<p style=\"text-align: justify;\">Sau khi l\u00e0m vi\u1ec7c \u1edf \u0111\u00e2y, t\u00f4i r\u1ea5t \u1ea5n t\u01b0\u1ee3ng v\u1edbi c\u00e1c c\u00f4ng vi\u1ec7c \u0111a nhi\u1ec7m. Trong khi nh\u1eadn ra s\u1ef1 tuy\u1ec7t v\u1eddi c\u1ee7a vi\u1ec7c s\u1ea3n xu\u1ea5t v\u00e0 kinh doanh s\u1ea3n ph\u1ea9m, t\u00f4i \u0111\u00e3 c\u00f3 c\u01a1 h\u1ed9i tr\u1ea3i nghi\u1ec7m th\u1ef1c t\u1ebf r\u1eb1ng quy tr\u00ecnh n\u00e0y bao g\u1ed3m nh\u1eefng c\u00f4ng ngh\u1ec7 tuy\u1ec7t v\u1eddi v\u00e0 n\u1ed7 l\u1ef1c c\u1ee7a r\u1ea5t nhi\u1ec1u ng\u01b0\u1eddi.<\/p>\n<\/blockquote>\n<h6 style=\"text-align: justify;\"><span style=\"color: #0062c2;\"><img loading=\"lazy\" decoding=\"async\" class=\"aligncenter wp-image-11341\" src=\"https:\/\/www.konicaminolta.vn\/business\/wp-content\/uploads\/2025\/05\/Ishijima-san-4-1024x681.jpg\" alt=\"\" width=\"800\" height=\"532\" srcset=\"https:\/\/www.konicaminolta.vn\/business\/wp-content\/uploads\/2025\/05\/Ishijima-san-4-1024x681.jpg 1024w, https:\/\/www.konicaminolta.vn\/business\/wp-content\/uploads\/2025\/05\/Ishijima-san-4-300x200.jpg 300w, https:\/\/www.konicaminolta.vn\/business\/wp-content\/uploads\/2025\/05\/Ishijima-san-4-768x511.jpg 768w, https:\/\/www.konicaminolta.vn\/business\/wp-content\/uploads\/2025\/05\/Ishijima-san-4-1536x1022.jpg 1536w, https:\/\/www.konicaminolta.vn\/business\/wp-content\/uploads\/2025\/05\/Ishijima-san-4-2048x1362.jpg 2048w, https:\/\/www.konicaminolta.vn\/business\/wp-content\/uploads\/2025\/05\/Ishijima-san-4-600x399.jpg 600w\" sizes=\"auto, (max-width: 800px) 100vw, 800px\" \/>B\u1ea1n c\u00f3 c\u01a1 h\u1ed9i \u0111\u1ebfn th\u0103m v\u00e0 l\u00e0m vi\u1ec7c v\u1edbi kh\u00e1ch h\u00e0ng kh\u00f4ng?<br \/>\n<\/span><\/h6>\n<blockquote>\n<p style=\"text-align: justify;\">C\u00f3, t\u00f4i \u0111\u00e3 c\u00f3 4 l\u1ea7n \u0111i th\u0103m kh\u00e1ch h\u00e0ng c\u00f9ng v\u1edbi \u0111\u1ed9i ng\u0169 d\u1ecbch v\u1ee5 v\u00e0 quan s\u00e1t h\u1ecd b\u1ea3o tr\u00ec m\u00e1y m\u00f3c. \u0110i\u1ec1u \u0111\u00f3 gi\u00fap t\u00f4i hi\u1ec3u h\u01a1n v\u1ec1 ho\u1ea1t \u0111\u1ed9ng kinh doanh.<\/p>\n<\/blockquote>\n<h6 style=\"text-align: justify;\"><span style=\"color: #0062c2;\"><img loading=\"lazy\" decoding=\"async\" class=\"aligncenter wp-image-11342\" src=\"https:\/\/www.konicaminolta.vn\/business\/wp-content\/uploads\/2025\/05\/Ngan-4.jpg\" alt=\"\" width=\"800\" height=\"450\" srcset=\"https:\/\/www.konicaminolta.vn\/business\/wp-content\/uploads\/2025\/05\/Ngan-4.jpg 1023w, https:\/\/www.konicaminolta.vn\/business\/wp-content\/uploads\/2025\/05\/Ngan-4-300x169.jpg 300w, https:\/\/www.konicaminolta.vn\/business\/wp-content\/uploads\/2025\/05\/Ngan-4-768x432.jpg 768w, https:\/\/www.konicaminolta.vn\/business\/wp-content\/uploads\/2025\/05\/Ngan-4-600x338.jpg 600w\" sizes=\"auto, (max-width: 800px) 100vw, 800px\" \/>B\u1ea1n c\u00f3 l\u1eddi n\u00e0o mu\u1ed1n nh\u1eafn g\u1eedi n\u00e0o t\u1edbi Konica Minolta kh\u00f4ng?<\/span><\/h6>\n<p style=\"text-align: justify;\"><img loading=\"lazy\" decoding=\"async\" class=\"aligncenter wp-image-11343\" src=\"https:\/\/www.konicaminolta.vn\/business\/wp-content\/uploads\/2025\/05\/Ishijima-san-3-1024x813.jpg\" alt=\"\" width=\"800\" height=\"635\" srcset=\"https:\/\/www.konicaminolta.vn\/business\/wp-content\/uploads\/2025\/05\/Ishijima-san-3-1024x813.jpg 1024w, https:\/\/www.konicaminolta.vn\/business\/wp-content\/uploads\/2025\/05\/Ishijima-san-3-300x238.jpg 300w, https:\/\/www.konicaminolta.vn\/business\/wp-content\/uploads\/2025\/05\/Ishijima-san-3-768x610.jpg 768w, https:\/\/www.konicaminolta.vn\/business\/wp-content\/uploads\/2025\/05\/Ishijima-san-3-1536x1219.jpg 1536w, https:\/\/www.konicaminolta.vn\/business\/wp-content\/uploads\/2025\/05\/Ishijima-san-3-600x476.jpg 600w, https:\/\/www.konicaminolta.vn\/business\/wp-content\/uploads\/2025\/05\/Ishijima-san-3.jpg 1920w\" sizes=\"auto, (max-width: 800px) 100vw, 800px\" \/><\/p>\n<blockquote>\n<p style=\"text-align: justify;\">Xin ch\u00e2n th\u00e0nh c\u1ea3m \u01a1n v\u00ec ba th\u00e1ng v\u1eeba qua. Tr\u1ea3i nghi\u1ec7m n\u00e0y ch\u1eafc ch\u1eafn s\u1ebd l\u00e0 m\u1ed9t t\u00e0i s\u1ea3n qu\u00fd gi\u00e1 cho t\u01b0\u01a1ng lai c\u1ee7a t\u00f4i. L\u00e0 m\u1ed9t ng\u01b0\u1eddi ch\u01b0a t\u1eebng c\u00f3 kinh nghi\u1ec7m l\u00e0m vi\u1ec7c ch\u00ednh th\u1ee9c ngo\u00e0i nh\u1eefng c\u00f4ng vi\u1ec7c l\u00e0m th\u00eam, m\u1ecdi th\u1ee9 t\u00f4i tr\u1ea3i qua \u1edf \u0111\u00e2y \u0111\u1ec1u r\u1ea5t m\u1edbi m\u1ebb. \u0110\u01b0\u1ee3c l\u00e0m vi\u1ec7c trong m\u1ed9t m\u00f4i tr\u01b0\u1eddng v\u1edbi nh\u1eefng ng\u01b0\u1eddi \u0111\u1ebfn t\u1eeb nhi\u1ec1u qu\u1ed1c t\u1ecbch kh\u00e1c nhau, nh\u1eadn \u0111\u01b0\u1ee3c l\u1eddi khuy\u00ean v\u00e0 t\u1ef1 m\u00ecnh th\u1eed nghi\u1ec7m, r\u00fat kinh nghi\u1ec7m qua t\u1eebng c\u00f4ng vi\u1ec7c l\u00e0 m\u1ed9t tr\u1ea3i nghi\u1ec7m v\u00f4 c\u00f9ng th\u00fa v\u1ecb v\u00e0 \u00fd ngh\u0129a. Trong s\u1ed1 c\u00e1c th\u1ef1c t\u1eadp sinh ng\u01b0\u1eddi Vi\u1ec7t, t\u00f4i \u0111\u00e3 g\u1eb7p r\u1ea5t nhi\u1ec1u b\u1ea1n t\u00e0i n\u0103ng m\u00e0 t\u00f4i v\u00f4 c\u00f9ng ng\u01b0\u1ee1ng m\u1ed9 v\u00e0 mong mu\u1ed1n \u0111\u01b0\u1ee3c h\u1ecdc h\u1ecfi. C\u00e1c anh ch\u1ecb qu\u1ea3n l\u00fd c\u0169ng r\u1ea5t th\u00e2n thi\u1ec7n v\u00e0 nhi\u1ec7t t\u00ecnh h\u1ed7 tr\u1ee3, t\u1ea1o \u0111i\u1ec1u ki\u1ec7n tuy\u1ec7t v\u1eddi \u0111\u1ec3 t\u00f4i ph\u00e1t tri\u1ec3n b\u1ea3n th\u00e2n.<\/p>\n<p style=\"text-align: justify;\">\u0110\u1ed3ng th\u1eddi, v\u00ec t\u00f4i h\u1ea7u nh\u01b0 kh\u00f4ng th\u1ec3 n\u00f3i ti\u1ebfng Vi\u1ec7t n\u00ean t\u00f4i \u0111\u00e3 l\u00e0m vi\u1ec7c ch\u1ee7 y\u1ebfu b\u1eb1ng ti\u1ebfng Anh. Tr\u1ea3i nghi\u1ec7m n\u00e0y c\u0169ng gi\u00fap t\u00f4i nh\u1eadn ra r\u00f5 h\u01a1n v\u1ec1 nh\u1eefng h\u1ea1n ch\u1ebf trong kh\u1ea3 n\u0103ng ng\u00f4n ng\u1eef c\u1ee7a m\u00ecnh. Trong th\u1eddi gian t\u1edbi, b\u00ean c\u1ea1nh vi\u1ec7c ti\u1ebfp t\u1ee5c h\u1ecdc ti\u1ebfng Vi\u1ec7t, t\u00f4i c\u0169ng s\u1ebd c\u1ed1 g\u1eafng c\u1ea3i thi\u1ec7n kh\u1ea3 n\u0103ng ti\u1ebfng Anh c\u1ee7a m\u00ecnh \u2014 \u0111\u1eb7c bi\u1ec7t l\u00e0 trong thuy\u1ebft tr\u00ecnh v\u00e0 \u0111\u00e0m ph\u00e1n \u2014 \u0111\u1ec3 c\u00f3 th\u1ec3 giao ti\u1ebfp hi\u1ec7u qu\u1ea3 v\u00e0 l\u01b0u lo\u00e1t h\u01a1n.<\/p>\n<p style=\"text-align: justify;\"><strong>Tr\u1ea3i nghi\u1ec7m \u1edf \u0111\u00e2y t\u00f4i s\u1ebd kh\u00f4ng bao gi\u1edd qu\u00ean! H\u1eb9n g\u1eb7p l\u1ea1i \u1edf H\u00e0 N\u1ed9i nh\u00e9!<\/strong><\/p>\n<\/blockquote>\n","protected":false},"excerpt":{"rendered":"<p>B\u1ea1n c\u00f3 th\u1ec3 chia s\u1ebb v\u1ec1 th\u1eddi gian th\u1ef1c t\u1eadp t\u1ea1i Konica Minolta kh\u00f4ng? \u0110\u00e2y l\u00e0 m\u1ed9t c\u01a1 h\u1ed9i tuy\u1ec7t v\u1eddi \u0111\u1ec3 t\u00ecm hi\u1ec3u c\u00e1ch m\u1ed9t c\u00f4ng ty \u1edf n\u01b0\u1edbc ngo\u00e0i v\u1eadn h\u00e0nh, v\u00ec \u0111\u00e2y l\u00e0 l\u1ea7n \u0111\u1ea7u ti\u00ean t\u00f4i l\u00e0m vi\u1ec7c trong m\u1ed9t c\u00f4ng ty. N\u00f3 c\u0169ng gi\u00fap t\u00f4i hi\u1ec3u h\u01a1n v\u1ec1 m\u00f4i tr\u01b0\u1eddng<\/p>\n","protected":false},"author":1,"featured_media":0,"parent":0,"menu_order":0,"comment_status":"closed","ping_status":"closed","template":"","meta":{"footnotes":""},"class_list":["post-11345","page","type-page","status-publish","hentry"],"_links":{"self":[{"href":"https:\/\/www.konicaminolta.vn\/business\/wp-json\/wp\/v2\/pages\/11345","targetHints":{"allow":["GET"]}}],"collection":[{"href":"https:\/\/www.konicaminolta.vn\/business\/wp-json\/wp\/v2\/pages"}],"about":[{"href":"https:\/\/www.konicaminolta.vn\/business\/wp-json\/wp\/v2\/types\/page"}],"author":[{"embeddable":true,"href":"https:\/\/www.konicaminolta.vn\/business\/wp-json\/wp\/v2\/users\/1"}],"replies":[{"embeddable":true,"href":"https:\/\/www.konicaminolta.vn\/business\/wp-json\/wp\/v2\/comments?post=11345"}],"version-history":[{"count":4,"href":"https:\/\/www.konicaminolta.vn\/business\/wp-json\/wp\/v2\/pages\/11345\/revisions"}],"predecessor-version":[{"id":11386,"href":"https:\/\/www.konicaminolta.vn\/business\/wp-json\/wp\/v2\/pages\/11345\/revisions\/11386"}],"wp:attachment":[{"href":"https:\/\/www.konicaminolta.vn\/business\/wp-json\/wp\/v2\/media?parent=11345"}],"curies":[{"name":"wp","href":"https:\/\/api.w.org\/{rel}","templated":true}]}}