{"id":11362,"date":"2025-05-23T15:33:12","date_gmt":"2025-05-23T08:33:12","guid":{"rendered":"https:\/\/www.konicaminolta.vn\/business\/?page_id=11362"},"modified":"2025-05-23T15:38:19","modified_gmt":"2025-05-23T08:38:19","slug":"tro-chuyen-cung-ngan","status":"publish","type":"page","link":"https:\/\/www.konicaminolta.vn\/business\/tro-chuyen-cung-ngan\/","title":{"rendered":"Tr\u00f2 chuy\u1ec7n c\u00f9ng Ng\u00e2n"},"content":{"rendered":"<p style=\"text-align: justify;\">Trong nh\u1eefng n\u0103m \u0111\u1ea1i h\u1ecdc, t\u00f4i g\u1eb7p nhi\u1ec1u kh\u00f3 kh\u0103n trong vi\u1ec7c x\u00e1c \u0111\u1ecbnh ch\u00ednh x\u00e1c l\u0129nh v\u1ef1c th\u1ebf m\u1ea1nh c\u1ee7a m\u00ecnh v\u00ec chuy\u00ean ng\u00e0nh Kinh doanh Qu\u1ed1c t\u1ebf bao qu\u00e1t m\u1ed9t ph\u1ea1m vi r\u1ea5t r\u1ed9ng. \u0110i\u1ec1u n\u00e0y \u0111\u00e3 th\u00f4i th\u00fac t\u00f4i t\u00ecm ki\u1ebfm th\u00eam kinh nghi\u1ec7m trong m\u00f4i tr\u01b0\u1eddng l\u00e0m vi\u1ec7c th\u1ef1c t\u1ebf, v\u00e0 \u0111\u00f3 c\u0169ng l\u00e0 l\u00fd do t\u00f4i quy\u1ebft \u0111\u1ecbnh \u1ee9ng tuy\u1ec3n v\u00e0o v\u1ecb tr\u00ed Th\u1ef1c t\u1eadp sinh Kinh doanh Tr\u1ef1c ti\u1ebfp t\u1ea1i C\u00f4ng ty TNHH Gi\u1ea3i ph\u00e1p Kinh doanh Konica Minolta Vi\u1ec7t Nam. L\u00e0 m\u1ed9t c\u00f4ng ty v\u1edbi b\u1ec1 d\u00e0y l\u1ecbch s\u1eed trong l\u0129nh v\u1ef1c h\u00ecnh \u1ea3nh, Konica Minolta n\u1ed5i b\u1eadt khi kh\u00f4ng ng\u1eebng \u0111\u1ec1 cao c\u00f4ng ngh\u1ec7 ti\u00ean ti\u1ebfn v\u00e0 v\u1eabn gi\u1eef v\u1eefng nh\u1eefng gi\u00e1 tr\u1ecb c\u1ed1t l\u00f5i v\u1ec1 ch\u1ea5t l\u01b0\u1ee3ng v\u00e0 s\u1ef1 t\u1eadp trung v\u00e0o kh\u00e1ch h\u00e0ng. \u0110i\u1ec1u t\u00f4i mong mu\u1ed1n nh\u1ea5t trong c\u00f4ng vi\u1ec7c l\u00e0 c\u00f3 th\u1ec3 k\u1ebft n\u1ed1i gi\u1eefa ki\u1ebfn th\u1ee9c, tr\u1ef1c gi\u00e1c v\u00e0 kinh nghi\u1ec7m \u0111\u1ec3 t\u1ea1o ra nh\u1eefng gi\u1ea3i ph\u00e1p s\u00e1ng t\u1ea1o \u2014 \u0111i\u1ec1u n\u00e0y c\u0169ng ph\u00f9 h\u1ee3p v\u1edbi cam k\u1ebft c\u1ee7a c\u00f4ng ty. Ch\u01b0\u01a1ng tr\u00ecnh th\u1ef1c t\u1eadp n\u00e0y l\u00e0 c\u01a1 h\u1ed9i tuy\u1ec7t v\u1eddi \u0111\u1ec3 t\u00f4i ph\u00e1t tri\u1ec3n c\u1ea3 v\u1ec1 chuy\u00ean m\u00f4n l\u1eabn b\u1ea3n th\u00e2n, v\u00e0 t\u00f4i r\u1ea5t mong \u0111\u01b0\u1ee3c \u0111\u1ed3ng h\u00e0nh c\u00f9ng \u0111\u1ed9i ng\u0169 trong th\u1eddi gian t\u1edbi.<\/p>\n<h6 style=\"text-align: justify;\"><span style=\"color: #0062c2;\"><strong><img loading=\"lazy\" decoding=\"async\" class=\"aligncenter wp-image-11355\" src=\"https:\/\/www.konicaminolta.vn\/business\/wp-content\/uploads\/2025\/05\/Ngan-3-1024x682.jpg\" alt=\"\" width=\"800\" height=\"533\" srcset=\"https:\/\/www.konicaminolta.vn\/business\/wp-content\/uploads\/2025\/05\/Ngan-3-1024x682.jpg 1024w, https:\/\/www.konicaminolta.vn\/business\/wp-content\/uploads\/2025\/05\/Ngan-3-300x200.jpg 300w, https:\/\/www.konicaminolta.vn\/business\/wp-content\/uploads\/2025\/05\/Ngan-3-768x512.jpg 768w, https:\/\/www.konicaminolta.vn\/business\/wp-content\/uploads\/2025\/05\/Ngan-3-1536x1024.jpg 1536w, https:\/\/www.konicaminolta.vn\/business\/wp-content\/uploads\/2025\/05\/Ngan-3-2048x1365.jpg 2048w, https:\/\/www.konicaminolta.vn\/business\/wp-content\/uploads\/2025\/05\/Ngan-3-600x400.jpg 600w\" sizes=\"auto, (max-width: 800px) 100vw, 800px\" \/><\/strong><\/span><\/h6>\n<h6 style=\"text-align: justify;\"><span style=\"color: #0062c2;\">C\u00f4ng vi\u1ec7c h\u1eb1ng ng\u00e0y c\u1ee7a b\u1ea1n t\u1ea1i c\u00f4ng ty l\u00e0 g\u00ec?<\/span><\/h6>\n<blockquote>\n<p style=\"text-align: justify;\">C\u00f4ng vi\u1ec7c h\u1eb1ng ng\u00e0y c\u1ee7a t\u00f4i bao g\u1ed3m G\u1ecdi \u0111i\u1ec7n t\u01b0 v\u1ea5n b\u00e1n h\u00e0ng (Telesales), Chu\u1ea9n b\u1ecb b\u00e1o gi\u00e1, \u0110\u00e0m ph\u00e1n v\u1edbi kh\u00e1ch h\u00e0ng v\u00e0 Ho\u00e0n t\u1ea5t quy tr\u00ecnh b\u00e1n h\u00e0ng. \u0110\u1ed1i v\u1edbi t\u00f4i, ph\u1ea7n kh\u00f3 nh\u1ea5t ch\u00ednh l\u00e0 \u0111\u00e0m ph\u00e1n v\u1edbi kh\u00e1ch h\u00e0ng. Trong nhi\u1ec7m v\u1ee5 n\u00e0y, t\u00f4i ph\u1ea3i gi\u1ea3i quy\u1ebft nh\u1eefng do d\u1ef1 c\u1ee7a kh\u00e1ch h\u00e0ng v\u00e0 c\u1ed1 g\u1eafng ch\u1ed1t \u0111\u01b0\u1ee3c th\u1ecfa thu\u1eadn t\u1ed1t nh\u1ea5t cho c\u1ea3 kh\u00e1ch h\u00e0ng v\u00e0 c\u00f4ng ty.<\/p>\n<\/blockquote>\n<h6 style=\"text-align: justify;\"><span style=\"color: #0062c2;\"><strong><img loading=\"lazy\" decoding=\"async\" class=\"aligncenter wp-image-11356\" src=\"https:\/\/www.konicaminolta.vn\/business\/wp-content\/uploads\/2025\/05\/Ngan-1-1024x768.jpg\" alt=\"\" width=\"800\" height=\"600\" srcset=\"https:\/\/www.konicaminolta.vn\/business\/wp-content\/uploads\/2025\/05\/Ngan-1-1024x768.jpg 1024w, https:\/\/www.konicaminolta.vn\/business\/wp-content\/uploads\/2025\/05\/Ngan-1-300x225.jpg 300w, https:\/\/www.konicaminolta.vn\/business\/wp-content\/uploads\/2025\/05\/Ngan-1-768x576.jpg 768w, https:\/\/www.konicaminolta.vn\/business\/wp-content\/uploads\/2025\/05\/Ngan-1-1536x1152.jpg 1536w, https:\/\/www.konicaminolta.vn\/business\/wp-content\/uploads\/2025\/05\/Ngan-1-2048x1536.jpg 2048w, https:\/\/www.konicaminolta.vn\/business\/wp-content\/uploads\/2025\/05\/Ngan-1-600x450.jpg 600w\" sizes=\"auto, (max-width: 800px) 100vw, 800px\" \/><\/strong><\/span><\/h6>\n<h6 style=\"text-align: justify;\"><span style=\"color: #0062c2;\">B\u1ea1n \u0111\u00e3 h\u1ecdc \u0111\u01b0\u1ee3c g\u00ec hay c\u1ea3i thi\u1ec7n \u0111\u01b0\u1ee3c k\u1ef9 n\u0103ng g\u00ec trong qu\u00e1 tr\u00ecnh th\u1ef1c t\u1eadp?<\/span><\/h6>\n<blockquote>\n<p style=\"text-align: justify;\">V\u00ec v\u1ecb tr\u00ed Kinh doanh Tr\u1ef1c ti\u1ebfp y\u00eau c\u1ea7u l\u00e0m vi\u1ec7c tr\u1ef1c ti\u1ebfp v\u1edbi kh\u00e1ch h\u00e0ng n\u00ean t\u00f4i ph\u1ea3i c\u1ea3i thi\u1ec7n k\u1ef9 n\u0103ng giao ti\u1ebfp v\u00e0 ch\u1ee7 \u0111\u1ed9ng h\u01a1n trong vi\u1ec7c n\u1eafm b\u1eaft nhu c\u1ea7u, mong mu\u1ed1n c\u1ee7a kh\u00e1ch h\u00e0ng. M\u1ed9t tr\u1ea3i nghi\u1ec7m \u0111\u00e1ng nh\u1edb l\u00e0 khi m\u1ed9t kh\u00e1ch h\u00e0ng \u0111\u01b0a ra y\u00eau c\u1ea7u kh\u00f3 li\u00ean quan \u0111\u1ebfn \u0111i\u1ec1u kho\u1ea3n c\u1ee7a h\u1ee3p \u0111\u1ed3ng thu\u00ea, v\u00e0 t\u00f4i g\u1ea7n nh\u01b0 kh\u00f4ng th\u1ec3 \u0111\u00e1p \u1ee9ng \u0111\u01b0\u1ee3c k\u1ef3 v\u1ecdng c\u1ee7a h\u1ecd. Tuy nhi\u00ean, may m\u1eafn l\u00e0 qu\u1ea3n l\u00fd c\u1ee7a t\u00f4i \u0111\u00e3 can thi\u1ec7p, c\u00f9ng th\u1ea3o lu\u1eadn l\u1ea1i v\u1edbi kh\u00e1ch h\u00e0ng v\u00e0 cu\u1ed1i c\u00f9ng ch\u00fang t\u00f4i \u0111\u00e3 \u0111\u1ea1t \u0111\u01b0\u1ee3c th\u1ecfa thu\u1eadn th\u00e0nh c\u00f4ng. Tr\u1ea3i nghi\u1ec7m n\u00e0y gi\u00fap t\u00f4i nh\u1eadn ra t\u1ea7m quan tr\u1ecdng c\u1ee7a vi\u1ec7c x\u1eed l\u00fd v\u1ea5n \u0111\u1ec1 k\u1ecbp th\u1eddi, giao ti\u1ebfp hi\u1ec7u qu\u1ea3 v\u00e0 s\u1ef1 ki\u00ean nh\u1eabn trong c\u00f4ng vi\u1ec7c b\u00e1n h\u00e0ng.<\/p>\n<\/blockquote>\n<h6 style=\"text-align: justify;\"><span style=\"color: #0062c2;\">Tr\u1ea3i nghi\u1ec7m c\u1ee7a b\u1ea1n t\u1ea1i Konica Minolta sau s\u00e1u th\u00e1ng th\u1ef1c t\u1eadp nh\u01b0 th\u1ebf n\u00e0o?<\/span><\/h6>\n<blockquote>\n<p style=\"text-align: justify;\">T\u00f4i c\u1ea3m th\u1ea5y v\u00f4 c\u00f9ng bi\u1ebft \u01a1n v\u1edbi qu\u00e3ng th\u1eddi gian th\u1ef1c t\u1eadp t\u1ea1i Konica Minolta. C\u00f4ng ty lu\u00f4n ch\u00e0o \u0111\u00f3n nh\u1eefng \u00fd t\u01b0\u1edfng m\u1edbi v\u00e0 t\u1ea1o m\u00f4i tr\u01b0\u1eddng khuy\u1ebfn kh\u00edch s\u1ef1 ph\u00e1t tri\u1ec3n c\u1ea3 v\u1ec1 chuy\u00ean m\u00f4n l\u1eabn c\u00e1 nh\u00e2n. B\u00ean c\u1ea1nh \u0111\u00f3, t\u00f4i c\u0169ng nh\u1eadn \u0111\u01b0\u1ee3c r\u1ea5t nhi\u1ec1u s\u1ef1 h\u1ed7 tr\u1ee3 v\u00e0 c\u00f4ng nh\u1eadn t\u1eeb \u0111\u1ed3ng nghi\u1ec7p, \u0111i\u1ec1u n\u00e0y gi\u00fap t\u00f4i c\u00f3 th\u00eam \u0111\u1ed9ng l\u1ef1c \u0111\u1ec3 l\u00e0m vi\u1ec7c ch\u0103m ch\u1ec9 v\u00e0 gi\u1eef v\u1eefng s\u1ef1 t\u1eadp trung. \u0110\u00e3 c\u00f3 nh\u1eefng l\u00fac t\u00f4i nghi ng\u1edd n\u0103ng l\u1ef1c c\u1ee7a b\u1ea3n th\u00e2n, nh\u01b0ng ch\u00ednh tr\u1ea3i nghi\u1ec7m n\u00e0y \u0111\u00e3 mang \u0111\u1ebfn cho t\u00f4i nh\u1eefng thay \u0111\u1ed5i t\u00edch c\u1ef1c trong cu\u1ed9c s\u1ed1ng. \u0110\u00e2y th\u1ef1c s\u1ef1 l\u00e0 m\u1ed9t h\u00e0nh tr\u00ecnh h\u1ecdc h\u1ecfi qu\u00fd gi\u00e1, v\u00e0 t\u00f4i \u0111\u00e3 nh\u1eadn \u0111\u01b0\u1ee3c nhi\u1ec1u h\u01a1n nh\u1eefng g\u00ec m\u00ecnh mong \u0111\u1ee3i.<\/p>\n<\/blockquote>\n<h6 style=\"text-align: justify;\"><span style=\"color: #0062c2;\"><strong><img loading=\"lazy\" decoding=\"async\" class=\"aligncenter wp-image-11342\" src=\"https:\/\/www.konicaminolta.vn\/business\/wp-content\/uploads\/2025\/05\/Ngan-4.jpg\" alt=\"\" width=\"800\" height=\"450\" srcset=\"https:\/\/www.konicaminolta.vn\/business\/wp-content\/uploads\/2025\/05\/Ngan-4.jpg 1023w, https:\/\/www.konicaminolta.vn\/business\/wp-content\/uploads\/2025\/05\/Ngan-4-300x169.jpg 300w, https:\/\/www.konicaminolta.vn\/business\/wp-content\/uploads\/2025\/05\/Ngan-4-768x432.jpg 768w, https:\/\/www.konicaminolta.vn\/business\/wp-content\/uploads\/2025\/05\/Ngan-4-600x338.jpg 600w\" sizes=\"auto, (max-width: 800px) 100vw, 800px\" \/>B\u1ea1n c\u00f3 l\u1eddi khuy\u00ean g\u00ec cho nh\u1eefng ai \u0111ang c\u00e2n nh\u1eafc \u1ee9ng tuy\u1ec3n v\u00e0o ch\u01b0\u01a1ng tr\u00ecnh th\u1ef1c t\u1eadp t\u1ea1i Konica Minolta?<br \/>\n<\/strong><\/span><\/h6>\n<blockquote>\n<p style=\"text-align: justify;\">T\u00f4i mu\u1ed1n khuy\u00ean b\u1ea1n h\u00e3y m\u1ea1nh d\u1ea1n b\u01b0\u1edbc ra kh\u1ecfi v\u00f9ng an to\u00e0n c\u1ee7a b\u1ea3n th\u00e2n v\u00e0 s\u1eb5n s\u00e0ng \u0111\u00f3n nh\u1eadn nh\u1eefng c\u01a1 h\u1ed9i m\u1edbi. C\u00f3 th\u1ec3 l\u00fac \u0111\u1ea7u s\u1ebd g\u1eb7p kh\u00f3 kh\u0103n, nh\u01b0ng t\u00f4i tin r\u1eb1ng m\u1ecdi n\u1ed7 l\u1ef1c b\u1ea1n b\u1ecf ra \u0111\u1ec1u s\u1ebd x\u1ee9ng \u0111\u00e1ng. Ch\u01b0\u01a1ng tr\u00ecnh th\u1ef1c t\u1eadp n\u00e0y l\u00e0 c\u01a1 h\u1ed9i tuy\u1ec7t v\u1eddi \u0111\u1ec3 h\u1ecdc h\u1ecfi v\u00e0 ph\u00e1t tri\u1ec3n, v\u00ec v\u1eady h\u00e3y t\u1eadn d\u1ee5ng n\u00f3 m\u1ed9t c\u00e1ch t\u1ed1t nh\u1ea5t. Konica Minolta mang \u0111\u1ebfn m\u1ed9t m\u00f4i tr\u01b0\u1eddng n\u0103ng \u0111\u1ed9ng v\u00e0 t\u00f4i ch\u1eafc ch\u1eafn r\u1eb1ng b\u1ea1n s\u1ebd c\u00f3 nh\u1eefng k\u1ef7 ni\u1ec7m th\u1eadt \u0111\u1eb9p t\u1ea1i \u0111\u00e2y.<\/p>\n<\/blockquote>\n<p><img loading=\"lazy\" decoding=\"async\" class=\"aligncenter wp-image-11357\" src=\"https:\/\/www.konicaminolta.vn\/business\/wp-content\/uploads\/2025\/05\/Ngan-2-1024x763.jpg\" alt=\"\" width=\"800\" height=\"596\" srcset=\"https:\/\/www.konicaminolta.vn\/business\/wp-content\/uploads\/2025\/05\/Ngan-2-1024x763.jpg 1024w, https:\/\/www.konicaminolta.vn\/business\/wp-content\/uploads\/2025\/05\/Ngan-2-300x224.jpg 300w, https:\/\/www.konicaminolta.vn\/business\/wp-content\/uploads\/2025\/05\/Ngan-2-768x572.jpg 768w, https:\/\/www.konicaminolta.vn\/business\/wp-content\/uploads\/2025\/05\/Ngan-2-1536x1144.jpg 1536w, https:\/\/www.konicaminolta.vn\/business\/wp-content\/uploads\/2025\/05\/Ngan-2-2048x1526.jpg 2048w, https:\/\/www.konicaminolta.vn\/business\/wp-content\/uploads\/2025\/05\/Ngan-2-600x447.jpg 600w\" sizes=\"auto, (max-width: 800px) 100vw, 800px\" \/><\/p>\n","protected":false},"excerpt":{"rendered":"<p>Trong nh\u1eefng n\u0103m \u0111\u1ea1i h\u1ecdc, t\u00f4i g\u1eb7p nhi\u1ec1u kh\u00f3 kh\u0103n trong vi\u1ec7c x\u00e1c \u0111\u1ecbnh ch\u00ednh x\u00e1c l\u0129nh v\u1ef1c th\u1ebf m\u1ea1nh c\u1ee7a m\u00ecnh v\u00ec chuy\u00ean ng\u00e0nh Kinh doanh Qu\u1ed1c t\u1ebf bao qu\u00e1t m\u1ed9t ph\u1ea1m vi r\u1ea5t r\u1ed9ng. \u0110i\u1ec1u n\u00e0y \u0111\u00e3 th\u00f4i th\u00fac t\u00f4i t\u00ecm ki\u1ebfm th\u00eam kinh nghi\u1ec7m trong m\u00f4i tr\u01b0\u1eddng l\u00e0m vi\u1ec7c th\u1ef1c t\u1ebf, v\u00e0<\/p>\n","protected":false},"author":1,"featured_media":0,"parent":0,"menu_order":0,"comment_status":"closed","ping_status":"closed","template":"","meta":{"footnotes":""},"class_list":["post-11362","page","type-page","status-publish","hentry"],"_links":{"self":[{"href":"https:\/\/www.konicaminolta.vn\/business\/wp-json\/wp\/v2\/pages\/11362","targetHints":{"allow":["GET"]}}],"collection":[{"href":"https:\/\/www.konicaminolta.vn\/business\/wp-json\/wp\/v2\/pages"}],"about":[{"href":"https:\/\/www.konicaminolta.vn\/business\/wp-json\/wp\/v2\/types\/page"}],"author":[{"embeddable":true,"href":"https:\/\/www.konicaminolta.vn\/business\/wp-json\/wp\/v2\/users\/1"}],"replies":[{"embeddable":true,"href":"https:\/\/www.konicaminolta.vn\/business\/wp-json\/wp\/v2\/comments?post=11362"}],"version-history":[{"count":2,"href":"https:\/\/www.konicaminolta.vn\/business\/wp-json\/wp\/v2\/pages\/11362\/revisions"}],"predecessor-version":[{"id":11364,"href":"https:\/\/www.konicaminolta.vn\/business\/wp-json\/wp\/v2\/pages\/11362\/revisions\/11364"}],"wp:attachment":[{"href":"https:\/\/www.konicaminolta.vn\/business\/wp-json\/wp\/v2\/media?parent=11362"}],"curies":[{"name":"wp","href":"https:\/\/api.w.org\/{rel}","templated":true}]}}