{"id":11377,"date":"2025-05-23T16:00:56","date_gmt":"2025-05-23T09:00:56","guid":{"rendered":"https:\/\/www.konicaminolta.vn\/business\/?page_id=11377"},"modified":"2025-05-23T16:02:33","modified_gmt":"2025-05-23T09:02:33","slug":"tro-chuyen-cung-ngoc","status":"publish","type":"page","link":"https:\/\/www.konicaminolta.vn\/business\/tro-chuyen-cung-ngoc\/","title":{"rendered":"Tr\u00f2 chuy\u1ec7n c\u00f9ng Ng\u1ecdc"},"content":{"rendered":"<h6 style=\"text-align: justify;\"><span style=\"color: #0062c2;\">Ch\u00e0o Ng\u1ecdc, b\u1ea1n c\u00f3 th\u1ec3 chia s\u1ebb c\u1ea3m x\u00fac c\u1ee7a m\u00ecnh v\u1ec1 qu\u00e1 tr\u00ecnh th\u1ef1c t\u1eadp t\u1ea1i Konica Minolta kh\u00f4ng?<\/span><\/h6>\n<blockquote>\n<p style=\"text-align: justify;\">Xin ch\u00e0o, c\u1ea3m \u01a1n b\u1ea1n v\u00ec c\u00e2u h\u1ecfi n\u00e0y. K\u1ef3 th\u1ef1c t\u1eadp t\u1ea1i Konica Minolta l\u00e0 m\u1ed9t tr\u1ea3i nghi\u1ec7m v\u00f4 c\u00f9ng qu\u00fd gi\u00e1, mang l\u1ea1i cho m\u00ecnh r\u1ea5t nhi\u1ec1u ki\u1ebfn th\u1ee9c b\u1ed5 \u00edch.<\/p>\n<p style=\"text-align: justify;\">M\u00ecnh \u0111\u00e3 c\u00f3 c\u01a1 h\u1ed9i g\u1eb7p tr\u1ef1c ti\u1ebfp \u0111\u1ea1i di\u1ec7n c\u1ee7a Konica t\u1ea1i s\u1ef1 ki\u1ec7n ULIS JOB FAIR 2024 v\u00e0o ng\u00e0y 20\/1 khi c\u00f4ng ty \u0111ang t\u00ecm ki\u1ebfm th\u1ef1c t\u1eadp sinh h\u1ed7 tr\u1ee3 b\u00e1n h\u00e0ng. \u1ea4n t\u01b0\u1ee3ng \u0111\u1ea7u ti\u00ean c\u1ee7a m\u00ecnh v\u1ec1 Konica l\u00e0 s\u1ef1 tr\u1ebb trung, th\u00e2n thi\u1ec7n v\u00e0 c\u1edfi m\u1edf. T\u1ea5t c\u1ea3 nh\u1eefng c\u00e2u h\u1ecfi m\u00ecnh \u0111\u1eb7t ra khi \u0111\u00f3 \u0111\u1ec1u \u0111\u01b0\u1ee3c gi\u1ea3i \u0111\u00e1p r\u1ea5t nhanh ch\u00f3ng v\u00e0 nhi\u1ec7t t\u00ecnh, \u0111i\u1ec1u \u0111\u00f3 c\u00e0ng th\u00f4i th\u00fac m\u00ecnh quy\u1ebft t\u00e2m th\u1ec3 hi\u1ec7n th\u1eadt t\u1ed1t trong bu\u1ed5i ph\u1ecfng v\u1ea5n ngay sau \u0111\u00f3 \u0111\u1ec3 c\u00f3 th\u1ec3 \u0111\u01b0\u1ee3c l\u00e0m vi\u1ec7c c\u00f9ng nh\u1eefng ng\u01b0\u1eddi m\u00ecnh \u0111\u00e3 g\u1eb7p. C\u00f3 l\u1ebd c\u0169ng nh\u1edd tinh th\u1ea7n \u0111\u00f3 m\u00e0 m\u00ecnh \u0111\u00e3 \u0111\u01b0\u1ee3c trao c\u01a1 h\u1ed9i th\u1ef1c t\u1eadp t\u1ea1i Konica trong v\u00f2ng 6 th\u00e1ng.<\/p>\n<p style=\"text-align: justify;\">B\u00ean c\u1ea1nh \u0111\u00f3, nh\u1edd c\u00f3 ng\u01b0\u1eddi h\u01b0\u1edbng d\u1eabn t\u1eadn t\u00e2m v\u00e0 ch\u01b0\u01a1ng tr\u00ecnh \u0111\u00e0o t\u1ea1o b\u00e0i b\u1ea3n, m\u00ecnh \u0111\u00e3 b\u1eaft nh\u1ecbp kh\u00e1 nhanh d\u00f9 \u0111\u00e2y l\u00e0 k\u1ef3 th\u1ef1c t\u1eadp \u0111\u1ea7u ti\u00ean. M\u00ecnh nh\u1eadn \u0111\u01b0\u1ee3c s\u1ef1 ch\u1ec9 d\u1eabn nhi\u1ec7t t\u00ecnh t\u1eeb mentor v\u00e0 s\u1ef1 h\u1ed7 tr\u1ee3 h\u1ebft m\u00ecnh t\u1eeb c\u00e1c anh ch\u1ecb trong c\u00f4ng ty. Trong v\u00e0 sau qu\u00e1 tr\u00ecnh th\u1ef1c hi\u1ec7n c\u00e1c nhi\u1ec7m v\u1ee5 \u0111\u01b0\u1ee3c giao, m\u00ecnh c\u0169ng nh\u1eadn \u0111\u01b0\u1ee3c nh\u1eefng g\u00f3p \u00fd v\u00e0 l\u1eddi khuy\u00ean h\u1eefu \u00edch \u0111\u1ec3 c\u1ea3i thi\u1ec7n c\u1ea3 ki\u1ebfn th\u1ee9c chuy\u00ean m\u00f4n l\u1eabn c\u00e1c k\u1ef9 n\u0103ng m\u1ec1m nh\u01b0 k\u1ef9 n\u0103ng vi\u1ebft email chuy\u00ean nghi\u1ec7p (b\u1eb1ng ti\u1ebfng Anh v\u00e0 ti\u1ebfng Vi\u1ec7t), k\u1ef9 n\u0103ng thuy\u1ebft tr\u00ecnh, k\u1ef9 n\u0103ng l\u00e0m vi\u1ec7c nh\u00f3m.<\/p>\n<\/blockquote>\n<h6 style=\"text-align: justify;\"><span style=\"color: #0062c2;\"><img loading=\"lazy\" decoding=\"async\" class=\"aligncenter wp-image-11372\" src=\"https:\/\/www.konicaminolta.vn\/business\/wp-content\/uploads\/2025\/05\/Ngoc-1-1024x683.jpg\" alt=\"\" width=\"800\" height=\"534\" srcset=\"https:\/\/www.konicaminolta.vn\/business\/wp-content\/uploads\/2025\/05\/Ngoc-1-1024x683.jpg 1024w, https:\/\/www.konicaminolta.vn\/business\/wp-content\/uploads\/2025\/05\/Ngoc-1-300x200.jpg 300w, https:\/\/www.konicaminolta.vn\/business\/wp-content\/uploads\/2025\/05\/Ngoc-1-768x513.jpg 768w, https:\/\/www.konicaminolta.vn\/business\/wp-content\/uploads\/2025\/05\/Ngoc-1-1536x1025.jpg 1536w, https:\/\/www.konicaminolta.vn\/business\/wp-content\/uploads\/2025\/05\/Ngoc-1-2048x1367.jpg 2048w, https:\/\/www.konicaminolta.vn\/business\/wp-content\/uploads\/2025\/05\/Ngoc-1-600x400.jpg 600w\" sizes=\"auto, (max-width: 800px) 100vw, 800px\" \/>Trong 6 th\u00e1ng th\u1ef1c t\u1eadp t\u1ea1i KM, \u0111i\u1ec1u g\u00ec khi\u1ebfn b\u1ea1n \u1ea5n t\u01b0\u1ee3ng nh\u1ea5t?<br \/>\n<\/span><\/h6>\n<blockquote>\n<p style=\"text-align: justify;\">M\u00ecnh r\u1ea5t \u1ea5n t\u01b0\u1ee3ng v\u1edbi tinh th\u1ea7n l\u00e0m vi\u1ec7c nh\u00f3m c\u0169ng nh\u01b0 ch\u01b0\u01a1ng tr\u00ecnh \u0111\u00e0o t\u1ea1o d\u00e0nh cho ng\u01b0\u1eddi m\u1edbi, nh\u01b0ng \u1ea5n t\u01b0\u1ee3ng s\u00e2u s\u1eafc nh\u1ea5t c\u00f3 l\u1ebd l\u00e0 vi\u1ec7c h\u1ea7u nh\u01b0 kh\u00f4ng c\u00f3 l\u00e0m th\u00eam gi\u1edd t\u1ea1i KM. Theo quan s\u00e1t c\u1ee7a m\u00ecnh, m\u1ecdi ng\u01b0\u1eddi th\u01b0\u1eddng t\u1eadp trung l\u00e0m vi\u1ec7c hi\u1ec7u qu\u1ea3 \u0111\u1ec3 ho\u00e0n th\u00e0nh c\u00f4ng vi\u1ec7c \u0111\u00fang gi\u1edd. Trong suy ngh\u0129 c\u1ee7a m\u00ecnh, \u1edf nhi\u1ec1u c\u00f4ng ty \u2014 \u0111\u1eb7c bi\u1ec7t l\u00e0 c\u00e1c c\u00f4ng ty Nh\u1eadt B\u1ea3n \u2014 vi\u1ec7c l\u00e0m th\u00eam gi\u1edd l\u00e0 chuy\u1ec7n kh\u00e1 ph\u1ed5 bi\u1ebfn. Nh\u01b0ng khi \u0111\u1ebfn v\u1edbi Konica, m\u00ecnh \u0111\u01b0\u1ee3c tr\u1ea3i nghi\u1ec7m m\u1ed9t m\u00f4i tr\u01b0\u1eddng l\u00e0m vi\u1ec7c hi\u1ec7u qu\u1ea3, n\u01a1i m\u00e0 vi\u1ec7c tan l\u00e0m \u0111\u00fang gi\u1edd l\u00e0 \u0111i\u1ec1u b\u00ecnh th\u01b0\u1eddng v\u00e0 kh\u00f4ng ai c\u1ea3m th\u1ea5y ng\u1ea1i ng\u00f9ng hay s\u1ee3 b\u1ecb \u0111\u00e1nh gi\u00e1 v\u1ec1 \u0111i\u1ec1u \u0111\u00f3.<\/p>\n<\/blockquote>\n<h6 style=\"text-align: justify;\"><span style=\"color: #0062c2;\">Trong qu\u00e1 tr\u00ecnh th\u1ef1c t\u1eadp t\u1ea1i Konica, b\u1ea1n nh\u1edb nh\u1ea5t \u0111i\u1ec1u g\u00ec?<\/span><\/h6>\n<blockquote>\n<p style=\"text-align: justify;\">L\u00e0 m\u1ed9t th\u1ef1c t\u1eadp sinh t\u1ea1i Konica, m\u00ecnh c\u00f3 r\u1ea5t nhi\u1ec1u k\u1ef7 ni\u1ec7m \u0111\u00e1ng nh\u1edb khi l\u00e0m vi\u1ec7c c\u00f9ng \u0111\u1ed3ng nghi\u1ec7p, g\u1eb7p g\u1ee1 kh\u00e1ch h\u00e0ng, tham gia c\u00e1c ho\u1ea1t \u0111\u1ed9ng v\u00e0 s\u1ef1 ki\u1ec7n c\u1ee7a c\u00f4ng ty. \u0110i\u1ec1u m\u00ecnh nh\u1edb nh\u1ea5t l\u00e0 l\u1ea7n mentor ng\u01b0\u1eddi Nh\u1eadt giao cho m\u00ecnh nhi\u1ec7m v\u1ee5 phi\u00ean d\u1ecbch m\u1ed9t bu\u1ed5i h\u1ecdp gi\u1eefa ch\u1ecb v\u00e0 kh\u00e1ch h\u00e0ng Vi\u1ec7t Nam. \u0110\u00f3 l\u00e0 l\u1ea7n \u0111\u1ea7u ti\u00ean m\u00ecnh \u0111\u1ea3m nh\u1eadn vai tr\u00f2 phi\u00ean d\u1ecbch cho m\u1ed9t bu\u1ed5i trao \u0111\u1ed5i gi\u1eefa hai c\u00f4ng ty. Tr\u01b0\u1edbc \u0111\u00f3, ch\u1ecb \u0111\u00e3 gi\u1ea3i th\u00edch r\u00f5 n\u1ed9i dung bu\u1ed5i h\u1ecdp, h\u01b0\u1edbng d\u1eabn v\u00e0 g\u1eedi t\u00e0i li\u1ec7u li\u00ean quan \u0111\u1ec3 m\u00ecnh chu\u1ea9n b\u1ecb. May m\u1eafn l\u00e0 bu\u1ed5i th\u1ea3o lu\u1eadn di\u1ec5n ra kh\u00e1 su\u00f4n s\u1ebb. S\u1ef1 \u0111\u1ed3ng h\u00e0nh v\u00e0 h\u01b0\u1edbng d\u1eabn c\u1ee7a mentor gi\u00fap m\u00ecnh \u0111\u1ecbnh h\u01b0\u1edbng r\u00f5 r\u00e0ng, hi\u1ec3u \u0111\u01b0\u1ee3c c\u00e1c nhi\u1ec7m v\u1ee5 c\u1ea7n th\u1ef1c hi\u1ec7n, t\u1eeb \u0111\u00f3 d\u1ea7n t\u00edch l\u0169y th\u00eam kinh nghi\u1ec7m v\u00e0 s\u1ef1 t\u1ef1 tin. Gi\u1ea3i th\u01b0\u1edfng Th\u1ef1c t\u1eadp sinh xu\u1ea5t s\u1eafc qu\u00fd III m\u00e0 m\u00ecnh nh\u1eadn \u0111\u01b0\u1ee3c t\u1ea1i KM c\u0169ng l\u00e0 nh\u1edd s\u1ef1 ch\u1ec9 d\u1eabn c\u1ee7a ch\u1ecb Chiba \u2014 ng\u01b0\u1eddi mentor ki\u00ean nh\u1eabn v\u00e0 t\u1eadn t\u00e2m \u0111\u00e3 \u0111\u1ed3ng h\u00e0nh v\u00e0 h\u1ed7 tr\u1ee3 m\u00ecnh r\u1ea5t nhi\u1ec1u t\u1eeb \u0111\u1ea7u \u0111\u1ebfn cu\u1ed1i k\u1ef3 th\u1ef1c t\u1eadp.<\/p>\n<\/blockquote>\n<h6 style=\"text-align: justify;\"><span style=\"color: #0062c2;\">B\u1ea1n mu\u1ed1n nh\u1eafn g\u1eedi \u0111i\u1ec1u g\u00ec t\u1edbi Konica Minolta?<img loading=\"lazy\" decoding=\"async\" class=\"aligncenter wp-image-11373\" src=\"https:\/\/www.konicaminolta.vn\/business\/wp-content\/uploads\/2025\/05\/Ngoc-2-1024x768.jpg\" alt=\"\" width=\"800\" height=\"600\" srcset=\"https:\/\/www.konicaminolta.vn\/business\/wp-content\/uploads\/2025\/05\/Ngoc-2-1024x768.jpg 1024w, https:\/\/www.konicaminolta.vn\/business\/wp-content\/uploads\/2025\/05\/Ngoc-2-300x225.jpg 300w, https:\/\/www.konicaminolta.vn\/business\/wp-content\/uploads\/2025\/05\/Ngoc-2-768x576.jpg 768w, https:\/\/www.konicaminolta.vn\/business\/wp-content\/uploads\/2025\/05\/Ngoc-2-1536x1152.jpg 1536w, https:\/\/www.konicaminolta.vn\/business\/wp-content\/uploads\/2025\/05\/Ngoc-2-2048x1536.jpg 2048w, https:\/\/www.konicaminolta.vn\/business\/wp-content\/uploads\/2025\/05\/Ngoc-2-600x450.jpg 600w\" sizes=\"auto, (max-width: 800px) 100vw, 800px\" \/>B\u1ea1n mu\u1ed1n nh\u1eafn g\u1eedi \u0111i\u1ec1u g\u00ec t\u1edbi Konica Minolta?<br \/>\n<\/span><\/h6>\n<blockquote>\n<p style=\"text-align: justify;\">M\u00ecnh xin g\u1eedi l\u1eddi c\u1ea3m \u01a1n ch\u00e2n th\u00e0nh nh\u1ea5t \u0111\u1ebfn Konica Minolta v\u00ec \u0111\u00e3 tin t\u01b0\u1edfng v\u00e0 trao cho m\u00ecnh c\u01a1 h\u1ed9i \u0111\u01b0\u1ee3c g\u1eb7p g\u1ee1, l\u00e0m vi\u1ec7c c\u00f9ng nh\u1eefng con ng\u01b0\u1eddi r\u1ea5t th\u00e2n thi\u1ec7n v\u00e0 chuy\u00ean nghi\u1ec7p trong su\u1ed1t k\u1ef3 th\u1ef1c t\u1eadp t\u1ea1i \u0111\u00e2y. S\u00e1u th\u00e1ng v\u1eeba qua l\u00e0 kho\u1ea3ng th\u1eddi gian tuy\u1ec7t v\u1eddi \u0111\u1ec3 m\u00ecnh h\u1ecdc h\u1ecfi v\u00e0 tr\u1ea3i nghi\u1ec7m. M\u00ecnh tin r\u1eb1ng \u0111\u00e2y l\u00e0 m\u1ed9t kh\u1edfi \u0111\u1ea7u t\u1ed1t \u0111\u1eb9p \u0111\u1ec3 b\u1ea3n th\u00e2n c\u00f3 th\u1ec3 t\u1ef1 tin b\u01b0\u1edbc ra th\u1ebf gi\u1edbi r\u1ed9ng l\u1edbn ngo\u00e0i c\u00e1nh c\u1ed5ng tr\u01b0\u1eddng \u0111\u1ea1i h\u1ecdc. M\u00ecnh s\u1ebd ti\u1ebfp t\u1ee5c trau d\u1ed3i v\u00e0 r\u00e8n luy\u1ec7n nhi\u1ec1u h\u01a1n n\u1eefa \u0111\u1ec3 c\u00f3 th\u1ec3 \u0111\u1ed3ng h\u00e0nh v\u00e0 g\u1eafn b\u00f3 l\u00e2u d\u00e0i v\u1edbi Konica tr\u00ean ch\u1eb7ng \u0111\u01b0\u1eddng s\u1eafp t\u1edbi.<\/p>\n<\/blockquote>\n<p><img loading=\"lazy\" decoding=\"async\" class=\"aligncenter wp-image-11374\" src=\"https:\/\/www.konicaminolta.vn\/business\/wp-content\/uploads\/2025\/05\/Ngoc-3-1024x768.jpg\" alt=\"\" width=\"800\" height=\"600\" srcset=\"https:\/\/www.konicaminolta.vn\/business\/wp-content\/uploads\/2025\/05\/Ngoc-3-1024x768.jpg 1024w, https:\/\/www.konicaminolta.vn\/business\/wp-content\/uploads\/2025\/05\/Ngoc-3-300x225.jpg 300w, https:\/\/www.konicaminolta.vn\/business\/wp-content\/uploads\/2025\/05\/Ngoc-3-768x576.jpg 768w, https:\/\/www.konicaminolta.vn\/business\/wp-content\/uploads\/2025\/05\/Ngoc-3-1536x1152.jpg 1536w, https:\/\/www.konicaminolta.vn\/business\/wp-content\/uploads\/2025\/05\/Ngoc-3-2048x1536.jpg 2048w, https:\/\/www.konicaminolta.vn\/business\/wp-content\/uploads\/2025\/05\/Ngoc-3-600x450.jpg 600w\" sizes=\"auto, (max-width: 800px) 100vw, 800px\" \/><\/p>\n","protected":false},"excerpt":{"rendered":"<p>Ch\u00e0o Ng\u1ecdc, b\u1ea1n c\u00f3 th\u1ec3 chia s\u1ebb c\u1ea3m x\u00fac c\u1ee7a m\u00ecnh v\u1ec1 qu\u00e1 tr\u00ecnh th\u1ef1c t\u1eadp t\u1ea1i Konica Minolta kh\u00f4ng? Xin ch\u00e0o, c\u1ea3m \u01a1n b\u1ea1n v\u00ec c\u00e2u h\u1ecfi n\u00e0y. K\u1ef3 th\u1ef1c t\u1eadp t\u1ea1i Konica Minolta l\u00e0 m\u1ed9t tr\u1ea3i nghi\u1ec7m v\u00f4 c\u00f9ng qu\u00fd gi\u00e1, mang l\u1ea1i cho m\u00ecnh r\u1ea5t nhi\u1ec1u ki\u1ebfn th\u1ee9c b\u1ed5 \u00edch. M\u00ecnh \u0111\u00e3<\/p>\n","protected":false},"author":1,"featured_media":0,"parent":0,"menu_order":0,"comment_status":"closed","ping_status":"closed","template":"","meta":{"footnotes":""},"class_list":["post-11377","page","type-page","status-publish","hentry"],"_links":{"self":[{"href":"https:\/\/www.konicaminolta.vn\/business\/wp-json\/wp\/v2\/pages\/11377","targetHints":{"allow":["GET"]}}],"collection":[{"href":"https:\/\/www.konicaminolta.vn\/business\/wp-json\/wp\/v2\/pages"}],"about":[{"href":"https:\/\/www.konicaminolta.vn\/business\/wp-json\/wp\/v2\/types\/page"}],"author":[{"embeddable":true,"href":"https:\/\/www.konicaminolta.vn\/business\/wp-json\/wp\/v2\/users\/1"}],"replies":[{"embeddable":true,"href":"https:\/\/www.konicaminolta.vn\/business\/wp-json\/wp\/v2\/comments?post=11377"}],"version-history":[{"count":1,"href":"https:\/\/www.konicaminolta.vn\/business\/wp-json\/wp\/v2\/pages\/11377\/revisions"}],"predecessor-version":[{"id":11378,"href":"https:\/\/www.konicaminolta.vn\/business\/wp-json\/wp\/v2\/pages\/11377\/revisions\/11378"}],"wp:attachment":[{"href":"https:\/\/www.konicaminolta.vn\/business\/wp-json\/wp\/v2\/media?parent=11377"}],"curies":[{"name":"wp","href":"https:\/\/api.w.org\/{rel}","templated":true}]}}