{"id":11472,"date":"2025-06-20T14:16:30","date_gmt":"2025-06-20T07:16:30","guid":{"rendered":"https:\/\/www.konicaminolta.vn\/business\/?page_id=11472"},"modified":"2025-06-20T16:03:34","modified_gmt":"2025-06-20T09:03:34","slug":"accuriopro-color-manager","status":"publish","type":"page","link":"https:\/\/www.konicaminolta.vn\/business\/accuriopro-color-manager\/","title":{"rendered":"AccurioPro Color Manager"},"content":{"rendered":"<h4><span style=\"color: #0062c2;\"><strong><img loading=\"lazy\" decoding=\"async\" class=\"alignnone size-large wp-image-11478\" src=\"https:\/\/www.konicaminolta.vn\/business\/wp-content\/uploads\/2025\/06\/Accurio-Pro-Color-Manager-Suite_Homepage_Desktop_1920x540-1024x288.jpg\" alt=\"\" width=\"1920\" height=\"288\" \/><\/strong><\/span><\/h4>\n<h4><span style=\"color: #0062c2;\"><strong>QU\u1ea2N L\u00dd M\u00c0U S\u1eaeC TRONG IN \u1ea4N TH\u1eacT \u0110\u01a0N GI\u1ea2N V\u00c0 D\u1ec4 D\u00c0NG.<\/strong><\/span><\/h4>\n<p style=\"text-align: justify;\">AccurioPro Color Manager 2 (APCM) Suite l\u00e0 s\u1ef1 k\u1ebft h\u1ee3p c\u00e1c c\u00f4ng c\u1ee5 \u0111\u1ec3 hi\u1ec7u chu\u1ea9n, t\u1ea1o h\u1ed3 s\u01a1 m\u00e0u, ki\u1ec3m tra v\u00e0 ki\u1ec3m so\u00e1t ch\u1ea5t l\u01b0\u1ee3ng m\u00e0u s\u1eafc c\u1ee7a c\u00e1c m\u00e1y in. S\u1ef1 k\u1ebft h\u1ee3p \u0111\u1ed9c \u0111\u00e1o v\u00e0 to\u00e0n di\u1ec7n c\u00e1c t\u00ednh n\u0103ng trong m\u1ed9t g\u00f3i ph\u1ea7n m\u1ec1m duy nh\u1ea5t khi\u1ebfn APCM tr\u1edf th\u00e0nh gi\u1ea3i ph\u00e1p v\u00f4 song trong l\u0129nh v\u1ef1c qu\u1ea3n l\u00fd v\u00e0 ki\u1ec3m so\u00e1t m\u00e0u s\u1eafc. Giao di\u1ec7n t\u1ed1i \u01b0u cho ng\u01b0\u1eddi d\u00f9ng c\u00f9ng quy tr\u00ecnh l\u00e0m vi\u1ec7c theo h\u01b0\u1edbng d\u1eabn t\u1eebng b\u01b0\u1edbc gi\u00fap ph\u1ea7n m\u1ec1m \u0111\u01a1n gi\u1ea3n v\u00e0 d\u1ec5 s\u1eed d\u1ee5ng ngay c\u1ea3 v\u1edbi nh\u1eefng ng\u01b0\u1eddi ch\u01b0a c\u00f3 kinh nghi\u1ec7m, \u0111\u1ed3ng th\u1eddi gi\u1ea3m b\u1edbt th\u1eddi gian h\u1ecdc t\u1eadp cho ng\u01b0\u1eddi v\u1eadn h\u00e0nh. Cu\u1ed1i c\u00f9ng nh\u01b0ng kh\u00f4ng k\u00e9m ph\u1ea7n quan tr\u1ecdng, c\u00e1c quy tr\u00ecnh tinh g\u1ecdn v\u00e0 ho\u1ea1t \u0111\u1ed9ng \u1ed5n \u0111\u1ecbnh s\u1ebd t\u1ed1i \u0111a h\u00f3a n\u0103ng su\u1ea5t c\u1ee7a m\u00e1y in v\u00e0 n\u00e2ng cao hi\u1ec7u qu\u1ea3 c\u1ee7a ph\u00f2ng in.<\/p>\n<h5><span style=\"color: #c0167b;\"><strong><img loading=\"lazy\" decoding=\"async\" class=\"aligncenter size-large wp-image-11482\" src=\"https:\/\/www.konicaminolta.vn\/business\/wp-content\/uploads\/2025\/06\/APCM2-2-1024x519.jpg\" alt=\"\" width=\"1024\" height=\"519\" srcset=\"https:\/\/www.konicaminolta.vn\/business\/wp-content\/uploads\/2025\/06\/APCM2-2-1024x519.jpg 1024w, https:\/\/www.konicaminolta.vn\/business\/wp-content\/uploads\/2025\/06\/APCM2-2-300x152.jpg 300w, https:\/\/www.konicaminolta.vn\/business\/wp-content\/uploads\/2025\/06\/APCM2-2-768x389.jpg 768w, https:\/\/www.konicaminolta.vn\/business\/wp-content\/uploads\/2025\/06\/APCM2-2-1536x779.jpg 1536w, https:\/\/www.konicaminolta.vn\/business\/wp-content\/uploads\/2025\/06\/APCM2-2-2048x1038.jpg 2048w, https:\/\/www.konicaminolta.vn\/business\/wp-content\/uploads\/2025\/06\/APCM2-2-600x304.jpg 600w\" sizes=\"auto, (max-width: 1024px) 100vw, 1024px\" \/><\/strong><\/span><\/h5>\n<h5><span style=\"color: #c0167b;\"><strong>L\u1ee3i \u00edch n\u1ed5i tr\u1ed9i c\u1ee7a AccurioPro Color Manager 2:<\/strong><\/span><\/h5>\n<p>&lt;&gt; Cung c\u1ea5p c\u00e1c s\u1ea3n ph\u1ea9m in \u1ea5n ti\u00eau chu\u1ea9n v\u00e0 c\u00f3 \u0111\u1ed9 tin c\u1eady cao.<\/p>\n<p>&lt;&gt; Gi\u1ea3m th\u1eddi gian \u0111i\u1ec1u ch\u1ec9nh th\u1ee7 c\u00f4ng, t\u0103ng th\u1eddi gian ho\u1ea1t \u0111\u1ed9ng c\u1ee7a m\u00e1y in.<\/p>\n<p>&lt;&gt; \u0110\u1ea3m b\u1ea3o ch\u1ea5t l\u01b0\u1ee3ng in m\u00e0u v\u1edbi c\u00e1c c\u00f4ng c\u1ee5 d\u1ec5 s\u1eed d\u1ee5ng.<\/p>\n<p>&lt;&gt; Thuy\u1ebft ph\u1ee5c kh\u00e1ch h\u00e0ng v\u1ec1 chuy\u00ean m\u00f4n c\u1ee7a b\u1ea1n trong vi\u1ec7c x\u1eed l\u00fd c\u00e1c c\u00f4ng vi\u1ec7c c\u1ee7a h\u1ecd.<\/p>\n<p>&lt;&gt; G\u1eb7t h\u00e1i l\u00f2ng trung th\u00e0nh c\u1ee7a kh\u00e1ch h\u00e0ng b\u1eb1ng c\u00e1ch cung c\u1ea5p d\u1ecbch v\u1ee5 ph\u00f9 h\u1ee3p v\u00e0 \u0111\u00e1ng tin c\u1eady.<\/p>\n<p>&lt;&gt; D\u1ec5 d\u00e0ng ch\u1ee9ng minh thi\u1ebft l\u1eadp \u0111\u00fang \u0111\u1eafn c\u1ee7a h\u1ec7 th\u1ed1ng s\u1ea3n xu\u1ea5t Konica Minolta c\u1ee7a b\u1ea1n.<\/p>\n<p>&lt;&gt; Gi\u1ea3m \u0111\u00e1ng k\u1ec3 th\u1eddi gian \u0111i\u1ec1u ch\u1ec9nh tr\u01b0\u1edbc khi in. Nh\u00e0 cung c\u1ea5p d\u1ecbch v\u1ee5 in c\u00f3 th\u1ec3 giao cho nh\u00e2n vi\u00ean c\u1ee7a h\u1ecd c\u00e1c nhi\u1ec7m v\u1ee5 s\u00e1ng t\u1ea1o h\u01a1n thay v\u00ec ch\u1ec9 in \u1ea5n.<\/p>\n<p>&lt;&gt; Tr\u00e1nh c\u00e1c cu\u1ed9c th\u1ea3o lu\u1eadn m\u01a1 h\u1ed3 v\u1ec1 m\u00e0u s\u1eafc v\u1edbi kh\u00e1ch h\u00e0ng.<\/p>\n<p>&lt;&gt; Ph\u1ed1i m\u00e0u ch\u00ednh x\u00e1c, ngay c\u1ea3 v\u1edbi ng\u01b0\u1eddi v\u1eadn h\u00e0nh m\u1edbi, tr\u00e1nh ho\u1eb7c \u00edt nh\u1ea5t l\u00e0 gi\u1ea3m thi\u1ec3u \u0111\u1ed9 kh\u00f3 khi h\u1ecdc.<\/p>\n<p>&lt;&gt; Gi\u1ea3m thi\u1ec3u l\u1ed7i in v\u00e0 nhu c\u1ea7u s\u1eeda ch\u1eefa ho\u1eb7c in l\u1ea1i c\u00e1c \u0111\u01a1n h\u00e0ng.<\/p>\n<p><img loading=\"lazy\" decoding=\"async\" class=\"aligncenter size-full wp-image-11484\" src=\"https:\/\/www.konicaminolta.vn\/business\/wp-content\/uploads\/2025\/06\/APCM2.jpg\" alt=\"\" width=\"627\" height=\"472\" srcset=\"https:\/\/www.konicaminolta.vn\/business\/wp-content\/uploads\/2025\/06\/APCM2.jpg 627w, https:\/\/www.konicaminolta.vn\/business\/wp-content\/uploads\/2025\/06\/APCM2-300x226.jpg 300w, https:\/\/www.konicaminolta.vn\/business\/wp-content\/uploads\/2025\/06\/APCM2-600x452.jpg 600w\" sizes=\"auto, (max-width: 627px) 100vw, 627px\" \/><\/p>\n<p><img loading=\"lazy\" decoding=\"async\" class=\"aligncenter size-full wp-image-11494\" src=\"https:\/\/www.konicaminolta.vn\/business\/wp-content\/uploads\/2025\/06\/APCM2-3-vi.jpg\" alt=\"\" width=\"703\" height=\"874\" srcset=\"https:\/\/www.konicaminolta.vn\/business\/wp-content\/uploads\/2025\/06\/APCM2-3-vi.jpg 703w, https:\/\/www.konicaminolta.vn\/business\/wp-content\/uploads\/2025\/06\/APCM2-3-vi-241x300.jpg 241w, https:\/\/www.konicaminolta.vn\/business\/wp-content\/uploads\/2025\/06\/APCM2-3-vi-600x746.jpg 600w\" sizes=\"auto, (max-width: 703px) 100vw, 703px\" \/><\/p>\n<h5 style=\"text-align: center;\"><a href=\"mailto:marketing.vietnam@konicaminolta.com\">Vui l\u00f2ng li\u00ean h\u1ec7 v\u1edbi c\u00e1c chuy\u00ean gia gi\u1ea3i ph\u00e1p c\u1ee7a Konica Minolta \u0111\u1ec3 \u0111\u01b0\u1ee3c t\u01b0 v\u1ea5n v\u00e0 b\u00e1o gi\u00e1 d\u1ecbch v\u1ee5<\/a><\/h5>\n<p>&nbsp;<\/p>\n<p>&nbsp;<\/p>\n","protected":false},"excerpt":{"rendered":"<p>QU\u1ea2N L\u00dd M\u00c0U S\u1eaeC TRONG IN \u1ea4N TH\u1eacT \u0110\u01a0N GI\u1ea2N V\u00c0 D\u1ec4 D\u00c0NG. AccurioPro Color Manager 2 (APCM) Suite l\u00e0 s\u1ef1 k\u1ebft h\u1ee3p c\u00e1c c\u00f4ng c\u1ee5 \u0111\u1ec3 hi\u1ec7u chu\u1ea9n, t\u1ea1o h\u1ed3 s\u01a1 m\u00e0u, ki\u1ec3m tra v\u00e0 ki\u1ec3m so\u00e1t ch\u1ea5t l\u01b0\u1ee3ng m\u00e0u s\u1eafc c\u1ee7a c\u00e1c m\u00e1y in. S\u1ef1 k\u1ebft h\u1ee3p \u0111\u1ed9c \u0111\u00e1o v\u00e0 to\u00e0n di\u1ec7n c\u00e1c<\/p>\n","protected":false},"author":1,"featured_media":0,"parent":0,"menu_order":0,"comment_status":"closed","ping_status":"closed","template":"","meta":{"footnotes":""},"class_list":["post-11472","page","type-page","status-publish","hentry"],"_links":{"self":[{"href":"https:\/\/www.konicaminolta.vn\/business\/wp-json\/wp\/v2\/pages\/11472","targetHints":{"allow":["GET"]}}],"collection":[{"href":"https:\/\/www.konicaminolta.vn\/business\/wp-json\/wp\/v2\/pages"}],"about":[{"href":"https:\/\/www.konicaminolta.vn\/business\/wp-json\/wp\/v2\/types\/page"}],"author":[{"embeddable":true,"href":"https:\/\/www.konicaminolta.vn\/business\/wp-json\/wp\/v2\/users\/1"}],"replies":[{"embeddable":true,"href":"https:\/\/www.konicaminolta.vn\/business\/wp-json\/wp\/v2\/comments?post=11472"}],"version-history":[{"count":4,"href":"https:\/\/www.konicaminolta.vn\/business\/wp-json\/wp\/v2\/pages\/11472\/revisions"}],"predecessor-version":[{"id":11498,"href":"https:\/\/www.konicaminolta.vn\/business\/wp-json\/wp\/v2\/pages\/11472\/revisions\/11498"}],"wp:attachment":[{"href":"https:\/\/www.konicaminolta.vn\/business\/wp-json\/wp\/v2\/media?parent=11472"}],"curies":[{"name":"wp","href":"https:\/\/api.w.org\/{rel}","templated":true}]}}