{"id":4814,"date":"2017-06-11T04:05:40","date_gmt":"2017-06-10T20:05:40","guid":{"rendered":"http:\/\/konicaminolta.me\/home\/"},"modified":"2018-07-11T14:40:05","modified_gmt":"2018-07-11T07:40:05","slug":"home","status":"publish","type":"page","link":"https:\/\/www.konicaminolta.vn\/business\/","title":{"rendered":"TRANG CH\u1ee6"},"content":{"rendered":"<div class=\"wpb-content-wrapper\"><p>[vc_row full_width=&#8221;stretch_row_content&#8221; parallax=&#8221;content-moving&#8221; parallax_speed_bg=&#8221;1&#8243; css=&#8221;.vc_custom_1497514080248{margin-bottom: 0px !important;}&#8221;][vc_column][rev_slider_vc alias=&#8221;homeslider2_vi&#8221;][vc_empty_space height=&#8221;32&#8243;][\/vc_column][\/vc_row][vc_row full_width=&#8221;stretch_row_content&#8221; css=&#8221;.vc_custom_1497158413943{padding-right: 40px !important;padding-left: 40px !important;}&#8221;][vc_column css_animation=&#8221;none&#8221; width=&#8221;1\/3&#8243; css=&#8221;.vc_custom_1529341267764{padding-right: 20px !important;padding-left: 20px !important;}&#8221;][vc_single_image image=&#8221;3782&#8243; img_size=&#8221;450&#215;250&#8243; style=&#8221;vc_box_shadow&#8221; css_animation=&#8221;none&#8221;][vc_column_text css=&#8221;.vc_custom_1529905260273{padding-right: 15px !important;padding-left: 15px !important;}&#8221;]<\/p>\n<h3><span style=\"color: #447dc7; font-family: arial, helvetica, sans-serif;\">C\u00f4ng ngh\u1ec7 ti\u00ean ti\u1ebfn<br \/>\n<\/span><\/h3>\n<p style=\"text-align: justify;\"><span style=\"font-family: arial, helvetica, sans-serif;\">Konica Minolta \u0111ang x\u00e1c \u0111\u1ecbnh l\u1ea1i n\u01a1i l\u00e0m vi\u1ec7c c\u1ee7a t\u01b0\u01a1ng lai, gi\u00fap b\u1ea1n l\u00e0m vi\u1ec7c th\u00f4ng minh h\u01a1n, hi\u1ec7u qu\u1ea3 h\u01a1n v\u00e0 c\u1ed9ng t\u00e1c. Kh\u00f4ng gian l\u00e0m vi\u1ec7c th\u00f4ng minh s\u1ebd bao g\u1ed3m m\u1ed9t m\u00f4i tr\u01b0\u1eddng di \u0111\u1ed9ng cao. K\u1ebft n\u1ed1i li\u1ec1n m\u1ea1ch v\u00e0 c\u1ed9ng t\u00e1c gi\u1eefa c\u00e1c nh\u00e2n vi\u00ean, d\u1ec5 d\u00e0ng truy c\u1eadp th\u00f4ng tin m\u1ecdi l\u00fac, m\u1ecdi n\u01a1i<\/span><\/p>\n<p>[\/vc_column_text][\/vc_column][vc_column css_animation=&#8221;none&#8221; width=&#8221;1\/3&#8243; css=&#8221;.vc_custom_1529341301317{padding-right: 20px !important;padding-left: 20px !important;}&#8221;][vc_single_image image=&#8221;3786&#8243; img_size=&#8221;450&#215;250&#8243; style=&#8221;vc_box_shadow&#8221; css_animation=&#8221;none&#8221;][vc_column_text css=&#8221;.vc_custom_1529905287038{padding-right: 15px !important;padding-left: 15px !important;}&#8221;]<\/p>\n<h3><span style=\"font-family: arial, helvetica, sans-serif; color: #8544c7;\">Gi\u1ea3i ph\u00e1p theo chi\u1ec1u d\u1ecdc<\/span><\/h3>\n<p>Konica Minolta, m\u1ed9t nh\u00e0 l\u00e3nh \u0111\u1ea1o trong t\u1ef1 \u0111\u1ed9ng h\u00f3a v\u0103n ph\u00f2ng, l\u00e0m vi\u1ec7c v\u1edbi nhi\u1ec1u c\u00f4ng ty \u0111\u1ec3 gi\u00fap h\u1ecd ho\u1ea1t \u0111\u1ed9ng \u1edf hi\u1ec7u su\u1ea5t cao nh\u1ea5t.<\/p>\n<p>\u0110\u01b0\u1ee3c trang b\u1ecb h\u01a1n 140 n\u0103m chuy\u00ean m\u00f4n, c\u00e1c gi\u1ea3i ph\u00e1p v\u00e0 \u0111\u1ed5i m\u1edbi t\u1eadp trung v\u00e0o kh\u00e1ch h\u00e0ng c\u1ee7a ch\u00fang t\u00f4i cho ph\u00e9p doanh nghi\u1ec7p k\u1ebft n\u1ed1i v\u00e0 bi\u1ebfn \u0111\u1ed5i trong l\u00e0n s\u00f3ng \u0111\u1ed5i m\u1edbi k\u1ef9 thu\u1eadt s\u1ed1.[\/vc_column_text][\/vc_column][vc_column css_animation=&#8221;none&#8221; width=&#8221;1\/3&#8243; css=&#8221;.vc_custom_1529341334443{padding-right: 20px !important;padding-left: 20px !important;}&#8221;][vc_single_image image=&#8221;3783&#8243; img_size=&#8221;450&#215;250&#8243; style=&#8221;vc_box_shadow&#8221; css_animation=&#8221;none&#8221;][vc_column_text css=&#8221;.vc_custom_1529905343342{padding-right: 15px !important;padding-left: 15px !important;}&#8221;]<\/p>\n<h3><span style=\"font-family: arial, helvetica, sans-serif;\"><span style=\"color: #db81c5;\">H\u1ed7 tr\u1ee3 &amp;\u00a0<\/span><span style=\"color: #db81c5;\">T\u1ea3i xu\u1ed1ng<\/span><\/span><\/h3>\n<p style=\"text-align: justify;\"><span style=\"font-family: arial, helvetica, sans-serif;\">\u0110\u1ec3 b\u1ed5 sung cho c\u00e1c gi\u1ea3i ph\u00e1p v\u00e0 gi\u1ea3i ph\u00e1p lu\u1ed3ng c\u00f4ng vi\u1ec7c \u0111\u01b0\u1ee3c gi\u1ea3i th\u01b0\u1edfng c\u1ee7a ch\u00fang t\u00f4i, Konica Minolta gi\u00fap b\u1ea1n \u0111\u00e1p \u1ee9ng nh\u1eefng th\u00e1ch th\u1ee9c c\u1ee7a m\u00f4i tr\u01b0\u1eddng c\u1ea1nh tranh nhanh hi\u1ec7n nay v\u1edbi m\u1ed9t lo\u1ea1t c\u00e1c d\u1ecbch v\u1ee5 v\u00e0 gi\u1ea3i ph\u00e1p c\u00f3 th\u1ec3 \u0111\u01b0\u1ee3c t\u00f9y ch\u1ec9nh theo nhu c\u1ea7u c\u1ee7a b\u1ea1n.<\/span><\/p>\n<p>[\/vc_column_text][\/vc_column][\/vc_row][vc_row full_width=&#8221;stretch_row_content&#8221; css=&#8221;.vc_custom_1497158733010{padding-right: 40px !important;padding-left: 40px !important;}&#8221;][vc_column width=&#8221;1\/3&#8243; css=&#8221;.vc_custom_1497165982029{margin-right: -40px !important;padding-right: 15px !important;padding-left: 15px !important;}&#8221;][vc_empty_space height=&#8221;20&#8243;][vc_column_text css=&#8221;.vc_custom_1529905405469{margin-right: 15px !important;margin-bottom: -1px !important;margin-left: 15px !important;border-right-width: 15px !important;border-left-width: 15px !important;padding-top: 5px !important;padding-right: 5px !important;padding-bottom: 5px !important;padding-left: 5px !important;background-color: #72ceea !important;background-position: center !important;background-repeat: no-repeat !important;background-size: contain !important;}&#8221;]<span style=\"color: #000000;\"><a style=\"color: #000000;\" href=\"\/?page_id=4022\"><span style=\"font-family: arial, helvetica, sans-serif;\"><strong>B\u1ea3o m\u1eadt IoT &amp; Gi\u1ea3i ph\u00e1p gi\u00e1m s\u00e1t<\/strong><\/span><\/a><\/span>[\/vc_column_text][vc_column_text css=&#8221;.vc_custom_1529905463504{margin-top: 3px !important;margin-right: 15px !important;margin-bottom: -1px !important;margin-left: 15px !important;border-right-width: 15px !important;border-left-width: 15px !important;padding-top: 5px !important;padding-bottom: 5px !important;padding-left: 5px !important;background-color: #72ceea !important;background-position: center !important;background-repeat: no-repeat !important;background-size: cover !important;}&#8221;]<span style=\"color: #000000;\"><a style=\"color: #000000;\" href=\"\/?page_id=3945\"><span style=\"font-family: arial, helvetica, sans-serif;\"><strong>Robot<\/strong><\/span><\/a><\/span>[\/vc_column_text][\/vc_column][vc_column width=&#8221;1\/3&#8243; css=&#8221;.vc_custom_1497165987522{padding-right: 15px !important;padding-left: 15px !important;}&#8221;][vc_empty_space height=&#8221;20&#8243;][vc_column_text css=&#8221;.vc_custom_1529905477923{margin-right: 15px !important;margin-bottom: -1px !important;margin-left: 15px !important;border-right-width: 15px !important;border-left-width: 15px !important;padding-top: 5px !important;padding-right: 10px !important;padding-bottom: 5px !important;padding-left: 5px !important;background-color: #a173ba !important;background-position: center !important;background-repeat: no-repeat !important;background-size: contain !important;}&#8221;]<span style=\"color: #000000;\"><a style=\"color: #000000;\" href=\"\/?page_id=1558\"><span style=\"font-family: arial, helvetica, sans-serif;\"><strong>Gi\u00e1o d\u1ee5c<\/strong><\/span><\/a><\/span>[\/vc_column_text][vc_column_text css=&#8221;.vc_custom_1529905494657{margin-top: 3px !important;margin-right: 15px !important;margin-bottom: -1px !important;margin-left: 15px !important;border-right-width: 15px !important;border-left-width: 15px !important;padding-top: 5px !important;padding-right: 10px !important;padding-bottom: 5px !important;padding-left: 5px !important;background-color: #a173ba !important;background-position: center !important;background-repeat: no-repeat !important;background-size: contain !important;}&#8221;]<span style=\"color: #000000;\"><a style=\"color: #000000;\" href=\"\/?page_id=1873\"><span style=\"font-family: arial, helvetica, sans-serif;\"><strong>Ch\u0103m s\u00f3c s\u1ee9c kh\u1ecfe<\/strong><\/span><\/a><\/span>[\/vc_column_text][\/vc_column][vc_column width=&#8221;1\/3&#8243; css=&#8221;.vc_custom_1497165993684{padding-right: 15px !important;padding-left: 15px !important;}&#8221;][vc_empty_space height=&#8221;20&#8243;][vc_column_text css=&#8221;.vc_custom_1529905516826{margin-top: 3px !important;margin-right: 15px !important;margin-bottom: -1px !important;margin-left: 15px !important;border-right-width: 15px !important;border-left-width: 15px !important;padding-top: 5px !important;padding-right: 10px !important;padding-bottom: 5px !important;padding-left: 5px !important;background-color: #ddb5dd !important;background-position: center !important;background-repeat: no-repeat !important;background-size: contain !important;}&#8221;]<span style=\"color: #000000;\"><a style=\"color: #000000;\" href=\"\/?page_id=2459\"><span style=\"font-family: arial, helvetica, sans-serif;\"><strong>H\u1ed7 tr\u1ee3 &amp; T\u1ea3i xu\u1ed1ng<\/strong><\/span><\/a><\/span>[\/vc_column_text][\/vc_column][\/vc_row][vc_row full_width=&#8221;stretch_row_content&#8221; css=&#8221;.vc_custom_1497514089076{margin-top: 0px !important;margin-bottom: 0px !important;}&#8221;][vc_column][vc_empty_space height=&#8221;32&#8243;][rev_slider_vc alias=&#8221;smartdigitaloffice2_vi&#8221;][\/vc_column][\/vc_row][vc_row full_width=&#8221;stretch_row_content&#8221;][vc_column][rev_slider_vc alias=&#8221;hometechno_vi&#8221;][vc_empty_space height=&#8221;32&#8243;][\/vc_column][\/vc_row][vc_row full_width=&#8221;stretch_row&#8221; css=&#8221;.vc_custom_1498111478215{background-color: #e7e7e7 !important;}&#8221;][vc_column][vc_empty_space height=&#8221;20px&#8221;][vc_column_text]<\/p>\n<p style=\"text-align: center;\"><strong>K\u1ebft n\u1ed1i v\u1edbi ch\u00fang t\u00f4i:<\/strong><\/p>\n<p>[\/vc_column_text][ucaddon_uc_elegant_social_icons uc_text_nosettings=&#8221;&#8221; uc_items_data=&#8221;JTVCJTdCJTIydGl0bGUlMjIlM0ElMjJGYWNlYm9vayUyMiUyQyUyMmhvdmVyX2NvbG9yJTIyJTNBJTIyJTIzM2EzYTNhJTIyJTJDJTIyYm9yZGVyX2NvbG9yJTIyJTNBJTIyJTIzZGJkYmRiJTIyJTJDJTIycHJpbWFyeV9jb2xvciUyMiUzQSUyMiUyMzQ5NDk0OSUyMiUyQyUyMmljb24lMjIlM0ElMjJmYWNlYm9vayUyMiUyQyUyMmxpbmslMjIlM0ElMjJodHRwcyUzQSUyRiUyRnd3dy5mYWNlYm9vay5jb20lMkZLb25pY2FNaW5vbHRhVmlldG5hbU9mZmljaWFsJTJGJTIyJTdEJTJDJTdCJTIydGl0bGUlMjIlM0ElMjJZb3V0dWJlJTIyJTJDJTIyaG92ZXJfY29sb3IlMjIlM0ElMjIlMjMzYTNhM2ElMjIlMkMlMjJib3JkZXJfY29sb3IlMjIlM0ElMjIlMjNkYmRiZGIlMjIlMkMlMjJwcmltYXJ5X2NvbG9yJTIyJTNBJTIyJTIzNDk0OTQ5JTIyJTJDJTIyaWNvbiUyMiUzQSUyMnlvdXR1YmUlMjIlMkMlMjJsaW5rJTIyJTNBJTIyaHR0cHMlM0ElMkYlMkZ3d3cueW91dHViZS5jb20lMkZjaGFubmVsJTJGVUM4Z0JBRWk5elBiSFZqNUdUTnU0bl9nJTIyJTdEJTJDJTdCJTIydGl0bGUlMjIlM0ElMjJsaW5rZWRpbiUyMiUyQyUyMmhvdmVyX2NvbG9yJTIyJTNBJTIyJTIzM2EzYTNhJTIyJTJDJTIyYm9yZGVyX2NvbG9yJTIyJTNBJTIyJTIzZGJkYmRiJTIyJTJDJTIycHJpbWFyeV9jb2xvciUyMiUzQSUyMiUyMzQ5NDk0OSUyMiUyQyUyMmljb24lMjIlM0ElMjJsaW5rZWRpbiUyMiUyQyUyMmxpbmslMjIlM0ElMjJodHRwcyUzQSUyRiUyRnd3dy5saW5rZWRpbi5jb20lMkZpbiUyRmtvbmljYS1taW5vbHRhLXZpZXRuYW0tODQ1MjE2MTI3JTJGJTIyJTdEJTVE&#8221;][vc_empty_space height=&#8221;50px&#8221;][\/vc_column][\/vc_row]<\/p>\n<\/div>","protected":false},"excerpt":{"rendered":"<p>[vc_row full_width=&#8221;stretch_row_content&#8221; parallax=&#8221;content-moving&#8221; parallax_speed_bg=&#8221;1&#8243; css=&#8221;.vc_custom_1497514080248{margin-bottom: 0px !important;}&#8221;][vc_column][rev_slider_vc alias=&#8221;homeslider2_vi&#8221;][vc_empty_space height=&#8221;32&#8243;][\/vc_column][\/vc_row][vc_row full_width=&#8221;stretch_row_content&#8221; css=&#8221;.vc_custom_1497158413943{padding-right: 40px !important;padding-left: 40px !important;}&#8221;][vc_column css_animation=&#8221;none&#8221; width=&#8221;1\/3&#8243; css=&#8221;.vc_custom_1529341267764{padding-right: 20px !important;padding-left: 20px !important;}&#8221;][vc_single_image image=&#8221;3782&#8243; img_size=&#8221;450&#215;250&#8243; style=&#8221;vc_box_shadow&#8221; css_animation=&#8221;none&#8221;][vc_column_text css=&#8221;.vc_custom_1529905260273{padding-right: 15px !important;padding-left: 15px !important;}&#8221;] C\u00f4ng ngh\u1ec7 ti\u00ean ti\u1ebfn Konica Minolta \u0111ang x\u00e1c \u0111\u1ecbnh l\u1ea1i n\u01a1i l\u00e0m vi\u1ec7c c\u1ee7a t\u01b0\u01a1ng lai, gi\u00fap b\u1ea1n l\u00e0m vi\u1ec7c th\u00f4ng minh h\u01a1n, hi\u1ec7u<\/p>\n","protected":false},"author":1,"featured_media":0,"parent":0,"menu_order":0,"comment_status":"closed","ping_status":"closed","template":"","meta":{"footnotes":""},"class_list":["post-4814","page","type-page","status-publish","hentry"],"_links":{"self":[{"href":"https:\/\/www.konicaminolta.vn\/business\/wp-json\/wp\/v2\/pages\/4814","targetHints":{"allow":["GET"]}}],"collection":[{"href":"https:\/\/www.konicaminolta.vn\/business\/wp-json\/wp\/v2\/pages"}],"about":[{"href":"https:\/\/www.konicaminolta.vn\/business\/wp-json\/wp\/v2\/types\/page"}],"author":[{"embeddable":true,"href":"https:\/\/www.konicaminolta.vn\/business\/wp-json\/wp\/v2\/users\/1"}],"replies":[{"embeddable":true,"href":"https:\/\/www.konicaminolta.vn\/business\/wp-json\/wp\/v2\/comments?post=4814"}],"version-history":[{"count":4,"href":"https:\/\/www.konicaminolta.vn\/business\/wp-json\/wp\/v2\/pages\/4814\/revisions"}],"predecessor-version":[{"id":5943,"href":"https:\/\/www.konicaminolta.vn\/business\/wp-json\/wp\/v2\/pages\/4814\/revisions\/5943"}],"wp:attachment":[{"href":"https:\/\/www.konicaminolta.vn\/business\/wp-json\/wp\/v2\/media?parent=4814"}],"curies":[{"name":"wp","href":"https:\/\/api.w.org\/{rel}","templated":true}]}}