{"id":5068,"date":"2017-07-17T15:06:04","date_gmt":"2017-07-17T07:06:04","guid":{"rendered":"http:\/\/konicaminolta.me\/about\/"},"modified":"2018-07-10T15:20:55","modified_gmt":"2018-07-10T08:20:55","slug":"about","status":"publish","type":"page","link":"https:\/\/www.konicaminolta.vn\/business\/about\/","title":{"rendered":"V\u1ec1 ch\u00fang t\u00f4i"},"content":{"rendered":"<div class=\"wpb-content-wrapper\"><p>[vc_row][vc_column width=&#8221;1\/2&#8243;][ucaddon_uc_side_carousel_content image=&#8221;2662&#8243; primary_color=&#8221;#003366&#8243; secondary_color=&#8221;#404040&#8243; title=&#8221;H\u1ed3 s\u01a1 c\u00f4ng ty&#8221; btn_text=&#8221;T\u00ecm hi\u1ec3u th\u00eam&#8221; link=&#8221;https:\/\/www.konicaminolta.vn\/business\/about\/company-profile\/&#8221;]Gi\u1ea3i ph\u00e1p kinh doanh Konica Minolta Asia \u0111ang bi\u1ebfn n\u01a1i l\u00e0m vi\u1ec7c c\u1ee7a t\u01b0\u01a1ng lai b\u1eb1ng c\u00e1c gi\u1ea3i ph\u00e1p v\u00e0 ph\u1ea7n c\u1ee9ng t\u1eadp trung v\u00e0o kh\u00e1ch h\u00e0ng c\u1ee7a m\u00ecnh &#8230;[\/ucaddon_uc_side_carousel_content][\/vc_column][vc_column width=&#8221;1\/2&#8243;][ucaddon_uc_side_carousel_content image=&#8221;2670&#8243; primary_color=&#8221;#003366&#8243; secondary_color=&#8221;#404040&#8243; title=&#8221;Tri\u1ebft l\u00fd c\u1ee7a ch\u00fang t\u00f4i&#8221; btn_text=&#8221;T\u00ecm hi\u1ec3u th\u00eam&#8221; link=&#8221;https:\/\/www.konicaminolta.vn\/business\/about\/our-philosophy\/&#8221;]\u201cT\u1ea1o ra gi\u00e1 tr\u1ecb m\u1edbi\u201d, \u0111\u00e2y l\u00e0 l\u00fd do ch\u00fang ta t\u1ed3n t\u1ea1i. 6 gi\u00e1 tr\u1ecb c\u1ee7a ch\u00fang t\u00f4i l\u00e0 b\u1ea3n ch\u1ea5t c\u1ee7a nh\u1eefng ni\u1ec1m tin s\u00e2u s\u1eafc nh\u1ea5t c\u1ee7a ch\u00fang t\u00f4i. T\u1ea7m nh\u00ecn c\u1ee7a ch\u00fang t\u00f4i r\u00f5 r\u00e0ng &#8230;[\/ucaddon_uc_side_carousel_content][\/vc_column][\/vc_row][vc_row][vc_column width=&#8221;1\/2&#8243;][ucaddon_uc_side_carousel_content image=&#8221;2666&#8243; primary_color=&#8221;#003366&#8243; secondary_color=&#8221;#404040&#8243; title=&#8221;Th\u00f4ng \u0111i\u1ec7p c\u1ee7a Gi\u00e1m \u0111\u1ed1c&#8221; btn_text=&#8221;T\u00ecm hi\u1ec3u th\u00eam&#8221; link=&#8221;https:\/\/www.konicaminolta.vn\/business\/about\/message-from-the-director\/&#8221; uc_init_settings=&#8221;&#8221;]\u201cCung c\u1ea5p c\u00e1c doanh nghi\u1ec7p c\u00f3 gi\u00e1 tr\u1ecb gia t\u0103ng cao v\u1edbi tr\u1ecdng t\u00e2m v\u00e0o trung t\u00e2m kh\u00e1ch h\u00e0ng\u201d. V\u1edbi s\u1ef1 ra \u0111\u1eddi c\u1ee7a nh\u1eefng ti\u1ebfn b\u1ed9 c\u00f4ng ngh\u1ec7 nh\u01b0 \u0111i\u1ec7n tho\u1ea1i di \u0111\u1ed9ng, \u0111\u00e1m m\u00e2y v\u00e0 d\u1eef li\u1ec7u l\u1edbn &#8230;[\/ucaddon_uc_side_carousel_content][\/vc_column][vc_column width=&#8221;1\/2&#8243;][ucaddon_uc_side_carousel_content image=&#8221;2671&#8243; primary_color=&#8221;#003366&#8243; secondary_color=&#8221;#404040&#8243; title=&#8221;M\u00f4i tr\u01b0\u1eddng&#8221; btn_text=&#8221;T\u00ecm hi\u1ec3u th\u00eam&#8221; link=&#8221;https:\/\/www.konicaminolta.vn\/business\/about\/environment\/&#8221; uc_init_settings=&#8221;&#8221;]T\u00ednh b\u1ec1n v\u1eefng cho m\u1ed9t th\u1ebf gi\u1edbi l\u00e0nh m\u1ea1nh &#8211; L\u00e0 m\u1ed9t t\u1eadp \u0111o\u00e0n to\u00e0n c\u1ea7u, ch\u00fang t\u00f4i hi\u1ec3u r\u00f5 v\u1ec1 t\u00e1c \u0111\u1ed9ng m\u00e0 ch\u00fang ta c\u00f3 th\u1ec3 c\u00f3 tr\u00ean th\u1ebf gi\u1edbi c\u1ee7a ch\u00fang ta, kh\u00f4ng ch\u1ec9 theo ngh\u0129a kinh doanh, m\u00e0 l\u00e0 &#8230;[\/ucaddon_uc_side_carousel_content][\/vc_column][\/vc_row][vc_row][vc_column width=&#8221;1\/2&#8243;][ucaddon_uc_side_carousel_content image=&#8221;2672&#8243; primary_color=&#8221;#003366&#8243; secondary_color=&#8221;#404040&#8243; title=&#8221;Tin t\u1ee9c&#8221; btn_text=&#8221;T\u00ecm hi\u1ec3u th\u00eam&#8221; link=&#8221;https:\/\/www.konicaminolta.vn\/business\/about\/news\/&#8221; uc_init_settings=&#8221;&#8221;]Konica Minolta Business Solutions Asia (BSA), m\u1ed9t nh\u00e0 cung c\u1ea5p gi\u00e1 tr\u1ecb t\u00edch h\u1ee3p v\u1edbi c\u00e1c gi\u1ea3i ph\u00e1p t\u1eadp trung v\u00e0o kh\u00e1ch h\u00e0ng, t\u1ef1 h\u00e0o c\u00f3 16 nh\u00e2n vi\u00ean \u0111\u01b0\u1ee3c ch\u1ee9ng nh\u1eadn l\u00e0 &#8230;[\/ucaddon_uc_side_carousel_content][\/vc_column][vc_column width=&#8221;1\/2&#8243;][\/vc_column][\/vc_row][vc_row][vc_column][vc_empty_space height=&#8221;50px&#8221;][\/vc_column][\/vc_row]<\/p>\n<\/div>","protected":false},"excerpt":{"rendered":"<p>[vc_row][vc_column width=&#8221;1\/2&#8243;][ucaddon_uc_side_carousel_content image=&#8221;2662&#8243; primary_color=&#8221;#003366&#8243; secondary_color=&#8221;#404040&#8243; title=&#8221;H\u1ed3 s\u01a1 c\u00f4ng ty&#8221; btn_text=&#8221;T\u00ecm hi\u1ec3u th\u00eam&#8221; link=&#8221;https:\/\/www.konicaminolta.vn\/business\/about\/company-profile\/&#8221;]Gi\u1ea3i ph\u00e1p kinh doanh Konica Minolta Asia \u0111ang bi\u1ebfn n\u01a1i l\u00e0m vi\u1ec7c c\u1ee7a t\u01b0\u01a1ng lai b\u1eb1ng c\u00e1c gi\u1ea3i ph\u00e1p v\u00e0 ph\u1ea7n c\u1ee9ng t\u1eadp trung v\u00e0o kh\u00e1ch h\u00e0ng c\u1ee7a m\u00ecnh &#8230;[\/ucaddon_uc_side_carousel_content][\/vc_column][vc_column width=&#8221;1\/2&#8243;][ucaddon_uc_side_carousel_content image=&#8221;2670&#8243; primary_color=&#8221;#003366&#8243; secondary_color=&#8221;#404040&#8243; title=&#8221;Tri\u1ebft l\u00fd c\u1ee7a ch\u00fang t\u00f4i&#8221; btn_text=&#8221;T\u00ecm hi\u1ec3u th\u00eam&#8221; link=&#8221;https:\/\/www.konicaminolta.vn\/business\/about\/our-philosophy\/&#8221;]\u201cT\u1ea1o<\/p>\n","protected":false},"author":1,"featured_media":0,"parent":0,"menu_order":0,"comment_status":"closed","ping_status":"closed","template":"","meta":{"footnotes":""},"class_list":["post-5068","page","type-page","status-publish","hentry"],"_links":{"self":[{"href":"https:\/\/www.konicaminolta.vn\/business\/wp-json\/wp\/v2\/pages\/5068","targetHints":{"allow":["GET"]}}],"collection":[{"href":"https:\/\/www.konicaminolta.vn\/business\/wp-json\/wp\/v2\/pages"}],"about":[{"href":"https:\/\/www.konicaminolta.vn\/business\/wp-json\/wp\/v2\/types\/page"}],"author":[{"embeddable":true,"href":"https:\/\/www.konicaminolta.vn\/business\/wp-json\/wp\/v2\/users\/1"}],"replies":[{"embeddable":true,"href":"https:\/\/www.konicaminolta.vn\/business\/wp-json\/wp\/v2\/comments?post=5068"}],"version-history":[{"count":4,"href":"https:\/\/www.konicaminolta.vn\/business\/wp-json\/wp\/v2\/pages\/5068\/revisions"}],"predecessor-version":[{"id":5922,"href":"https:\/\/www.konicaminolta.vn\/business\/wp-json\/wp\/v2\/pages\/5068\/revisions\/5922"}],"wp:attachment":[{"href":"https:\/\/www.konicaminolta.vn\/business\/wp-json\/wp\/v2\/media?parent=5068"}],"curies":[{"name":"wp","href":"https:\/\/api.w.org\/{rel}","templated":true}]}}