{"id":5071,"date":"2017-10-26T12:32:13","date_gmt":"2017-10-26T04:32:13","guid":{"rendered":"http:\/\/konicaminolta.me\/about\/awards\/"},"modified":"2020-05-20T14:51:41","modified_gmt":"2020-05-20T07:51:41","slug":"awards","status":"publish","type":"page","link":"https:\/\/www.konicaminolta.vn\/business\/about\/awards\/","title":{"rendered":"Gi\u1ea3i th\u01b0\u1edfng"},"content":{"rendered":"<div class=\"wpb-content-wrapper\"><p>[vc_row][vc_column width=&#8221;5\/6&#8243;][vc_column_text]<\/p>\n<p style=\"text-align: justify;\">Konica Minolta \u0111\u00e3 gi\u00e0nh \u0111\u01b0\u1ee3c nhi\u1ec1u gi\u1ea3i th\u01b0\u1edfng v\u00e0 \u0111\u01b0\u1ee3c c\u00f4ng nh\u1eadn trong nh\u1eefng n\u0103m qua, bao g\u1ed3m gi\u1ea3i th\u01b0\u1edfng &#8220;Th\u01b0\u01a1ng hi\u1ec7u \u0111\u01b0\u1ee3c kh\u00e1ch h\u00e0ng tin t\u01b0\u1edfng v\u00e0 l\u1ef1a ch\u1ecdn trong ph\u00e2n kh\u00fac m\u00e1y photocopy \u0111a ch\u1ee9c n\u0103ng&#8221; \u0111\u01b0\u1ee3c trao t\u1eb7ng b\u1edfi Brand Keys trong b\u1ea3y n\u0103m li\u00ean ti\u1ebfp. B\u00ean c\u1ea1nh \u0111\u00f3, d\u00f2ng Bizhub MFP A3 c\u1ee7a Konica Minolta c\u0169ng \u0111\u01b0\u1ee3c m\u1ec7nh danh l\u00e0 \u201cD\u00f2ng s\u1ea3n ph\u1ea9m A3 MFP c\u1ee7a n\u0103m\u201d trong b\u1ed1n n\u0103m li\u00ean ti\u1ebfp.<\/p>\n<p>[\/vc_column_text][vc_single_image image=&#8221;4343&#8243; img_size=&#8221;full&#8221; css_animation=&#8221;right-to-left&#8221;][vc_single_image image=&#8221;4340&#8243; img_size=&#8221;full&#8221; css_animation=&#8221;right-to-left&#8221; css=&#8221;.vc_custom_1509956003318{background-color: #fefefe !important;}&#8221;][vc_empty_space][vc_separator][vc_empty_space][vc_column_text]<\/p>\n<p style=\"text-align: justify;\"><strong>Digital Print Expert\u00a0<\/strong><br \/>\n<img loading=\"lazy\" decoding=\"async\" class=\"size-full wp-image-4346 alignleft\" src=\"https:\/\/www.konicaminolta.vn\/business\/wp-content\/uploads\/2017\/10\/digital-print-expert.png\" alt=\"\" width=\"220\" height=\"119\" \/>Nh\u00e2n vi\u00ean Konica Minolta \u0111\u01b0\u1ee3c ch\u1ee9ng nh\u1eadn l\u00e0 chuy\u00ean gia in k\u1ef9 thu\u1eadt s\u1ed1 Fogra VPC (DPE-VPC). Theo ti\u00eau chu\u1ea9n ISO 12647-8, gi\u1ea5y ch\u1ee9ng nh\u1eadn truy c\u1eadp tr\u1ea3i nghi\u1ec7m c\u1ee7a t\u1eebng c\u00e1 nh\u00e2n v\u1edbi h\u1ec7 th\u1ed1ng \u0111\u1ea7u ra k\u1ef9 thu\u1eadt s\u1ed1, quy tr\u00ecnh l\u00e0m vi\u1ec7c d\u1ef1a tr\u00ean PDF v\u00e0 quy tr\u00ecnh h\u00ecnh \u1ea3nh v\u1edbi ki\u1ebfn th\u1ee9c tr\u01b0\u1edbc chuy\u1ebfn bay. C\u00e1c DPE \u0111\u01b0\u1ee3c ch\u1ee9ng nh\u1eadn c\u00f3 th\u1ec3 ch\u1ee9ng minh kh\u1ea3 n\u0103ng c\u1ee7a h\u1ecd v\u1ec1 giao ti\u1ebfp m\u00e0u, chu\u1ea9n b\u1ecb d\u1eef li\u1ec7u cho lu\u1ed3ng c\u00f4ng vi\u1ec7c lai v\u00e0 gi\u1ea3i quy\u1ebft v\u1ea5n \u0111\u1ec1 \u0111i\u1ec3n h\u00ecnh m\u1ed9t c\u00e1ch c\u00f3 h\u1ec7 th\u1ed1ng m\u1ed9t c\u00e1ch \u0111\u00e1ng tin c\u1eady.<\/p>\n<p>[\/vc_column_text][vc_empty_space][vc_separator][vc_empty_space][vc_column_text]<\/p>\n<p style=\"text-align: justify;\"><span style=\"font-family: arial, helvetica, sans-serif;\"><b>T\u1ed5 ch\u1ee9c qu\u1ed1c t\u1ebf Buyer Lab (BLI)<\/b><\/span><\/p>\n<p style=\"text-align: justify;\"><span style=\"font-family: arial, helvetica, sans-serif;\">Buyer Lab, nh\u00e0 cung c\u1ea5p d\u1ecbch v\u1ee5 th\u1eed nghi\u1ec7m th\u00f4ng minh h\u00e0ng \u0111\u1ea7u trong ng\u00e0nh c\u00f4ng nghi\u1ec7p h\u00ecnh \u1ea3nh t\u00e0i li\u1ec7u, trao gi\u1ea3i th\u01b0\u1edfng \u201cD\u00f2ng s\u1ea3n ph\u1ea9m c\u1ee7a n\u0103m\u201d cho m\u00e1y photocopy kh\u1ed5 A3 bizhub c\u1ee7a th\u01b0\u01a1ng hi\u1ec7u Konica Minolta sau khi xem x\u00e9t v\u00e0 \u0111\u00e1nh gi\u00e1 s\u1ea3n ph\u1ea9m mang l\u1ea1i gi\u00e1 tr\u1ecb v\u00e0 hi\u1ec7u su\u1ea5t t\u1ed1t nh\u1ea5t cho kh\u00e1ch h\u00e0ng. T\u1ed5ng c\u1ed9ng, Konica Minolta \u0111\u00e3 \u0111\u1ea1t \u0111\u01b0\u1ee3c 04 gi\u1ea3i th\u01b0\u1edfng BLI Line c\u1ee7a n\u0103m, 19 gi\u1ea3i th\u01b0\u1edfng c\u1ee7a n\u0103m cho c\u00e1c s\u1ea3n ph\u1ea9m m\u00e1y photocopy m\u00e0u \u0111a ch\u1ee9c n\u0103ng, 9 gi\u1ea3i th\u01b0\u1edfng trong c\u00e1c s\u1ea3n ph\u1ea9m m\u00e1y photocopy tr\u1eafng \u0111en \u0111a ch\u1ee9c n\u0103ng v\u00e0 9 gi\u1ea3i th\u01b0\u1edfng th\u00e0nh t\u00edch xu\u1ea5t s\u1eafc kh\u00e1c t\u1eeb BLI. Trong m\u1ea3ng h\u1ec7 th\u1ed1ng in c\u00f4ng nghi\u1ec7p, trong n\u0103m 2018, Konica Minolta \u0111\u00e3 nh\u1eadn \u0111\u01b0\u1ee3c gi\u1ea3i th\u01b0\u1edfng quan tr\u1ecdng cho d\u00f2ng s\u1ea3n ph\u1ea9m Accurio Press C6085 v\u1edbi ch\u1ee9c n\u0103ng in banner kh\u1ed5 l\u1edbn. Konica Minolta c\u0169ng l\u00e0 c\u00f4ng ty \u0111\u1ea7u ti\u00ean trong l\u1edbp c\u1ee7a m\u00ecnh gi\u00e0nh gi\u1ea3i th\u01b0\u1edfng Gi\u1ea3i th\u01b0\u1edfng h\u00ecnh \u1ea3nh t\u00e0i li\u1ec7u \u0111\u1ea7u ti\u00ean c\u1ee7a n\u0103m c\u1ee7a BLI.<\/span><\/p>\n<p>[\/vc_column_text][vc_single_image image=&#8221;4349&#8243; img_size=&#8221;full&#8221; css_animation=&#8221;right-to-left&#8221;][vc_row_inner][vc_column_inner width=&#8221;2\/3&#8243;][vc_single_image image=&#8221;4226&#8243; img_size=&#8221;full&#8221; css_animation=&#8221;right-to-left&#8221;][vc_single_image image=&#8221;6938&#8243; img_size=&#8221;full&#8221; css_animation=&#8221;right-to-left&#8221;][\/vc_column_inner][vc_column_inner width=&#8221;1\/3&#8243;][\/vc_column_inner][\/vc_row_inner][vc_column_text][\/vc_column_text][\/vc_column][vc_column width=&#8221;1\/6&#8243;][\/vc_column][\/vc_row][vc_row][vc_column][vc_empty_space height=&#8221;50px&#8221;][\/vc_column][\/vc_row]<\/p>\n<\/div>","protected":false},"excerpt":{"rendered":"<p>[vc_row][vc_column width=&#8221;5\/6&#8243;][vc_column_text] Konica Minolta \u0111\u00e3 gi\u00e0nh \u0111\u01b0\u1ee3c nhi\u1ec1u gi\u1ea3i th\u01b0\u1edfng v\u00e0 \u0111\u01b0\u1ee3c c\u00f4ng nh\u1eadn trong nh\u1eefng n\u0103m qua, bao g\u1ed3m gi\u1ea3i th\u01b0\u1edfng &#8220;Th\u01b0\u01a1ng hi\u1ec7u \u0111\u01b0\u1ee3c kh\u00e1ch h\u00e0ng tin t\u01b0\u1edfng v\u00e0 l\u1ef1a ch\u1ecdn trong ph\u00e2n kh\u00fac m\u00e1y photocopy \u0111a ch\u1ee9c n\u0103ng&#8221; \u0111\u01b0\u1ee3c trao t\u1eb7ng b\u1edfi Brand Keys trong b\u1ea3y n\u0103m li\u00ean ti\u1ebfp. B\u00ean c\u1ea1nh \u0111\u00f3, d\u00f2ng<\/p>\n","protected":false},"author":1,"featured_media":0,"parent":5068,"menu_order":0,"comment_status":"closed","ping_status":"closed","template":"","meta":{"footnotes":""},"class_list":["post-5071","page","type-page","status-publish","hentry"],"_links":{"self":[{"href":"https:\/\/www.konicaminolta.vn\/business\/wp-json\/wp\/v2\/pages\/5071","targetHints":{"allow":["GET"]}}],"collection":[{"href":"https:\/\/www.konicaminolta.vn\/business\/wp-json\/wp\/v2\/pages"}],"about":[{"href":"https:\/\/www.konicaminolta.vn\/business\/wp-json\/wp\/v2\/types\/page"}],"author":[{"embeddable":true,"href":"https:\/\/www.konicaminolta.vn\/business\/wp-json\/wp\/v2\/users\/1"}],"replies":[{"embeddable":true,"href":"https:\/\/www.konicaminolta.vn\/business\/wp-json\/wp\/v2\/comments?post=5071"}],"version-history":[{"count":5,"href":"https:\/\/www.konicaminolta.vn\/business\/wp-json\/wp\/v2\/pages\/5071\/revisions"}],"predecessor-version":[{"id":6939,"href":"https:\/\/www.konicaminolta.vn\/business\/wp-json\/wp\/v2\/pages\/5071\/revisions\/6939"}],"up":[{"embeddable":true,"href":"https:\/\/www.konicaminolta.vn\/business\/wp-json\/wp\/v2\/pages\/5068"}],"wp:attachment":[{"href":"https:\/\/www.konicaminolta.vn\/business\/wp-json\/wp\/v2\/media?parent=5071"}],"curies":[{"name":"wp","href":"https:\/\/api.w.org\/{rel}","templated":true}]}}