{"id":5072,"date":"2017-07-17T15:07:11","date_gmt":"2017-07-17T07:07:11","guid":{"rendered":"http:\/\/konicaminolta.me\/about\/company-profile\/"},"modified":"2025-07-09T16:37:31","modified_gmt":"2025-07-09T09:37:31","slug":"company-profile","status":"publish","type":"page","link":"https:\/\/www.konicaminolta.vn\/business\/about\/company-profile\/","title":{"rendered":"H\u1ed3 s\u01a1 c\u00f4ng ty"},"content":{"rendered":"<div class=\"wpb-content-wrapper\"><p><span style=\"font-family: georgia, palatino, serif; font-size: 12pt;\">[vc_row 0=&#8221;&#8221;][vc_column width=&#8221;5\/6&#8243;][vc_column_text 0=&#8221;&#8221;]<\/span><\/p>\n<p style=\"text-align: justify;\">C\u00f4ng ty TNHH Konica Minolta Business Solutions Vi\u1ec7t Nam thu\u1ed9c s\u1edf h\u1eefu 100% v\u1ed1n c\u1ee7a t\u1eadp \u0111o\u00e0n Konica Minolta, Tokyo, Nh\u1eadt B\u1ea3n. V\u1edbi chuy\u00ean m\u00f4n trong l\u0129nh v\u1ef1c h\u00ecnh \u1ea3nh, x\u1eed l\u00fd d\u1eef li\u1ec7u v\u00e0 t\u1ea1o ra c\u00e1c gi\u1ea3i ph\u00e1p d\u1ef1a tr\u00ean d\u1eef li\u1ec7u \u0111\u1ec3 gi\u00fap doanh nghi\u1ec7p \u0111\u01b0a ra quy\u1ebft \u0111\u1ecbnh kinh doanh, Konica Minolta cam k\u1ebft mang \u0111\u1ebfn nh\u1eefng thi\u1ebft b\u1ecb v\u00e0 gi\u1ea3i ph\u00e1p ph\u00f9 h\u1ee3p cho qu\u00fd kh\u00e1ch h\u00e0ng, \u0111\u1ed3ng th\u1eddi h\u1ed7 tr\u1ee3 gi\u1ea3i quy\u1ebft nh\u1eefng v\u1ea5n \u0111\u1ec1 kh\u00f3 kh\u0103n trong x\u00e3 h\u1ed9i.<\/p>\n<p style=\"text-align: justify;\">V\u1edbi c\u01b0\u01a1ng v\u1ecb l\u00e0 \u0111\u1ed1i t\u00e1c chuy\u00ean cung c\u1ea5p c\u00e1c gi\u1ea3i ph\u00e1p k\u1ef9 thu\u1eadt s\u1ed1 d\u00e0nh cho v\u0103n ph\u00f2ng l\u00e0m vi\u1ec7c, Konica Minolta lu\u00f4n n\u1ed7 l\u1ef1c \u0111\u1ec3 h\u1ed7 tr\u1ee3 qu\u00fd kh\u00e1ch h\u00e0ng trong vi\u1ec7c x\u00e1c \u0111\u1ecbnh c\u0169ng nh\u01b0 m\u1edf kh\u00f3a ti\u1ec1m n\u0103ng ph\u00e1t tri\u1ec3n k\u1ef9 thu\u1eadt s\u1ed1, gi\u00fap doanh nghi\u1ec7p v\u01b0\u01a1n \u0111\u1ebfn m\u1ed9t t\u1ea7m cao m\u1edbi trong quy tr\u00ecnh s\u1ed1 h\u00f3a th\u00f4ng qua nh\u1eefng gi\u1ea3i ph\u00e1p v\u00e0 thi\u1ebft b\u1ecb \u0111\u01b0\u1ee3c thi\u1ebft k\u1ebf d\u00e0nh ri\u00eang cho m\u00f4i tr\u01b0\u1eddng l\u00e0m vi\u1ec7c t\u1ea1i v\u0103n ph\u00f2ng.<\/p>\n<p style=\"text-align: justify;\">V\u1edbi cam k\u1ebft th\u1ef1c hi\u1ec7n c\u00e1c M\u1ee5c ti\u00eau Ph\u00e1t tri\u1ec3n B\u1ec1n v\u1eefng (SDGs), Konica Minolta lu\u00f4n n\u1ed7 l\u1ef1c kh\u00f4ng ng\u1eebng trong vi\u1ec7c ho\u00e0n th\u00e0nh c\u00e1c m\u1ee5c ti\u00eau \u0111\u1ec3 \u0111\u1ea3m b\u1ea3o t\u00ednh b\u1ec1n v\u1eefng c\u0169ng nh\u01b0 duy tr\u00ec tr\u00e1ch nhi\u1ec7m c\u1ee7a doanh nghi\u1ec7p \u0111\u1ed1i v\u1edbi x\u00e3 h\u1ed9i. Konica Minolta \u0111\u00e3 nhi\u1ec1u l\u1ea7n \u0111\u01b0\u1ee3c c\u00f4ng nh\u1eadn v\u1ec1 nh\u1eefng th\u00e0nh t\u1ef1u l\u1ecbch s\u1eed \u0111\u00f3ng g\u00f3p cho x\u00e3 h\u1ed9i tr\u00ean nhi\u1ec1u ph\u01b0\u01a1ng di\u1ec7n, v\u00e0 nh\u1eefng n\u1ed7 l\u1ef1c \u0111\u1ec3 \u0111\u1ea1t m\u1ee5c ti\u00eau ph\u00e1t tri\u1ec3n b\u1ec1n v\u1eefng trong su\u1ed1t qu\u00e1 tr\u00ecnh kinh doanh, Konica Minolta c\u0169ng \u0111\u01b0\u1ee3c li\u1ec7t k\u00ea trong danh s\u00e1ch \u201c100 t\u1eadp \u0111o\u00e0n b\u1ec1n v\u1eefng nh\u1ea5t to\u00e0n c\u1ea7u n\u0103m 2021\u201d, v\u00e0 \u0111\u00e3 \u0111\u01b0\u1ee3c \u0111\u00e1nh gi\u00e1 x\u1ebfp h\u1ea1ng cao nh\u1ea5t trong EcoVadis Sustainable Ratings.<\/p>\n<p style=\"text-align: justify;\">L\u00e0 t\u1eadp \u0111o\u00e0n \u0111a qu\u1ed1c gia ho\u1ea1t \u0111\u1ed9ng tr\u00ean quy m\u00f4 to\u00e0n c\u1ea7u, Konica Minolta s\u1edf h\u1eefu m\u1ed9t \u0111\u1ed9i ng\u0169 v\u1edbi h\u01a1n 43.000 nh\u00e2n vi\u00ean v\u00e0 \u0111ang ho\u1ea1t \u0111\u1ed9ng t\u1ea1i h\u01a1n 150 qu\u1ed1c gia tr\u00ean to\u00e0n th\u1ebf gi\u1edbi.<\/p>\n<p style=\"text-align: justify;\">\u0110\u1ec3 bi\u1ebft th\u00eam th\u00f4ng tin chi ti\u1ebft, xin vui l\u00f2ng truy c\u1eadp: <a href=\"https:\/\/www.konicaminolta.com\/\">https:\/\/www.konicaminolta.com\/<\/a><\/p>\n<p>[\/vc_column_text][vc_empty_space 0=&#8221;&#8221;][vc_column_text 0=&#8221;&#8221;]\n<table id=\"tablepress-9\" class=\"tablepress tablepress-id-9\">\n<tbody class=\"row-hover\">\n<tr class=\"row-1 odd\">\n\t<td class=\"column-1\">T\u00ean c\u00f4ng ty<br \/>\n<\/td><td class=\"column-2\">C\u00f4ng ty TNHH Konica Minolta Business Solutions Vi\u1ec7t Nam<\/td>\n<\/tr>\n<tr class=\"row-2 even\">\n\t<td class=\"column-1\">Tr\u1ee5 s\u1edf chi\u0301nh<br \/>\n<\/td><td class=\"column-2\">L\u1ea7u 2, T\u00f2a nh\u00e0 Pearl 5, 05 \u0110\u01b0\u1eddng L\u00ea Qu\u00fd \u0110\u00f4n, Ph\u01b0\u1eddng Xu\u00e2n H\u00f2a, Th\u00e0nh Ph\u1ed1 H\u1ed3 Ch\u00ed Minh.<br \/>\n\u0110i\u1ec7n tho\u1ea1i: +84 (028) 3915 4242<br \/>\nFax: +84 (028) 3915 3670 - Email: marketing.vietnam@konicaminolta.com<\/td>\n<\/tr>\n<tr class=\"row-3 odd\">\n\t<td class=\"column-1\">Chi nha\u0301nh t\u1ea1i H\u00e0 N\u1ed9i<\/td><td class=\"column-2\">T\u1ea7ng 19, T\u00f2a nh\u00e0 Th\u0103ng Long, s\u1ed1 98 Ng\u1ee5y Nh\u01b0 Kon Tum, Ph\u01b0\u1eddng Thanh Xu\u00e2n, Th\u00e0nh Ph\u1ed1 H\u00e0 N\u1ed9i.<br \/>\n\u0110i\u1ec7n tho\u1ea1i: +84 (024) 3776 7023<br \/>\nFax: +84 (024) 3776 7025 - Email: marketing.vietnam@konicaminolta.com<br \/>\n<\/td>\n<\/tr>\n<tr class=\"row-4 even\">\n\t<td class=\"column-1\">V\u0103n ph\u00f2ng \u0111\u1ea1i di\u1ec7n t\u1ea1i \u0110\u00e0 N\u1eb5ng<\/td><td class=\"column-2\">T\u00f2a nh\u00e0 \u0110\u1ed7 Gia, T\u1ea7ng 5, 685 Ng\u00f4 Quy\u1ec1n, Ph\u01b0\u1eddng An H\u1ea3i, Th\u00e0nh Ph\u1ed1 \u0110\u00e0 N\u1eb5ng.<br \/>\n\u0110i\u1ec7n tho\u1ea1i: +84 (023) 6730 4243 - Email: marketing.vietnam@konicaminolta.com<\/td>\n<\/tr>\n<tr class=\"row-5 odd\">\n\t<td class=\"column-1\">Trung t\u00e2m h\u1ed7 tr\u1ee3 d\u1ecbch v\u1ee5 t\u1ea1i B\u00ecnh D\u01b0\u01a1ng<\/td><td class=\"column-2\">Chung c\u01b0 Ph\u00fac \u0110\u1ea1t Connect, Ph\u01b0\u1eddng Ph\u00fa L\u1ee3i, Th\u00e0nh Ph\u1ed1 H\u1ed3 Ch\u00ed Minh.<br \/>\nEmail: marketing.vietnam@konicaminolta.com<br \/>\n<\/td>\n<\/tr>\n<tr class=\"row-6 even\">\n\t<td class=\"column-1\">Trung t\u00e2m h\u1ed7 tr\u1ee3 d\u1ecbch v\u1ee5 t\u1ea1i H\u1ea3i Ph\u00f2ng<\/td><td class=\"column-2\">Ph\u00f2ng 401, L\u1ea7u 4, T\u00f2a nh\u00e0 19, \u0110i\u1ec7n Bi\u00ean Ph\u1ee7, Ph\u01b0\u1eddng Gia Vi\u00ean, Th\u00e0nh Ph\u1ed1 H\u1ea3i Ph\u00f2ng.<br \/>\n\u0110i\u1ec7n tho\u1ea1i: +84 (0) 961 420 750 - Email: marketing.vietnam@konicaminolta.com<br \/>\n<\/td>\n<\/tr>\n<tr class=\"row-7 odd\">\n\t<td class=\"column-1\">Trung t\u00e2m h\u1ed7 tr\u1ee3 d\u1ecbch v\u1ee5 t\u1ea1i \u0110\u1ed3ng Nai<\/td><td class=\"column-2\">Ph\u00f2ng s\u1ed1 5, T\u1ea7ng 2, Trung T\u00e2m \u0110i\u1ec1u H\u00e0nh Khu C\u00f4ng Nghi\u1ec7p Long \u0110\u1ee9c Khu C\u00f4ng Nghi\u1ec7p Long \u0110\u1ee9c, X\u00e3 B\u00ecnh An , T\u1ec9nh \u0110\u1ed3ng Nai, Vi\u1ec7t Nam<br \/>\nEmail: marketing.vietnam@konicaminolta.com<\/td>\n<\/tr>\n<tr class=\"row-8 even\">\n\t<td class=\"column-1\">Th\u00e0nh l\u1eadp<br \/>\n<\/td><td class=\"column-2\">Th\u00e1ng 5 n\u0103m 2012<\/td>\n<\/tr>\n<tr class=\"row-9 odd\">\n\t<td class=\"column-1\">Ho\u1ea1t \u0111\u1ed9ng kinh doanh ch\u00ednh<\/td><td class=\"column-2\">Kinh doanh, ph\u00e2n ph\u1ed1i &amp; d\u1ecbch v\u1ee5 c\u00e1c thi\u1ebft b\u1ecb m\u00e1y in \u0111a ch\u1ee9c n\u0103ng, m\u00e1y Photocopy \u0111a ch\u1ee9c n\u0103ng bizhub, m\u00e1y in s\u1ea3n xu\u1ea5t AccurioPress, m\u00e1y in tem nh\u00e3n AccruioLabel, h\u1ec7 th\u1ed1ng camera Mobotix v\u00e0 c\u00e1c thi\u1ebft b\u1ecb IT kh\u00e1c.<\/td>\n<\/tr>\n<tr class=\"row-10 even\">\n\t<td class=\"column-1\">B\u00e1o c\u00e1o vi ph\u1ea1m v\u1ec1 Tu\u00e2n th\u1ee7 nguy\u00ean t\u1eafc c\u1ee7a T\u1eadp \u0111o\u00e0n<\/td><td class=\"column-2\">M\u1ecdi s\u1ef1 g\u00f3p \u00fd v\u00e0 ph\u1ea3n \u00e1nh v\u1ec1 vi\u1ec7c n\u00e0y, xin qu\u00fd kh\u00e1ch h\u00e0ng v\u00e0 \u0111\u1ed1i t\u00e1c vui l\u00f2ng g\u1eedi email v\u1ec1 \u0111\u1ecba ch\u1ec9: suggestionbox@konicaminolta.vn<\/td>\n<\/tr>\n<\/tbody>\n<\/table>\n[\/vc_column_text][vc_column_text 0=&#8221;&#8221;]<span style=\"font-family: arial, helvetica, sans-serif;\">* M\u1edf c\u1eeda t\u1eeb th\u1ee9 Hai \u0111\u1ebfn th\u1ee9 S\u00e1u, t\u1eeb 8h30 s\u00e1ng \u0111\u1ebfn 5h30 t\u1ed1i (tr\u1eeb ng\u00e0y l\u1ec5)<\/span><\/p>\n<p>[\/vc_column_text][\/vc_column][vc_column width=&#8221;1\/6&#8243;][\/vc_column][\/vc_row][vc_row 0=&#8221;&#8221;][vc_column 0=&#8221;&#8221;][vc_empty_space height=&#8221;50px&#8221;][\/vc_column][\/vc_row]<\/p>\n<hr \/>\n<h4>Nh\u1eefng c\u00e2u h\u1ecfi th\u01b0\u1eddng g\u1eb7p<\/h4>\n<p style=\"text-align: justify;\"><span style=\"color: #0062c2;\"><strong>\u0110i\u1ec3m kh\u00e1c bi\u1ec7t c\u1ee7a Konica Minolta so v\u1edbi nh\u1eefng c\u00f4ng ty kh\u00e1c?<\/strong><\/span><\/p>\n<p style=\"text-align: justify;\">Konica Minolta \u0111\u01b0\u1ee3c c\u00f4ng nh\u1eadn l\u00e0 doanh nghi\u1ec7p h\u00e0ng \u0111\u1ea7u tr\u00ean th\u1ecb tr\u01b0\u1eddng trong vi\u1ec7c cung c\u1ea5p nh\u1eefng s\u1ea3n ph\u1ea9m v\u00e0 d\u1ecbch v\u1ee5 \u0111\u1ea1t ch\u1ea5t l\u01b0\u1ee3ng cao, mang l\u1ea1i s\u1ef1 tin c\u1eady v\u00e0 \u0111\u1ed5i m\u1edbi cho kh\u00e1ch h\u00e0ng, \u0111\u1ed3ng th\u1eddi \u0111\u1ea3m b\u1ea3o \u0111\u01b0\u1ee3c nh\u1eefng cam k\u1ebft c\u1ee7a Konica Minolta trong vi\u1ec7c ph\u00e1t huy, duy tr\u00ec t\u00ednh b\u1ec1n v\u1eefng v\u00e0 quy\u1ec1n con ng\u01b0\u1eddi trong x\u00e3 h\u1ed9i.<\/p>\n<p style=\"text-align: justify;\"><span style=\"color: #0062c2;\"><strong>Nh\u1eefng th\u00e0nh t\u1ef1u c\u1ee7a Konica Minolta tr\u00ean th\u1ecb tr\u01b0\u1eddng qu\u1ed1c t\u1ebf l\u00e0 g\u00ec?<\/strong><\/span><\/p>\n<p style=\"text-align: justify;\">V\u1edbi t\u01b0 c\u00e1ch l\u00e0 m\u1ed9t t\u1eadp \u0111o\u00e0n to\u00e0n c\u1ea7u, Konica Minolta nh\u1eadn th\u1ee9c r\u00f5 v\u1ec1 t\u1ea7m \u1ea3nh h\u01b0\u1edfng c\u1ee7a ch\u00fang t\u00f4i \u0111\u1ebfn th\u1ebf gi\u1edbi &#8211; kh\u00f4ng ch\u1ec9 \u1edf kh\u00eda c\u1ea1nh kinh doanh m\u00e0 c\u00f2n \u1edf kh\u1ea3 n\u0103ng b\u1ea3o v\u1ec7 m\u00f4i tr\u01b0\u1eddng. Eco Vision 2050 l\u00e0 k\u1ebf ho\u1ea1ch h\u00e0nh \u0111\u1ed9ng d\u00e0i h\u1ea1n c\u1ee7a Konica Minolta trong vi\u1ec7c b\u1ea3o v\u1ec7 m\u00f4i tr\u01b0\u1eddng, g\u00f3p ph\u1ea7n v\u00e0o vi\u1ec7c ki\u1ebfn t\u1ea1o n\u00ean m\u1ed9t h\u00e0nh tinh b\u1ec1n v\u1eefng: <a href=\"https:\/\/www.konicaminolta.vn\/business\/about\/environment\/\">https:\/\/www.konicaminolta.vn\/business\/about\/environment\/<\/a><\/p>\n<p style=\"text-align: justify;\"><span style=\"color: #0062c2;\"><strong>Nh\u1eefng gi\u1ea3i th\u01b0\u1edfng m\u00e0 Konica Minolta \u0111\u00e3 \u0111\u1ea1t \u0111\u01b0\u1ee3c l\u00e0 g\u00ec?<\/strong><\/span><\/p>\n<p style=\"text-align: justify;\">Trong nhi\u1ec1u n\u0103m qua, Konica Minolta \u0111\u00e3 gi\u00e0nh \u0111\u01b0\u1ee3c nhi\u1ec1u gi\u1ea3i th\u01b0\u1edfng v\u00e0 s\u1ef1 c\u00f4ng nh\u1eadn \u0111\u1ed1i v\u1edbi c\u00e1c d\u1ecbch v\u1ee5 in \u1ea5n, nh\u1eefng gi\u1ea3i ph\u00e1p chuy\u1ec3n \u0111\u1ed5i v\u00e0 h\u1ed7 tr\u1ee3 doanh nghi\u1ec7p m\u00e0 ch\u00fang t\u00f4i cung c\u1ea5p: <a href=\"https:\/\/www.konicaminolta.vn\/business\/about\/awards\/\">https:\/\/www.konicaminolta.vn\/business\/about\/awards\/<\/a><\/p>\n<p style=\"text-align: justify;\"><span style=\"color: #0062c2;\"><strong>Konica Minolta \u0111\u00e3 l\u00e0m th\u1ebf n\u00e0o \u0111\u1ec3 b\u1eaft k\u1ecbp v\u1edbi nh\u1eefng xu h\u01b0\u1edbng v\u00e0 c\u1ea3i ti\u1ebfn k\u1ef9 thu\u1eadt s\u1ed1 m\u1edbi nh\u1ea5t tr\u00ean th\u1ecb tr\u01b0\u1eddng?<\/strong><\/span><\/p>\n<p style=\"text-align: justify;\">Konica Minolta Business Solutions \u0111\u01b0\u1ee3c c\u00f4ng nh\u1eadn tr\u00ean to\u00e0n c\u1ea7u v\u1edbi c\u01b0\u01a1ng v\u1ecb l\u00e0 nh\u00e0 cung c\u1ea5p c\u00e1c gi\u1ea3i ph\u00e1p c\u00f4ng ngh\u1ec7 v\u00e0 gi\u1ea3i ph\u00e1p chuy\u1ec3n \u0111\u1ed5i in \u1ea5n \u0111\u00e1ng tin c\u1eady h\u00e0ng \u0111\u1ea7u tr\u00ean th\u1ecb tr\u01b0\u1eddng (IDC MarketScape, 2020). Tuy nhi\u00ean, ch\u00fang t\u00f4i v\u1eabn kh\u00f4ng ng\u1eebng n\u1ed7 l\u1ef1c trong vi\u1ec7c h\u1ed7 tr\u1ee3 c\u00e1c doanh nghi\u1ec7p \u0111\u1ecbnh h\u00ecnh kh\u00f4ng gian l\u00e0m vi\u1ec7c c\u1ee7a t\u01b0\u01a1ng lai. Th\u00f4ng qua nh\u1eefng quy tr\u00ecnh \u0111\u1ed5i m\u1edbi v\u00e0 c\u00e1c m\u1ed1i quan h\u1ec7 \u0111\u1ed1i t\u00e1c, ch\u00fang t\u00f4i r\u1ea5t t\u1ef1 h\u00e0o v\u1ec1 kh\u1ea3 n\u0103ng cung c\u1ea5p c\u00e1c d\u1ecbch v\u1ee5 CNTT to\u00e0n di\u1ec7n, c\u00e1c gi\u1ea3i ph\u00e1p in \u1ea5n t\u1ed1i \u01b0u v\u00e0 t\u01b0 v\u1ea5n t\u1eadn t\u00ecnh hi\u1ec7u qu\u1ea3 \u0111\u1ec3 gi\u00fap c\u00e1c doanh nghi\u1ec7p kh\u00e1ch h\u00e0ng c\u00f3 th\u1ec3 t\u1ed1i \u01b0u h\u00f3a quy tr\u00ecnh kinh doanh trong h\u00e0nh tr\u00ecnh chuy\u1ec3n \u0111\u1ed5i k\u1ef9 thu\u1eadt s\u1ed1.<\/p>\n<p>&nbsp;<\/p>\n<p>&nbsp;<\/p>\n<\/div>","protected":false},"excerpt":{"rendered":"<p>[vc_row 0=&#8221;&#8221;][vc_column width=&#8221;5\/6&#8243;][vc_column_text 0=&#8221;&#8221;] C\u00f4ng ty TNHH Konica Minolta Business Solutions Vi\u1ec7t Nam thu\u1ed9c s\u1edf h\u1eefu 100% v\u1ed1n c\u1ee7a t\u1eadp \u0111o\u00e0n Konica Minolta, Tokyo, Nh\u1eadt B\u1ea3n. V\u1edbi chuy\u00ean m\u00f4n trong l\u0129nh v\u1ef1c h\u00ecnh \u1ea3nh, x\u1eed l\u00fd d\u1eef li\u1ec7u v\u00e0 t\u1ea1o ra c\u00e1c gi\u1ea3i ph\u00e1p d\u1ef1a tr\u00ean d\u1eef li\u1ec7u \u0111\u1ec3 gi\u00fap doanh nghi\u1ec7p \u0111\u01b0a ra quy\u1ebft<\/p>\n","protected":false},"author":1,"featured_media":0,"parent":5068,"menu_order":0,"comment_status":"closed","ping_status":"closed","template":"","meta":{"footnotes":""},"class_list":["post-5072","page","type-page","status-publish","hentry"],"_links":{"self":[{"href":"https:\/\/www.konicaminolta.vn\/business\/wp-json\/wp\/v2\/pages\/5072","targetHints":{"allow":["GET"]}}],"collection":[{"href":"https:\/\/www.konicaminolta.vn\/business\/wp-json\/wp\/v2\/pages"}],"about":[{"href":"https:\/\/www.konicaminolta.vn\/business\/wp-json\/wp\/v2\/types\/page"}],"author":[{"embeddable":true,"href":"https:\/\/www.konicaminolta.vn\/business\/wp-json\/wp\/v2\/users\/1"}],"replies":[{"embeddable":true,"href":"https:\/\/www.konicaminolta.vn\/business\/wp-json\/wp\/v2\/comments?post=5072"}],"version-history":[{"count":4,"href":"https:\/\/www.konicaminolta.vn\/business\/wp-json\/wp\/v2\/pages\/5072\/revisions"}],"predecessor-version":[{"id":11539,"href":"https:\/\/www.konicaminolta.vn\/business\/wp-json\/wp\/v2\/pages\/5072\/revisions\/11539"}],"up":[{"embeddable":true,"href":"https:\/\/www.konicaminolta.vn\/business\/wp-json\/wp\/v2\/pages\/5068"}],"wp:attachment":[{"href":"https:\/\/www.konicaminolta.vn\/business\/wp-json\/wp\/v2\/media?parent=5072"}],"curies":[{"name":"wp","href":"https:\/\/api.w.org\/{rel}","templated":true}]}}