{"id":5073,"date":"2017-07-17T15:08:20","date_gmt":"2017-07-17T07:08:20","guid":{"rendered":"http:\/\/konicaminolta.me\/about\/environment\/"},"modified":"2018-06-26T01:21:04","modified_gmt":"2018-06-25T18:21:04","slug":"environment","status":"publish","type":"page","link":"https:\/\/www.konicaminolta.vn\/business\/about\/environment\/","title":{"rendered":"M\u00f4i tr\u01b0\u1eddng"},"content":{"rendered":"<div class=\"wpb-content-wrapper\"><p>[vc_row][vc_column][vc_column_text]<\/p>\n<h2 style=\"text-align: center;\"><span class=\"bannerTitle\">T\u00ednh b\u1ec1n v\u1eefng cho m\u1ed9t th\u1ebf gi\u1edbi l\u00e0nh m\u1ea1nh<\/span><\/h2>\n<p class=\"bannerBody\">L\u00e0 m\u1ed9t t\u1eadp \u0111o\u00e0n to\u00e0n c\u1ea7u, ch\u00fang t\u00f4i hi\u1ec3u r\u00f5 v\u1ec1 t\u00e1c \u0111\u1ed9ng m\u00e0 ch\u00fang ta c\u00f3 th\u1ec3 c\u00f3 tr\u00ean th\u1ebf gi\u1edbi c\u1ee7a ch\u00fang ta &#8211; kh\u00f4ng ch\u1ec9 trong \u00fd ngh\u0129a kinh doanh, m\u00e0 c\u00f2n trong kh\u1ea3 n\u0103ng m\u00f4i tr\u01b0\u1eddng.<\/p>\n<p>[\/vc_column_text][vc_empty_space height=&#8221;32&#8243;][\/vc_column][\/vc_row][vc_row][vc_column width=&#8221;1\/2&#8243;][vc_column_text]<iframe loading=\"lazy\" src=\"https:\/\/www.youtube.com\/embed\/Tbzlv7DheSU?rel=0\" width=\"100%\" height=\"292\" frameborder=\"0\" allowfullscreen=\"allowfullscreen\"><\/iframe>[\/vc_column_text][\/vc_column][vc_column width=&#8221;1\/2&#8243;][vc_column_text]<\/p>\n<h4><strong>Eco Vision 2050<\/strong><\/h4>\n<p dir=\"ltr\" style=\"text-align: justify;\">Eco Vision 2050 l\u00e0 k\u1ebf ho\u1ea1ch h\u00e0nh \u0111\u1ed9ng m\u00f4i tr\u01b0\u1eddng l\u00e2u d\u00e0i c\u1ee7a Konica Minolta \u0111\u1ec3 gi\u00fap ch\u00fang t\u00f4i \u0111\u00f3ng g\u00f3p cho m\u1ed9t h\u00e0nh tinh b\u1ec1n v\u1eefng.<\/p>\n<p dir=\"ltr\">M\u1ee5c ti\u00eau c\u1ee7a ch\u00fang t\u00f4i:<\/p>\n<ul class=\"env_list\" dir=\"ltr\">\n<li>Gi\u1ea3m ph\u00e1t th\u1ea3i CO<sub>2<\/sub> trong su\u1ed1t v\u00f2ng \u0111\u1eddi s\u1ea3n ph\u1ea9m l\u00ean 80%<\/li>\n<li>Th\u00fac \u0111\u1ea9y t\u00e1i ch\u1ebf<\/li>\n<li>L\u00e0m vi\u1ec7c \u0111\u1ec3 th\u00fac \u0111\u1ea9y \u0111a d\u1ea1ng sinh h\u1ecdc<\/li>\n<\/ul>\n<p>&nbsp;<\/p>\n<p><a href=\"http:\/\/kmbs.konicaminolta.us\/wps\/wcm\/connect\/newweb\/9f0acf1c-525e-41a9-8696-4121475c11dc\/CSR_Report.pdf?MOD=AJPERES&amp;CVID=lvoqZaX&amp;CVID=lvoqZaX&amp;CVID=lvoqZaX&amp;CVID=lvoqZaX&amp;CVID=lvoqZaX&amp;CVID=lvoqZaX&amp;CVID=lvoqZaX&amp;CVID=lvoqZaX\" target=\"_blank\" rel=\"noopener noreferrer\">B\u00e1o c\u00e1o CSR<\/a>\u00a0|\u00a0<a href=\"http:\/\/kmbs.konicaminolta.us\/wps\/wcm\/connect\/newweb\/a6e0a39a-2a73-4587-92ba-517151265f84\/Environmental_Report_2016.pdf?MOD=AJPERES&amp;CVID=lvDVOwh&amp;CVID=lvDVOwh&amp;CVID=lvDVOwh&amp;CVID=lvDVOwh&amp;CVID=lvDVOwh&amp;CVID=lvDVOwh\" target=\"_blank\" rel=\"noopener noreferrer\">B\u00e1o c\u00e1o m\u00f4i tr\u01b0\u1eddng<\/a>\u00a0|\u00a0<a href=\"http:\/\/kmbs.konicaminolta.us\/wps\/wcm\/connect\/newweb\/3f018c15-9116-4d3d-b74f-c0d72b1ed62e\/Enviornmental_Broc_16.pdf?MOD=AJPERES&amp;CVID=lhyxecY&amp;CVID=lhyxecY&amp;CVID=lhyxecY&amp;CVID=lhyxecY&amp;CVID=lhyxecY&amp;CVID=lhyxecY&amp;CVID=lhyxecY&amp;CVID=lhyxecY&amp;CVID=lhyxecY&amp;CVID=lhyxecY&amp;CVID=lhyxecY&amp;CVID=lhyxecY&amp;CVID=lhyxecY&amp;CVID=lhyxecY&amp;CVID=lhyxecY&amp;CVID=lhyxecY\" target=\"_blank\" rel=\"noopener noreferrer\">T\u00e0i li\u1ec7u m\u00f4i tr\u01b0\u1eddng<\/a>\u00a0|\u00a0<a title=\"\" href=\"http:\/\/kmbs.konicaminolta.us\/eco\/index.html\" target=\"_blank\" rel=\"noopener noreferrer\">M\u00e1y t\u00ednh sinh th\u00e1i<\/a>[\/vc_column_text][\/vc_column][\/vc_row][vc_row][vc_column][vc_empty_space height=&#8221;32&#8243;][vc_separator][\/vc_column][\/vc_row][vc_row][vc_column width=&#8221;1\/2&#8243;][vc_column_text]<\/p>\n<h3><img loading=\"lazy\" decoding=\"async\" class=\"alignnone size-full wp-image-3416\" src=\"https:\/\/www.konicaminolta.vn\/business\/wp-content\/uploads\/2017\/07\/green_productscopy.png\" alt=\"\" width=\"149\" height=\"100\" \/><\/h3>\n<h4><strong>S\u1ea3n ph\u1ea9m xanh<\/strong><\/h4>\n<p style=\"text-align: justify;\">H\u1ec7 th\u1ed1ng ch\u1ee9ng nh\u1eadn s\u1ea3n ph\u1ea9m xanh c\u1ee7a Konica Minolta l\u00e0 m\u1ed9t qu\u00e1 tr\u00ecnh ban \u0111\u1ea7u \u0111\u1ec3 \u0111\u00e1nh gi\u00e1 v\u00e0 ch\u1ee9ng nh\u1eadn c\u00e1c s\u1ea3n ph\u1ea9m c\u00f3 hi\u1ec7u su\u1ea5t m\u00f4i tr\u01b0\u1eddng cao c\u1ea5p<\/p>\n<p style=\"text-align: justify;\">ECO FRIENDLY PLASTICS<br \/>\nKonica Minolta \u0111\u00e3 ph\u00e1t tri\u1ec3n m\u1ed9t c\u00f4ng ngh\u1ec7 pha tr\u1ed9n nh\u1ef1a PET v\u1edbi PC t\u1eeb chai n\u01b0\u1edbc \u0111\u1ec3 t\u1ea1o ra m\u1ed9t v\u1eadt li\u1ec7u t\u00e1i ch\u1ebf c\u00f3 th\u1ec3 \u0111\u01b0\u1ee3c s\u1eed d\u1ee5ng trong v\u1ecf b\u1ecdc ngo\u00e0i c\u1ee7a MFP. \u0110\u00e2y l\u00e0 l\u1ea7n \u0111\u1ea7u ti\u00ean s\u1eed d\u1ee5ng v\u1eadt li\u1ec7u t\u00e1i ch\u1ebf cho v\u1ecf b\u1ecdc ngo\u00e0i c\u1ee7a MFP trong ng\u00e0nh. Ch\u00fang t\u00f4i c\u0169ng \u0111\u00e3 b\u1eaft \u0111\u1ea7u s\u1ea3n xu\u1ea5t chai m\u1ef1c l\u00e0m t\u1eeb nh\u1ef1a HDPE t\u00e1i ch\u1ebf t\u1eeb chai s\u1eefa t\u00e1i ch\u1ebf.<\/p>\n<p style=\"text-align: justify;\">SIMITRI TONER<br \/>\nM\u1ef1c Simitri ri\u00eang c\u1ee7a Konica Minolta \u0111\u01b0\u1ee3c l\u00e0m t\u1eeb v\u1eadt li\u1ec7u &#8220;sinh kh\u1ed1i&#8221; c\u1ee7a th\u1ef1c v\u1eadt. N\u00f3 ch\u1ee9a c\u00e1c h\u1ea1t nh\u1ecf h\u01a1n so v\u1edbi m\u1ef1c th\u00f4ng th\u01b0\u1eddng gi\u00fap gi\u1ea3m m\u1ee9c ti\u00eau th\u1ee5 m\u1ef1c t\u1edbi 30%.<\/p>\n<p style=\"text-align: justify;\">IH FIXING TECHNOLOGY<br \/>\nS\u01b0\u1edfi \u1ea5m c\u1ea3m \u1ee9ng (IH) C\u00f4ng ngh\u1ec7 s\u1eeda ch\u1eefa ch\u1ec9 l\u00e0m n\u00f3ng b\u1ec1 m\u1eb7t c\u1ee7a con l\u0103n h\u01a1n l\u00e0 to\u00e0n b\u1ed9 tr\u1ee5c l\u0103n. \u0110i\u1ec1u n\u00e0y l\u00e0m gi\u1ea3m ti\u00eau th\u1ee5 \u0111i\u1ec7n n\u0103ng trong qu\u00e1 tr\u00ecnh s\u1eeda ch\u1eefa v\u00e0 d\u1eabn \u0111\u1ebfn th\u1eddi gian kh\u1edfi \u0111\u1ed9ng ng\u1eafn h\u01a1n. Ngo\u00e0i ra, t\u00ednh n\u0103ng n\u00e0y s\u1ebd t\u1ef1 \u0111\u1ed9ng c\u1eaft gi\u1ea3m nhi\u1ec7t c\u1ed1 \u0111\u1ecbnh c\u00f2n l\u1ea1i khi kh\u00f4ng c\u00f3 c\u00f4ng vi\u1ec7c in \u0111ang di\u1ec5n ra, g\u00f3p ph\u1ea7n ti\u1ebft ki\u1ec7m n\u0103ng l\u01b0\u1ee3ng h\u01a1n n\u1eefa.<\/p>\n<p>[\/vc_column_text][\/vc_column][vc_column width=&#8221;1\/2&#8243;][vc_column_text]<\/p>\n<h3><img loading=\"lazy\" decoding=\"async\" class=\"alignnone size-full wp-image-3417\" src=\"https:\/\/www.konicaminolta.vn\/business\/wp-content\/uploads\/2017\/07\/green_factory.png\" alt=\"\" width=\"149\" height=\"105\" \/><\/h3>\n<h4><strong>Nh\u00e0 m\u00e1y xanh<\/strong><\/h4>\n<p style=\"text-align: justify;\">Konica Minolta v\u1eadn h\u00e0nh H\u1ec7 th\u1ed1ng Ch\u1ee9ng nh\u1eadn Nh\u00e0 m\u00e1y Xanh g\u1ed1c \u0111\u1ec3 \u0111\u00e1nh gi\u00e1 to\u00e0n di\u1ec7n c\u00e1c ho\u1ea1t \u0111\u1ed9ng m\u00f4i tr\u01b0\u1eddng t\u1ea1i c\u00e1c \u0111\u1ecba \u0111i\u1ec3m s\u1ea3n xu\u1ea5t. H\u1ec7 th\u1ed1ng n\u00e0y nh\u1eb1m m\u1ee5c \u0111\u00edch gi\u1ea3m l\u01b0\u1ee3ng ch\u1ea5t th\u1ea3i, kh\u00ed th\u1ea3i CO2 v\u00e0 gi\u1ea3m c\u00e1c ch\u1ea5t h\u00f3a h\u1ecdc t\u1ea1i t\u1eebng khu v\u1ef1c s\u1ea3n xu\u1ea5t.<\/p>\n<p style=\"text-align: justify;\">Th\u00f4ng qua s\u00e1ng ki\u1ebfn n\u00e0y, ch\u00fang t\u00f4i c\u0169ng l\u00e0m vi\u1ec7c v\u1edbi c\u00e1c nh\u00e0 cung c\u1ea5p \u0111\u1ec3 gi\u00fap gi\u1ea3m t\u00e1c \u0111\u1ed9ng m\u00f4i tr\u01b0\u1eddng c\u1ee7a h\u1ecd.<\/p>\n<p>[\/vc_column_text][\/vc_column][\/vc_row][vc_row][vc_column][vc_empty_space height=&#8221;50px&#8221;][\/vc_column][\/vc_row]<\/p>\n<\/div>","protected":false},"excerpt":{"rendered":"<p>[vc_row][vc_column][vc_column_text] T\u00ednh b\u1ec1n v\u1eefng cho m\u1ed9t th\u1ebf gi\u1edbi l\u00e0nh m\u1ea1nh L\u00e0 m\u1ed9t t\u1eadp \u0111o\u00e0n to\u00e0n c\u1ea7u, ch\u00fang t\u00f4i hi\u1ec3u r\u00f5 v\u1ec1 t\u00e1c \u0111\u1ed9ng m\u00e0 ch\u00fang ta c\u00f3 th\u1ec3 c\u00f3 tr\u00ean th\u1ebf gi\u1edbi c\u1ee7a ch\u00fang ta &#8211; kh\u00f4ng ch\u1ec9 trong \u00fd ngh\u0129a kinh doanh, m\u00e0 c\u00f2n trong kh\u1ea3 n\u0103ng m\u00f4i tr\u01b0\u1eddng. [\/vc_column_text][vc_empty_space height=&#8221;32&#8243;][\/vc_column][\/vc_row][vc_row][vc_column width=&#8221;1\/2&#8243;][vc_column_text][\/vc_column_text][\/vc_column][vc_column width=&#8221;1\/2&#8243;][vc_column_text] Eco<\/p>\n","protected":false},"author":1,"featured_media":0,"parent":5068,"menu_order":0,"comment_status":"closed","ping_status":"closed","template":"","meta":{"footnotes":""},"class_list":["post-5073","page","type-page","status-publish","hentry"],"_links":{"self":[{"href":"https:\/\/www.konicaminolta.vn\/business\/wp-json\/wp\/v2\/pages\/5073","targetHints":{"allow":["GET"]}}],"collection":[{"href":"https:\/\/www.konicaminolta.vn\/business\/wp-json\/wp\/v2\/pages"}],"about":[{"href":"https:\/\/www.konicaminolta.vn\/business\/wp-json\/wp\/v2\/types\/page"}],"author":[{"embeddable":true,"href":"https:\/\/www.konicaminolta.vn\/business\/wp-json\/wp\/v2\/users\/1"}],"replies":[{"embeddable":true,"href":"https:\/\/www.konicaminolta.vn\/business\/wp-json\/wp\/v2\/comments?post=5073"}],"version-history":[{"count":2,"href":"https:\/\/www.konicaminolta.vn\/business\/wp-json\/wp\/v2\/pages\/5073\/revisions"}],"predecessor-version":[{"id":5494,"href":"https:\/\/www.konicaminolta.vn\/business\/wp-json\/wp\/v2\/pages\/5073\/revisions\/5494"}],"up":[{"embeddable":true,"href":"https:\/\/www.konicaminolta.vn\/business\/wp-json\/wp\/v2\/pages\/5068"}],"wp:attachment":[{"href":"https:\/\/www.konicaminolta.vn\/business\/wp-json\/wp\/v2\/media?parent=5073"}],"curies":[{"name":"wp","href":"https:\/\/api.w.org\/{rel}","templated":true}]}}