{"id":5074,"date":"2017-07-17T15:07:55","date_gmt":"2017-07-17T07:07:55","guid":{"rendered":"http:\/\/konicaminolta.me\/about\/message-from-the-director\/"},"modified":"2023-04-04T11:07:35","modified_gmt":"2023-04-04T04:07:35","slug":"message-from-the-director","status":"publish","type":"page","link":"https:\/\/www.konicaminolta.vn\/business\/about\/message-from-the-director\/","title":{"rendered":"Th\u00f4ng \u0111i\u1ec7p t\u1eeb T\u1ed5ng Gi\u00e1m \u0110\u1ed1c"},"content":{"rendered":"<div class=\"wpb-content-wrapper\"><p>[vc_row][vc_column][vc_row_inner][vc_column_inner width=&#8221;1\/3&#8243;][vc_single_image image=&#8221;10243&#8243; img_size=&#8221;full&#8221; alignment=&#8221;right&#8221;][\/vc_column_inner][vc_column_inner width=&#8221;2\/3&#8243;][vc_column_text]<\/p>\n<p style=\"text-align: justify;\">K\u1ec3 t\u1eeb khi \u0111\u01b0\u1ee3c th\u00e0nh l\u1eadp v\u00e0o n\u0103m 1873, Konica Minolta \u0111\u00e3 v\u00e0 \u0111ang b\u1eaft \u0111\u1ea7u m\u1ed9t h\u00e0nh tr\u00ecnh quan tr\u1ecdng trong vi\u1ec7c \u0111\u1ed5i m\u1edbi h\u00ecnh \u1ea3nh v\u1edbi mong mu\u1ed1n \u201cKi\u1ebfn t\u1ea1o m\u1ed9t x\u00e3 h\u1ed9i t\u1ed1t \u0111\u1eb9p h\u01a1n.\u201d<\/p>\n<p style=\"text-align: justify;\">Tr\u1ea3i qua 150 n\u0103m, Konica Minolta \u0111\u00e3 c\u00f9ng v\u1edbi l\u00e0n s\u00f3ng ph\u00e1t tri\u1ec3n c\u1ee7a th\u1eddi \u0111\u1ea1i, mang \u0111\u1ebfn m\u1ed9t th\u1ebf gi\u1edbi t\u1ed1t \u0111\u1eb9p h\u01a1n trong l\u0129nh v\u1ef1c h\u00ecnh \u1ea3nh v\u00e0 quang h\u1ecdc.<\/p>\n<p style=\"text-align: justify;\">V\u00e0o n\u0103m 2012, Konica Minolta b\u01b0\u1edbc v\u00e0o th\u1ecb tr\u01b0\u1eddng Vi\u1ec7t Nam v\u00e0 hi\u1ec7n \u0111ang kh\u00f4ng ng\u1eebng h\u1ed7 tr\u1ee3 c\u00e1c kh\u00e1ch h\u00e0ng n\u00e2ng cao n\u0103ng l\u1ef1c c\u1ea1nh tranh th\u00f4ng qua vi\u1ec7c x\u00e2y d\u1ef1ng c\u00e1c v\u0103n ph\u00f2ng kinh doanh hi\u1ec7u qu\u1ea3 c\u0169ng nh\u01b0 cung c\u1ea5p c\u00e1c gi\u1ea3i ph\u00e1p in \u1ea5n k\u1ef9 thu\u1eadt s\u1ed1 cho kh\u00e1ch h\u00e0ng.<\/p>\n<p style=\"text-align: justify;\">B\u00ean c\u1ea1nh \u0111\u00f3, \u0111\u1ec3 \u0111\u00e1p \u1ee9ng nhu c\u1ea7u ng\u00e0y c\u00e0ng \u0111a d\u1ea1ng c\u1ee7a ng\u01b0\u1eddi ti\u00eau d\u00f9ng Vi\u1ec7t Nam, Konica Minolta ti\u1ebfp t\u1ee5c \u0111\u1ea9y m\u1ea1nh c\u00e1c d\u1ecbch v\u1ee5 gi\u00e1 tr\u1ecb gia t\u0103ng th\u00f4ng qua vi\u1ec7c t\u00edch h\u1ee3p gi\u1ea3i ph\u00e1p k\u1ef9 thu\u1eadt s\u1ed1 nh\u1eb1m \u0111\u00e1p \u1ee9ng nhu c\u1ea7u &#8220;h\u00ecnh \u1ea3nh h\u00f3a&#8221; cho c\u00e1c kh\u00e1ch h\u00e0ng c\u1ee7a m\u00ecnh.<\/p>\n<p style=\"text-align: justify;\">Nh\u00e2n d\u1ecbp k\u1ef7 ni\u1ec7m 150 n\u0103m, ch\u00fang t\u00f4i s\u1ebd ti\u1ebfp t\u1ee5c \u0111\u1ed3ng h\u00e0nh c\u00f9ng kh\u00e1ch h\u00e0ng nh\u1eb1m thi\u1ebft l\u1eadp m\u1ed1i quan h\u1ec7 v\u1eefng ch\u1eafc.<\/p>\n<p style=\"text-align: justify;\">Ch\u00fang t\u00f4i hi v\u1ecdng r\u1eb1ng b\u1eb1ng vi\u1ec7c h\u1ee3p t\u00e1c v\u1edbi c\u00e1c kh\u00e1ch h\u00e0ng v\u00e0 \u0111\u1ed1i t\u00e1c, ch\u00fang t\u00f4i c\u00f3 th\u1ec3 ti\u1ebfp t\u1ee5c ph\u00e1t tri\u1ec3n h\u01a1n n\u1eefa, v\u01b0\u1ee3t qua c\u00e1c gi\u1edbi h\u1ea1n, th\u00fac \u0111\u1ea9y qu\u00e1 tr\u00ecnh k\u1ef9 thu\u1eadt s\u1ed1 h\u00f3a v\u1edbi t\u01b0 c\u00e1ch l\u00e0 m\u1ed9t c\u00f4ng ty k\u1ef9 thu\u1eadt s\u1ed1, nh\u1eb1m mang \u0111\u1ebfn gi\u00e1 tr\u1ecb m\u1edbi cho x\u00e3 h\u1ed9i v\u00e0 th\u1ecb tr\u01b0\u1eddng Vi\u1ec7t Nam.<\/p>\n<p style=\"text-align: justify;\">Tr\u00e2n tr\u1ecdng,<\/p>\n<p><strong>Takahiro Kammaki<\/strong><\/p>\n<p><strong>T\u1ed5ng Gi\u00e1m \u0110\u1ed1c\u00a0<\/strong><\/p>\n<p><strong>C\u00f4ng ty TNHH Konica Minolta Business Solutions Vi\u1ec7t Nam<\/strong>[\/vc_column_text][\/vc_column_inner][\/vc_row_inner][vc_empty_space height=&#8221;60&#8243;][\/vc_column][\/vc_row]<\/p>\n<\/div>","protected":false},"excerpt":{"rendered":"<p>[vc_row][vc_column][vc_row_inner][vc_column_inner width=&#8221;1\/3&#8243;][vc_single_image image=&#8221;10243&#8243; img_size=&#8221;full&#8221; alignment=&#8221;right&#8221;][\/vc_column_inner][vc_column_inner width=&#8221;2\/3&#8243;][vc_column_text] K\u1ec3 t\u1eeb khi \u0111\u01b0\u1ee3c th\u00e0nh l\u1eadp v\u00e0o n\u0103m 1873, Konica Minolta \u0111\u00e3 v\u00e0 \u0111ang b\u1eaft \u0111\u1ea7u m\u1ed9t h\u00e0nh tr\u00ecnh quan tr\u1ecdng trong vi\u1ec7c \u0111\u1ed5i m\u1edbi h\u00ecnh \u1ea3nh v\u1edbi mong mu\u1ed1n \u201cKi\u1ebfn t\u1ea1o m\u1ed9t x\u00e3 h\u1ed9i t\u1ed1t \u0111\u1eb9p h\u01a1n.\u201d Tr\u1ea3i qua 150 n\u0103m, Konica Minolta \u0111\u00e3 c\u00f9ng v\u1edbi l\u00e0n s\u00f3ng<\/p>\n","protected":false},"author":1,"featured_media":0,"parent":5068,"menu_order":0,"comment_status":"closed","ping_status":"closed","template":"","meta":{"footnotes":""},"class_list":["post-5074","page","type-page","status-publish","hentry"],"_links":{"self":[{"href":"https:\/\/www.konicaminolta.vn\/business\/wp-json\/wp\/v2\/pages\/5074","targetHints":{"allow":["GET"]}}],"collection":[{"href":"https:\/\/www.konicaminolta.vn\/business\/wp-json\/wp\/v2\/pages"}],"about":[{"href":"https:\/\/www.konicaminolta.vn\/business\/wp-json\/wp\/v2\/types\/page"}],"author":[{"embeddable":true,"href":"https:\/\/www.konicaminolta.vn\/business\/wp-json\/wp\/v2\/users\/1"}],"replies":[{"embeddable":true,"href":"https:\/\/www.konicaminolta.vn\/business\/wp-json\/wp\/v2\/comments?post=5074"}],"version-history":[{"count":5,"href":"https:\/\/www.konicaminolta.vn\/business\/wp-json\/wp\/v2\/pages\/5074\/revisions"}],"predecessor-version":[{"id":10248,"href":"https:\/\/www.konicaminolta.vn\/business\/wp-json\/wp\/v2\/pages\/5074\/revisions\/10248"}],"up":[{"embeddable":true,"href":"https:\/\/www.konicaminolta.vn\/business\/wp-json\/wp\/v2\/pages\/5068"}],"wp:attachment":[{"href":"https:\/\/www.konicaminolta.vn\/business\/wp-json\/wp\/v2\/media?parent=5074"}],"curies":[{"name":"wp","href":"https:\/\/api.w.org\/{rel}","templated":true}]}}