{"id":5075,"date":"2017-07-24T19:51:57","date_gmt":"2017-07-24T11:51:57","guid":{"rendered":"http:\/\/konicaminolta.me\/about\/our-philosophy\/"},"modified":"2018-07-10T10:51:59","modified_gmt":"2018-07-10T03:51:59","slug":"our-philosophy","status":"publish","type":"page","link":"https:\/\/www.konicaminolta.vn\/business\/about\/our-philosophy\/","title":{"rendered":"Tri\u1ebft l\u00fd kinh doanh"},"content":{"rendered":"<div class=\"wpb-content-wrapper\"><p>[vc_row][vc_column][vc_tta_tabs shape=&#8221;square&#8221; color=&#8221;white&#8221; spacing=&#8221;3&#8243; active_section=&#8221;1&#8243;][vc_tta_section title=&#8221;Tri\u1ebft l\u00fd kinh doanh&#8221; tab_id=&#8221;1500896866194-4b2a609e-79d7&#8243;][vc_empty_space height=&#8221;15&#8243;][vc_single_image image=&#8221;2980&#8243; img_size=&#8221;full&#8221;][vc_empty_space height=&#8221;15&#8243;][vc_row_inner][vc_column_inner width=&#8221;1\/4&#8243;][vc_column_text]\u201c<strong>T\u1ea1o gi\u00e1 tr\u1ecb m\u1edbi <\/strong>\u201c, \u0111\u00e2y l\u00e0 l\u00fd do ch\u00fang t\u00f4i t\u1ed3n t\u1ea1i.[\/vc_column_text][\/vc_column_inner][vc_column_inner width=&#8221;1\/4&#8243;][vc_column_text]<strong> 6 Gi\u00e1 tr\u1ecb <\/strong> c\u1ee7a ch\u00fang t\u00f4i l\u00e0 b\u1ea3n ch\u1ea5t c\u1ee7a nh\u1eefng ni\u1ec1m tin s\u00e2u s\u1eafc nh\u1ea5t c\u1ee7a ch\u00fang t\u00f4i.[\/vc_column_text][\/vc_column_inner][vc_column_inner width=&#8221;1\/4&#8243;][vc_column_text]<strong> T\u1ea7m nh\u00ecn c\u1ee7a ch\u00fang t\u00f4i <\/strong> th\u1ec3 hi\u1ec7n n\u01a1i ch\u00fang t\u00f4i \u0111ang h\u01b0\u1edbng \u0111\u1ebfn trong t\u01b0\u01a1ng lai.[\/vc_column_text][\/vc_column_inner][vc_column_inner width=&#8221;1\/4&#8243;][vc_column_text]<strong> Th\u01b0\u01a1ng hi\u1ec7u c\u1ee7a ch\u00fang t\u00f4i <\/strong> \u0110\u1ec1 xu\u1ea5t \u201c\u0110\u01b0a h\u00ecnh d\u1ea1ng cho \u00fd t\u01b0\u1edfng\u201d l\u00e0 cam k\u1ebft c\u1ee7a ch\u00fang t\u00f4i \u0111\u1ed1i v\u1edbi kh\u00e1ch h\u00e0ng c\u1ee7a ch\u00fang t\u00f4i.[\/vc_column_text][\/vc_column_inner][\/vc_row_inner][vc_empty_space height=&#8221;15&#8243;][vc_custom_heading text=&#8221;Konica Minolta cam k\u1ebft mang l\u1ea1i l\u1ee3i \u00edch cho c\u1ea3 kh\u00e1ch h\u00e0ng v\u00e0 c\u1ed9ng \u0111\u1ed3ng t\u1ea1i Vi\u1ec7t Nam&#8221; font_container=&#8221;tag:h4|text_align:center|color:%23000000&#8243; google_fonts=&#8221;font_family:Open%20Sans%3A300%2C300italic%2Cregular%2Citalic%2C600%2C600italic%2C700%2C700italic%2C800%2C800italic|font_style:300%20light%20regular%3A300%3Anormal&#8221;][vc_column_text]\n<table id=\"tablepress-8\" class=\"tablepress tablepress-id-8\">\n<tbody class=\"row-hover\">\n<tr class=\"row-1 odd\">\n\t<td class=\"column-1\">T\u1ea1o ra gi\u00e1 tr\u1ecb m\u1edbi<\/td><td class=\"column-2\">Th\u00f4ng qua s\u1ef1 \u0111\u1ed5i m\u1edbi m\u00e0 ch\u1ec9 Konica Minolta m\u1edbi c\u00f3 th\u1ec3 cung c\u1ea5p, ch\u00fang ta t\u1ea1o ra gi\u00e1 tr\u1ecb v\u00e0 chia s\u1ebb n\u00f3 v\u1edbi x\u00e3 h\u1ed9i \u0111\u1ec3 c\u1ea3i thi\u1ec7n cu\u1ed9c s\u1ed1ng c\u1ee7a con ng\u01b0\u1eddi ng\u00e0y nay v\u00e0 cho c\u00e1c th\u1ebf h\u1ec7 mai sau.<\/td>\n<\/tr>\n<tr class=\"row-2 even\">\n\t<td class=\"column-1\">S\u00e1ng t\u1ea1o trung th\u1ef1c v\u00e0 trung th\u1ef1c v\u1ec1 kh\u00e1ch h\u00e0ng<\/td><td class=\"column-2\">6 Gi\u00e1 tr\u1ecb c\u1ee7a ch\u00fang t\u00f4i l\u00e0 b\u1ea3n ch\u1ea5t c\u1ee7a nh\u1eefng ni\u1ec1m tin s\u00e2u s\u1eafc nh\u1ea5t, ADN k\u1ebf th\u1eeba c\u1ee7a ch\u00fang t\u00f4i, v\u00e0 x\u00e1c \u0111\u1ecbnh c\u00e1ch ch\u00fang ta \u0111i v\u1ec1 kinh doanh v\u00e0 h\u00e0nh \u0111\u1ed9ng \u0111\u1ed1i v\u1edbi t\u1ea5t c\u1ea3 c\u00e1c \u0111\u1ed1i t\u00e1c c\u1ee7a ch\u00fang t\u00f4i. H\u1ecd n\u00eau r\u00f5 nh\u1eefng g\u00ec ch\u00fang t\u00f4i \u0111\u1ee9ng ra v\u00e0 ch\u1ec9 \u0111\u1ea1o vi\u1ec7c ch\u1ea5m d\u1ee9t quy\u1ebft \u0111\u1ecbnh c\u1ee7a ch\u00fang t\u00f4i.<\/td>\n<\/tr>\n<tr class=\"row-3 odd\">\n\t<td class=\"column-1\">M\u1ed9t c\u00f4ng ty to\u00e0n c\u1ea7u quan tr\u1ecdng \u0111\u1ed1i v\u1edbi x\u00e3 h\u1ed9i<br \/>\n<\/td><td class=\"column-2\">C\u00f3 m\u1ed9t suy ngh\u0129 th\u00fac \u0111\u1ea9y ch\u00fang t\u00f4i ph\u1ee5c v\u1ee5 t\u1ed1t nh\u1ea5t v\u00e0 n\u00e2ng cao ch\u1ea5t l\u01b0\u1ee3ng x\u00e3 h\u1ed9i trong m\u1ecdi ho\u1ea1t \u0111\u1ed9ng c\u1ee7a ch\u00fang t\u00f4i, ch\u00fang t\u00f4i quy\u1ebft t\u00e2m tr\u1edf th\u00e0nh m\u1ed9t c\u00f4ng ty quan tr\u1ecdng \u0111\u1ed1i v\u1edbi x\u00e3 h\u1ed9i to\u00e0n c\u1ea7u b\u1eb1ng c\u00e1ch cung c\u1ea5p s\u1ef1 ph\u1ea5n kh\u00edch v\u01b0\u1ee3t qu\u00e1 mong \u0111\u1ee3i c\u1ee7a t\u1ea5t c\u1ea3 m\u1ecdi ng\u01b0\u1eddi.<\/td>\n<\/tr>\n<tr class=\"row-4 even\">\n\t<td class=\"column-1\">M\u1ed9t c\u00f4ng ty s\u00e1ng t\u1ea1o m\u1ea1nh m\u1ebd v\u00e0 kh\u00f4ng ng\u1eebng ph\u00e1t tri\u1ec3n<\/td><td class=\"column-2\">Ch\u00fang t\u00f4i cam k\u1ebft tr\u1edf th\u00e0nh m\u1ed9t c\u00f4ng ty s\u00e1ng t\u1ea1o \u0111\u1ee9ng cao trong th\u1eddi \u0111i\u1ec3m kh\u00f3 kh\u0103n v\u1edbi m\u1ed9t c\u01a1 s\u1edf kinh doanh v\u1eefng ch\u1eafc v\u00e0 ch\u1ea5t l\u01b0\u1ee3ng, \u0111\u1ea3m b\u1ea3o ch\u00fang t\u00f4i v\u1eabn d\u0169ng c\u1ea3m \u0111\u1ec3 cung c\u1ea5p gi\u00e1 tr\u1ecb m\u1edbi khi \u0111\u1ed1i m\u1eb7t v\u1edbi b\u1ea5t k\u1ef3 th\u00e1ch th\u1ee9c n\u00e0o.<\/td>\n<\/tr>\n<tr class=\"row-5 odd\">\n\t<td class=\"column-1\">\u0110\u01b0a h\u00ecnh d\u1ea1ng cho \u00fd t\u01b0\u1edfng<\/td><td class=\"column-2\">\u0110\u00f3 l\u00e0 cam k\u1ebft c\u1ee7a ch\u00fang t\u00f4i \u0111\u1ec3 mang l\u1ea1i nh\u1eefng \u00fd t\u01b0\u1edfng c\u1ee7a kh\u00e1ch h\u00e0ng v\u00e0 x\u00e3 h\u1ed9i v\u1edbi cu\u1ed9c s\u1ed1ng th\u00f4ng qua s\u1ef1 \u0111\u1ed5i m\u1edbi v\u00e0 \u0111\u00f3ng g\u00f3p v\u00e0o vi\u1ec7c t\u1ea1o ra m\u1ed9t x\u00e3 h\u1ed9i ch\u1ea5t l\u01b0\u1ee3ng cao.<\/td>\n<\/tr>\n<\/tbody>\n<\/table>\n[\/vc_column_text][\/vc_tta_section][vc_tta_section title=&#8221;S\u00e1u gi\u00e1 tr\u1ecb&#8221; tab_id=&#8221;1500896866235-e43904f6-b40a&#8221;][vc_empty_space][vc_single_image image=&#8221;2995&#8243; img_size=&#8221;full&#8221; alignment=&#8221;center&#8221;][vc_empty_space][\/vc_tta_section][vc_tta_section title=&#8221;Video&#8221; tab_id=&#8221;1501051358036-0aceb404-4b78&#8243;][vc_row_inner][vc_column_inner width=&#8221;1\/4&#8243;][\/vc_column_inner][vc_column_inner width=&#8221;1\/2&#8243;][vc_column_text]<iframe loading=\"lazy\" src=\"https:\/\/www.youtube.com\/embed\/b5JF1cNx1jg?rel=0\" width=\"100%\" height=\"292\" frameborder=\"0\" allowfullscreen=\"allowfullscreen\"><\/iframe>[\/vc_column_text][\/vc_column_inner][vc_column_inner width=&#8221;1\/4&#8243;][\/vc_column_inner][\/vc_row_inner][\/vc_tta_section][\/vc_tta_tabs][\/vc_column][\/vc_row][vc_row][vc_column][vc_empty_space height=&#8221;50px&#8221;][\/vc_column][\/vc_row]<\/p>\n<\/div>","protected":false},"excerpt":{"rendered":"<p>[vc_row][vc_column][vc_tta_tabs shape=&#8221;square&#8221; color=&#8221;white&#8221; spacing=&#8221;3&#8243; active_section=&#8221;1&#8243;][vc_tta_section title=&#8221;Tri\u1ebft l\u00fd kinh doanh&#8221; tab_id=&#8221;1500896866194-4b2a609e-79d7&#8243;][vc_empty_space height=&#8221;15&#8243;][vc_single_image image=&#8221;2980&#8243; img_size=&#8221;full&#8221;][vc_empty_space height=&#8221;15&#8243;][vc_row_inner][vc_column_inner width=&#8221;1\/4&#8243;][vc_column_text]\u201cT\u1ea1o gi\u00e1 tr\u1ecb m\u1edbi \u201c, \u0111\u00e2y l\u00e0 l\u00fd do ch\u00fang t\u00f4i t\u1ed3n t\u1ea1i.[\/vc_column_text][\/vc_column_inner][vc_column_inner width=&#8221;1\/4&#8243;][vc_column_text] 6 Gi\u00e1 tr\u1ecb c\u1ee7a ch\u00fang t\u00f4i l\u00e0 b\u1ea3n ch\u1ea5t c\u1ee7a nh\u1eefng ni\u1ec1m tin s\u00e2u s\u1eafc nh\u1ea5t c\u1ee7a ch\u00fang t\u00f4i.[\/vc_column_text][\/vc_column_inner][vc_column_inner width=&#8221;1\/4&#8243;][vc_column_text] T\u1ea7m nh\u00ecn c\u1ee7a ch\u00fang t\u00f4i th\u1ec3 hi\u1ec7n<\/p>\n","protected":false},"author":1,"featured_media":0,"parent":5068,"menu_order":0,"comment_status":"closed","ping_status":"closed","template":"","meta":{"footnotes":""},"class_list":["post-5075","page","type-page","status-publish","hentry"],"_links":{"self":[{"href":"https:\/\/www.konicaminolta.vn\/business\/wp-json\/wp\/v2\/pages\/5075","targetHints":{"allow":["GET"]}}],"collection":[{"href":"https:\/\/www.konicaminolta.vn\/business\/wp-json\/wp\/v2\/pages"}],"about":[{"href":"https:\/\/www.konicaminolta.vn\/business\/wp-json\/wp\/v2\/types\/page"}],"author":[{"embeddable":true,"href":"https:\/\/www.konicaminolta.vn\/business\/wp-json\/wp\/v2\/users\/1"}],"replies":[{"embeddable":true,"href":"https:\/\/www.konicaminolta.vn\/business\/wp-json\/wp\/v2\/comments?post=5075"}],"version-history":[{"count":4,"href":"https:\/\/www.konicaminolta.vn\/business\/wp-json\/wp\/v2\/pages\/5075\/revisions"}],"predecessor-version":[{"id":5905,"href":"https:\/\/www.konicaminolta.vn\/business\/wp-json\/wp\/v2\/pages\/5075\/revisions\/5905"}],"up":[{"embeddable":true,"href":"https:\/\/www.konicaminolta.vn\/business\/wp-json\/wp\/v2\/pages\/5068"}],"wp:attachment":[{"href":"https:\/\/www.konicaminolta.vn\/business\/wp-json\/wp\/v2\/media?parent=5075"}],"curies":[{"name":"wp","href":"https:\/\/api.w.org\/{rel}","templated":true}]}}