{"id":5076,"date":"2015-12-15T07:37:48","date_gmt":"2015-12-14T23:37:48","guid":{"rendered":"http:\/\/konicaminolta.me\/contact-us\/"},"modified":"2024-12-31T10:24:15","modified_gmt":"2024-12-31T03:24:15","slug":"contact-us","status":"publish","type":"page","link":"https:\/\/www.konicaminolta.vn\/business\/contact-us\/","title":{"rendered":"Li\u00ean h\u1ec7 ch\u00fang t\u00f4i"},"content":{"rendered":"<div class=\"wpb-content-wrapper\"><p>[vc_row][vc_column][vc_custom_heading text=&#8221;Li\u00ean h\u1ec7 ch\u00fang t\u00f4i&#8221; use_theme_fonts=&#8221;yes&#8221; css_params=&#8221;&#8221;][\/vc_column][\/vc_row][vc_row el_class=&#8221;wrap_contact&#8221; conditional_render=&#8221;%5B%7B%22value_role%22%3A%22administrator%22%7D%5D&#8221; css_params=&#8221;&#8221;][vc_column width=&#8221;1\/2&#8243;][vc_single_image image=&#8221;11091&#8243; img_size=&#8221;full&#8221; alignment=&#8221;center&#8221; css_params=&#8221;&#8221;][vc_column_text css_params=&#8221;&#8221;]<\/p>\n<h3>C\u00f4ng ty TNHH Konica Minolta Business Solutions Vi\u1ec7t Nam<\/h3>\n<p><strong>\u0110\u1ecba Ch\u1ec9 Tr\u1ee5 S\u1edf Ch\u00ednh:<\/strong><br \/>\nL\u1ea7u 2, T\u00f2a nh\u00e0 Pearl 5, 05 \u0110\u01b0\u1eddng L\u00ea Qu\u00fd \u0110\u00f4n,<br \/>\nPh\u01b0\u1eddng V\u00f5 Th\u1ecb S\u00e1u, Qu\u1eadn 3, TP. HCM, Vi\u1ec7t Nam<\/p>\n<p><strong>Gi\u1edd ho\u1ea1t \u0111\u1ed9ng:<\/strong><br \/>\nM\u1edf c\u1eeda t\u1eeb th\u1ee9 Hai \u0111\u1ebfn th\u1ee9 S\u00e1u, t\u1eeb 8h30 s\u00e1ng \u0111\u1ebfn 5h30 t\u1ed1i (tr\u1eeb ng\u00e0y l\u1ec5)<\/p>\n<p><strong>V\u1ecb tr\u00ed:<\/strong><br \/>\n<a href=\"https:\/\/maps.app.goo.gl\/HyuP21chTc3gBMVR8\" target=\"_blank\" rel=\"noopener\">Google Maps<\/a><\/p>\n<p><strong>\u0110i\u1ec7n tho\u1ea1i:<\/strong><br \/>\n<a href=\"tel:+8402839154242\">+84 (028) 3915 4242<\/a><\/p>\n<p><strong>Chi nh\u00e1nh t\u1ea1i H\u00e0 N\u1ed9i:<\/strong><br \/>\nT\u1ea7ng 19, T\u00f2a nh\u00e0 Th\u0103ng Long, s\u1ed1 98 Ng\u1ee5y Nh\u01b0 Kon Tum, Ph\u01b0\u1eddng Nh\u00e2n Ch\u00ednh,<br \/>\nQu\u1eadn Thanh Xu\u00e2n, Th\u00e0nh Ph\u1ed1 H\u00e0 N\u1ed9i, Vi\u1ec7t Nam.<br \/>\n\u0110i\u1ec7n tho\u1ea1i: <a href=\"tel:+8402437767023\">+84 (024) 3776 7023<\/a><\/p>\n<p><strong>V\u0103n ph\u00f2ng \u0111\u1ea1i di\u1ec7n t\u1ea1i \u0110\u00e0 N\u1eb5ng:<\/strong><br \/>\nT\u00f2a nh\u00e0 \u0110\u1ed7 Gia, T\u1ea7ng 5, 685 Ng\u00f4 Quy\u1ec1n, An H\u1ea3i B\u1eafc, S\u01a1n Tr\u00e0, \u0110\u00e0 N\u1eb5ng.<br \/>\n\u0110i\u1ec7n tho\u1ea1i: <a href=\"tel:+8402367304243\">+84 (023) 6730 4243<\/a><\/p>\n<p><strong>Trung t\u00e2m h\u1ed7 tr\u1ee3 d\u1ecbch v\u1ee5 t\u1ea1i B\u00ecnh D\u01b0\u01a1ng:<\/strong><br \/>\nChung c\u01b0 Ph\u00fac \u0110\u1ea1t Connect, TP. Th\u1ee7 D\u1ea7u M\u1ed9t, B\u00ecnh D\u01b0\u01a1ng.<br \/>\n\u0110i\u1ec7n tho\u1ea1i: <a href=\"tel:+8402839154242\">+84 (028) 3915 4242<\/a><\/p>\n<p><strong>Trung t\u00e2m h\u1ed7 tr\u1ee3 d\u1ecbch v\u1ee5 t\u1ea1i H\u1ea3i Ph\u00f2ng:<\/strong><br \/>\nPh\u00f2ng 401, L\u1ea7u 4, T\u00f2a nh\u00e0 19, \u0110i\u1ec7n Bi\u00ean Ph\u1ee7, M\u00e1y T\u01a1, Ng\u00f4 Quy\u1ec1n, H\u1ea3i Ph\u00f2ng.<br \/>\n\u0110i\u1ec7n tho\u1ea1i: <a href=\"tel:+840961420750\">+84 (0) 961 420 750<\/a><\/p>\n<p><strong>Trung t\u00e2m h\u1ed7 tr\u1ee3 d\u1ecbch v\u1ee5 t\u1ea1i \u0110\u1ed3ng Nai:<\/strong><br \/>\nPh\u00f2ng s\u1ed1 5, T\u1ea7ng 2, Trung T\u00e2m \u0110i\u1ec1u H\u00e0nh Khu C\u00f4ng Nghi\u1ec7p Long \u0110\u1ee9c Khu C\u00f4ng Nghi\u1ec7p Long \u0110\u1ee9c, X\u00e3 Long \u0110\u1ee9c, Huy\u1ec7n Long Th\u00e0nh, T\u1ec9nh \u0110\u1ed3ng Nai, Vi\u1ec7t Nam<br \/>\n\u0110i\u1ec7n tho\u1ea1i: <a href=\"tel:+8402839154242\">+84 (028) 3915 4242<\/a>[\/vc_column_text][\/vc_column][vc_column width=&#8221;1\/2&#8243; el_class=&#8221;grey_bg&#8221;][vc_column_text]<\/p>\n<h3>Ch\u00fang t\u00f4i c\u00f3 th\u1ec3 gi\u00fap g\u00ec cho b\u1ea1n?<\/h3>\n<p>Vui l\u00f2ng cung c\u1ea5p m\u1ed9t s\u1ed1 th\u00f4ng tin li\u00ean h\u1ec7 \u0111\u1ec3 ch\u00fang t\u00f4i c\u00f3 th\u1ec3 chuy\u1ec3n c\u00e2u h\u1ecfi c\u1ee7a b\u1ea1n \u0111\u1ebfn ng\u01b0\u1eddi li\u00ean h\u1ec7 t\u1eeb qu\u1ed1c gia c\u1ee7a b\u1ea1n, n\u00f3i ng\u00f4n ng\u1eef c\u1ee7a b\u1ea1n.[\/vc_column_text]\n<div class=\"wpcf7 no-js\" id=\"wpcf7-f11098-o1\" lang=\"vi-VN\" dir=\"ltr\" data-wpcf7-id=\"11098\">\n<div class=\"screen-reader-response\"><p role=\"status\" aria-live=\"polite\" aria-atomic=\"true\"><\/p> <ul><\/ul><\/div>\n<form action=\"\/business\/wp-json\/wp\/v2\/pages\/5076#wpcf7-f11098-o1\" method=\"post\" class=\"wpcf7-form init\" aria-label=\"Contact form\" novalidate=\"novalidate\" data-status=\"init\">\n<div style=\"display: none;\">\n<input type=\"hidden\" name=\"_wpcf7\" value=\"11098\" \/>\n<input type=\"hidden\" name=\"_wpcf7_version\" value=\"6.0.2\" \/>\n<input type=\"hidden\" name=\"_wpcf7_locale\" value=\"vi_VN\" \/>\n<input type=\"hidden\" name=\"_wpcf7_unit_tag\" value=\"wpcf7-f11098-o1\" \/>\n<input type=\"hidden\" name=\"_wpcf7_container_post\" value=\"0\" \/>\n<input type=\"hidden\" name=\"_wpcf7_posted_data_hash\" value=\"\" \/>\n<input type=\"hidden\" name=\"_wpcf7cf_hidden_group_fields\" value=\"[]\" \/>\n<input type=\"hidden\" name=\"_wpcf7cf_hidden_groups\" value=\"[]\" \/>\n<input type=\"hidden\" name=\"_wpcf7cf_visible_groups\" value=\"[]\" \/>\n<input type=\"hidden\" name=\"_wpcf7cf_repeaters\" value=\"[]\" \/>\n<input type=\"hidden\" name=\"_wpcf7cf_steps\" value=\"{}\" \/>\n<input type=\"hidden\" name=\"_wpcf7cf_options\" value=\"{&quot;form_id&quot;:11098,&quot;conditions&quot;:[{&quot;then_field&quot;:&quot;group-technical&quot;,&quot;and_rules&quot;:[{&quot;if_field&quot;:&quot;enquiry_type&quot;,&quot;operator&quot;:&quot;equals&quot;,&quot;if_value&quot;:&quot;H\\u1ed7 tr\\u1ee3 k\\u1ef9 thu\\u1eadt&quot;}]},{&quot;then_field&quot;:&quot;group-toner&quot;,&quot;and_rules&quot;:[{&quot;if_field&quot;:&quot;enquiry_type&quot;,&quot;operator&quot;:&quot;equals&quot;,&quot;if_value&quot;:&quot;T\\u00e1i ch\\u1ebf m\\u1ef1c in&quot;}]},{&quot;then_field&quot;:&quot;group-others&quot;,&quot;and_rules&quot;:[{&quot;if_field&quot;:&quot;enquiry_type&quot;,&quot;operator&quot;:&quot;equals&quot;,&quot;if_value&quot;:&quot;Kh\\u00e1c&quot;}]}],&quot;settings&quot;:{&quot;animation&quot;:&quot;yes&quot;,&quot;animation_intime&quot;:200,&quot;animation_outtime&quot;:200,&quot;conditions_ui&quot;:&quot;normal&quot;,&quot;notice_dismissed&quot;:false}}\" \/>\n<\/div>\n<div class=\"row\">\n\t<div class=\"col-md-12\">\n\t\t<div class=\"form-group\">\n\t\t\t<p><label>Lo\u1ea1i c\u00e2u h\u1ecfi*<\/label><br \/>\n<span class=\"wpcf7-form-control-wrap\" data-name=\"enquiry_type\"><span class=\"wpcf7-form-control wpcf7-radio form-control\" id=\"enquiry_type\"><span class=\"wpcf7-list-item first\"><label><input type=\"radio\" name=\"enquiry_type\" value=\"S\u1ea3n ph\u1ea9m v\u00e0 b\u00e1n h\u00e0ng\" checked=\"checked\" \/><span class=\"wpcf7-list-item-label\">S\u1ea3n ph\u1ea9m v\u00e0 b\u00e1n h\u00e0ng<\/span><\/label><\/span><span class=\"wpcf7-list-item\"><label><input type=\"radio\" name=\"enquiry_type\" value=\"H\u1ed7 tr\u1ee3 k\u1ef9 thu\u1eadt\" \/><span class=\"wpcf7-list-item-label\">H\u1ed7 tr\u1ee3 k\u1ef9 thu\u1eadt<\/span><\/label><\/span><span class=\"wpcf7-list-item\"><label><input type=\"radio\" name=\"enquiry_type\" value=\"T\u00e1i ch\u1ebf m\u1ef1c in\" \/><span class=\"wpcf7-list-item-label\">T\u00e1i ch\u1ebf m\u1ef1c in<\/span><\/label><\/span><span class=\"wpcf7-list-item\"><label><input type=\"radio\" name=\"enquiry_type\" value=\"Ph\u1ea3n h\u1ed3i\" \/><span class=\"wpcf7-list-item-label\">Ph\u1ea3n h\u1ed3i<\/span><\/label><\/span><span class=\"wpcf7-list-item last\"><label><input type=\"radio\" name=\"enquiry_type\" value=\"Kh\u00e1c\" \/><span class=\"wpcf7-list-item-label\">Kh\u00e1c<\/span><\/label><\/span><\/span><\/span>\n\t\t\t<\/p>\n\t\t<\/div>\n\t<\/div>\n\t<div data-id=\"group-technical\" data-orig_data_id=\"group-technical\"  data-class=\"wpcf7cf_group\">\n\t\t<div class=\"col-md-12\">\n\t\t\t<div class=\"form-group\">\n\t\t\t\t<p><label>S\u1ed1 s\u00ea-ri s\u1ea3n ph\u1ea9m<\/label><br \/>\n<span class=\"wpcf7-form-control-wrap\" data-name=\"product_serial_number\"><input size=\"40\" maxlength=\"400\" class=\"wpcf7-form-control wpcf7-text form-control\" id=\"product_serial_number\" aria-invalid=\"false\" value=\"\" type=\"text\" name=\"product_serial_number\" \/><\/span>\n\t\t\t\t<\/p>\n\t\t\t<\/div>\n\t\t\t<div class=\"form-group\">\n\t\t\t\t<p><label>S\u1ef1 c\u1ed1 k\u1ef9 thu\u1eadt g\u1eb7p ph\u1ea3i<\/label><br \/>\n<span class=\"form_note\">v\u00ed d\u1ee5: M\u00e1y kh\u00f4ng th\u1ec3 b\u1eadt ngu\u1ed3n, t\u00e0i li\u1ec7u kh\u00f4ng \u0111\u01b0\u1ee3c g\u1eedi qua \u0111\u00e1m m\u00e2y<\/span><br \/>\n<span class=\"wpcf7-form-control-wrap\" data-name=\"product_issue\"><textarea cols=\"40\" rows=\"10\" maxlength=\"2000\" class=\"wpcf7-form-control wpcf7-textarea form-control\" id=\"product_issue\" aria-invalid=\"false\" name=\"product_issue\"><\/textarea><\/span>\n\t\t\t\t<\/p>\n\t\t\t<\/div>\n\t\t<\/div>\n\t<\/div>\n\t<div data-id=\"group-toner\" data-orig_data_id=\"group-toner\"  data-class=\"wpcf7cf_group\">\n\t\t<div class=\"col-md-12\">\n\t\t\t<div class=\"form-group\">\n\t\t\t\t<p><label>M\u00e3 M\u1ef1c*<\/label><br \/>\n<span class=\"wpcf7-form-control-wrap\" data-name=\"toner_model\"><input size=\"40\" maxlength=\"400\" class=\"wpcf7-form-control wpcf7-text wpcf7-validates-as-required form-control\" id=\"toner_model\" aria-required=\"true\" aria-invalid=\"false\" value=\"\" type=\"text\" name=\"toner_model\" \/><\/span>\n\t\t\t\t<\/p>\n\t\t\t<\/div>\n\t\t\t<div class=\"form-group\">\n\t\t\t\t<p><label>M\u00e3 Nguy\u00ean Li\u1ec7u c\u1ee7a M\u1ef1c*<\/label><br \/>\n<span class=\"wpcf7-form-control-wrap\" data-name=\"toner_code\"><input size=\"40\" maxlength=\"400\" class=\"wpcf7-form-control wpcf7-text wpcf7-validates-as-required form-control\" id=\"toner_code\" aria-required=\"true\" aria-invalid=\"false\" value=\"\" type=\"text\" name=\"toner_code\" \/><\/span>\n\t\t\t\t<\/p>\n\t\t\t<\/div>\n\t\t\t<div class=\"form-group\">\n\t\t\t\t<p><label>S\u1ed1 L\u01b0\u1ee3ng H\u1ed9p M\u1ef1c*<\/label><br \/>\n<span class=\"wpcf7-form-control-wrap\" data-name=\"toner_number\"><input class=\"wpcf7-form-control wpcf7-number wpcf7-validates-as-required wpcf7-validates-as-number form-control\" id=\"toner_number\" min=\"1\" aria-required=\"true\" aria-invalid=\"false\" value=\"1\" type=\"number\" name=\"toner_number\" \/><\/span>\n\t\t\t\t<\/p>\n\t\t\t<\/div>\n\t\t<\/div>\n\t<\/div>\n\t<div data-id=\"group-others\" data-orig_data_id=\"group-others\"  data-class=\"wpcf7cf_group\">\n\t\t<div class=\"col-md-12\">\n\t\t\t<div class=\"form-group\">\n\t\t\t\t<p><label>Vui l\u00f2ng \u0111i\u1ec1n y\u00eau c\u1ea7u c\u1ee7a b\u1ea1n<\/label><br \/>\n<span class=\"wpcf7-form-control-wrap\" data-name=\"others_enquiry\"><input size=\"40\" maxlength=\"400\" class=\"wpcf7-form-control wpcf7-text form-control\" id=\"others_enquiry\" aria-invalid=\"false\" value=\"\" type=\"text\" name=\"others_enquiry\" \/><\/span>\n\t\t\t\t<\/p>\n\t\t\t<\/div>\n\t\t<\/div>\n\t<\/div>\n\t<div class=\"col-md-6\">\n\t\t<div class=\"form-group\">\n\t\t\t<p><label>Lo\u1ea1i S\u1ea3n Ph\u1ea9m<\/label><br \/>\n<span class=\"wpcf7-form-control-wrap\" data-name=\"product_type\"><select class=\"wpcf7-form-control wpcf7-select form-control\" id=\"product_type\" aria-invalid=\"false\" name=\"product_type\"><option value=\"\">&#8212;Please choose an option&#8212;<\/option><option value=\"In \u1ea5n\">In \u1ea5n<\/option><option value=\"Internet v\u1ea1n v\u1eadt\">Internet v\u1ea1n v\u1eadt<\/option><option value=\"C\u00f4ng nghi\u1ec7p 4.0\">C\u00f4ng nghi\u1ec7p 4.0<\/option><option value=\"Gi\u1ea3i ph\u00e1p &amp; D\u1ecbch v\u1ee5\">Gi\u1ea3i ph\u00e1p &amp; D\u1ecbch v\u1ee5<\/option><option value=\"B\u1ea3o m\u1eadt\">B\u1ea3o m\u1eadt<\/option><option value=\"Thi\u1ebft b\u1ecb \u0111o l\u01b0\u1eddng\">Thi\u1ebft b\u1ecb \u0111o l\u01b0\u1eddng<\/option><option value=\"V\u1eadt li\u1ec7u hi\u1ec7u su\u1ea5t\">V\u1eadt li\u1ec7u hi\u1ec7u su\u1ea5t<\/option><option value=\"Ch\u0103m s\u00f3c s\u1ee9c kh\u1ecfe\">Ch\u0103m s\u00f3c s\u1ee9c kh\u1ecfe<\/option><option value=\"N\u01a1i l\u00e0m vi\u1ec7c k\u1ebft n\u1ed1i th\u00f4ng minh\">N\u01a1i l\u00e0m vi\u1ec7c k\u1ebft n\u1ed1i th\u00f4ng minh<\/option><option value=\"Kh\u00e1c\">Kh\u00e1c<\/option><\/select><\/span>\n\t\t\t<\/p>\n\t\t<\/div>\n\t<\/div>\n\t<div class=\"col-md-6\">\n\t\t<div class=\"form-group\">\n\t\t\t<p><label>T\u00ean S\u1ea3n Ph\u1ea9m<\/label><br \/>\n<span class=\"wpcf7-form-control-wrap\" data-name=\"product_name\"><input size=\"40\" maxlength=\"400\" class=\"wpcf7-form-control wpcf7-text form-control\" id=\"product_name\" aria-invalid=\"false\" value=\"\" type=\"text\" name=\"product_name\" \/><\/span>\n\t\t\t<\/p>\n\t\t<\/div>\n\t<\/div>\n\t<div class=\"col-md-6\">\n\t\t<div class=\"form-group\">\n\t\t\t<p><label>T\u00ean*<\/label><br \/>\n<span class=\"wpcf7-form-control-wrap\" data-name=\"firstname\"><input size=\"40\" maxlength=\"400\" class=\"wpcf7-form-control wpcf7-text wpcf7-validates-as-required form-control\" id=\"firstname\" aria-required=\"true\" aria-invalid=\"false\" value=\"\" type=\"text\" name=\"firstname\" \/><\/span>\n\t\t\t<\/p>\n\t\t<\/div>\n\t<\/div>\n\t<div class=\"col-md-6\">\n\t\t<div class=\"form-group\">\n\t\t\t<p><label>H\u1ecd*<\/label><br \/>\n<span class=\"wpcf7-form-control-wrap\" data-name=\"lastname\"><input size=\"40\" maxlength=\"400\" class=\"wpcf7-form-control wpcf7-text wpcf7-validates-as-required form-control\" id=\"lastname\" aria-required=\"true\" aria-invalid=\"false\" value=\"\" type=\"text\" name=\"lastname\" \/><\/span>\n\t\t\t<\/p>\n\t\t<\/div>\n\t<\/div>\n\t<div class=\"col-md-12\">\n\t\t<div class=\"form-group\">\n\t\t\t<p><label>Qu\u1ed1c gia*<\/label><br \/>\n<span class=\"wpcf7-form-control-wrap\" data-name=\"country\"><select class=\"wpcf7-form-control wpcf7-select wpcf7-validates-as-required form-control\" id=\"country\" aria-required=\"true\" aria-invalid=\"false\" name=\"country\"><option value=\"\">&#8212;Please choose an option&#8212;<\/option><option value=\"Bangladesh\">Bangladesh<\/option><option value=\"Cambodia\">Cambodia<\/option><option value=\"Indonesia\">Indonesia<\/option><option value=\"Laos\">Laos<\/option><option value=\"Malaysia\">Malaysia<\/option><option value=\"Mauritius\">Mauritius<\/option><option value=\"Myanmar\">Myanmar<\/option><option value=\"Philippines\">Philippines<\/option><option value=\"Singapore\">Singapore<\/option><option value=\"Sri Lanka\">Sri Lanka<\/option><option value=\"Thailand\">Thailand<\/option><option value=\"Vietnam\">Vietnam<\/option><option value=\"Others\">Others<\/option><\/select><\/span>\n\t\t\t<\/p>\n\t\t<\/div>\n\t<\/div>\n\t<div class=\"col-md-12\">\n\t\t<div class=\"form-group\">\n\t\t\t<p><label>T\u00ean c\u00f4ng ty*<\/label><br \/>\n<span class=\"wpcf7-form-control-wrap\" data-name=\"business_name\"><input size=\"40\" maxlength=\"400\" class=\"wpcf7-form-control wpcf7-text wpcf7-validates-as-required form-control\" id=\"business_name\" aria-required=\"true\" aria-invalid=\"false\" value=\"\" type=\"text\" name=\"business_name\" \/><\/span>\n\t\t\t<\/p>\n\t\t<\/div>\n\t<\/div>\n\t<div class=\"col-md-12\">\n\t\t<div class=\"form-group\">\n\t\t\t<p><label>Email doanh nghi\u1ec7p*<\/label><br \/>\n<span class=\"wpcf7-form-control-wrap\" data-name=\"business_email\"><input size=\"40\" maxlength=\"400\" class=\"wpcf7-form-control wpcf7-email wpcf7-validates-as-required wpcf7-text wpcf7-validates-as-email form-control\" id=\"business_email\" aria-required=\"true\" aria-invalid=\"false\" value=\"\" type=\"email\" name=\"business_email\" \/><\/span>\n\t\t\t<\/p>\n\t\t<\/div>\n\t<\/div>\n\t<div class=\"col-md-12\">\n\t\t<div class=\"form-group\">\n\t\t\t<p><label>S\u1ed1 \u0111i\u1ec7n tho\u1ea1i doanh nghi\u1ec7p*<\/label><br \/>\n<span class=\"wpcf7-form-control-wrap\" data-name=\"business_number\"><input size=\"40\" class=\"wpcf7-form-control wpcf7-phonetext wpcf7-validates-as-required wpcf7-text wpcf7-validates-as-phonetext form-control\" id=\"business_number\" data-numberonly=\"true\" aria-required=\"true\" aria-invalid=\"false\" value=\"\" type=\"text\" name=\"business_number\" \/><input type=\"hidden\" name=\"business_number-country-code\" class=\"wpcf7-phonetext-country-code\" \/><\/span>\n\t\t\t<\/p>\n\t\t<\/div>\n\t<\/div>\n\t<div class=\"col-md-12\">\n\t\t<div class=\"form-group\">\n\t\t\t<p><label>Y\u00eau c\u1ea7u kh\u00e1c<\/label><br \/>\n<span class=\"wpcf7-form-control-wrap\" data-name=\"other_enquiry\"><textarea cols=\"40\" rows=\"10\" maxlength=\"2000\" class=\"wpcf7-form-control wpcf7-textarea form-control\" id=\"other_enquiry\" aria-invalid=\"false\" placeholder=\"\" name=\"other_enquiry\"><\/textarea><\/span>\n\t\t\t<\/p>\n\t\t<\/div>\n\t<\/div>\n\t<div class=\"col-md-12\">\n\t\t<div class=\"form-group\">\n\t\t\t<p>C\u00f4ng ty TNHH Konica Minolta Business Solutions Vi\u1ec7t Nam c\u1ea7n th\u00f4ng tin li\u00ean h\u1ec7 m\u00e0 b\u1ea1n cung c\u1ea5p \u0111\u1ec3 ch\u00fang t\u00f4i li\u00ean h\u1ec7 v\u1edbi b\u1ea1n v\u1ec1 c\u00e1c s\u1ea3n ph\u1ea9m v\u00e0 d\u1ecbch v\u1ee5 c\u1ee7a ch\u00fang t\u00f4i.\n\t\t\t<\/p>\n\t\t\t<p>\u0110\u1ec3 bi\u1ebft th\u00eam th\u00f4ng tin v\u1ec1 c\u00e1ch ch\u00fang t\u00f4i x\u1eed l\u00fd d\u1eef li\u1ec7u c\u1ee7a b\u1ea1n, h\u00e3y truy c\u1eadp trang <strong><a href=\"https:\/\/www.konicaminolta.vn\/business\/chinh-sach-bao-mat-du-lieu-ca-nhan\/\" target=\"_blank\">Ch\u00ednh s\u00e1ch d\u1eef li\u1ec7u c\u00e1 nh\u00e2n<\/a><\/strong>.\n\t\t\t<\/p>\n\t\t\t<p>B\u1ea1n c\u00f3 th\u1ec3 h\u1ee7y \u0111\u0103ng k\u00fd nh\u1eadn nh\u1eefng th\u00f4ng tin li\u00ean l\u1ea1c n\u00e0y b\u1ea5t c\u1ee9 l\u00fac n\u00e0o. \u0110\u1ec3 bi\u1ebft th\u00eam th\u00f4ng tin v\u1ec1 th\u1ef1c ti\u1ec5n b\u1ea3o m\u1eadt c\u1ee7a ch\u00fang t\u00f4i v\u00e0 c\u00e1ch ch\u00fang t\u00f4i cam k\u1ebft b\u1ea3o v\u1ec7 v\u00e0 t\u00f4n tr\u1ecdng quy\u1ec1n ri\u00eang t\u01b0 c\u1ee7a b\u1ea1n, vui l\u00f2ng xem l\u1ea1i <strong><a href=\"https:\/\/www.konicaminolta.vn\/business\/terms-of-use\/\" target=\"_blank\">\u0110i\u1ec1u kho\u1ea3n s\u1eed d\u1ee5ng<\/a><\/strong>c\u1ee7a ch\u00fang t\u00f4i.\n\t\t\t<\/p>\n\t\t<\/div>\n\t<\/div>\n\t<div class=\"col-md-12\">\n\t\t<div class=\"form-group\">\n\t\t\t<p><span class=\"wpcf7-form-control-wrap\" data-name=\"receive_other_communications\"><span class=\"wpcf7-form-control wpcf7-checkbox\"><span class=\"wpcf7-list-item first last\"><label><input type=\"checkbox\" name=\"receive_other_communications[]\" value=\"T\u00f4i \u0111\u1ed3ng \u00fd nh\u1eadn c\u00e1c th\u00f4ng tin li\u00ean l\u1ea1c kh\u00e1c t\u1eeb C\u00f4ng ty TNHH Konica Minolta Business Solutions Vi\u1ec7t Nam.\" \/><span class=\"wpcf7-list-item-label\">T\u00f4i \u0111\u1ed3ng \u00fd nh\u1eadn c\u00e1c th\u00f4ng tin li\u00ean l\u1ea1c kh\u00e1c t\u1eeb C\u00f4ng ty TNHH Konica Minolta Business Solutions Vi\u1ec7t Nam.<\/span><\/label><\/span><\/span><\/span>\n\t\t\t<\/p>\n\t\t<\/div>\n\t<\/div>\n\t<div class=\"col-md-12\">\n\t\t<div class=\"form-group\">\n\t\t\t<p><span class=\"wpcf7-form-control-wrap\" data-name=\"understood\"><span class=\"wpcf7-form-control wpcf7-acceptance\"><span class=\"wpcf7-list-item\"><label><input type=\"checkbox\" name=\"understood\" value=\"1\" checked=\"checked\" id=\"receive_other_communications\" aria-invalid=\"false\" \/><span class=\"wpcf7-list-item-label\">T\u00f4i \u0111\u00e3 \u0111\u1ecdc v\u00e0 hi\u1ec3u Ch\u00ednh s\u00e1ch quy\u1ec1n ri\u00eang t\u01b0 c\u1ee7a C\u00f4ng ty TNHH Konica Minolta Business Solutions Vi\u1ec7t Nam c\u0169ng nh\u01b0 \u0111\u1ed3ng \u00fd v\u1edbi vi\u1ec7c thu th\u1eadp, s\u1eed d\u1ee5ng v\u00e0\/ho\u1eb7c ti\u1ebft l\u1ed9 th\u00f4ng tin chi ti\u1ebft c\u1ee7a t\u00f4i m\u00e0 t\u00f4i \u0111\u00e3 cung c\u1ea5p trong bi\u1ec3u m\u1eabu n\u00e0y cho c\u00e1c m\u1ee5c \u0111\u00edch \u0111\u01b0\u1ee3c n\u00eau trong Ch\u00ednh s\u00e1ch quy\u1ec1n ri\u00eang t\u01b0 n\u00f3i tr\u00ean.*<\/span><\/label><\/span><\/span><\/span>\n\t\t\t<\/p>\n\t\t<\/div>\n\t<\/div>\n\t<div class=\"col-md-12\">\n\t\t<div class=\"form-group\">\n\t\t\t<p><input class=\"wpcf7-form-control wpcf7-submit has-spinner btn btn-primary btn-lg\" type=\"submit\" value=\"G\u1eedi\" \/>\n\t\t\t<\/p>\n\t\t<\/div>\n\t<\/div>\n<\/div><div class=\"wpcf7-response-output\" aria-hidden=\"true\"><\/div>\n<\/form>\n<\/div>\n[\/vc_column][\/vc_row][vc_row el_class=&#8221;contact_faq&#8221; conditional_render=&#8221;%5B%7B%22value_role%22%3A%22administrator%22%7D%5D&#8221; css_params=&#8221;&#8221;][vc_column][vc_empty_space height=&#8221;50px&#8221;][vc_custom_heading text=&#8221;Nh\u1eefng C\u00e2u H\u1ecfi Th\u01b0\u1eddng G\u1eb7p&#8221; use_theme_fonts=&#8221;yes&#8221; css_params=&#8221;&#8221;][vc_toggle title=&#8221;L\u00e0m c\u00e1ch n\u00e0o \u0111\u1ec3 t\u00f4i c\u00f3 th\u1ec3 t\u00ecm \u0111\u01b0\u1ee3c \u201cTh\u00f4ng tin li\u00ean h\u1ec7\u201d v\u1edbi Konica Minolta t\u1ea1i c\u00e1c qu\u1ed1c gia kh\u00e1c tr\u00ean th\u1ebf gi\u1edbi?&#8221; style=&#8221;round&#8221; css_params=&#8221;&#8221;]Vui l\u00f2ng truy c\u1eadp v\u00e0o website to\u00e0n c\u1ea7u c\u1ee7a ch\u00fang t\u00f4i \u0111\u1ec3 truy v\u1ea5n th\u00f4ng tin \u0111\u1ecba ch\u1ec9 li\u00ean h\u1ec7 v\u1edbi c\u00e1c Konica Minolta t\u1ea1i c\u00e1c qu\u1ed1c gia tr\u00ean th\u1ebf gi\u1edbi: <a href=\"https:\/\/www.konicaminolta.com\/selector\/index.html\" target=\"_blank\" rel=\"noopener\">https:\/\/www.konicaminolta.com\/selector\/index.html<\/a>[\/vc_toggle][vc_toggle title=&#8221;Th\u1eddi gian ho\u1ea1t \u0111\u1ed9ng c\u1ee7a Konica Minolta t\u1ea1i th\u1ecb tr\u01b0\u1eddng Vi\u1ec7t Nam?&#8221; style=&#8221;round&#8221; css_params=&#8221;&#8221;]Konica Minolta Vi\u1ec7t Nam ho\u1ea1t \u0111\u1ed9ng t\u1eeb Th\u1ee9 Hai \u0111\u1ebfn Th\u1ee9 S\u00e1u (tr\u1eeb Ng\u00e0y L\u1ec5), t\u1eeb 8h30 s\u00e1ng \u0111\u1ebfn 5h30 chi\u1ec1u (theo gi\u1edd Vi\u1ec7t Nam)[\/vc_toggle][vc_toggle title=&#8221;L\u00e0m th\u1ebf n\u00e0o \u0111\u1ec3 \u0111\u01b0\u1ee3c gi\u1ea3i \u0111\u00e1p v\u1ec1 nh\u1eefng th\u1eafc m\u1eafc kh\u00e1c?&#8221; style=&#8221;round&#8221; css_params=&#8221;&#8221;]Vui l\u00f2ng li\u00ean h\u1ec7 v\u1edbi ch\u00fang t\u00f4i theo s\u1ed1 \u0111i\u1ec7n tho\u1ea1i: +84 (028) 3915 4242 (Tr\u1ee5 s\u1edf ch\u00ednh t\u1ea1i Th\u00e0nh ph\u1ed1 H\u1ed3 Ch\u00ed Minh) ho\u1eb7c +84 (024) 3776 7023 (Chi nh\u00e1nh H\u00e0 N\u1ed9i) \u0111\u1ec3 \u0111\u01b0\u1ee3c t\u01b0 v\u1ea5n h\u1ed7 tr\u1ee3 ho\u1eb7c qu\u00fd kh\u00e1ch h\u00e0ng c\u00f3 th\u1ec3 g\u1eedi nh\u1eefng c\u00e2u h\u1ecfi li\u00ean quan kh\u00e1c t\u1ea1i \u0111\u00e2y: <a href=\"https:\/\/www.konicaminolta.vn\/business\/en\/contact-us\/\" target=\"_blank\" rel=\"noopener\">https:\/\/www.konicaminolta.vn\/business\/en\/contact-us\/<\/a>[\/vc_toggle][\/vc_column][\/vc_row][vc_row][vc_column][vc_empty_space height=&#8221;100px&#8221;][\/vc_column][\/vc_row]<\/p>\n<\/div>","protected":false},"excerpt":{"rendered":"<p>[vc_row][vc_column][vc_custom_heading text=&#8221;Li\u00ean h\u1ec7 ch\u00fang t\u00f4i&#8221; use_theme_fonts=&#8221;yes&#8221; css_params=&#8221;&#8221;][\/vc_column][\/vc_row][vc_row el_class=&#8221;wrap_contact&#8221; conditional_render=&#8221;%5B%7B%22value_role%22%3A%22administrator%22%7D%5D&#8221; css_params=&#8221;&#8221;][vc_column width=&#8221;1\/2&#8243;][vc_single_image image=&#8221;11091&#8243; img_size=&#8221;full&#8221; alignment=&#8221;center&#8221; css_params=&#8221;&#8221;][vc_column_text css_params=&#8221;&#8221;] C\u00f4ng ty TNHH Konica Minolta Business Solutions Vi\u1ec7t Nam \u0110\u1ecba Ch\u1ec9 Tr\u1ee5 S\u1edf Ch\u00ednh: L\u1ea7u 2, T\u00f2a nh\u00e0 Pearl 5, 05 \u0110\u01b0\u1eddng L\u00ea Qu\u00fd \u0110\u00f4n, Ph\u01b0\u1eddng V\u00f5 Th\u1ecb S\u00e1u, Qu\u1eadn 3, TP. HCM, Vi\u1ec7t Nam Gi\u1edd ho\u1ea1t \u0111\u1ed9ng: M\u1edf<\/p>\n","protected":false},"author":1,"featured_media":0,"parent":0,"menu_order":0,"comment_status":"closed","ping_status":"closed","template":"","meta":{"footnotes":""},"class_list":["post-5076","page","type-page","status-publish","hentry"],"_links":{"self":[{"href":"https:\/\/www.konicaminolta.vn\/business\/wp-json\/wp\/v2\/pages\/5076","targetHints":{"allow":["GET"]}}],"collection":[{"href":"https:\/\/www.konicaminolta.vn\/business\/wp-json\/wp\/v2\/pages"}],"about":[{"href":"https:\/\/www.konicaminolta.vn\/business\/wp-json\/wp\/v2\/types\/page"}],"author":[{"embeddable":true,"href":"https:\/\/www.konicaminolta.vn\/business\/wp-json\/wp\/v2\/users\/1"}],"replies":[{"embeddable":true,"href":"https:\/\/www.konicaminolta.vn\/business\/wp-json\/wp\/v2\/comments?post=5076"}],"version-history":[{"count":5,"href":"https:\/\/www.konicaminolta.vn\/business\/wp-json\/wp\/v2\/pages\/5076\/revisions"}],"predecessor-version":[{"id":11108,"href":"https:\/\/www.konicaminolta.vn\/business\/wp-json\/wp\/v2\/pages\/5076\/revisions\/11108"}],"wp:attachment":[{"href":"https:\/\/www.konicaminolta.vn\/business\/wp-json\/wp\/v2\/media?parent=5076"}],"curies":[{"name":"wp","href":"https:\/\/api.w.org\/{rel}","templated":true}]}}