{"id":5078,"date":"2017-02-10T14:59:02","date_gmt":"2017-02-10T14:59:02","guid":{"rendered":"http:\/\/konicaminolta.me\/education\/"},"modified":"2018-06-25T12:27:04","modified_gmt":"2018-06-25T05:27:04","slug":"education","status":"publish","type":"page","link":"https:\/\/www.konicaminolta.vn\/business\/education\/","title":{"rendered":"Gi\u00e1o d\u1ee5c"},"content":{"rendered":"<div class=\"wpb-content-wrapper\"><p>[vc_row full_width=&#8221;stretch_row_content&#8221; css=&#8221;.vc_custom_1498289298149{margin-bottom: 30px !important;}&#8221;][vc_column][rev_slider_vc alias=&#8221;education2_vi&#8221;][\/vc_column][\/vc_row][vc_row full_width=&#8221;stretch_row&#8221; css=&#8221;.vc_custom_1498289073417{margin-top: -75px !important;margin-bottom: 55px !important;padding-top: 81px !important;padding-bottom: 78px !important;background-color: #f2f2f2 !important;}&#8221;][vc_column width=&#8221;7\/12&#8243;][vc_column_text css=&#8221;.vc_custom_1529903871137{margin-bottom: 25px !important;}&#8221;]<\/p>\n<h3><span style=\"font-family: arial, helvetica, sans-serif;\"><b>Gi\u1ea3i ph\u00e1p gi\u00e1o d\u1ee5c KONICA MINOLTA<\/b><\/span><\/h3>\n<p>[\/vc_column_text][vc_column_text]Gi\u1ea3i ph\u00e1p gi\u00e1o d\u1ee5c Konica Minolta \u0111\u01b0\u1ee3c thi\u1ebft k\u1ebf \u0111\u1ec3 c\u1ea3i thi\u1ec7n hi\u1ec7u qu\u1ea3 c\u00f4ng vi\u1ec7c, n\u00e2ng cao n\u0103ng su\u1ea5t v\u00e0 qu\u1ea3n l\u00fd nhu c\u1ea7u in \u1ea5n v\u00e0 qu\u1ea3n l\u00fd t\u00e0i li\u1ec7u.<\/p>\n<p><span style=\"display: block; line-height: 22px;\">V\u1edbi gi\u1ea3i ph\u00e1p linh ho\u1ea1t v\u00e0 c\u00f3 th\u1ec3 m\u1edf r\u1ed9ng, n\u00f3 c\u00f3 th\u1ec3 gi\u00fap h\u1ee3p l\u00fd h\u00f3a quy tr\u00ecnh l\u00e0m vi\u1ec7c c\u1ee7a t\u00e0i li\u1ec7u, \u0111\u1ea9y nhanh x\u1ebfp h\u1ea1ng v\u00e0 b\u00e1o c\u00e1o v\u00e0 b\u1ea3o m\u1eadt.<\/span>[\/vc_column_text][vc_empty_space height=&#8221;20&#8243;][vc_column_text]<\/p>\n<blockquote style=\"background-color: #ffffff;\"><p>C\u00f4ng ngh\u1ec7 truy\u1ec1n th\u00f4ng th\u00f4ng tin \u0111\u00e3 mang l\u1ea1i l\u1ee3i \u00edch cho ng\u00e0nh gi\u00e1o d\u1ee5c v\u00e0 n\u00e2ng cao kinh nghi\u1ec7m h\u1ecdc t\u1eadp t\u1ed5ng th\u1ec3.<\/p><\/blockquote>\n<p>[\/vc_column_text][\/vc_column][vc_column width=&#8221;5\/12&#8243; css=&#8221;.vc_custom_1497894672520{margin-left: 60px !important;}&#8221;][vc_empty_space height=&#8221;20&#8243;][vc_column_text]<iframe loading=\"lazy\" src=\"https:\/\/www.youtube.com\/embed\/TkRLZZzcgBs?rel=0\" width=\"100%\" height=\"262\" frameborder=\"0\" allowfullscreen=\"allowfullscreen\"><\/iframe>[\/vc_column_text][vc_column_text]<i>\u25ba<\/i> <a href=\"http:\/\/btpages.konicaminolta.com.sg\/Q1FY17_SG_corporate_web_Education_Brouchure.html\" target=\"_blank\" rel=\"noopener noreferrer\">T\u1ea3i xu\u1ed1ng t\u00e0i li\u1ec7u gi\u00e1o d\u1ee5c<\/a>[\/vc_column_text][\/vc_column][\/vc_row][vc_row full_width=&#8221;stretch_row&#8221; el_class=&#8221;third_bg_color&#8221; css=&#8221;.vc_custom_1451889219674{margin-bottom: -60px !important;}&#8221;][vc_column][vc_cta h2=&#8221;Looking for a First-Class Business Plan Consultant?&#8221; h2_font_container=&#8221;font_size:20px|color:%23000000|line_height:24px&#8221; h2_use_theme_fonts=&#8221;yes&#8221; shape=&#8221;square&#8221; style=&#8221;flat&#8221; add_button=&#8221;right&#8221; btn_title=&#8221;get a quote&#8221; btn_style=&#8221;flat&#8221; btn_color=&#8221;theme_style_2&#8243; btn_align=&#8221;right&#8221; btn_i_align=&#8221;right&#8221; btn_i_icon_fontawesome=&#8221;fa fa-chevron-right&#8221; use_custom_fonts_h2=&#8221;true&#8221; btn_button_block=&#8221;true&#8221; btn_add_icon=&#8221;true&#8221; el_class=&#8221;third_bg_color&#8221; css=&#8221;.vc_custom_1451762600590{margin-bottom: 0px !important;}&#8221;][\/vc_cta][\/vc_column][\/vc_row]<\/p>\n<\/div>","protected":false},"excerpt":{"rendered":"<p>[vc_row full_width=&#8221;stretch_row_content&#8221; css=&#8221;.vc_custom_1498289298149{margin-bottom: 30px !important;}&#8221;][vc_column][rev_slider_vc alias=&#8221;education2_vi&#8221;][\/vc_column][\/vc_row][vc_row full_width=&#8221;stretch_row&#8221; css=&#8221;.vc_custom_1498289073417{margin-top: -75px !important;margin-bottom: 55px !important;padding-top: 81px !important;padding-bottom: 78px !important;background-color: #f2f2f2 !important;}&#8221;][vc_column width=&#8221;7\/12&#8243;][vc_column_text css=&#8221;.vc_custom_1529903871137{margin-bottom: 25px !important;}&#8221;] Gi\u1ea3i ph\u00e1p gi\u00e1o d\u1ee5c KONICA MINOLTA [\/vc_column_text][vc_column_text]Gi\u1ea3i ph\u00e1p gi\u00e1o d\u1ee5c Konica Minolta \u0111\u01b0\u1ee3c thi\u1ebft k\u1ebf \u0111\u1ec3 c\u1ea3i thi\u1ec7n hi\u1ec7u qu\u1ea3 c\u00f4ng vi\u1ec7c, n\u00e2ng cao n\u0103ng su\u1ea5t v\u00e0 qu\u1ea3n l\u00fd nhu c\u1ea7u in \u1ea5n<\/p>\n","protected":false},"author":1,"featured_media":0,"parent":0,"menu_order":0,"comment_status":"closed","ping_status":"closed","template":"","meta":{"footnotes":""},"class_list":["post-5078","page","type-page","status-publish","hentry"],"_links":{"self":[{"href":"https:\/\/www.konicaminolta.vn\/business\/wp-json\/wp\/v2\/pages\/5078","targetHints":{"allow":["GET"]}}],"collection":[{"href":"https:\/\/www.konicaminolta.vn\/business\/wp-json\/wp\/v2\/pages"}],"about":[{"href":"https:\/\/www.konicaminolta.vn\/business\/wp-json\/wp\/v2\/types\/page"}],"author":[{"embeddable":true,"href":"https:\/\/www.konicaminolta.vn\/business\/wp-json\/wp\/v2\/users\/1"}],"replies":[{"embeddable":true,"href":"https:\/\/www.konicaminolta.vn\/business\/wp-json\/wp\/v2\/comments?post=5078"}],"version-history":[{"count":3,"href":"https:\/\/www.konicaminolta.vn\/business\/wp-json\/wp\/v2\/pages\/5078\/revisions"}],"predecessor-version":[{"id":5386,"href":"https:\/\/www.konicaminolta.vn\/business\/wp-json\/wp\/v2\/pages\/5078\/revisions\/5386"}],"wp:attachment":[{"href":"https:\/\/www.konicaminolta.vn\/business\/wp-json\/wp\/v2\/media?parent=5078"}],"curies":[{"name":"wp","href":"https:\/\/api.w.org\/{rel}","templated":true}]}}