{"id":5079,"date":"2017-06-19T17:13:13","date_gmt":"2017-06-19T17:13:13","guid":{"rendered":"http:\/\/konicaminolta.me\/healthcare\/"},"modified":"2018-06-25T12:33:55","modified_gmt":"2018-06-25T05:33:55","slug":"healthcare","status":"publish","type":"page","link":"https:\/\/www.konicaminolta.vn\/business\/healthcare\/","title":{"rendered":"Ch\u0103m s\u00f3c s\u1ee9c kh\u1ecfe"},"content":{"rendered":"<div class=\"wpb-content-wrapper\"><p>[vc_row][vc_column][rev_slider_vc alias=&#8221;healthcare2_v1&#8243;][\/vc_column][\/vc_row][vc_row full_width=&#8221;stretch_row&#8221; css=&#8221;.vc_custom_1497894549707{margin-top: -75px !important;margin-bottom: 55px !important;padding-top: 81px !important;padding-bottom: 78px !important;background-color: #f2f2f2 !important;}&#8221;][vc_column width=&#8221;7\/12&#8243;][vc_column_text css=&#8221;.vc_custom_1529904743738{margin-bottom: 25px !important;}&#8221;]<\/p>\n<h3><b>\u0110\u1ed1i t\u00e1c ch\u0103m s\u00f3c s\u1ee9c kh\u1ecfe s\u00e1ng t\u1ea1o c\u1ee7a b\u1ea1n<\/b><\/h3>\n<p>[\/vc_column_text][vc_column_text]T\u1ea1i Konica Minolta, ch\u00fang t\u00f4i trao quy\u1ec1n cho c\u00e1c nh\u00e0 cung c\u1ea5p d\u1ecbch v\u1ee5 ch\u0103m s\u00f3c s\u1ee9c kh\u1ecfe \u0111\u1ec3 cung c\u1ea5p d\u1ecbch v\u1ee5 ch\u0103m s\u00f3c cao c\u1ea5p v\u1edbi chuy\u00ean m\u00f4n v\u00e0 \u0111\u1ed5i m\u1edbi trong l\u0129nh v\u1ef1c c\u1ee7a ch\u00fang t\u00f4i.<\/p>\n<p>Gi\u1ea3i ph\u00e1p ch\u0103m s\u00f3c s\u1ee9c kh\u1ecfe c\u1ee7a ch\u00fang t\u00f4i gi\u00fap c\u00e1c nh\u00e0 cung c\u1ea5p d\u1ecbch v\u1ee5 ch\u0103m s\u00f3c s\u1ee9c kh\u1ecfe ti\u1ebft ki\u1ec7m th\u1eddi gian v\u00e0 t\u00e0i nguy\u00ean c\u0169ng nh\u01b0 t\u1ef1 \u0111\u1ed9ng h\u00f3a quy tr\u00ecnh v\u00e0 t\u0103ng n\u0103ng su\u1ea5t c\u1ee7a ng\u01b0\u1eddi d\u00f9ng trong m\u00f4i tr\u01b0\u1eddng an to\u00e0n.<\/p>\n<p><span style=\"display: block; line-height: 22px;\">\u00a0<\/span>[\/vc_column_text][vc_column_text]<\/p>\n<blockquote style=\"background-color: #ffffff;\"><p>T\u1ea1i Konica Minolta, ch\u00fang t\u00f4i hi\u1ec3u s\u1ef1 c\u1ea7n thi\u1ebft ph\u1ea3i ch\u0103m s\u00f3c b\u1ec7nh nh\u00e2n c\u00f3 ch\u1ea5t l\u01b0\u1ee3ng v\u00e0 t\u1ef1 tin v\u1ec1 l\u00e2m s\u00e0ng. \u0110\u00f3 l\u00e0 l\u00fd do t\u1ea1i sao Gi\u1ea3i ph\u00e1p ch\u0103m s\u00f3c s\u1ee9c kh\u1ecfe c\u1ee7a ch\u00fang t\u00f4i l\u00e0 t\u1ed5ng cung c\u1ea5p bao g\u1ed3m c\u00e1c gi\u1ea3i ph\u00e1p h\u00ecnh \u1ea3nh y t\u1ebf &#8211; X quang k\u1ef9 thu\u1eadt s\u1ed1 v\u00e0 t\u00ednh to\u00e1n, Si\u00eau \u00e2m v\u00e0 gi\u1ea3i ph\u00e1p CNTT; qu\u1ea3n l\u00fd n\u1ed9i dung v\u00e0 in \u1ea5n v\u1edbi b\u1ea3o m\u1eadt v\u00e0 \u0111\u1ed9 tin c\u1eady.<\/p><\/blockquote>\n<p>[\/vc_column_text][\/vc_column][vc_column width=&#8221;5\/12&#8243; css=&#8221;.vc_custom_1497894642314{margin-left: 60px !important;}&#8221;][vc_empty_space height=&#8221;20&#8243;][vc_column_text]<iframe loading=\"lazy\" src=\"https:\/\/www.youtube.com\/embed\/gi_8xbMfy58?rel=0\" width=\"100%\" height=\"262\" frameborder=\"0\" allowfullscreen=\"allowfullscreen\"><\/iframe>[\/vc_column_text][vc_column_text]<i>\u25ba<\/i> <a href=\"http:\/\/btpages.konicaminolta.com.sg\/Q1FY17_SG_corporate_web_Healthcare_Brochure.html\" target=\"_blank\" rel=\"noopener noreferrer\">T\u1ea3i xu\u1ed1ng t\u00e0i li\u1ec7u y t\u1ebf<\/a>[\/vc_column_text][\/vc_column][\/vc_row][vc_row full_width=&#8221;stretch_row&#8221; el_class=&#8221;third_bg_color&#8221; css=&#8221;.vc_custom_1451889219674{margin-bottom: -60px !important;}&#8221;][vc_column][vc_cta h2=&#8221;B\u1ea1n \u0111ang t\u00ecm ki\u1ebfm m\u1ed9t T\u01b0 v\u1ea5n k\u1ebf ho\u1ea1ch kinh doanh h\u1ea1ng nh\u1ea5t?&#8221; h2_font_container=&#8221;font_size:20px|color:%23000000|line_height:24px&#8221; h2_use_theme_fonts=&#8221;yes&#8221; shape=&#8221;square&#8221; style=&#8221;flat&#8221; add_button=&#8221;right&#8221; btn_title=&#8221;get a quote&#8221; btn_style=&#8221;flat&#8221; btn_color=&#8221;theme_style_2&#8243; btn_align=&#8221;right&#8221; btn_i_align=&#8221;right&#8221; btn_i_icon_fontawesome=&#8221;fa fa-chevron-right&#8221; use_custom_fonts_h2=&#8221;true&#8221; btn_button_block=&#8221;true&#8221; btn_add_icon=&#8221;true&#8221; el_class=&#8221;third_bg_color&#8221; css=&#8221;.vc_custom_1529904825324{margin-bottom: 0px !important;}&#8221;][\/vc_cta][\/vc_column][\/vc_row]<\/p>\n<\/div>","protected":false},"excerpt":{"rendered":"<p>[vc_row][vc_column][rev_slider_vc alias=&#8221;healthcare2_v1&#8243;][\/vc_column][\/vc_row][vc_row full_width=&#8221;stretch_row&#8221; css=&#8221;.vc_custom_1497894549707{margin-top: -75px !important;margin-bottom: 55px !important;padding-top: 81px !important;padding-bottom: 78px !important;background-color: #f2f2f2 !important;}&#8221;][vc_column width=&#8221;7\/12&#8243;][vc_column_text css=&#8221;.vc_custom_1529904743738{margin-bottom: 25px !important;}&#8221;] \u0110\u1ed1i t\u00e1c ch\u0103m s\u00f3c s\u1ee9c kh\u1ecfe s\u00e1ng t\u1ea1o c\u1ee7a b\u1ea1n [\/vc_column_text][vc_column_text]T\u1ea1i Konica Minolta, ch\u00fang t\u00f4i trao quy\u1ec1n cho c\u00e1c nh\u00e0 cung c\u1ea5p d\u1ecbch v\u1ee5 ch\u0103m s\u00f3c s\u1ee9c kh\u1ecfe \u0111\u1ec3 cung c\u1ea5p d\u1ecbch v\u1ee5 ch\u0103m s\u00f3c cao c\u1ea5p<\/p>\n","protected":false},"author":1,"featured_media":0,"parent":0,"menu_order":0,"comment_status":"closed","ping_status":"closed","template":"","meta":{"footnotes":""},"class_list":["post-5079","page","type-page","status-publish","hentry"],"_links":{"self":[{"href":"https:\/\/www.konicaminolta.vn\/business\/wp-json\/wp\/v2\/pages\/5079","targetHints":{"allow":["GET"]}}],"collection":[{"href":"https:\/\/www.konicaminolta.vn\/business\/wp-json\/wp\/v2\/pages"}],"about":[{"href":"https:\/\/www.konicaminolta.vn\/business\/wp-json\/wp\/v2\/types\/page"}],"author":[{"embeddable":true,"href":"https:\/\/www.konicaminolta.vn\/business\/wp-json\/wp\/v2\/users\/1"}],"replies":[{"embeddable":true,"href":"https:\/\/www.konicaminolta.vn\/business\/wp-json\/wp\/v2\/comments?post=5079"}],"version-history":[{"count":3,"href":"https:\/\/www.konicaminolta.vn\/business\/wp-json\/wp\/v2\/pages\/5079\/revisions"}],"predecessor-version":[{"id":5389,"href":"https:\/\/www.konicaminolta.vn\/business\/wp-json\/wp\/v2\/pages\/5079\/revisions\/5389"}],"wp:attachment":[{"href":"https:\/\/www.konicaminolta.vn\/business\/wp-json\/wp\/v2\/media?parent=5079"}],"curies":[{"name":"wp","href":"https:\/\/api.w.org\/{rel}","templated":true}]}}