{"id":5080,"date":"2017-10-18T21:23:37","date_gmt":"2017-10-18T13:23:37","guid":{"rendered":"http:\/\/konicaminolta.me\/industrial-printing\/"},"modified":"2021-08-24T10:28:10","modified_gmt":"2021-08-24T03:28:10","slug":"industrial-printing","status":"publish","type":"page","link":"https:\/\/www.konicaminolta.vn\/business\/industrial-printing\/","title":{"rendered":"H\u1ec7 th\u1ed1ng in c\u00f4ng nghi\u1ec7p"},"content":{"rendered":"<div class=\"wpb-content-wrapper\"><p>[vc_row][vc_column width=&#8221;3\/4&#8243;]<div class=\"woocommerce columns-3 \"><ul class=\"products columns-3\">\n<li class=\"product type-product post-10067 status-publish first instock product_cat-in-cong-nghiep has-post-thumbnail taxable shipping-taxable product-type-simple\">\n\t<div class=\"author\">by Konica Business<\/div><\/li>\n<li class=\"product type-product post-9533 status-publish instock product_cat-in-cong-nghiep has-post-thumbnail taxable shipping-taxable product-type-simple\">\n\t<div class=\"author\">by Konica Business<\/div><\/li>\n<li class=\"product type-product post-9525 status-publish last instock product_cat-in-cong-nghiep has-post-thumbnail taxable shipping-taxable product-type-simple\">\n\t<div class=\"author\">by Konica Business<\/div><\/li>\n<li class=\"product type-product post-7496 status-publish first instock product_cat-in-cong-nghiep has-post-thumbnail taxable shipping-taxable product-type-simple\">\n\t<div class=\"author\">by Konica Business<\/div><\/li>\n<li class=\"product type-product post-6407 status-publish instock product_cat-in-cong-nghiep has-post-thumbnail taxable shipping-taxable product-type-simple\">\n\t<div class=\"author\">by Konica Business<\/div><\/li>\n<\/ul>\n<\/div>[\/vc_column][vc_column width=&#8221;1\/4&#8243;][vc_widget_sidebar sidebar_id=&#8221;consulting-shop&#8221;][\/vc_column][\/vc_row]<\/p>\n<h4>H\u1ec7 th\u1ed1ng In \u1ea5n C\u00f4ng nghi\u1ec7p | In c\u00f4ng nghi\u1ec7p v\u1edbi hi\u1ec7u \u1ee9ng ho\u00e0n thi\u1ec7n 3D<\/h4>\n<p style=\"text-align: justify;\">C\u00f3 r\u1ea5t nhi\u1ec1u doanh nghi\u1ec7p tr\u00ean th\u1ecb tr\u01b0\u1eddng \u0111ang \u00e1p d\u1ee5ng nh\u1eefng Gi\u1ea3i ph\u00e1p In c\u00f4ng nghi\u1ec7p trong quy tr\u00ecnh v\u1eadn h\u00e0nh h\u1eb1ng ng\u00e0y \u0111\u1ec3 ph\u1ee5c v\u1ee5 cho nh\u1eefng nhu c\u1ea7u nh\u01b0 in tem nh\u00e3n, in bao b\u00ec s\u1ea3n ph\u1ea9m, v\u00e0 c\u1ea3 nh\u1eefng \u1ee9ng d\u1ee5ng trang tr\u00ed th\u00e0nh ph\u1ea9m in d\u01b0\u1edbi h\u00ecnh th\u1ee9c d\u1eadp l\u00e1 v\u00e0 d\u1eadp n\u1ed5i, v.v\u2026<\/p>\n<p style=\"text-align: justify;\"><a href=\"https:\/\/www.konicaminolta.vn\/business\/\">Konica Minolta<\/a> cung c\u1ea5p c\u00e1c gi\u1ea3i ph\u00e1p in c\u00f4ng nghi\u1ec7p \u0111\u01b0\u1ee3c thi\u1ebft k\u1ebf d\u00e0nh ri\u00eang gi\u00fap doanh nghi\u1ec7p t\u1ed1i \u01b0u h\u00f3a quy tr\u00ecnh in \u1ea5n v\u1edbi ch\u1ea5t l\u01b0\u1ee3ng \u0111\u1ea7u ra v\u01b0\u1ee3t tr\u1ed9i, \u0111\u1ed9 ch\u00ednh x\u00e1c, n\u0103ng su\u1ea5t v\u00e0 t\u00ednh linh ho\u1ea1t cao, \u0111\u1ed3ng th\u1eddi d\u1ec5 s\u1eed d\u1ee5ng. C\u00f4ng ngh\u1ec7 in \u1ea5n k\u1ef9 thu\u1eadt s\u1ed1 n\u00e0y s\u1ebd mang l\u1ea1i nhi\u1ec1u gi\u00e1 tr\u1ecb n\u00e2ng cao cho qu\u00fd kh\u00e1ch h\u00e0ng. T\u1eeb t\u1ed1c \u0111\u1ed9 in nhanh ch\u00f3ng cho \u0111\u1ebfn kh\u1ea3 n\u0103ng cung c\u1ea5p c\u00e1c d\u1ecbch v\u1ee5 ch\u1ea5t l\u01b0\u1ee3ng t\u1eeb Konica Minolta Service Desk, c\u00e1c d\u1ecbch v\u1ee5 v\u00e0 gi\u1ea3i ph\u00e1p in c\u00f4ng nghi\u1ec7p ch\u00fang t\u00f4i s\u1ebd gi\u00fap doanh nghi\u1ec7p n\u00e2ng cao n\u0103ng su\u1ea5t nh\u1edd v\u00e0o kh\u1ea3 n\u0103ng t\u1ef1 \u0111\u1ed9ng h\u00f3a c\u00e1c t\u00e1c v\u1ee5 v\u00e0 s\u1ea3n xu\u1ea5t ra \u0111a d\u1ea1ng nhi\u1ec1u th\u00e0nh ph\u1ea9m in \u0111\u1ed9c \u0111\u00e1o, c\u00f3 kh\u1ea3 n\u0103ng t\u00e1c \u0111\u1ed9ng v\u00e0 t\u1ea1o s\u1ef1 thu h\u00fat c\u1ea3 v\u1ec1 m\u1eb7t x\u00fac gi\u00e1c l\u1eabn th\u1ecb gi\u00e1c.<\/p>\n<h5 style=\"text-align: justify;\">Nh\u1eefng t\u00ednh n\u0103ng v\u01b0\u1ee3t tr\u1ed9i c\u1ee7a H\u1ec7 th\u1ed1ng In c\u00f4ng nghi\u1ec7p \u0111\u1ebfn t\u1eeb Konica Minolta<\/h5>\n<p style=\"text-align: justify;\">H\u1ec7 th\u1ed1ng In c\u00f4ng nghi\u1ec7p c\u1ee7a Konica Minolta s\u1edf h\u1eefu c\u00f4ng ngh\u1ec7 ph\u1ee7 m\u1ef1c UV \u0111\u1ed9c quy\u1ec1n, gi\u00fap t\u1ea1o n\u00ean nh\u1eefng th\u00e0nh ph\u1ea9m in v\u1edbi ch\u1ea5t l\u01b0\u1ee3ng v\u01b0\u1ee3t tr\u1ed9i v\u00e0 \u0111\u1ed9c \u0111\u00e1o, h\u1ed7 tr\u1ee3 doanh nghi\u1ec7p trong vi\u1ec7c n\u00e2ng cao gi\u00e1 tr\u1ecb b\u1ea3n in ngay c\u1ea3 tr\u00ean nh\u1eefng v\u1eadt li\u1ec7u bao b\u00ec c\u00f3 k\u1ebft c\u1ea5u d\u00e0y d\u1eb7n v\u00e0 ph\u1ee9c t\u1ea1p. B\u1ea5t k\u1ec3 m\u1ecdi \u1ee9ng d\u1ee5ng t\u1eeb in d\u1eadp n\u1ed5i cho \u0111\u1ebfn in ph\u1ee7 b\u00f3ng \u00e1nh kim, c\u00f4ng ngh\u1ec7 in phun hi\u1ec7n \u0111\u1ea1i nh\u1ea5t c\u1ee7a Konica Minolta lu\u00f4n \u0111\u1ea3m b\u1ea3o mang \u0111\u1ebfn nh\u1eefng ch\u1ee9c n\u0103ng in ch\u1ed3ng m\u00e0u ho\u00e0n h\u1ea3o gi\u00fap l\u00e0m t\u0103ng gi\u00e1 tr\u1ecb cho m\u1ed7i b\u1ea3n in. JETVARNISH 3DS ch\u00ednh l\u00e0 d\u00f2ng m\u00e1y in ti\u00eau bi\u1ec3u cho ph\u00e2n kh\u00fac in \u1ea5n c\u00f4ng nghi\u1ec7p, \u0111\u01b0\u1ee3c t\u00edch h\u1ee3p v\u1edbi c\u00f4ng c\u1ee5 Qu\u00e9t th\u00f4ng minh d\u1ef1a tr\u00ean Tr\u00ed tu\u1ec7 Nh\u00e2n t\u1ea1o &#8211; Artificial Intelligence Smart Scanners, \u0111\u00e2y ch\u00ednh l\u00e0 gi\u1ea3i ph\u00e1p c\u00f4ng ngh\u1ec7 \u0111\u1ed9t ph\u00e1 \u0111\u1ed9c quy\u1ec1n gi\u00fap t\u0103ng t\u1ed1c \u0111\u1ed9 ho\u00e0n th\u00e0nh c\u00f4ng vi\u1ec7c, mang l\u1ea1i cho doanh nghi\u1ec7p l\u1ee3i th\u1ebf c\u1ea1nh tranh tr\u00ean th\u1ecb tr\u01b0\u1eddng. V\u1edbi H\u1ec7 th\u1ed1ng in \u1ea5n k\u1ebft h\u1ee3p Trang tr\u00ed K\u1ef9 thu\u1eadt s\u1ed1 c\u1ee7a Konica Minolta &#8211; JETVARNISH 3D, doanh nghi\u1ec7p c\u00f3 th\u1ec3 th\u1ecfa s\u1ee9c s\u00e1ng t\u1ea1o v\u1edbi kh\u1ea3 n\u0103ng in \u1ea5n v\u01b0\u1ee3t tr\u1ed9i. JETVARNISH 3D c\u0169ng \u0111\u00e3 t\u1eebng \u0111\u1ea1t Gi\u1ea3i th\u01b0\u1edfng iFOIL Digital Hot Foiling System, \u0111\u00e2y ch\u00ednh l\u00e0 m\u1ed9t minh ch\u1ee9ng cho kh\u1ea3 n\u0103ng h\u1ed7 tr\u1ee3 doanh nghi\u1ec7p trong vi\u1ec7c s\u1ea3n xu\u1ea5t ra nh\u1eefng th\u00e0nh ph\u1ea9m in v\u1edbi ch\u1ee9c n\u0103ng trang tr\u00ed ho\u00e0n thi\u1ec7n chuy\u00ean nghi\u1ec7p.<\/p>\n<h5 style=\"text-align: justify;\">L\u1ee3i \u00edch c\u1ee7a H\u1ec7 th\u1ed1ng In c\u00f4ng nghi\u1ec7p v\u1edbi t\u00ednh n\u0103ng trang tr\u00ed th\u00e0nh ph\u1ea9m t\u1ea1o hi\u1ec7u \u1ee9ng 3D<\/h5>\n<p style=\"text-align: justify;\">L\u00e0 m\u1ed9t gi\u1ea3i ph\u00e1p s\u1ea3n xu\u1ea5t mang l\u1ea1i nhi\u1ec1u l\u1ee3i \u00edch nh\u01b0 d\u1ec5 d\u00e0ng l\u1eadp tr\u00ecnh v\u00e0 th\u1ef1c hi\u1ec7n quy tr\u00ecnh in s\u1ea3n xu\u1ea5t kh\u00f4ng b\u1ecb l\u1ed7i, nhi\u1ec1u doanh nghi\u1ec7p \u0111\u00e3 b\u1eaft \u0111\u1ea7u chuy\u1ec3n sang \u00e1p d\u1ee5ng H\u1ec7 th\u1ed1ng In c\u00f4ng nghi\u1ec7p trong quy h\u00ecnh v\u1eadn h\u00e0nh c\u1ee7a h\u1ecd. Hi\u1ec7u \u1ee9ng in 3D \u0111\u01b0\u1ee3c t\u1ea1o ra d\u1ef1a tr\u00ean c\u00f4ng ngh\u1ec7 d\u1eadp n\u1ed5i k\u1ef9 thu\u1eadt s\u1ed1 ho\u1eb7c t\u00edch h\u1ee3p c\u00e1c k\u1ebft c\u1ea5u d\u00e0y h\u01a1n 22 micron l\u00ean c\u00e1c b\u1ea3n in. T\u00ednh n\u0103ng t\u1ea1o hi\u1ec7u \u1ee9ng 3D n\u00e0y kh\u00f4ng ch\u1ec9 gi\u00fap t\u0103ng th\u00eam t\u00ednh \u0111\u1ed9c \u0111\u00e1o cho s\u1ea3n ph\u1ea9m, m\u00e0 c\u00f2n mang l\u1ea1i nh\u1eefng tr\u1ea3i nghi\u1ec7m x\u00fac gi\u00e1c th\u00fa v\u1ecb tr\u00ean m\u1ed7i b\u1ea3n in, gi\u00fap doanh nghi\u1ec7p t\u1ea1o \u1ea5n t\u01b0\u1ee3ng s\u00e2u s\u1eafc v\u1edbi kh\u00e1ch h\u00e0ng. V\u1edbi ch\u1ee9c n\u0103ng ph\u1ee7 m\u1ef1c UV v\u00e0 t\u1ea1o hi\u1ec7u \u1ee9ng \u00e1nh kim, JETVARNISH 3D c\u00f3 kh\u1ea3 n\u0103ng n\u00e2ng cao gi\u00e1 tr\u1ecb b\u1ea3n in c\u00e1c th\u00e0nh ph\u1ea9m nh\u01b0 bao b\u00ec, tem nh\u00e3n v\u00e0 c\u00e1c b\u1ea3n in \u0111\u1ed3 h\u1ecda 3D. H\u1ec7 th\u1ed1ng in k\u1ef9 thu\u1eadt s\u1ed1 k\u1ebft h\u1ee3p v\u1edbi ch\u1ee9c n\u0103ng trang tr\u00ed th\u00e0nh ph\u1ea9m n\u00e0y ch\u00ednh l\u00e0 m\u1ed9t gi\u1ea3i ph\u00e1p in \u1ea5n h\u1ecda ti\u1ebft l\u00fd t\u01b0\u1edfng, \u0111\u01b0\u1ee3c thi\u1ebft k\u1ebf m\u1ed9t c\u00e1ch h\u1ee3p l\u00fd v\u00e0 th\u00f4ng minh gi\u00fap ng\u01b0\u1eddi d\u00f9ng d\u1ec5 d\u00e0ng s\u1eed d\u1ee5ng, \u0111\u1ed3ng th\u1eddi c\u00f2n mang l\u1ea1i c\u00e1c t\u00ednh n\u0103ng gi\u00fap gi\u1ea3m thi\u1ec3u ch\u1ea5t th\u1ea3i ra m\u00f4i tr\u01b0\u1eddng. Ngo\u00e0i ra, JETVARNISH 3D c\u00f2n cung c\u1ea5p nhi\u1ec1u l\u1ee3i \u00edch kh\u00e1c nh\u01b0 \u0111\u1ed9 ch\u00ednh x\u00e1c ho\u00e0n h\u1ea3o v\u00e0 kh\u1ea3 n\u0103ng th\u00edch \u1ee9ng v\u1edbi m\u1ecdi quy m\u00f4 s\u1ea3n xu\u1ea5t c\u1ee7a doanh nghi\u1ec7p .<\/p>\n<h5 style=\"text-align: justify;\">Nh\u1eefng l\u1ee3i \u00edch v\u01b0\u1ee3t tr\u1ed9i d\u00e0nh cho doanh nghi\u1ec7p<\/h5>\n<ul>\n<li style=\"text-align: justify;\">Mang \u0111\u1ebfn h\u00e0nh ph\u1ea9m \u0111\u1ea7u ra ch\u1ea5t l\u01b0\u1ee3ng cao, ti\u1ebft ki\u1ec7m chi ph\u00ed \u0111\u1ed1i v\u1edbi m\u1ecdi s\u1ea3n l\u01b0\u1ee3ng in \u1ea5n k\u1ef9 thu\u1eadt s\u1ed1 &#8211; gi\u00fap doanh nghi\u1ec7p \u0111\u1ea1t \u0111\u01b0\u1ee3c l\u1ee3i nhu\u1eadn s\u1ea3n xu\u1ea5t ngay t\u1eeb l\u1ea7n ch\u1ea1y \u0111\u1ea7u ti\u00ean<\/li>\n<li style=\"text-align: justify;\">C\u00f4ng ngh\u1ec7 \u0111\u1ed9t ph\u00e1 v\u00e0 \u0111\u1ed9c quy\u1ec1n c\u1ee7a Konica Minolta gi\u00fap h\u1ea1n ch\u1ebf l\u01b0\u1ee3ng ch\u1ea5t th\u1ea3i m\u1ed9t c\u00e1ch t\u1ed1i \u01b0u<\/li>\n<li style=\"text-align: justify;\">Quy tr\u00ecnh v\u1eadn h\u00e0nh nhanh ch\u00f3ng t\u1eeb kh\u00e2u thi\u1ebft k\u1ebf, cho \u0111\u1ebfn t\u1ea1o m\u1eabu, v\u00e0 c\u1ea3 b\u01b0\u1edbc s\u1ea3n xu\u1ea5t cho ra th\u00e0nh ph\u1ea9m cu\u1ed1i c\u00f9ng<\/li>\n<li style=\"text-align: justify;\">T\u00ednh n\u0103ng in \u1ea5n linh ho\u1ea1t tr\u00ean \u0111a d\u1ea1ng nhi\u1ec1u lo\u1ea1i b\u1ec1 m\u1eb7t thi\u1ebft k\u1ebf v\u00e0 \u0111\u1ed9 d\u00e0y vecni kh\u00e1c nhau<\/li>\n<li style=\"text-align: justify;\">C\u00f4ng ngh\u1ec7 LED ti\u00ean ti\u1ebfn cho ph\u00e9p qu\u00e1 tr\u00ecnh s\u1ea5y kh\u00f4 v\u00e0 \u1ed5n \u0111\u1ecbnh b\u1ec1 m\u1eb7t c\u1ee7a c\u00e1c b\u1ea3n in \u0111\u01b0\u1ee3c di\u1ec5n ra m\u1ed9t c\u00e1ch nhanh ch\u00f3ng, ti\u1ebft ki\u1ec7m th\u1eddi gian s\u1ea5y<\/li>\n<li style=\"text-align: justify;\">Cung c\u1ea5p \u0111a d\u1ea1ng nhi\u1ec1u t\u00ednh n\u0103ng h\u1eefu \u00edch \u0111\u01b0\u1ee3c t\u00edch h\u1ee3p ngay trong m\u1ed9t thi\u1ebft b\u1ecb duy nh\u1ea5t, ch\u1eb3ng h\u1ea1n nh\u01b0 kh\u1ea3 n\u0103ng d\u1eadp l\u00e1, d\u1eadp n\u1ed5i k\u1ef9 thu\u1eadt s\u1ed1, ph\u1ee7 b\u00f3ng UV truy\u1ec1n th\u1ed1ng, kh\u1ea3 n\u0103ng in t\u1ea1o k\u1ebft c\u1ea5u v\u00e0 hi\u1ec7u \u1ee9ng tr\u00ean v\u1eadt li\u1ec7u.<\/li>\n<\/ul>\n<\/div>","protected":false},"excerpt":{"rendered":"<p>[vc_row][vc_column width=&#8221;3\/4&#8243;][\/vc_column][vc_column width=&#8221;1\/4&#8243;][vc_widget_sidebar sidebar_id=&#8221;consulting-shop&#8221;][\/vc_column][\/vc_row] H\u1ec7 th\u1ed1ng In \u1ea5n C\u00f4ng nghi\u1ec7p | In c\u00f4ng nghi\u1ec7p v\u1edbi hi\u1ec7u \u1ee9ng ho\u00e0n thi\u1ec7n 3D C\u00f3 r\u1ea5t nhi\u1ec1u doanh nghi\u1ec7p tr\u00ean th\u1ecb tr\u01b0\u1eddng \u0111ang \u00e1p d\u1ee5ng nh\u1eefng Gi\u1ea3i ph\u00e1p In c\u00f4ng nghi\u1ec7p trong quy tr\u00ecnh v\u1eadn h\u00e0nh h\u1eb1ng ng\u00e0y \u0111\u1ec3 ph\u1ee5c v\u1ee5 cho nh\u1eefng nhu c\u1ea7u nh\u01b0 in tem nh\u00e3n,<\/p>\n","protected":false},"author":1,"featured_media":0,"parent":0,"menu_order":0,"comment_status":"closed","ping_status":"closed","template":"","meta":{"footnotes":""},"class_list":["post-5080","page","type-page","status-publish","hentry"],"_links":{"self":[{"href":"https:\/\/www.konicaminolta.vn\/business\/wp-json\/wp\/v2\/pages\/5080","targetHints":{"allow":["GET"]}}],"collection":[{"href":"https:\/\/www.konicaminolta.vn\/business\/wp-json\/wp\/v2\/pages"}],"about":[{"href":"https:\/\/www.konicaminolta.vn\/business\/wp-json\/wp\/v2\/types\/page"}],"author":[{"embeddable":true,"href":"https:\/\/www.konicaminolta.vn\/business\/wp-json\/wp\/v2\/users\/1"}],"replies":[{"embeddable":true,"href":"https:\/\/www.konicaminolta.vn\/business\/wp-json\/wp\/v2\/comments?post=5080"}],"version-history":[{"count":4,"href":"https:\/\/www.konicaminolta.vn\/business\/wp-json\/wp\/v2\/pages\/5080\/revisions"}],"predecessor-version":[{"id":8721,"href":"https:\/\/www.konicaminolta.vn\/business\/wp-json\/wp\/v2\/pages\/5080\/revisions\/8721"}],"wp:attachment":[{"href":"https:\/\/www.konicaminolta.vn\/business\/wp-json\/wp\/v2\/media?parent=5080"}],"curies":[{"name":"wp","href":"https:\/\/api.w.org\/{rel}","templated":true}]}}