{"id":5081,"date":"2017-09-09T18:38:36","date_gmt":"2017-09-09T10:38:36","guid":{"rendered":"http:\/\/konicaminolta.me\/innovative-technologies\/"},"modified":"2025-06-23T17:41:56","modified_gmt":"2025-06-23T10:41:56","slug":"innovative-technologies","status":"publish","type":"page","link":"https:\/\/www.konicaminolta.vn\/business\/innovative-technologies\/","title":{"rendered":"C\u00f4ng ngh\u1ec7 ti\u00ean ti\u1ebfn"},"content":{"rendered":"<div class=\"wpb-content-wrapper\"><div class=\"vc_row wpb_row vc_row-fluid\">\n<div class=\"wpb_column vc_column_container vc_col-sm-12\">\n<div class=\"vc_column-inner \">\n<div class=\"wpb_wrapper\">\n<div class=\"wpb_text_column wpb_content_element \">\n<div class=\"wpb_wrapper\">\n<h4>Gi\u1ea3i ph\u00e1p camera gi\u00e1m s\u00e1t th\u00f4ng minh<\/h4>\n<\/div>\n<\/div>\n<\/div>\n<\/div>\n<\/div>\n<\/div>\n<div class=\"vc_row wpb_row vc_row-fluid\">\n<div class=\"wpb_column vc_column_container vc_col-sm-12\">\n<div class=\"vc_column-inner \">\n<div class=\"wpb_wrapper\">\n<div class=\"wpb_text_column wpb_content_element \">\n<div class=\"wpb_wrapper\">\n<p><a href=\"https:\/\/www.konicaminolta.vn\/business\/innovative-technologies\/iot-security-monitoring-solution\/\" target=\"_blank\" rel=\"noopener\"><img loading=\"lazy\" decoding=\"async\" class=\"aligncenter wp-image-10473 size-full\" src=\"https:\/\/www.konicaminolta.vn\/business\/wp-content\/uploads\/2023\/09\/Desktop_Monitoring-960x200.jpg\" alt=\"\" width=\"960\" height=\"200\" srcset=\"https:\/\/www.konicaminolta.vn\/business\/wp-content\/uploads\/2023\/09\/Desktop_Monitoring-960x200.jpg 960w, https:\/\/www.konicaminolta.vn\/business\/wp-content\/uploads\/2023\/09\/Desktop_Monitoring-960x200-300x63.jpg 300w, https:\/\/www.konicaminolta.vn\/business\/wp-content\/uploads\/2023\/09\/Desktop_Monitoring-960x200-768x160.jpg 768w, https:\/\/www.konicaminolta.vn\/business\/wp-content\/uploads\/2023\/09\/Desktop_Monitoring-960x200-600x125.jpg 600w\" sizes=\"auto, (max-width: 960px) 100vw, 960px\" \/><\/a><\/p>\n<h4>Gi\u1ea3i ph\u00e1p rocbot v\u1eadn chuy\u1ec3n di \u0111\u1ed9ng<\/h4>\n<\/div>\n<\/div>\n<\/div>\n<\/div>\n<\/div>\n<\/div>\n<div class=\"vc_row wpb_row vc_row-fluid\">\n<div class=\"wpb_column vc_column_container vc_col-sm-12\">\n<div class=\"vc_column-inner \">\n<div class=\"wpb_wrapper\">\n<div class=\"wpb_text_column wpb_content_element \">\n<div class=\"wpb_wrapper\">\n<h4><a href=\"https:\/\/www.konicaminolta.vn\/business\/innovative-technologies\/thiet-bi-tu-dong-xu-ly-nguyen-vat-lieu-amh\/\" target=\"_blank\" rel=\"noopener\"><img loading=\"lazy\" decoding=\"async\" class=\"aligncenter wp-image-10474 size-full\" src=\"https:\/\/www.konicaminolta.vn\/business\/wp-content\/uploads\/2023\/09\/Banner12Desktop-960x200.jpg\" alt=\"\" width=\"960\" height=\"200\" srcset=\"https:\/\/www.konicaminolta.vn\/business\/wp-content\/uploads\/2023\/09\/Banner12Desktop-960x200.jpg 960w, https:\/\/www.konicaminolta.vn\/business\/wp-content\/uploads\/2023\/09\/Banner12Desktop-960x200-300x63.jpg 300w, https:\/\/www.konicaminolta.vn\/business\/wp-content\/uploads\/2023\/09\/Banner12Desktop-960x200-768x160.jpg 768w, https:\/\/www.konicaminolta.vn\/business\/wp-content\/uploads\/2023\/09\/Banner12Desktop-960x200-600x125.jpg 600w\" sizes=\"auto, (max-width: 960px) 100vw, 960px\" \/><\/a><\/h4>\n<h4>Gi\u1ea3i ph\u00e1p d\u1ee5ng c\u00f4ng ngh\u1ec7 k\u1ef9 thu\u1eadt s\u1ed1 trong ho\u1ea1t \u0111\u1ed9ng s\u1ea3n xu\u1ea5t<\/h4>\n<\/div>\n<\/div>\n<\/div>\n<\/div>\n<\/div>\n<\/div>\n<div class=\"vc_row wpb_row vc_row-fluid\">\n<div class=\"wpb_column vc_column_container vc_col-sm-12\">\n<div class=\"vc_column-inner \">\n<div class=\"wpb_wrapper\">\n<div class=\"wpb_text_column wpb_content_element \">\n<div class=\"wpb_wrapper\">\n<p><a href=\"https:\/\/www.konicaminolta.vn\/business\/innovative-technologies\/digital-manufacturing\/\" target=\"_blank\" rel=\"noopener\"><img loading=\"lazy\" decoding=\"async\" class=\"aligncenter wp-image-10475 size-full\" src=\"https:\/\/www.konicaminolta.vn\/business\/wp-content\/uploads\/2023\/09\/web-banner-scaled-960x200.jpg\" alt=\"\" width=\"960\" height=\"200\" srcset=\"https:\/\/www.konicaminolta.vn\/business\/wp-content\/uploads\/2023\/09\/web-banner-scaled-960x200.jpg 960w, https:\/\/www.konicaminolta.vn\/business\/wp-content\/uploads\/2023\/09\/web-banner-scaled-960x200-300x63.jpg 300w, https:\/\/www.konicaminolta.vn\/business\/wp-content\/uploads\/2023\/09\/web-banner-scaled-960x200-768x160.jpg 768w, https:\/\/www.konicaminolta.vn\/business\/wp-content\/uploads\/2023\/09\/web-banner-scaled-960x200-600x125.jpg 600w\" sizes=\"auto, (max-width: 960px) 100vw, 960px\" \/><\/a><\/p>\n<h4><strong>C\u00f4ng ngh\u1ec7 ti\u00ean ti\u1ebfn<\/strong><\/h4>\n<p style=\"text-align: justify;\">Konica Minolta \u0111ang \u0111\u1ecbnh ngh\u0129a l\u1ea1i n\u01a1i l\u00e0m vi\u1ec7c trong t\u01b0\u01a1ng lai, gi\u00fap b\u1ea1n l\u00e0m vi\u1ec7c th\u00f4ng minh h\u01a1n, hi\u1ec7u qu\u1ea3 h\u01a1n v\u00e0 h\u1ee3p t\u00e1c h\u01a1n. B\u1eb1ng c\u00e1ch cung c\u1ea5p cho b\u1ea1n c\u00e1c c\u00f4ng c\u1ee5 gi\u00fap cung c\u1ea5p th\u00f4ng tin chuy\u00ean s\u00e2u v\u1ec1 c\u1ea3i thi\u1ec7n quy tr\u00ecnh v\u00e0 gi\u1ea3i ph\u00e1p kinh doanh, Konica Minolta \u0111\u1eb7t m\u1ee5c ti\u00eau \u0111i \u0111\u1ea7u trong cu\u1ed9c c\u00e1ch m\u1ea1ng c\u00f4ng ngh\u1ec7. \u0110\u01b0\u1ee3c x\u00e1c \u0111\u1ecbnh b\u1edfi c\u00e1c tr\u1ee5 c\u1ed9t ch\u00ednh, c\u00e1c gi\u1ea3i ph\u00e1p kinh doanh c\u1ee7a ch\u00fang t\u00f4i gi\u00fap thi\u1ebft l\u1eadp m\u1ed9t V\u0103n ph\u00f2ng th\u00f4ng minh v\u1edbi kh\u1ea3 n\u0103ng k\u1ebft n\u1ed1i v\u00e0 c\u1ed9ng t\u00e1c li\u1ec1n m\u1ea1ch gi\u1eefa c\u00e1c nh\u00e2n vi\u00ean, d\u1ec5 d\u00e0ng truy c\u1eadp th\u00f4ng tin m\u1ecdi l\u00fac, m\u1ecdi n\u01a1i. V\u1edbi cu\u1ed9c c\u00e1ch m\u1ea1ng to\u00e0n c\u1ea7u v\u1ec1 c\u00f4ng ngh\u1ec7 n\u01a1i l\u00e0m vi\u1ec7c tr\u00ean to\u00e0n c\u1ea7u, c\u00e1c gi\u1ea3i ph\u00e1p kinh doanh n\u0103ng \u0111\u1ed9ng c\u1ee7a ch\u00fang t\u00f4i c\u1ea3i ti\u1ebfn c\u00e1c ph\u01b0\u01a1ng ph\u00e1p c\u1ed9ng t\u00e1c trong c\u00e1c c\u00f4ng ty, tr\u01b0\u1eddng h\u1ecdc v\u00e0 ch\u0103m s\u00f3c s\u1ee9c kh\u1ecfe. V\u1edbi c\u00e1c gi\u1ea3i ph\u00e1p kinh doanh \u0111\u1ed5i m\u1edbi, t\u1eeb s\u1ea3n xu\u1ea5t k\u1ef9 thu\u1eadt s\u1ed1 v\u1edbi IoT \u0111\u1ebfn cung c\u1ea5p nhi\u1ec1u lo\u1ea1i thi\u1ebft b\u1ecb in k\u1ef9 thu\u1eadt s\u1ed1, kh\u00f4ng gian l\u00e0m vi\u1ec7c th\u00f4ng minh s\u1ebd bao g\u1ed3m m\u1ed9t m\u00f4i tr\u01b0\u1eddng c\u00f3 t\u00ednh di \u0111\u1ed9ng cao, an to\u00e0n tr\u01b0\u1edbc c\u00e1c r\u1ee7i ro li\u00ean quan \u0111\u1ebfn IoT.<\/p>\n<p>&nbsp;<\/p>\n<\/div>\n<\/div>\n<\/div>\n<\/div>\n<\/div>\n<\/div>\n<\/div>","protected":false},"excerpt":{"rendered":"<p>Gi\u1ea3i ph\u00e1p camera gi\u00e1m s\u00e1t th\u00f4ng minh Gi\u1ea3i ph\u00e1p rocbot v\u1eadn chuy\u1ec3n di \u0111\u1ed9ng Gi\u1ea3i ph\u00e1p d\u1ee5ng c\u00f4ng ngh\u1ec7 k\u1ef9 thu\u1eadt s\u1ed1 trong ho\u1ea1t \u0111\u1ed9ng s\u1ea3n xu\u1ea5t C\u00f4ng ngh\u1ec7 ti\u00ean ti\u1ebfn Konica Minolta \u0111ang \u0111\u1ecbnh ngh\u0129a l\u1ea1i n\u01a1i l\u00e0m vi\u1ec7c trong t\u01b0\u01a1ng lai, gi\u00fap b\u1ea1n l\u00e0m vi\u1ec7c th\u00f4ng minh h\u01a1n, hi\u1ec7u qu\u1ea3 h\u01a1n v\u00e0 h\u1ee3p<\/p>\n","protected":false},"author":1,"featured_media":0,"parent":0,"menu_order":0,"comment_status":"closed","ping_status":"closed","template":"","meta":{"footnotes":""},"class_list":["post-5081","page","type-page","status-publish","hentry"],"_links":{"self":[{"href":"https:\/\/www.konicaminolta.vn\/business\/wp-json\/wp\/v2\/pages\/5081","targetHints":{"allow":["GET"]}}],"collection":[{"href":"https:\/\/www.konicaminolta.vn\/business\/wp-json\/wp\/v2\/pages"}],"about":[{"href":"https:\/\/www.konicaminolta.vn\/business\/wp-json\/wp\/v2\/types\/page"}],"author":[{"embeddable":true,"href":"https:\/\/www.konicaminolta.vn\/business\/wp-json\/wp\/v2\/users\/1"}],"replies":[{"embeddable":true,"href":"https:\/\/www.konicaminolta.vn\/business\/wp-json\/wp\/v2\/comments?post=5081"}],"version-history":[{"count":4,"href":"https:\/\/www.konicaminolta.vn\/business\/wp-json\/wp\/v2\/pages\/5081\/revisions"}],"predecessor-version":[{"id":11510,"href":"https:\/\/www.konicaminolta.vn\/business\/wp-json\/wp\/v2\/pages\/5081\/revisions\/11510"}],"wp:attachment":[{"href":"https:\/\/www.konicaminolta.vn\/business\/wp-json\/wp\/v2\/media?parent=5081"}],"curies":[{"name":"wp","href":"https:\/\/api.w.org\/{rel}","templated":true}]}}