{"id":5083,"date":"2017-10-07T01:29:55","date_gmt":"2017-10-06T17:29:55","guid":{"rendered":"http:\/\/konicaminolta.me\/innovative-technologies\/iot-security-monitoring-solution\/"},"modified":"2021-03-11T14:37:09","modified_gmt":"2021-03-11T07:37:09","slug":"iot-security-monitoring-solution","status":"publish","type":"page","link":"https:\/\/www.konicaminolta.vn\/business\/innovative-technologies\/iot-security-monitoring-solution\/","title":{"rendered":"Gi\u1ea3i ph\u00e1p gi\u00e1m s\u00e1t v\u00e0 b\u1ea3o m\u1eadt IoT"},"content":{"rendered":"<div class=\"wpb-content-wrapper\"><p>[vc_row][vc_column width=&#8221;3\/4&#8243;][rev_slider_vc alias=&#8221;mobotix_vi&#8221;][vc_row_inner][vc_column_inner width=&#8221;1\/2&#8243;][vc_single_image image=&#8221;4028&#8243; img_size=&#8221;full&#8221; onclick=&#8221;custom_link&#8221; img_link_target=&#8221;_blank&#8221; css_animation=&#8221;left-to-right&#8221; link=&#8221;https:\/\/www.konicaminolta.vn\/business\/wp-content\/uploads\/2017\/10\/Mobotix-brochureWEB-1-1.pdf&#8221;][\/vc_column_inner][vc_column_inner width=&#8221;1\/2&#8243;][vc_single_image image=&#8221;4029&#8243; img_size=&#8221;full&#8221; onclick=&#8221;custom_link&#8221; css_animation=&#8221;right-to-left&#8221; link=&#8221;https:\/\/www.konicaminolta.vn\/business\/innovative-technologies\/iot-security-monitoring-solution\/iot-demo\/&#8221;][\/vc_column_inner][\/vc_row_inner][vc_row_inner][vc_column_inner width=&#8221;1\/2&#8243;][vc_single_image image=&#8221;4030&#8243; img_size=&#8221;full&#8221;][\/vc_column_inner][vc_column_inner width=&#8221;1\/2&#8243;][vc_column_text]<iframe loading=\"lazy\" src=\"https:\/\/www.youtube.com\/embed\/f9qegnwuRME\" width=\"100%\" height=\"220\" frameborder=\"0\" allowfullscreen=\"allowfullscreen\"><\/iframe>[\/vc_column_text][\/vc_column_inner][\/vc_row_inner][vc_row_inner][vc_column_inner css=&#8221;.vc_custom_1507312965877{padding-bottom: -30px !important;}&#8221;][rev_slider_vc alias=&#8221;mobotix2_vi&#8221;][\/vc_column_inner][\/vc_row_inner][vc_row_inner][vc_column_inner css=&#8221;.vc_custom_1507313024007{padding-bottom: -20px !important;}&#8221;][rev_slider_vc alias=&#8221;mobotix_3_vi&#8221;][\/vc_column_inner][\/vc_row_inner][vc_row_inner][vc_column_inner css=&#8221;.vc_custom_1507313024007{padding-bottom: -20px !important;}&#8221;][rev_slider_vc alias=&#8221;mobotix_sector1_vi&#8221;][\/vc_column_inner][\/vc_row_inner][vc_row_inner][vc_column_inner css=&#8221;.vc_custom_1507313063382{padding-bottom: -20px !important;}&#8221;][rev_slider_vc alias=&#8221;mobotix_sector2_vi&#8221;][\/vc_column_inner][\/vc_row_inner][vc_row_inner][vc_column_inner css=&#8221;.vc_custom_1507313063382{padding-bottom: -20px !important;}&#8221;][rev_slider_vc alias=&#8221;mobotix_sector3_vi&#8221;][\/vc_column_inner][\/vc_row_inner][vc_row_inner][vc_column_inner css=&#8221;.vc_custom_1507313063382{padding-bottom: -20px !important;}&#8221;][rev_slider_vc alias=&#8221;mobotix_sector4_vi&#8221;][\/vc_column_inner][\/vc_row_inner][vc_row_inner][vc_column_inner css=&#8221;.vc_custom_1507313063382{padding-bottom: -20px !important;}&#8221;][rev_slider_vc alias=&#8221;mobotix_sector5_vi&#8221;][\/vc_column_inner][\/vc_row_inner][\/vc_column][vc_column width=&#8221;1\/4&#8243; css=&#8221;.vc_custom_1504252273080{margin-right: -30px !important;}&#8221;][vc_widget_sidebar sidebar_id=&#8221;consulting-right-sidebar&#8221;][vc_column_text]<span style=\"font-size: 10pt; font-family: Arial, Helvetica, sans-serif; color: #000000;\"><strong>THEO D\u00d5I CH\u00daNG T\u00d4I T\u1ea0I:<\/strong><\/span><\/p>\n<p><a href=\"https:\/\/www.facebook.com\/KonicaMinoltaBSAsia.RHQ\" target=\"_blank\" rel=\"noopener noreferrer\"><img loading=\"lazy\" decoding=\"async\" class=\"alignnone wp-image-3815\" src=\"https:\/\/www.konicaminolta.vn\/business\/wp-content\/uploads\/2017\/09\/facebook.png\" alt=\"\" width=\"33\" height=\"33\" srcset=\"https:\/\/www.konicaminolta.vn\/business\/wp-content\/uploads\/2017\/09\/facebook.png 157w, https:\/\/www.konicaminolta.vn\/business\/wp-content\/uploads\/2017\/09\/facebook-150x150.png 150w, https:\/\/www.konicaminolta.vn\/business\/wp-content\/uploads\/2017\/09\/facebook-50x50.png 50w\" sizes=\"auto, (max-width: 33px) 100vw, 33px\" \/><\/a>\u00a0\u00a0<a href=\"https:\/\/twitter.com\/KonicaMinoltaSG\" target=\"_blank\" rel=\"noopener noreferrer\"><img loading=\"lazy\" decoding=\"async\" class=\"alignnone wp-image-3812\" src=\"https:\/\/www.konicaminolta.vn\/business\/wp-content\/uploads\/2017\/09\/twitter.png\" alt=\"\" width=\"34\" height=\"33\" srcset=\"https:\/\/www.konicaminolta.vn\/business\/wp-content\/uploads\/2017\/09\/twitter.png 162w, https:\/\/www.konicaminolta.vn\/business\/wp-content\/uploads\/2017\/09\/twitter-150x150.png 150w, https:\/\/www.konicaminolta.vn\/business\/wp-content\/uploads\/2017\/09\/twitter-50x50.png 50w\" sizes=\"auto, (max-width: 34px) 100vw, 34px\" \/><\/a>\u00a0\u00a0<a href=\"https:\/\/www.youtube.com\/user\/KonicaMinoltaBSA\" target=\"_blank\" rel=\"noopener noreferrer\"><img loading=\"lazy\" decoding=\"async\" class=\"alignnone wp-image-3813\" src=\"https:\/\/www.konicaminolta.vn\/business\/wp-content\/uploads\/2017\/09\/youtube.png\" alt=\"\" width=\"33\" height=\"33\" srcset=\"https:\/\/www.konicaminolta.vn\/business\/wp-content\/uploads\/2017\/09\/youtube.png 158w, https:\/\/www.konicaminolta.vn\/business\/wp-content\/uploads\/2017\/09\/youtube-150x150.png 150w, https:\/\/www.konicaminolta.vn\/business\/wp-content\/uploads\/2017\/09\/youtube-50x50.png 50w\" sizes=\"auto, (max-width: 33px) 100vw, 33px\" \/><\/a>\u00a0\u00a0<a href=\"https:\/\/www.instagram.com\/konica_minolta_bsa\/\" target=\"_blank\" rel=\"noopener noreferrer\"><img loading=\"lazy\" decoding=\"async\" class=\"alignnone wp-image-3814\" src=\"https:\/\/www.konicaminolta.vn\/business\/wp-content\/uploads\/2017\/09\/insta.png\" alt=\"\" width=\"33\" height=\"33\" srcset=\"https:\/\/www.konicaminolta.vn\/business\/wp-content\/uploads\/2017\/09\/insta.png 157w, https:\/\/www.konicaminolta.vn\/business\/wp-content\/uploads\/2017\/09\/insta-150x150.png 150w, https:\/\/www.konicaminolta.vn\/business\/wp-content\/uploads\/2017\/09\/insta-50x50.png 50w\" sizes=\"auto, (max-width: 33px) 100vw, 33px\" \/><\/a>[\/vc_column_text][\/vc_column][\/vc_row][vc_row][vc_column][vc_empty_space][\/vc_column][\/vc_row]<\/p>\n<\/div>","protected":false},"excerpt":{"rendered":"<p>[vc_row][vc_column width=&#8221;3\/4&#8243;][rev_slider_vc alias=&#8221;mobotix_vi&#8221;][vc_row_inner][vc_column_inner width=&#8221;1\/2&#8243;][vc_single_image image=&#8221;4028&#8243; img_size=&#8221;full&#8221; onclick=&#8221;custom_link&#8221; img_link_target=&#8221;_blank&#8221; css_animation=&#8221;left-to-right&#8221; link=&#8221;https:\/\/www.konicaminolta.vn\/business\/wp-content\/uploads\/2017\/10\/Mobotix-brochureWEB-1-1.pdf&#8221;][\/vc_column_inner][vc_column_inner width=&#8221;1\/2&#8243;][vc_single_image image=&#8221;4029&#8243; img_size=&#8221;full&#8221; onclick=&#8221;custom_link&#8221; css_animation=&#8221;right-to-left&#8221; link=&#8221;https:\/\/www.konicaminolta.vn\/business\/innovative-technologies\/iot-security-monitoring-solution\/iot-demo\/&#8221;][\/vc_column_inner][\/vc_row_inner][vc_row_inner][vc_column_inner width=&#8221;1\/2&#8243;][vc_single_image image=&#8221;4030&#8243; img_size=&#8221;full&#8221;][\/vc_column_inner][vc_column_inner width=&#8221;1\/2&#8243;][vc_column_text][\/vc_column_text][\/vc_column_inner][\/vc_row_inner][vc_row_inner][vc_column_inner css=&#8221;.vc_custom_1507312965877{padding-bottom: -30px !important;}&#8221;][rev_slider_vc alias=&#8221;mobotix2_vi&#8221;][\/vc_column_inner][\/vc_row_inner][vc_row_inner][vc_column_inner css=&#8221;.vc_custom_1507313024007{padding-bottom: -20px !important;}&#8221;][rev_slider_vc alias=&#8221;mobotix_3_vi&#8221;][\/vc_column_inner][\/vc_row_inner][vc_row_inner][vc_column_inner css=&#8221;.vc_custom_1507313024007{padding-bottom: -20px !important;}&#8221;][rev_slider_vc alias=&#8221;mobotix_sector1_vi&#8221;][\/vc_column_inner][\/vc_row_inner][vc_row_inner][vc_column_inner css=&#8221;.vc_custom_1507313063382{padding-bottom: -20px !important;}&#8221;][rev_slider_vc alias=&#8221;mobotix_sector2_vi&#8221;][\/vc_column_inner][\/vc_row_inner][vc_row_inner][vc_column_inner css=&#8221;.vc_custom_1507313063382{padding-bottom: -20px !important;}&#8221;][rev_slider_vc alias=&#8221;mobotix_sector3_vi&#8221;][\/vc_column_inner][\/vc_row_inner][vc_row_inner][vc_column_inner css=&#8221;.vc_custom_1507313063382{padding-bottom: -20px !important;}&#8221;][rev_slider_vc alias=&#8221;mobotix_sector4_vi&#8221;][\/vc_column_inner][\/vc_row_inner][vc_row_inner][vc_column_inner css=&#8221;.vc_custom_1507313063382{padding-bottom: -20px !important;}&#8221;][rev_slider_vc alias=&#8221;mobotix_sector5_vi&#8221;][\/vc_column_inner][\/vc_row_inner][\/vc_column][vc_column width=&#8221;1\/4&#8243; css=&#8221;.vc_custom_1504252273080{margin-right: -30px !important;}&#8221;][vc_widget_sidebar sidebar_id=&#8221;consulting-right-sidebar&#8221;][vc_column_text]THEO D\u00d5I CH\u00daNG<\/p>\n","protected":false},"author":1,"featured_media":0,"parent":5081,"menu_order":0,"comment_status":"closed","ping_status":"closed","template":"","meta":{"footnotes":""},"class_list":["post-5083","page","type-page","status-publish","hentry"],"_links":{"self":[{"href":"https:\/\/www.konicaminolta.vn\/business\/wp-json\/wp\/v2\/pages\/5083","targetHints":{"allow":["GET"]}}],"collection":[{"href":"https:\/\/www.konicaminolta.vn\/business\/wp-json\/wp\/v2\/pages"}],"about":[{"href":"https:\/\/www.konicaminolta.vn\/business\/wp-json\/wp\/v2\/types\/page"}],"author":[{"embeddable":true,"href":"https:\/\/www.konicaminolta.vn\/business\/wp-json\/wp\/v2\/users\/1"}],"replies":[{"embeddable":true,"href":"https:\/\/www.konicaminolta.vn\/business\/wp-json\/wp\/v2\/comments?post=5083"}],"version-history":[{"count":3,"href":"https:\/\/www.konicaminolta.vn\/business\/wp-json\/wp\/v2\/pages\/5083\/revisions"}],"predecessor-version":[{"id":7655,"href":"https:\/\/www.konicaminolta.vn\/business\/wp-json\/wp\/v2\/pages\/5083\/revisions\/7655"}],"up":[{"embeddable":true,"href":"https:\/\/www.konicaminolta.vn\/business\/wp-json\/wp\/v2\/pages\/5081"}],"wp:attachment":[{"href":"https:\/\/www.konicaminolta.vn\/business\/wp-json\/wp\/v2\/media?parent=5083"}],"curies":[{"name":"wp","href":"https:\/\/api.w.org\/{rel}","templated":true}]}}