{"id":5088,"date":"2018-06-18T07:38:53","date_gmt":"2018-06-17T23:38:53","guid":{"rendered":"http:\/\/konicaminolta.me\/managed-it\/"},"modified":"2018-07-10T15:24:36","modified_gmt":"2018-07-10T08:24:36","slug":"managed-it","status":"publish","type":"page","link":"https:\/\/www.konicaminolta.vn\/business\/managed-it\/","title":{"rendered":"Qu\u1ea3n l\u00fd IT"},"content":{"rendered":"<div class=\"wpb-content-wrapper\"><p>[vc_row css=&#8221;.vc_custom_1513678123948{margin-top: -75px !important;}&#8221;][vc_column][rev_slider_vc alias=&#8221;mit&#8221;][\/vc_column][\/vc_row][vc_row][vc_column][vc_empty_space height=&#8221;32&#8243;][\/vc_column][\/vc_row][vc_row][vc_column width=&#8221;2\/3&#8243;][vc_tta_tabs shape=&#8221;square&#8221; color=&#8221;white&#8221; spacing=&#8221;3&#8243; active_section=&#8221;1&#8243;][vc_tta_section title=&#8221;Gi\u1edbi thi\u1ec7u&#8221; tab_id=&#8221;1507655057331-376e15e5-1e5f76bd-853b909d-38af&#8221;][vc_empty_space height=&#8221;32&#8243;][vc_column_text]<\/p>\n<div class=\"wpb_text_column wpb_content_element \">\n<div class=\"wpb_wrapper\">\n<h3><strong>Konica Minolta Qu\u1ea3n l\u00fd C\u00f4ng ngh\u1ec7 th\u00f4ng tin (MIT)<\/strong><\/h3>\n<p>Nh\u00e0 cung c\u1ea5p gi\u1ea3i ph\u00e1p CNTT m\u1ed9t c\u1eeda c\u1ee7a b\u1ea1n<\/p>\n<p>N\u00f3 r\u1ea5t d\u1ec5 d\u00e0ng \u0111\u1ec3 m\u1ea5t theo d\u00f5i c\u00e1c \u01b0u ti\u00ean c\u1ee7a b\u1ea1n. N\u00f3 b\u1eaft \u0111\u1ea7u v\u1edbi c\u00e1c v\u1ea5n \u0111\u1ec1 nh\u01b0 m\u00e1y ch\u1ee7 mua g\u00ec, c\u00e0i \u0111\u1eb7t t\u01b0\u1eddng l\u1eeda n\u00e0o, c\u00e1ch b\u1ea3o m\u1eadt m\u1ea1ng kh\u00f4ng d\u00e2y c\u1ee7a b\u1ea1n v\u00e0 b\u1ea3o v\u1ec7 kh\u1ecfi vi-r\u00fat v\u00e0 ph\u1ea7n m\u1ec1m \u0111\u1ed9c h\u1ea1i c\u00f3 h\u1ea1i. Sau \u0111\u00f3, h\u1ec7 \u0111i\u1ec1u h\u00e0nh b\u1ecb h\u1ecfng, b\u1ea3o m\u1eadt b\u1ecb vi ph\u1ea1m v\u00e0 gi\u00e1n \u0111o\u1ea1n m\u1ea1ng tr\u1edf th\u00e0nh m\u1ed9t v\u1ea5n \u0111\u1ec1 h\u00e0ng ng\u00e0y. N\u00f3 \u0111\u01a1n gi\u1ea3n l\u00e0 th\u00f4ng minh \u0111\u1ec3 thu\u00ea ngo\u00e0i c\u00e1c y\u00eau c\u1ea7u c\u00f4ng ngh\u1ec7 th\u00f4ng tin c\u1ed1t l\u00f5i v\u00e0 quan tr\u1ecdng (CNTT) c\u1ee7a b\u1ea1n v\u1edbi Konica Minolta Managed IT Services. Doanh nghi\u1ec7p c\u1ee7a b\u1ea1n \u0111\u1ea1t \u0111\u01b0\u1ee3c b\u1eb1ng c\u00e1ch gi\u1ea3m chi ph\u00ed v\u00e0 ph\u1ee9c t\u1ea1p, v\u00e0 t\u0103ng hi\u1ec7u qu\u1ea3 ho\u1ea1t \u0111\u1ed9ng.<\/p>\n<\/div>\n<\/div>\n<div class=\"wpb_text_column wpb_content_element \">\n<div class=\"wpb_wrapper\">\n<p><strong> D\u1ecbch v\u1ee5 CNTT \u0111\u01b0\u1ee3c qu\u1ea3n l\u00fd c\u1ee7a Konica Minolta cung c\u1ea5p d\u1ecbch v\u1ee5 qu\u1ea3n l\u00fd CNTT m\u1ed9t c\u1eeda: <\/strong><\/p>\n<ul>\n<li>D\u1ecbch v\u1ee5 H\u1ed7 tr\u1ee3 K\u1ef9 thu\u1eadt<\/li>\n<li>Ph\u1ea7n c\u1ee9ng &amp; C\u1ea5p ph\u00e9p ph\u1ea7n m\u1ec1m<\/li>\n<li>Thi\u1ebft l\u1eadp C\u01a1 s\u1edf h\u1ea1 t\u1ea7ng<\/li>\n<li>D\u1ecbch v\u1ee5 Gia c\u00f4ng ph\u1ea7n m\u1ec1m<\/li>\n<li>D\u1ecbch v\u1ee5 T\u00edch h\u1ee3p H\u1ec7 th\u1ed1ng Chuy\u00ean nghi\u1ec7p<\/li>\n<li>\u0110\u00e1m m\u00e2y, \u1ea3o h\u00f3a &amp; D\u1ecbch v\u1ee5 Trung t\u00e2m d\u1eef li\u1ec7u<\/li>\n<\/ul>\n<\/div>\n<\/div>\n<p>[\/vc_column_text][vc_column_text]<\/p>\n<blockquote style=\"background-color: #ffffff;\">\n<p style=\"text-align: justify;\">D\u1ecbch v\u1ee5 qu\u1ea3n l\u00fd c\u01a1 s\u1edf h\u1ea1 t\u1ea7ng t\u1eeb Konica Minolta cho ph\u00e9p b\u1ea1n thu\u00ea ngo\u00e0i tr\u00e1ch nhi\u1ec7m qu\u1ea3n l\u00fd hi\u1ec7u qu\u1ea3 c\u01a1 s\u1edf h\u1ea1 t\u1ea7ng CNTT c\u1ea7n thi\u1ebft \u0111\u1ec3 \u0111i\u1ec1u h\u00e0nh doanh nghi\u1ec7p c\u1ee7a b\u1ea1n. \u0110i\u1ec1u n\u00e0y \u0111\u1ea1t \u0111\u01b0\u1ee3c th\u00f4ng qua vi\u1ec7c tri\u1ec3n khai m\u1ed9t d\u1ecbch v\u1ee5 \u0111\u01b0\u1ee3c qu\u1ea3n l\u00fd ho\u00e0n to\u00e0n, bao g\u1ed3m gi\u00e1m s\u00e1t t\u1eeb xa 24\/7, theo \u0111\u00f3 c\u00e1c v\u1ea5n \u0111\u1ec1 c\u00f3 th\u1ec3 \u0111\u01b0\u1ee3c ch\u1ee7 \u0111\u1ed9ng x\u00e1c \u0111\u1ecbnh v\u00e0 sau \u0111\u00f3 \u0111\u01b0\u1ee3c gi\u1ea3i quy\u1ebft b\u1edfi B\u00e0n D\u1ecbch v\u1ee5 Konica Minolta c\u1ee7a b\u1ea1n.<\/p>\n<\/blockquote>\n<p>[\/vc_column_text][vc_empty_space height=&#8221;32&#8243;][\/vc_tta_section][vc_tta_section title=&#8221;L\u1ee3i \u00edch&#8221; tab_id=&#8221;1507655057384-2cbe6465-d9af76bd-853b909d-38af&#8221;][vc_empty_space height=&#8221;32&#8243;][vc_column_text]<strong> L\u1ee3i \u00edch: <\/strong><\/p>\n<ul>\n<li><strong> B\u1eaft ch\u01b0\u1edbc lao \u0111\u1ed9ng v\u00e0 chi ph\u00ed ho\u1ea1t \u0111\u1ed9ng:<\/strong> Gia c\u00f4ng ph\u1ea7n m\u1ec1m c\u00f3 xu h\u01b0\u1edbng r\u1ebb h\u01a1n vi\u1ec7c thu\u00ea m\u1ed9t chuy\u00ean gia to\u00e0n th\u1eddi gian trong nh\u00e0.<\/li>\n<li><strong> Cung c\u1ea5p c\u00e1c d\u1ecbch v\u1ee5 CNTT \u0111\u00e1ng tin c\u1eady, ch\u1ea5t l\u01b0\u1ee3ng cao v\u00e0 \u0111\u1eb3ng c\u1ea5p th\u1ebf gi\u1edbi: <\/strong> Ch\u00fang t\u00f4i cung c\u1ea5p c\u00e1c c\u00f4ng ngh\u1ec7 m\u1edbi nh\u1ea5t v\u00e0 ti\u00ean ti\u1ebfn nh\u1ea5t \u0111\u1ec3 n\u00e2ng cao kh\u1ea3 n\u0103ng c\u1ea1nh tranh c\u1ee7a doanh nghi\u1ec7p c\u1ee7a b\u1ea1n<\/li>\n<li><strong> T\u0103ng hi\u1ec7u qu\u1ea3 ho\u1ea1t \u0111\u1ed9ng:<\/strong> C\u00e1c chuy\u00ean gia c\u1ee7a ch\u00fang t\u00f4i cung c\u1ea5p d\u1ecbch v\u1ee5 ch\u0103m s\u00f3c to\u00e0n di\u1ec7n cho nhi\u1ec1u v\u1ea5n \u0111\u1ec1 h\u1ed7 tr\u1ee3 k\u1ef9 thu\u1eadt v\u00e0 gi\u00fap doanh nghi\u1ec7p c\u1ee7a b\u1ea1n ho\u1ea1t \u0111\u1ed9ng tr\u01a1n tru.<\/li>\n<li><strong> Qu\u1ea3n l\u00fd li\u00ean t\u1ee5c v\u00e0 r\u1ee7i ro: <\/strong> Gia c\u00f4ng ph\u1ea7n m\u1ec1m nhu c\u1ea7u CNTT c\u1ee7a b\u1ea1n cung c\u1ea5p m\u1ee9c \u0111\u1ed9 li\u00ean t\u1ee5c cho c\u00f4ng ty trong khi gi\u1ea3m r\u1ee7i ro m\u00e0 m\u1ee9c ho\u1ea1t \u0111\u1ed9ng kh\u00f4ng \u0111\u1ea1t ti\u00eau chu\u1ea9n s\u1ebd mang l\u1ea1i cho c\u00f4ng ty.<\/li>\n<li><strong> B\u1ea3o v\u1ec7 to\u00e0n di\u1ec7n h\u1ec7 th\u1ed1ng doanh nghi\u1ec7p v\u00e0 b\u1ea3o m\u1eadt d\u1eef li\u1ec7u:<\/strong> M\u1eb7c d\u00f9 h\u1ec7 th\u1ed1ng v\u00e0 d\u1eef li\u1ec7u c\u1ee7a b\u1ea1n \u0111ang \u0111\u01b0\u1ee3c ch\u00fang t\u00f4i gi\u1eef an to\u00e0n, b\u1ea1n c\u00f3 th\u1ec3 t\u1eadp trung v\u00e0o ho\u1ea1t \u0111\u1ed9ng kinh doanh c\u1ed1t l\u00f5i c\u1ee7a c\u00f4ng ty b\u1ea1n.<\/li>\n<li><strong> Ch\u1ea5t l\u01b0\u1ee3ng d\u1ecbch v\u1ee5 cao v\u1edbi ch\u1ee9ng nh\u1eadn chuy\u00ean nghi\u1ec7p: <\/strong> \u0110\u1ed9i ng\u0169 chuy\u00ean nghi\u1ec7p c\u1ee7a ch\u00fang t\u00f4i \u0111\u1ee7 \u0111i\u1ec1u ki\u1ec7n v\u1edbi nhi\u1ec1u ch\u1ee9ng ch\u1ec9 nh\u01b0 CompTIA, MCSA, MOC, MCITP, MCSE, MCTS, CCNA, LPIC, PMP v\u00e0 ITIL.<\/li>\n<\/ul>\n<p>[\/vc_column_text][vc_empty_space height=&#8221;32&#8243;][\/vc_tta_section][vc_tta_section title=&#8221;T\u00e0i li\u1ec7u&#8221; tab_id=&#8221;1530899067039-9201a13a-6905909d-38af&#8221;][vc_empty_space][vc_row_inner][vc_column_inner width=&#8221;1\/2&#8243;][vc_single_image image=&#8221;5855&#8243; img_size=&#8221;full&#8221; alignment=&#8221;center&#8221; onclick=&#8221;custom_link&#8221; img_link_target=&#8221;_blank&#8221; link=&#8221;\/business\/wp-content\/uploads\/2018\/07\/Managed_IT_Svr-brochure-copy.pdf&#8221;][\/vc_column_inner][vc_column_inner width=&#8221;1\/2&#8243;][vc_column_text]<i>\u25ba<\/i>\u00a0<a href=\"\/business\/wp-content\/uploads\/2018\/07\/Managed_IT_Svr-brochure-copy.pdf\" target=\"_blank\" rel=\"noopener noreferrer\">T\u1ea3i t\u00e0i li\u1ec7u qu\u1ea3n l\u00fd CNTT<\/a>[\/vc_column_text][\/vc_column_inner][\/vc_row_inner][vc_empty_space][\/vc_tta_section][\/vc_tta_tabs][vc_empty_space][\/vc_column][vc_column width=&#8221;1\/3&#8243;][vc_widget_sidebar sidebar_id=&#8221;consulting-left-sidebar&#8221;][\/vc_column][\/vc_row][vc_row disable_element=&#8221;yes&#8221;][vc_column][vc_row_inner][vc_column_inner width=&#8221;1\/4&#8243;][vc_wp_custommenu nav_menu=&#8221;136&#8243;][\/vc_column_inner][vc_column_inner width=&#8221;1\/2&#8243;][vc_single_image image=&#8221;3777&#8243; img_size=&#8221;full&#8221;][\/vc_column_inner][vc_column_inner width=&#8221;1\/4&#8243;][vc_widget_sidebar sidebar_id=&#8221;consulting-left-sidebar&#8221;][\/vc_column_inner][\/vc_row_inner][vc_empty_space height=&#8221;32&#8243;][\/vc_column][\/vc_row]<\/p>\n<\/div>","protected":false},"excerpt":{"rendered":"<p>[vc_row css=&#8221;.vc_custom_1513678123948{margin-top: -75px !important;}&#8221;][vc_column][rev_slider_vc alias=&#8221;mit&#8221;][\/vc_column][\/vc_row][vc_row][vc_column][vc_empty_space height=&#8221;32&#8243;][\/vc_column][\/vc_row][vc_row][vc_column width=&#8221;2\/3&#8243;][vc_tta_tabs shape=&#8221;square&#8221; color=&#8221;white&#8221; spacing=&#8221;3&#8243; active_section=&#8221;1&#8243;][vc_tta_section title=&#8221;Gi\u1edbi thi\u1ec7u&#8221; tab_id=&#8221;1507655057331-376e15e5-1e5f76bd-853b909d-38af&#8221;][vc_empty_space height=&#8221;32&#8243;][vc_column_text] Konica Minolta Qu\u1ea3n l\u00fd C\u00f4ng ngh\u1ec7 th\u00f4ng tin (MIT) Nh\u00e0 cung c\u1ea5p gi\u1ea3i ph\u00e1p CNTT m\u1ed9t c\u1eeda c\u1ee7a b\u1ea1n N\u00f3 r\u1ea5t d\u1ec5 d\u00e0ng \u0111\u1ec3 m\u1ea5t theo d\u00f5i c\u00e1c \u01b0u ti\u00ean c\u1ee7a b\u1ea1n. N\u00f3 b\u1eaft \u0111\u1ea7u v\u1edbi c\u00e1c v\u1ea5n \u0111\u1ec1 nh\u01b0<\/p>\n","protected":false},"author":1,"featured_media":0,"parent":0,"menu_order":0,"comment_status":"closed","ping_status":"closed","template":"","meta":{"footnotes":""},"class_list":["post-5088","page","type-page","status-publish","hentry"],"_links":{"self":[{"href":"https:\/\/www.konicaminolta.vn\/business\/wp-json\/wp\/v2\/pages\/5088","targetHints":{"allow":["GET"]}}],"collection":[{"href":"https:\/\/www.konicaminolta.vn\/business\/wp-json\/wp\/v2\/pages"}],"about":[{"href":"https:\/\/www.konicaminolta.vn\/business\/wp-json\/wp\/v2\/types\/page"}],"author":[{"embeddable":true,"href":"https:\/\/www.konicaminolta.vn\/business\/wp-json\/wp\/v2\/users\/1"}],"replies":[{"embeddable":true,"href":"https:\/\/www.konicaminolta.vn\/business\/wp-json\/wp\/v2\/comments?post=5088"}],"version-history":[{"count":4,"href":"https:\/\/www.konicaminolta.vn\/business\/wp-json\/wp\/v2\/pages\/5088\/revisions"}],"predecessor-version":[{"id":5923,"href":"https:\/\/www.konicaminolta.vn\/business\/wp-json\/wp\/v2\/pages\/5088\/revisions\/5923"}],"wp:attachment":[{"href":"https:\/\/www.konicaminolta.vn\/business\/wp-json\/wp\/v2\/media?parent=5088"}],"curies":[{"name":"wp","href":"https:\/\/api.w.org\/{rel}","templated":true}]}}