{"id":5090,"date":"2017-10-18T21:18:03","date_gmt":"2017-10-18T13:18:03","guid":{"rendered":"http:\/\/konicaminolta.me\/office-printing\/"},"modified":"2021-08-24T10:39:10","modified_gmt":"2021-08-24T03:39:10","slug":"office-printing","status":"publish","type":"page","link":"https:\/\/www.konicaminolta.vn\/business\/office-printing\/","title":{"rendered":"In \u1ea5n v\u0103n ph\u00f2ng"},"content":{"rendered":"<div class=\"wpb-content-wrapper\"><p>[vc_row][vc_column width=&#8221;3\/4&#8243;]<div class=\"woocommerce columns-3 \"><ul class=\"products columns-3\">\n<li class=\"product type-product post-11124 status-publish first instock product_cat-in-an-van-phong product_cat-may-in-trang-den-da-chuc-nang has-post-thumbnail taxable shipping-taxable product-type-simple\">\n\t<div class=\"author\">by Konica Business<\/div><\/li>\n<li class=\"product type-product post-10988 status-publish instock product_cat-in-an-van-phong product_cat-may-in-mau-da-chuc-nang has-post-thumbnail taxable shipping-taxable product-type-simple\">\n\t<div class=\"author\">by Konica Business<\/div><\/li>\n<li class=\"product type-product post-10939 status-publish last instock product_cat-in-an-van-phong product_cat-may-in-trang-den-da-chuc-nang has-post-thumbnail taxable shipping-taxable product-type-simple\">\n\t<div class=\"author\">by Konica Business<\/div><\/li>\n<li class=\"product type-product post-10910 status-publish first instock product_cat-in-an-van-phong product_cat-may-in-trang-den-da-chuc-nang has-post-thumbnail taxable shipping-taxable product-type-simple\">\n\t<div class=\"author\">by Konica Business<\/div><\/li>\n<li class=\"product type-product post-10959 status-publish instock product_cat-in-an-van-phong product_cat-may-in-mau-da-chuc-nang has-post-thumbnail taxable shipping-taxable product-type-simple\">\n\t<div class=\"author\">by Konica Business<\/div><\/li>\n<li class=\"product type-product post-10977 status-publish last instock product_cat-in-an-van-phong product_cat-may-in-mau-da-chuc-nang has-post-thumbnail taxable shipping-taxable product-type-simple\">\n\t<div class=\"author\">by Konica Business<\/div><\/li>\n<li class=\"product type-product post-10924 status-publish first instock product_cat-in-an-van-phong product_cat-may-in-trang-den-da-chuc-nang has-post-thumbnail taxable shipping-taxable product-type-simple\">\n\t<div class=\"author\">by Konica Business<\/div><\/li>\n<li class=\"product type-product post-7480 status-publish instock product_cat-in-an-van-phong product_cat-may-in-mau-da-chuc-nang has-post-thumbnail taxable shipping-taxable product-type-simple\">\n\t<div class=\"author\">by Konica Business<\/div><\/li>\n<li class=\"product type-product post-7461 status-publish last instock product_cat-in-an-van-phong product_cat-may-in-mau-da-chuc-nang has-post-thumbnail taxable shipping-taxable product-type-simple\">\n\t<div class=\"author\">by Konica Business<\/div><\/li>\n<li class=\"product type-product post-7404 status-publish first instock product_cat-in-an-van-phong product_cat-may-in-mau-da-chuc-nang has-post-thumbnail taxable shipping-taxable product-type-simple\">\n\t<div class=\"author\">by Konica Business<\/div><\/li>\n<li class=\"product type-product post-7356 status-publish instock product_cat-in-an-van-phong product_cat-may-in-trang-den-da-chuc-nang has-post-thumbnail taxable shipping-taxable product-type-simple\">\n\t<div class=\"author\">by Konica Business<\/div><\/li>\n<li class=\"product type-product post-7362 status-publish last instock product_cat-in-an-van-phong product_cat-may-in-trang-den-da-chuc-nang has-post-thumbnail taxable shipping-taxable product-type-simple\">\n\t<div class=\"author\">by Konica Business<\/div><\/li>\n<li class=\"product type-product post-7338 status-publish first instock product_cat-in-an-van-phong product_cat-may-in-trang-den-da-chuc-nang has-post-thumbnail taxable shipping-taxable product-type-simple\">\n\t<div class=\"author\">by Konica Business<\/div><\/li>\n<li class=\"product type-product post-6634 status-publish instock product_cat-in-an-van-phong product_cat-may-in-trang-den-da-chuc-nang has-post-thumbnail taxable shipping-taxable product-type-simple\">\n\t<div class=\"author\">by Konica Business<\/div><\/li>\n<li class=\"product type-product post-6354 status-publish last instock product_cat-in-an-van-phong product_cat-may-in-trang-den-da-chuc-nang has-post-thumbnail taxable shipping-taxable product-type-simple\">\n\t<div class=\"author\">by Konica Business<\/div><\/li>\n<li class=\"product type-product post-6136 status-publish first instock product_cat-in-an-van-phong product_cat-may-in-mau-da-chuc-nang has-post-thumbnail taxable shipping-taxable product-type-simple\">\n\t<div class=\"author\">by Konica Business<\/div><\/li>\n<\/ul>\n<\/div>[\/vc_column][vc_column width=&#8221;1\/4&#8243;][vc_widget_sidebar sidebar_id=&#8221;consulting-shop&#8221;][\/vc_column][\/vc_row]<\/p>\n<h4 style=\"text-align: justify;\">M\u00e1y in\/photocopy \u0111a ch\u1ee9c n\u0103ng v\u00e0 c\u00e1c d\u1ecbch v\u1ee5 in \u1ea5n kh\u00e1c \u0111\u1ebfn t\u1eeb Konica Minolta<\/h4>\n<h5 style=\"text-align: justify;\">Konica Minolta mang \u0111\u1ebfn nh\u1eefng gi\u1ea3i ph\u00e1p in \u1ea5n ch\u1ea5t l\u01b0\u1ee3ng cho m\u00f4i tr\u01b0\u1eddng v\u0103n ph\u00f2ng \u0111\u1ec3 \u0111\u00e1p \u1ee9ng nhu c\u1ea7u in \u1ea5n k\u1ef9 thu\u1eadt s\u1ed1 c\u1ee7a doanh nghi\u1ec7p m\u1ed9t c\u00e1ch t\u1ed1i \u01b0u nh\u1ea5t.<\/h5>\n<p style=\"text-align: justify;\"><a href=\"https:\/\/www.konicaminolta.vn\/business\/\">Konica Minolta<\/a> cung c\u1ea5p \u0111a d\u1ea1ng c\u00e1c lo\u1ea1i m\u00e1y photocopy v\u1edbi nh\u1eefng ch\u1ee9c n\u0103ng in \u1ea5n hi\u1ec7u qu\u1ea3, c\u00f9ng nhi\u1ec1u d\u1ecbch v\u1ee5 in \u1ea5n kh\u00e1c gi\u00fap doanh nghi\u1ec7p th\u00fac \u0111\u1ea9y hi\u1ec7u su\u1ea5t l\u00e0m vi\u1ec7c t\u1ea1i v\u0103n ph\u00f2ng. Kh\u1ea3 n\u0103ng sao ch\u00e9p \u0111a d\u1ea1ng nhi\u1ec1u d\u1eef li\u1ec7u quan tr\u1ecdng l\u00e0 r\u1ea5t c\u1ea7n thi\u1ebft \u0111\u1ed1i v\u1edbi m\u1ed7i doanh nghi\u1ec7p. V\u00e0 c\u00e1c c\u00f4ng vi\u1ec7c in \u1ea5n t\u1ea1i v\u0103n ph\u00f2ng ch\u00ednh l\u00e0 y\u1ebfu t\u1ed1 ti\u00ean quy\u1ebft \u0111\u1ec3 doanh nghi\u1ec7p c\u00f3 th\u1ec3 v\u1eadn h\u00e0nh c\u00e1c ho\u1ea1t \u0111\u1ed9ng kinh doanh m\u1ed9t c\u00e1ch hi\u1ec7u qu\u1ea3 nh\u1ea5t, b\u1ea5t k\u1ec3 l\u00e0 nh\u1eefng c\u00f4ng vi\u1ec7c li\u00ean quan \u0111\u1ebfn v\u1ea5n \u0111\u1ec1 l\u01b0u tr\u1eef d\u1eef li\u1ec7u hay nhu c\u1ea7u sao ch\u00e9p d\u1eef li\u1ec7u cho kh\u00e1ch h\u00e0ng tham kh\u1ea3o.<\/p>\n<p style=\"text-align: justify;\">B\u00ean c\u1ea1nh nh\u1eefng d\u1ecbch v\u1ee5 in \u1ea5n m\u00e0 Konica Minolta h\u1ed7 tr\u1ee3, ch\u1eb3ng h\u1ea1n nh\u01b0 Gi\u1ea3i ph\u00e1p Qu\u1ea3n l\u00fd In \u1ea5n, ch\u00fang t\u00f4i c\u0169ng cung c\u1ea5p nhi\u1ec1u gi\u1ea3i ph\u00e1p t\u1ed1i \u01b0u kh\u00e1c d\u00e0nh cho m\u00f4i tr\u01b0\u1eddng v\u0103n ph\u00f2ng c\u1ee7a doanh nghi\u1ec7p. C\u00f9ng v\u1edbi B\u1ed9 ph\u1eadn Ch\u0103m s\u00f3c Kh\u00e1ch h\u00e0ng &#8211; Konica Minolta Service Desk, ch\u00fang t\u00f4i cam k\u1ebft mang l\u1ea1i cho qu\u00fd kh\u00e1ch h\u00e0ng nh\u1eefng tr\u1ea3i nghi\u1ec7m t\u1ed1t nh\u1ea5t gi\u00fap h\u1ecd c\u00f3 th\u1ec3 ti\u1ebft ki\u1ec7m th\u1eddi gian v\u00e0 ngu\u1ed3n l\u1ef1c \u0111\u1ec3 t\u1eadp trung ph\u00e1t tri\u1ec3n nh\u1eefng ho\u1ea1t \u0111\u1ed9ng quan tr\u1ecdng kh\u00e1c c\u1ee7a doanh nghi\u1ec7p.<\/p>\n<h5 style=\"text-align: justify;\"><strong>Nh\u1eefng t\u00ednh n\u0103ng v\u01b0\u1ee3t tr\u1ed9i c\u1ee7a c\u00e1c d\u00f2ng m\u00e1y in\/photocopy \u0111a ch\u1ee9c n\u0103ng \u0111\u1ebfn t\u1eeb Konica Minolta<\/strong><\/h5>\n<p style=\"text-align: justify;\">Konica Minolta l\u00e0 \u0111\u1ed1i t\u00e1c chuy\u00ean cung c\u1ea5p c\u00e1c s\u1ea3n ph\u1ea9m h\u1ed7 tr\u1ee3 cho nhu c\u1ea7u in \u1ea5n v\u0103n ph\u00f2ng, ch\u00fang t\u00f4i cam k\u1ebft mang \u0111\u1ebfn nh\u1eefng t\u00ednh n\u0103ng v\u01b0\u1ee3t tr\u1ed9i gi\u00fap doanh nghi\u1ec7p \u0111\u1ea1t \u0111\u01b0\u1ee3c hi\u1ec7u qu\u1ea3 in \u1ea5n t\u1ed1i \u01b0u. Ph\u1ea7n l\u1edbn c\u00e1c s\u1ea3n ph\u1ea9m do Konica Minolta cung c\u1ea5p t\u1eadp trung v\u00e0o ph\u00e2n kh\u00fac m\u00e1y in v\u0103n ph\u00f2ng \u0111a ch\u1ee9c n\u0103ng, c\u1ee5 th\u1ec3 nh\u01b0 d\u00f2ng m\u00e1y bizhub C360i, c\u00f3 th\u1ec3 k\u1ebft n\u1ed1i tr\u1ef1c ti\u1ebfp v\u00e0o h\u1ec7 th\u1ed1ng Wi-Fi c\u1ee7a c\u00f4ng ty v\u00e0 mang \u0111\u1ebfn s\u1ef1 ti\u1ec7n d\u1ee5ng cho c\u00e1c nh\u00e2n vi\u00ean nh\u1edd v\u00e0o ch\u1ee9c n\u0103ng cho ph\u00e9p ng\u01b0\u1eddi d\u00f9ng th\u1ef1c hi\u1ec7n l\u1ec7nh in t\u1eeb xa th\u00f4ng qua n\u1ec1n t\u1ea3ng \u1ee9ng d\u1ee5ng in tr\u1ef1c ti\u1ebfp tr\u00ean thi\u1ebft b\u1ecb di \u0111\u1ed9ng thu\u1ed9c h\u1ec7 \u0111i\u1ec1u h\u00e0nh Android ho\u1eb7c iOS. H\u1ea7u h\u1ebft c\u00e1c s\u1ea3n ph\u1ea9m m\u00e1y in thu\u1ed9c d\u00f2ng bizhub c\u1ee7a Konica Minolta \u0111\u1ec1u mang l\u1ea1i nh\u1eefng tr\u1ea3i nghi\u1ec7m ng\u01b0\u1eddi d\u00f9ng nh\u1ea5t qu\u00e1n, cho ph\u00e9p ng\u01b0\u1eddi d\u00f9ng truy c\u1eadp v\u00e0o m\u00e0n h\u00ecnh \u0111i\u1ec1u khi\u1ec3n m\u00e1y in tr\u1ef1c ti\u1ebfp t\u1eeb xa th\u00f4ng qua \u0111a d\u1ea1ng nhi\u1ec1u thi\u1ebft b\u1ecb di \u0111\u1ed9ng, gi\u00fap k\u1ebft n\u1ed1i m\u1ed9t c\u00e1ch nhanh ch\u00f3ng ti\u1ec7n l\u1ee3i, mang l\u1ea1i kh\u1ea3 n\u0103ng hi\u1ec3n th\u1ecb v\u00e0 kh\u1ea3 n\u0103ng s\u1eed d\u1ee5ng r\u1ea5t d\u1ec5 d\u00e0ng cho t\u1ea5t c\u1ea3 ng\u01b0\u1eddi d\u00f9ng.<\/p>\n<p style=\"text-align: justify;\">Nh\u1eefng ch\u1ee9c n\u0103ng do m\u00e1y in c\u1ee7a Konica Minolta mang l\u1ea1i kh\u00f4ng nh\u1eefng gi\u00fap doanh nghi\u1ec7p n\u00e2ng cao n\u0103ng su\u1ea5t, m\u00e0 c\u00f2n h\u1ed7 tr\u1ee3 trong vi\u1ec7c ti\u1ebft ki\u1ec7m th\u1eddi gian nh\u1edd v\u00e0o c\u00e1c t\u00ednh n\u0103ng cho ph\u00e9p ng\u01b0\u1eddi d\u00f9ng thao t\u00e1c t\u1eeb xa. \u0110\u1ed1i v\u1edbi nh\u1eefng t\u00e0i li\u1ec7u \u0111\u00f2i h\u1ecfi t\u00ednh b\u1ea3o m\u1eadt cao th\u00ec d\u00f2ng m\u00e1y in v\u1edbi c\u00f4ng ngh\u1ec7 b\u1ea3o m\u1eadt ti\u00ean ti\u1ebfn nh\u01b0 <a href=\"https:\/\/www.konicaminolta.vn\/business\/product\/bizhub-c650i-c550i-c450i\/\">bizhub C650i\/C550i\/C450i<\/a> s\u1ebd l\u00e0 s\u1ef1 l\u1ef1a ch\u1ecdn ho\u00e0n h\u1ea3o cho doanh nghi\u1ec7p. <a href=\"https:\/\/www.konicaminolta.sg\/business\/product\/bizhub-c650i-c550i-c450i\/\">bizhub C650i\/C550i\/C450i<\/a> cung c\u1ea5p t\u00ednh n\u0103ng b\u1ea3o m\u1eadt r\u1ea5t kh\u1eaft khe th\u00f4ng qua nh\u1eefng y\u00eau c\u1ea7u truy c\u1eadp v\u00e0 x\u00e1c th\u1ef1c ng\u01b0\u1eddi d\u00f9ng b\u1eb1ng m\u1eadt kh\u1ea9u. C\u00f2n n\u1ebfu doanh nghi\u1ec7p c\u1ee7a b\u1ea1n \u0111ang t\u1eadp trung h\u01b0\u1edbng \u0111\u1ebfn nh\u1eefng ti\u1ebfn b\u1ed9 v\u1ec1 m\u1eb7t c\u00f4ng ngh\u1ec7 v\u00e0 s\u1ed1 h\u00f3a, th\u00ec d\u00f2ng m\u00e1y <a href=\"https:\/\/www.konicaminolta.vn\/business\/product\/bizhub-c360i-c300i-c250i\/\">bizhub C360i\/C300i\/C250i <\/a>ch\u00ednh l\u00e0 tr\u1ee3 th\u1ee7 \u0111\u1eafc l\u1ef1c v\u1edbi kh\u1ea3 n\u0103ng sao ch\u00e9p, in v\u00e0 qu\u00e9t t\u00e0i li\u1ec7u t\u1ed1i \u01b0u, gi\u00fap doanh nghi\u1ec7p ph\u00e1t tri\u1ec3n v\u01b0\u1ee3t tr\u1ed9i theo xu h\u01b0\u1edbng hi\u1ec7n \u0111\u1ea1i h\u00f3a n\u00e0y.<\/p>\n<h5 style=\"text-align: justify;\">L\u1ee3i \u00edch c\u1ee7a m\u00e1y in\/photocopy \u0111a ch\u1ee9c n\u0103ng Konica Minolta d\u00e0nh cho doanh nghi\u1ec7p<\/h5>\n<p style=\"text-align: justify;\">V\u1edbi kh\u1ea3 n\u0103ng t\u1ea1o ra nh\u1eefng th\u00e0nh ph\u1ea9m in ch\u1ea5t l\u01b0\u1ee3ng, ch\u00ednh x\u00e1c v\u00e0 \u0111\u1ed3ng nh\u1ea5t v\u1edbi s\u1ed1 l\u01b0\u1ee3ng l\u1edbn trong m\u1ed9t kho\u1ea3ng th\u1eddi gian ng\u1eafn, s\u1ea3n ph\u1ea9m m\u00e1y in\/photocopy \u0111a ch\u1ee9c n\u0103ng \u0111\u1ebfn t\u1eeb Konica Minolta cam k\u1ebft mang l\u1ea1i nh\u1eefng kh\u1ea3 n\u0103ng in \u1ea5n gi\u00fap doanh nghi\u1ec7p gi\u1ea3m thi\u1ec3u r\u1ee7i ro v\u00e0 h\u1ea1n ch\u1ebf thi\u1ebfu s\u00f3t th\u00f4ng tin d\u1eef li\u1ec7u m\u1ed9t c\u00e1ch \u0111\u00e1ng k\u1ec3 trong su\u1ed1t qu\u00e1 tr\u00ecnh in \u1ea5n v\u0103n ph\u00f2ng.<\/p>\n<p style=\"text-align: justify;\">Konica Minolta lu\u00f4n cam k\u1ebft mang l\u1ea1i m\u1ed9t quy tr\u00ecnh kinh doanh h\u1ee3p l\u00fd v\u00e0 t\u1ed1i \u01b0u nh\u1ea5t, \u0111\u1ed3ng th\u1eddi cung c\u1ea5p nhi\u1ec1u l\u1ee3i \u00edch v\u01b0\u1ee3t tr\u1ed9i cho doanh nghi\u1ec7p th\u00f4ng qua nh\u1eefng s\u1ea3n ph\u1ea9m m\u00e1y photocopy v\u00e0 c\u00e1c gi\u1ea3i ph\u00e1p in \u1ea5n v\u0103n ph\u00f2ng m\u00e0 ch\u00fang t\u00f4i cung c\u1ea5p.<\/p>\n<h5 style=\"text-align: justify;\">Nh\u1eefng l\u1ee3i \u00edch v\u01b0\u1ee3t tr\u1ed9i d\u00e0nh cho doanh nghi\u1ec7p<\/h5>\n<ul>\n<li style=\"text-align: justify;\">T\u1ed1c \u0111\u1ed9 in nhanh ch\u00f3ng c\u00f9ng v\u1edbi ch\u1ea5t l\u01b0\u1ee3ng tuy\u1ec7t v\u1eddi v\u00e0 kh\u1ea3 n\u0103ng n\u00e2ng cao s\u1ed1 l\u01b0\u1ee3ng b\u1ea3n in<\/li>\n<li style=\"text-align: justify;\">Nh\u1eefng th\u00e0nh ph\u1ea9m s\u1eafc n\u00e9t \u0111\u01b0\u1ee3c in v\u1edbi th\u00f4ng tin r\u00f5 r\u00e0ng v\u00e0 ch\u00ednh x\u00e1c<\/li>\n<li style=\"text-align: justify;\">Ch\u1ee9c n\u0103ng s\u1eafp x\u1ebfp h\u1ee3p l\u00fd c\u00e1c l\u1ec7nh in b\u1eb1ng c\u00e1ch \u0111\u1ed1i chi\u1ebfu t\u00e0i li\u1ec7u m\u1ed9t c\u00e1ch t\u1ef1 \u0111\u1ed9ng s\u1ebd gi\u00fap gi\u1ea3m thi\u1ec3u nh\u1eefng c\u00f4ng vi\u1ec7c x\u1eed l\u00fd s\u1eafp x\u1ebfp d\u1eef li\u1ec7u sau in<\/li>\n<li style=\"text-align: justify;\">T\u00ednh n\u0103ng b\u1ea3o m\u1eadt t\u00e0i li\u1ec7u t\u1ed1i \u01b0u \u0111\u01b0\u1ee3c t\u00edch h\u1ee3p ngay b\u00ean trong m\u00e1y in v\u1edbi c\u00f4ng c\u1ee5 ki\u1ec3m so\u00e1t quy\u1ec1n truy c\u1eadp d\u1ef1a tr\u00ean sinh tr\u1eafc h\u1ecdc ho\u1eb7c th\u1ebb nh\u1eadn d\u1ea1ng c\u00e1 nh\u00e2n<\/li>\n<li style=\"text-align: justify;\">N\u00e2ng cao hi\u1ec7u su\u1ea5t l\u00e0m vi\u1ec7c t\u1ea1i v\u0103n ph\u00f2ng nh\u1edd kh\u1ea3 n\u0103ng in d\u1eef li\u1ec7u tr\u1ef1c ti\u1ebfp t\u1eeb n\u1ec1n t\u1ea3ng \u0111\u00e1m m\u00e2y v\u00e0 c\u00e1c thi\u1ebft b\u1ecb di \u0111\u1ed9ng<\/li>\n<\/ul>\n<hr \/>\n<h4>Nh\u1eefng c\u00e2u h\u1ecfi th\u01b0\u1eddng g\u1eb7p<\/h4>\n<p style=\"text-align: justify;\"><span style=\"color: #0062c2;\"><strong>Danh m\u1ee5c c\u00e1c thi\u1ebft b\u1ecb in v\u0103n ph\u00f2ng m\u00e0 Konica Minolta \u0111ang cung c\u1ea5p bao g\u1ed3m nh\u1eefng lo\u1ea1i n\u00e0o?<\/strong><\/span><\/p>\n<p style=\"text-align: justify;\">M\u00e1y in\/photocopy m\u00e0u \u0111a ch\u1ee9c n\u0103ng bizhub kh\u1ed5 A3, m\u00e1y in\/photocopy \u0111a ch\u1ee9c n\u0103ng tr\u1eafng \u0111en v\u00e0 m\u00e1y kh\u1ed5 A4 c\u1ee7a Konica Minolta \u0111\u00e3 t\u1eebng \u0111\u1ea1t nhi\u1ec1u gi\u1ea3i th\u01b0\u1edfng c\u00f4ng ngh\u1ec7 qu\u1ed1c t\u1ebf nh\u1edd v\u00e0o kh\u1ea3 n\u0103ng t\u0103ng t\u1ed1c in \u1ea5n \u0111\u1ea7u ra v\u00e0 h\u1ee3p l\u00fd h\u00f3a quy tr\u00ecnh l\u00e0m vi\u1ec7c c\u1ee7a doanh nghi\u1ec7p. V\u1edbi n\u0103ng su\u1ea5t cao v\u00e0 kh\u1ea3 n\u0103ng v\u1eadn h\u00e0nh \u0111a ch\u1ee9c n\u0103ng &#8211; c\u00e1c d\u00f2ng m\u00e1y n\u00e0y c\u00f3 th\u1ec3 in, sao ch\u00e9p v\u00e0 qu\u00e9t d\u1eef li\u1ec7u v\u1edbi nh\u1eefng thao t\u00e1c \u0111i\u1ec1u khi\u1ec3n \u0111\u01a1n gi\u1ea3n tr\u00ean m\u00e0n h\u00ecnh, \u0111\u01b0\u1ee3c t\u00edch h\u1ee3p li\u1ec1n m\u1ea1ch v\u1edbi c\u00e1c ph\u1ea7n m\u1ec1m h\u1ed7 tr\u1ee3 v\u00e0 nhi\u1ec1u t\u00f9y ch\u1ecdn ph\u00f9 h\u1ee3p cho t\u1eebng nhu c\u1ea7u in \u1ea5n kh\u00e1c nhau, gi\u00fap mang \u0111\u1ebfn cho doanh nghi\u1ec7p kh\u1ea3 n\u0103ng m\u1edf r\u1ed9ng quy m\u00f4 ho\u1ea1t \u0111\u1ed9ng kinh doanh v\u00e0 n\u00e2ng cao t\u00ednh chuy\u00ean nghi\u1ec7p.<\/p>\n<p style=\"text-align: justify;\"><strong><span style=\"color: #0062c2;\">Nh\u1eefng thi\u1ebft b\u1ecb s\u1ea3n ph\u1ea9m n\u00e0o l\u00e0 t\u1ed1t nh\u1ea5t v\u00e0 ph\u00f9 h\u1ee3p v\u1edbi quy m\u00f4 kinh doanh c\u1ee7a c\u00e1c doanh nghi\u1ec7p v\u1eeba v\u00e0 nh\u1ecf?<\/span><\/strong><\/p>\n<p style=\"text-align: justify;\">Nh\u1eefng s\u1ea3n ph\u1ea9m thu\u1ed9c d\u00f2ng bizhub i-Series nh\u01b0 bizhub C650i, C550i, C450i v\u00e0 C360i l\u00e0 nh\u1eefng m\u1eabu m\u00e1y b\u00e1n ch\u1ea1y nh\u1ea5t c\u1ee7a Konica Minolta d\u00e0nh cho c\u00e1c doanh nghi\u1ec7p c\u00f3 quy m\u00f4 v\u1eeba v\u00e0 nh\u1ecf. Vui l\u00f2ng truy c\u1eadp v\u00e0o website gi\u1edbi thi\u1ec7u v\u1ec1 c\u00e1c gi\u1ea3i ph\u00e1p kinh doanh c\u1ee7a ch\u00fang t\u00f4i \u0111\u1ec3 t\u00ecm hi\u1ec3u th\u00eam v\u1ec1 nh\u1eefng gi\u1ea3i ph\u00e1p t\u1ed1t nh\u1ea5t v\u00e0 ph\u00f9 h\u1ee3p nh\u1ea5t cho doanh nghi\u1ec7p c\u1ee7a b\u1ea1n.<\/p>\n<\/div>","protected":false},"excerpt":{"rendered":"<p>[vc_row][vc_column width=&#8221;3\/4&#8243;][\/vc_column][vc_column width=&#8221;1\/4&#8243;][vc_widget_sidebar sidebar_id=&#8221;consulting-shop&#8221;][\/vc_column][\/vc_row] M\u00e1y in\/photocopy \u0111a ch\u1ee9c n\u0103ng v\u00e0 c\u00e1c d\u1ecbch v\u1ee5 in \u1ea5n kh\u00e1c \u0111\u1ebfn t\u1eeb Konica Minolta Konica Minolta mang \u0111\u1ebfn nh\u1eefng gi\u1ea3i ph\u00e1p in \u1ea5n ch\u1ea5t l\u01b0\u1ee3ng cho m\u00f4i tr\u01b0\u1eddng v\u0103n ph\u00f2ng \u0111\u1ec3 \u0111\u00e1p \u1ee9ng nhu c\u1ea7u in \u1ea5n k\u1ef9 thu\u1eadt s\u1ed1 c\u1ee7a doanh nghi\u1ec7p m\u1ed9t c\u00e1ch t\u1ed1i \u01b0u nh\u1ea5t. Konica<\/p>\n","protected":false},"author":1,"featured_media":0,"parent":0,"menu_order":0,"comment_status":"closed","ping_status":"closed","template":"","meta":{"footnotes":""},"class_list":["post-5090","page","type-page","status-publish","hentry"],"_links":{"self":[{"href":"https:\/\/www.konicaminolta.vn\/business\/wp-json\/wp\/v2\/pages\/5090","targetHints":{"allow":["GET"]}}],"collection":[{"href":"https:\/\/www.konicaminolta.vn\/business\/wp-json\/wp\/v2\/pages"}],"about":[{"href":"https:\/\/www.konicaminolta.vn\/business\/wp-json\/wp\/v2\/types\/page"}],"author":[{"embeddable":true,"href":"https:\/\/www.konicaminolta.vn\/business\/wp-json\/wp\/v2\/users\/1"}],"replies":[{"embeddable":true,"href":"https:\/\/www.konicaminolta.vn\/business\/wp-json\/wp\/v2\/comments?post=5090"}],"version-history":[{"count":4,"href":"https:\/\/www.konicaminolta.vn\/business\/wp-json\/wp\/v2\/pages\/5090\/revisions"}],"predecessor-version":[{"id":8727,"href":"https:\/\/www.konicaminolta.vn\/business\/wp-json\/wp\/v2\/pages\/5090\/revisions\/8727"}],"wp:attachment":[{"href":"https:\/\/www.konicaminolta.vn\/business\/wp-json\/wp\/v2\/media?parent=5090"}],"curies":[{"name":"wp","href":"https:\/\/api.w.org\/{rel}","templated":true}]}}