{"id":5091,"date":"2017-10-18T21:21:49","date_gmt":"2017-10-18T13:21:49","guid":{"rendered":"http:\/\/konicaminolta.me\/production-printing\/"},"modified":"2025-06-05T16:38:33","modified_gmt":"2025-06-05T09:38:33","slug":"production-printing","status":"publish","type":"page","link":"https:\/\/www.konicaminolta.vn\/business\/production-printing\/","title":{"rendered":"H\u1ec7 th\u1ed1ng in s\u1ea3n xu\u1ea5t"},"content":{"rendered":"<div class=\"wpb-content-wrapper\"><p>[vc_row][vc_column width=&#8221;3\/4&#8243;]<div class=\"woocommerce columns-3 \"><ul class=\"products columns-3\">\n<li class=\"product type-product post-11552 status-publish first instock product_cat-he-thong-in-mau-san-xuat product_cat-he-thong-in-san-xuat has-post-thumbnail taxable shipping-taxable product-type-simple\">\n\t<div class=\"author\">by Konica Business<\/div><\/li>\n<li class=\"product type-product post-11408 status-publish instock product_cat-he-thong-in-mau-san-xuat product_cat-he-thong-in-san-xuat has-post-thumbnail taxable shipping-taxable product-type-simple\">\n\t<div class=\"author\">by Konica Business<\/div><\/li>\n<li class=\"product type-product post-11417 status-publish last instock product_cat-he-thong-in-mau-san-xuat product_cat-he-thong-in-san-xuat has-post-thumbnail taxable shipping-taxable product-type-simple\">\n\t<div class=\"author\">by Konica Business<\/div><\/li>\n<li class=\"product type-product post-11010 status-publish first instock product_cat-he-thong-in-mau-san-xuat product_cat-he-thong-in-san-xuat has-post-thumbnail taxable shipping-taxable product-type-simple\">\n\t<div class=\"author\">by Konica Business<\/div><\/li>\n<li class=\"product type-product post-10518 status-publish instock product_cat-he-thong-in-san-xuat product_cat-he-thong-in-trang-den-san-xuat has-post-thumbnail taxable shipping-taxable product-type-simple\">\n\t<div class=\"author\">by Konica Business<\/div><\/li>\n<li class=\"product type-product post-10058 status-publish last instock product_cat-he-thong-in-san-xuat product_cat-he-thong-in-trang-den-san-xuat has-post-thumbnail taxable shipping-taxable product-type-simple\">\n\t<div class=\"author\">by Konica Business<\/div><\/li>\n<li class=\"product type-product post-9519 status-publish first instock product_cat-he-thong-in-mau-san-xuat product_cat-he-thong-in-san-xuat has-post-thumbnail taxable shipping-taxable product-type-simple\">\n\t<div class=\"author\">by Konica Business<\/div><\/li>\n<li class=\"product type-product post-9424 status-publish instock product_cat-he-thong-in-mau-san-xuat product_cat-he-thong-in-san-xuat has-post-thumbnail taxable shipping-taxable product-type-simple\">\n\t<div class=\"author\">by Konica Business<\/div><\/li>\n<li class=\"product type-product post-9148 status-publish last instock product_cat-he-thong-in-mau-san-xuat product_cat-he-thong-in-san-xuat has-post-thumbnail taxable shipping-taxable product-type-simple\">\n\t<div class=\"author\">by Konica Business<\/div><\/li>\n<li class=\"product type-product post-6208 status-publish first instock product_cat-he-thong-in-mau-san-xuat product_cat-he-thong-in-san-xuat has-post-thumbnail taxable shipping-taxable product-type-simple\">\n\t<div class=\"author\">by Konica Business<\/div><\/li>\n<\/ul>\n<\/div>[\/vc_column][vc_column width=&#8221;1\/4&#8243;][vc_widget_sidebar sidebar_id=&#8221;consulting-shop&#8221;][\/vc_column][\/vc_row]<\/p>\n<h4>M\u00e1y in K\u1ef9 thu\u1eadt s\u1ed1 | H\u1ec7 th\u1ed1ng In \u1ea5n S\u1ea3n xu\u1ea5t<\/h4>\n<p style=\"text-align: justify;\">H\u1ec7 th\u1ed1ng In \u1ea5n S\u1ea3n xu\u1ea5t K\u1ef9 thu\u1eadt s\u1ed1 c\u1ee7a Konica Minolta gi\u00fap h\u1ee3p l\u00fd h\u00f3a c\u00e1c quy tr\u00ecnh in \u1ea5n v\u1edbi nhi\u1ec1u t\u00ednh n\u0103ng t\u1ed1i \u01b0u \u0111\u1ec3 h\u1ed7 tr\u1ee3 doanh nghi\u1ec7p trong vi\u1ec7c \u0111\u1ea9y m\u1ea1nh n\u0103ng su\u1ea5t kinh doanh. V\u1edbi ch\u1ea5t l\u01b0\u1ee3ng h\u00ecnh \u1ea3nh v\u00e0 m\u00e0u s\u1eafc v\u01b0\u1ee3t tr\u1ed9i, t\u1ed1c \u0111\u1ed9 \u0111\u1ea7u ra nhanh ch\u00f3ng, c\u00f9ng v\u1edbi nhi\u1ec1u t\u00ednh n\u0103ng ho\u00e0n thi\u1ec7n th\u00e0nh ph\u1ea9m n\u1ed9i tuy\u1ebfn s\u1ebd gi\u00fap \u0111\u00e1p \u1ee9ng m\u1ecdi nhu c\u1ea7u in \u1ea5n k\u1ef9 thu\u1eadt s\u1ed1 c\u1ee7a doanh nghi\u1ec7p. Qu\u00fd kh\u00e1ch h\u00e0ng s\u1ebd v\u00f4 c\u00f9ng ng\u1ea1c nhi\u00ean v\u00e0 h\u00e0i l\u00f2ng khi ch\u1ecdn mua nh\u1eefng thi\u1ebft b\u1ecb in \u1ea5n s\u1ea3n xu\u1ea5t k\u1ef9 thu\u1eadt s\u1ed1 \u0111\u1ebfn t\u1eeb Konica Minolta b\u1edfi nh\u1eefng l\u1ee3i \u00edch v\u1ec1 m\u1eb7t hi\u1ec7u su\u1ea5t, ch\u1ea5t l\u01b0\u1ee3ng v\u00e0 \u0111\u1ed9 b\u1ec1n m\u00e0 n\u00f3 mang l\u1ea1i.<\/p>\n<p style=\"text-align: justify;\">Konica Minolta l\u00e0 \u0111\u1ed1i t\u00e1c chuy\u00ean cung c\u1ea5p nh\u1eefng gi\u1ea3i ph\u00e1p in \u1ea5n s\u1ea3n xu\u1ea5t k\u1ef9 thu\u1eadt s\u1ed1 v\u1edbi nhi\u1ec1u ch\u1ee9c n\u0103ng v\u01b0\u1ee3t tr\u1ed9i v\u00e0 t\u00ednh linh ho\u1ea1t n\u00e2ng cao so v\u1edbi c\u00e1c h\u1ec7 th\u1ed1ng in \u1ea5n th\u00f4ng th\u01b0\u1eddng kh\u00e1c. Konica Minolta lu\u00f4n hi\u1ec3u r\u1eb1ng doanh nghi\u1ec7p th\u01b0\u1eddng c\u00f3 nhu c\u1ea7u h\u01b0\u1edbng \u0111\u1ebfn vi\u1ec7c s\u1ea3n xu\u1ea5t in-house h\u01a1n l\u00e0 thu\u00ea ngo\u00e0i, \u0111\u00f3 c\u0169ng ch\u00ednh l\u00e0 l\u00fd do m\u00e0 ch\u00fang t\u00f4i lu\u00f4n n\u1ed7 l\u1ef1c trong vi\u1ec7c t\u1ea1o ra nh\u1eefng gi\u1ea3i ph\u00e1p in \u1ea5n t\u1ed1i \u01b0u gi\u00fap doanh nghi\u1ec7p \u0111\u1ea1t d\u01b0\u1ee3c l\u1ee3i th\u1ebf c\u1ea1nh tranh so v\u1edbi c\u00e1c \u0111\u1ed1i th\u1ee7 kh\u00e1c tr\u00ean th\u1ecb tr\u01b0\u1eddng.<\/p>\n<h5>Nh\u1eefng t\u00ednh n\u0103ng v\u01b0\u1ee3t tr\u1ed9i c\u1ee7a c\u00e1c d\u00f2ng m\u00e1y in k\u1ef9 thu\u1eadt s\u1ed1 \u0111\u1ebfn t\u1eeb Konica Minolta<\/h5>\n<p style=\"text-align: justify;\">D\u00f2ng m\u00e1y AccurioPress c\u1ee7a Konica Minolta s\u1ebd h\u1ed7 tr\u1ee3 doanh nghi\u1ec7p trong vi\u1ec7c m\u1edf r\u1ed9ng quy m\u00f4 cung c\u1ea5p c\u00e1c d\u1ecbch v\u1ee5 in \u1ea5n, nh\u1edd v\u00e0o nh\u1eefng t\u00ednh n\u0103ng s\u1ea3n xu\u1ea5t linh ho\u1ea1t gi\u00fap doanh nghi\u1ec7p th\u1ef1c hi\u1ec7n \u0111a d\u1ea1ng nhi\u1ec1u y\u00eau c\u1ea7u in \u1ea5n kh\u00e1c nhau v\u1edbi \u0111\u1ed9 tin c\u1eady cao v\u00e0 hi\u1ec7u qu\u1ea3 h\u00e0ng \u0111\u1ea7u. V\u1edbi nh\u1eefng ti\u1ebfn b\u1ed9 v\u1ec1 m\u1eb7t c\u00f4ng ngh\u1ec7 hi\u1ec7n \u0111\u1ea1i, d\u00f2ng m\u00e1y AccurioPress h\u1ee9a h\u1eb9n s\u1ebd t\u1ea1o ra nh\u1eefng b\u1ea3n in v\u01b0\u1ee3t tr\u1ed9i v\u00e0 cam k\u1ebft mang l\u1ea1i ch\u1ea5t l\u01b0\u1ee3ng \u0111\u1ea7u ra nh\u1ea5t qu\u00e1n tr\u00ean m\u1ed7i th\u00e0nh ph\u1ea9m in.<\/p>\n<p style=\"text-align: justify;\">V\u1edbi c\u00f4ng c\u1ee5 T\u1ed1i \u01b0u h\u00f3a Ch\u1ea5t l\u01b0\u1ee3ng Th\u00f4ng minh &#8211; IQ-501 Intelligent Quality Optimiser, d\u00f2ng m\u00e1y <a href=\"https:\/\/www.konicaminolta.vn\/business\/product\/accuriopress-c14000-c12000\/\">AccurioPress<\/a> c\u00f3 kh\u1ea3 n\u0103ng t\u1ea1o ra nh\u1eefng th\u00e0nh ph\u1ea9m in ch\u1ed3ng m\u00e0u t\u1ef1 \u0111\u1ed9ng \u0111\u1ea3o tr\u1edf hai m\u1eb7t, \u0111\u1ed3ng th\u1eddi li\u00ean t\u1ee5c ki\u1ec3m tra gi\u00e1m s\u00e1t ch\u1ea5t l\u01b0\u1ee3ng b\u1ea3n in gi\u00fap ti\u1ebft ki\u1ec7m th\u1eddi gian v\u00e0 nh\u00e2n l\u1ef1c cho vi\u1ec7c ch\u1ec9nh s\u1eeda b\u1eb1ng tay trong su\u1ed1t qu\u00e1 tr\u00ecnh in. <a href=\"https:\/\/www.konicaminolta.vn\/business\/product\/accuriopress-c14000-c12000\/\">AccurioPress<\/a> c\u00f3 th\u1ec3 in banners, in phong b\u00ec v\u00e0 th\u1eadm ch\u00ed in tr\u00ean c\u00e1c ch\u1ea5t li\u1ec7u c\u00f3 k\u1ebft c\u1ea5u, mang l\u1ea1i t\u00ednh linh ho\u1ea1t tuy\u1ec7t v\u1eddi trong c\u00e1c ch\u1ee9c n\u0103ng in l\u1eabn ch\u1ee9c n\u0103ng trang tr\u00ed th\u00e0nh ph\u1ea9m ho\u00e0n thi\u1ec7n.<\/p>\n<h5>L\u1ee3i \u00edch c\u1ee7a H\u1ec7 th\u1ed1ng In \u1ea5n S\u1ea3n xu\u1ea5t d\u00e0nh cho Doanh nghi\u1ec7p<\/h5>\n<p style=\"text-align: justify;\">\u0110\u1ec3 c\u00f3 th\u1ec3 \u0111\u00e1p \u1ee9ng nhu c\u1ea7u s\u1ea3n xu\u1ea5t v\u1edbi s\u1ed1 l\u01b0\u1ee3ng th\u00e0nh ph\u1ea9m \u0111\u1ea7u ra quy m\u00f4 l\u1edbn, \u0111\u01b0\u1ee3c in v\u1edbi t\u1ed1c \u0111\u1ed9 nhanh ch\u00f3ng v\u00e0 hi\u1ec7u qu\u1ea3, nhi\u1ec1u doanh nghi\u1ec7p \u0111\u00e3 b\u1eaft \u0111\u1ea7u chuy\u1ec3n sang \u0111\u1ea7u t\u01b0 v\u00e0o H\u1ec7 th\u1ed1ng In \u1ea5n S\u1ea3n xu\u1ea5t b\u1edfi gi\u1ea3i ph\u00e1p n\u00e0y c\u00f3 th\u1ec3 gi\u00fap doanh nghi\u1ec7p t\u1ea1o ra nh\u1eefng b\u1ea3n in ch\u1ea5t l\u01b0\u1ee3ng v\u01b0\u1ee3t tr\u1ed9i v\u00e0 n\u00e2ng cao s\u1ea3n l\u01b0\u1ee3ng \u0111\u1ea7u ra.<\/p>\n<p style=\"text-align: justify;\">Vi\u1ec7c in \u1ea5n t\u00e0i li\u1ec7u theo quy m\u00f4 nh\u1ecf l\u00e0 kh\u00f4ng c\u00f2n ph\u00f9 h\u1ee3p b\u1edfi H\u1ec7 th\u1ed1ng In s\u1ea3n xu\u1ea5t K\u1ef9 thu\u1eadt s\u1ed1 c\u00f3 th\u1ec3 mang l\u1ea1i hi\u1ec7u su\u1ea5t t\u1ed1i \u01b0u v\u00e0 kh\u1ea3 n\u0103ng \u0111\u00e1p \u1ee9ng \u0111a d\u1ea1ng nhi\u1ec1u nhu c\u1ea7u in \u1ea5n m\u1ed9t c\u00e1ch d\u1ec5 d\u00e0ng.<\/p>\n<h5>Nh\u1eefng l\u1ee3i \u00edch v\u01b0\u1ee3t tr\u1ed9i d\u00e0nh cho doanh nghi\u1ec7p<\/h5>\n<p>&lt;&gt; T\u0103ng n\u0103ng su\u1ea5t kinh doanh v\u1edbi kh\u1ea3 n\u0103ng in s\u1ea3n xu\u1ea5t k\u1ef9 thu\u1eadt s\u1ed1 gi\u00fap gi\u1ea3m thi\u1ec3u c\u00e1c quy tr\u00ecnh thi\u1ebft l\u1eadp r\u01b0\u1eddm r\u00e0 ph\u1ee9c t\u1ea1p<\/p>\n<p>&lt;&gt; N\u00e2ng cao s\u1ea3n l\u01b0\u1ee3ng v\u00e0 ch\u1ea5t l\u01b0\u1ee3ng \u0111\u1ea7u ra m\u1ed9t c\u00e1ch nh\u1ea5t qu\u00e1n<\/p>\n<p>&lt;&gt; Mang \u0111\u1ebfn nh\u1eefng ch\u1ee9c n\u0103ng in \u1ea5n linh ho\u1ea1t trong th\u1eddi gian ng\u1eafn v\u00e0 t\u1ea1o ra nh\u1eefng th\u00e0nh ph\u1ea9m in mang \u0111\u1eadm t\u00ednh c\u00e1 nh\u00e2n h\u00f3a<\/p>\n<p>&lt;&gt; C\u00e1c c\u1ea5u h\u00ecnh n\u00e2ng cao cho ph\u00e9p doanh nghi\u1ec7p qu\u1ea3n l\u00fd c\u00f4ng vi\u1ec7c theo t\u1eebng c\u1ea5p \u0111\u1ed9 mong mu\u1ed1n<\/p>\n<p>&lt;&gt; C\u00f4ng ngh\u1ec7 in ti\u00ean ti\u1ebfn hi\u1ec7n \u0111\u1ea1i nh\u1ea5t cho ph\u00e9p doanh nghi\u1ec7p ki\u1ec3m so\u00e1t quy tr\u00ecnh s\u1ea3n xu\u1ea5t m\u1ed9t c\u00e1ch t\u1ef1 \u0111\u1ed9ng \u0111\u1ec3 \u0111\u1ea3m b\u1ea3o t\u00ednh nh\u1ea5t qu\u00e1n<\/p>\n<p>&nbsp;<\/p>\n<\/div>","protected":false},"excerpt":{"rendered":"<p>[vc_row][vc_column width=&#8221;3\/4&#8243;][\/vc_column][vc_column width=&#8221;1\/4&#8243;][vc_widget_sidebar sidebar_id=&#8221;consulting-shop&#8221;][\/vc_column][\/vc_row] M\u00e1y in K\u1ef9 thu\u1eadt s\u1ed1 | H\u1ec7 th\u1ed1ng In \u1ea5n S\u1ea3n xu\u1ea5t H\u1ec7 th\u1ed1ng In \u1ea5n S\u1ea3n xu\u1ea5t K\u1ef9 thu\u1eadt s\u1ed1 c\u1ee7a Konica Minolta gi\u00fap h\u1ee3p l\u00fd h\u00f3a c\u00e1c quy tr\u00ecnh in \u1ea5n v\u1edbi nhi\u1ec1u t\u00ednh n\u0103ng t\u1ed1i \u01b0u \u0111\u1ec3 h\u1ed7 tr\u1ee3 doanh nghi\u1ec7p trong vi\u1ec7c \u0111\u1ea9y m\u1ea1nh n\u0103ng su\u1ea5t kinh<\/p>\n","protected":false},"author":1,"featured_media":0,"parent":0,"menu_order":0,"comment_status":"closed","ping_status":"closed","template":"","meta":{"footnotes":""},"class_list":["post-5091","page","type-page","status-publish","hentry"],"_links":{"self":[{"href":"https:\/\/www.konicaminolta.vn\/business\/wp-json\/wp\/v2\/pages\/5091","targetHints":{"allow":["GET"]}}],"collection":[{"href":"https:\/\/www.konicaminolta.vn\/business\/wp-json\/wp\/v2\/pages"}],"about":[{"href":"https:\/\/www.konicaminolta.vn\/business\/wp-json\/wp\/v2\/types\/page"}],"author":[{"embeddable":true,"href":"https:\/\/www.konicaminolta.vn\/business\/wp-json\/wp\/v2\/users\/1"}],"replies":[{"embeddable":true,"href":"https:\/\/www.konicaminolta.vn\/business\/wp-json\/wp\/v2\/comments?post=5091"}],"version-history":[{"count":5,"href":"https:\/\/www.konicaminolta.vn\/business\/wp-json\/wp\/v2\/pages\/5091\/revisions"}],"predecessor-version":[{"id":11466,"href":"https:\/\/www.konicaminolta.vn\/business\/wp-json\/wp\/v2\/pages\/5091\/revisions\/11466"}],"wp:attachment":[{"href":"https:\/\/www.konicaminolta.vn\/business\/wp-json\/wp\/v2\/media?parent=5091"}],"curies":[{"name":"wp","href":"https:\/\/api.w.org\/{rel}","templated":true}]}}