{"id":5093,"date":"2016-01-13T17:48:37","date_gmt":"2016-01-13T17:48:37","guid":{"rendered":"http:\/\/konicaminolta.me\/service\/"},"modified":"2018-06-25T21:44:08","modified_gmt":"2018-06-25T14:44:08","slug":"service","status":"publish","type":"page","link":"https:\/\/www.konicaminolta.vn\/business\/service\/","title":{"rendered":"D\u1ecbch v\u1ee5"},"content":{"rendered":"<div class=\"wpb-content-wrapper\"><p>[vc_row][vc_column width=&#8221;3\/4&#8243;][rev_slider_vc alias=&#8221;services_vi&#8221;][vc_empty_space height=&#8221;32&#8243;][vc_tta_tabs shape=&#8221;square&#8221; color=&#8221;white&#8221; spacing=&#8221;3&#8243; active_section=&#8221;1&#8243; pagination_style=&#8221;outline-square&#8221; pagination_color=&#8221;white&#8221;][vc_tta_section title=&#8221;Gi\u1edbi thi\u1ec7u v\u00e0 kh\u00e1i ni\u1ec7m&#8221; tab_id=&#8221;1498066910571-031a6d46-cdde7bd8-b54273f0-02f0&#8243;][vc_empty_space][vc_row_inner][vc_column_inner width=&#8221;1\/2&#8243;][vc_column_text]<\/p>\n<h4><span style=\"color: #447dc7;\"><strong>L\u00e0m cho c\u01a1 s\u1edf h\u1ea1 t\u1ea7ng in \u1ea5n ho\u1ea1t \u0111\u1ed9ng hi\u1ec7u qu\u1ea3<\/strong><\/span><\/h4>\n<p style=\"text-align: justify;\">C\u00f4ng ngh\u1ec7 v\u0103n ph\u00f2ng \u0111\u00e3 n\u00e2ng cao, nhu c\u1ea7u c\u1ee7a ng\u01b0\u1eddi d\u00f9ng \u0111\u00e3 thay \u0111\u1ed5i. R\u1ea5t nhi\u1ec1u m\u00f4i tr\u01b0\u1eddng in hi\u1ec7n t\u1ea1i l\u00e0 b\u1ea3n v\u00e1 c\u1ee7a c\u00e1c thi\u1ebft b\u1ecb in \u1ea5n, h\u00ecnh \u1ea3nh v\u00e0 fax kh\u00f4ng \u0111\u01b0\u1ee3c qu\u1ea3n l\u00fd ho\u1eb7c b\u1ea3o d\u01b0\u1ee1ng \u0111\u1ec3 theo k\u1ecbp th\u1ebf gi\u1edbi kinh doanh ng\u00e0y nay. D\u1ecbch v\u1ee5 in t\u1ed1i \u01b0u h\u00f3a c\u1ee7a Konica Minolta (OPS) k\u1ebft h\u1ee3p t\u01b0 v\u1ea5n, ph\u1ea7n c\u1ee9ng, tri\u1ec3n khai ph\u1ea7n m\u1ec1m v\u00e0 qu\u1ea3n l\u00fd lu\u1ed3ng c\u00f4ng vi\u1ec7c \u0111\u1ec3 gi\u1ea3m chi ti\u00eau t\u00e0i li\u1ec7u. Kh\u00e1i ni\u1ec7m OPS t\u1eadp trung v\u00e0o n\u0103m l\u0129nh v\u1ef1c thi\u1ebft y\u1ebfu:<\/p>\n<ul style=\"text-align: justify;\">\n<li><strong>Fleet:<\/strong>\u0110\u1ecbnh c\u1ee1 \u0111\u00fang h\u1ea1m \u0111\u1ed9i \u0111\u1ea7u ra t\u00e0i li\u1ec7u th\u00e0nh nhu c\u1ea7u kinh doanh th\u1ef1c t\u1ebf, cung c\u1ea5p quy tr\u00ecnh nghi\u1ec7p v\u1ee5 t\u1ed1i \u01b0u v\u00e0 h\u1ed7 tr\u1ee3 \u0111\u1ed9i t\u00e0u, v\u00e0 thi\u1ebft l\u1eadp t\u1ed1i \u01b0u h\u00f3a li\u00ean t\u1ee5c c\u00e2n b\u1eb1ng v\u1edbi chi ph\u00ed s\u1edf h\u1eefu v\u00e0 t\u00e1c \u0111\u1ed9ng m\u00f4i tr\u01b0\u1eddng t\u1ed1i thi\u1ec3u.<\/li>\n<li><strong>Process:<\/strong>Ph\u00e2n t\u00edch t\u1ea5t c\u1ea3 c\u00e1c lu\u1ed3ng t\u00e0i li\u1ec7u li\u00ean quan \u0111\u1ebfn kinh doanh nh\u1eb1m t\u0103ng n\u0103ng su\u1ea5t, h\u01b0\u1edfng l\u1ee3i t\u1eeb vi\u1ec7c ti\u1ebft ki\u1ec7m ti\u1ec1m n\u0103ng v\u00e0 thi\u1ebft k\u1ebf, \u0111\u1ec3 th\u1ef1c hi\u1ec7n v\u00e0 v\u1eadn h\u00e0nh m\u1ed9t gi\u1ea3i ph\u00e1p \u0111\u01b0\u1ee3c thi\u1ebft k\u1ebf ri\u00eang \u0111\u1ec3 \u0111\u00e1p \u1ee9ng nhu c\u1ea7u ch\u00ednh x\u00e1c h\u00e0ng ng\u00e0y c\u1ee7a b\u1ea1n.<\/li>\n<li><strong>T\u00e0i ch\u00ednh:<\/strong>Cung c\u1ea5p c\u00e1c l\u1ef1a ch\u1ecdn mua v\u00e0 cho thu\u00ea kh\u00e1c nhau c\u0169ng nh\u01b0 c\u00e1c m\u00f4 h\u00ecnh h\u1ee3p \u0111\u1ed3ng kh\u00e1c nhau v\u00e0 t\u00edch h\u1ee3p c\u00e1c h\u1ee3p \u0111\u1ed3ng hi\u1ec7n c\u00f3 v\u00e0o m\u1ed9t k\u1ebf ho\u1ea1ch t\u00e0i ch\u00ednh minh b\u1ea1ch duy nh\u1ea5t.<\/li>\n<li><strong>B\u1ea3o v\u1ec7:<\/strong>Thi\u1ebft k\u1ebf v\u00e0 tri\u1ec3n khai c\u00e1c gi\u1ea3i ph\u00e1p b\u1ea3o m\u1eadt th\u00f4ng tin v\u00e0 CNTT, t\u1eeb x\u00e1c th\u1ef1c ng\u01b0\u1eddi d\u00f9ng v\u00e0 x\u1eed l\u00fd \u0111\u0129a c\u1ee9ng an to\u00e0n d\u1eef li\u1ec7u c\u1ee7a c\u00e1c thi\u1ebft b\u1ecb \u0111\u01b0\u1ee3c x\u1eed l\u00fd \u0111\u1ebfn c\u00e1c y\u00eau c\u1ea7u b\u1ea3o m\u1eadt m\u1ea1ng ph\u1ee9c t\u1ea1p.<\/li>\n<li><strong>M\u00e0u xanh l\u00e1:<\/strong>H\u1ed7 tr\u1ee3 c\u00e1c m\u1ee5c ti\u00eau ph\u00e1t tri\u1ec3n b\u1ec1n v\u1eefng c\u1ee7a c\u00f4ng ty b\u1eb1ng c\u00e1ch th\u1ef1c hi\u1ec7n quy tr\u00ecnh c\u00f4ng vi\u1ec7c kinh doanh v\u00e0 ph\u1ea7n c\u1ee9ng li\u00ean quan \u0111\u1ebfn t\u00e0i li\u1ec7u th\u00e2n thi\u1ec7n v\u1edbi m\u00f4i tr\u01b0\u1eddng nh\u1ea5t, v\u00e0 th\u00f4ng qua vi\u1ec7c theo d\u00f5i v\u00e0 \u0111\u00e1nh gi\u00e1 ti\u1ebfp theo v\u1ec1 hi\u1ec7u su\u1ea5t m\u00f4i tr\u01b0\u1eddng trong su\u1ed1t v\u00f2ng \u0111\u1eddi.<\/li>\n<\/ul>\n<p style=\"text-align: justify;\"><strong>Kh\u00e1i ni\u1ec7m OPS d\u1ef1a tr\u00ean ph\u01b0\u01a1ng ph\u00e1p ti\u1ebfp c\u1eadn ba c\u1ed9t: T\u01b0 v\u1ea5n, tri\u1ec3n khai v\u00e0 qu\u1ea3n l\u00fd.<\/strong><\/p>\n<p>[\/vc_column_text][vc_empty_space][\/vc_column_inner][vc_column_inner width=&#8221;1\/2&#8243;][vc_single_image image=&#8221;1975&#8243; img_size=&#8221;full&#8221; css_animation=&#8221;fadeInLeft&#8221;][vc_empty_space][vc_column_text]<\/p>\n<h4><strong>D\u1ecbch v\u1ee5 in t\u1ed1i \u01b0u h\u00f3a Konica Minolta:<\/strong><\/h4>\n<p>[\/vc_column_text][vc_single_image image=&#8221;1973&#8243; img_size=&#8221;full&#8221; css_animation=&#8221;slideInRight&#8221;][\/vc_column_inner][\/vc_row_inner][\/vc_tta_section][vc_tta_section title=&#8221;T\u01b0 v\u1ea5n&#8221; tab_id=&#8221;1498066939920-e3c0d1df-43057bd8-b54273f0-02f0&#8243;][vc_row_inner][vc_column_inner][vc_empty_space][\/vc_column_inner][\/vc_row_inner][vc_row_inner][vc_column_inner width=&#8221;1\/4&#8243;][vc_single_image image=&#8221;1984&#8243; img_size=&#8221;full&#8221;][\/vc_column_inner][vc_column_inner width=&#8221;3\/4&#8243;][vc_column_text]<\/p>\n<h4>T\u01b0 v\u1ea5n OPS<\/h4>\n<p>T\u1ea5t c\u1ea3 c\u00e1c c\u1ea3i ti\u1ebfn do T\u01b0 v\u1ea5n OPS th\u1ef1c hi\u1ec7n d\u1ef1a tr\u00ean c\u00e1c quy tr\u00ecnh t\u01b0 v\u1ea5n \u0111\u01b0\u1ee3c x\u00e1c \u0111\u1ecbnh v\u00e0 c\u00e1c c\u00f4ng c\u1ee5 ph\u00e2n t\u00edch m\u1ea1nh m\u1ebd cho ph\u00e9p kh\u00e1ch h\u00e0ng hi\u1ec3u t\u1eebng b\u01b0\u1edbc tr\u00ean \u0111\u01b0\u1eddng \u0111\u1ebfn m\u1ed9t gi\u1ea3i ph\u00e1p th\u00edch h\u1ee3p.<\/p>\n<div class=\"unit size2of3\">\n<ul>\n<li><strong>Ch\u1ee5p:<\/strong>Nh\u1eadn d\u1ea1ng d\u1ef1a tr\u00ean ph\u1ea7n m\u1ec1m c\u00e1c t\u00e0i s\u1ea3n in hi\u1ec7n c\u00f3, gi\u00e1m s\u00e1t ch\u00ednh x\u00e1c c\u00e1c m\u1eabu s\u1eed d\u1ee5ng hi\u1ec7n t\u1ea1i v\u00e0 kh\u1ed1i l\u01b0\u1ee3ng in. Ph\u1ecfng v\u1ea5n ng\u01b0\u1eddi d\u00f9ng \u0111\u1ec3 ph\u00e1t hi\u1ec7n c\u00e1c lu\u1ed3ng c\u00f4ng vi\u1ec7c t\u00e0i li\u1ec7u c\u1ee5 th\u1ec3, nhu c\u1ea7u c\u00e1 nh\u00e2n v\u00e0 nhu c\u1ea7u c\u1ea5p d\u1ecbch v\u1ee5.<\/li>\n<li><strong>Ph\u00e2n t\u00edch:<\/strong>T\u00ednh to\u00e1n TCO ch\u00ednh x\u00e1c v\u1edbi \u0111i\u1ec3m chu\u1ea9n so v\u1edbi chi ph\u00ed th\u1ecb tr\u01b0\u1eddng trung b\u00ecnh. Ph\u00e2n t\u00edch chi ti\u1ebft c\u00e1c d\u1ecbch v\u1ee5 in \u1ea5n c\u1ea7n thi\u1ebft v\u00e0 \u0111\u01b0\u1ee3c khuy\u1ebfn ngh\u1ecb \u0111\u1ec3 \u0111\u00e1p \u1ee9ng c\u00e1c y\u00eau c\u1ea7u quy tr\u00ecnh kinh doanh d\u1ef1a tr\u00ean t\u00e0i li\u1ec7u.<\/li>\n<li><strong>T\u1ed1i \u01b0u h\u00f3a:<\/strong>Thi\u1ebft k\u1ebf m\u00f4i tr\u01b0\u1eddng in ph\u00f9 h\u1ee3p v\u1edbi nhu c\u1ea7u kinh doanh c\u1ee7a m\u1ed7i t\u1ed5 ch\u1ee9c th\u00f4ng qua ph\u00e2n t\u00edch v\u00e0 tr\u1ef1c quan h\u00f3a th\u00f4ng qua c\u00e1c s\u01a1 \u0111\u1ed3 t\u1ea7ng to\u00e0n di\u1ec7n.<\/li>\n<\/ul>\n<\/div>\n<p>[\/vc_column_text][vc_empty_space][\/vc_column_inner][\/vc_row_inner][\/vc_tta_section][vc_tta_section title=&#8221;Tri\u1ec3n khai th\u1ef1c hi\u1ec7n&#8221; tab_id=&#8221;1498066910623-b21e9775-9bf87bd8-b54273f0-02f0&#8243;][vc_row_inner][vc_column_inner][vc_empty_space][\/vc_column_inner][\/vc_row_inner][vc_row_inner content_placement=&#8221;middle&#8221;][vc_column_inner width=&#8221;1\/4&#8243;][vc_single_image image=&#8221;1988&#8243; img_size=&#8221;full&#8221;][\/vc_column_inner][vc_column_inner width=&#8221;3\/4&#8243;][vc_column_text]<\/p>\n<h4>Tri\u1ec3n khai OPS<\/h4>\n<p>OPS kh\u00f4ng ch\u1ec9 l\u00e0 c\u00e0i \u0111\u1eb7t m\u1ed9t gi\u1ea3i ph\u00e1p in m\u1edbi. N\u00f3 cung c\u1ea5p qu\u1ea3n l\u00fd thay \u0111\u1ed5i d\u1ef1a tr\u00ean c\u00e1c y\u00eau c\u1ea7u c\u1ee7a kh\u00e1ch h\u00e0ng. \u0110i\u1ec1u n\u00e0y bao g\u1ed3m qu\u1ea3n l\u00fd d\u1ef1 \u00e1n chuy\u00ean d\u1ee5ng ph\u00f9 h\u1ee3p v\u1edbi c\u00e1c ti\u00eau chu\u1ea9n \u0111\u01b0\u1ee3c c\u00f4ng nh\u1eadn c\u0169ng nh\u01b0 h\u1ed7 tr\u1ee3 cho s\u1ef1 tham gia th\u00edch h\u1ee3p c\u1ee7a c\u00e1c b\u00ean li\u00ean quan v\u00e0 ng\u01b0\u1eddi s\u1eed d\u1ee5ng. C\u00e1c c\u00f4ng ty \u0111\u01b0\u1ee3c h\u01b0\u1edfng l\u1ee3i t\u1eeb t\u1ed5 ch\u1ee9c tr\u1ef1c ti\u1ebfp m\u1ea1nh m\u1ebd v\u00e0 kinh nghi\u1ec7m c\u1ee7a m\u1ed9t nh\u00e0 l\u00e3nh \u0111\u1ea1o th\u1ecb tr\u01b0\u1eddng.<\/p>\n<div class=\"unit size2of3\">\n<ul>\n<li><strong>D\u1ef1 \u00e1n:<\/strong>T\u00e0i nguy\u00ean qu\u1ea3n l\u00fd d\u1ef1 \u00e1n chuy\u00ean d\u1ee5ng, c\u00e1c quy tr\u00ecnh \u0111\u01b0\u1ee3c t\u1ed5 ch\u1ee9c v\u00e0 ki\u1ec3m so\u00e1t t\u1eeb \u0111\u1ea7u \u0111\u1ebfn cu\u1ed1i.<\/li>\n<li><strong>Thay \u0111\u1ed5i:<\/strong>Cung c\u1ea5p t\u1ea5t c\u1ea3 c\u00e1c s\u1ea3n ph\u1ea9m, gi\u1ea5y ph\u00e9p v\u00e0 v\u1eadt t\u01b0 ti\u00eau hao cho giai \u0111o\u1ea1n th\u1eed nghi\u1ec7m \u0111\u01b0\u1ee3c x\u00e1c \u0111\u1ecbnh tr\u01b0\u1edbc v\u00e0 \u0111\u01b0\u1ee3c th\u1ed1ng nh\u1ea5t khi Konica Minolta cung c\u1ea5p t\u01b0 v\u1ea5n k\u1ef9 thu\u1eadt v\u00e0 h\u1ed7 tr\u1ee3 t\u1eeb xa. Qu\u1ea3n l\u00fd tri\u1ec3n khai khi ph\u00f9 h\u1ee3p do quy m\u00f4 c\u1ee7a d\u1ef1 \u00e1n.<\/li>\n<li><strong>Th\u00f4ng tin v\u00e0 \u0111\u00e0o t\u1ea1o:<\/strong>Cung c\u1ea5p t\u00e0i li\u1ec7u chi ti\u1ebft cho ng\u01b0\u1eddi d\u00f9ng v\u00e0 qu\u1ea3n tr\u1ecb vi\u00ean. T\u00e0i li\u1ec7u v\u00e0 s\u1ef1 ki\u1ec7n khuy\u1ebfn m\u00e3i n\u1ed9i b\u1ed9 ti\u00eau chu\u1ea9n ho\u1eb7c \u0111\u01b0\u1ee3c thi\u1ebft k\u1ebf ri\u00eang. \u0110\u00e0o t\u1ea1o ph\u00f9 h\u1ee3p v\u1edbi ng\u01b0\u1eddi d\u00f9ng ch\u00ednh v\u00e0 nh\u00e2n vi\u00ean h\u1ed7 tr\u1ee3 n\u1ed9i b\u1ed9.<\/li>\n<\/ul>\n<\/div>\n<div class=\"unit size1of3 lastUnit\"><\/div>\n<p>[\/vc_column_text][\/vc_column_inner][\/vc_row_inner][\/vc_tta_section][vc_tta_section title=&#8221;Qu\u1ea3n l\u00fd&#8221; tab_id=&#8221;1498066953619-5cafb319-6cac7bd8-b54273f0-02f0&#8243;][vc_empty_space][vc_row_inner][vc_column_inner width=&#8221;1\/4&#8243;][vc_single_image image=&#8221;1991&#8243; img_size=&#8221;full&#8221;][\/vc_column_inner][vc_column_inner width=&#8221;3\/4&#8243;][vc_column_text]<\/p>\n<h4>Qu\u1ea3n l\u00fd OPS<\/h4>\n<p>Sau khi th\u1eed nghi\u1ec7m v\u00e0 thi\u1ebft l\u1eadp c\u01a1 s\u1edf h\u1ea1 t\u1ea7ng in m\u1edbi, OPS cung c\u1ea5p danh m\u1ee5c d\u1ecbch v\u1ee5 c\u00f3 th\u1ec3 m\u1edf r\u1ed9ng \u0111\u1ec3 ch\u1ea1y v\u00e0 qu\u1ea3n l\u00fd h\u1ea1m \u0111\u1ed9i. Ph\u00f9 h\u1ee3p v\u1edbi y\u00eau c\u1ea7u c\u00e1 nh\u00e2n, ch\u00fang c\u00f3 th\u1ec3 b\u1ed5 sung cho c\u00e1c d\u1ecbch v\u1ee5 CNTT hi\u1ec7n c\u00f3 ho\u1eb7c \u0111\u1ea3m nh\u1eadn to\u00e0n b\u1ed9 tr\u00e1ch nhi\u1ec7m ho\u1ea1t \u0111\u1ed9ng.<\/p>\n<div class=\"unit size2of3\">\n<ul>\n<li><strong>V\u1eadn h\u00e0nh:<\/strong>D\u1ecbch v\u1ee5 t\u00edch c\u1ef1c, t\u1eeb xa v\u00e0 t\u1ea1i ch\u1ed7, ph\u00e2n ph\u1ed1i t\u1ef1 \u0111\u1ed9ng c\u00e1c v\u1eadt t\u01b0 ti\u00eau hao v\u00e0 ph\u1ee5 t\u00f9ng thay th\u1ebf.<\/li>\n<li><strong>M\u00e0n h\u00ecnh:<\/strong>Gi\u00e1m s\u00e1t li\u00ean t\u1ee5c t\u1ea5t c\u1ea3 c\u00e1c thi\u1ebft b\u1ecb \u0111\u01b0\u1ee3c k\u1ebft n\u1ed1i m\u1ea1ng v\u00e0 c\u1ee5c b\u1ed9 \u0111\u1ec3 gi\u00e1m s\u00e1t vi\u1ec7c s\u1eed d\u1ee5ng, tr\u1ea1ng th\u00e1i v\u00e0 c\u1ea3nh b\u00e1o c\u1ee7a m\u00e1y.<\/li>\n<li><strong>C\u1ea3i ti\u1ebfn:<\/strong>B\u00e1o c\u00e1o qu\u1ea3n l\u00fd th\u01b0\u1eddng xuy\u00ean, cu\u1ed9c h\u1ecdp \u0111\u00e1nh gi\u00e1 v\u00e0 t\u00ecm ki\u1ebfm \u0111ang ho\u1ea1t \u0111\u1ed9ng \u0111\u1ec3 c\u1ea3i thi\u1ec7n v\u00e0 t\u1ed1i \u01b0u h\u00f3a th\u00eam.<\/li>\n<\/ul>\n<\/div>\n<p>[\/vc_column_text][\/vc_column_inner][\/vc_row_inner][\/vc_tta_section][vc_tta_section title=&#8221;T\u00e0i li\u1ec7u &#8221; tab_id=&#8221;1498123218093-c6acbbe6-13287bd8-b54273f0-02f0&#8243;][vc_empty_space][vc_row_inner][vc_column_inner width=&#8221;1\/4&#8243;][vc_single_image image=&#8221;2018&#8243; img_size=&#8221;full&#8221;][\/vc_column_inner][vc_column_inner width=&#8221;3\/4&#8243;][vc_column_text]<\/p>\n<h4>Kh\u00e1m ph\u00e1 ti\u1ec1m n\u0103ng c\u1ee7a b\u1ea1n cho l\u1ee3i nhu\u1eadn th\u00f4ng qua d\u1ecbch v\u1ee5 in t\u1ed1i \u01b0u h\u00f3a Konica Minolta!<\/h4>\n<p>Sau khi th\u1eed nghi\u1ec7m v\u00e0 thi\u1ebft l\u1eadp c\u01a1 s\u1edf h\u1ea1 t\u1ea7ng in m\u1edbi, OPS cung c\u1ea5p danh m\u1ee5c d\u1ecbch v\u1ee5 c\u00f3 th\u1ec3 m\u1edf r\u1ed9ng \u0111\u1ec3 ch\u1ea1y v\u00e0 qu\u1ea3n l\u00fd h\u1ea1m \u0111\u1ed9i. Ph\u00f9 h\u1ee3p v\u1edbi y\u00eau c\u1ea7u c\u00e1 nh\u00e2n, ch\u00fang c\u00f3 th\u1ec3 b\u1ed5 sung cho c\u00e1c d\u1ecbch v\u1ee5 CNTT hi\u1ec7n c\u00f3 ho\u1eb7c \u0111\u1ea3m nh\u1eadn to\u00e0n b\u1ed9 tr\u00e1ch nhi\u1ec7m ho\u1ea1t \u0111\u1ed9ng.<\/p>\n<p>N\u00f3i chung, g\u00f3i d\u1ecbch v\u1ee5 t\u1ed1i \u01b0u h\u00f3a Konica Minolta k\u1ebft h\u1ee3p s\u1ef1 h\u1ed7 tr\u1ee3 c\u1ee7a chuy\u00ean gia v\u1edbi thi\u1ebft k\u1ebf v\u00e0 qu\u1ea3n l\u00fd t\u1ed1i \u01b0u h\u00f3a chi ti\u1ebft cho vi\u1ec7c chuy\u1ec3n \u0111\u1ed5i su\u00f4n s\u1ebb, kh\u00f4ng ch\u1ec9 gi\u00fap c\u00e1c c\u00f4ng ty c\u00e0i \u0111\u1eb7t c\u01a1 s\u1edf h\u1ea1 t\u1ea7ng in \u1ea5n t\u1ed1i \u01b0u m\u00e0 c\u00f2n v\u1eadn h\u00e0nh n\u00f3 m\u1ed9t c\u00e1ch hi\u1ec7u qu\u1ea3 nh\u1ea5t. \u0110\u00f3 l\u00e0 con \u0111\u01b0\u1eddng li\u00ean t\u1ee5c gi\u1ea3m TCO, tr\u1ef1c ti\u1ebfp v\u00e0 gi\u00e1n ti\u1ebfp, \u0111\u1ec3 gi\u1ea3m thi\u1ec3u r\u1ee7i ro v\u00e0 can thi\u1ec7p v\u1edbi c\u00e1c ho\u1ea1t \u0111\u1ed9ng kinh doanh h\u00e0ng ng\u00e0y v\u00e0 ki\u1ec3m so\u00e1t t\u1ed1i \u0111a.<\/p>\n<p><i>\u25ba<\/i> <a href=\"https:\/\/www.konicaminolta.vn\/business\/wp-content\/uploads\/2015\/10\/4pp-OPS_brochureWEB.pdf\" target=\"_blank\" rel=\"noopener noreferrer\">T\u1ea3i xu\u1ed1ng t\u00e0i li\u1ec7u D\u1ecbch v\u1ee5 in t\u1ed1i \u01b0u h\u00f3a<\/a>[\/vc_column_text][\/vc_column_inner][\/vc_row_inner][\/vc_tta_section][vc_tta_section title=&#8221;Video&#8221; tab_id=&#8221;1498066977504-9af86552-9f657bd8-b54273f0-02f0&#8243;][vc_empty_space][vc_row_inner][vc_column_inner width=&#8221;1\/4&#8243;][\/vc_column_inner][vc_column_inner width=&#8221;1\/2&#8243;][vc_column_text]<\/p>\n<h5><strong>OPS Teaser Movie<\/strong><\/h5>\n<p>[\/vc_column_text][vc_video link=&#8221;https:\/\/www.youtube.com\/watch?v=q1LE2V5pgaw&#8221; align=&#8221;center&#8221; image=&#8221;2028&#8243; img_size=&#8221;full&#8221;][vc_empty_space height=&#8221;20px&#8221;][vc_column_text]<\/p>\n<h5>\u00a0<strong>OPS Movie -Concept edition<\/strong><\/h5>\n<p>[\/vc_column_text][vc_video link=&#8221;https:\/\/www.youtube.com\/watch?v=OzM0pyO7PHQ&#8221; image=&#8221;2030&#8243; img_size=&#8221;full&#8221;][vc_empty_space height=&#8221;20px&#8221;][vc_column_text]<\/p>\n<h5><strong>Optimised Print Services<\/strong><\/h5>\n<p>[\/vc_column_text][vc_video link=&#8221;https:\/\/www.youtube.com\/watch?v=jgTTMS-8aWg&#8221; align=&#8221;center&#8221; image=&#8221;2029&#8243; img_size=&#8221;full&#8221;][\/vc_column_inner][vc_column_inner width=&#8221;1\/4&#8243;][\/vc_column_inner][\/vc_row_inner][\/vc_tta_section][\/vc_tta_tabs][\/vc_column][vc_column width=&#8221;1\/4&#8243; css=&#8221;.vc_custom_1504252273080{margin-right: -30px !important;}&#8221;][vc_widget_sidebar sidebar_id=&#8221;consulting-right-sidebar&#8221;][vc_column_text]<span style=\"font-size: 10pt; font-family: Arial, Helvetica, sans-serif; color: #000000;\"><strong>THEO D\u00d5I CH\u00daNG T\u00d4I T\u1ea0I:<\/strong><\/span><\/p>\n<p><a href=\"https:\/\/www.facebook.com\/KonicaMinoltaBSAsia.RHQ\" target=\"_blank\" rel=\"noopener noreferrer\"><img loading=\"lazy\" decoding=\"async\" class=\"alignnone wp-image-3815\" src=\"https:\/\/www.konicaminolta.vn\/business\/wp-content\/uploads\/2017\/09\/facebook.png\" alt=\"\" width=\"33\" height=\"33\" srcset=\"https:\/\/www.konicaminolta.vn\/business\/wp-content\/uploads\/2017\/09\/facebook.png 157w, https:\/\/www.konicaminolta.vn\/business\/wp-content\/uploads\/2017\/09\/facebook-150x150.png 150w, https:\/\/www.konicaminolta.vn\/business\/wp-content\/uploads\/2017\/09\/facebook-50x50.png 50w\" sizes=\"auto, (max-width: 33px) 100vw, 33px\" \/><\/a>\u00a0\u00a0<a href=\"https:\/\/twitter.com\/KonicaMinoltaSG\" target=\"_blank\" rel=\"noopener noreferrer\"><img loading=\"lazy\" decoding=\"async\" class=\"alignnone wp-image-3812\" src=\"https:\/\/www.konicaminolta.vn\/business\/wp-content\/uploads\/2017\/09\/twitter.png\" alt=\"\" width=\"34\" height=\"33\" srcset=\"https:\/\/www.konicaminolta.vn\/business\/wp-content\/uploads\/2017\/09\/twitter.png 162w, https:\/\/www.konicaminolta.vn\/business\/wp-content\/uploads\/2017\/09\/twitter-150x150.png 150w, https:\/\/www.konicaminolta.vn\/business\/wp-content\/uploads\/2017\/09\/twitter-50x50.png 50w\" sizes=\"auto, (max-width: 34px) 100vw, 34px\" \/><\/a>\u00a0\u00a0<a href=\"https:\/\/www.youtube.com\/user\/KonicaMinoltaBSA\" target=\"_blank\" rel=\"noopener noreferrer\"><img loading=\"lazy\" decoding=\"async\" class=\"alignnone wp-image-3813\" src=\"https:\/\/www.konicaminolta.vn\/business\/wp-content\/uploads\/2017\/09\/youtube.png\" alt=\"\" width=\"33\" height=\"33\" srcset=\"https:\/\/www.konicaminolta.vn\/business\/wp-content\/uploads\/2017\/09\/youtube.png 158w, https:\/\/www.konicaminolta.vn\/business\/wp-content\/uploads\/2017\/09\/youtube-150x150.png 150w, https:\/\/www.konicaminolta.vn\/business\/wp-content\/uploads\/2017\/09\/youtube-50x50.png 50w\" sizes=\"auto, (max-width: 33px) 100vw, 33px\" \/><\/a>\u00a0\u00a0<a href=\"https:\/\/www.instagram.com\/konica_minolta_bsa\/\" target=\"_blank\" rel=\"noopener noreferrer\"><img loading=\"lazy\" decoding=\"async\" class=\"alignnone wp-image-3814\" src=\"https:\/\/www.konicaminolta.vn\/business\/wp-content\/uploads\/2017\/09\/insta.png\" alt=\"\" width=\"33\" height=\"33\" srcset=\"https:\/\/www.konicaminolta.vn\/business\/wp-content\/uploads\/2017\/09\/insta.png 157w, https:\/\/www.konicaminolta.vn\/business\/wp-content\/uploads\/2017\/09\/insta-150x150.png 150w, https:\/\/www.konicaminolta.vn\/business\/wp-content\/uploads\/2017\/09\/insta-50x50.png 50w\" sizes=\"auto, (max-width: 33px) 100vw, 33px\" \/><\/a>[\/vc_column_text][\/vc_column][\/vc_row][vc_row][vc_column][stm_services posts_per_page=&#8221;6&#8243; posts_per_row=&#8221;3&#8243; img_size=&#8221;400&#215;300&#8243;][vc_empty_space][\/vc_column][\/vc_row]<\/p>\n<\/div>","protected":false},"excerpt":{"rendered":"<p>[vc_row][vc_column width=&#8221;3\/4&#8243;][rev_slider_vc alias=&#8221;services_vi&#8221;][vc_empty_space height=&#8221;32&#8243;][vc_tta_tabs shape=&#8221;square&#8221; color=&#8221;white&#8221; spacing=&#8221;3&#8243; active_section=&#8221;1&#8243; pagination_style=&#8221;outline-square&#8221; pagination_color=&#8221;white&#8221;][vc_tta_section title=&#8221;Gi\u1edbi thi\u1ec7u v\u00e0 kh\u00e1i ni\u1ec7m&#8221; tab_id=&#8221;1498066910571-031a6d46-cdde7bd8-b54273f0-02f0&#8243;][vc_empty_space][vc_row_inner][vc_column_inner width=&#8221;1\/2&#8243;][vc_column_text] L\u00e0m cho c\u01a1 s\u1edf h\u1ea1 t\u1ea7ng in \u1ea5n ho\u1ea1t \u0111\u1ed9ng hi\u1ec7u qu\u1ea3 C\u00f4ng ngh\u1ec7 v\u0103n ph\u00f2ng \u0111\u00e3 n\u00e2ng cao, nhu c\u1ea7u c\u1ee7a ng\u01b0\u1eddi d\u00f9ng \u0111\u00e3 thay \u0111\u1ed5i. R\u1ea5t nhi\u1ec1u m\u00f4i tr\u01b0\u1eddng in hi\u1ec7n t\u1ea1i l\u00e0 b\u1ea3n v\u00e1 c\u1ee7a<\/p>\n","protected":false},"author":1,"featured_media":0,"parent":0,"menu_order":0,"comment_status":"closed","ping_status":"closed","template":"","meta":{"footnotes":""},"class_list":["post-5093","page","type-page","status-publish","hentry"],"_links":{"self":[{"href":"https:\/\/www.konicaminolta.vn\/business\/wp-json\/wp\/v2\/pages\/5093","targetHints":{"allow":["GET"]}}],"collection":[{"href":"https:\/\/www.konicaminolta.vn\/business\/wp-json\/wp\/v2\/pages"}],"about":[{"href":"https:\/\/www.konicaminolta.vn\/business\/wp-json\/wp\/v2\/types\/page"}],"author":[{"embeddable":true,"href":"https:\/\/www.konicaminolta.vn\/business\/wp-json\/wp\/v2\/users\/1"}],"replies":[{"embeddable":true,"href":"https:\/\/www.konicaminolta.vn\/business\/wp-json\/wp\/v2\/comments?post=5093"}],"version-history":[{"count":3,"href":"https:\/\/www.konicaminolta.vn\/business\/wp-json\/wp\/v2\/pages\/5093\/revisions"}],"predecessor-version":[{"id":5405,"href":"https:\/\/www.konicaminolta.vn\/business\/wp-json\/wp\/v2\/pages\/5093\/revisions\/5405"}],"wp:attachment":[{"href":"https:\/\/www.konicaminolta.vn\/business\/wp-json\/wp\/v2\/media?parent=5093"}],"curies":[{"name":"wp","href":"https:\/\/api.w.org\/{rel}","templated":true}]}}