{"id":5097,"date":"2017-07-17T16:41:59","date_gmt":"2017-07-17T08:41:59","guid":{"rendered":"http:\/\/konicaminolta.me\/solutions\/ecm\/"},"modified":"2018-06-26T00:17:17","modified_gmt":"2018-06-25T17:17:17","slug":"ecm","status":"publish","type":"page","link":"https:\/\/www.konicaminolta.vn\/business\/solutions\/ecm\/","title":{"rendered":"Qu\u1ea3n l\u00fd n\u1ed9i dung doanh nghi\u1ec7p"},"content":{"rendered":"<div class=\"wpb-content-wrapper\"><p>[vc_row css=&#8221;.vc_custom_1513677280435{margin-top: -75px !important;}&#8221;][vc_column][rev_slider_vc alias=&#8221;ecm_vi&#8221;][\/vc_column][\/vc_row][vc_row][vc_column][vc_empty_space height=&#8221;32&#8243;][\/vc_column][\/vc_row][vc_row][vc_column width=&#8221;2\/3&#8243;][vc_tta_tabs shape=&#8221;square&#8221; color=&#8221;white&#8221; spacing=&#8221;3&#8243; active_section=&#8221;1&#8243; pagination_style=&#8221;outline-square&#8221; pagination_color=&#8221;white&#8221;][vc_tta_section title=&#8221;T\u1ed5ng quan&#8221; tab_id=&#8221;1498066910571-031a6d46-cdde7bd8-b542d72d-65eee7cf-d3a647ba-3b57b3ec-18dfb3e6-25f0&#8243;][vc_empty_space][vc_row_inner][vc_column_inner width=&#8221;2\/3&#8243;][vc_column_text css_animation=&#8221;fadeInLeft&#8221;]<\/p>\n<div class=\"line\">\n<p style=\"text-align: justify;\">Qu\u1ea3n l\u00fd n\u1ed9i dung tr\u00ean to\u00e0n doanh nghi\u1ec7p l\u00e0 m\u1ed9t th\u00e1ch th\u1ee9c. S\u1ef1 ra \u0111\u1eddi c\u1ee7a c\u00f4ng ngh\u1ec7 \u0111\u00e3 cho ph\u00e9p ch\u00fang t\u00f4i t\u1ea1o ra c\u00e1c t\u00e0i li\u1ec7u tr\u00ean m\u1ed9t n\u1ec1n t\u1ea3ng r\u1ed9ng, l\u01b0u tr\u1eef ch\u00fang tr\u00ean \u0111\u0129a c\u1ee9ng, \u0111\u00e1m m\u00e2y v\u00e0 in v\u00e0 l\u01b0u tr\u1eef ch\u00fang \u1edf b\u1ea5t c\u1ee9 \u0111\u00e2u.<\/p>\n<p style=\"text-align: justify;\">Gi\u1ea3i ph\u00e1p qu\u1ea3n l\u00fd n\u1ed9i dung doanh nghi\u1ec7p Konica Minolta (ECM) cho ph\u00e9p doanh nghi\u1ec7p gi\u1ea3m thi\u1ec3u r\u1ee7i ro, cung c\u1ea5p cho b\u1ea1n kh\u1ea3 n\u0103ng hi\u1ec3n th\u1ecb to\u00e0n b\u1ed9 quy tr\u00ecnh, t\u00e0i li\u1ec7u v\u00e0 th\u00f4ng tin trong khi gi\u1ea3m t\u1ed5ng chi ph\u00ed.<\/p>\n<\/div>\n<div class=\"line\"><\/div>\n<p>[\/vc_column_text][\/vc_column_inner][vc_column_inner width=&#8221;1\/3&#8243;][vc_single_image image=&#8221;3907&#8243; img_size=&#8221;full&#8221; alignment=&#8221;center&#8221; onclick=&#8221;link_image&#8221; css_animation=&#8221;fadeInRight&#8221;][\/vc_column_inner][\/vc_row_inner][vc_row_inner][vc_column_inner][vc_column_text css_animation=&#8221;fadeInLeft&#8221;]<\/p>\n<p style=\"text-align: justify;\">Gi\u1ea3i ph\u00e1p ECM gi\u00fap n\u1eafm b\u1eaft, qu\u1ea3n l\u00fd, x\u1eed l\u00fd, ph\u00e2n ph\u1ed1i v\u00e0 t\u1eadp trung n\u1ed9i dung kinh doanh quan tr\u1ecdng \u1edf v\u1ecb tr\u00ed an to\u00e0n m\u00e0 kh\u00f4ng \u1ea3nh h\u01b0\u1edfng \u0111\u1ebfn s\u1ef1 tu\u00e2n th\u1ee7. N\u00f3 t\u0103ng n\u0103ng su\u1ea5t trong khi khuy\u1ebfn kh\u00edch s\u1ef1 c\u1ed9ng t\u00e1c gi\u1eefa ng\u01b0\u1eddi d\u00f9ng v\u00e0 cho ph\u00e9p d\u1ec5 d\u00e0ng chia s\u1ebb th\u00f4ng tin.<\/p>\n<p style=\"text-align: justify;\">T\u1eadn d\u1ee5ng s\u1ee9c m\u1ea1nh c\u1ee7a bEST (bizhub Extended Solution Technology), n\u01a1i n\u00f3 l\u00e0 m\u1ed9t c\u00f4ng ngh\u1ec7 giao di\u1ec7n m\u1edf \u0111\u01b0\u1ee3c t\u00edch h\u1ee3p v\u00e0o c\u00e1c thi\u1ebft b\u1ecb Konica Minolta \u0111\u1ec3 ph\u1ee5c v\u1ee5 nh\u01b0 m\u1ed9t n\u1ec1n t\u1ea3ng chia s\u1ebb \u0111\u1ec3 t\u0103ng c\u01b0\u1eddng m\u00f4i tr\u01b0\u1eddng l\u00e0m vi\u1ec7c, ng\u01b0\u1eddi d\u00f9ng c\u00f3 th\u1ec3 di chuy\u1ec3n th\u00f4ng tin nhanh h\u01a1n.<\/p>\n<p style=\"text-align: justify;\">V\u1edbi gi\u1ea3i ph\u00e1p Konica Minolta ECM, ng\u01b0\u1eddi d\u00f9ng ch\u1ec9 c\u1ea7n qu\u00e9t v\u00e0 \u0111\u1ec3 h\u1ec7 th\u1ed1ng th\u1ef1c hi\u1ec7n c\u00f4ng vi\u1ec7c t\u1ef1 \u0111\u1ed9ng thu th\u1eadp, l\u1eadp ch\u1ec9 m\u1ee5c, g\u1ea5p v\u00e0 b\u1eaft \u0111\u1ea7u lu\u1ed3ng c\u00f4ng vi\u1ec7c \u0111\u1ec3 x\u1eed l\u00fd ho\u1eb7c ph\u00ea duy\u1ec7t.<\/p>\n<p>[\/vc_column_text][vc_empty_space][\/vc_column_inner][\/vc_row_inner][\/vc_tta_section][vc_tta_section title=&#8221;Nghi\u00ean c\u1ee9u \u0111i\u1ec3n h\u00ecnh&#8221; tab_id=&#8221;1514281515343-b0b77c9d-907e&#8221;][vc_column_text]<\/p>\n<h4><strong>T\u1ea3i xu\u1ed1ng nghi\u00ean c\u1ee9u \u0111i\u1ec3n h\u00ecnh:<\/strong><\/h4>\n<p>[\/vc_column_text][vc_row_inner][vc_column_inner width=&#8221;1\/2&#8243;][vc_column_text]<strong>S\u1eafc \u0111\u1eb9p<\/strong><\/p>\n<p><a href=\"https:\/\/www.konicaminolta.vn\/business\/wp-content\/uploads\/2017\/07\/ECM_CS-Beauty_MY.pdf\" target=\"_blank\" rel=\"noopener noreferrer\"><img loading=\"lazy\" decoding=\"async\" class=\"alignnone wp-image-4446\" src=\"https:\/\/www.konicaminolta.vn\/business\/wp-content\/uploads\/2017\/07\/beauty.png\" alt=\"\" width=\"211\" height=\"300\" srcset=\"https:\/\/www.konicaminolta.vn\/business\/wp-content\/uploads\/2017\/07\/beauty.png 617w, https:\/\/www.konicaminolta.vn\/business\/wp-content\/uploads\/2017\/07\/beauty-211x300.png 211w\" sizes=\"auto, (max-width: 211px) 100vw, 211px\" \/><\/a>[\/vc_column_text][\/vc_column_inner][vc_column_inner width=&#8221;1\/2&#8243;][vc_column_text]<strong>C\u1eeda h\u00e0ng tr\u1ef1c tuy\u1ebfn<\/strong><\/p>\n<p><a href=\"https:\/\/www.konicaminolta.vn\/business\/wp-content\/uploads\/2017\/07\/ECM_CS-OnlineStore_MY.pdf\" target=\"_blank\" rel=\"noopener noreferrer\"><img loading=\"lazy\" decoding=\"async\" class=\"alignnone wp-image-4448\" src=\"https:\/\/www.konicaminolta.vn\/business\/wp-content\/uploads\/2017\/07\/online-store.png\" alt=\"\" width=\"211\" height=\"300\" srcset=\"https:\/\/www.konicaminolta.vn\/business\/wp-content\/uploads\/2017\/07\/online-store.png 615w, https:\/\/www.konicaminolta.vn\/business\/wp-content\/uploads\/2017\/07\/online-store-211x300.png 211w\" sizes=\"auto, (max-width: 211px) 100vw, 211px\" \/><\/a>[\/vc_column_text][\/vc_column_inner][\/vc_row_inner][\/vc_tta_section][vc_tta_section title=&#8221;L\u1ee3i \u00edch&#8221; tab_id=&#8221;1498066939920-e3c0d1df-43057bd8-b542d72d-65eee7cf-d3a647ba-3b57b3ec-18dfb3e6-25f0&#8243;][vc_row_inner][vc_column_inner][vc_empty_space][vc_column_text]<strong>L\u1ee3i \u00edch<\/strong><\/p>\n<p><strong>C\u1ea3i thi\u1ec7n d\u1ecbch v\u1ee5 kh\u00e1ch h\u00e0ng<\/strong><\/p>\n<ul>\n<li>Gi\u1ea3m th\u1eddi gian t\u00ecm ki\u1ebfm \u1edf nhi\u1ec1u v\u1ecb tr\u00ed cho t\u00e0i li\u1ec7u v\u00e0 ch\u1edd t\u00e0i li\u1ec7u \u0111\u01b0\u1ee3c truy xu\u1ea5t v\u00e0 ph\u00e2n ph\u1ed1i<\/li>\n<li>\u0110\u1ea3m b\u1ea3o t\u00ednh nh\u1ea5t qu\u00e1n trong c\u00e1c h\u00e0m li\u00ean quan \u0111\u1ebfn quy tr\u00ecnh<\/li>\n<li>Cung c\u1ea5p kh\u1ea3 n\u0103ng hi\u1ec3n th\u1ecb tr\u1ef1c tuy\u1ebfn theo th\u1eddi gian th\u1ef1c v\u1ec1 tr\u1ea1ng th\u00e1i y\u00eau c\u1ea7u, giao d\u1ecbch v\u00e0 \u0111\u01a1n \u0111\u1eb7t h\u00e0ng<\/li>\n<\/ul>\n<p><strong>Gi\u1ea3m thi\u1ec3u r\u1ee7i ro<\/strong><\/p>\n<ul>\n<li>Cho ph\u00e9p th\u1ef1c thi d\u1ec5 d\u00e0ng c\u00e1c ch\u00ednh s\u00e1ch b\u1ea3o m\u1eadt c\u1ee7a b\u1ea1n v\u00e0 theo d\u00f5i quy\u1ec1n truy c\u1eadp v\u00e0 ho\u1ea1t \u0111\u1ed9ng<\/li>\n<li>T\u1ea1o \u0111i\u1ec1u ki\u1ec7n b\u00e1o c\u00e1o v\u00e0 ki\u1ec3m tra th\u00f4ng tin b\u1ea1n l\u00e0m v\u00e0 kh\u00f4ng c\u00f3<\/li>\n<li>\u0110\u1ea3m b\u1ea3o n\u1ed9i dung h\u1ebft h\u1ea1n \u0111\u01b0\u1ee3c x\u1eed l\u00fd theo l\u1ecbch tr\u00ecnh l\u01b0u gi\u1eef \u0111\u01b0\u1ee3c x\u00e1c \u0111\u1ecbnh<\/li>\n<\/ul>\n<p><strong>Gi\u1ea3m chi ph\u00ed v\u1eadn h\u00e0nh<\/strong><\/p>\n<ul>\n<li>Lo\u1ea1i b\u1ecf chi ph\u00ed in \u1ea5n, v\u1eadn chuy\u1ec3n v\u00e0 l\u01b0u tr\u1eef gi\u1ea5y v\u00ec n\u1ed9i dung c\u1ee7a b\u1ea1n b\u1ecb b\u1eaft b\u1eb1ng \u0111i\u1ec7n t\u1eed<\/li>\n<li>C\u1ea3i thi\u1ec7n hi\u1ec7u qu\u1ea3 b\u1eb1ng c\u00e1ch cung c\u1ea5p quy\u1ec1n truy c\u1eadp t\u1ee9c th\u00ec v\u00e0o n\u1ed9i dung v\u00e0 quy tr\u00ecnh t\u1eeb m\u1ecdi n\u01a1i, ngay c\u1ea3 thi\u1ebft b\u1ecb di \u0111\u1ed9ng<\/li>\n<li>T\u1ed1c \u0111\u1ed9 l\u00ean c\u00e1c quy tr\u00ecnh b\u1eb1ng c\u00e1ch t\u1ef1 \u0111\u1ed9ng h\u00f3a c\u00e1c quy\u1ebft \u0111\u1ecbnh c\u00f3 th\u1ec3 d\u1ef1 \u0111o\u00e1n v\u00e0 cung c\u1ea5p c\u00e1c c\u00f4ng c\u1ee5 h\u1eefu \u00edch \u0111\u1ec3 qu\u1ea3n l\u00fd t\u1ea5t c\u1ea3 c\u00e1c t\u00e1c v\u1ee5, ho\u1ea1t \u0111\u1ed9ng v\u00e0 tr\u01b0\u1eddng h\u1ee3p xung quanh, cho ph\u00e9p b\u1ea1n t\u0103ng n\u0103ng su\u1ea5t m\u00e0 kh\u00f4ng c\u1ea7n t\u0103ng nh\u00e2n vi\u00ean<\/li>\n<\/ul>\n<p>[\/vc_column_text][\/vc_column_inner][\/vc_row_inner][\/vc_tta_section][vc_tta_section title=&#8221;T\u1ea3i v\u1ec1&#8221; tab_id=&#8221;1504946575707-a69e1f7f-4630&#8243;][vc_empty_space][vc_column_text]<i>\u25ba<\/i>\u00a0<a href=\"https:\/\/www.konicaminolta.vn\/business\/wp-content\/uploads\/2017\/09\/KM-ECM-brochureWEB.pdf\" target=\"_blank\" rel=\"noopener noreferrer\">T\u1ea3i xu\u1ed1ng t\u00e0i li\u1ec7u qu\u1ea3n l\u00fd n\u1ed9i dung doanh nghi\u1ec7p<\/a>[\/vc_column_text][\/vc_tta_section][vc_tta_section title=&#8221;Video&#8221; tab_id=&#8221;1504946732961-36237511-593f&#8221;][vc_empty_space][vc_row_inner][vc_column_inner width=&#8221;1\/4&#8243;][\/vc_column_inner][vc_column_inner width=&#8221;1\/2&#8243;][vc_column_text]<iframe loading=\"lazy\" src=\"https:\/\/www.youtube.com\/embed\/z8yhIGEl9Fg?rel=0\" width=\"100%\" height=\"292\" frameborder=\"0\" allowfullscreen=\"allowfullscreen\"><\/iframe>[\/vc_column_text][\/vc_column_inner][vc_column_inner width=&#8221;1\/4&#8243;][\/vc_column_inner][\/vc_row_inner][\/vc_tta_section][\/vc_tta_tabs][\/vc_column][vc_column width=&#8221;1\/3&#8243;][vc_widget_sidebar sidebar_id=&#8221;consulting-left-sidebar&#8221;][\/vc_column][\/vc_row][vc_row disable_element=&#8221;yes&#8221;][vc_column][stm_services posts_per_page=&#8221;6&#8243; posts_per_row=&#8221;3&#8243; img_size=&#8221;400&#215;300&#8243;][vc_empty_space][vc_row_inner disable_element=&#8221;yes&#8221;][vc_column_inner width=&#8221;1\/4&#8243;][vc_wp_custommenu nav_menu=&#8221;136&#8243;][\/vc_column_inner][vc_column_inner width=&#8221;1\/2&#8243;][vc_single_image image=&#8221;3941&#8243; img_size=&#8221;full&#8221; alignment=&#8221;center&#8221;][\/vc_column_inner][vc_column_inner width=&#8221;1\/4&#8243;][vc_widget_sidebar sidebar_id=&#8221;consulting-left-sidebar&#8221;][\/vc_column_inner][\/vc_row_inner][\/vc_column][\/vc_row]<\/p>\n<\/div>","protected":false},"excerpt":{"rendered":"<p>[vc_row css=&#8221;.vc_custom_1513677280435{margin-top: -75px !important;}&#8221;][vc_column][rev_slider_vc alias=&#8221;ecm_vi&#8221;][\/vc_column][\/vc_row][vc_row][vc_column][vc_empty_space height=&#8221;32&#8243;][\/vc_column][\/vc_row][vc_row][vc_column width=&#8221;2\/3&#8243;][vc_tta_tabs shape=&#8221;square&#8221; color=&#8221;white&#8221; spacing=&#8221;3&#8243; active_section=&#8221;1&#8243; pagination_style=&#8221;outline-square&#8221; pagination_color=&#8221;white&#8221;][vc_tta_section title=&#8221;T\u1ed5ng quan&#8221; tab_id=&#8221;1498066910571-031a6d46-cdde7bd8-b542d72d-65eee7cf-d3a647ba-3b57b3ec-18dfb3e6-25f0&#8243;][vc_empty_space][vc_row_inner][vc_column_inner width=&#8221;2\/3&#8243;][vc_column_text css_animation=&#8221;fadeInLeft&#8221;] Qu\u1ea3n l\u00fd n\u1ed9i dung tr\u00ean to\u00e0n doanh nghi\u1ec7p l\u00e0 m\u1ed9t th\u00e1ch th\u1ee9c. S\u1ef1 ra \u0111\u1eddi c\u1ee7a c\u00f4ng ngh\u1ec7 \u0111\u00e3 cho ph\u00e9p ch\u00fang t\u00f4i t\u1ea1o ra c\u00e1c t\u00e0i li\u1ec7u tr\u00ean m\u1ed9t n\u1ec1n t\u1ea3ng r\u1ed9ng, l\u01b0u tr\u1eef ch\u00fang tr\u00ean<\/p>\n","protected":false},"author":1,"featured_media":0,"parent":5092,"menu_order":0,"comment_status":"closed","ping_status":"closed","template":"","meta":{"footnotes":""},"class_list":["post-5097","page","type-page","status-publish","hentry"],"_links":{"self":[{"href":"https:\/\/www.konicaminolta.vn\/business\/wp-json\/wp\/v2\/pages\/5097","targetHints":{"allow":["GET"]}}],"collection":[{"href":"https:\/\/www.konicaminolta.vn\/business\/wp-json\/wp\/v2\/pages"}],"about":[{"href":"https:\/\/www.konicaminolta.vn\/business\/wp-json\/wp\/v2\/types\/page"}],"author":[{"embeddable":true,"href":"https:\/\/www.konicaminolta.vn\/business\/wp-json\/wp\/v2\/users\/1"}],"replies":[{"embeddable":true,"href":"https:\/\/www.konicaminolta.vn\/business\/wp-json\/wp\/v2\/comments?post=5097"}],"version-history":[{"count":3,"href":"https:\/\/www.konicaminolta.vn\/business\/wp-json\/wp\/v2\/pages\/5097\/revisions"}],"predecessor-version":[{"id":5461,"href":"https:\/\/www.konicaminolta.vn\/business\/wp-json\/wp\/v2\/pages\/5097\/revisions\/5461"}],"up":[{"embeddable":true,"href":"https:\/\/www.konicaminolta.vn\/business\/wp-json\/wp\/v2\/pages\/5092"}],"wp:attachment":[{"href":"https:\/\/www.konicaminolta.vn\/business\/wp-json\/wp\/v2\/media?parent=5097"}],"curies":[{"name":"wp","href":"https:\/\/api.w.org\/{rel}","templated":true}]}}