{"id":5098,"date":"2017-11-02T15:49:41","date_gmt":"2017-11-02T07:49:41","guid":{"rendered":"http:\/\/konicaminolta.me\/service\/document-process-automation\/"},"modified":"2020-06-22T13:48:41","modified_gmt":"2020-06-22T06:48:41","slug":"document-process-automation","status":"publish","type":"page","link":"https:\/\/www.konicaminolta.vn\/business\/service\/document-process-automation\/","title":{"rendered":"T\u1ef1 \u0111\u1ed9ng h\u00f3a quy tr\u00ecnh t\u00e0i li\u1ec7u"},"content":{"rendered":"<div class=\"wpb-content-wrapper\"><p>[vc_row css=&#8221;.vc_custom_1513677052953{margin-top: -75px !important;}&#8221;][vc_column 0=&#8221;&#8221;][rev_slider_vc alias=&#8221;dpa_vi&#8221;][\/vc_column][\/vc_row][vc_row 0=&#8221;&#8221;][vc_column 0=&#8221;&#8221;][vc_empty_space height=&#8221;15px&#8221;][\/vc_column][\/vc_row][vc_row 0=&#8221;&#8221;][vc_column width=&#8221;2\/3&#8243;][vc_tta_tabs shape=&#8221;square&#8221; color=&#8221;white&#8221; spacing=&#8221;3&#8243; active_section=&#8221;1&#8243;][vc_tta_section title=&#8221;Gi\u1edbi thi\u1ec7u&#8221; tab_id=&#8221;1507655057331-376e15e5-1e5f89fb-7703ea29-e118&#8243;][vc_row_inner 0=&#8221;&#8221;][vc_column_inner 0=&#8221;&#8221;][vc_empty_space height=&#8221;32&#8243;][vc_column_text 0=&#8221;&#8221;]Qu\u1ea3n l\u00fd doanh thu v\u00e0 chi ph\u00ed r\u1ea5t quan tr\u1ecdng \u0111\u1ed1i v\u1edbi c\u00e1c t\u1ed5 ch\u1ee9c v\u00ec qu\u1ea3n l\u00fd k\u00e9m s\u1ebd \u1ea3nh h\u01b0\u1edfng \u0111\u1ebfn t\u00ecnh h\u00ecnh t\u00e0i ch\u00ednh v\u00e0 kinh nghi\u1ec7m c\u1ee7a kh\u00e1ch h\u00e0ng. B\u1eb1ng c\u00e1ch t\u1ef1 \u0111\u1ed9ng h\u00f3a c\u00e1c quy tr\u00ecnh, v\u00f2ng \u0111\u1eddi \u0111\u1eb7t h\u00e0ng b\u1eb1ng ti\u1ec1n m\u1eb7t v\u00e0 mua s\u1eafm th\u00e0nh ti\u1ec1n m\u1eb7t \u0111\u01b0\u1ee3c t\u00edch h\u1ee3p ch\u1eb7t ch\u1ebd v\u00e0 s\u1ebd cung c\u1ea5p cho ng\u01b0\u1eddi d\u00f9ng to\u00e0n b\u1ed9 kh\u1ea3 n\u0103ng hi\u1ec3n th\u1ecb v\u00e0 ki\u1ec3m so\u00e1t.<\/p>\n<p>Gi\u1ea3i ph\u00e1p t\u1ef1 \u0111\u1ed9ng h\u00f3a quy tr\u00ecnh t\u00e0i li\u1ec7u chuy\u1ec3n \u0111\u1ed5i c\u00e1c quy tr\u00ecnh \u0110\u1eb7t h\u00e0ng th\u00e0nh ti\u1ec1n v\u00e0 thanh to\u00e1n chuy\u00ean s\u00e2u th\u1ee7 c\u00f4ng b\u1eb1ng c\u00e1ch t\u1ef1 \u0111\u1ed9ng h\u00f3a quy tr\u00ecnh l\u00e0m vi\u1ec7c \u0111\u1ec3 t\u0103ng hi\u1ec7u qu\u1ea3 v\u00e0 t\u1ed1i \u0111a h\u00f3a chu k\u1ef3 chuy\u1ec3n \u0111\u1ed5i ti\u1ec1n m\u1eb7t.<\/p>\n<p>Quy tr\u00ecnh \u0111\u1eb7t h\u00e0ng th\u00e0nh ti\u1ec1n v\u00e0 thanh to\u00e1n \u0111\u1ec3 thanh to\u00e1n r\u1ea5t ph\u1ee9c t\u1ea1p v\u00e0 th\u01b0\u1eddng \u0111\u01b0\u1ee3c k\u1ebft n\u1ed1i gi\u1eefa c\u00e1c b\u1ed9 ph\u1eadn. T\u1eeb \u0111\u01a1n \u0111\u1eb7t h\u00e0ng, h\u00f3a \u0111\u01a1n c\u1ee7a kh\u00e1ch h\u00e0ng \u0111\u1ebfn giao h\u00f3a \u0111\u01a1n v\u00e0 thu ti\u1ec1n m\u1eb7t, c\u00e1c t\u1ed5 ch\u1ee9c c\u1ea7n c\u00f3 s\u1ef1 ki\u1ec3m so\u00e1t v\u00e0 kh\u1ea3 n\u0103ng hi\u1ec3n th\u1ecb \u0111\u1ec3 c\u00f3 m\u1ed9t qu\u1ea3n l\u00fd v\u00f2ng \u0111\u1eddi li\u1ec1n m\u1ea1ch v\u00e0 qu\u1ea3n l\u00fd \u0111\u00fang \u0111\u1eafn c\u00e1c m\u1ed1i quan h\u1ec7 gi\u1eefa nh\u00e0 cung c\u1ea5p v\u00e0 kh\u00e1ch h\u00e0ng.<\/p>\n<p><strong> Gi\u1ea3i ph\u00e1p t\u1ef1 \u0111\u1ed9ng h\u00f3a quy tr\u00ecnh t\u00e0i li\u1ec7u bao g\u1ed3m v\u00f2ng \u0111\u1eddi c\u1ee7a ho\u1ea1t \u0111\u1ed9ng doanh thu v\u00e0 chi ph\u00ed.<\/strong><\/p>\n<p><strong> Qu\u1ea3n l\u00fd \u0111\u01a1n h\u00e0ng<\/strong><\/p>\n<p>Gi\u1ea3i ph\u00e1p cho ph\u00e9p t\u1ef1 \u0111\u1ed9ng h\u00f3a v\u00f2ng \u0111\u1eddi x\u1eed l\u00fd \u0111\u01a1n h\u00e0ng \u0111\u1ec3 b\u1ea1n c\u00f3 th\u1ec3 x\u1eed l\u00fd v\u00e0 theo d\u00f5i \u0111\u01a1n h\u00e0ng v\u1edbi kh\u1ea3 n\u0103ng hi\u1ec3n th\u1ecb v\u00e0 hi\u1ec7u qu\u1ea3.<\/p>\n<p><strong> T\u00e0i kho\u1ea3n ph\u1ea3i thu<\/strong><\/p>\n<p>Qu\u1ea3n l\u00fd t\u00e0i ch\u00ednh c\u1ee7a b\u1ea1n v\u00ec gi\u1ea3i ph\u00e1p t\u1ef1 \u0111\u1ed9ng h\u00f3a vi\u1ec7c ph\u00e2n ph\u1ed1i h\u00f3a \u0111\u01a1n k\u1ef9 thu\u1eadt s\u1ed1 k\u1ecbp th\u1eddi, bi\u00ean lai thanh to\u00e1n v\u00e0 l\u01b0u tr\u1eef h\u00f3a \u0111\u01a1n.<\/p>\n<p><strong> Qu\u1ea3n l\u00fd mua s\u1eafm<\/strong><\/p>\n<p>Lo\u1ea1i b\u1ecf quy tr\u00ecnh th\u1ee7 c\u00f4ng b\u1eb1ng c\u00e1ch s\u1eed d\u1ee5ng k\u1ef9 thu\u1eadt s\u1ed1 v\u1edbi c\u00e1c bi\u1ec3u m\u1eabu v\u00e0 y\u00eau c\u1ea7u tr\u1ef1c tuy\u1ebfn v\u00e0 quy tr\u00ecnh ph\u00ea duy\u1ec7t.<\/p>\n<p><strong> T\u00e0i kho\u1ea3n ph\u1ea3i tr\u1ea3<\/strong><\/p>\n<p>B\u1eb1ng ch\u1ee9ng thanh to\u00e1n d\u1ef1a tr\u00ean v\u00e0 k\u1ecbp th\u1eddi cho c\u00e1c nh\u00e0 cung c\u1ea5p b\u1eb1ng c\u00e1ch t\u1ef1 \u0111\u1ed9ng x\u1eed l\u00fd h\u00f3a \u0111\u01a1n v\u1edbi c\u00f4ng ngh\u1ec7 n\u1eafm b\u1eaft v\u00e0 quy tr\u00ecnh l\u00e0m vi\u1ec7c k\u1ef9 thu\u1eadt s\u1ed1 \u0111\u1ec3 ph\u00ea duy\u1ec7t.<\/p>\n<p><strong> L\u1ee3i \u00edch <\/strong> <\/ p><\/p>\n<ul>\n<li> C\u1ea3i thi\u1ec7n tr\u1ea3i nghi\u1ec7m kh\u00e1ch h\u00e0ng v\u00e0 m\u1ed1i quan h\u1ec7 nh\u00e0 cung c\u1ea5p<\/li>\n<li> Ki\u1ec3m so\u00e1t t\u1ed1t h\u01a1n v\u00e0 kh\u1ea3 n\u0103ng hi\u1ec3n th\u1ecb<\/li>\n<li> C\u1ea3i thi\u1ec7n qu\u1ea3n l\u00fd doanh thu v\u00e0 chi ph\u00ed<\/li>\n<\/ul>\n<p>[\/vc_column_text][vc_empty_space height=&#8221;32&#8243;][\/vc_column_inner][\/vc_row_inner][\/vc_tta_section][\/vc_tta_tabs][vc_empty_space height=&#8221;32&#8243;][\/vc_column][vc_column width=&#8221;1\/3&#8243;][vc_widget_sidebar sidebar_id=&#8221;consulting-left-sidebar&#8221;][\/vc_column][\/vc_row][vc_row disable_element=&#8221;yes&#8221;][vc_column 0=&#8221;&#8221;][vc_row_inner 0=&#8221;&#8221;][vc_column_inner width=&#8221;1\/4&#8243;][vc_wp_custommenu nav_menu=&#8221;136&#8243;][\/vc_column_inner][vc_column_inner width=&#8221;1\/2&#8243;][vc_single_image image=&#8221;4335&#8243; img_size=&#8221;full&#8221;][\/vc_column_inner][vc_column_inner width=&#8221;1\/4&#8243;][vc_widget_sidebar sidebar_id=&#8221;consulting-left-sidebar&#8221;][\/vc_column_inner][\/vc_row_inner][vc_empty_space height=&#8221;32&#8243;][\/vc_column][\/vc_row]<\/p>\n<\/div>","protected":false},"excerpt":{"rendered":"<p>[vc_row css=&#8221;.vc_custom_1513677052953{margin-top: -75px !important;}&#8221;][vc_column 0=&#8221;&#8221;][rev_slider_vc alias=&#8221;dpa_vi&#8221;][\/vc_column][\/vc_row][vc_row 0=&#8221;&#8221;][vc_column 0=&#8221;&#8221;][vc_empty_space height=&#8221;15px&#8221;][\/vc_column][\/vc_row][vc_row 0=&#8221;&#8221;][vc_column width=&#8221;2\/3&#8243;][vc_tta_tabs shape=&#8221;square&#8221; color=&#8221;white&#8221; spacing=&#8221;3&#8243; active_section=&#8221;1&#8243;][vc_tta_section title=&#8221;Gi\u1edbi thi\u1ec7u&#8221; tab_id=&#8221;1507655057331-376e15e5-1e5f89fb-7703ea29-e118&#8243;][vc_row_inner 0=&#8221;&#8221;][vc_column_inner 0=&#8221;&#8221;][vc_empty_space height=&#8221;32&#8243;][vc_column_text 0=&#8221;&#8221;]Qu\u1ea3n l\u00fd doanh thu v\u00e0 chi ph\u00ed r\u1ea5t quan tr\u1ecdng \u0111\u1ed1i v\u1edbi c\u00e1c t\u1ed5 ch\u1ee9c v\u00ec qu\u1ea3n l\u00fd k\u00e9m s\u1ebd \u1ea3nh h\u01b0\u1edfng \u0111\u1ebfn t\u00ecnh h\u00ecnh t\u00e0i ch\u00ednh v\u00e0 kinh nghi\u1ec7m c\u1ee7a kh\u00e1ch h\u00e0ng. B\u1eb1ng<\/p>\n","protected":false},"author":1,"featured_media":0,"parent":5093,"menu_order":0,"comment_status":"closed","ping_status":"closed","template":"","meta":{"footnotes":""},"class_list":["post-5098","page","type-page","status-publish","hentry"],"_links":{"self":[{"href":"https:\/\/www.konicaminolta.vn\/business\/wp-json\/wp\/v2\/pages\/5098","targetHints":{"allow":["GET"]}}],"collection":[{"href":"https:\/\/www.konicaminolta.vn\/business\/wp-json\/wp\/v2\/pages"}],"about":[{"href":"https:\/\/www.konicaminolta.vn\/business\/wp-json\/wp\/v2\/types\/page"}],"author":[{"embeddable":true,"href":"https:\/\/www.konicaminolta.vn\/business\/wp-json\/wp\/v2\/users\/1"}],"replies":[{"embeddable":true,"href":"https:\/\/www.konicaminolta.vn\/business\/wp-json\/wp\/v2\/comments?post=5098"}],"version-history":[{"count":4,"href":"https:\/\/www.konicaminolta.vn\/business\/wp-json\/wp\/v2\/pages\/5098\/revisions"}],"predecessor-version":[{"id":7076,"href":"https:\/\/www.konicaminolta.vn\/business\/wp-json\/wp\/v2\/pages\/5098\/revisions\/7076"}],"up":[{"embeddable":true,"href":"https:\/\/www.konicaminolta.vn\/business\/wp-json\/wp\/v2\/pages\/5093"}],"wp:attachment":[{"href":"https:\/\/www.konicaminolta.vn\/business\/wp-json\/wp\/v2\/media?parent=5098"}],"curies":[{"name":"wp","href":"https:\/\/api.w.org\/{rel}","templated":true}]}}