{"id":5099,"date":"2017-07-17T16:43:37","date_gmt":"2017-07-17T08:43:37","guid":{"rendered":"http:\/\/konicaminolta.me\/service\/dpo\/"},"modified":"2018-07-11T09:31:34","modified_gmt":"2018-07-11T02:31:34","slug":"dpo","status":"publish","type":"page","link":"https:\/\/www.konicaminolta.vn\/business\/service\/dpo\/","title":{"rendered":"Gia c\u00f4ng ph\u1ea7n m\u1ec1m x\u1eed l\u00fd t\u00e0i li\u1ec7u"},"content":{"rendered":"<div class=\"wpb-content-wrapper\"><p>[vc_row css=&#8221;.vc_custom_1513677134217{margin-top: -75px !important;}&#8221;][vc_column][rev_slider_vc alias=&#8221;dpo_vi&#8221;][\/vc_column][\/vc_row][vc_row][vc_column][vc_empty_space height=&#8221;15px&#8221;][\/vc_column][\/vc_row][vc_row][vc_column width=&#8221;2\/3&#8243;][vc_tta_tabs shape=&#8221;square&#8221; color=&#8221;white&#8221; spacing=&#8221;3&#8243; active_section=&#8221;1&#8243;][vc_tta_section title=&#8221;Gi\u1edbi thi\u1ec7u&#8221; tab_id=&#8221;1507655057331-376e15e5-1e5f89fb-7703&#8243;][vc_row_inner][vc_column_inner][vc_empty_space height=&#8221;32&#8243;][vc_column_text]Gia c\u00f4ng ph\u1ea7n m\u1ec1m x\u1eed l\u00fd t\u00e0i li\u1ec7u (DPO) l\u00e0 m\u1ed9t chi\u1ebfn l\u01b0\u1ee3c t\u00e1i ch\u1ec9 \u0111\u1ea1o c\u00e1c ho\u1ea1t \u0111\u1ed9ng kinh doanh kh\u00f4ng c\u1ed1t l\u00f5i (t\u00e0i li\u1ec7u trung t\u00e2m) cho nh\u00e0 cung c\u1ea5p d\u1ecbch v\u1ee5 b\u00ean th\u1ee9 ba (KM trong tr\u01b0\u1eddng h\u1ee3p n\u00e0y), m\u00e0 kh\u00f4ng ph\u1ea3i lo l\u1eafng v\u1ec1 chuy\u00ean m\u00f4n mi\u1ec1n.<\/p>\n<ul>\n<li><span style=\"color: #000000;\">Gi\u1ea3m kho\u1ea3ng kh\u00f4ng qu\u1ea3ng c\u00e1o \/ l\u01b0u tr\u1eef th\u1ef1c<\/span><\/li>\n<li><span style=\"color: #000000;\">T\u1ef1 \u0111\u1ed9ng h\u00f3a quy tr\u00ecnh l\u00e0m vi\u1ec7c v\u1edbi th\u00f4ng tin \u0111i\u1ec7n t\u1eed<\/span><\/li>\n<li><span style=\"color: #000000;\">Kho d\u1eef li\u1ec7u trung t\u00e2m \u0111\u1ec3 ph\u00e2n ph\u1ed1i hi\u1ec7u qu\u1ea3<\/span><\/li>\n<li><span style=\"color: #000000;\">T\u0103ng hi\u1ec7u qu\u1ea3 v\u1edbi gia c\u00f4ng ph\u1ea7n m\u1ec1m, t\u00e0i nguy\u00ean n\u1ed9i b\u1ed9 t\u1eadp trung v\u00e0o c\u00e1c ch\u1ee9c n\u0103ng t\u1ea1o doanh thu<\/span><\/li>\n<\/ul>\n<p>[\/vc_column_text][vc_single_image image=&#8221;4361&#8243; img_size=&#8221;full&#8221;][vc_empty_space height=&#8221;32&#8243;][\/vc_column_inner][\/vc_row_inner][\/vc_tta_section][vc_tta_section title=&#8221;Nghi\u00ean c\u1ee9u \u0111i\u1ec3n h\u00ecnh&#8221; tab_id=&#8221;1514278780686-b7ba1cc3-8128&#8243;][vc_column_text]<\/p>\n<h4><strong>T\u1ea3i xu\u1ed1ng nghi\u00ean c\u1ee9u \u0111i\u1ec3n h\u00ecnh:<\/strong><\/h4>\n<p>[\/vc_column_text][vc_row_inner][vc_column_inner width=&#8221;1\/2&#8243;][vc_column_text]<strong>Ch\u0103m s\u00f3c nha khoa<\/strong><\/p>\n<p><a href=\"https:\/\/www.konicaminolta.vn\/business\/wp-content\/uploads\/2017\/07\/DPO_DentalCare.pdf\" target=\"_blank\" rel=\"noopener noreferrer\"><img loading=\"lazy\" decoding=\"async\" class=\"alignnone wp-image-4439\" src=\"https:\/\/www.konicaminolta.vn\/business\/wp-content\/uploads\/2017\/07\/DPO-dental-care.png\" alt=\"\" width=\"212\" height=\"300\" srcset=\"https:\/\/www.konicaminolta.vn\/business\/wp-content\/uploads\/2017\/07\/DPO-dental-care.png 622w, https:\/\/www.konicaminolta.vn\/business\/wp-content\/uploads\/2017\/07\/DPO-dental-care-212x300.png 212w\" sizes=\"auto, (max-width: 212px) 100vw, 212px\" \/><\/a>[\/vc_column_text][\/vc_column_inner][vc_column_inner width=&#8221;1\/2&#8243;][vc_column_text]<strong>Ch\u00ednh quy\u1ec1n<\/strong><\/p>\n<p><a href=\"https:\/\/www.konicaminolta.vn\/business\/wp-content\/uploads\/2017\/07\/DPO_Government.pdf\" target=\"_blank\" rel=\"noopener noreferrer\"><img loading=\"lazy\" decoding=\"async\" class=\"alignnone wp-image-4443\" src=\"https:\/\/www.konicaminolta.vn\/business\/wp-content\/uploads\/2017\/07\/government.png\" alt=\"\" width=\"213\" height=\"300\" srcset=\"https:\/\/www.konicaminolta.vn\/business\/wp-content\/uploads\/2017\/07\/government.png 624w, https:\/\/www.konicaminolta.vn\/business\/wp-content\/uploads\/2017\/07\/government-213x300.png 213w\" sizes=\"auto, (max-width: 213px) 100vw, 213px\" \/><\/a>[\/vc_column_text][\/vc_column_inner][\/vc_row_inner][\/vc_tta_section][\/vc_tta_tabs][vc_empty_space height=&#8221;32&#8243;][\/vc_column][vc_column width=&#8221;1\/3&#8243;][vc_widget_sidebar sidebar_id=&#8221;consulting-left-sidebar&#8221;][\/vc_column][\/vc_row][vc_row disable_element=&#8221;yes&#8221;][vc_column][vc_row_inner][vc_column_inner width=&#8221;1\/4&#8243;][vc_wp_custommenu nav_menu=&#8221;136&#8243;][\/vc_column_inner][vc_column_inner width=&#8221;1\/2&#8243;][vc_single_image image=&#8221;4358&#8243; img_size=&#8221;full&#8221;][\/vc_column_inner][vc_column_inner width=&#8221;1\/4&#8243;][vc_widget_sidebar sidebar_id=&#8221;consulting-left-sidebar&#8221;][\/vc_column_inner][\/vc_row_inner][vc_empty_space height=&#8221;32&#8243;][\/vc_column][\/vc_row]<\/p>\n<\/div>","protected":false},"excerpt":{"rendered":"<p>[vc_row css=&#8221;.vc_custom_1513677134217{margin-top: -75px !important;}&#8221;][vc_column][rev_slider_vc alias=&#8221;dpo_vi&#8221;][\/vc_column][\/vc_row][vc_row][vc_column][vc_empty_space height=&#8221;15px&#8221;][\/vc_column][\/vc_row][vc_row][vc_column width=&#8221;2\/3&#8243;][vc_tta_tabs shape=&#8221;square&#8221; color=&#8221;white&#8221; spacing=&#8221;3&#8243; active_section=&#8221;1&#8243;][vc_tta_section title=&#8221;Gi\u1edbi thi\u1ec7u&#8221; tab_id=&#8221;1507655057331-376e15e5-1e5f89fb-7703&#8243;][vc_row_inner][vc_column_inner][vc_empty_space height=&#8221;32&#8243;][vc_column_text]Gia c\u00f4ng ph\u1ea7n m\u1ec1m x\u1eed l\u00fd t\u00e0i li\u1ec7u (DPO) l\u00e0 m\u1ed9t chi\u1ebfn l\u01b0\u1ee3c t\u00e1i ch\u1ec9 \u0111\u1ea1o c\u00e1c ho\u1ea1t \u0111\u1ed9ng kinh doanh kh\u00f4ng c\u1ed1t l\u00f5i (t\u00e0i li\u1ec7u trung t\u00e2m) cho nh\u00e0 cung c\u1ea5p d\u1ecbch v\u1ee5 b\u00ean th\u1ee9 ba (KM trong tr\u01b0\u1eddng h\u1ee3p<\/p>\n","protected":false},"author":1,"featured_media":0,"parent":5093,"menu_order":0,"comment_status":"closed","ping_status":"closed","template":"","meta":{"footnotes":""},"class_list":["post-5099","page","type-page","status-publish","hentry"],"_links":{"self":[{"href":"https:\/\/www.konicaminolta.vn\/business\/wp-json\/wp\/v2\/pages\/5099","targetHints":{"allow":["GET"]}}],"collection":[{"href":"https:\/\/www.konicaminolta.vn\/business\/wp-json\/wp\/v2\/pages"}],"about":[{"href":"https:\/\/www.konicaminolta.vn\/business\/wp-json\/wp\/v2\/types\/page"}],"author":[{"embeddable":true,"href":"https:\/\/www.konicaminolta.vn\/business\/wp-json\/wp\/v2\/users\/1"}],"replies":[{"embeddable":true,"href":"https:\/\/www.konicaminolta.vn\/business\/wp-json\/wp\/v2\/comments?post=5099"}],"version-history":[{"count":4,"href":"https:\/\/www.konicaminolta.vn\/business\/wp-json\/wp\/v2\/pages\/5099\/revisions"}],"predecessor-version":[{"id":5936,"href":"https:\/\/www.konicaminolta.vn\/business\/wp-json\/wp\/v2\/pages\/5099\/revisions\/5936"}],"up":[{"embeddable":true,"href":"https:\/\/www.konicaminolta.vn\/business\/wp-json\/wp\/v2\/pages\/5093"}],"wp:attachment":[{"href":"https:\/\/www.konicaminolta.vn\/business\/wp-json\/wp\/v2\/media?parent=5099"}],"curies":[{"name":"wp","href":"https:\/\/api.w.org\/{rel}","templated":true}]}}