{"id":5100,"date":"2017-10-10T23:21:56","date_gmt":"2017-10-10T15:21:56","guid":{"rendered":"http:\/\/konicaminolta.me\/service\/infrastructure-management-services\/"},"modified":"2018-06-25T22:01:00","modified_gmt":"2018-06-25T15:01:00","slug":"infrastructure-management-services","status":"publish","type":"page","link":"https:\/\/www.konicaminolta.vn\/business\/service\/infrastructure-management-services\/","title":{"rendered":"D\u1ecbch v\u1ee5 qu\u1ea3n l\u00fd c\u01a1 s\u1edf h\u1ea1 t\u1ea7ng"},"content":{"rendered":"<div class=\"wpb-content-wrapper\"><p>[vc_row css=&#8221;.vc_custom_1513678123948{margin-top: -75px !important;}&#8221;][vc_column][rev_slider_vc alias=&#8221;ims_vi&#8221;][\/vc_column][\/vc_row][vc_row][vc_column][vc_empty_space height=&#8221;32&#8243;][\/vc_column][\/vc_row][vc_row][vc_column width=&#8221;2\/3&#8243;][vc_tta_tabs shape=&#8221;square&#8221; color=&#8221;white&#8221; spacing=&#8221;3&#8243; active_section=&#8221;1&#8243;][vc_tta_section title=&#8221;Gi\u1edbi thi\u1ec7u&#8221; tab_id=&#8221;1507655057331-376e15e5-1e5f&#8221;][vc_empty_space height=&#8221;32&#8243;][vc_column_text]<\/p>\n<p class=\"p1\" style=\"text-align: justify;\"><span class=\"s1\">C\u00e1c t\u1ed5 ch\u1ee9c hi\u1ec7n \u0111\u1ea1i ch\u00fa tr\u1ecdng \u0111\u1ebfn c\u00e1c c\u00f4ng ngh\u1ec7 kh\u00e1c nhau m\u00e0 h\u1ecd s\u1eed d\u1ee5ng \u0111\u1ec3 qu\u1ea3n l\u00fd hi\u1ec7u qu\u1ea3 m\u00f4i tr\u01b0\u1eddng l\u00e0m vi\u1ec7c c\u1ee7a h\u1ecd &#8211; bao g\u1ed3m m\u00e1y ch\u1ee7, m\u00e1y tr\u1ea1m, th\u00e0nh ph\u1ea7n m\u1ea1ng, trang web v\u00e0 k\u1ebft n\u1ed1i internet. Qu\u1ea3n l\u00fd c\u00e1c c\u01a1 s\u1edf h\u1ea1 t\u1ea7ng n\u00e0y c\u00f3 th\u1ec3 tr\u1edf th\u00e0nh m\u1ed9t g\u00e1nh n\u1eb7ng \u0111\u00e1ng k\u1ec3 &#8211; v\u00e0 n\u1ebfu b\u1ea5t k\u1ef3 c\u00f4ng ngh\u1ec7 n\u00e0o kh\u00f4ng th\u00e0nh c\u00f4ng, c\u00e1c t\u00e1c \u0111\u1ed9ng t\u00e0i ch\u00ednh c\u00f3 th\u1ec3 \u0111\u00e1ng k\u1ec3.<\/span><\/p>\n<p>[\/vc_column_text][vc_column_text]<\/p>\n<blockquote style=\"background-color: #ffffff;\">\n<p style=\"text-align: justify;\">D\u1ecbch v\u1ee5 qu\u1ea3n l\u00fd c\u01a1 s\u1edf h\u1ea1 t\u1ea7ng t\u1eeb Konica Minolta cho ph\u00e9p b\u1ea1n thu\u00ea ngo\u00e0i tr\u00e1ch nhi\u1ec7m qu\u1ea3n l\u00fd hi\u1ec7u qu\u1ea3 c\u01a1 s\u1edf h\u1ea1 t\u1ea7ng CNTT c\u1ea7n thi\u1ebft \u0111\u1ec3 \u0111i\u1ec1u h\u00e0nh doanh nghi\u1ec7p c\u1ee7a b\u1ea1n. \u0110i\u1ec1u n\u00e0y \u0111\u1ea1t \u0111\u01b0\u1ee3c th\u00f4ng qua vi\u1ec7c tri\u1ec3n khai m\u1ed9t d\u1ecbch v\u1ee5 \u0111\u01b0\u1ee3c qu\u1ea3n l\u00fd ho\u00e0n to\u00e0n, bao g\u1ed3m gi\u00e1m s\u00e1t t\u1eeb xa 24\/7, theo \u0111\u00f3 c\u00e1c v\u1ea5n \u0111\u1ec1 c\u00f3 th\u1ec3 \u0111\u01b0\u1ee3c ch\u1ee7 \u0111\u1ed9ng x\u00e1c \u0111\u1ecbnh v\u00e0 sau \u0111\u00f3 \u0111\u01b0\u1ee3c gi\u1ea3i quy\u1ebft b\u1edfi B\u00e0n D\u1ecbch v\u1ee5 Konica Minolta c\u1ee7a b\u1ea1n.<\/p>\n<\/blockquote>\n<p>[\/vc_column_text][vc_empty_space height=&#8221;32&#8243;][\/vc_tta_section][vc_tta_section title=&#8221;\u01afu \u0111i\u1ec3m&#8221; tab_id=&#8221;1507655057384-2cbe6465-d9af&#8221;][vc_empty_space height=&#8221;32&#8243;][vc_column_text]<\/p>\n<p class=\"p1\"><strong><span class=\"s1\">C\u00c1C \u01afU \u0110I\u1ec2M<\/span><\/strong><\/p>\n<ul>\n<li class=\"p1\"><span class=\"s1\">T\u1eadp trung v\u00e0o c\u00e1c nhi\u1ec7m v\u1ee5 c\u1ed1t l\u00f5i c\u1ee7a b\u1ea1n v\u00e0 \u0111\u1ec3 l\u1ea1i vi\u1ec7c gi\u00e1m s\u00e1t v\u00e0 qu\u1ea3n l\u00fd m\u00e1y ch\u1ee7 v\u00e0 c\u01a1 s\u1edf h\u1ea1 t\u1ea7ng m\u1ea1ng c\u1ee7a b\u1ea1n cho ch\u00fang t\u00f4i<\/span><\/li>\n<li class=\"p1\"><span class=\"s1\">T\u0103ng hi\u1ec7u qu\u1ea3 t\u1ed5ng th\u1ec3 c\u1ee7a b\u1ea1n v\u1edbi c\u01a1 s\u1edf h\u1ea1 t\u1ea7ng CNTT c\u00f3 k\u00edch th\u01b0\u1edbc ph\u00f9 h\u1ee3p<\/span><\/li>\n<li class=\"p1\">\u0110\u00e1p \u1ee9ng t\u1ea5t c\u1ea3 c\u00e1c y\u00eau c\u1ea7u CNTT hi\u1ec7n t\u1ea1i v\u00e0 t\u01b0\u01a1ng lai<\/li>\n<li class=\"p1\">T\u1ed1i \u01b0u h\u00f3a kh\u1ea3 n\u0103ng th\u00edch \u1ee9ng v\u1edbi thay \u0111\u1ed5i kinh doanh c\u1ee7a b\u1ea1n<\/li>\n<li class=\"p1\">Gi\u1eef chi ph\u00ed v\u1eadn h\u00e0nh CNTT c\u1ee7a b\u1ea1n trong ki\u1ec3m tra<\/li>\n<li class=\"p1\">Cho ph\u00e9p b\u1ed9 ph\u1eadn CNTT c\u1ee7a b\u1ea1n t\u1eadp trung v\u00e0o kinh doanh nh\u01b0 th\u01b0\u1eddng l\u1ec7<\/li>\n<li class=\"p1\">Gi\u1ea3m thi\u1ec3u th\u1eddi gian ch\u1ebft cho t\u1ea5t c\u1ea3 c\u00e1c \u1ee9ng d\u1ee5ng Konica Minolta c\u1ee7a b\u1ea1n<\/li>\n<li class=\"p1\">Nh\u1eadn th\u00f4ng tin c\u1eadp nh\u1eadt v\u00e0 n\u00e2ng c\u1ea5p ngay l\u1eadp t\u1ee9c v\u00e0 kh\u00f4ng phi\u1ec1n ph\u1ee9c. Nh\u1eadn chuy\u00ean m\u00f4n h\u00e0ng \u0111\u1ea7u th\u1ecb tr\u01b0\u1eddng t\u1eeb c\u00e1c chuy\u00ean gia t\u01b0 v\u1ea5n c\u1ee7a ch\u00fang t\u00f4i l\u00e0m vi\u1ec7c trong tay v\u1edbi c\u00e1c nh\u00f3m chuy\u00ean gia c\u1ee7a b\u1ea1n. T\u1eadn h\u01b0\u1edfng d\u1ecbch v\u1ee5 to\u00e0n di\u1ec7n to\u00e0n di\u1ec7n t\u1eeb m\u1ed9t nh\u00e0 cung c\u1ea5p d\u1ecbch v\u1ee5 c\u00f3 th\u1ea9m quy\u1ec1n duy nh\u1ea5t<\/li>\n<\/ul>\n<p>[\/vc_column_text][vc_empty_space height=&#8221;32&#8243;][\/vc_tta_section][\/vc_tta_tabs][\/vc_column][vc_column width=&#8221;1\/3&#8243;][vc_widget_sidebar sidebar_id=&#8221;consulting-left-sidebar&#8221;][\/vc_column][\/vc_row][vc_row disable_element=&#8221;yes&#8221;][vc_column][vc_row_inner][vc_column_inner width=&#8221;1\/4&#8243;][vc_wp_custommenu nav_menu=&#8221;136&#8243;][\/vc_column_inner][vc_column_inner width=&#8221;1\/2&#8243;][vc_single_image image=&#8221;3777&#8243; img_size=&#8221;full&#8221;][\/vc_column_inner][vc_column_inner width=&#8221;1\/4&#8243;][vc_widget_sidebar sidebar_id=&#8221;consulting-left-sidebar&#8221;][\/vc_column_inner][\/vc_row_inner][vc_empty_space height=&#8221;32&#8243;][\/vc_column][\/vc_row]<\/p>\n<\/div>","protected":false},"excerpt":{"rendered":"<p>[vc_row css=&#8221;.vc_custom_1513678123948{margin-top: -75px !important;}&#8221;][vc_column][rev_slider_vc alias=&#8221;ims_vi&#8221;][\/vc_column][\/vc_row][vc_row][vc_column][vc_empty_space height=&#8221;32&#8243;][\/vc_column][\/vc_row][vc_row][vc_column width=&#8221;2\/3&#8243;][vc_tta_tabs shape=&#8221;square&#8221; color=&#8221;white&#8221; spacing=&#8221;3&#8243; active_section=&#8221;1&#8243;][vc_tta_section title=&#8221;Gi\u1edbi thi\u1ec7u&#8221; tab_id=&#8221;1507655057331-376e15e5-1e5f&#8221;][vc_empty_space height=&#8221;32&#8243;][vc_column_text] C\u00e1c t\u1ed5 ch\u1ee9c hi\u1ec7n \u0111\u1ea1i ch\u00fa tr\u1ecdng \u0111\u1ebfn c\u00e1c c\u00f4ng ngh\u1ec7 kh\u00e1c nhau m\u00e0 h\u1ecd s\u1eed d\u1ee5ng \u0111\u1ec3 qu\u1ea3n l\u00fd hi\u1ec7u qu\u1ea3 m\u00f4i tr\u01b0\u1eddng l\u00e0m vi\u1ec7c c\u1ee7a h\u1ecd &#8211; bao g\u1ed3m m\u00e1y ch\u1ee7, m\u00e1y tr\u1ea1m, th\u00e0nh ph\u1ea7n m\u1ea1ng, trang web<\/p>\n","protected":false},"author":1,"featured_media":0,"parent":5093,"menu_order":0,"comment_status":"closed","ping_status":"closed","template":"","meta":{"footnotes":""},"class_list":["post-5100","page","type-page","status-publish","hentry"],"_links":{"self":[{"href":"https:\/\/www.konicaminolta.vn\/business\/wp-json\/wp\/v2\/pages\/5100","targetHints":{"allow":["GET"]}}],"collection":[{"href":"https:\/\/www.konicaminolta.vn\/business\/wp-json\/wp\/v2\/pages"}],"about":[{"href":"https:\/\/www.konicaminolta.vn\/business\/wp-json\/wp\/v2\/types\/page"}],"author":[{"embeddable":true,"href":"https:\/\/www.konicaminolta.vn\/business\/wp-json\/wp\/v2\/users\/1"}],"replies":[{"embeddable":true,"href":"https:\/\/www.konicaminolta.vn\/business\/wp-json\/wp\/v2\/comments?post=5100"}],"version-history":[{"count":4,"href":"https:\/\/www.konicaminolta.vn\/business\/wp-json\/wp\/v2\/pages\/5100\/revisions"}],"predecessor-version":[{"id":5409,"href":"https:\/\/www.konicaminolta.vn\/business\/wp-json\/wp\/v2\/pages\/5100\/revisions\/5409"}],"up":[{"embeddable":true,"href":"https:\/\/www.konicaminolta.vn\/business\/wp-json\/wp\/v2\/pages\/5093"}],"wp:attachment":[{"href":"https:\/\/www.konicaminolta.vn\/business\/wp-json\/wp\/v2\/media?parent=5100"}],"curies":[{"name":"wp","href":"https:\/\/api.w.org\/{rel}","templated":true}]}}