{"id":5101,"date":"2017-07-17T16:41:43","date_gmt":"2017-07-17T08:41:43","guid":{"rendered":"http:\/\/konicaminolta.me\/service\/mcs\/"},"modified":"2019-06-12T12:19:09","modified_gmt":"2019-06-12T05:19:09","slug":"mcs","status":"publish","type":"page","link":"https:\/\/www.konicaminolta.vn\/business\/service\/mcs\/","title":{"rendered":"D\u1ecbch v\u1ee5 qu\u1ea3n l\u00fd n\u1ed9i dung"},"content":{"rendered":"<div class=\"wpb-content-wrapper\"><p>[vc_row css=&#8221;.vc_custom_1511255800822{margin-top: -75px !important;}&#8221;][vc_column width=&#8221;1\/2&#8243;][rev_slider_vc alias=&#8221;mcs_vi&#8221;][\/vc_column][vc_column width=&#8221;1\/2&#8243;][\/vc_column][\/vc_row][vc_row][vc_column][vc_empty_space height=&#8221;15px&#8221;][\/vc_column][\/vc_row][vc_row full_width=&#8221;stretch_row&#8221;][vc_column width=&#8221;2\/3&#8243;][vc_tta_tabs shape=&#8221;square&#8221; color=&#8221;white&#8221; spacing=&#8221;3&#8243; active_section=&#8221;1&#8243; pagination_style=&#8221;outline-square&#8221; pagination_color=&#8221;white&#8221;][vc_tta_section title=&#8221;Gi\u1edbi thi\u1ec7u &#8221; tab_id=&#8221;1498066910571-031a6d46-cdde7bd8-b542d72d-65ee083e-a85f&#8221;][vc_empty_space][vc_row_inner][vc_column_inner width=&#8221;1\/2&#8243;][vc_column_text css_animation=&#8221;fadeInLeft&#8221;]<\/p>\n<h4 style=\"text-align: justify;\"><strong>\u0110\u1ea3m b\u1ea3o s\u1eed d\u1ee5ng hi\u1ec7u qu\u1ea3 nhi\u1ec1u n\u1ed9i dung v\u1edbi D\u1ecbch v\u1ee5 n\u1ed9i dung \u0111\u01b0\u1ee3c qu\u1ea3n l\u00fd (MCS)<\/strong><\/h4>\n<p style=\"text-align: justify;\">Konica Minolta \u0111\u00e3 tri\u1ec3n khai D\u1ecbch v\u1ee5 n\u1ed9i dung \u0111\u01b0\u1ee3c qu\u1ea3n l\u00fd (MCS) tr\u00ean to\u00e0n c\u1ea7u \u0111\u1ec3 cho ph\u00e9p c\u00e1c c\u00f4ng ty s\u1eed d\u1ee5ng hi\u1ec7u qu\u1ea3 h\u01a1n n\u1ed9i dung ng\u00e0y c\u00e0ng m\u1edf r\u1ed9ng c\u1ee7a h\u1ecd.<\/p>\n<p style=\"text-align: justify;\">MCS l\u00e0 d\u1ecbch v\u1ee5 m\u1ed9t c\u1eeda cung c\u1ea5p c\u00e1c \u0111\u1ec1 xu\u1ea5t d\u1ef1a tr\u00ean t\u01b0 v\u1ea5n \u0111\u1ec3 c\u1ea3i thi\u1ec7n hi\u1ec7u qu\u1ea3 c\u00f4ng vi\u1ec7c c\u00f9ng v\u1edbi ph\u1ea7n m\u1ec1m \u0111\u1ed9c quy\u1ec1n cho qu\u1ea3n l\u00fd n\u1ed9i dung, MFP cho \u0111\u1ea7u v\u00e0o v\u00e0 \u0111\u1ea7u ra d\u1eef li\u1ec7u v\u00e0 d\u1ecbch v\u1ee5 s\u1ed1 h\u00f3a t\u00e0i li\u1ec7u.<\/p>\n<p style=\"text-align: justify;\">N\u00f3 cho ph\u00e9p qu\u1ea3n l\u00fd t\u1eadp trung m\u1ed9t kh\u1ed1i l\u01b0\u1ee3ng n\u1ed9i dung kh\u1ed5ng l\u1ed3 v\u00e0 \u0111a d\u1ea1ng nh\u01b0 d\u1eef li\u1ec7u \u0111i\u1ec7n t\u1eed, cho ph\u00e9p kh\u00e1ch h\u00e0ng s\u1eed d\u1ee5ng n\u00f3 hi\u1ec7u qu\u1ea3 h\u01a1n. D\u1ecbch v\u1ee5 n\u00e0y gi\u00fap n\u00e2ng cao hi\u1ec7u qu\u1ea3 v\u00e0 g\u00f3p ph\u1ea7n gi\u1ea3m chi ph\u00ed v\u00e0 gi\u1ea3m t\u00e1c \u0111\u1ed9ng m\u00f4i tr\u01b0\u1eddng, \u0111\u1ed3ng th\u1eddi t\u0103ng c\u01b0\u1eddng t\u00ednh li\u00ean t\u1ee5c v\u1ec1 an ninh v\u00e0 kinh doanh.<\/p>\n<p>[\/vc_column_text][vc_empty_space][\/vc_column_inner][vc_column_inner width=&#8221;1\/2&#8243;][vc_single_image image=&#8221;2081&#8243; img_size=&#8221;full&#8221; alignment=&#8221;center&#8221; onclick=&#8221;link_image&#8221; css_animation=&#8221;fadeInRight&#8221;][\/vc_column_inner][\/vc_row_inner][\/vc_tta_section][vc_tta_section title=&#8221;Nghi\u00ean c\u1ee9u \u0111i\u1ec3n h\u00ecnh&#8221; tab_id=&#8221;1498066939920-e3c0d1df-43057bd8-b542d72d-65ee083e-a85f&#8221;][vc_row_inner][vc_column_inner][vc_empty_space][vc_column_text]<\/p>\n<h4><strong>N\u00e2ng cao hi\u1ec7u qu\u1ea3 qu\u1ea3n l\u00fd t\u00e0i li\u1ec7u cho m\u1ed9t c\u00f4ng ty b\u1ea5t \u0111\u1ed9ng s\u1ea3n<\/strong><\/h4>\n<p>[\/vc_column_text][\/vc_column_inner][\/vc_row_inner][vc_row_inner][vc_column_inner width=&#8221;1\/2&#8243;][vc_column_text css_animation=&#8221;fadeInLeft&#8221;]<\/p>\n<h5><strong>S\u1ee9 m\u1ec7nh<\/strong><\/h5>\n<p style=\"text-align: justify;\">C\u00e1c d\u1ecbch v\u1ee5 b\u1ea5t \u0111\u1ed9ng s\u1ea3n \u0111\u1ed1i ph\u00f3 v\u1edbi nhi\u1ec1u lo\u1ea1i v\u1eadt li\u1ec7u kh\u00e1c nhau t\u1eeb h\u1ee3p \u0111\u1ed3ng \u0111\u1ebfn s\u01a1 \u0111\u1ed3 t\u1ea7ng v\u00e0 c\u00e1c b\u1ee9c \u1ea3nh v\u1ec1 t\u00e0i s\u1ea3n. Trong khi c\u00e1c c\u00f4ng ty b\u1ea5t \u0111\u1ed9ng s\u1ea3n th\u01b0\u1eddng s\u1eed d\u1ee5ng c\u00e1c h\u1ec7 th\u1ed1ng qu\u1ea3n l\u00fd t\u1eadp trung \u0111\u1ec3 x\u1eed l\u00fd t\u1eebng giai \u0111o\u1ea1n c\u1ee7a qu\u00e1 tr\u00ecnh &#8211; t\u1eeb vi\u1ec7c hi\u1ec3n th\u1ecb t\u00e0i s\u1ea3n cho thu\u00ea, k\u00fd h\u1ee3p \u0111\u1ed3ng v\u00e0 b\u1ea3o tr\u00ec t\u00e0i s\u1ea3n \u0111\u1ebfn giai \u0111o\u1ea1n cu\u1ed1i c\u00f9ng c\u1ee7a h\u1ee3p \u0111\u1ed3ng ch\u1ea5m d\u1ee9t &#8211; h\u1ecd ph\u1ea3i nh\u1eadp d\u1eef li\u1ec7u nh\u1ea5t \u0111\u1ecbnh t\u1eeb c\u00e1c t\u00e0i li\u1ec7u ri\u00eang l\u1ebb v\u00e0o h\u1ec7 th\u1ed1ng th\u1ee7 c\u00f4ng; m\u1ed9t b\u01b0\u1edbc t\u1ed1n th\u1eddi gian v\u00e0 t\u1ed1n k\u00e9m. Do \u0111\u00f3, h\u1ecd \u0111ang t\u00ecm ki\u1ebfm nh\u1eefng c\u1ea3i ti\u1ebfn v\u1ec1 hi\u1ec7u qu\u1ea3.<\/p>\n<p>[\/vc_column_text][vc_empty_space][vc_separator][vc_single_image image=&#8221;2083&#8243; img_size=&#8221;full&#8221;][\/vc_column_inner][vc_column_inner width=&#8221;1\/2&#8243;][vc_column_text css_animation=&#8221;fadeInRight&#8221;]<\/p>\n<h5 style=\"text-align: justify;\"><strong>Ca\u0341ch gia\u0309i quy\u00ea\u0341t<br \/>\n<\/strong><\/h5>\n<p style=\"text-align: justify;\">Konica Minolta cung c\u1ea5p c\u00e1c c\u00f4ng ty b\u1ea5t \u0111\u1ed9ng s\u1ea3n ManagedContent Services (MCS), m\u1ed9t gi\u1ea3i ph\u00e1p qu\u1ea3n l\u00fd n\u1ed9i dung cho c\u00e1c v\u1ea5n \u0111\u1ec1 hi\u1ec7u qu\u1ea3.V\u00ed d\u1ee5, ch\u00fang t\u00f4i khuy\u00ean b\u1ea1n n\u00ean s\u1eed d\u1ee5ng m\u1ed9t OCR * zonal khi qu\u00e9t t\u00e0i li\u1ec7u b\u1eb1ng MFP. \u0110i\u1ec1u n\u00e0y cho ph\u00e9p khai th\u00e1c t\u1ef1 \u0111\u1ed9ng th\u00f4ng tin b\u1eaft bu\u1ed9c trong c\u00e1c t\u00e0i li\u1ec7u, ch\u1eb3ng h\u1ea1n nh\u01b0 s\u1ed1 h\u1ee3p \u0111\u1ed3ng ho\u1eb7c \u0111\u1ecba ch\u1ec9 c\u1ee7a thu\u1ed9c t\u00ednh. Sau \u0111\u00f3, t\u1ea5t c\u1ea3 c\u00e1c nh\u00e0 khai th\u00e1c ph\u1ea3i l\u00e0m l\u00e0 ki\u1ec3m tra t\u00ednh ch\u00ednh x\u00e1c tr\u01b0\u1edbc khi th\u00f4ng tin \u0111\u01b0\u1ee3c th\u00eam v\u00e0o c\u01a1 s\u1edf d\u1eef li\u1ec7u, lo\u1ea1i b\u1ecf s\u1ef1 c\u1ea7n thi\u1ebft ph\u1ea3i t\u1ef1 nh\u1eadp th\u00f4ng tin t\u1eeb c\u00e1c t\u00e0i li\u1ec7u v\u00e0 n\u00e2ng cao hi\u1ec7u qu\u1ea3. Gi\u1ea3i ph\u00e1p n\u00e0y c\u0169ng kh\u00f4ng ch\u1ec9 li\u00ean k\u1ebft th\u00f4ng tin v\u0103n b\u1ea3n m\u00e0 c\u00f2n ch\u1eb3ng h\u1ea1n nh\u01b0 s\u01a1 \u0111\u1ed3 m\u1eb7t b\u1eb1ng, b\u1ea3n \u0111\u1ed3 v\u00e0 \u1ea3nh trong c\u01a1 s\u1edf d\u1eef li\u1ec7u, cho ph\u00e9p s\u1eed d\u1ee5ng m\u1ea1ng \u0111\u1ec3 ho\u00e0n th\u00e0nh to\u00e0n b\u1ed9 quy tr\u00ecnh l\u00e0m vi\u1ec7c: ph\u00ea duy\u1ec7t t\u00e0i li\u1ec7u, c\u1eadp nh\u1eadt, chu\u1ea9n b\u1ecb v\u00e0 in. \u0110i\u1ec1u n\u00e0y c\u00f3 ngh\u0129a, v\u00ed d\u1ee5, c\u00e1c c\u00f4ng ty b\u1ea5t \u0111\u1ed9ng s\u1ea3n c\u00f3 th\u1ec3 tr\u00edch xu\u1ea5t c\u00e1c t\u00e0i s\u1ea3n cho thu\u00ea c\u00f3 ng\u00e0y h\u1ebft h\u1ea1n h\u1ee3p \u0111\u1ed3ng \u0111ang \u0111\u1ebfn g\u1ea7n v\u00e0 t\u1ef1 \u0111\u1ed9ng chu\u1ea9n b\u1ecb c\u00e1c t\u00e0i li\u1ec7u c\u1ea7n thi\u1ebft \u0111\u1ec3 gia h\u1ea1n; ho\u1eb7c, h\u1ecd c\u00f3 th\u1ec3 thu th\u1eadp th\u00f4ng tin c\u1ee5 th\u1ec3 v\u1ec1 c\u00e1c t\u00e0i s\u1ea3n cho thu\u00ea \u0111\u00f3 \u0111\u00e1p \u1ee9ng c\u00e1c y\u00eau c\u1ea7u c\u1ee7a ng\u01b0\u1eddi thu\u00ea nh\u00e0 ti\u1ec1m n\u0103ng. Gi\u1ea3i ph\u00e1p n\u00e0y gi\u00fap kh\u00e1ch h\u00e0ng c\u1ee7a ch\u00fang t\u00f4i c\u1ea3i thi\u1ec7n hi\u1ec7u qu\u1ea3 c\u00f4ng vi\u1ec7c c\u1ee7a h\u1ecd theo nhi\u1ec1u c\u00e1ch kh\u00e1c nhau.<\/p>\n<p style=\"text-align: justify;\">* OCR (Optical Character Reader): M\u1ed9t c\u00f4ng ngh\u1ec7 \u0111\u1ec3 \u0111\u1ecdc quang h\u1ecdc c\u00e1c k\u00fd t\u1ef1 in v\u00e0 t\u1ef1 \u0111\u1ed9ng chuy\u1ec3n \u0111\u1ed5i ch\u00fang th\u00e0nh d\u1eef li\u1ec7u<\/p>\n<p>[\/vc_column_text][\/vc_column_inner][\/vc_row_inner][\/vc_tta_section][vc_tta_section title=&#8221;T\u00e0i li\u1ec7u&#8221; tab_id=&#8221;1498066910623-b21e9775-9bf87bd8-b542d72d-65ee083e-a85f&#8221;][vc_row_inner][vc_column_inner][vc_empty_space][\/vc_column_inner][\/vc_row_inner][vc_row_inner content_placement=&#8221;middle&#8221;][vc_column_inner width=&#8221;1\/4&#8243;][vc_single_image image=&#8221;2084&#8243; img_size=&#8221;full&#8221;][\/vc_column_inner][vc_column_inner width=&#8221;3\/4&#8243;][vc_column_text css_animation=&#8221;fadeInRight&#8221;]<\/p>\n<p style=\"text-align: justify;\">V\u1edbi s\u1ef1 t\u0103ng tr\u01b0\u1edfng theo h\u00e0m m\u0169 c\u1ee7a n\u1ed9i dung kinh doanh, m\u1ed9t trong nh\u1eefng th\u00e1ch th\u1ee9c l\u1edbn m\u00e0 doanh nghi\u1ec7p ph\u1ea3i \u0111\u1ed1i m\u1eb7t trong c\u00e1c ng\u00e0nh l\u00e0 qu\u1ea3n l\u00fd v\u00e0 s\u1eed d\u1ee5ng n\u1ed9i dung kinh doanh. Th\u00f4ng th\u01b0\u1eddng, c\u00e1c t\u00e0i li\u1ec7u \u0111\u1ebfn d\u01b0\u1edbi d\u1ea1ng b\u1ea3n in v\u00e0 \u0111\u1ecbnh d\u1ea1ng \u0111i\u1ec7n t\u1eed v\u00e0 t\u1eeb c\u00e1c v\u1ecb tr\u00ed ph\u00e2n t\u00e1n. N\u1ed9i dung kh\u00f4ng c\u00f3 c\u1ea5u tr\u00fac v\u00e0 l\u01b0u tr\u1eef kh\u00f4ng \u0111\u01b0\u1ee3c t\u1ed5 ch\u1ee9c c\u00f3 th\u1ec3 d\u1eabn \u0111\u1ebfn s\u1ef1 thi\u1ebfu hi\u1ec7u qu\u1ea3 v\u00e0 kh\u00f4ng hi\u1ec7u qu\u1ea3.<\/p>\n<p style=\"text-align: justify;\">MCS l\u00e0 d\u1ecbch v\u1ee5 m\u1ed9t c\u1eeda cung c\u1ea5p c\u00e1c \u0111\u1ec1 xu\u1ea5t d\u1ef1a tr\u00ean t\u01b0 v\u1ea5n nh\u1eb1m c\u1ea3i thi\u1ec7n hi\u1ec7u qu\u1ea3 l\u00e0m vi\u1ec7c c\u00f9ng v\u1edbi ph\u1ea7n m\u1ec1m \u0111\u1ed9c quy\u1ec1n cho qu\u1ea3n l\u00fd n\u1ed9i dung, MFP cho \u0111\u1ea7u v\u00e0o v\u00e0 \u0111\u1ea7u ra d\u1eef li\u1ec7u v\u00e0 d\u1ecbch v\u1ee5 s\u1ed1 h\u00f3a t\u00e0i li\u1ec7u.<\/p>\n<p><i>\u25ba<\/i> <a href=\"https:\/\/www.konicaminolta.vn\/business\/wp-content\/uploads\/2017\/10\/managed-content-services.pdf\" target=\"_blank\" rel=\"noopener noreferrer\">T\u1ea3i xu\u1ed1ng brochure D\u1ecbch v\u1ee5 n\u1ed9i dung \u0111\u01b0\u1ee3c qu\u1ea3n l\u00fd<\/a>[\/vc_column_text][\/vc_column_inner][\/vc_row_inner][\/vc_tta_section][vc_tta_section title=&#8221;Video&#8221; tab_id=&#8221;1498066977504-9af86552-9f657bd8-b542d72d-65ee083e-a85f&#8221;][vc_empty_space][vc_row_inner][vc_column_inner width=&#8221;1\/4&#8243;][\/vc_column_inner][vc_column_inner width=&#8221;1\/2&#8243;][vc_column_text]<\/p>\n<h4><strong>D\u1ecbch v\u1ee5 n\u1ed9i dung \u0111\u01b0\u1ee3c qu\u1ea3n l\u00fd Konica Minolta<\/strong><\/h4>\n<p>[\/vc_column_text][vc_column_text]<iframe loading=\"lazy\" src=\"https:\/\/www.youtube.com\/embed\/8xA6AYwcfao?rel=0\" width=\"100%\" height=\"295\" frameborder=\"0\" allowfullscreen=\"allowfullscreen\"><\/iframe>[\/vc_column_text][vc_empty_space height=&#8221;20px&#8221;][\/vc_column_inner][vc_column_inner width=&#8221;1\/4&#8243;][\/vc_column_inner][\/vc_row_inner][\/vc_tta_section][\/vc_tta_tabs][vc_empty_space][\/vc_column][vc_column width=&#8221;1\/3&#8243;][vc_widget_sidebar sidebar_id=&#8221;consulting-left-sidebar&#8221;][\/vc_column][\/vc_row][vc_row disable_element=&#8221;yes&#8221;][vc_column][vc_empty_space height=&#8221;15px&#8221;][vc_row_inner][vc_column_inner width=&#8221;1\/4&#8243;][vc_wp_custommenu nav_menu=&#8221;136&#8243;][\/vc_column_inner][vc_column_inner width=&#8221;1\/2&#8243;][vc_single_image image=&#8221;2080&#8243; img_size=&#8221;full&#8221; alignment=&#8221;center&#8221;][\/vc_column_inner][vc_column_inner width=&#8221;1\/4&#8243;][vc_widget_sidebar sidebar_id=&#8221;consulting-left-sidebar&#8221;][\/vc_column_inner][\/vc_row_inner][vc_empty_space height=&#8221;15px&#8221;][\/vc_column][\/vc_row][vc_row full_width=&#8221;stretch_row_content&#8221; equal_height=&#8221;yes&#8221; disable_element=&#8221;yes&#8221; css=&#8221;.vc_custom_1511767385999{background-image: url(https:\/\/www.konicaminolta.vn\/business\/wp-content\/uploads\/2017\/07\/40953552_ml.jpg?id=4394) !important;}&#8221;][vc_column width=&#8221;3\/4&#8243; css=&#8221;.vc_custom_1511359022733{margin-left: -20px !important;}&#8221;][vc_tta_tour style=&#8221;modern&#8221; shape=&#8221;square&#8221; spacing=&#8221;&#8221; controls_size=&#8221;md&#8221; active_section=&#8221;1&#8243;][vc_tta_section title=&#8221;Introduction&#8221; tab_id=&#8221;1511336530049-5a2003f3-e4f8&#8243;][vc_empty_space][vc_single_image image=&#8221;2081&#8243; img_size=&#8221;full&#8221; alignment=&#8221;center&#8221; onclick=&#8221;link_image&#8221; css_animation=&#8221;fadeInRight&#8221;][vc_column_text css_animation=&#8221;fadeInLeft&#8221;]<\/p>\n<h4 style=\"text-align: justify;\"><strong>Ensuring Effective use of a wide variety of contents with Managed Content Services (MCS)<\/strong><\/h4>\n<p style=\"text-align: justify;\">Konica Minolta has launched Managed Content Services\u00a0(MCS) globally to allow companies more effective use of\u00a0their ever-expanding content.<\/p>\n<p style=\"text-align: justify;\">MCS is a one-stop service that offers consultation-based\u00a0suggestions for improving work efficiency along with\u00a0exclusive software for content management, MFPs for\u00a0data input and output, and document digitization service.<\/p>\n<p style=\"text-align: justify;\">It allows centralised management of a huge and varied\u00a0volume of content such as electronic data, enabling\u00a0customers to use it more effectively. This service helps to\u00a0enhance efficiency and contributes to cost and\u00a0environmental impact reduction, while strengthening\u00a0security and business continuity.<\/p>\n<p>[\/vc_column_text][\/vc_tta_section][vc_tta_section title=&#8221;Case Study&#8221; tab_id=&#8221;1511336530123-36f20b0f-2c3d&#8221;][vc_row_inner][vc_column_inner][vc_empty_space][vc_column_text]<\/p>\n<h4><strong>Enhancing document management efficiency for a real estate company<\/strong><\/h4>\n<p>[\/vc_column_text][\/vc_column_inner][\/vc_row_inner][vc_row_inner][vc_column_inner width=&#8221;1\/2&#8243;][vc_column_text css_animation=&#8221;fadeInLeft&#8221;]<\/p>\n<h5><strong>Mission<\/strong><\/h5>\n<p style=\"text-align: justify;\">Real estate services deal with a wide variety of materials from contracts to floor plans and photographs of properties. While real estate companies usually employ centralized management systems to handle each stage of the process \u2014 from the showing of rental properties, contract signing, and property maintenance to the final stage of contract termination \u2014 they have to enter certain data from the individual documents into the system manually; an overly time-consuming and costly step. Therefore, they are looking for improvements in efficiency.<\/p>\n<p>[\/vc_column_text][vc_empty_space][vc_separator][vc_single_image image=&#8221;2083&#8243; img_size=&#8221;full&#8221;][\/vc_column_inner][vc_column_inner width=&#8221;1\/2&#8243;][vc_column_text css_animation=&#8221;fadeInRight&#8221;]<\/p>\n<h5 style=\"text-align: justify;\"><strong>Solution<\/strong><\/h5>\n<p style=\"text-align: justify;\">Konica Minolta offers real estate companies ManagedContent Services (MCS), a content management solution for efficiency problems.For example, we recommend the use of a zonal OCR* when scanning documents with an MFP. This enables the automatic mining of required information in the documents, such as contract numbers or addresses of the properties. Then, all the operators have to do is check for accuracy before the information is added to the database, eliminating the need to manually input the information from the documents and greatly enhancing efficiency.This solution also links up not only text information but also image data such as floor plans, maps and photographs in the database, allowing use of the network to complete the entire workflow: document approval, updating, preparation and printing. This means, for example, that real estate companies can extract the rental properties whose contract expiration dates are approaching and automatically prepare the documents needed for renewal; or, they can collect information specifically on those rental properties that meet the requirements of a prospective tenant. This solution helps our customers improve their workflow efficiency in various ways.<\/p>\n<p style=\"text-align: justify;\">*OCR (Optical Character Reader): A technology to optically read printed characters and automatically convert them into data<\/p>\n<p>[\/vc_column_text][\/vc_column_inner][\/vc_row_inner][\/vc_tta_section][vc_tta_section title=&#8221;Brochure&#8221; tab_id=&#8221;1511336574858-38c1d661-c424&#8243;][vc_empty_space][vc_row_inner content_placement=&#8221;middle&#8221;][vc_column_inner width=&#8221;1\/4&#8243;][vc_single_image image=&#8221;2084&#8243; img_size=&#8221;full&#8221;][\/vc_column_inner][vc_column_inner width=&#8221;3\/4&#8243;][vc_column_text css_animation=&#8221;fadeInRight&#8221;]<\/p>\n<p style=\"text-align: justify;\">With the exponential growth of business content, one of\u00a0the major challenges faced by businesses across\u00a0industries is the management and utilisation of business\u00a0content. Oftentimes, the documents come in the form of\u00a0hard copy and electronic format and from dispersed\u00a0locations. The unstructured content and disorganised\u00a0storage may result in inefficiency and unproductivity.<\/p>\n<p style=\"text-align: justify;\">MCS is a one-stop service that offers consultation-based suggestions for\u00a0improving work efficiency along with\u00a0exclusive software for content\u00a0management, MFPs for data input\u00a0and output, and document\u00a0digitisation service.<\/p>\n<p><i>\u25ba<\/i> <a href=\"https:\/\/www.konicaminolta.vn\/business\/wp-content\/uploads\/2017\/10\/managed-content-services.pdf\" target=\"_blank\" rel=\"noopener noreferrer\">Download Managed Content\u00a0Services brochure<\/a>[\/vc_column_text][\/vc_column_inner][\/vc_row_inner][\/vc_tta_section][vc_tta_section title=&#8221;Video&#8221; tab_id=&#8221;1511337434617-9b3f4254-af76&#8243;][vc_empty_space][vc_row_inner][vc_column_inner width=&#8221;1\/4&#8243;][\/vc_column_inner][vc_column_inner width=&#8221;1\/2&#8243;][vc_column_text]<\/p>\n<h4><strong>Konica Minolta Managed Content Services<\/strong><\/h4>\n<p>[\/vc_column_text][vc_column_text]<iframe loading=\"lazy\" src=\"https:\/\/www.youtube.com\/embed\/8xA6AYwcfao?rel=0\" width=\"100%\" height=\"295\" frameborder=\"0\" allowfullscreen=\"allowfullscreen\"><\/iframe>[\/vc_column_text][vc_empty_space height=&#8221;20px&#8221;][\/vc_column_inner][vc_column_inner width=&#8221;1\/4&#8243;][\/vc_column_inner][\/vc_row_inner][\/vc_tta_section][\/vc_tta_tour][vc_empty_space height=&#8221;5px&#8221;][\/vc_column][vc_column width=&#8221;1\/4&#8243;][\/vc_column][\/vc_row]<\/p>\n<\/div>","protected":false},"excerpt":{"rendered":"<p>[vc_row css=&#8221;.vc_custom_1511255800822{margin-top: -75px !important;}&#8221;][vc_column width=&#8221;1\/2&#8243;][rev_slider_vc alias=&#8221;mcs_vi&#8221;][\/vc_column][vc_column width=&#8221;1\/2&#8243;][\/vc_column][\/vc_row][vc_row][vc_column][vc_empty_space height=&#8221;15px&#8221;][\/vc_column][\/vc_row][vc_row full_width=&#8221;stretch_row&#8221;][vc_column width=&#8221;2\/3&#8243;][vc_tta_tabs shape=&#8221;square&#8221; color=&#8221;white&#8221; spacing=&#8221;3&#8243; active_section=&#8221;1&#8243; pagination_style=&#8221;outline-square&#8221; pagination_color=&#8221;white&#8221;][vc_tta_section title=&#8221;Gi\u1edbi thi\u1ec7u &#8221; tab_id=&#8221;1498066910571-031a6d46-cdde7bd8-b542d72d-65ee083e-a85f&#8221;][vc_empty_space][vc_row_inner][vc_column_inner width=&#8221;1\/2&#8243;][vc_column_text css_animation=&#8221;fadeInLeft&#8221;] \u0110\u1ea3m b\u1ea3o s\u1eed d\u1ee5ng hi\u1ec7u qu\u1ea3 nhi\u1ec1u n\u1ed9i dung v\u1edbi D\u1ecbch v\u1ee5 n\u1ed9i dung \u0111\u01b0\u1ee3c qu\u1ea3n l\u00fd (MCS) Konica Minolta \u0111\u00e3 tri\u1ec3n khai D\u1ecbch v\u1ee5 n\u1ed9i dung \u0111\u01b0\u1ee3c qu\u1ea3n l\u00fd (MCS) tr\u00ean to\u00e0n<\/p>\n","protected":false},"author":1,"featured_media":0,"parent":5093,"menu_order":0,"comment_status":"closed","ping_status":"closed","template":"","meta":{"footnotes":""},"class_list":["post-5101","page","type-page","status-publish","hentry"],"_links":{"self":[{"href":"https:\/\/www.konicaminolta.vn\/business\/wp-json\/wp\/v2\/pages\/5101","targetHints":{"allow":["GET"]}}],"collection":[{"href":"https:\/\/www.konicaminolta.vn\/business\/wp-json\/wp\/v2\/pages"}],"about":[{"href":"https:\/\/www.konicaminolta.vn\/business\/wp-json\/wp\/v2\/types\/page"}],"author":[{"embeddable":true,"href":"https:\/\/www.konicaminolta.vn\/business\/wp-json\/wp\/v2\/users\/1"}],"replies":[{"embeddable":true,"href":"https:\/\/www.konicaminolta.vn\/business\/wp-json\/wp\/v2\/comments?post=5101"}],"version-history":[{"count":5,"href":"https:\/\/www.konicaminolta.vn\/business\/wp-json\/wp\/v2\/pages\/5101\/revisions"}],"predecessor-version":[{"id":6251,"href":"https:\/\/www.konicaminolta.vn\/business\/wp-json\/wp\/v2\/pages\/5101\/revisions\/6251"}],"up":[{"embeddable":true,"href":"https:\/\/www.konicaminolta.vn\/business\/wp-json\/wp\/v2\/pages\/5093"}],"wp:attachment":[{"href":"https:\/\/www.konicaminolta.vn\/business\/wp-json\/wp\/v2\/media?parent=5101"}],"curies":[{"name":"wp","href":"https:\/\/api.w.org\/{rel}","templated":true}]}}