{"id":5102,"date":"2017-07-17T16:43:12","date_gmt":"2017-07-17T08:43:12","guid":{"rendered":"http:\/\/konicaminolta.me\/service\/mpm\/"},"modified":"2018-06-25T22:33:45","modified_gmt":"2018-06-25T15:33:45","slug":"mpm","status":"publish","type":"page","link":"https:\/\/www.konicaminolta.vn\/business\/service\/mpm\/","title":{"rendered":"Qu\u1ea3n l\u00fd in ti\u1ebfp th\u1ecb"},"content":{"rendered":"<div class=\"wpb-content-wrapper\"><p>[vc_row css=&#8221;.vc_custom_1513678259811{margin-top: -75px !important;}&#8221;][vc_column][rev_slider_vc alias=&#8221;mpm_vi&#8221;][\/vc_column][\/vc_row][vc_row][vc_column][vc_empty_space height=&#8221;32&#8243;][\/vc_column][\/vc_row][vc_row][vc_column width=&#8221;2\/3&#8243;][vc_tta_tabs shape=&#8221;square&#8221; color=&#8221;white&#8221; spacing=&#8221;3&#8243; active_section=&#8221;1&#8243; pagination_style=&#8221;outline-square&#8221; pagination_color=&#8221;white&#8221;][vc_tta_section title=&#8221;Gi\u1edbi thi\u1ec7u&#8221; tab_id=&#8221;1498066910571-031a6d46-cdde7bd8-b542d72d-65eee7cf-d3a67c13-de79&#8243;][vc_empty_space][vc_row_inner][vc_column_inner width=&#8221;1\/2&#8243;][vc_column_text css_animation=&#8221;fadeInLeft&#8221;]<\/p>\n<h4><strong>T\u1ed1i \u01b0u h\u00f3a ch\u01b0\u01a1ng tr\u00ecnh khuy\u1ebfn m\u00e3i ti\u1ebfp th\u1ecb c\u1ee7a c\u00f4ng ty<\/strong><\/h4>\n<p style=\"text-align: justify;\">\u1ede ch\u00e2u \u00c2u v\u00e0 c\u00e1c n\u01a1i kh\u00e1c tr\u00ean th\u1ebf gi\u1edbi, nhu c\u1ea7u \u0111\u00e3 ph\u00e1t tri\u1ec3n cho d\u1ecbch v\u1ee5 to\u00e0n di\u1ec7n cung c\u1ea5p c\u00e1c gi\u1ea3i ph\u00e1p in \u1ea5n v\u00e0 \u0111\u1ea7u ra \u0111\u01b0\u1ee3c t\u1ed1i \u01b0u h\u00f3a cho c\u00e1c ph\u00f2ng ti\u1ebfp th\u1ecb. D\u1ecbch v\u1ee5 n\u00e0y bao g\u1ed3m to\u00e0n b\u1ed9 qu\u00e1 tr\u00ecnh qu\u1ea3ng c\u00e1o ti\u1ebfp th\u1ecb t\u1eeb s\u1ea3n xu\u1ea5t v\u00e0 \u0111\u01a1n \u0111\u1eb7t h\u00e0ng \u0111\u1ebfn giai \u0111o\u1ea1n cu\u1ed1i c\u00f9ng c\u1ee7a vi\u1ec7c ph\u00e2n ph\u1ed1i t\u00e0i li\u1ec7u qu\u1ea3ng c\u00e1o. Konica Minolta \u0111\u00e3 gi\u1edbi thi\u1ec7u Marketing Print Management (MPM) tr\u00ean to\u00e0n th\u1ebf gi\u1edbi chuy\u00ean v\u1ec1 c\u00e1c ch\u01b0\u01a1ng tr\u00ecnh khuy\u1ebfn m\u00e3i ti\u1ebfp th\u1ecb v\u00e0 th\u00fac \u0111\u1ea9y b\u00ed quy\u1ebft c\u1ee7a Charterhouse PM Ltd. t\u1ea1i Anh v\u00e0 Ergo Asia Pty Ltd. t\u1ea1i \u00dac, c\u00e1c c\u00f4ng ty nh\u00f3m c\u1ee7a ch\u00fang t\u00f4i \u0111\u00e3 \u0111\u1ea1t \u0111\u01b0\u1ee3c th\u00e0nh t\u00edch \u0111\u00e3 \u0111\u01b0\u1ee3c ch\u1ee9ng minh khu v\u1ef1c. Th\u00f4ng qua d\u1ecbch v\u1ee5 n\u00e0y, ch\u00fang t\u00f4i cung c\u1ea5p h\u1ed7 tr\u1ee3 t\u1ed5ng th\u1ec3 t\u1eeb vi\u1ec7c thi\u1ebft k\u1ebf t\u00e0i li\u1ec7u qu\u1ea3ng c\u00e1o \u0111\u1ebfn vi\u1ec7c t\u0103ng c\u01b0\u1eddng quy tr\u00ecnh kinh doanh v\u00e0 gi\u1ea3m chi ph\u00ed \u0111\u1ec3 mang l\u1ea1i cho kh\u00e1ch h\u00e0ng l\u1ee3i t\u1ee9c \u0111\u1ea7u t\u01b0 cao nh\u1ea5t.<\/p>\n<p>[\/vc_column_text][vc_separator][vc_empty_space][vc_single_image image=&#8221;2097&#8243; img_size=&#8221;full&#8221;][\/vc_column_inner][vc_column_inner width=&#8221;1\/2&#8243;][vc_single_image image=&#8221;2095&#8243; img_size=&#8221;full&#8221; alignment=&#8221;center&#8221; onclick=&#8221;link_image&#8221; css_animation=&#8221;fadeInRight&#8221;][vc_separator][vc_column_text]<\/p>\n<h4><strong>H\u1ed7 tr\u1ee3 ti\u1ebfp th\u1ecb v\u1edbi Qu\u1ea3n l\u00fd in ti\u1ebfp th\u1ecb (MPM)<\/strong><\/h4>\n<p style=\"text-align: justify;\">Qu\u1ea3n l\u00fd in ti\u1ebfp th\u1ecb c\u1ee7a Konica Minolta (MPM) \u0111\u01b0\u1ee3c thi\u1ebft k\u1ebf \u0111\u1ec3 t\u1ed1i \u0111a h\u00f3a hi\u1ec7u qu\u1ea3 ti\u1ebfp th\u1ecb b\u1eb1ng c\u00e1ch th\u1ef1c hi\u1ec7n to\u00e0n b\u1ed9 qu\u00e1 tr\u00ecnh l\u1eadp k\u1ebf ho\u1ea1ch, s\u1ea3n xu\u1ea5t v\u00e0 qu\u1ea3n l\u00fd t\u00e0i li\u1ec7u qu\u1ea3ng c\u00e1o cho c\u00e1c ph\u00f2ng ti\u1ebfp th\u1ecb c\u1ee7a kh\u00e1ch h\u00e0ng c\u1ee7a ch\u00fang t\u00f4i. Nh\u00e2n vi\u00ean gi\u00e0u kinh nghi\u1ec7m \u0111\u01b0\u1ee3c giao cho c\u00e1c b\u1ed9 ph\u1eadn t\u01b0 v\u1ea5n v\u1ec1 c\u00e1ch c\u1ea3i thi\u1ec7n quy tr\u00ecnh \u0111\u1eb7t h\u00e0ng in \u1ea5n, \u0111\u01b0a ra c\u00e1c khuy\u1ebfn ngh\u1ecb v\u1ec1 s\u1eed d\u1ee5ng ph\u01b0\u01a1ng ti\u1ec7n k\u1ef9 thu\u1eadt s\u1ed1 v\u00e0 \u0111\u1ec1 xu\u1ea5t c\u00e1c gi\u1ea3i ph\u00e1p kh\u00e1c gi\u00fap kh\u00e1ch h\u00e0ng gi\u1ea3m chi ph\u00ed v\u00e0 n\u00e2ng cao hi\u1ec7u qu\u1ea3 c\u00f4ng vi\u1ec7c, do \u0111\u00f3 t\u1ed1i \u01b0u h\u00f3a hi\u1ec7u qu\u1ea3 c\u1ee7a ch\u01b0\u01a1ng tr\u00ecnh khuy\u1ebfn m\u1ea1i. T\u1eadn d\u1ee5ng b\u00ed quy\u1ebft m\u00e0 ch\u00fang t\u00f4i \u0111\u00e3 ph\u00e1t tri\u1ec3n nh\u01b0 m\u1ed9t nh\u00e0 s\u1ea3n xu\u1ea5t thi\u1ebft b\u1ecb \u0111\u1ea7u ra, ch\u00fang t\u00f4i c\u0169ng gi\u00fap c\u00e1c c\u00f4ng ty in n\u00e2ng cao ch\u1ea5t l\u01b0\u1ee3ng b\u1ea3n in v\u00e0 t\u0103ng n\u0103ng su\u1ea5t b\u1eb1ng c\u00e1ch \u0111\u01b0a ra c\u00e1c \u0111\u1ec1 xu\u1ea5t v\u1ec1 c\u00e1ch c\u1ea3i ti\u1ebfn quy tr\u00ecnh l\u00e0m vi\u1ec7c v\u00e0 cung c\u1ea5p thi\u1ebft b\u1ecb hi\u1ec7u su\u1ea5t cao.<\/p>\n<p>[\/vc_column_text][\/vc_column_inner][\/vc_row_inner][vc_empty_space][\/vc_tta_section][vc_tta_section title=&#8221;Nghi\u00ean c\u1ee9u \u0111i\u1ec3n h\u00ecnh&#8221; tab_id=&#8221;1498066939920-e3c0d1df-43057bd8-b542d72d-65eee7cf-d3a67c13-de79&#8243;][vc_row_inner][vc_column_inner][vc_empty_space][vc_column_text]<\/p>\n<h4><strong>T\u1ed1i \u0111a h\u00f3a c\u00f4ng khai cho nh\u00e0 s\u1ea3n xu\u1ea5t \u00f4 t\u00f4<\/strong><\/h4>\n<p>[\/vc_column_text][\/vc_column_inner][\/vc_row_inner][vc_row_inner][vc_column_inner width=&#8221;1\/2&#8243;][vc_column_text css_animation=&#8221;fadeInLeft&#8221;]<\/p>\n<h5><strong>S\u1ee9 m\u1ec7nh<\/strong><\/h5>\n<p style=\"text-align: justify;\">Ch\u00eca kh\u00f3a th\u00e0nh c\u00f4ng trong vi\u1ec7c b\u00e1n s\u1ea3n ph\u1ea9m ti\u00eau d\u00f9ng l\u00e0 t\u00e0i li\u1ec7u qu\u1ea3ng c\u00e1o nh\u01b0 t\u00e0i li\u1ec7u qu\u1ea3ng c\u00e1o, th\u01b0 tr\u1ef1c ti\u1ebfp v\u00e0 qu\u1ea3ng c\u00e1o \u0111i\u1ec3m mua h\u00e0ng. Tuy nhi\u00ean, n\u1ebfu m\u1ed7i b\u1ed9 ph\u1eadn s\u1ea3n xu\u1ea5t ri\u00eang r\u1ebd, th\u00ec s\u1ed1 l\u01b0\u1ee3ng lao \u0111\u1ed9ng v\u00e0 chi ph\u00ed c\u1ea7n thi\u1ebft cho s\u1ea3n xu\u1ea5t v\u00e0 in \u1ea5n c\u00f3 th\u1ec3 r\u1ea5t l\u1edbn v\u00e0 th\u1eadm ch\u00ed c\u00f2n kh\u00f3 t\u00ednh \u0111\u01b0\u1ee3c l\u1ee3i t\u1ee9c \u0111\u1ea7u t\u01b0. &lt;\/ P&gt;<\/p>\n<p style=\"text-align: justify;\">\u0110\u00e2y l\u00e0 tr\u01b0\u1eddng h\u1ee3p c\u1ee7a m\u1ed9t nh\u00e0 s\u1ea3n xu\u1ea5t \u00f4 t\u00f4 &#8211; \u0111ang t\u00ecm c\u00e1ch h\u1ee3p l\u00fd h\u00f3a vi\u1ec7c s\u1ea3n xu\u1ea5t v\u00e0 in \u1ea5n t\u00e0i li\u1ec7u qu\u1ea3ng c\u00e1o \u0111\u1ec3 nh\u00e2n vi\u00ean ti\u1ebfp th\u1ecb c\u00f3 th\u1ec3 t\u1eadp trung v\u00e0o ph\u00e2n t\u00edch th\u1ecb tr\u01b0\u1eddng v\u00e0 ph\u00e1t tri\u1ec3n chi\u1ebfn l\u01b0\u1ee3c<\/p>\n<p>[\/vc_column_text][vc_empty_space][vc_separator][vc_single_image image=&#8221;2096&#8243; img_size=&#8221;full&#8221;][\/vc_column_inner][vc_column_inner width=&#8221;1\/2&#8243;][vc_column_text css_animation=&#8221;fadeInRight&#8221;]<\/p>\n<h5><strong>Ca\u0341ch gia\u0309i quy\u00ea\u0341t<\/strong><\/h5>\n<p style=\"text-align: justify;\">C\u00f4ng ty nh\u00f3m c\u1ee7a Konica Minolta, Charterhouse PM Ltd., \u0111\u00e3 \u0111\u1ec1 xu\u1ea5t Qu\u1ea3n l\u00fd in ti\u1ebfp th\u1ecb (MPM) c\u1ee7a ch\u00fang t\u00f4i nh\u01b0 m\u1ed9t gi\u1ea3i ph\u00e1p cho kh\u00e1ch h\u00e0ng c\u1ee7a ch\u00fang t\u00f4i, nh\u00e0 s\u1ea3n xu\u1ea5t \u00f4 t\u00f4.<\/p>\n<p style=\"text-align: justify;\">\u0110\u1ea7u ti\u00ean, c\u00e1c nh\u00e2n vi\u00ean c\u1ee7a Charterhouse v\u1edbi chuy\u00ean m\u00f4n trong vi\u1ec7c s\u1ea3n xu\u1ea5t t\u00e0i li\u1ec7u qu\u1ea3ng c\u00e1o \u0111\u00e3 ti\u1ebfn h\u00e0nh c\u00e1c cu\u1ed9c ph\u1ecfng v\u1ea5n s\u00e2u v\u1edbi c\u00e1c nh\u00e2n vi\u00ean trong t\u1eebng b\u1ed9 ph\u1eadn. Sau khi t\u00ecm hi\u1ec3u v\u1ec1 s\u1ed1 l\u01b0\u1ee3ng v\u00e0 lo\u1ea1i v\u1eadt li\u1ec7u \u0111\u01b0\u1ee3c s\u1ea3n xu\u1ea5t tr\u00ean to\u00e0n c\u00f4ng ty, h\u1ecd \u0111\u00e3 th\u1ef1c hi\u1ec7n quy tr\u00ecnh s\u1ea3n xu\u1ea5t. K\u1ebft qu\u1ea3 l\u00e0, h\u1ecd th\u1ea5y r\u1eb1ng c\u00e1c \u0111\u01a1n v\u1ecb kinh doanh kh\u00e1c nhau \u0111\u00e3 s\u1ea3n xu\u1ea5t c\u00e1c t\u00e0i li\u1ec7u qu\u1ea3ng c\u00e1o t\u01b0\u01a1ng t\u1ef1 v\u00e0 m\u1ed9t s\u1ed1 h\u00ecnh \u1ea3nh \u0111\u00e3 \u0111\u01b0\u1ee3c ch\u1ee5p ri\u00eang c\u00f3 th\u1ec3 \u0111\u00e3 \u0111\u01b0\u1ee3c chia s\u1ebb. Ngo\u00e0i s\u1ef1 tr\u00f9ng l\u1eb7p n\u00e0y, m\u1ed9t s\u1ed1 v\u1ea5n \u0111\u1ec1 c\u01a1 b\u1ea3n \u0111\u00e3 \u0111\u01b0\u1ee3c x\u00e1c \u0111\u1ecbnh, ch\u1eb3ng h\u1ea1n nh\u01b0 s\u1ef1 thi\u1ebfu nh\u1ea5t qu\u00e1n gi\u1eefa c\u00e1c v\u1eadt li\u1ec7u qu\u1ea3ng b\u00e1 c\u00f9ng m\u1ed9t s\u1ea3n ph\u1ea9m, v\u00e0 \u0111\u1ea7u t\u01b0 qu\u00e1 m\u1ee9c c\u1ee7a gi\u1edd l\u00e0m vi\u1ec7c \u0111\u1ec3 \u0111\u1ea1t \u0111\u01b0\u1ee3c c\u00e1c ti\u00eau chu\u1ea9n v\u1ec1 ch\u1ea5t l\u01b0\u1ee3ng.<\/p>\n<p style=\"text-align: justify;\">D\u1ef1a tr\u00ean nh\u1eefng ph\u00e1t hi\u1ec7n n\u00e0y, Charterhouse ph\u00e2n c\u00f4ng c\u00e1c nh\u00e2n vi\u00ean c\u1ee7a m\u00ecnh v\u1edbi chuy\u00ean m\u00f4n bi\u1ebft l\u00e0m th\u1ebf n\u00e0o \u0111\u1ec3 b\u1ed9 ph\u1eadn ti\u1ebfp th\u1ecb \u0111\u1ec3 lo\u1ea1i b\u1ecf tr\u00f9ng l\u1eb7p v\u00e0 cung c\u1ea5p qu\u1ea3n l\u00fd t\u1eadp trung s\u1ea3n xu\u1ea5t t\u00e0i li\u1ec7u qu\u1ea3ng c\u00e1o. N\u00f3 c\u0169ng t\u1eadn d\u1ee5ng m\u1ea1ng l\u01b0\u1edbi r\u1ed9ng l\u1edbn c\u1ee7a m\u00ecnh v\u1edbi c\u00e1c c\u00f4ng ty in \u1ea5n v\u00e0 ng\u01b0\u1eddi s\u00e1ng t\u1ea1o n\u1ed9i dung \u0111\u1ec3 l\u1ef1a ch\u1ecdn c\u00e1c c\u00f4ng ty ph\u00f9 h\u1ee3p nh\u1ea5t cho vi\u1ec7c s\u1ea3n xu\u1ea5t c\u00e1c lo\u1ea1i t\u00e0i li\u1ec7u qu\u1ea3ng c\u00e1o c\u1ee5 th\u1ec3; theo c\u00e1ch n\u00e0y, kh\u00e1ch h\u00e0ng c\u1ee7a ch\u00fang t\u00f4i c\u00f3 th\u1ec3 c\u1ea3i thi\u1ec7n ch\u1ea5t l\u01b0\u1ee3ng t\u00e0i li\u1ec7u qu\u1ea3ng c\u00e1o c\u1ee7a h\u1ecd v\u00e0 gi\u1ea3m chi ph\u00ed s\u1ea3n xu\u1ea5t, \u0111\u1ed3ng th\u1eddi t\u1ed1i \u0111a h\u00f3a l\u1ee3i t\u1ee9c \u0111\u1ea7u t\u01b0.<\/p>\n<p>[\/vc_column_text][\/vc_column_inner][\/vc_row_inner][\/vc_tta_section][\/vc_tta_tabs][\/vc_column][vc_column width=&#8221;1\/3&#8243;][vc_widget_sidebar sidebar_id=&#8221;consulting-left-sidebar&#8221;][\/vc_column][\/vc_row][vc_row disable_element=&#8221;yes&#8221;][vc_column][stm_services posts_per_page=&#8221;6&#8243; posts_per_row=&#8221;3&#8243; img_size=&#8221;400&#215;300&#8243;][vc_empty_space][\/vc_column][\/vc_row][vc_row disable_element=&#8221;yes&#8221;][vc_column][vc_row_inner][vc_column_inner width=&#8221;1\/4&#8243;][vc_wp_custommenu nav_menu=&#8221;136&#8243;][\/vc_column_inner][vc_column_inner width=&#8221;1\/2&#8243;][vc_single_image image=&#8221;2094&#8243; img_size=&#8221;full&#8221; alignment=&#8221;center&#8221;][\/vc_column_inner][vc_column_inner width=&#8221;1\/4&#8243;][vc_widget_sidebar sidebar_id=&#8221;consulting-left-sidebar&#8221;][\/vc_column_inner][\/vc_row_inner][vc_empty_space height=&#8221;32&#8243;][\/vc_column][\/vc_row]<\/p>\n<\/div>","protected":false},"excerpt":{"rendered":"<p>[vc_row css=&#8221;.vc_custom_1513678259811{margin-top: -75px !important;}&#8221;][vc_column][rev_slider_vc alias=&#8221;mpm_vi&#8221;][\/vc_column][\/vc_row][vc_row][vc_column][vc_empty_space height=&#8221;32&#8243;][\/vc_column][\/vc_row][vc_row][vc_column width=&#8221;2\/3&#8243;][vc_tta_tabs shape=&#8221;square&#8221; color=&#8221;white&#8221; spacing=&#8221;3&#8243; active_section=&#8221;1&#8243; pagination_style=&#8221;outline-square&#8221; pagination_color=&#8221;white&#8221;][vc_tta_section title=&#8221;Gi\u1edbi thi\u1ec7u&#8221; tab_id=&#8221;1498066910571-031a6d46-cdde7bd8-b542d72d-65eee7cf-d3a67c13-de79&#8243;][vc_empty_space][vc_row_inner][vc_column_inner width=&#8221;1\/2&#8243;][vc_column_text css_animation=&#8221;fadeInLeft&#8221;] T\u1ed1i \u01b0u h\u00f3a ch\u01b0\u01a1ng tr\u00ecnh khuy\u1ebfn m\u00e3i ti\u1ebfp th\u1ecb c\u1ee7a c\u00f4ng ty \u1ede ch\u00e2u \u00c2u v\u00e0 c\u00e1c n\u01a1i kh\u00e1c tr\u00ean th\u1ebf gi\u1edbi, nhu c\u1ea7u \u0111\u00e3 ph\u00e1t tri\u1ec3n cho d\u1ecbch v\u1ee5 to\u00e0n di\u1ec7n cung c\u1ea5p c\u00e1c gi\u1ea3i ph\u00e1p<\/p>\n","protected":false},"author":1,"featured_media":0,"parent":5093,"menu_order":0,"comment_status":"closed","ping_status":"closed","template":"","meta":{"footnotes":""},"class_list":["post-5102","page","type-page","status-publish","hentry"],"_links":{"self":[{"href":"https:\/\/www.konicaminolta.vn\/business\/wp-json\/wp\/v2\/pages\/5102","targetHints":{"allow":["GET"]}}],"collection":[{"href":"https:\/\/www.konicaminolta.vn\/business\/wp-json\/wp\/v2\/pages"}],"about":[{"href":"https:\/\/www.konicaminolta.vn\/business\/wp-json\/wp\/v2\/types\/page"}],"author":[{"embeddable":true,"href":"https:\/\/www.konicaminolta.vn\/business\/wp-json\/wp\/v2\/users\/1"}],"replies":[{"embeddable":true,"href":"https:\/\/www.konicaminolta.vn\/business\/wp-json\/wp\/v2\/comments?post=5102"}],"version-history":[{"count":2,"href":"https:\/\/www.konicaminolta.vn\/business\/wp-json\/wp\/v2\/pages\/5102\/revisions"}],"predecessor-version":[{"id":5424,"href":"https:\/\/www.konicaminolta.vn\/business\/wp-json\/wp\/v2\/pages\/5102\/revisions\/5424"}],"up":[{"embeddable":true,"href":"https:\/\/www.konicaminolta.vn\/business\/wp-json\/wp\/v2\/pages\/5093"}],"wp:attachment":[{"href":"https:\/\/www.konicaminolta.vn\/business\/wp-json\/wp\/v2\/media?parent=5102"}],"curies":[{"name":"wp","href":"https:\/\/api.w.org\/{rel}","templated":true}]}}