{"id":5103,"date":"2017-07-17T16:42:55","date_gmt":"2017-07-17T08:42:55","guid":{"rendered":"http:\/\/konicaminolta.me\/service\/odp\/"},"modified":"2018-07-11T09:31:17","modified_gmt":"2018-07-11T02:31:17","slug":"odp","status":"publish","type":"page","link":"https:\/\/www.konicaminolta.vn\/business\/service\/odp\/","title":{"rendered":"D\u1ecbch v\u1ee5 in theo y\u00eau c\u1ea7u"},"content":{"rendered":"<div class=\"wpb-content-wrapper\"><p>[vc_row css=&#8221;.vc_custom_1513678196994{margin-top: -75px !important;}&#8221;][vc_column][rev_slider_vc alias=&#8221;odp_vi&#8221;][\/vc_column][\/vc_row][vc_row][vc_column][vc_empty_space height=&#8221;32&#8243;][\/vc_column][\/vc_row][vc_row][vc_column width=&#8221;2\/3&#8243;][vc_tta_tabs shape=&#8221;square&#8221; color=&#8221;white&#8221; spacing=&#8221;3&#8243; active_section=&#8221;1&#8243; pagination_style=&#8221;outline-square&#8221; pagination_color=&#8221;white&#8221;][vc_tta_section title=&#8221;Gi\u1edbi thi\u1ec7u&#8221; tab_id=&#8221;1498066910571-031a6d46-cdde7bd8-b542d72d-65eee7cf-d3a647ba-3b57b3ec-18df&#8221;][vc_empty_space][vc_row_inner][vc_column_inner width=&#8221;1\/2&#8243;][vc_column_text css_animation=&#8221;fadeInLeft&#8221;]<\/p>\n<h4 style=\"text-align: justify;\"><strong>Cung c\u1ea5p c\u00e1c gi\u1ea3i ph\u00e1p in t\u1ed1i \u01b0u cho m\u1ed9t lo\u1ea1t c\u00e1c nhu c\u1ea7u c\u1ee7a kh\u00e1ch h\u00e0ng v\u1edbi On Demand Print (ODP)<\/strong><\/h4>\n<p style=\"text-align: justify;\">Konica Minolta cung c\u1ea5p In Nhu c\u1ea7u In (ODP) \u0111\u1ec3 \u0111\u00e1p \u1ee9ng nhu c\u1ea7u gia c\u00f4ng ph\u1ea7n m\u1ec1m c\u1ee7a kh\u00e1ch h\u00e0ng doanh nghi\u1ec7p. Ph\u1ea1m vi d\u1ecbch v\u1ee5 t\u1eeb in tr\u00ean gi\u1ea5y c\u1ee7a c\u00e1c k\u00edch c\u1ee1 v\u00e0 lo\u1ea1i kh\u00e1c nhau, v\u00e0 \u00e1p d\u1ee5ng c\u00e1c k\u1ebft th\u00fac cu\u1ed1i c\u00f9ng v\u00e0 ch\u1ebf bi\u1ebfn, \u0111\u1ec3 thi\u1ebft k\u1ebf v\u00e0 b\u1ed1 tr\u00ed, ph\u1ee5c v\u1ee5 cho m\u1ed9t lo\u1ea1t c\u00e1c s\u1eed d\u1ee5ng cho printouts.Ch\u00fang t\u00f4i c\u0169ng ph\u1ee5c v\u1ee5 cho vi\u1ec7c in \u1ea5n c\u00e1c t\u00e0i li\u1ec7u b\u00ed m\u1eadt v\u00e0 l\u1edbn -c\u00f4ng vi\u1ec7c gia h\u1ea1n.<\/p>\n<p style=\"text-align: justify;\">Ngo\u00e0i ra, ch\u00fang t\u00f4i c\u00f3 th\u1ec3 \u0111i\u1ec1u ph\u1ed1i c\u00e1c \u0111i\u1ec1u ph\u1ed1i vi\u00ean t\u1ea1i c\u00e1c kh\u00e1ch h\u00e0ng doanh nghi\u1ec7p c\u1ee7a ch\u00fang t\u00f4i, nh\u1eefng ng\u01b0\u1eddi c\u00f3 trong c\u00e1c trung t\u00e2m in nh\u00e0 \u0111\u1ec3 h\u1ed7 tr\u1ee3 ho\u1ea1t \u0111\u1ed9ng v\u00e0 qu\u1ea3n l\u00fd c\u00e1c trung t\u00e2m \u0111\u00f3.<\/p>\n<p>[\/vc_column_text][vc_empty_space][\/vc_column_inner][vc_column_inner width=&#8221;1\/2&#8243;][vc_single_image image=&#8221;2091&#8243; img_size=&#8221;full&#8221; alignment=&#8221;center&#8221; onclick=&#8221;link_image&#8221; css_animation=&#8221;fadeInRight&#8221;][\/vc_column_inner][\/vc_row_inner][\/vc_tta_section][vc_tta_section title=&#8221;Nghi\u00ean c\u1ee9u \u0111i\u1ec3n h\u00ecnh&#8221; tab_id=&#8221;1498066939920-e3c0d1df-43057bd8-b542d72d-65eee7cf-d3a647ba-3b57b3ec-18df&#8221;][vc_row_inner][vc_column_inner][vc_empty_space][vc_column_text]<\/p>\n<h4><strong>Gi\u00fap c\u00e1c \u0111\u1ea1i l\u00fd qu\u1ea3ng c\u00e1o t\u1ea1o ra nhi\u1ec1u t\u00e0i li\u1ec7u thuy\u1ebft tr\u00ecnh b\u1eaft m\u1eaft h\u01a1n<\/strong><\/h4>\n<p>[\/vc_column_text][vc_empty_space][\/vc_column_inner][\/vc_row_inner][vc_row_inner][vc_column_inner width=&#8221;1\/2&#8243;][vc_column_text css_animation=&#8221;fadeInLeft&#8221;]<\/p>\n<h5><strong>S\u1ee9 m\u1ec7nh<\/strong><\/h5>\n<p style=\"text-align: justify;\">\u0110\u1ed1i v\u1edbi c\u00e1c \u0111\u1ea1i l\u00fd qu\u1ea3ng c\u00e1o, kh\u1ea3 n\u0103ng t\u1ea1o t\u00e0i li\u1ec7u thu h\u00fat s\u1ef1 ch\u00fa \u00fd cho kh\u00e1ch h\u00e0ng c\u1ee7a h\u1ecd l\u00e0 r\u1ea5t quan tr\u1ecdng. H\u1ecd c\u1ea7n \u0111\u1ec3 c\u00f3 th\u1ec3 t\u1ea1o ra c\u00e1c b\u1ea3n in m\u00e0u c\u00f3 \u0111\u1ed9 ph\u00e2n gi\u1ea3i cao b\u1eaft m\u1eaft v\u00e0 s\u1eed d\u1ee5ng c\u00e1c r\u00e0ng bu\u1ed9c th\u00fa v\u1ecb cho c\u00e1c t\u00e0i li\u1ec7u in c\u1ee7a h\u1ecd \u0111\u1ec3 kh\u00e1ch h\u00e0ng c\u1ee7a h\u1ecd c\u00f3 th\u1ec3 d\u1ec5 d\u00e0ng n\u1eafm b\u1eaft c\u00e1c kh\u00e1i ni\u1ec7m qu\u1ea3ng c\u00e1o. \u0110\u1ed1i v\u1edbi c\u00e1c d\u1ef1 \u00e1n \u0111\u00f2i h\u1ecfi nhi\u1ec1u lo\u1ea1i v\u1eadt li\u1ec7u nh\u1ecf, qu\u00e1 tr\u00ecnh in \u1ea5n c\u00f3 th\u1ec3 ph\u1ee9c t\u1ea1p v\u00e0 t\u1ed1n th\u1eddi gian. D\u00e0nh th\u1eddi gian \u0111\u1ec3 in l\u1ea1i th\u01b0\u1eddng l\u00e0 kh\u00f4ng th\u1ec3 khi s\u1eeda \u0111\u1ed5i ph\u00fat cu\u1ed1i ho\u1eb7c thay \u0111\u1ed5i k\u1ecbch b\u1ea3n ph\u1ea3i \u0111\u01b0\u1ee3c th\u1ef1c hi\u1ec7n.<\/p>\n<p>[\/vc_column_text][vc_empty_space][vc_separator][vc_single_image image=&#8221;2093&#8243; img_size=&#8221;full&#8221;][\/vc_column_inner][vc_column_inner width=&#8221;1\/2&#8243;][vc_column_text css_animation=&#8221;fadeInRight&#8221;]<\/p>\n<h5 style=\"text-align: justify;\"><strong>Ca\u0341ch gia\u0309i quy\u00ea\u0341t<\/strong><\/h5>\n<p style=\"text-align: justify;\">\u0110\u1ec3 \u0111\u00e1p \u1ee9ng nhu c\u1ea7u c\u1ee7a c\u00e1c c\u00f4ng ty qu\u1ea3ng c\u00e1o, c\u00f4ng ty c\u1ee7a Konica Minolta, C\u00f4ng ty TNHH Kinko Nh\u1eadt B\u1ea3n cung c\u1ea5p In Nhu c\u1ea7u In (ODP), m\u1ed9t d\u1ecbch v\u1ee5 \u0111\u1ec3 s\u1ea3n xu\u1ea5t c\u00e1c b\u1ea3n in theo nh\u1eefng c\u00e1ch ph\u00f9 h\u1ee3p nh\u1ea5t \u0111\u1ec3 x\u1eed l\u00fd v\u00e0 r\u00e0ng bu\u1ed9c, v\u1edbi s\u1ed1 l\u01b0\u1ee3ng c\u1ea7n thi\u1ebft khi c\u1ea7n thi\u1ebft &#8211; b\u1ea5t c\u1ee9 l\u00fac n\u00e0o b\u1ea5t c\u1ee9 n\u01a1i n\u00e0o.<\/p>\n<p style=\"text-align: justify;\">Kinko s\u1eb5n s\u00e0ng cung c\u1ea5p c\u00e1c d\u1ecbch v\u1ee5 in \u0111\u01b0\u1ee3c tinh ch\u1ec9nh theo nhu c\u1ea7u c\u1ee7a t\u1eebng kh\u00e1ch h\u00e0ng v\u1edbi m\u1ea1ng l\u01b0\u1edbi c\u1eeda h\u00e0ng tr\u00ean to\u00e0n qu\u1ed1c, h\u1ec7 th\u1ed1ng \u0111\u1eb7t h\u00e0ng tr\u1ef1c tuy\u1ebfn v\u00e0 \u0111\u1ed9i ng\u0169 nh\u00e2n vi\u00ean b\u00e1n h\u00e0ng chuy\u00ean d\u1ee5ng. Kh\u00e1ch h\u00e0ng ch\u1ec9 c\u1ea7n g\u1eedi d\u1eef li\u1ec7u c\u1ee7a h\u1ecd \u0111\u1ebfn Kinko v\u00e0 m\u00f4 t\u1ea3 c\u00e1c \u0111\u1ecbnh d\u1ea1ng ho\u00e0n thi\u1ec7n m\u00e0 h\u1ecd mu\u1ed1n. Sau \u0111\u00f3, h\u1ecd nh\u1eadn \u0111\u01b0\u1ee3c c\u00e1c b\u1ea3n in ch\u1ea5t l\u01b0\u1ee3ng cao nh\u1ea5t m\u00e0 kh\u00f4ng c\u1ea7n th\u00eam th\u1eddi gian v\u00e0 c\u00f4ng s\u1ee9c. V\u00ed d\u1ee5: b\u1eb1ng c\u00e1ch g\u1eedi d\u1eef li\u1ec7u \u0111\u1ebfn Kinko v\u00e0o l\u00fac n\u1eeda \u0111\u00eam, kh\u00e1ch h\u00e0ng c\u00f3 th\u1ec3 nh\u1eadn b\u1ea3n in t\u1ea1i m\u1ed9t trong c\u00e1c c\u1eeda h\u00e0ng c\u1ee7a Kinko s\u00e1ng h\u00f4m sau. T\u1ea5t c\u1ea3 c\u00e1c c\u1eeda h\u00e0ng c\u1ee7a Kinko \u0111\u1ec1u \u0111\u01b0\u1ee3c trang b\u1ecb c\u00e1c m\u00e1y in m\u00e0u t\u1ed1c \u0111\u1ed9 cao c\u00f3 kh\u1ea3 n\u0103ng t\u1ea1o ra c\u00e1c b\u1ea3n in \u0111\u1eb9p t\u1eeb c\u00e1c b\u1ee9c \u1ea3nh v\u00e0 \u0111\u1ed3 h\u1ecda m\u00e1y t\u00ednh tr\u00ean c\u00e1c gi\u1ea5y t\u1edd c\u00f3 \u0111\u1ed9 d\u00e0y v\u00e0 k\u1ebft c\u1ea5u kh\u00e1c nhau.<br \/>\nDo \u0111\u00f3, Kinko c\u00f3 th\u1ec3 \u0111\u00e1p \u1ee9ng nhu c\u1ea7u c\u1ee7a kh\u00e1ch h\u00e0ng \u0111\u1ed1i v\u1edbi c\u00e1c t\u00e0i li\u1ec7u in v\u1edbi c\u00e1c th\u00f4ng s\u1ed1 k\u1ef9 thu\u1eadt kh\u00e1c nhau trong b\u1ea5t k\u1ef3 s\u1ed1 l\u01b0\u1ee3ng n\u00e0o b\u1eaft \u0111\u1ea7u b\u1eb1ng m\u1ed9t b\u1ea3n in duy nh\u1ea5t.<\/p>\n<p style=\"text-align: justify;\">Th\u00f4ng qua ODP, ch\u00fang t\u00f4i mang \u0111\u1ebfn t\u00e0i li\u1ec7u thuy\u1ebft tr\u00ecnh thu h\u00fat s\u1ef1 ch\u00fa \u00fd cho kh\u00e1ch h\u00e0ng c\u1ee7a m\u00ecnh v\u00e0o th\u1eddi gian m\u00e0 kh\u00f4ng c\u1ea7n th\u00eam th\u1eddi gian v\u00e0 c\u00f4ng s\u1ee9c.<\/p>\n<p>[\/vc_column_text][\/vc_column_inner][\/vc_row_inner][\/vc_tta_section][\/vc_tta_tabs][\/vc_column][vc_column width=&#8221;1\/3&#8243;][vc_widget_sidebar sidebar_id=&#8221;consulting-left-sidebar&#8221;][\/vc_column][\/vc_row][vc_row disable_element=&#8221;yes&#8221;][vc_column][stm_services posts_per_page=&#8221;6&#8243; posts_per_row=&#8221;3&#8243; img_size=&#8221;400&#215;300&#8243;][vc_empty_space][vc_row_inner disable_element=&#8221;yes&#8221;][vc_column_inner width=&#8221;1\/4&#8243;][vc_wp_custommenu nav_menu=&#8221;136&#8243;][\/vc_column_inner][vc_column_inner width=&#8221;1\/2&#8243;][vc_single_image image=&#8221;2090&#8243; img_size=&#8221;full&#8221;][\/vc_column_inner][vc_column_inner width=&#8221;1\/4&#8243;][vc_widget_sidebar sidebar_id=&#8221;consulting-left-sidebar&#8221;][\/vc_column_inner][\/vc_row_inner][\/vc_column][\/vc_row]<\/p>\n<\/div>","protected":false},"excerpt":{"rendered":"<p>[vc_row css=&#8221;.vc_custom_1513678196994{margin-top: -75px !important;}&#8221;][vc_column][rev_slider_vc alias=&#8221;odp_vi&#8221;][\/vc_column][\/vc_row][vc_row][vc_column][vc_empty_space height=&#8221;32&#8243;][\/vc_column][\/vc_row][vc_row][vc_column width=&#8221;2\/3&#8243;][vc_tta_tabs shape=&#8221;square&#8221; color=&#8221;white&#8221; spacing=&#8221;3&#8243; active_section=&#8221;1&#8243; pagination_style=&#8221;outline-square&#8221; pagination_color=&#8221;white&#8221;][vc_tta_section title=&#8221;Gi\u1edbi thi\u1ec7u&#8221; tab_id=&#8221;1498066910571-031a6d46-cdde7bd8-b542d72d-65eee7cf-d3a647ba-3b57b3ec-18df&#8221;][vc_empty_space][vc_row_inner][vc_column_inner width=&#8221;1\/2&#8243;][vc_column_text css_animation=&#8221;fadeInLeft&#8221;] Cung c\u1ea5p c\u00e1c gi\u1ea3i ph\u00e1p in t\u1ed1i \u01b0u cho m\u1ed9t lo\u1ea1t c\u00e1c nhu c\u1ea7u c\u1ee7a kh\u00e1ch h\u00e0ng v\u1edbi On Demand Print (ODP) Konica Minolta cung c\u1ea5p In Nhu c\u1ea7u In (ODP) \u0111\u1ec3 \u0111\u00e1p \u1ee9ng nhu c\u1ea7u gia<\/p>\n","protected":false},"author":1,"featured_media":0,"parent":5093,"menu_order":0,"comment_status":"closed","ping_status":"closed","template":"","meta":{"footnotes":""},"class_list":["post-5103","page","type-page","status-publish","hentry"],"_links":{"self":[{"href":"https:\/\/www.konicaminolta.vn\/business\/wp-json\/wp\/v2\/pages\/5103","targetHints":{"allow":["GET"]}}],"collection":[{"href":"https:\/\/www.konicaminolta.vn\/business\/wp-json\/wp\/v2\/pages"}],"about":[{"href":"https:\/\/www.konicaminolta.vn\/business\/wp-json\/wp\/v2\/types\/page"}],"author":[{"embeddable":true,"href":"https:\/\/www.konicaminolta.vn\/business\/wp-json\/wp\/v2\/users\/1"}],"replies":[{"embeddable":true,"href":"https:\/\/www.konicaminolta.vn\/business\/wp-json\/wp\/v2\/comments?post=5103"}],"version-history":[{"count":3,"href":"https:\/\/www.konicaminolta.vn\/business\/wp-json\/wp\/v2\/pages\/5103\/revisions"}],"predecessor-version":[{"id":5935,"href":"https:\/\/www.konicaminolta.vn\/business\/wp-json\/wp\/v2\/pages\/5103\/revisions\/5935"}],"up":[{"embeddable":true,"href":"https:\/\/www.konicaminolta.vn\/business\/wp-json\/wp\/v2\/pages\/5093"}],"wp:attachment":[{"href":"https:\/\/www.konicaminolta.vn\/business\/wp-json\/wp\/v2\/media?parent=5103"}],"curies":[{"name":"wp","href":"https:\/\/api.w.org\/{rel}","templated":true}]}}