{"id":5107,"date":"2017-06-25T14:39:36","date_gmt":"2017-06-25T06:39:36","guid":{"rendered":"http:\/\/konicaminolta.me\/support-download\/"},"modified":"2021-05-07T08:57:00","modified_gmt":"2021-05-07T01:57:00","slug":"support-download","status":"publish","type":"page","link":"https:\/\/www.konicaminolta.vn\/business\/support-download\/","title":{"rendered":"H\u1ed7 tr\u1ee3 &#038; T\u1ea3i xu\u1ed1ng"},"content":{"rendered":"<div class=\"wpb-content-wrapper\"><p>[vc_row 0=&#8221;&#8221;][vc_column 0=&#8221;&#8221;][vc_empty_space 0=&#8221;&#8221;][vc_row_inner 0=&#8221;&#8221;][vc_column_inner width=&#8221;1\/3&#8243;][vc_column_text 0=&#8221;&#8221;]<a href=\"https:\/\/www.konicaminolta.vn\/business\/support-download\/meter-reading\/\"><div class=\"ich-prefix\">\r\n\r\n    \r\n    <div class=\"row wcp-fgg-wrap\" style=\"width:auto;margin-left: -10px;margin-right: -10px;\">\r\n\r\n                                <div class=\"col-1-1\" style=\"padding: 10px;\">\r\n                <div class=\"ih-item square effect6 bottom_to_top\" id=\"wcp-widget-5516-0\">\r\n    <div class=\"wcp-ih-inner\">\r\n            <div class=\"img\">\r\n            <img decoding=\"async\" src=\"\/business\/wp-content\/uploads\/2017\/06\/support-icon1-meter1.jpg\" title=\"\u0110\u1ecdc \u0111\u1ed3ng h\u1ed3\" alt=\"\" \/>                \r\n        <\/div>\r\n        <div class=\"info\" style=\"background-color: #003366;color:;\">\r\n            <div >\r\n                <h3 style=\"font-size:14;background-color:;\">\r\n                    \u0110\u1ecdc \u0111\u1ed3ng h\u1ed3                <\/h3>\r\n                <div class=\"bottom-caption\" style=\"text-align: left;\">\r\n                    Ch\u00fang t\u00f4i c\u00f3 m\u1ed9t c\u00e1ch \u0111\u01a1n gi\u1ea3n v\u00e0 d\u1ec5 d\u00e0ng \u0111\u1ec3 b\u1ea1n g\u1eedi s\u1ed1 \u0111o c\u1ee7a b\u1ea1n \u1edf \u0111\u00e2y.                <\/div>\r\n            <\/div>\r\n        <\/div>\r\n    <\/div>\r\n    <\/div>\r\n<style>\r\n    #wcp-widget-5516-0 .info h3 {\r\n        color: ;\r\n    }    \r\n    #wcp-widget-5516-0 .info .bottom-caption * {\r\n        color: ;\r\n    }    \r\n<\/style>            <\/div>\r\n            \r\n            <\/div>\r\n    \r\n\r\n    \r\n    <div class=\"clearfix\"><\/div>\r\n    \r\n<\/div><\/a>[\/vc_column_text][\/vc_column_inner][vc_column_inner width=&#8221;1\/3&#8243;][vc_column_text 0=&#8221;&#8221;]<a href=\"https:\/\/www.konicaminolta.vn\/business\/support-download\/recycling-program-for-consumable\/\"><div class=\"ich-prefix\">\r\n\r\n    \r\n    <div class=\"row wcp-fgg-wrap\" style=\"width:auto;margin-left: -10px;margin-right: -10px;\">\r\n\r\n                                <div class=\"col-1-1\" style=\"padding: 10px;\">\r\n                <div class=\"ih-item square effect6 bottom_to_top\" id=\"wcp-widget-5520-0\">\r\n    <div class=\"wcp-ih-inner\">\r\n            <div class=\"img\">\r\n            <img decoding=\"async\" src=\"\/business\/wp-content\/uploads\/2017\/06\/support-icon2-recycling1.jpg\" title=\"Ch\u01b0\u01a1ng tr\u00ecnh t\u00e1i ch\u1ebf\" alt=\"\" \/>                \r\n        <\/div>\r\n        <div class=\"info\" style=\"background-color: #003366;color:;\">\r\n            <div >\r\n                <h3 style=\"font-size:14;background-color:;\">\r\n                    Ch\u01b0\u01a1ng tr\u00ecnh t\u00e1i ch\u1ebf                <\/h3>\r\n                <div class=\"bottom-caption\" style=\"text-align: left;\">\r\n                    Konica Minolta cam k\u1ebft b\u1ea3o v\u1ec7 m\u00f4i tr\u01b0\u1eddng v\u00e0 ch\u00fang t\u00f4i \u0111ang l\u00e0m vi\u1ec7c \u0111\u1ec3 gi\u1ea3m thi\u1ec3u t\u00e1c \u0111\u1ed9ng m\u00f4i tr\u01b0\u1eddng t\u1eeb c\u00e1c s\u1ea3n ph\u1ea9m c\u1ee7a ch\u00fang t\u00f4i trong su\u1ed1t v\u00f2ng \u0111\u1eddi c\u1ee7a h\u1ecd.                <\/div>\r\n            <\/div>\r\n        <\/div>\r\n    <\/div>\r\n    <\/div>\r\n<style>\r\n    #wcp-widget-5520-0 .info h3 {\r\n        color: #ffffff;\r\n    }    \r\n    #wcp-widget-5520-0 .info .bottom-caption * {\r\n        color: ;\r\n    }    \r\n<\/style>            <\/div>\r\n            \r\n            <\/div>\r\n    \r\n\r\n    \r\n    <div class=\"clearfix\"><\/div>\r\n    \r\n<\/div><\/a>[\/vc_column_text][\/vc_column_inner][vc_column_inner width=&#8221;1\/3&#8243;][vc_column_text 0=&#8221;&#8221;]<a href=\"https:\/\/www.konicaminolta.vn\/business\/support-download\/where-to-buy\/\"><div class=\"ich-prefix\">\r\n\r\n    \r\n    <div class=\"row wcp-fgg-wrap\" style=\"width:auto;margin-left: -10px;margin-right: -10px;\">\r\n\r\n                                <div class=\"col-1-1\" style=\"padding: 10px;\">\r\n                <div class=\"ih-item square effect6 bottom_to_top\" id=\"wcp-widget-5586-0\">\r\n    <div class=\"wcp-ih-inner\">\r\n            <div class=\"img\">\r\n            <img decoding=\"async\" src=\"\/business\/wp-content\/uploads\/2017\/06\/support-icon3-wheretobuy1-1.jpg\" title=\"N\u01a1i \u0111\u1ec3 mua\" alt=\"\" \/>                \r\n        <\/div>\r\n        <div class=\"info\" style=\"background-color: #003366;color:;\">\r\n            <div >\r\n                <h3 style=\"font-size:14;background-color:;\">\r\n                    N\u01a1i \u0111\u1ec3 mua                <\/h3>\r\n                <div class=\"bottom-caption\" style=\"text-align: left;\">\r\n                    T\u00ecm v\u0103n ph\u00f2ng v\u00e0 nh\u00e0 ph\u00e2n ph\u1ed1i tr\u00ean kh\u1eafp \u0110\u00f4ng Nam \u00c1 s\u1ebd c\u00f3 th\u1ec3 gi\u00fap b\u1ea1n x\u00e1c \u0111\u1ecbnh m\u1ed9t s\u1ea3n ph\u1ea9m ph\u00f9 h\u1ee3p v\u1edbi nhu c\u1ea7u c\u1ee7a v\u0103n ph\u00f2ng c\u1ee7a b\u1ea1n.                <\/div>\r\n            <\/div>\r\n        <\/div>\r\n    <\/div>\r\n    <\/div>\r\n<style>\r\n    #wcp-widget-5586-0 .info h3 {\r\n        color: #ffffff;\r\n    }    \r\n    #wcp-widget-5586-0 .info .bottom-caption * {\r\n        color: ;\r\n    }    \r\n<\/style>            <\/div>\r\n            \r\n            <\/div>\r\n    \r\n\r\n    \r\n    <div class=\"clearfix\"><\/div>\r\n    \r\n<\/div><\/a>[\/vc_column_text][\/vc_column_inner][\/vc_row_inner][\/vc_column][\/vc_row][vc_row 0=&#8221;&#8221;][vc_column width=&#8221;1\/3&#8243;][vc_column_text 0=&#8221;&#8221;]<a href=\"https:\/\/www.btapac.konicaminolta.com\/\"><div class=\"ich-prefix\">\r\n\r\n    \r\n    <div class=\"row wcp-fgg-wrap\" style=\"width:auto;margin-left: -10px;margin-right: -10px;\">\r\n\r\n                                <div class=\"col-1-1\" style=\"padding: 10px;\">\r\n                <div class=\"ih-item square effect6 bottom_to_top\" id=\"wcp-widget-5587-0\">\r\n    <div class=\"wcp-ih-inner\">\r\n            <div class=\"img\">\r\n            <img decoding=\"async\" src=\"\/business\/wp-content\/uploads\/2017\/06\/support-icon4-drivers1.jpg\" title=\"Tr\u00ecnh \u0111i\u1ec1u khi\u1ec3n m\u00e1y in\" alt=\"\" \/>                \r\n        <\/div>\r\n        <div class=\"info\" style=\"background-color: #003366;color:;\">\r\n            <div >\r\n                <h3 style=\"font-size:14;background-color:;\">\r\n                    Tr\u00ecnh \u0111i\u1ec1u khi\u1ec3n m\u00e1y in                <\/h3>\r\n                <div class=\"bottom-caption\" style=\"text-align: left;\">\r\n                    T\u1ea3i xu\u1ed1ng tr\u00ecnh \u0111i\u1ec1u khi\u1ec3n v\u00e0 ti\u1ec7n \u00edch m\u00e1y in m\u1edbi nh\u1ea5t cho m\u00e1y c\u1ee7a b\u1ea1n t\u1ea1i \u0111\u00e2y.                <\/div>\r\n            <\/div>\r\n        <\/div>\r\n    <\/div>\r\n    <\/div>\r\n<style>\r\n    #wcp-widget-5587-0 .info h3 {\r\n        color: #ffffff;\r\n    }    \r\n    #wcp-widget-5587-0 .info .bottom-caption * {\r\n        color: ;\r\n    }    \r\n<\/style>            <\/div>\r\n            \r\n            <\/div>\r\n    \r\n\r\n    \r\n    <div class=\"clearfix\"><\/div>\r\n    \r\n<\/div><\/a>[\/vc_column_text][\/vc_column][vc_column width=&#8221;1\/3&#8243;][vc_column_text 0=&#8221;&#8221;]<a href=\"https:\/\/www.biz.konicaminolta.com\/download\/users-guide\/\" target=\"_blank\" rel=\"noopener noreferrer\"><div class=\"ich-prefix\">\r\n\r\n    \r\n    <div class=\"row wcp-fgg-wrap\" style=\"width:auto;margin-left: -10px;margin-right: -10px;\">\r\n\r\n                                <div class=\"col-1-1\" style=\"padding: 10px;\">\r\n                <div class=\"ih-item square effect6 bottom_to_top\" id=\"wcp-widget-5588-0\">\r\n    <div class=\"wcp-ih-inner\">\r\n            <div class=\"img\">\r\n            <img decoding=\"async\" src=\"\/business\/wp-content\/uploads\/2017\/06\/support-icon5-manuals1.jpg\" title=\"H\u01b0\u1edbng d\u1eabn s\u1eed d\u1ee5ng\" alt=\"\" \/>                \r\n        <\/div>\r\n        <div class=\"info\" style=\"background-color: #003366;color:;\">\r\n            <div >\r\n                <h3 style=\"font-size:;background-color:;\">\r\n                    H\u01b0\u1edbng d\u1eabn s\u1eed d\u1ee5ng                <\/h3>\r\n                <div class=\"bottom-caption\" style=\"text-align: left;\">\r\n                    T\u00ecm h\u01b0\u1edbng d\u1eabn s\u1eed d\u1ee5ng v\u00e0 h\u01b0\u1edbng d\u1eabn s\u1eed d\u1ee5ng t\u1ea3i xu\u1ed1ng PDF mi\u1ec5n ph\u00ed t\u1ea1i \u0111\u00e2y                <\/div>\r\n            <\/div>\r\n        <\/div>\r\n    <\/div>\r\n    <\/div>\r\n<style>\r\n    #wcp-widget-5588-0 .info h3 {\r\n        color: #ffffff;\r\n    }    \r\n    #wcp-widget-5588-0 .info .bottom-caption * {\r\n        color: ;\r\n    }    \r\n<\/style>            <\/div>\r\n            \r\n            <\/div>\r\n    \r\n\r\n    \r\n    <div class=\"clearfix\"><\/div>\r\n    \r\n<\/div><\/a>[\/vc_column_text][\/vc_column][vc_column width=&#8221;1\/3&#8243;][\/vc_column][\/vc_row][vc_row 0=&#8221;&#8221;][vc_column 0=&#8221;&#8221;][vc_empty_space 0=&#8221;&#8221;][\/vc_column][\/vc_row]<\/p>\n<\/div>","protected":false},"excerpt":{"rendered":"<p>[vc_row 0=&#8221;&#8221;][vc_column 0=&#8221;&#8221;][vc_empty_space 0=&#8221;&#8221;][vc_row_inner 0=&#8221;&#8221;][vc_column_inner width=&#8221;1\/3&#8243;][vc_column_text 0=&#8221;&#8221;][\/vc_column_text][\/vc_column_inner][vc_column_inner width=&#8221;1\/3&#8243;][vc_column_text 0=&#8221;&#8221;][\/vc_column_text][\/vc_column_inner][vc_column_inner width=&#8221;1\/3&#8243;][vc_column_text 0=&#8221;&#8221;][\/vc_column_text][\/vc_column_inner][\/vc_row_inner][\/vc_column][\/vc_row][vc_row 0=&#8221;&#8221;][vc_column width=&#8221;1\/3&#8243;][vc_column_text 0=&#8221;&#8221;][\/vc_column_text][\/vc_column][vc_column width=&#8221;1\/3&#8243;][vc_column_text 0=&#8221;&#8221;][\/vc_column_text][\/vc_column][vc_column width=&#8221;1\/3&#8243;][\/vc_column][\/vc_row][vc_row 0=&#8221;&#8221;][vc_column 0=&#8221;&#8221;][vc_empty_space 0=&#8221;&#8221;][\/vc_column][\/vc_row]<\/p>\n","protected":false},"author":1,"featured_media":0,"parent":0,"menu_order":0,"comment_status":"closed","ping_status":"closed","template":"","meta":{"footnotes":""},"class_list":["post-5107","page","type-page","status-publish","hentry"],"_links":{"self":[{"href":"https:\/\/www.konicaminolta.vn\/business\/wp-json\/wp\/v2\/pages\/5107","targetHints":{"allow":["GET"]}}],"collection":[{"href":"https:\/\/www.konicaminolta.vn\/business\/wp-json\/wp\/v2\/pages"}],"about":[{"href":"https:\/\/www.konicaminolta.vn\/business\/wp-json\/wp\/v2\/types\/page"}],"author":[{"embeddable":true,"href":"https:\/\/www.konicaminolta.vn\/business\/wp-json\/wp\/v2\/users\/1"}],"replies":[{"embeddable":true,"href":"https:\/\/www.konicaminolta.vn\/business\/wp-json\/wp\/v2\/comments?post=5107"}],"version-history":[{"count":4,"href":"https:\/\/www.konicaminolta.vn\/business\/wp-json\/wp\/v2\/pages\/5107\/revisions"}],"predecessor-version":[{"id":8194,"href":"https:\/\/www.konicaminolta.vn\/business\/wp-json\/wp\/v2\/pages\/5107\/revisions\/8194"}],"wp:attachment":[{"href":"https:\/\/www.konicaminolta.vn\/business\/wp-json\/wp\/v2\/media?parent=5107"}],"curies":[{"name":"wp","href":"https:\/\/api.w.org\/{rel}","templated":true}]}}