{"id":5108,"date":"2018-06-19T04:03:15","date_gmt":"2018-06-18T20:03:15","guid":{"rendered":"http:\/\/konicaminolta.me\/terms-of-use\/"},"modified":"2025-08-20T16:30:49","modified_gmt":"2025-08-20T09:30:49","slug":"terms-of-use","status":"publish","type":"page","link":"https:\/\/www.konicaminolta.vn\/business\/terms-of-use\/","title":{"rendered":"\u0110i\u1ec1u kho\u1ea3n s\u1eed d\u1ee5ng"},"content":{"rendered":"<div class=\"wpb-content-wrapper\"><p>[vc_row][vc_column][vc_column_text]<\/p>\n<h3 style=\"text-align: justify;\"><strong>T\u00ednh ph\u00e1p l\u00fd<\/strong><\/h3>\n<p style=\"text-align: justify;\">Trang web c\u1ee7a \u00f4ng \u0111\u01b0\u1ee3c \u0111i\u1ec1u h\u00e0nh d\u01b0\u1edbi s\u1ef1 gi\u00e1m s\u00e1t c\u1ee7a C\u00f4ng ty TNHH Konica Minolta Business Solutions Vi\u1ec7t Nam (Tr\u1ee5 s\u1edf ch\u00ednh: Ph\u00f2ng VP-02-01, L\u1ea7u 2, T\u00f2a nh\u00e0 Pearl 5, S\u1ed1 5 L\u00ea Qu\u00fd \u0110\u00f4n, Ph\u01b0\u1eddng Xu\u00e2n H\u00f2a, TP. HCM, Vi\u1ec7t Nam) v\u1edbi m\u1ee5c \u0111\u00edch cung c\u1ea5p th\u00f4ng tin v\u1ec1 T\u1eadp \u0111o\u00e0n Konica Minolta (\u201cKonica Minolta\u201d) tr\u00ean to\u00e0n th\u1ebf gi\u1edbi. B\u1eb1ng c\u00e1ch truy c\u1eadp trang web n\u00e0y, du kh\u00e1ch cho bi\u1ebft s\u1ef1 \u0111\u1ed3ng \u00fd c\u1ee7a h\u1ecd b\u1ecb r\u00e0ng bu\u1ed9c b\u1edfi lu\u1eadt ph\u00e1p Nh\u1eadt B\u1ea3n v\u00e0 ph\u00e1p l\u1ec7nh c\u1ee7a Tokyo v\u1ec1 vi\u1ec7c s\u1eed d\u1ee5ng trang web n\u00e0y, b\u1ea5t k\u1ec3 s\u1ef1 kh\u00e1c bi\u1ec7t n\u00e0o v\u1ec1 nguy\u00ean t\u1eafc ph\u00e1p l\u00fd \u00e1p d\u1ee5ng cho Konica Minolta v\u00e0 nh\u1eefng ng\u01b0\u1eddi truy c\u1eadp trang web n\u00e0y.<\/p>\n<p style=\"text-align: justify;\">Th\u00f4ng tin \u0111\u01b0\u1ee3c c\u00f4ng b\u1ed1 tr\u00ean trang web n\u00e0y c\u00f3 th\u1ec3 ch\u1ee9a c\u00e1c l\u1ed7i kh\u00f4ng ch\u00ednh x\u00e1c v\u1ec1 k\u1ef9 thu\u1eadt ho\u1eb7c l\u1ed7i in \u1ea5n. Th\u00f4ng tin c\u00f3 th\u1ec3 thay \u0111\u1ed5i ho\u1eb7c c\u1eadp nh\u1eadt m\u00e0 kh\u00f4ng c\u1ea7n th\u00f4ng b\u00e1o.<\/p>\n<p style=\"text-align: justify;\">Konica Minolta c\u00f3 th\u1ec3 c\u1ea3i thi\u1ec7n ho\u1eb7c s\u1eeda \u0111\u1ed5i c\u00e1c s\u1ea3n ph\u1ea9m v\u00e0 d\u1ecbch v\u1ee5 \u0111\u01b0\u1ee3c gi\u1edbi thi\u1ec7u tr\u00ean trang Web n\u00e0y m\u00e0 kh\u00f4ng c\u1ea7n th\u00f4ng b\u00e1o.<\/p>\n<p style=\"text-align: justify;\">Konica Minolta kh\u00f4ng mu\u1ed1n nh\u1eadn th\u00f4ng tin b\u00ed m\u1eadt ho\u1eb7c \u0111\u1ed9c quy\u1ec1n t\u1eeb b\u1ea1n th\u00f4ng qua trang web n\u00e0y. Konica Minolta th\u1ef1c hi\u1ec7n nghi\u00ean c\u1ee9u v\u00e0 ph\u00e1t tri\u1ec3n ban \u0111\u1ea7u trong m\u1ed9t lo\u1ea1t c\u00e1c l\u0129nh v\u1ef1c. Kh\u1ea3 n\u0103ng t\u1ed3n t\u1ea1i m\u00e0 m\u1ed9t \u00fd t\u01b0\u1edfng kh\u00f4ng b\u00e1o tr\u01b0\u1edbc \u0111\u01b0\u1ee3c h\u00ecnh th\u00e0nh ban \u0111\u1ea7u b\u1edfi Konica Minolta c\u00f3 th\u1ec3 \u0111\u01b0\u1ee3c nh\u00ecn th\u1ea5y gi\u1ed1ng nh\u01b0 m\u1ed9t g\u1ee3i \u00fd \u0111\u01b0\u1ee3c g\u1eedi b\u1edfi b\u1ea1n. \u0110\u1ec3 tr\u00e1nh b\u1ea5t k\u1ef3 s\u1ef1 hi\u1ec3u l\u1ea7m ho\u1eb7c tranh ch\u1ea5p n\u00e0o ph\u00e1t sinh t\u1eeb s\u1ef1 ki\u1ec7n nh\u01b0 v\u1eady, Konica Minolta c\u00f3 ch\u00ednh s\u00e1ch t\u1eeb ch\u1ed1i ch\u1ea5p nh\u1eadn b\u1ea5t k\u1ef3 \u00fd t\u01b0\u1edfng, b\u1ea3n ghi nh\u1edb, b\u1ea3n v\u1ebd, kh\u00e1i ni\u1ec7m ho\u1eb7c \u0111\u1ec1 xu\u1ea5t kh\u00e1c m\u00e0 b\u1ea1n c\u00f3 th\u1ec3 th\u1ef1c hi\u1ec7n li\u00ean quan \u0111\u1ebfn s\u1ea3n ph\u1ea9m m\u1edbi, c\u00f4ng ngh\u1ec7, thi\u1ebft k\u1ebf, ph\u01b0\u01a1ng ph\u00e1p s\u1ea3n xu\u1ea5t, qu\u1ea3ng c\u00e1o , khuy\u1ebfn m\u00e3i ho\u1eb7c ti\u1ebfp th\u1ecb, vv. M\u1eb7c d\u00f9 ch\u00ednh s\u00e1ch n\u00e0y \u0111\u00e3 nh\u1eadn \u0111\u01b0\u1ee3c \u0111\u1ec1 xu\u1ea5t, b\u1ea5t k\u1ef3 v\u00e0 t\u1ea5t c\u1ea3 c\u00e1c \u0111\u1ec1 xu\u1ea5t nh\u01b0 v\u1eady s\u1ebd \u0111\u01b0\u1ee3c tr\u1ea3 l\u1ea1i m\u00e0 kh\u00f4ng xem x\u00e9t ho\u1eb7c \u0111\u00e1nh gi\u00e1. H\u01a1n n\u1eefa, b\u1ea5t k\u1ef3 th\u00f4ng tin v\u00e0 t\u00e0i li\u1ec7u n\u00e0o do b\u1ea1n g\u1eedi s\u1ebd \u0111\u01b0\u1ee3c coi l\u00e0 kh\u00f4ng b\u1ea3o m\u1eadt.[\/vc_column_text][\/vc_column][\/vc_row][vc_row][vc_column][vc_separator][\/vc_column][\/vc_row][vc_row][vc_column][vc_column_text]<\/p>\n<h3 style=\"text-align: justify;\"><strong>C\u00e1c \u0111i\u1ec1u kho\u1ea3n v\u00e0 \u0111i\u1ec1u ki\u1ec7n s\u1eed d\u1ee5ng<\/strong><\/h3>\n<p style=\"text-align: justify;\">Ng\u01b0\u1eddi d\u00f9ng ch\u1ecbu m\u1ecdi tr\u00e1ch nhi\u1ec7m v\u00e0 r\u1ee7i ro khi s\u1eed d\u1ee5ng trang web n\u00e0y. Trong m\u1ecdi tr\u01b0\u1eddng h\u1ee3p, C\u00f4ng ty s\u1ebd kh\u00f4ng ch\u1ecbu tr\u00e1ch nhi\u1ec7m cho b\u1ea5t k\u1ef3 thi\u1ec7t h\u1ea1i n\u00e0o ph\u00e1t sinh t\u1eeb th\u00f4ng tin ho\u1eb7c vi\u1ec7c s\u1eed d\u1ee5ng th\u00f4ng tin thu \u0111\u01b0\u1ee3c t\u1eeb trang web n\u00e0y v\u00e0 t\u1eeb b\u1ea5t k\u1ef3 trang web n\u00e0o kh\u00e1c \u0111\u01b0\u1ee3c li\u00ean k\u1ebft v\u1edbi trang web n\u00e0y.[\/vc_column_text][\/vc_column][\/vc_row][vc_row][vc_column][vc_column_text]<strong>B\u1ea3n quy\u1ec1n<\/strong><\/p>\n<p style=\"text-align: justify;\">B\u1ea3n quy\u1ec1n \u00a9 2007, Konica Minolta Holdings, Inc. M\u1ecdi quy\u1ec1n \u0111\u01b0\u1ee3c b\u1ea3o l\u01b0u. T\u1ea5t c\u1ea3 v\u0103n b\u1ea3n, h\u00ecnh \u1ea3nh, h\u00ecnh \u1ea3nh, \u0111\u1ed3 h\u1ecda, ho\u1ea1t h\u00ecnh, \u00e2m nh\u1ea1c, \u00e2m thanh v\u00e0 c\u00e1c t\u00e0i li\u1ec7u kh\u00e1c tr\u00ean trang web n\u00e0y \u0111\u1ec1u ph\u1ea3i c\u00f3 b\u1ea3n quy\u1ec1n v\u00e0 quy\u1ec1n s\u1edf h\u1eefu tr\u00ed tu\u1ec7 kh\u00e1c c\u1ee7a Konica Minolta Holdings, c\u00e1c c\u00f4ng ty li\u00ean k\u1ebft v\u00e0 ng\u01b0\u1eddi c\u1ea5p ph\u00e9p. Konica Minolta Holdings s\u1edf h\u1eefu b\u1ea3n quy\u1ec1n trong vi\u1ec7c l\u1ef1a ch\u1ecdn, \u0111i\u1ec1u ph\u1ed1i v\u00e0 s\u1eafp x\u1ebfp c\u00e1c t\u00e0i li\u1ec7u tr\u00ean trang web n\u00e0y. C\u00e1c t\u00e0i li\u1ec7u n\u00e0y c\u00f3 th\u1ec3 kh\u00f4ng \u0111\u01b0\u1ee3c sao ch\u00e9p \u0111\u1ec3 s\u1eed d\u1ee5ng ho\u1eb7c ph\u00e2n ph\u1ed1i th\u01b0\u01a1ng m\u1ea1i, c\u0169ng nh\u01b0 c\u00e1c t\u00e0i li\u1ec7u n\u00e0y c\u00f3 th\u1ec3 \u0111\u01b0\u1ee3c s\u1eeda \u0111\u1ed5i ho\u1eb7c reposted cho c\u00e1c trang web kh\u00e1c.<\/p>\n<p style=\"text-align: justify;\">Sao ch\u00e9p, truy\u1ec1n t\u1ea3i c\u00f4ng c\u1ed9ng, s\u1eeda \u0111\u1ed5i, x\u00f3a ho\u1eb7c sinh s\u1ea3n tr\u00ean trang web n\u1ed9i dung c\u1ee7a b\u1ea1n t\u1eeb trang web n\u00e0y m\u00e0 kh\u00f4ng \u0111\u01b0\u1ee3c ch\u1ee7 b\u1ea3n quy\u1ec1n cho ph\u00e9p Konica Minolta Holdings, c\u00e1c c\u00f4ng ty li\u00ean k\u1ebft v\u00e0 ng\u01b0\u1eddi c\u1ea5p ph\u00e9p b\u1ecb c\u1ea5m theo lu\u1eadt b\u1ea3n quy\u1ec1n, ngo\u1ea1i tr\u1eeb in ho\u1eb7c l\u01b0u tr\u1eef \u0111\u1ec3 s\u1eed d\u1ee5ng c\u00e1 nh\u00e2n, ho\u1eb7c s\u1eed d\u1ee5ng c\u1ee5 th\u1ec3 kh\u00e1c \u0111\u01b0\u1ee3c ph\u00e9p theo lu\u1eadt b\u1ea3n quy\u1ec1n. Do \u0111\u00f3, b\u1ea1n \u0111\u01b0\u1ee3c y\u00eau c\u1ea7u li\u00ean h\u1ec7 v\u1edbi Konica Minolta Holdings (\u201cKonica Minolta\u201d) \u0111\u1ec3 xin ph\u00e9p tr\u01b0\u1edbc khi s\u1eed d\u1ee5ng n\u1ed9i dung xu\u1ea5t hi\u1ec7n tr\u00ean trang web. L\u01b0u \u00fd r\u1eb1ng quy\u1ec1n s\u1eed d\u1ee5ng n\u1ed9i dung \u0111\u00f3 c\u00f3 th\u1ec3 b\u1ecb t\u1eeb ch\u1ed1i n\u1ebfu n\u00f3 ch\u1ee9a \u1ea3nh ch\u00e2n dung \u0111\u01b0\u1ee3c b\u1ea3o v\u1ec7 theo lu\u1eadt, t\u00e0i li\u1ec7u c\u00f3 b\u1ea3n quy\u1ec1n ho\u1eb7c nh\u00e3n hi\u1ec7u thu\u1ed9c v\u1ec1 b\u00ean th\u1ee9 ba, v.v. ho\u1eb7c n\u1ebfu s\u1eed d\u1ee5ng d\u1ef1 \u0111\u1ecbnh \u0111\u01b0\u1ee3c Konica Minolta coi l\u00e0 kh\u00f4ng ph\u00f9 h\u1ee3p.<\/p>\n<p style=\"text-align: justify;\">N\u1ebfu s\u1eed d\u1ee5ng \u0111\u01b0\u1ee3c l\u00e0m b\u1eb1ng n\u1ed9i dung v\u1edbi s\u1ef1 cho ph\u00e9p c\u1ee7a Konica Minolta, b\u1ea1n \u0111\u01b0\u1ee3c y\u00eau c\u1ea7u hi\u1ec3n th\u1ecb th\u00f4ng b\u00e1o b\u1ea3n quy\u1ec1n \u0111\u01b0\u1ee3c ch\u1ec9 \u0111\u1ecbnh b\u1edfi Konica Minolta. Vi\u1ec7c s\u1eeda \u0111\u1ed5i ho\u1eb7c x\u00f3a th\u00f4ng b\u00e1o b\u1ea3n quy\u1ec1n m\u00e0 kh\u00f4ng c\u1ea7n th\u00f4ng b\u00e1o tr\u01b0\u1edbc cho Konica Minolta \u0111\u1ec1u b\u1ecb c\u1ea5m.[\/vc_column_text][\/vc_column][\/vc_row][vc_row][vc_column][vc_separator][\/vc_column][\/vc_row][vc_row][vc_column][vc_column_text]<strong> Tr\u00ecnh duy\u1ec7t v\u00e0 plugin \u0111\u01b0\u1ee3c \u0111\u1ec1 xu\u1ea5t <\/strong><\/p>\n<ol style=\"text-align: justify;\">\n<li>Tr\u00ecnh duy\u1ec7t T\u01b0\u01a1ng th\u00edch\n<ol>\n<li>Microsoft WindowsBrowser:<br \/>\nMicrosoft Internet Explorer 6.0 SP1 tr\u1edf l\u00ean, Mozilla Firefox 2.0 tr\u1edf l\u00ean.<\/li>\n<li>Apple Macintosh<br \/>\nSafari 2.0 tr\u1edf l\u00ean.<\/li>\n<\/ol>\n<\/li>\n<li>Tr\u00ecnh c\u1eafm B\u1eaft bu\u1ed9c\n<ol>\n<li>Phi\u00ean b\u1ea3n Flash Player m\u1edbi nh\u1ea5t t\u1eeb Adobe Systems Incorporated.<\/li>\n<li>Phi\u00ean b\u1ea3n Adobe Reader m\u1edbi nh\u1ea5t t\u1eeb Adobe Systems Incorporated.<\/li>\n<li>Phi\u00ean b\u1ea3n Windows Media Player m\u1edbi nh\u1ea5t t\u1eeb Microsoft Corporation.<\/li>\n<\/ol>\n<\/li>\n<\/ol>\n<p style=\"text-align: justify;\">[\/vc_column_text][\/vc_column][\/vc_row][vc_row][vc_column][vc_separator][\/vc_column][\/vc_row][vc_row][vc_column][vc_column_text]<\/p>\n<h3 style=\"text-align: justify;\"><strong> Cookie <\/strong><\/h3>\n<p style=\"text-align: justify;\"><strong> S\u1eed d\u1ee5ng cookie v\u00e0 \u0111\u00e8n hi\u1ec7u Web <\/strong><\/p>\n<p style=\"text-align: justify;\">\u0110\u1ec3 cung c\u1ea5p d\u1ecbch v\u1ee5 t\u1ed1t h\u01a1n cho kh\u00e1ch h\u00e0ng, c\u00e1c trang web Konica Minolta c\u00f3 th\u1ec3 s\u1eed d\u1ee5ng cookie v\u00e0 \/ ho\u1eb7c \u0111\u00e8n hi\u1ec7u web. C\u00e1c c\u00f4ng ngh\u1ec7 n\u00e0y \u0111\u01b0\u1ee3c ph\u1ea3n \u0111\u1ed1i \u0111\u1ec3 \u0111\u01b0\u1ee3c s\u1eed d\u1ee5ng \u0111\u1ec3 hi\u1ec3n th\u1ecb c\u00f3 ch\u1ecdn l\u1ecdc c\u00e1c trang ph\u00f9 h\u1ee3p nh\u1ea5t v\u1edbi kh\u00e1ch h\u00e0ng v\u00e0 \u0111\u1ec3 thu th\u1eadp d\u1eef li\u1ec7u t\u0129nh c\u1ee7a kh\u00e1ch truy c\u1eadp web.<br \/>\nTuy nhi\u00ean, vi\u1ec7c s\u1eed d\u1ee5ng c\u00e1c c\u00f4ng ngh\u1ec7 \u0111\u00f3 \u0111\u01b0\u1ee3c ki\u1ec1m ch\u1ebf kh\u1ecfi ch\u1ee9c n\u0103ng \u0111\u1ec3 theo d\u00f5i ho\u1eb7c x\u00e1c \u0111\u1ecbnh c\u00e1c c\u00e1 nh\u00e2n.<\/p>\n<p style=\"text-align: justify;\">H\u01a1n n\u1eefa, c\u00f3 th\u1ec3 cho m\u1ecdi kh\u00e1ch h\u00e0ng s\u1eb5n s\u00e0ng b\u1eadt \/ t\u1eaft vi\u1ec7c s\u1eed d\u1ee5ng cookie tr\u00ean tr\u00ecnh duy\u1ec7t c\u1ee7a m\u00ecnh ho\u1eb7c th\u1eadm ch\u00ed \u0111\u1ec3 \u0111\u1eb7t tr\u00ecnh duy\u1ec7t \u0111\u01b0a ra c\u1ea3nh b\u00e1o t\u01b0\u01a1ng t\u00e1c tr\u01b0\u1edbc khi cookie \u0111\u01b0\u1ee3c chuy\u1ec3n.<br \/>\nKhi vi\u1ec7c s\u1eed d\u1ee5ng cookie b\u1ecb t\u1eaft tr\u00ean tr\u00ecnh duy\u1ec7t, c\u00e1c trang web Konica Minolta c\u00f3 th\u1ec3 \u0111\u1ecdc \u0111\u01b0\u1ee3c nh\u01b0ng b\u1ecb gi\u1edbi h\u1ea1n trong m\u1ed9t s\u1ed1 d\u1ecbch v\u1ee5.[\/vc_column_text][\/vc_column][\/vc_row][vc_row][vc_column][vc_separator][\/vc_column][\/vc_row][vc_row][vc_column][vc_column_text]<\/p>\n<h3 style=\"text-align: justify;\"><strong> Tr\u1ee3 n\u0103ng <\/strong><\/h3>\n<p style=\"text-align: justify;\">Konica Minolta cam k\u1ebft cung c\u1ea5p m\u1ed9t trang web c\u00f3 th\u1ec3 truy c\u1eadp d\u1ec5 d\u00e0ng v\u00e0 tho\u1ea3i m\u00e1i b\u1edfi t\u1ea5t c\u1ea3 ng\u01b0\u1eddi d\u00f9ng Internet, bao g\u1ed3m c\u1ea3 nh\u1eefng ng\u01b0\u1eddi b\u1ecb v\u00f4 hi\u1ec7u h\u00f3a b\u1edfi tu\u1ed5i gi\u00e0 ho\u1eb7c c\u00e1c l\u00fd do v\u1eadt l\u00fd kh\u00e1c. V\u00ec l\u00fd do n\u00e0y, \u0111i\u1ec1u quan tr\u1ecdng l\u00e0 trang web c\u1ee7a ch\u00fang t\u00f4i \u0111\u01b0\u1ee3c thi\u1ebft k\u1ebf v\u00e0 m\u00e3 h\u00f3a theo c\u00e1ch \u0111\u1ec3 \u0111\u1eb7t g\u00e1nh n\u1eb7ng c\u00e0ng nh\u1ecf c\u00e0ng t\u1ed1t v\u00e0o nh\u1eefng ng\u01b0\u1eddi khi\u1ebfm th\u1ecb, th\u1ea7n kinh, th\u1ec3 ch\u1ea5t, tr\u00ed tu\u1ec7 v\u00e0 ng\u00f4n ng\u1eef.<br \/>\nKonica Minolta cam k\u1ebft cung c\u1ea5p th\u00f4ng tin r\u00f5 r\u00e0ng v\u00e0 d\u1ec5 hi\u1ec3u, \u0111\u1ec3 kh\u00f4ng g\u00e2y hi\u1ec3u l\u1ea7m ho\u1eb7c nh\u1ea7m l\u1eabn gi\u1eefa nh\u1eefng ng\u01b0\u1eddi d\u00f9ng truy c\u1eadp trang web c\u1ee7a ch\u00fang t\u00f4i do tr\u1ea3i nghi\u1ec7m, tr\u00ed tu\u1ec7, v\u0103n h\u00f3a ho\u1eb7c ng\u00f4n ng\u1eef c\u1ee7a ng\u01b0\u1eddi d\u00f9ng \u0111\u00f3.<br \/>\nKonica Minolta cam k\u1ebft thi\u1ebft k\u1ebf giao di\u1ec7n v\u1edbi kh\u1ea3 n\u0103ng s\u1eed d\u1ee5ng cao, xem x\u00e9t m\u00f4i tr\u01b0\u1eddng m\u00e0 ng\u01b0\u1eddi d\u00f9ng truy c\u1eadp Internet \u0111\u1ec3 \u0111\u1ea3m b\u1ea3o s\u1ef1 h\u00e0i l\u00f2ng v\u00e0 tin t\u01b0\u1edfng c\u1ee7a nh\u1eefng ng\u01b0\u1eddi d\u00f9ng \u0111\u00f3 c\u0169ng nh\u01b0 t\u0103ng l\u1ee3i \u00edch khi s\u1eed d\u1ee5ng trang web.[\/vc_column_text][\/vc_column][\/vc_row][vc_row][vc_column][vc_separator][\/vc_column][\/vc_row][vc_row][vc_column][vc_column_text]<\/p>\n<h3 style=\"text-align: justify;\"><strong> Ch\u00ednh s\u00e1ch b\u1ea3o m\u1eadt <\/strong><\/h3>\n<p style=\"text-align: justify;\">Konica Minolta l\u00e0m h\u1ebft s\u1ee9c m\u00ecnh \u0111\u1ec3 qu\u1ea3n l\u00fd v\u00e0 b\u1ea3o v\u1ec7 th\u00f4ng tin c\u00e1 nh\u00e2n c\u1ee7a b\u1ea1n. Th\u00f4ng th\u01b0\u1eddng, b\u1ea1n s\u1ebd kh\u00f4ng c\u1ea7n cung c\u1ea5p t\u00ean ho\u1eb7c b\u1ea5t k\u1ef3 th\u00f4ng tin n\u00e0o kh\u00e1c v\u1ec1 b\u1ea3n th\u00e2n \u0111\u1ec3 truy c\u1eadp trang web n\u00e0y.<\/p>\n<p style=\"text-align: justify;\">\u0110\u1ed3ng th\u1eddi, trang web n\u00e0y \u0111\u01b0\u1ee3c v\u1eadn h\u00e0nh v\u1edbi m\u1ee5c \u0111\u00edch cung c\u1ea5p th\u00f4ng tin v\u1ec1 Konica Minolta, v\u00e0 c\u00f3 th\u1ec3 c\u00f3 tr\u01b0\u1eddng h\u1ee3p b\u1ea1n s\u1ebd \u0111\u01b0\u1ee3c y\u00eau c\u1ea7u t\u1ef1 nguy\u1ec7n cung c\u1ea5p th\u00f4ng tin c\u00e1 nh\u00e2n nh\u01b0 t\u00ean v\u00e0 \u0111\u1ecba ch\u1ec9 c\u1ee7a b\u1ea1n, tr\u1ea3 l\u1eddi kh\u1ea3o s\u00e1t ho\u1eb7c y\u00eau c\u1ea7u c\u00e2u tr\u1ea3 l\u1eddi cho c\u00e1c truy v\u1ea5n , \u0111\u0103ng k\u00fd g\u1eedi th\u01b0 \u0111\u1ecbnh k\u1ef3 ho\u1eb7c c\u00f3 t\u00e0i li\u1ec7u in \u0111\u01b0\u1ee3c g\u1eedi cho b\u1ea1n.<\/p>\n<p style=\"text-align: justify;\">Trong nh\u1eefng tr\u01b0\u1eddng h\u1ee3p nh\u01b0 v\u1eady, b\u1ea1n c\u00f3 th\u1ec3 \u0111\u01b0\u1ee3c y\u00eau c\u1ea7u cung c\u1ea5p th\u00f4ng tin c\u00e1 nh\u00e2n nh\u01b0 t\u00ean, \u0111\u1ecba ch\u1ec9 e-mail, s\u1ed1 \u0111i\u1ec7n tho\u1ea1i v\u00e0 \u0111\u1ecba ch\u1ec9 \u0111\u01b0\u1eddng ph\u1ed1 c\u1ee7a b\u1ea1n. C\u0169ng c\u00f3 th\u1ec3 c\u00f3 tr\u01b0\u1eddng h\u1ee3p y\u00eau c\u1ea7u th\u00f4ng tin b\u1ed5 sung t\u1ed1i thi\u1ec3u cho c\u00e1c m\u1ee5c \u0111\u00edch c\u1ee5 th\u1ec3. Ngo\u1ea1i tr\u1eeb c\u00e1c th\u00f4ng tin c\u1ea7n thi\u1ebft t\u1ed1i thi\u1ec3u, t\u1ea5t c\u1ea3 c\u00e1c th\u00f4ng tin \u0111\u00f3 l\u00e0 t\u00f9y ch\u1ecdn; b\u1ea1n \u0111\u01b0\u1ee3c t\u1ef1 do cung c\u1ea5p hay kh\u00f4ng. Trong m\u1ecdi tr\u01b0\u1eddng h\u1ee3p, th\u00f4ng tin b\u1ea1n cung c\u1ea5p s\u1ebd b\u1ecb thay \u0111\u1ed5i m\u00e0 kh\u00f4ng c\u00f3 s\u1ef1 cho ph\u00e9p c\u1ee7a b\u1ea1n.<\/p>\n<p style=\"text-align: justify;\">L\u01b0u \u00fd r\u1eb1ng c\u00f3 th\u1ec3 c\u00f3 tr\u01b0\u1eddng h\u1ee3p th\u00f4ng tin b\u1ea1n cung c\u1ea5p \u0111\u01b0\u1ee3c th\u00f4ng b\u00e1o cho b\u00ean th\u1ee9 ba, nh\u01b0ng ch\u1ec9 trong ph\u1ea1m vi c\u1ea7n thi\u1ebft. V\u00ed d\u1ee5: n\u1ebfu ch\u00fang t\u00f4i \u0111\u01b0\u1ee3c y\u00eau c\u1ea7u g\u1eedi t\u00e0i li\u1ec7u \u0111\u1ebfn \u0111\u1ecba ch\u1ec9 c\u1ee7a b\u1ea1n, b\u1ea1n c\u1ea7n th\u00f4ng b\u00e1o t\u00ean v\u00e0 \u0111\u1ecba ch\u1ec9 c\u1ee7a m\u00ecnh cho \u0111\u1ea1i l\u00fd giao h\u00e0ng.<\/p>\n<p style=\"text-align: justify;\">N\u1ebfu m\u1ed9t ng\u01b0\u1eddi \u0111\u0103ng k\u00fd th\u00f4ng tin v\u1edbi trang web n\u00e0y y\u00eau c\u1ea7u ti\u1ebft l\u1ed9 th\u00f4ng tin c\u00e1 nh\u00e2n c\u1ee7a m\u00ecnh, th\u00f4ng tin n\u00e0y s\u1ebd ch\u1ec9 \u0111\u01b0\u1ee3c th\u1ef1c hi\u1ec7n cho b\u00ean \u0111\u0103ng k\u00fd v\u00e0 ch\u1ec9 sau khi x\u00e1c nh\u1eadn danh t\u00ednh c\u1ee7a b\u00ean y\u00eau c\u1ea7u.<\/p>\n<p style=\"text-align: justify;\">Trong vi\u1ec7c cung c\u1ea5p c\u00e1c lo\u1ea1i d\u1ecbch v\u1ee5 nh\u1ea5t \u0111\u1ecbnh tr\u00ean trang web n\u00e0y, kh\u1ea3 n\u0103ng c\u00f3 th\u1ec3 ph\u00e1t sinh khi b\u1ea1n \u0111\u01b0\u1ee3c y\u00eau c\u1ea7u cung c\u1ea5p th\u00eam th\u00f4ng tin b\u00ed m\u1eadt nh\u01b0 th\u00f4ng tin cho c\u00e1c giao d\u1ecbch b\u1eb1ng ti\u1ec1n \u0111i\u1ec7n t\u1eed ho\u1eb7c th\u1ebb t\u00edn d\u1ee5ng. Trong tr\u01b0\u1eddng h\u1ee3p n\u00e0y, m\u00e3 h\u00f3a th\u00f4ng tin \u0111\u01b0\u1ee3c truy\u1ec1n v\u00e0 c\u00e1c b\u01b0\u1edbc kh\u00e1c s\u1ebd \u0111\u01b0\u1ee3c th\u1ef1c hi\u1ec7n \u0111\u1ec3 \u0111\u1ea3m b\u1ea3o t\u00ednh b\u1ea3o m\u1eadt c\u1ee7a th\u00f4ng tin.<\/p>\n<p style=\"text-align: justify;\">C\u00e1c ch\u00ednh s\u00e1ch n\u00eau tr\u00ean c\u00f3 th\u1ec3 thay \u0111\u1ed5i trong t\u01b0\u01a1ng lai, trong tr\u01b0\u1eddng h\u1ee3p \u0111\u00f3 t\u1ea5t c\u1ea3 c\u00e1c thay \u0111\u1ed5i nh\u01b0 v\u1eady s\u1ebd \u0111\u01b0\u1ee3c th\u00f4ng b\u00e1o tr\u00ean trang web n\u00e0y.[\/vc_column_text][\/vc_column][\/vc_row][vc_row][vc_column][vc_separator][\/vc_column][\/vc_row][vc_row][vc_column][vc_column_text]<\/p>\n<h3 style=\"text-align: justify;\"><strong> Li\u00ean k\u1ebft v\u1edbi Trang web <\/strong><\/h3>\n<p style=\"text-align: left;\">Quy\u1ec1n \u0111\u01b0\u1ee3c c\u1ea5p \u0111\u1ec3 li\u00ean k\u1ebft \u0111\u1ebfn trang web n\u1ebfu b\u1ea1n tu\u00e2n th\u1ee7 ch\u00ednh s\u00e1ch li\u00ean k\u1ebft sau: trang web c\u1ee7a b\u1ea1n kh\u00f4ng \u0111\u01b0\u1ee3c vu kh\u1ed1ng ho\u1eb7c l\u00e0m h\u1ecfng Konica Minolta ho\u1eb7c ch\u1ee9a n\u1ed9i dung kh\u00f4ng ph\u00f9 h\u1ee3p; b\u1ea1n kh\u00f4ng th\u1ec3 t\u1ea1o khung xung quanh n\u1ed9i dung Konica Minolta ho\u1eb7c t\u1ea1o b\u1ea5t k\u1ef3 hi\u1ec3n th\u1ecb n\u00e0o theo b\u1ea5t k\u1ef3 ph\u01b0\u01a1ng ph\u00e1p n\u00e0o kh\u00e1c m\u00e0 n\u1ed9i dung kh\u00f4ng thu\u1ed9c Konica Minolta: Quy\u1ec1n n\u00e0y t\u1ef1 \u0111\u1ed9ng ch\u1ea5m d\u1ee9t n\u1ebfu b\u1ea1n vi ph\u1ea1m b\u1ea5t k\u1ef3 \u0111i\u1ec1u kho\u1ea3n ho\u1eb7c \u0111i\u1ec1u ki\u1ec7n n\u00e0o c\u1ee7a c\u00e1c \u0111i\u1ec1u kho\u1ea3n n\u00e0y ho\u1eb7c b\u1ea5t k\u1ef3 \u0111i\u1ec1u kho\u1ea3n s\u1eed d\u1ee5ng hi\u1ec7n h\u00e0nh n\u00e0o trang con. Khi ch\u1ea5m d\u1ee9t, b\u1ea1n ph\u1ea3i x\u00f3a m\u1ecdi li\u00ean k\u1ebft.<\/p>\n<p style=\"text-align: left;\"><strong>Li\u00ean k\u1ebft b\u1eb1ng v\u0103n b\u1ea3n<\/strong><\/p>\n<p style=\"text-align: left;\">&lt;a href=\u201dhttp:\/\/konicaminolta.com\u201d&gt;KONICA MINOLTA&lt;\/a&gt;<\/p>\n<p style=\"text-align: left;\"><strong>Li\u00ean k\u1ebft b\u1eb1ng c\u00e1ch li\u00ean k\u1ebft bi\u1ec3u ng\u1eef<\/strong><\/p>\n<p style=\"text-align: left;\">&lt;a href=\u201dhttp:\/\/konicaminolta.com\u201d&gt;&lt;img src=\u201dhttp:\/\/www.konicaminolta.jp\/siteinfo\/img\/konicaminolta_icon.gif\u201d width=\u201d120\u2033 height=\u201d60\u2033 alt=\u201dKONICA MINOLTA\u201d border=\u201d0\u2033&gt;&lt;\/a&gt;[\/vc_column_text][\/vc_column][\/vc_row][vc_row][vc_column][vc_empty_space height=&#8221;50px&#8221;][\/vc_column][\/vc_row]<\/p>\n<\/div>","protected":false},"excerpt":{"rendered":"<p>[vc_row][vc_column][vc_column_text] T\u00ednh ph\u00e1p l\u00fd Trang web c\u1ee7a \u00f4ng \u0111\u01b0\u1ee3c \u0111i\u1ec1u h\u00e0nh d\u01b0\u1edbi s\u1ef1 gi\u00e1m s\u00e1t c\u1ee7a C\u00f4ng ty TNHH Konica Minolta Business Solutions Vi\u1ec7t Nam (Tr\u1ee5 s\u1edf ch\u00ednh: Ph\u00f2ng VP-02-01, L\u1ea7u 2, T\u00f2a nh\u00e0 Pearl 5, S\u1ed1 5 L\u00ea Qu\u00fd \u0110\u00f4n, Ph\u01b0\u1eddng Xu\u00e2n H\u00f2a, TP. HCM, Vi\u1ec7t Nam) v\u1edbi m\u1ee5c \u0111\u00edch cung c\u1ea5p th\u00f4ng tin<\/p>\n","protected":false},"author":1,"featured_media":0,"parent":0,"menu_order":0,"comment_status":"closed","ping_status":"closed","template":"","meta":{"footnotes":""},"class_list":["post-5108","page","type-page","status-publish","hentry"],"_links":{"self":[{"href":"https:\/\/www.konicaminolta.vn\/business\/wp-json\/wp\/v2\/pages\/5108","targetHints":{"allow":["GET"]}}],"collection":[{"href":"https:\/\/www.konicaminolta.vn\/business\/wp-json\/wp\/v2\/pages"}],"about":[{"href":"https:\/\/www.konicaminolta.vn\/business\/wp-json\/wp\/v2\/types\/page"}],"author":[{"embeddable":true,"href":"https:\/\/www.konicaminolta.vn\/business\/wp-json\/wp\/v2\/users\/1"}],"replies":[{"embeddable":true,"href":"https:\/\/www.konicaminolta.vn\/business\/wp-json\/wp\/v2\/comments?post=5108"}],"version-history":[{"count":4,"href":"https:\/\/www.konicaminolta.vn\/business\/wp-json\/wp\/v2\/pages\/5108\/revisions"}],"predecessor-version":[{"id":11569,"href":"https:\/\/www.konicaminolta.vn\/business\/wp-json\/wp\/v2\/pages\/5108\/revisions\/11569"}],"wp:attachment":[{"href":"https:\/\/www.konicaminolta.vn\/business\/wp-json\/wp\/v2\/media?parent=5108"}],"curies":[{"name":"wp","href":"https:\/\/api.w.org\/{rel}","templated":true}]}}