{"id":5113,"date":"2017-06-24T15:29:50","date_gmt":"2017-06-24T07:29:50","guid":{"rendered":"http:\/\/konicaminolta.me\/solutions\/office-printing-services\/"},"modified":"2018-06-26T01:08:44","modified_gmt":"2018-06-25T18:08:44","slug":"office-printing-services","status":"publish","type":"page","link":"https:\/\/www.konicaminolta.vn\/business\/solutions\/office-printing-services\/","title":{"rendered":"D\u1ecbch v\u1ee5 in \u1ea5n v\u0103n ph\u00f2ng"},"content":{"rendered":"<div class=\"wpb-content-wrapper\"><p>[vc_row css=&#8221;.vc_custom_1498292077692{margin-right: 0px !important;margin-bottom: 50px !important;margin-left: 0px !important;background-image: url(https:\/\/www.konicaminolta.vn\/business\/wp-content\/uploads\/2017\/06\/15611695_ml.jpg?id=2093) !important;background-position: center !important;background-repeat: no-repeat !important;background-size: cover !important;}&#8221;][vc_column css=&#8221;.vc_custom_1498290404954{background-position: center !important;background-repeat: no-repeat !important;background-size: cover !important;}&#8221;][vc_empty_space height=&#8221;50&#8243;][vc_row_inner css=&#8221;.vc_custom_1485768753869{padding-top: 40px !important;padding-right: 40px !important;padding-bottom: 40px !important;padding-left: 40px !important;}&#8221; el_class=&#8221;mobile_no_paddings&#8221;][vc_column_inner el_class=&#8221;mobile_no_paddings&#8221; css=&#8221;.vc_custom_1498292130895{padding-top: 52px !important;padding-right: 30px !important;padding-bottom: 50px !important;padding-left: 40px !important;background-color: rgba(124,124,124,0.9) !important;*background-color: rgb(124,124,124) !important;}&#8221; offset=&#8221;vc_col-lg-5&#8243;][stm_quote box_color=&#8221;custom&#8221; quote_text=&#8221;<br \/>\n&#8221; img_size=&#8221;48&#215;48&#8243; quote=&#8221;Ph\u00e1t tr\u1ef1c tuy\u1ebfn lu\u1ed3ng c\u00f4ng vi\u1ec7c t\u00e0i li\u1ec7u c\u1ee7a b\u1ea1n&#8221; box_color_custom=&#8221;#ffffff&#8221;][\/vc_column_inner][vc_column_inner width=&#8221;7\/12&#8243; offset=&#8221;vc_hidden-md vc_hidden-sm vc_hidden-xs&#8221;][\/vc_column_inner][\/vc_row_inner][vc_empty_space height=&#8221;50px&#8221;][\/vc_column][\/vc_row][vc_row full_width=&#8221;stretch_row&#8221; css=&#8221;.vc_custom_1485759536261{margin-bottom: 0px !important;padding-top: 56px !important;background-color: #f2f2f2 !important;}&#8221;][vc_column][vc_custom_heading text=&#8221;&#8221; font_container=&#8221;tag:h3|text_align:left&#8221; google_fonts=&#8221;font_family:Montserrat%3Aregular%2C700|font_style:700%20bold%20regular%3A700%3Anormal&#8221; css=&#8221;.vc_custom_1498291112937{margin-bottom: 39px !important;}&#8221;][\/vc_column][\/vc_row][vc_row full_width=&#8221;stretch_row&#8221; css=&#8221;.vc_custom_1485759472603{padding-bottom: 35px !important;background-color: #f2f2f2 !important;}&#8221;][vc_column offset=&#8221;vc_col-lg-4&#8243;][stm_icon_box hide_title_line=&#8221;hide_title_line&#8221; icon=&#8221;fa fa-object-group&#8221; style=&#8221;icon_left&#8221; icon_size=&#8221;22&#8243; icon_color=&#8221;custom&#8221; icon_bg_color=&#8221;third_bg&#8221; icon_width=&#8221;70&#8243; title=&#8221;Qu\u1ea3n l\u00fd n\u1ed9i dung doanh nghi\u1ec7p&#8221; title_font_size=&#8221;22&#8243; title_line_height=&#8221;46&#8243; icon_color_custom=&#8221;#222222&#8243; css=&#8221;.vc_custom_1529949849000{margin-bottom: 24px !important;}&#8221;]<span style=\"display: block; line-height: 20px; margin-top: -10px;\">4.000 chuy\u00ean gia c\u1ee7a c\u00f4ng ty gi\u00fap kh\u00e1ch h\u00e0ng t\u1ed1i \u01b0u h\u00f3a doanh nghi\u1ec7p c\u1ee7a h\u1ecd, c\u1ea3i thi\u1ec7n ho\u1ea1t \u0111\u1ed9ng v\u00e0 h\u1ed3 s\u01a1 r\u1ee7i ro c\u1ee7a h\u1ecd.<\/span>[\/stm_icon_box][stm_icon_box hide_title_line=&#8221;hide_title_line&#8221; icon=&#8221;stm-badge&#8221; style=&#8221;icon_left&#8221; icon_size=&#8221;30&#8243; icon_color=&#8221;custom&#8221; icon_bg_color=&#8221;third_bg&#8221; icon_width=&#8221;70&#8243; title=&#8221;B\u1ed9 t\u00e0i li\u1ec7u th\u1ed1ng nh\u1ea5t&#8221; title_font_size=&#8221;22&#8243; title_line_height=&#8221;46&#8243; icon_color_custom=&#8221;#222222&#8243; css=&#8221;.vc_custom_1529949963088{margin-bottom: 24px !important;}&#8221;]<span style=\"display: block; line-height: 20px; margin-top: -10px;\">C\u00e1c chuy\u00ean gia c\u1ee7a ch\u00fang t\u00f4i th\u1ea5y nh\u1eefng g\u00ec ng\u01b0\u1eddi kh\u00e1c kh\u00f4ng, th\u00e1ch th\u1ee9c t\u01b0 duy th\u00f4ng th\u01b0\u1eddng v\u00e0 lu\u00f4n cung c\u1ea5p c\u00e1c gi\u1ea3i ph\u00e1p s\u00e1ng t\u1ea1o.<\/span>[\/stm_icon_box][stm_icon_box hide_title_line=&#8221;hide_title_line&#8221; icon=&#8221;stm-security&#8221; style=&#8221;icon_left&#8221; icon_size=&#8221;30&#8243; icon_color=&#8221;custom&#8221; icon_bg_color=&#8221;third_bg&#8221; icon_width=&#8221;70&#8243; title=&#8221;Gi\u1ea5y tr\u1eafng b\u1ea3o m\u1eadt&#8221; title_font_size=&#8221;22&#8243; title_line_height=&#8221;46&#8243; icon_color_custom=&#8221;#222222&#8243; css=&#8221;.vc_custom_1529950041260{margin-bottom: 24px !important;}&#8221;]<span style=\"display: block; line-height: 20px; margin-top: -10px;\">Kh\u1ea3 n\u0103ng v\u00e0 v\u1ed1n tr\u00ed tu\u1ec7 c\u1ee7a ch\u00fang t\u00f4i \u0111\u01b0\u1ee3c n\u00e2ng cao b\u1edfi chuy\u00ean m\u00f4n s\u00e2u r\u1ed9ng v\u00e0 th\u1ef1c ti\u1ec5n, ph\u01b0\u01a1ng ph\u00e1p c\u1ed9ng t\u00e1c c\u1ee7a ch\u00fang t\u00f4i.<\/span>[\/stm_icon_box][\/vc_column][vc_column offset=&#8221;vc_col-lg-4&#8243;][stm_icon_box hide_title_line=&#8221;hide_title_line&#8221; icon=&#8221;fa fa-gg&#8221; style=&#8221;icon_left&#8221; icon_size=&#8221;22&#8243; icon_color=&#8221;custom&#8221; icon_bg_color=&#8221;third_bg&#8221; icon_width=&#8221;70&#8243; title=&#8221;bizhub B\u1ea3o m\u1eadt&#8221; title_font_size=&#8221;22&#8243; title_line_height=&#8221;46&#8243; icon_color_custom=&#8221;#222222&#8243; css=&#8221;.vc_custom_1529949890126{margin-bottom: 24px !important;}&#8221;]<span style=\"display: block; line-height: 20px; margin-top: -10px;\">T\u01b0 v\u1ea5n l\u00e3nh \u0111\u1ea1o t\u01b0 t\u01b0\u1edfng c\u1ee7a WP l\u00e0 hi\u1ec3n nhi\u00ean trong c\u00e1c s\u00e1ch thi\u1ebft l\u1eadp ch\u01b0\u01a1ng tr\u00ecnh ngh\u1ecb s\u1ef1 c\u1ee7a ch\u00fang t\u00f4i, c\u00e1c b\u00e0i b\u00e1o tr\u1eafng, c\u00e1c b\u00e1o c\u00e1o nghi\u00ean c\u1ee9u trong b\u00e1o ch\u00ed kinh doanh.<\/span>[\/stm_icon_box][stm_icon_box hide_title_line=&#8221;hide_title_line&#8221; icon=&#8221;fa fa-file-pdf-o&#8221; style=&#8221;icon_left&#8221; icon_size=&#8221;22&#8243; icon_color=&#8221;custom&#8221; icon_bg_color=&#8221;third_bg&#8221; icon_width=&#8221;70&#8243; title=&#8221;Gi\u1ea3i ph\u00e1p PDF&#8221; title_font_size=&#8221;22&#8243; title_line_height=&#8221;46&#8243; icon_color_custom=&#8221;#222222&#8243; css=&#8221;.vc_custom_1529949986016{margin-bottom: 24px !important;}&#8221;]<span style=\"display: block; line-height: 20px; margin-top: -10px;\">Vi\u1ec7n k\u1ebft n\u1ed1i c\u00f4ng ty v\u1edbi c\u00e1c nh\u00e0 l\u00e3nh \u0111\u1ea1o n\u1ed5i b\u1eadt c\u1ee7a c\u1ed9ng \u0111\u1ed3ng h\u1ecdc thu\u1eadt \u0111\u1ec3 nghi\u00ean c\u1ee9u chung v\u1ec1 c\u00e1c v\u1ea5n \u0111\u1ec1 bi\u00ean gi\u1edbi.<\/span>[\/stm_icon_box][stm_icon_box hide_title_line=&#8221;hide_title_line&#8221; icon=&#8221;fa fa-building-o&#8221; style=&#8221;icon_left&#8221; icon_size=&#8221;22&#8243; icon_color=&#8221;custom&#8221; icon_bg_color=&#8221;third_bg&#8221; icon_width=&#8221;70&#8243; title=&#8221;V\u0103n ph\u00f2ng \u0111i\u1ec1u ph\u1ed1i ph\u01b0\u1ee3ng ho\u00e0ng&#8221; title_font_size=&#8221;22&#8243; title_line_height=&#8221;46&#8243; icon_color_custom=&#8221;#222222&#8243; css=&#8221;.vc_custom_1529950073519{margin-bottom: 24px !important;}&#8221;]<span style=\"display: block; line-height: 20px; margin-top: -10px;\">Vi\u1ec7n k\u1ebft n\u1ed1i c\u00f4ng ty v\u1edbi c\u00e1c nh\u00e0 l\u00e3nh \u0111\u1ea1o n\u1ed5i b\u1eadt c\u1ee7a c\u1ed9ng \u0111\u1ed3ng h\u1ecdc thu\u1eadt \u0111\u1ec3 nghi\u00ean c\u1ee9u chung v\u1ec1 c\u00e1c v\u1ea5n \u0111\u1ec1 bi\u00ean gi\u1edbi.<\/span>[\/stm_icon_box][\/vc_column][vc_column offset=&#8221;vc_col-lg-4&#8243;][stm_icon_box hide_title_line=&#8221;hide_title_line&#8221; icon=&#8221;fa fa-gg&#8221; style=&#8221;icon_left&#8221; icon_size=&#8221;22&#8243; icon_color=&#8221;custom&#8221; icon_bg_color=&#8221;third_bg&#8221; icon_width=&#8221;70&#8243; title=&#8221;Gi\u1ea3i ph\u00e1p k\u1ebf to\u00e1n chi ph\u00ed&#8221; title_font_size=&#8221;22&#8243; title_line_height=&#8221;46&#8243; icon_color_custom=&#8221;#222222&#8243; css=&#8221;.vc_custom_1529949915816{margin-bottom: 24px !important;}&#8221;]<span style=\"display: block; line-height: 20px; margin-top: -10px;\">T\u01b0 v\u1ea5n l\u00e3nh \u0111\u1ea1o t\u01b0 t\u01b0\u1edfng c\u1ee7a WP l\u00e0 hi\u1ec3n nhi\u00ean trong c\u00e1c s\u00e1ch thi\u1ebft l\u1eadp ch\u01b0\u01a1ng tr\u00ecnh ngh\u1ecb s\u1ef1 c\u1ee7a ch\u00fang t\u00f4i, c\u00e1c b\u00e0i b\u00e1o tr\u1eafng, c\u00e1c b\u00e1o c\u00e1o nghi\u00ean c\u1ee9u trong b\u00e1o ch\u00ed kinh doanh.<\/span>[\/stm_icon_box][stm_icon_box hide_title_line=&#8221;hide_title_line&#8221; icon=&#8221;stm-mans&#8221; style=&#8221;icon_left&#8221; icon_size=&#8221;30&#8243; icon_color=&#8221;custom&#8221; icon_bg_color=&#8221;third_bg&#8221; icon_width=&#8221;70&#8243; title=&#8221;bizhub k\u1ebft n\u1ed1i&#8221; title_font_size=&#8221;22&#8243; title_line_height=&#8221;46&#8243; icon_color_custom=&#8221;#222222&#8243; css=&#8221;.vc_custom_1529950010800{margin-bottom: 24px !important;}&#8221;]<span style=\"display: block; line-height: 20px; margin-top: -10px;\">Kh\u1ea3 n\u0103ng v\u00e0 v\u1ed1n tr\u00ed tu\u1ec7 c\u1ee7a ch\u00fang t\u00f4i \u0111\u01b0\u1ee3c n\u00e2ng cao b\u1edfi chuy\u00ean m\u00f4n s\u00e2u r\u1ed9ng v\u00e0 th\u1ef1c ti\u1ec5n, ph\u01b0\u01a1ng ph\u00e1p c\u1ed9ng t\u00e1c c\u1ee7a ch\u00fang t\u00f4i.<\/span>[\/stm_icon_box][stm_icon_box hide_title_line=&#8221;hide_title_line&#8221; icon=&#8221;fa fa-suitcase&#8221; style=&#8221;icon_left&#8221; icon_size=&#8221;30&#8243; icon_color=&#8221;custom&#8221; icon_bg_color=&#8221;third_bg&#8221; icon_width=&#8221;70&#8243; title=&#8221;Nghi\u00ean c\u1ee9u \u0111i\u1ec3n h\u00ecnh c\u1ee7a V\u0103n ph\u00f2ng \u0111i\u1ec1u ph\u1ed1i ph\u01b0\u1ee3ng ho\u00e0ng&#8221; title_font_size=&#8221;22&#8243; title_line_height=&#8221;46&#8243; icon_color_custom=&#8221;#222222&#8243; css=&#8221;.vc_custom_1529950104565{margin-bottom: 24px !important;}&#8221;]<span style=\"display: block; line-height: 20px; margin-top: -10px;\">Ch\u00fang t\u00f4i l\u00e0m vi\u1ec7c b\u00ean c\u1ea1nh c\u00e1c gi\u00e1m \u0111\u1ed1c \u0111i\u1ec1u h\u00e0nh c\u1ea5p cao \u0111\u1ec3 \u0111\u1ea9y nhanh vi\u1ec7c th\u1ef1c hi\u1ec7n th\u00f4ng qua m\u1ed9t s\u1ef1 pha tr\u1ed9n c\u00e1c ph\u01b0\u01a1ng ph\u00e1p ph\u00e2n t\u00edch v\u00e0 qu\u1ea3n l\u00fd.<\/span>[\/stm_icon_box][\/vc_column][\/vc_row][vc_row full_width=&#8221;stretch_row&#8221; parallax=&#8221;content-moving-fade&#8221; parallax_image=&#8221;1459&#8243; disable_element=&#8221;yes&#8221; css=&#8221;.vc_custom_1498290622303{margin-bottom: 36px !important;padding-top: 67px !important;padding-bottom: 70px !important;}&#8221; el_class=&#8221;base_bg_color&#8221;][vc_column][stm_image_carousel grayscale=&#8221;yes&#8221; h_centered=&#8221;yes&#8221; img_size=&#8221;full&#8221; items=&#8221;5&#8243; items_small_desktop=&#8221;4&#8243; items_tablet=&#8221;3&#8243; images=&#8221;1459,1459,1459,1459,1459,1459&#8243; custom_links=&#8221;\/company-overview\/our-partners\/,\/company-overview\/our-partners\/,\/company-overview\/our-partners\/,\/company-overview\/our-partners\/,\/company-overview\/our-partners\/&#8221;][\/vc_column][\/vc_row][vc_row disable_element=&#8221;yes&#8221; css=&#8221;.vc_custom_1498290631718{margin-bottom: 90px !important;}&#8221;][vc_column offset=&#8221;vc_col-lg-6 vc_col-md-12&#8243;][vc_custom_heading text=&#8221;Our clients&#8221; font_container=&#8221;tag:h3|text_align:left&#8221; google_fonts=&#8221;font_family:Montserrat%3Aregular%2C700|font_style:700%20bold%20regular%3A700%3Anormal&#8221; css=&#8221;.vc_custom_1485757449191{margin-bottom: 29px !important;}&#8221;][vc_column_text css=&#8221;.vc_custom_1485756505099{margin-bottom: 25px !important;}&#8221;]<span style=\"font-family: Montserrat; font-size: 16px;\">We are driven to do the best job possible. We pride ourselves on cultivating lasting client relationships built on trust and mutual respect.<\/span>[\/vc_column_text][vc_column_text]<span style=\"display: block; line-height: 22px;\">Our clients include many of the world&#8217;s best-performing and most admired companies, law firms, and industry organizations as well as United States and international regulatory and government agencies.<\/span>[\/vc_column_text][\/vc_column][vc_column width=&#8221;1\/3&#8243; css=&#8221;.vc_custom_1485759922503{padding-right: 0px !important;padding-left: 0px !important;}&#8221; offset=&#8221;vc_col-lg-2 vc_col-md-4 vc_col-xs-12&#8243;][stm_spacing lg_spacing=&#8221;50px&#8221;][vc_pie value=&#8221;80&#8243; label_value=&#8221;80&#8243; color=&#8221;custom&#8221; title=&#8221;of AM LAW 100 Firms&#8221; units=&#8221;%&#8221; custom_color=&#8221;#fd9b28&#8243; css=&#8221;.vc_custom_1486739033681{padding-top: 45px !important;}&#8221;][\/vc_column][vc_column width=&#8221;1\/3&#8243; css=&#8221;.vc_custom_1485759931037{padding-right: 0px !important;padding-left: 0px !important;}&#8221; offset=&#8221;vc_col-lg-2 vc_col-md-4 vc_col-xs-12&#8243;][stm_spacing lg_spacing=&#8221;50px&#8221;][vc_pie label_value=&#8221;50&#8243; color=&#8221;custom&#8221; title=&#8221;of Fortune 100 Companies&#8221; units=&#8221;%&#8221; custom_color=&#8221;#fd9b28&#8243; css=&#8221;.vc_custom_1486739039946{padding-top: 45px !important;}&#8221;][\/vc_column][vc_column width=&#8221;1\/3&#8243; css=&#8221;.vc_custom_1485759938903{padding-right: 0px !important;padding-left: 0px !important;}&#8221; offset=&#8221;vc_col-lg-2 vc_col-md-4 vc_col-xs-12&#8243;][stm_spacing lg_spacing=&#8221;50px&#8221;][vc_pie value=&#8221;25&#8243; label_value=&#8221;25&#8243; color=&#8221;custom&#8221; title=&#8221;of Fortune 100 Companies&#8221; units=&#8221;%&#8221; custom_color=&#8221;#fd9b28&#8243; css=&#8221;.vc_custom_1486739045213{padding-top: 45px !important;}&#8221;][\/vc_column][\/vc_row][vc_row disable_element=&#8221;yes&#8221; css=&#8221;.vc_custom_1498290642897{margin-bottom: 77px !important;}&#8221;][vc_column offset=&#8221;vc_hidden-xs&#8221;][vc_single_image image=&#8221;1459&#8243; img_size=&#8221;full&#8221; alignment=&#8221;center&#8221;][\/vc_column][\/vc_row][vc_row full_width=&#8221;stretch_row&#8221; el_class=&#8221;third_bg_color&#8221; css=&#8221;.vc_custom_1451889219674{margin-bottom: -60px !important;}&#8221;][vc_column][vc_cta h2=&#8221;Looking for a First-Class Business Plan Consultant?&#8221; h2_font_container=&#8221;font_size:20px|color:%23000000|line_height:24px&#8221; h2_use_theme_fonts=&#8221;yes&#8221; shape=&#8221;square&#8221; style=&#8221;flat&#8221; add_button=&#8221;right&#8221; btn_title=&#8221;get a quote&#8221; btn_style=&#8221;flat&#8221; btn_color=&#8221;theme_style_2&#8243; btn_align=&#8221;right&#8221; btn_i_align=&#8221;right&#8221; btn_i_icon_fontawesome=&#8221;fa fa-chevron-right&#8221; use_custom_fonts_h2=&#8221;true&#8221; btn_button_block=&#8221;true&#8221; btn_add_icon=&#8221;true&#8221; el_class=&#8221;third_bg_color&#8221; css=&#8221;.vc_custom_1451762600590{margin-bottom: 0px !important;}&#8221;][\/vc_cta][\/vc_column][\/vc_row][vc_row full_width=&#8221;stretch_row&#8221; disable_element=&#8221;yes&#8221; el_class=&#8221;third_bg_color&#8221; css=&#8221;.vc_custom_1498289736678{padding-top: 57px !important;padding-bottom: 59px !important;}&#8221;][vc_column width=&#8221;1\/2&#8243; offset=&#8221;vc_col-lg-3 vc_col-md-3 vc_col-xs-12&#8243;][stm_stats_counter stat_counter_style=&#8221;style_2&#8243; counter_value=&#8221;321&#8243; description=&#8221;cases<br \/>\ncompleted&#8221;][\/vc_column][vc_column width=&#8221;1\/2&#8243; offset=&#8221;vc_col-lg-3 vc_col-md-3 vc_col-xs-12&#8243;][stm_stats_counter stat_counter_style=&#8221;style_2&#8243; counter_value=&#8221;400&#8243; description=&#8221;consultants<br \/>\nworldwide&#8221;][\/vc_column][vc_column width=&#8221;1\/2&#8243; offset=&#8221;vc_col-lg-3 vc_col-md-3 vc_col-xs-12&#8243;][stm_stats_counter stat_counter_style=&#8221;style_2&#8243; counter_value=&#8221;125&#8243; description=&#8221;awards<br \/>\nwinning&#8221;][\/vc_column][vc_column width=&#8221;1\/2&#8243; offset=&#8221;vc_col-lg-3 vc_col-md-3 vc_col-xs-12&#8243;][stm_stats_counter stat_counter_style=&#8221;style_2&#8243; counter_value=&#8221;100&#8243; counter_value_suf=&#8221;%&#8221; description=&#8221;satisfied<br \/>\nclients&#8221;][\/vc_column][\/vc_row]<\/p>\n<\/div>","protected":false},"excerpt":{"rendered":"<p>[vc_row css=&#8221;.vc_custom_1498292077692{margin-right: 0px !important;margin-bottom: 50px !important;margin-left: 0px !important;background-image: url(https:\/\/www.konicaminolta.vn\/business\/wp-content\/uploads\/2017\/06\/15611695_ml.jpg?id=2093) !important;background-position: center !important;background-repeat: no-repeat !important;background-size: cover !important;}&#8221;][vc_column css=&#8221;.vc_custom_1498290404954{background-position: center !important;background-repeat: no-repeat !important;background-size: cover !important;}&#8221;][vc_empty_space height=&#8221;50&#8243;][vc_row_inner css=&#8221;.vc_custom_1485768753869{padding-top: 40px !important;padding-right: 40px !important;padding-bottom: 40px !important;padding-left: 40px !important;}&#8221; el_class=&#8221;mobile_no_paddings&#8221;][vc_column_inner el_class=&#8221;mobile_no_paddings&#8221; css=&#8221;.vc_custom_1498292130895{padding-top: 52px !important;padding-right: 30px !important;padding-bottom: 50px !important;padding-left: 40px !important;background-color: rgba(124,124,124,0.9) !important;*background-color: rgb(124,124,124) !important;}&#8221; offset=&#8221;vc_col-lg-5&#8243;][stm_quote box_color=&#8221;custom&#8221; quote_text=&#8221; &#8221; img_size=&#8221;48&#215;48&#8243; quote=&#8221;Ph\u00e1t tr\u1ef1c<\/p>\n","protected":false},"author":1,"featured_media":0,"parent":5092,"menu_order":0,"comment_status":"closed","ping_status":"closed","template":"","meta":{"footnotes":""},"class_list":["post-5113","page","type-page","status-publish","hentry"],"_links":{"self":[{"href":"https:\/\/www.konicaminolta.vn\/business\/wp-json\/wp\/v2\/pages\/5113","targetHints":{"allow":["GET"]}}],"collection":[{"href":"https:\/\/www.konicaminolta.vn\/business\/wp-json\/wp\/v2\/pages"}],"about":[{"href":"https:\/\/www.konicaminolta.vn\/business\/wp-json\/wp\/v2\/types\/page"}],"author":[{"embeddable":true,"href":"https:\/\/www.konicaminolta.vn\/business\/wp-json\/wp\/v2\/users\/1"}],"replies":[{"embeddable":true,"href":"https:\/\/www.konicaminolta.vn\/business\/wp-json\/wp\/v2\/comments?post=5113"}],"version-history":[{"count":3,"href":"https:\/\/www.konicaminolta.vn\/business\/wp-json\/wp\/v2\/pages\/5113\/revisions"}],"predecessor-version":[{"id":5485,"href":"https:\/\/www.konicaminolta.vn\/business\/wp-json\/wp\/v2\/pages\/5113\/revisions\/5485"}],"up":[{"embeddable":true,"href":"https:\/\/www.konicaminolta.vn\/business\/wp-json\/wp\/v2\/pages\/5092"}],"wp:attachment":[{"href":"https:\/\/www.konicaminolta.vn\/business\/wp-json\/wp\/v2\/media?parent=5113"}],"curies":[{"name":"wp","href":"https:\/\/api.w.org\/{rel}","templated":true}]}}