{"id":5117,"date":"2017-06-25T18:05:04","date_gmt":"2017-06-25T10:05:04","guid":{"rendered":"http:\/\/konicaminolta.me\/support-download\/meter-reading\/"},"modified":"2018-06-27T12:15:25","modified_gmt":"2018-06-27T05:15:25","slug":"meter-reading","status":"publish","type":"page","link":"https:\/\/www.konicaminolta.vn\/business\/support-download\/meter-reading\/","title":{"rendered":"\u0110\u1ecdc \u0111\u1ed3ng h\u1ed3"},"content":{"rendered":"<div class=\"wpb-content-wrapper\"><p>[vc_row][vc_column][vc_column_text]<strong> C\u1ea3m \u01a1n b\u1ea1n \u0111\u00e3 gh\u00e9 th\u0103m trang web c\u1ee7a Konica Minolta.<\/strong><br \/>\n<strong> \u0110\u1ec3 cung c\u1ea5p cho b\u1ea1n h\u1ed7 tr\u1ee3 \u0111\u1ea7y \u0111\u1ee7, vui l\u00f2ng \u0111i\u1ec1n v\u00e0o m\u1ed7i \u00f4 tr\u1ed1ng.<\/strong><br \/>\n<strong> Nh\u00e2n vi\u00ean d\u1ecbch v\u1ee5 \u0111\u01b0\u1ee3c \u1ee7y quy\u1ec1n c\u1ee7a ch\u00fang t\u00f4i s\u1ebd li\u00ean h\u1ec7 v\u1edbi b\u1ea1n b\u1eb1ng e-mail ho\u1eb7c th\u01b0<\/strong><\/p>\n<p>* c\u1ea7n thi\u1ebft<br \/>\nNh\u1eadp b\u1eb1ng ti\u1ebfng Anh.[\/vc_column_text][\/vc_column][\/vc_row][vc_row][vc_column width=&#8221;2\/3&#8243;]\n<div class=\"wpcf7 no-js\" id=\"wpcf7-f5513-o1\" lang=\"en-US\" dir=\"ltr\" data-wpcf7-id=\"5513\">\n<div class=\"screen-reader-response\"><p role=\"status\" aria-live=\"polite\" aria-atomic=\"true\"><\/p> <ul><\/ul><\/div>\n<form action=\"\/business\/wp-json\/wp\/v2\/pages\/5117#wpcf7-f5513-o1\" method=\"post\" class=\"wpcf7-form init\" aria-label=\"Contact form\" novalidate=\"novalidate\" data-status=\"init\">\n<div style=\"display: none;\">\n<input type=\"hidden\" name=\"_wpcf7\" value=\"5513\" \/>\n<input type=\"hidden\" name=\"_wpcf7_version\" value=\"6.0.2\" \/>\n<input type=\"hidden\" name=\"_wpcf7_locale\" value=\"en_US\" \/>\n<input type=\"hidden\" name=\"_wpcf7_unit_tag\" value=\"wpcf7-f5513-o1\" \/>\n<input type=\"hidden\" name=\"_wpcf7_container_post\" value=\"0\" \/>\n<input type=\"hidden\" name=\"_wpcf7_posted_data_hash\" value=\"\" \/>\n<input type=\"hidden\" name=\"_wpcf7cf_hidden_group_fields\" value=\"[]\" \/>\n<input type=\"hidden\" name=\"_wpcf7cf_hidden_groups\" value=\"[]\" \/>\n<input type=\"hidden\" name=\"_wpcf7cf_visible_groups\" value=\"[]\" \/>\n<input type=\"hidden\" name=\"_wpcf7cf_repeaters\" value=\"[]\" \/>\n<input type=\"hidden\" name=\"_wpcf7cf_steps\" value=\"{}\" \/>\n<input type=\"hidden\" name=\"_wpcf7cf_options\" value=\"{&quot;form_id&quot;:5513,&quot;conditions&quot;:[],&quot;settings&quot;:{&quot;animation&quot;:&quot;yes&quot;,&quot;animation_intime&quot;:200,&quot;animation_outtime&quot;:200,&quot;conditions_ui&quot;:&quot;normal&quot;,&quot;notice_dismissed&quot;:false}}\" \/>\n<\/div>\n<p><label>T\u00ean*<br \/>\n<span class=\"wpcf7-form-control-wrap\" data-name=\"your-name\"><input size=\"40\" maxlength=\"400\" class=\"wpcf7-form-control wpcf7-text wpcf7-validates-as-required\" aria-required=\"true\" aria-invalid=\"false\" value=\"\" type=\"text\" name=\"your-name\" \/><\/span> <\/label>\n<\/p>\n<p><label>S\u1ed1 li\u00ean l\u1ea1c*<br \/>\n<span class=\"wpcf7-form-control-wrap\" data-name=\"ContactNo_\"><input size=\"40\" maxlength=\"400\" class=\"wpcf7-form-control wpcf7-tel wpcf7-validates-as-required wpcf7-text wpcf7-validates-as-tel\" aria-required=\"true\" aria-invalid=\"false\" value=\"\" type=\"tel\" name=\"ContactNo_\" \/><\/span><\/label>\n<\/p>\n<p><label>\u0110i\u0323a chi\u0309 email*<br \/>\n<span class=\"wpcf7-form-control-wrap\" data-name=\"your-email\"><input size=\"40\" maxlength=\"400\" class=\"wpcf7-form-control wpcf7-email wpcf7-validates-as-required wpcf7-text wpcf7-validates-as-email\" aria-required=\"true\" aria-invalid=\"false\" value=\"\" type=\"email\" name=\"your-email\" \/><\/span> <\/label>\n<\/p>\n<p><label>T\u00ean c\u00f4ng ty*<br \/>\n<span class=\"wpcf7-form-control-wrap\" data-name=\"company\"><input size=\"40\" maxlength=\"400\" class=\"wpcf7-form-control wpcf7-text wpcf7-validates-as-required\" aria-required=\"true\" aria-invalid=\"false\" value=\"\" type=\"text\" name=\"company\" \/><\/span> <\/label>\n<\/p>\n<p><label>M\u00e3 kh\u00e1ch h\u00e0ng*<br \/>\n<span class=\"wpcf7-form-control-wrap\" data-name=\"CustomerCode\"><input size=\"40\" maxlength=\"400\" class=\"wpcf7-form-control wpcf7-text wpcf7-validates-as-required\" aria-required=\"true\" aria-invalid=\"false\" value=\"\" type=\"text\" name=\"CustomerCode\" \/><\/span><\/label>\n<\/p>\n<p><label>M\u1eabu<br \/>\n<span class=\"wpcf7-form-control-wrap\" data-name=\"your-model\"><input size=\"40\" maxlength=\"400\" class=\"wpcf7-form-control wpcf7-text\" aria-invalid=\"false\" value=\"\" type=\"text\" name=\"your-model\" \/><\/span><\/label>\n<\/p>\n<p><label>S\u1ed1 hi\u1ec7u d\u1ecbch v\u1ee5*<br \/>\n<span class=\"wpcf7-form-control-wrap\" data-name=\"serviceitemnumber\"><input size=\"40\" maxlength=\"400\" class=\"wpcf7-form-control wpcf7-text wpcf7-validates-as-required\" aria-required=\"true\" aria-invalid=\"false\" value=\"\" type=\"text\" name=\"serviceitemnumber\" \/><\/span> <\/label>\n<\/p>\n<p><label>Th\u00e1ng \u0111\u1ecdc.*<br \/>\n<span class=\"wpcf7-form-control-wrap\" data-name=\"Readingofthemonth\"><input size=\"40\" maxlength=\"400\" class=\"wpcf7-form-control wpcf7-text wpcf7-validates-as-required\" aria-required=\"true\" aria-invalid=\"false\" value=\"\" type=\"text\" name=\"Readingofthemonth\" \/><\/span><\/label>\n<\/p>\n<p><label>Ng\u00e0y \u0111\u1ecdc*<br \/>\n<span class=\"wpcf7-form-control-wrap\" data-name=\"date-702\"><input class=\"wpcf7-form-control wpcf7-date wpcf7-validates-as-date\" aria-invalid=\"false\" placeholder=\"dd\/mm\/yyyy\" value=\"\" type=\"date\" name=\"date-702\" \/><\/span><\/label>\n<\/p>\n<p><label>\u0110\u1ecdc \u0111\u1ed3ng h\u1ed3<br \/>\n<label>B.W*<span class=\"wpcf7-form-control-wrap\" data-name=\"BW\"><input size=\"40\" maxlength=\"400\" class=\"wpcf7-form-control wpcf7-text\" aria-invalid=\"false\" value=\"\" type=\"text\" name=\"BW\" \/><\/span><\/label><br \/>\n<label> M\u00e0u*<br \/>\n<span class=\"wpcf7-form-control-wrap\" data-name=\"Colour\"><input size=\"40\" maxlength=\"400\" class=\"wpcf7-form-control wpcf7-text wpcf7-validates-as-required\" aria-required=\"true\" aria-invalid=\"false\" value=\"\" type=\"text\" name=\"Colour\" \/><\/span><\/label><br \/>\n<label>T\u1ed5ng c\u1ed9ng (Ch\u1ec9 \u00e1p d\u1ee5ng cho m\u00e1y m\u00e0u)<br \/>\n<span class=\"wpcf7-form-control-wrap\" data-name=\"Total\"><input size=\"40\" maxlength=\"400\" class=\"wpcf7-form-control wpcf7-text wpcf7-validates-as-required\" aria-required=\"true\" aria-invalid=\"false\" value=\"\" type=\"text\" name=\"Total\" \/><\/span><\/label><br \/>\n<input class=\"wpcf7-form-control wpcf7-submit has-spinner\" type=\"submit\" value=\"Y\u00eau c\u1ea7u\" \/><\/label>\n<\/p><div class=\"wpcf7-response-output\" aria-hidden=\"true\"><\/div>\n<\/form>\n<\/div>\n[\/vc_column][vc_column width=&#8221;1\/3&#8243;][\/vc_column][\/vc_row]<\/p>\n<\/div>","protected":false},"excerpt":{"rendered":"<p>[vc_row][vc_column][vc_column_text] C\u1ea3m \u01a1n b\u1ea1n \u0111\u00e3 gh\u00e9 th\u0103m trang web c\u1ee7a Konica Minolta. \u0110\u1ec3 cung c\u1ea5p cho b\u1ea1n h\u1ed7 tr\u1ee3 \u0111\u1ea7y \u0111\u1ee7, vui l\u00f2ng \u0111i\u1ec1n v\u00e0o m\u1ed7i \u00f4 tr\u1ed1ng. Nh\u00e2n vi\u00ean d\u1ecbch v\u1ee5 \u0111\u01b0\u1ee3c \u1ee7y quy\u1ec1n c\u1ee7a ch\u00fang t\u00f4i s\u1ebd li\u00ean h\u1ec7 v\u1edbi b\u1ea1n b\u1eb1ng e-mail ho\u1eb7c th\u01b0 * c\u1ea7n thi\u1ebft Nh\u1eadp b\u1eb1ng ti\u1ebfng Anh.[\/vc_column_text][\/vc_column][\/vc_row][vc_row][vc_column width=&#8221;2\/3&#8243;][\/vc_column][vc_column<\/p>\n","protected":false},"author":1,"featured_media":0,"parent":5107,"menu_order":0,"comment_status":"closed","ping_status":"closed","template":"","meta":{"footnotes":""},"class_list":["post-5117","page","type-page","status-publish","hentry"],"_links":{"self":[{"href":"https:\/\/www.konicaminolta.vn\/business\/wp-json\/wp\/v2\/pages\/5117","targetHints":{"allow":["GET"]}}],"collection":[{"href":"https:\/\/www.konicaminolta.vn\/business\/wp-json\/wp\/v2\/pages"}],"about":[{"href":"https:\/\/www.konicaminolta.vn\/business\/wp-json\/wp\/v2\/types\/page"}],"author":[{"embeddable":true,"href":"https:\/\/www.konicaminolta.vn\/business\/wp-json\/wp\/v2\/users\/1"}],"replies":[{"embeddable":true,"href":"https:\/\/www.konicaminolta.vn\/business\/wp-json\/wp\/v2\/comments?post=5117"}],"version-history":[{"count":3,"href":"https:\/\/www.konicaminolta.vn\/business\/wp-json\/wp\/v2\/pages\/5117\/revisions"}],"predecessor-version":[{"id":5515,"href":"https:\/\/www.konicaminolta.vn\/business\/wp-json\/wp\/v2\/pages\/5117\/revisions\/5515"}],"up":[{"embeddable":true,"href":"https:\/\/www.konicaminolta.vn\/business\/wp-json\/wp\/v2\/pages\/5107"}],"wp:attachment":[{"href":"https:\/\/www.konicaminolta.vn\/business\/wp-json\/wp\/v2\/media?parent=5117"}],"curies":[{"name":"wp","href":"https:\/\/api.w.org\/{rel}","templated":true}]}}