{"id":5119,"date":"2017-06-25T21:16:09","date_gmt":"2017-06-25T13:16:09","guid":{"rendered":"http:\/\/konicaminolta.me\/support-download\/recycling-program-for-consumable\/"},"modified":"2021-05-06T14:26:38","modified_gmt":"2021-05-06T07:26:38","slug":"recycling-program-for-consumable","status":"publish","type":"page","link":"https:\/\/www.konicaminolta.vn\/business\/support-download\/recycling-program-for-consumable\/","title":{"rendered":"Ch\u01b0\u01a1ng tr\u00ecnh t\u00e1i ch\u1ebf (\u0110\u1ed1i v\u1edbi v\u1eadt t\u01b0 ti\u00eau hao)"},"content":{"rendered":"<div class=\"wpb-content-wrapper\"><p>[vc_row][vc_column][vc_row_inner][vc_column_inner width=&#8221;2\/3&#8243;][vc_column_text]<\/p>\n<p style=\"text-align: justify;\">Konica Minolta cam k\u1ebft b\u1ea3o v\u1ec7 m\u00f4i tr\u01b0\u1eddng v\u00e0 ch\u00fang t\u00f4i \u0111ang l\u00e0m vi\u1ec7c \u0111\u1ec3 gi\u1ea3m thi\u1ec3u t\u00e1c \u0111\u1ed9ng m\u00f4i tr\u01b0\u1eddng t\u1eeb c\u00e1c s\u1ea3n ph\u1ea9m c\u1ee7a ch\u00fang t\u00f4i trong su\u1ed1t v\u00f2ng \u0111\u1eddi c\u1ee7a h\u1ecd. Ch\u00fang t\u00f4i nh\u1eadn th\u1ea5y r\u1eb1ng tr\u00e1ch nhi\u1ec7m c\u1ee7a c\u00e1c s\u1ea3n ph\u1ea9m c\u1ee7a ch\u00fang t\u00f4i \u1ea3nh h\u01b0\u1edfng \u0111\u1ebfn m\u00f4i tr\u01b0\u1eddng d\u1ef1a tr\u00ean nh\u00e0 s\u1ea3n xu\u1ea5t nh\u01b0 th\u1ebf n\u00e0o. \u0110\u1ed3ng th\u1eddi, ch\u00fang t\u00f4i c\u1ea3m th\u1ea5y r\u1eb1ng vi\u1ec7c b\u1ea3o v\u1ec7 m\u00f4i tr\u01b0\u1eddng l\u00e0 tr\u00e1ch nhi\u1ec7m c\u1ee7a m\u1ecdi ng\u01b0\u1eddi.<\/p>\n<p style=\"text-align: justify;\">V\u1edbi \u0111i\u1ec1u n\u00e0y trong t\u00e2m tr\u00ed, Konica Minolta \u0111\u00e3 thi\u1ebft l\u1eadp ch\u01b0\u01a1ng tr\u00ecnh t\u00e1i ch\u1ebf n\u00e0y cho h\u00e0ng ti\u00eau d\u00f9ng d\u1ef1a tr\u00ean m\u1ed9t n\u1ed7 l\u1ef1c chung gi\u1eefa kh\u00e1ch h\u00e0ng c\u1ee7a ch\u00fang t\u00f4i v\u00e0 Konica Minolta.<\/p>\n<p style=\"text-align: justify;\">Ch\u00fang t\u00f4i \u0111\u00e1nh gi\u00e1 cao s\u1ef1 \u0111\u00f3ng g\u00f3p c\u1ee7a m\u1ed7i c\u00e1 nh\u00e2n, v\u00ec v\u1eady c\u1ea3m \u01a1n s\u1ef1 h\u1ed7 tr\u1ee3 c\u1ee7a b\u1ea1n. Ph\u1ea7n th\u01b0\u1edfng khi bi\u1ebft r\u1eb1ng c\u00f9ng nhau, ch\u00fang t\u00f4i \u0111ang t\u1ea1o s\u1ef1 kh\u00e1c bi\u1ec7t cho m\u00f4i tr\u01b0\u1eddng.<\/p>\n<p style=\"text-align: justify;\"><strong>\u0110\u0103ng k\u00fd d\u1ecbch v\u1ee5 n\u00e0y ngay h\u00f4m nay!<\/strong><\/p>\n<p style=\"text-align: justify;\">Ch\u1ec9 c\u1ea7n g\u1ecdi cho ch\u00fang t\u00f4i theo s\u1ed1 li\u00ean h\u1ec7 t\u1ea1i Tr\u1ee5 s\u1edf ch\u00ednh\u00a0TP. H\u1ed3 Ch\u00ed Minh (028) 3915 4242 v\u00e0 t\u1ea1i Chi nh\u00e1nh H\u00e0 N\u1ed9i (024) 3776 7025 ho\u1eb7c g\u1eedi email cho ch\u00fang t\u00f4i theo \u0111\u1ecba ch\u1ec9 <a href=\"mailto:info.bvn@konicaminolta.com\">info.bvn@konicaminolta.com<\/a> v\u00e0 cung c\u1ea5p cho ch\u00fang t\u00f4i c\u00e1c chi ti\u1ebft sau:<\/p>\n<p style=\"text-align: justify;\"><strong>T\u00ean ng\u01b0\u1eddi ph\u1ee5 tr\u00e1ch<\/strong><br \/>\nB\u1ed9 ph\u1eadn \/ Ch\u1ee9c v\u1ee5<br \/>\n\u0110i\u1ec7n tho\u1ea1i v\u00e0 m\u00e1y l\u1ebb v\u00e0 \/ ho\u1eb7c di \u0111\u1ed9ng<\/p>\n<p style=\"text-align: justify;\"><strong>T\u00ean c\u00f4ng ty<\/strong><\/p>\n<p style=\"text-align: justify;\">\u0110\u1ecba ch\u1ec9 c\u00f4ng ty (\u0111\u1ecba \u0111i\u1ec3m nh\u1eadn h\u00e0ng)<\/p>\n<p style=\"text-align: justify;\">M\u00f4 h\u00ecnh v\u00e0 s\u1ed1 s\u00ea-ri Konica Minolta bizhub<\/p>\n<p>[\/vc_column_text][\/vc_column_inner][vc_column_inner width=&#8221;1\/3&#8243;][vc_single_image image=&#8221;2499&#8243; img_size=&#8221;full&#8221;][vc_empty_space][vc_single_image image=&#8221;2502&#8243; img_size=&#8221;full&#8221;][vc_empty_space][vc_column_text]<a href=\"http:\/\/www.biz.konicaminolta.com\/environment\/index.html\" target=\"_blank\" rel=\"noopener noreferrer\">\u0110\u1ec3 t\u00ecm hi\u1ec3u th\u00eam v\u1ec1 c\u00e1ch cam k\u1ebft c\u1ee7a Konica Minolta Group ho\u1eb7c h\u1ec7 th\u1ed1ng c\u1ee7a ch\u00fang t\u00f4i xanh nh\u01b0 th\u1ebf n\u00e0o, h\u00e3y nh\u1ea5p v\u00e0o \u0111\u00e2y!<\/a>[\/vc_column_text][vc_single_image image=&#8221;2503&#8243; img_size=&#8221;full&#8221;][vc_single_image image=&#8221;2504&#8243; img_size=&#8221;full&#8221;][\/vc_column_inner][\/vc_row_inner][\/vc_column][\/vc_row][vc_row][vc_column][vc_empty_space][\/vc_column][\/vc_row]<\/p>\n<\/div>","protected":false},"excerpt":{"rendered":"<p>[vc_row][vc_column][vc_row_inner][vc_column_inner width=&#8221;2\/3&#8243;][vc_column_text] Konica Minolta cam k\u1ebft b\u1ea3o v\u1ec7 m\u00f4i tr\u01b0\u1eddng v\u00e0 ch\u00fang t\u00f4i \u0111ang l\u00e0m vi\u1ec7c \u0111\u1ec3 gi\u1ea3m thi\u1ec3u t\u00e1c \u0111\u1ed9ng m\u00f4i tr\u01b0\u1eddng t\u1eeb c\u00e1c s\u1ea3n ph\u1ea9m c\u1ee7a ch\u00fang t\u00f4i trong su\u1ed1t v\u00f2ng \u0111\u1eddi c\u1ee7a h\u1ecd. Ch\u00fang t\u00f4i nh\u1eadn th\u1ea5y r\u1eb1ng tr\u00e1ch nhi\u1ec7m c\u1ee7a c\u00e1c s\u1ea3n ph\u1ea9m c\u1ee7a ch\u00fang t\u00f4i \u1ea3nh h\u01b0\u1edfng \u0111\u1ebfn m\u00f4i tr\u01b0\u1eddng<\/p>\n","protected":false},"author":1,"featured_media":0,"parent":5107,"menu_order":0,"comment_status":"closed","ping_status":"closed","template":"","meta":{"footnotes":""},"class_list":["post-5119","page","type-page","status-publish","hentry"],"_links":{"self":[{"href":"https:\/\/www.konicaminolta.vn\/business\/wp-json\/wp\/v2\/pages\/5119","targetHints":{"allow":["GET"]}}],"collection":[{"href":"https:\/\/www.konicaminolta.vn\/business\/wp-json\/wp\/v2\/pages"}],"about":[{"href":"https:\/\/www.konicaminolta.vn\/business\/wp-json\/wp\/v2\/types\/page"}],"author":[{"embeddable":true,"href":"https:\/\/www.konicaminolta.vn\/business\/wp-json\/wp\/v2\/users\/1"}],"replies":[{"embeddable":true,"href":"https:\/\/www.konicaminolta.vn\/business\/wp-json\/wp\/v2\/comments?post=5119"}],"version-history":[{"count":2,"href":"https:\/\/www.konicaminolta.vn\/business\/wp-json\/wp\/v2\/pages\/5119\/revisions"}],"predecessor-version":[{"id":8185,"href":"https:\/\/www.konicaminolta.vn\/business\/wp-json\/wp\/v2\/pages\/5119\/revisions\/8185"}],"up":[{"embeddable":true,"href":"https:\/\/www.konicaminolta.vn\/business\/wp-json\/wp\/v2\/pages\/5107"}],"wp:attachment":[{"href":"https:\/\/www.konicaminolta.vn\/business\/wp-json\/wp\/v2\/media?parent=5119"}],"curies":[{"name":"wp","href":"https:\/\/api.w.org\/{rel}","templated":true}]}}