{"id":5120,"date":"2017-06-25T21:55:42","date_gmt":"2017-06-25T13:55:42","guid":{"rendered":"http:\/\/konicaminolta.me\/support-download\/where-to-buy\/"},"modified":"2021-05-06T14:42:24","modified_gmt":"2021-05-06T07:42:24","slug":"where-to-buy","status":"publish","type":"page","link":"https:\/\/www.konicaminolta.vn\/business\/support-download\/where-to-buy\/","title":{"rendered":"N\u01a1i \u0111\u1ec3 mua"},"content":{"rendered":"<h4><span style=\"color: #0062c2;\">\u0110\u1ed1i v\u1edbi ph\u00e2n kh\u00fac b\u00e1n h\u00e0ng tr\u1ef1c ti\u1ebfp, xin vui l\u00f2ng li\u00ean h\u1ec7:<\/span><\/h4>\n<p><strong>C\u00d4NG TY TNHH KONICA MINOLTA BUSINESS SOLUTIONS VI\u1ec6T NAM<\/strong><\/p>\n<ul>\n<li><strong>Tr\u1ee5 s\u1edf ch\u00ednh: <\/strong>Ph\u00f2ng 3, L\u1ea7u 8, Bitexco Financial Tower, 2 H\u1ea3i Tri\u1ec1u, Q.1, TP.HCM, Vi\u1ec7t Nam<\/li>\n<li><strong>\u0110i\u1ec7n tho\u1ea1i:<\/strong> + 84 (28) 3915 4242 | <strong>Fax:<\/strong> +84 (28) 3915 3670<\/li>\n<li><strong>Chi nh\u00e1nh t\u1ea1i H\u00e0 N\u1ed9i:<\/strong> 05 Nguy\u1ec5n Ng\u1ecdc V\u0169, C\u1ea7u Gi\u1ea5y, H\u00e0 N\u1ed9i, Vi\u1ec7t Nam<\/li>\n<li><strong>\u0110i\u1ec7n tho\u1ea1i:<\/strong> + 84 (24) 3776 7023 | <strong>Fax: <\/strong>+84 (24) 3776 7025<\/li>\n<li><strong>Email:<\/strong> <a href=\"mailto:info.bvn@konicaminolta.com\">info.bvn@konicaminolta.com<\/a><\/li>\n<li><strong>Website:<\/strong> <a href=\"http:\/\/www.konicaminolta.vn\/vn-vi\/\">www.konicaminolta.vn\/vn-vi\/<\/a><\/li>\n<\/ul>\n<h4><span style=\"color: #0062c2;\">\u0110\u1ed1i v\u1edbi ph\u00e2n kh\u00fac b\u00e1n h\u00e0ng th\u00f4ng qua k\u00eanh ph\u00e2n ph\u1ed1i, xin vui l\u00f2ng li\u00ean h\u1ec7:<\/span><\/h4>\n<p><strong>C\u00d4NG TY TNHH \u0110\u1ea6U T\u01af LEFAMI<\/strong><\/p>\n<ul>\n<li><strong>\u0110\u1ecba ch\u1ec9:<\/strong>\u00a0L17-11, T\u1ea7ng 17, T\u00f2a nh\u00e0 Vincom Center, S\u1ed1 72 L\u00ea Th\u00e1nh T\u00f4n, Ph\u01b0\u1eddng B\u1ebfn Ngh\u00e9, Qu\u1eadn 1, TP. H\u1ed3 Ch\u00ed Minh<\/li>\n<li><strong>\u0110i\u1ec7n tho\u1ea1i:<\/strong>\u00a0(+84) 028 3865 9555 \u2013\u00a0<strong>Fax:<\/strong>\u00a0(+84) 028\u00a0 3837 9666 \u2013\u00a0\u00a0<strong>Website:\u00a0<\/strong><a href=\"http:\/\/stsvietnam.vn\/\">http:\/\/stsvietnam.vn\/<\/a><\/li>\n<li><strong>S\u1ea3n ph\u1ea9m ph\u00e2n ph\u1ed1i:<\/strong>\u00a0H\u1ec7 th\u1ed1ng in \u1ea5n c\u00f4ng nghi\u1ec7p.<\/li>\n<\/ul>\n<p><strong>C\u00d4NG TY C\u1ed4 PH\u1ea6N TH\u01af\u01a0NG M\u1ea0I D\u1ecaCH V\u1ee4 SAO NAM AN (SOECO)<\/strong><\/p>\n<ul>\n<li><strong>\u0110\u1ecba ch\u1ec9:<\/strong>\u00a027\/4-6 Kinh D\u01b0\u01a1ng V\u01b0\u01a1ng, Ph\u01b0\u1eddng 12, Qu\u1eadn 6, TP. H\u1ed3 Ch\u00ed Minh, Vi\u1ec7t Nam<\/li>\n<li><strong>\u0110i\u1ec7n tho\u1ea1i:<\/strong>\u00a0(+84) 028 3817 2440 \u2013\u00a0<strong>Fax:<\/strong>\u00a0(+84) 028 3817 0598 \u2013\u00a0<strong>Website:<\/strong>\u00a0<a href=\"https:\/\/soeco.com.vn\/\">https:\/\/soeco.com.vn\/<\/a><\/li>\n<li><strong>S\u1ea3n ph\u1ea9m ph\u00e2n ph\u1ed1i:<\/strong>\u00a0Thi\u1ebft b\u1ecb in \u1ea5n v\u0103n ph\u00f2ng.<\/li>\n<\/ul>\n<p><strong>C\u00d4NG TY TNHH TH\u01af\u01a0NG M\u1ea0I \u2013 T\u01af V\u1ea4N \u2013 K\u1ef8 THU\u1eacT SAO NAM<\/strong><\/p>\n<ul>\n<li><strong>\u0110\u1ecba ch\u1ec9:<\/strong>\u00a0L\u1ea7u 3, Khu A, T\u00f2a nh\u00e0 WASECO, 10 Ph\u1ed5 Quang, P.2, Q.T\u00e2n B\u00ecnh, TP. HCM<\/li>\n<li><strong>\u0110i\u1ec7n tho\u1ea1i:\u00a0<\/strong>(84) 28. 3547 2715 \/16 \/17 \u2013\u00a0<strong>Fax:\u00a0<\/strong>(+84) 028 3547 2653 \u2013\u00a0<strong>Website:<\/strong>\u00a0<a href=\"http:\/\/www.saonam.com.vn\/\">www.saonam.com.vn<\/a><\/li>\n<li><strong>S\u1ea3n ph\u1ea9m ph\u00e2n ph\u1ed1i:<\/strong>\u00a0H\u1ec7 th\u1ed1ng in \u1ea5n c\u00f4ng nghi\u1ec7p.<\/li>\n<\/ul>\n","protected":false},"excerpt":{"rendered":"<p>\u0110\u1ed1i v\u1edbi ph\u00e2n kh\u00fac b\u00e1n h\u00e0ng tr\u1ef1c ti\u1ebfp, xin vui l\u00f2ng li\u00ean h\u1ec7: C\u00d4NG TY TNHH KONICA MINOLTA BUSINESS SOLUTIONS VI\u1ec6T NAM Tr\u1ee5 s\u1edf ch\u00ednh: Ph\u00f2ng 3, L\u1ea7u 8, Bitexco Financial Tower, 2 H\u1ea3i Tri\u1ec1u, Q.1, TP.HCM, Vi\u1ec7t Nam \u0110i\u1ec7n tho\u1ea1i: + 84 (28) 3915 4242 | Fax: +84 (28) 3915 3670 Chi nh\u00e1nh t\u1ea1i<\/p>\n","protected":false},"author":1,"featured_media":0,"parent":5107,"menu_order":0,"comment_status":"closed","ping_status":"closed","template":"","meta":{"footnotes":""},"class_list":["post-5120","page","type-page","status-publish","hentry"],"_links":{"self":[{"href":"https:\/\/www.konicaminolta.vn\/business\/wp-json\/wp\/v2\/pages\/5120","targetHints":{"allow":["GET"]}}],"collection":[{"href":"https:\/\/www.konicaminolta.vn\/business\/wp-json\/wp\/v2\/pages"}],"about":[{"href":"https:\/\/www.konicaminolta.vn\/business\/wp-json\/wp\/v2\/types\/page"}],"author":[{"embeddable":true,"href":"https:\/\/www.konicaminolta.vn\/business\/wp-json\/wp\/v2\/users\/1"}],"replies":[{"embeddable":true,"href":"https:\/\/www.konicaminolta.vn\/business\/wp-json\/wp\/v2\/comments?post=5120"}],"version-history":[{"count":4,"href":"https:\/\/www.konicaminolta.vn\/business\/wp-json\/wp\/v2\/pages\/5120\/revisions"}],"predecessor-version":[{"id":8190,"href":"https:\/\/www.konicaminolta.vn\/business\/wp-json\/wp\/v2\/pages\/5120\/revisions\/8190"}],"up":[{"embeddable":true,"href":"https:\/\/www.konicaminolta.vn\/business\/wp-json\/wp\/v2\/pages\/5107"}],"wp:attachment":[{"href":"https:\/\/www.konicaminolta.vn\/business\/wp-json\/wp\/v2\/media?parent=5120"}],"curies":[{"name":"wp","href":"https:\/\/api.w.org\/{rel}","templated":true}]}}