{"id":6148,"date":"2019-05-24T14:41:22","date_gmt":"2019-05-24T07:41:22","guid":{"rendered":"https:\/\/www.konicaminolta.vn\/business\/?page_id=6148"},"modified":"2026-01-20T14:18:55","modified_gmt":"2026-01-20T07:18:55","slug":"nha-phan-phoi-uy-quyen","status":"publish","type":"page","link":"https:\/\/www.konicaminolta.vn\/business\/nha-phan-phoi-uy-quyen\/","title":{"rendered":"Nh\u00e0 ph\u00e2n ph\u1ed1i v\u00e0 \u0110\u1ed1i t\u00e1c \u1ee7y quy\u1ec1n"},"content":{"rendered":"<p><span style=\"color: #0062c2;\"><strong>C\u00d4NG TY TNHH \u0110\u1ea6U T\u01af LEFAMI<\/strong><\/span><\/p>\n<p>o<strong> \u0110\u1ecba ch\u1ec9:<\/strong> L17-11, T\u1ea7ng 17, T\u00f2a nh\u00e0 Vincom Center, S\u1ed1 72 L\u00ea Th\u00e1nh T\u00f4n, Ph\u01b0\u1eddng S\u00e0i G\u00f2n, TP. H\u1ed3 Ch\u00ed Minh, Vi\u1ec7t Nam.<\/p>\n<p>o<strong> \u0110i\u1ec7n tho\u1ea1i:<\/strong>\u00a0(+84) 028 3865 9555 \u2013\u00a0<strong>Fax:<\/strong>\u00a0(+84) 028\u00a0 3837 9666 \u2013\u00a0\u00a0<strong>Website:\u00a0<\/strong><a href=\"http:\/\/stsvietnam.vn\/\">http:\/\/stsvietnam.vn\/<\/a><\/p>\n<p>o<strong> S\u1ea3n ph\u1ea9m ph\u00e2n ph\u1ed1i:<\/strong>\u00a0<a href=\"https:\/\/www.konicaminolta.vn\/business\/production-printing\/?swcfpc=1\">H\u1ec7 th\u1ed1ng in \u1ea5n s\u1ea3n xu\u1ea5t.<\/a><\/p>\n<p>&nbsp;<\/p>\n<p><span style=\"color: #0062c2;\"><strong>C\u00d4NG TY C\u1ed4 PH\u1ea6N TH\u01af\u01a0NG M\u1ea0I D\u1ecaCH V\u1ee4 SAO NAM AN (SOECO)<\/strong><\/span><\/p>\n<p>o<strong> \u0110\u1ecba ch\u1ec9:<\/strong> 27\/4-6 Kinh D\u01b0\u01a1ng V\u01b0\u01a1ng, Ph\u01b0\u1eddng Ph\u00fa L\u00e2m, TP. H\u1ed3 Ch\u00ed Minh, Vi\u1ec7t Nam.<\/p>\n<p>o<strong> \u0110i\u1ec7n tho\u1ea1i:<\/strong>\u00a0(+84) 028 3817 2440 \u2013\u00a0<strong>Fax:<\/strong>\u00a0(+84) 028 3817 0598 \u2013\u00a0<strong>Website:<\/strong>\u00a0<a href=\"https:\/\/soeco.com.vn\/\">https:\/\/soeco.com.vn\/<\/a><\/p>\n<p>o<strong> S\u1ea3n ph\u1ea9m ph\u00e2n ph\u1ed1i:<\/strong>\u00a0<a href=\"https:\/\/www.konicaminolta.vn\/business\/office-printing\/\">Thi\u1ebft b\u1ecb in \u1ea5n v\u0103n ph\u00f2ng.<\/a><\/p>\n<p>&nbsp;<\/p>\n<p><span style=\"color: #0062c2;\"><strong>C\u00d4NG TY TNHH TH\u01af\u01a0NG M\u1ea0I \u2013 T\u01af V\u1ea4N \u2013 K\u1ef8 THU\u1eacT SAO NAM<\/strong><\/span><\/p>\n<p>o<strong> \u0110\u1ecba ch\u1ec9:<\/strong> T\u1ea7ng 3, Block nh\u00e0 A, T\u00f2a nh\u00e0 Wasaco, s\u1ed1 10 Ph\u1ed1 Quang, Ph\u01b0\u1eddng T\u00e2n S\u01a1n H\u00f2a, TP H\u1ed3 Ch\u00ed Minh, Vi\u1ec7t Nam.<\/p>\n<p>o<strong> \u0110i\u1ec7n tho\u1ea1i: <\/strong>(84) 28. 3547 2715 \/16 \/17 \u2013\u00a0<strong>Fax:\u00a0<\/strong>(+84) 028 3547 2653 \u2013\u00a0<strong>Website:<\/strong>\u00a0<a href=\"http:\/\/www.saonam.com.vn\/\">www.saonam.com.vn<\/a><\/p>\n<p>o<strong> S\u1ea3n ph\u1ea9m ph\u00e2n ph\u1ed1i:<\/strong>\u00a0<a href=\"https:\/\/www.konicaminolta.vn\/business\/production-printing\/?swcfpc=1\">H\u1ec7 th\u1ed1ng in \u1ea5n s\u1ea3n xu\u1ea5t.<\/a><\/p>\n<p>&nbsp;<\/p>\n<p><span style=\"color: #0062c2;\"><strong>C\u00d4NG TY TNHH C\u00d4NG NGH\u1ec6 C-PRINT<\/strong><\/span><\/p>\n<p>o <strong>\u0110\u1ecba ch\u1ec9:<\/strong> S\u1ed1 24, Ng\u00f5 134, \u0110\u01b0\u1eddng Nguy\u1ec5n L\u00e2n, Ph\u01b0\u1eddng Ph\u01b0\u01a1ng Li\u1ec7t, Th\u00e0nh ph\u1ed1 H\u00e0 N\u1ed9i, Vi\u1ec7t Nam<\/p>\n<p>o <strong>\u0110i\u1ec7n tho\u1ea1i:<\/strong> +84 941 498 866 \u00a0\u2013 Email: <a href=\"mailto:hai.ct@c-print.com.vn\">hai.ct@c-print.com.vn<\/a> \u2013 <strong>Website: <\/strong><a href=\"http:\/\/www.c-print.com.vn\">www.c-print.com.vn<\/a><\/p>\n<p>o <strong>S\u1ea3n ph\u1ea9m ph\u00e2n ph\u1ed1i:<\/strong> <a href=\"https:\/\/www.konicaminolta.vn\/business\/industrial-printing\/?swcfpc=1\">H\u1ec7 th\u1ed1ng in \u1ea5n c\u00f4ng nghi\u1ec7p<\/a><\/p>\n<p>&nbsp;<\/p>\n<p>&nbsp;<\/p>\n","protected":false},"excerpt":{"rendered":"<p>C\u00d4NG TY TNHH \u0110\u1ea6U T\u01af LEFAMI o \u0110\u1ecba ch\u1ec9: L17-11, T\u1ea7ng 17, T\u00f2a nh\u00e0 Vincom Center, S\u1ed1 72 L\u00ea Th\u00e1nh T\u00f4n, Ph\u01b0\u1eddng S\u00e0i G\u00f2n, TP. H\u1ed3 Ch\u00ed Minh, Vi\u1ec7t Nam. o \u0110i\u1ec7n tho\u1ea1i:\u00a0(+84) 028 3865 9555 \u2013\u00a0Fax:\u00a0(+84) 028\u00a0 3837 9666 \u2013\u00a0\u00a0Website:\u00a0http:\/\/stsvietnam.vn\/ o S\u1ea3n ph\u1ea9m ph\u00e2n ph\u1ed1i:\u00a0H\u1ec7 th\u1ed1ng in \u1ea5n s\u1ea3n xu\u1ea5t. &nbsp; C\u00d4NG TY C\u1ed4<\/p>\n","protected":false},"author":1,"featured_media":0,"parent":0,"menu_order":0,"comment_status":"closed","ping_status":"closed","template":"","meta":{"footnotes":""},"class_list":["post-6148","page","type-page","status-publish","hentry"],"_links":{"self":[{"href":"https:\/\/www.konicaminolta.vn\/business\/wp-json\/wp\/v2\/pages\/6148","targetHints":{"allow":["GET"]}}],"collection":[{"href":"https:\/\/www.konicaminolta.vn\/business\/wp-json\/wp\/v2\/pages"}],"about":[{"href":"https:\/\/www.konicaminolta.vn\/business\/wp-json\/wp\/v2\/types\/page"}],"author":[{"embeddable":true,"href":"https:\/\/www.konicaminolta.vn\/business\/wp-json\/wp\/v2\/users\/1"}],"replies":[{"embeddable":true,"href":"https:\/\/www.konicaminolta.vn\/business\/wp-json\/wp\/v2\/comments?post=6148"}],"version-history":[{"count":4,"href":"https:\/\/www.konicaminolta.vn\/business\/wp-json\/wp\/v2\/pages\/6148\/revisions"}],"predecessor-version":[{"id":11610,"href":"https:\/\/www.konicaminolta.vn\/business\/wp-json\/wp\/v2\/pages\/6148\/revisions\/11610"}],"wp:attachment":[{"href":"https:\/\/www.konicaminolta.vn\/business\/wp-json\/wp\/v2\/media?parent=6148"}],"curies":[{"name":"wp","href":"https:\/\/api.w.org\/{rel}","templated":true}]}}