{"id":6220,"date":"2019-06-11T16:59:21","date_gmt":"2019-06-11T09:59:21","guid":{"rendered":"https:\/\/www.konicaminolta.vn\/business\/?page_id=6220"},"modified":"2019-06-12T16:23:42","modified_gmt":"2019-06-12T09:23:42","slug":"nen-tang-cybersecure","status":"publish","type":"page","link":"https:\/\/www.konicaminolta.vn\/business\/service\/nen-tang-cybersecure\/","title":{"rendered":"N\u1ec1n t\u1ea3ng CyberSecure"},"content":{"rendered":"<div class=\"wpb-content-wrapper\"><p>[vc_row css=&#8221;.vc_custom_1513676264432{margin-top: -75px !important;}&#8221;][vc_column][rev_slider_vc alias=&#8221;cybersecure_vi&#8221;][\/vc_column][\/vc_row][vc_row][vc_column][vc_empty_space height=&#8221;15px&#8221;][\/vc_column][\/vc_row][vc_row][vc_column width=&#8221;2\/3&#8243;][vc_tta_tabs shape=&#8221;square&#8221; color=&#8221;white&#8221; spacing=&#8221;3&#8243; active_section=&#8221;1&#8243; pagination_style=&#8221;outline-square&#8221; pagination_color=&#8221;white&#8221;][vc_tta_section title=&#8221;Gi\u1edbi thi\u1ec7u&#8221; tab_id=&#8221;1498066910571-031a6d46-cdde7bd8-b54273f0-02f0f06b-cf9f&#8221;][vc_empty_space][vc_row_inner][vc_column_inner][vc_column_text]<\/p>\n<p style=\"text-align: justify;\"><img decoding=\"async\" class=\"alignnone wp-image-4452\" src=\"https:\/\/www.konicaminolta.vn\/business\/wp-content\/uploads\/2019\/06\/CyberSecure.jpg\" \/><\/p>\n<p style=\"text-align: justify;\">C\u00e1c m\u1ed1i \u0111e d\u1ecda an ninh m\u1ea1ng \u0111ang gia t\u0103ng v\u00e0 tr\u1edf n\u00ean tinh vi h\u01a1n. T\u1ea5n c\u00f4ng m\u1ea1ng v\u00e0 vi ph\u1ea1m d\u1eef li\u1ec7u \u0111ang tr\u1edf th\u00e0nh vi\u1ec7c x\u1ea3y ra h\u00e0ng ng\u00e0y. C\u00e1c b\u1ed9 ph\u1eadn c\u1ee7a ch\u00fang t\u00f4i kh\u00f4ng th\u1ec3 thay \u0111\u1ed5i \u0111\u01b0\u1ee3c. An ninh m\u1ea1ng l\u00e0 m\u1ed1i quan t\u00e2m ng\u00e0y c\u00e0ng t\u0103ng \u0111\u1ed1i v\u1edbi tr\u1ebb em tr\u00ean to\u00e0n c\u1ea7u. C\u00e1c c\u00f4ng ngh\u1ec7 k\u1ebf th\u1eeba nh\u01b0 t\u01b0\u1eddng l\u1eeda v\u00e0 ph\u1ea7n m\u1ec1m ch\u1ed1ng vi-r\u00fat \u0111ang t\u1ecf ra kh\u00f4ng \u0111\u1ea7y \u0111\u1ee7 trong b\u1ed1i c\u1ea3nh m\u1ed1i \u0111e d\u1ecda m\u1ea1ng \u0111ang ph\u00e1t tri\u1ec3n. C\u00f3 th\u1ec3 tin v\u00e0o t\u00ecnh tr\u1ea1ng c\u1ee7a b\u1ea1n, tin t\u01b0\u1edfng v\u00e0 tin t\u01b0\u1edfng, tin t\u01b0\u1edfng v\u00e0o tin t\u1eb7c, tin t\u01b0\u1edfng v\u00e0o h\u00e0ng tri\u1ec7u th\u00f4ng tin v\u00e0 tin t\u01b0\u1edfng, \u0111\u00e1nh gi\u00e1, \u0111\u00e1nh gi\u00e1, \u0111\u00e1nh gi\u00e1, t\u1ea1o ra t\u00e1c \u0111\u1ed9ng l\u00e0m suy y\u1ebfu \u0111\u1ed1i v\u1edbi n\u00ean kinh t\u00ea.<\/p>\n<p style=\"text-align: justify;\">Internet c\u00f3 s\u1ef1 ph\u1ed5 bi\u1ebfn c\u1ee7a Internet, c\u1ee7a anh \u1ea5y c\u00f3 th\u1ec3 c\u00f3 th\u1ec3 l\u00e0 m\u1ed9t trong nh\u1eefng cu\u1ed9c t\u1ea5n c\u00f4ng m\u1ea1ng tr\u00ean to\u00e0n th\u1ebf gi\u1edbi. C\u00e1c ph\u1ea7n c\u1ee9ng, d\u1eef li\u1ec7u v\u00e0 v\u0103n b\u1ea3n, trong s\u1ed1 c\u00e1c gi\u1ea3i ph\u00e1p, t\u00ednh to\u00e1n, t\u00ednh to\u00e1n b\u1ea3o v\u1ec7 trong khi duy nh\u1ea5t.<\/p>\n<p style=\"text-align: justify;\"><strong>N\u1ec1n t\u1ea3ng CyberSecure<\/strong> c\u1ee7a Konica Minolta c\u00f3 nh\u1eefng g\u00ec c\u1ea7n thi\u1ebft \u0111\u1ec3 gi\u1ea3m thi\u1ec3u c\u00e1c m\u1ed1i \u0111e d\u1ecda m\u1ea1ng ngay l\u1eadp t\u1ee9c.<\/p>\n<p>[\/vc_column_text][\/vc_column_inner][\/vc_row_inner][\/vc_tta_section][vc_tta_section title=&#8221;T\u00ednh n\u0103ng ch\u00ednh&#8221; tab_id=&#8221;1514281884017-3cd70b6f-e18a123&#8243;][vc_column_text]<\/p>\n<h4>D\u01b0\u1edbi \u0111\u00e2y l\u00e0 danh s\u00e1ch c\u00e1c t\u00ednh n\u0103ng ch\u00ednh c\u1ee7a N\u1ec1n t\u1ea3ng CyberSecure<\/h4>\n<p>[\/vc_column_text][vc_row_inner][vc_column_inner][vc_column_text]<\/p>\n<ul>\n<li>Ph\u00e1t hi\u1ec7n t\u1ed1c \u0111\u1ed9 \u0111\u1ea7y \u0111\u1ee7 trong d\u00f2ng m\u00e0 kh\u00f4ng g\u00e2y ra b\u1ea5t k\u1ef3 s\u1ef1 suy gi\u1ea3m hi\u1ec7u su\u1ea5t \u0111\u00e1ng ch\u00fa \u00fd n\u00e0o<\/li>\n<li>Hi\u1ec3n th\u1ecb th\u1eddi gian th\u1ef1c c\u00e1c s\u1ef1 ki\u1ec7n b\u1ea3o m\u1eadt t\u1eeb t\u1ea5t c\u1ea3 c\u00e1c n\u1ec1n t\u1ea3ng \u0111\u01b0\u1ee3c gi\u00e1m s\u00e1t (gi\u00e1m s\u00e1t t\u1eeb xa), hi\u1ec3n th\u1ecb ngu\u1ed3n g\u1ed1c c\u1ee7a c\u00e1c cu\u1ed9c t\u1ea5n c\u00f4ng<\/li>\n<li>TCP \/ IP Stackless Design (ho\u1ea1t \u0111\u1ed9ng \u1edf ch\u1ebf \u0111\u1ed9 \u1ea9n, trong \u0111\u00f3 ho\u00e0n to\u00e0n v\u00f4 h\u00ecnh v\u00e0 kh\u00f4ng th\u1ec3 ph\u00e1t hi\u1ec7n tr\u00ean m\u1ea1ng)<\/li>\n<li>Ki\u1ec3m tra g\u00f3i s\u00e2u (DPI)<\/li>\n<li>Ph\u00e1t hi\u1ec7n URL \u0111\u1ed9c h\u1ea1i, DGA, \u0111\u1ecba ch\u1ec9 IP, n\u00fat tho\u00e1t Tor, Ch\u1ee9ng ch\u1ec9 SSL<\/li>\n<li>S\u00e0ng l\u1ecdc l\u01b0u l\u01b0\u1ee3ng \u0111\u1ebfn v\u00e0 \u0111i (Ki\u1ec3m tra g\u00f3i hai chi\u1ec1u)<\/li>\n<li>H\u1ed7 tr\u1ee3 t\u00ednh s\u1eb5n s\u00e0ng cao (HA) cho m\u00f4 h\u00ecnh \u0111\u00e3 ch\u1ecdn<\/li>\n<li>Ngu\u1ed3n c\u1ea5p d\u1eef li\u1ec7u Th\u00f4ng minh \u0111e d\u1ecda m\u1ea1ng \u0111\u01b0\u1ee3c c\u1eadp nh\u1eadt m\u1ed7i gi\u1edd t\u1eeb c\u01a1 s\u1edf d\u1eef li\u1ec7u ngu\u1ed3n c\u1ea5p d\u1eef li\u1ec7u m\u1ed1i \u0111e d\u1ecda th\u00f4ng minh tr\u00ean n\u1ec1n t\u1ea3ng \u0111\u00e1m m\u00e2y<\/li>\n<li>T\u1ea1o v\u00e0 qu\u1ea3n l\u00fd nh\u1eadt k\u00fd s\u1ef1 ki\u1ec7n \u0111\u1ec3 ph\u00e2n t\u00edch<\/li>\n<li>Lo\u1ea1i b\u1ecf t\u1edbi 90% c\u00e1c m\u1ed1i \u0111e d\u1ecda m\u1ea1ng s\u1eafp t\u1edbi tr\u01b0\u1edbc khi ch\u00fang c\u00f3 ch\u1ed7 \u0111\u1ee9ng trong m\u1ea1ng<\/li>\n<\/ul>\n<p>[\/vc_column_text][\/vc_column_inner][vc_column_inner width=&#8221;1\/2&#8243;][\/vc_column_inner][\/vc_row_inner][\/vc_tta_section][vc_tta_section title=&#8221;L\u1ee3i \u00edch&#8221; tab_id=&#8221;1514281884017-3cd70b6f-e18a1234&#8243;][vc_column_text]<\/p>\n<h4>L\u1ee3i \u00edch ch\u00ednh c\u1ee7a N\u1ec1n t\u1ea3ng CyberSecure:<\/h4>\n<p>[\/vc_column_text][vc_row_inner][vc_column_inner][vc_column_text]<\/p>\n<ul>\n<li><strong>Chi ph\u00ed hi\u1ec7u qu\u1ea3<\/strong> nh\u01b0 v\u1edbi chi ph\u00ed ph\u1ea7n c\u1ee9ng t\u1ed1i thi\u1ec3u v\u00e0 hi\u1ec7u su\u1ea5t t\u1ed1i \u0111a<\/li>\n<li>DPI c\u0169ng nh\u01b0 ph\u00e1t hi\u1ec7n danh ti\u1ebfng di\u1ec5n ra nhanh ch\u00f3ng v\u1edbi t\u00e1c \u0111\u1ed9ng t\u1ed1i thi\u1ec3u \u0111\u1ebfn hi\u1ec7u su\u1ea5t<\/li>\n<li>C\u00e1c g\u00f3i \u0111\u1ed9c h\u1ea1i b\u1ecb lo\u1ea1i b\u1ecf ngay c\u1ea3 tr\u01b0\u1edbc khi n\u00f3 \u0111\u1ebfn t\u01b0\u1eddng l\u1eeda v\u00e0 ng\u01b0\u1ee3c l\u1ea1i (h\u1ec7 th\u1ed1ng b\u1ecb nhi\u1ec5m g\u1eedi th\u00f4ng tin ra ngo\u00e0i)<\/li>\n<li>Th\u00f4ng b\u00e1o qua email \u0111\u01b0\u1ee3c g\u1eedi cho c\u00e1c m\u1ed1i \u0111e d\u1ecda quan tr\u1ecdng g\u1ea7n nh\u01b0 ngay l\u1eadp t\u1ee9c<\/li>\n<li>Cho ph\u00e9p <strong>c\u00e1c t\u1ed5 ch\u1ee9c t\u1eadp trung v\u00e0o \u0111i\u1ec1u tra l\u01b0u l\u01b0\u1ee3ng truy c\u1eadp<\/strong> th\u1ef1c s\u1ef1 v\u00e0 kh\u00f4ng ph\u1ea3i l\u00e0 nh\u1eefng g\u00ec \u0111\u00e3 bi\u1ebft<\/li>\n<li><strong>C\u1ea5u h\u00ecnh v\u00e0 c\u00e0i \u0111\u1eb7t \u0111\u01a1n gi\u1ea3n<\/strong>, c\u1ee7ng c\u1ed1 hi\u1ec7u qu\u1ea3 b\u1ea3o m\u1eadt m\u1ea1ng c\u1ee7a b\u1ea1n v\u1edbi th\u1eddi gian ch\u1ebft t\u1ed1i thi\u1ec3u<\/li>\n<li>C\u00f9ng v\u1edbi <strong>d\u1ecbch v\u1ee5 qu\u1ea3n l\u00fd c\u01a1 s\u1edf h\u1ea1 t\u1ea7ng Konica Minolta<\/strong>. Ch\u00fang t\u00f4i cung c\u1ea5p c\u00e1c d\u1ecbch v\u1ee5 b\u1ed5 sung \u0111\u1ec3 t\u1ed1i \u01b0u h\u00f3a v\u00e0 qu\u1ea3n l\u00fd c\u01a1 s\u1edf h\u1ea1 t\u1ea7ng CNTT c\u1ee7a b\u1ea1n<\/li>\n<\/ul>\n<p>[\/vc_column_text][\/vc_column_inner][vc_column_inner width=&#8221;1\/2&#8243;][\/vc_column_inner][\/vc_row_inner][\/vc_tta_section][vc_tta_section title=&#8221;T\u00e0i li\u1ec7u&#8221; tab_id=&#8221;1498123218093-c6acbbe6-13287bd8-b54273f0-02f0f06b-cf9f&#8221;][vc_empty_space][vc_row_inner][vc_column_inner width=&#8221;1\/4&#8243;][vc_single_image image=&#8221;6241&#8243; img_size=&#8221;full&#8221; onclick=&#8221;custom_link&#8221; img_link_target=&#8221;_blank&#8221; link=&#8221;https:\/\/www.konicaminolta.vn\/business\/wp-content\/uploads\/2019\/06\/FA-CSP-FINAL-web.pdf&#8221;][\/vc_column_inner][vc_column_inner width=&#8221;3\/4&#8243;][vc_column_text]<\/p>\n<h4><\/h4>\n<p><i>\u25ba<\/i> <a href=\"https:\/\/www.konicaminolta.vn\/business\/wp-content\/uploads\/2019\/06\/FA-CSP-FINAL-web.pdf\" target=\"_blank\" rel=\"noopener noreferrer\">T\u1ea3i xu\u1ed1ng t\u00e0i li\u1ec7u n\u1ec1n t\u1ea3ng CyberSecure<\/a>[\/vc_column_text][\/vc_column_inner][\/vc_row_inner][\/vc_tta_section][\/vc_tta_tabs][vc_empty_space][\/vc_column][vc_column width=&#8221;1\/3&#8243;][vc_widget_sidebar sidebar_id=&#8221;consulting-left-sidebar&#8221;][\/vc_column][\/vc_row][vc_row disable_element=&#8221;yes&#8221;][vc_column][vc_row_inner][vc_column_inner width=&#8221;1\/4&#8243;][vc_wp_custommenu nav_menu=&#8221;136&#8243;][\/vc_column_inner][vc_column_inner width=&#8221;1\/2&#8243;][vc_single_image image=&#8221;1975&#8243; img_size=&#8221;full&#8221; alignment=&#8221;center&#8221;][\/vc_column_inner][vc_column_inner width=&#8221;1\/4&#8243;][vc_widget_sidebar sidebar_id=&#8221;consulting-left-sidebar&#8221;][\/vc_column_inner][\/vc_row_inner][vc_empty_space height=&#8221;32&#8243;][\/vc_column][\/vc_row]<\/p>\n<\/div>","protected":false},"excerpt":{"rendered":"<p>[vc_row css=&#8221;.vc_custom_1513676264432{margin-top: -75px !important;}&#8221;][vc_column][rev_slider_vc alias=&#8221;cybersecure_vi&#8221;][\/vc_column][\/vc_row][vc_row][vc_column][vc_empty_space height=&#8221;15px&#8221;][\/vc_column][\/vc_row][vc_row][vc_column width=&#8221;2\/3&#8243;][vc_tta_tabs shape=&#8221;square&#8221; color=&#8221;white&#8221; spacing=&#8221;3&#8243; active_section=&#8221;1&#8243; pagination_style=&#8221;outline-square&#8221; pagination_color=&#8221;white&#8221;][vc_tta_section title=&#8221;Gi\u1edbi thi\u1ec7u&#8221; tab_id=&#8221;1498066910571-031a6d46-cdde7bd8-b54273f0-02f0f06b-cf9f&#8221;][vc_empty_space][vc_row_inner][vc_column_inner][vc_column_text] C\u00e1c m\u1ed1i \u0111e d\u1ecda an ninh m\u1ea1ng \u0111ang gia t\u0103ng v\u00e0 tr\u1edf n\u00ean tinh vi h\u01a1n. T\u1ea5n c\u00f4ng m\u1ea1ng v\u00e0 vi ph\u1ea1m d\u1eef li\u1ec7u \u0111ang tr\u1edf th\u00e0nh vi\u1ec7c x\u1ea3y ra h\u00e0ng ng\u00e0y. C\u00e1c b\u1ed9 ph\u1eadn c\u1ee7a ch\u00fang t\u00f4i kh\u00f4ng<\/p>\n","protected":false},"author":1,"featured_media":0,"parent":5093,"menu_order":0,"comment_status":"closed","ping_status":"closed","template":"","meta":{"footnotes":""},"class_list":["post-6220","page","type-page","status-publish","hentry"],"_links":{"self":[{"href":"https:\/\/www.konicaminolta.vn\/business\/wp-json\/wp\/v2\/pages\/6220","targetHints":{"allow":["GET"]}}],"collection":[{"href":"https:\/\/www.konicaminolta.vn\/business\/wp-json\/wp\/v2\/pages"}],"about":[{"href":"https:\/\/www.konicaminolta.vn\/business\/wp-json\/wp\/v2\/types\/page"}],"author":[{"embeddable":true,"href":"https:\/\/www.konicaminolta.vn\/business\/wp-json\/wp\/v2\/users\/1"}],"replies":[{"embeddable":true,"href":"https:\/\/www.konicaminolta.vn\/business\/wp-json\/wp\/v2\/comments?post=6220"}],"version-history":[{"count":5,"href":"https:\/\/www.konicaminolta.vn\/business\/wp-json\/wp\/v2\/pages\/6220\/revisions"}],"predecessor-version":[{"id":6278,"href":"https:\/\/www.konicaminolta.vn\/business\/wp-json\/wp\/v2\/pages\/6220\/revisions\/6278"}],"up":[{"embeddable":true,"href":"https:\/\/www.konicaminolta.vn\/business\/wp-json\/wp\/v2\/pages\/5093"}],"wp:attachment":[{"href":"https:\/\/www.konicaminolta.vn\/business\/wp-json\/wp\/v2\/media?parent=6220"}],"curies":[{"name":"wp","href":"https:\/\/api.w.org\/{rel}","templated":true}]}}