{"id":6260,"date":"2019-06-12T14:41:51","date_gmt":"2019-06-12T07:41:51","guid":{"rendered":"https:\/\/www.konicaminolta.vn\/business\/?page_id=6260"},"modified":"2019-06-12T15:54:56","modified_gmt":"2019-06-12T08:54:56","slug":"giai-phap-bao-mat-dau-cuoi","status":"publish","type":"page","link":"https:\/\/www.konicaminolta.vn\/business\/service\/giai-phap-bao-mat-dau-cuoi\/","title":{"rendered":"Gi\u1ea3i ph\u00e1p b\u1ea3o m\u1eadt \u0111\u1ea7u cu\u1ed1i"},"content":{"rendered":"<div class=\"wpb-content-wrapper\"><p>[vc_row css=&#8221;.vc_custom_1513676264432{margin-top: -75px !important;}&#8221;][vc_column 0=&#8221;&#8221;][rev_slider_vc alias=&#8221;eess_vi&#8221;][\/vc_column][\/vc_row][vc_row 0=&#8221;&#8221;][vc_column 0=&#8221;&#8221;][vc_empty_space height=&#8221;15px&#8221;][\/vc_column][\/vc_row][vc_row 0=&#8221;&#8221;][vc_column width=&#8221;2\/3&#8243;][vc_tta_tabs shape=&#8221;square&#8221; color=&#8221;white&#8221; spacing=&#8221;3&#8243; active_section=&#8221;1&#8243; pagination_style=&#8221;outline-square&#8221; pagination_color=&#8221;white&#8221;][vc_tta_section title=&#8221;Gi\u1edbi Thi\u1ec7u&#8221; tab_id=&#8221;1498066910571-031a6d46-cdde7bd8-b54273f0-02f0f06b-cf9f&#8221;][vc_empty_space 0=&#8221;&#8221;][vc_row_inner 0=&#8221;&#8221;][vc_column_inner 0=&#8221;&#8221;][vc_column_text 0=&#8221;&#8221;]<\/p>\n<p style=\"text-align: justify;\">B\u1ea2O M\u1eacT l\u00e0 m\u1ed9t c\u00e2n nh\u1eafc quan tr\u1ecdng trong nhi\u1ec1u t\u1ed5 ch\u1ee9c. H\u01b0\u1edbng t\u1edbi s\u1ed1 h\u00f3a, c\u00e1c quy \u0111\u1ecbnh nghi\u00eam ng\u1eb7t \u0111\u00e3 th\u00fac \u0111\u1ea9y vi\u1ec7c \u00e1p d\u1ee5ng v\u00e0 nh\u1eadn th\u1ee9c v\u1ec1 an ninh \u1edf nhi\u1ec1u doanh nghi\u1ec7p. \u0110\u1ec3 c\u00f3 m\u1ed9t m\u00f4i tr\u01b0\u1eddng an to\u00e0n, Security \u0111\u00f3ng m\u1ed9t ph\u1ea7n quan tr\u1ecdng trong v\u0103n ph\u00f2ng \u0111\u1ec3 b\u1ea3o v\u1ec7 kh\u1ecfi c\u00e1c m\u1ed1i \u0111e d\u1ecda b\u00ean ngo\u00e0i nh\u01b0 tr\u1ed9m c\u1eafp d\u1eef li\u1ec7u, khai th\u00e1c b\u00ed m\u1eadt kinh doanh, tr\u1ed9m c\u1eafp v\u00e0 h\u01a1n th\u1ebf n\u1eefa.<\/p>\n<p style=\"text-align: justify;\">Konica Minolta cung c\u1ea5p danh m\u1ee5c to\u00e0n di\u1ec7n c\u00e1c gi\u1ea3i ph\u00e1p v\u00e0 d\u1ecbch v\u1ee5 b\u1ea3o m\u1eadt \u0111\u00e1p \u1ee9ng m\u1ecdi nhu c\u1ea7u kinh doanh.<\/p>\n<p style=\"text-align: justify;\"><img decoding=\"async\" class=\"alignnone wp-image-4452\" src=\"https:\/\/www.konicaminolta.vn\/business\/wp-content\/uploads\/2019\/06\/security-chart.jpg\" \/><\/p>\n<p>[\/vc_column_text][\/vc_column_inner][\/vc_row_inner][\/vc_tta_section][vc_tta_section title=&#8221;T\u00ednh N\u0103ng&#8221; tab_id=&#8221;1514281884017-3cd70b6f-e18a123&#8243;][vc_column_text 0=&#8221;&#8221;]<\/p>\n<p>Konica Minolta Phi\u00ean b\u1ea3n b\u1ea3o m\u1eadt \u0111\u1ea7u cu\u1ed1i l\u00e0 m\u1ed9t danh m\u1ee5c t\u1ed5ng th\u1ec3 c\u00e1c gi\u1ea3i ph\u00e1p b\u1ea3o m\u1eadt mang \u0111\u1ebfn nhi\u1ec1u c\u1ea5p \u0111\u1ed9 ph\u00f2ng th\u1ee7 \u0111\u1ec3 b\u1ea3o v\u1ec7 doanh nghi\u1ec7p c\u1ee7a b\u1ea1n. T\u00ecm hi\u1ec3u nh\u1eefng Gi\u1ea3i ph\u00e1p b\u1ea3o m\u1eadt \u0111\u1ea7u cu\u1ed1i n\u00e0o c\u00f3 th\u1ec3 gi\u00fap gi\u1ea3i quy\u1ebft c\u00e1c th\u00e1ch th\u1ee9c v\u1edbi c\u00e1c t\u00ednh n\u0103ng sau:<\/p>\n<p>[\/vc_column_text][vc_row_inner 0=&#8221;&#8221;][vc_column_inner 0=&#8221;&#8221;][vc_column_text 0=&#8221;&#8221;]<\/p>\n<ul>\n<li>An to\u00e0n t\u00e0i li\u1ec7u \/ d\u1eef li\u1ec7u<\/li>\n<li>Gi\u1ea3i ph\u00e1p gi\u00e1m s\u00e1t an ninh v\u1eadt l\u00fd<\/li>\n<li>Ki\u1ec3m so\u00e1t v\u00e0 b\u1ea3o m\u1eadt truy c\u1eadp thi\u1ebft b\u1ecb<\/li>\n<li>B\u1ea3o m\u1eadt m\u1ea1ng<\/li>\n<li>D\u1ecbch v\u1ee5 b\u1ea3o m\u1eadt CNTT \u0111\u01b0\u1ee3c qu\u1ea3n l\u00fd<\/li>\n<\/ul>\n<p>[\/vc_column_text][\/vc_column_inner][vc_column_inner width=&#8221;1\/2&#8243;][\/vc_column_inner][\/vc_row_inner][\/vc_tta_section][vc_tta_section title=&#8221;T\u1ea3i t\u00e0i li\u1ec7u&#8221; tab_id=&#8221;1498123218093-c6acbbe6-13287bd8-b54273f0-02f0f06b-cf9f&#8221;][vc_row_inner 0=&#8221;&#8221;][vc_column_inner width=&#8221;3\/4&#8243;][vc_column_text 0=&#8221;&#8221;]<\/p>\n<h4><\/h4>\n<p><i>\u25ba<\/i> <a href=\"https:\/\/www.konicaminolta.vn\/business\/wp-content\/uploads\/2019\/06\/KM-End-to-End-Security-Brochure_FAv3_WEB.pdf\" target=\"_blank\" rel=\"noopener noreferrer\">T\u1ea3i xu\u1ed1ng t\u00e0i li\u1ec7u qu\u1ea3ng c\u00e1o b\u1ea3o m\u1eadt \u0111\u1ea7u cu\u1ed1i<\/a>[\/vc_column_text][\/vc_column_inner][\/vc_row_inner][\/vc_tta_section][\/vc_tta_tabs][vc_empty_space 0=&#8221;&#8221;][\/vc_column][vc_column width=&#8221;1\/3&#8243;][vc_widget_sidebar sidebar_id=&#8221;consulting-left-sidebar&#8221;][\/vc_column][\/vc_row][vc_row disable_element=&#8221;yes&#8221;][vc_column 0=&#8221;&#8221;][vc_row_inner 0=&#8221;&#8221;][vc_column_inner width=&#8221;1\/4&#8243;][vc_wp_custommenu nav_menu=&#8221;136&#8243;][\/vc_column_inner][vc_column_inner width=&#8221;1\/2&#8243;][vc_single_image image=&#8221;1975&#8243; img_size=&#8221;full&#8221; alignment=&#8221;center&#8221;][\/vc_column_inner][vc_column_inner width=&#8221;1\/4&#8243;][vc_widget_sidebar sidebar_id=&#8221;consulting-left-sidebar&#8221;][\/vc_column_inner][\/vc_row_inner][vc_empty_space height=&#8221;32&#8243;][\/vc_column][\/vc_row]<\/p>\n<\/div>","protected":false},"excerpt":{"rendered":"<p>[vc_row css=&#8221;.vc_custom_1513676264432{margin-top: -75px !important;}&#8221;][vc_column 0=&#8221;&#8221;][rev_slider_vc alias=&#8221;eess_vi&#8221;][\/vc_column][\/vc_row][vc_row 0=&#8221;&#8221;][vc_column 0=&#8221;&#8221;][vc_empty_space height=&#8221;15px&#8221;][\/vc_column][\/vc_row][vc_row 0=&#8221;&#8221;][vc_column width=&#8221;2\/3&#8243;][vc_tta_tabs shape=&#8221;square&#8221; color=&#8221;white&#8221; spacing=&#8221;3&#8243; active_section=&#8221;1&#8243; pagination_style=&#8221;outline-square&#8221; pagination_color=&#8221;white&#8221;][vc_tta_section title=&#8221;Gi\u1edbi Thi\u1ec7u&#8221; tab_id=&#8221;1498066910571-031a6d46-cdde7bd8-b54273f0-02f0f06b-cf9f&#8221;][vc_empty_space 0=&#8221;&#8221;][vc_row_inner 0=&#8221;&#8221;][vc_column_inner 0=&#8221;&#8221;][vc_column_text 0=&#8221;&#8221;] B\u1ea2O M\u1eacT l\u00e0 m\u1ed9t c\u00e2n nh\u1eafc quan tr\u1ecdng trong nhi\u1ec1u t\u1ed5 ch\u1ee9c. H\u01b0\u1edbng t\u1edbi s\u1ed1 h\u00f3a, c\u00e1c quy \u0111\u1ecbnh nghi\u00eam ng\u1eb7t \u0111\u00e3 th\u00fac \u0111\u1ea9y vi\u1ec7c \u00e1p d\u1ee5ng v\u00e0 nh\u1eadn th\u1ee9c v\u1ec1<\/p>\n","protected":false},"author":1,"featured_media":0,"parent":5093,"menu_order":0,"comment_status":"closed","ping_status":"closed","template":"","meta":{"footnotes":""},"class_list":["post-6260","page","type-page","status-publish","hentry"],"_links":{"self":[{"href":"https:\/\/www.konicaminolta.vn\/business\/wp-json\/wp\/v2\/pages\/6260","targetHints":{"allow":["GET"]}}],"collection":[{"href":"https:\/\/www.konicaminolta.vn\/business\/wp-json\/wp\/v2\/pages"}],"about":[{"href":"https:\/\/www.konicaminolta.vn\/business\/wp-json\/wp\/v2\/types\/page"}],"author":[{"embeddable":true,"href":"https:\/\/www.konicaminolta.vn\/business\/wp-json\/wp\/v2\/users\/1"}],"replies":[{"embeddable":true,"href":"https:\/\/www.konicaminolta.vn\/business\/wp-json\/wp\/v2\/comments?post=6260"}],"version-history":[{"count":4,"href":"https:\/\/www.konicaminolta.vn\/business\/wp-json\/wp\/v2\/pages\/6260\/revisions"}],"predecessor-version":[{"id":6274,"href":"https:\/\/www.konicaminolta.vn\/business\/wp-json\/wp\/v2\/pages\/6260\/revisions\/6274"}],"up":[{"embeddable":true,"href":"https:\/\/www.konicaminolta.vn\/business\/wp-json\/wp\/v2\/pages\/5093"}],"wp:attachment":[{"href":"https:\/\/www.konicaminolta.vn\/business\/wp-json\/wp\/v2\/media?parent=6260"}],"curies":[{"name":"wp","href":"https:\/\/api.w.org\/{rel}","templated":true}]}}