{"id":6567,"date":"2019-12-31T11:22:37","date_gmt":"2019-12-31T04:22:37","guid":{"rendered":"https:\/\/www.konicaminolta.vn\/business\/?page_id=6567"},"modified":"2020-06-29T11:01:27","modified_gmt":"2020-06-29T04:01:27","slug":"remote-care","status":"publish","type":"page","link":"https:\/\/www.konicaminolta.vn\/business\/vertical-solutions\/remote-care\/","title":{"rendered":"N\u1ec1n t\u1ea3ng d\u1ecbch v\u1ee5 t\u1eeb xa to\u00e0n c\u1ea7u"},"content":{"rendered":"<div class=\"wpb-content-wrapper\"><p>[vc_row css=&#8221;.vc_custom_1513676264432{margin-top: -75px !important;}&#8221;][vc_column][rev_slider_vc alias=&#8221;wrsp_vi&#8221;][\/vc_column][\/vc_row][vc_row][vc_column][vc_empty_space height=&#8221;15px&#8221;][\/vc_column][\/vc_row][vc_row][vc_column width=&#8221;2\/3&#8243;][vc_tta_tabs shape=&#8221;square&#8221; color=&#8221;white&#8221; spacing=&#8221;3&#8243; active_section=&#8221;1&#8243; pagination_style=&#8221;outline-square&#8221; pagination_color=&#8221;white&#8221;][vc_tta_section title=&#8221;Gi\u1edbi thi\u1ec7u&#8221; tab_id=&#8221;1498066910571-031a6d46-cdde7bd8-b54273f0-02f0f06b-cf9f&#8221;][vc_empty_space][vc_row_inner][vc_column_inner][vc_column_text]<strong>Ch\u1ee9c n\u0103ng \u0111\u01a1n gi\u1ea3n. Gi\u1ea3i ph\u00e1p m\u1ea1nh m\u1ebd<\/strong><\/p>\n<p style=\"text-align: justify;\">Ch\u00fang t\u00f4i mu\u1ed1n h\u1ed7 tr\u1ee3 c\u00e1ch b\u1ea1n l\u00e0m vi\u1ec7c. V\u1edbi d\u1ecbch v\u1ee5 t\u1eeb xa, b\u1ea1n c\u00f3 th\u1ec3 t\u1eadp trung v\u00e0o l\u00e0m vi\u1ec7c t\u1ed1t h\u01a1n, \u00edt phi\u1ec1n nhi\u1ec5u h\u01a1n.<\/p>\n<p style=\"text-align: justify;\">C\u00e1c c\u1eadp nh\u1eadt t\u00f9y ch\u1ec9nh cho h\u1ec7 \u0111i\u1ec1u h\u00e0nh c\u1ee7a b\u1ea1n \u0111\u01b0\u1ee3c th\u1ef1c hi\u1ec7n t\u1ef1 \u0111\u1ed9ng, v\u00ec v\u1eady b\u1ea1n lu\u00f4n c\u00f3 th\u1ec3 tin t\u01b0\u1edfng v\u00e0o m\u00e1y in \u0111a ch\u1ee9c n\u0103ng c\u1ee7a m\u00ecnh \u0111\u1ec3 th\u1ef1c hi\u1ec7n \u1edf \u0111i\u1ec1u ki\u1ec7n t\u1ed1i \u01b0u. V\u1edbi \u0111\u1ed3ng b\u1ed9 h\u00f3a li\u1ec1n m\u1ea1ch tr\u00ean t\u1ea5t c\u1ea3 c\u00e1c thi\u1ebft b\u1ecb, n\u00f3 cho ph\u00e9p b\u1ea1n l\u00e0m vi\u1ec7c v\u1edbi c\u00e1c c\u00e0i \u0111\u1eb7t b\u1ea1n mu\u1ed1n. \u0110\u01b0\u1ee3c h\u1ed7 tr\u1ee3 v\u1edbi b\u1ea3n sao l\u01b0u \u0111\u00e1ng tin c\u1eady v\u00e0 b\u1ea3o m\u1eadt, b\u1ea1n \u0111\u00e3 th\u1eafng, b\u1ea1n c\u1ea7n ph\u1ea3i lo l\u1eafng v\u1ec1 vi\u1ec7c m\u1ea5t c\u00e1c c\u00e0i \u0111\u1eb7t \u01b0u ti\u00ean c\u1ee7a m\u00ecnh n\u1eefa.<\/p>\n<p style=\"text-align: justify;\">H\u00e3y y\u00ean t\u00e2m r\u1eb1ng d\u1eef li\u1ec7u c\u1ee7a b\u1ea1n s\u1ebd lu\u00f4n trong tay an to\u00e0n.<\/p>\n<p style=\"text-align: justify;\">\u0110\u1eb7t ni\u1ec1m tin c\u1ee7a b\u1ea1n v\u00e0o Konica Minolta, gi\u1ea3i ph\u00e1p d\u1ecbch v\u1ee5 \u0111\u01a1n gi\u1ea3n v\u00e0 m\u1ea1nh m\u1ebd c\u00f3 s\u1eb5n trong c\u00e1c t\u00f9y ch\u1ecdn sau:<\/p>\n<p><img loading=\"lazy\" decoding=\"async\" class=\"wp-image-7154 size-full aligncenter\" src=\"https:\/\/www.konicaminolta.vn\/business\/wp-content\/uploads\/2020\/06\/MicrosoftTeams-image-2-1.png\" alt=\"\" width=\"480\" height=\"275\" srcset=\"https:\/\/www.konicaminolta.vn\/business\/wp-content\/uploads\/2020\/06\/MicrosoftTeams-image-2-1.png 480w, https:\/\/www.konicaminolta.vn\/business\/wp-content\/uploads\/2020\/06\/MicrosoftTeams-image-2-1-300x172.png 300w\" sizes=\"auto, (max-width: 480px) 100vw, 480px\" \/>[\/vc_column_text][\/vc_column_inner][\/vc_row_inner][\/vc_tta_section][vc_tta_section title=&#8221;T\u00ednh n\u0103ng&#8221; tab_id=&#8221;1514281884017-3cd70b6f-e18a&#8221;][vc_row_inner][vc_column_inner 0=&#8221;&#8221;][vc_column_text 0=&#8221;&#8221;]<strong>Th\u1eddi gian th\u1eadt qu\u00fd gi\u00e1. V\u00e0 ch\u00fang t\u00f4i bi\u1ebft r\u1eb1ng. V\u1edbi N\u1ec1n t\u1ea3ng d\u1ecbch v\u1ee5 t\u1eeb xa to\u00e0n c\u1ea7u (Remote Care) c\u1ee7a Konica Minolta, h\u00e3y t\u1eadn h\u01b0\u1edfng tr\u1ea3i nghi\u1ec7m kh\u00f4ng r\u1eafc r\u1ed1i v\u00e0 n\u0103ng su\u1ea5t t\u1ed1i \u01b0u trong v\u0103n ph\u00f2ng.<\/strong><\/p>\n<p>V\u1edbi m\u1ed9t gi\u1ea3i ph\u00e1p cho ph\u00e9p ph\u1ee5c v\u1ee5 t\u1eeb xa c\u00e1c m\u00e1y in \u0111a ch\u1ee9c n\u0103ng Konica Minolta, \u0111\u00e3 qua r\u1ed3i nh\u1eefng ng\u00e0y g\u1ecdi \u0111i\u1ec7n tho\u1ea1i b\u1ef1c b\u1ed9i v\u00e0 ch\u1edd \u0111\u1ee3i s\u1ef1 gi\u00fap \u0111\u1ee1 t\u1eeb l\u00e2u. \u0110\u01b0\u1ee3c thi\u1ebft k\u1ebf \u0111\u1ec3 bao g\u1ed3m c\u00e1c t\u00ednh n\u0103ng c\u00f3 m\u1ee5c \u0111\u00edch gi\u00fap b\u1ea3o tr\u00ec d\u1ec5 d\u00e0ng trong khi b\u1ea3o m\u1eadt m\u00e1y in \u0111a ch\u1ee9c n\u0103ng c\u1ee7a b\u1ea1n, \u0111\u00e2y l\u00e0 d\u1ecbch v\u1ee5 ho\u00e0n h\u1ea3o \u0111\u1ec3 gi\u1ea3m th\u1eddi gian ng\u1eebng ho\u1ea1t \u0111\u1ed9ng c\u1ee7a thi\u1ebft b\u1ecb.<\/p>\n<p style=\"text-align: center;\"><strong>D\u1ecaCH V\u1ee4 SEAMLESS CHO DOANH NGHI\u1ec6P<\/strong><\/p>\n<p><img loading=\"lazy\" decoding=\"async\" class=\"aligncenter wp-image-7156 size-full\" src=\"https:\/\/www.konicaminolta.vn\/business\/wp-content\/uploads\/2020\/06\/Remote-Care-Feature-1-1.jpg\" alt=\"\" width=\"919\" height=\"486\" srcset=\"https:\/\/www.konicaminolta.vn\/business\/wp-content\/uploads\/2020\/06\/Remote-Care-Feature-1-1.jpg 919w, https:\/\/www.konicaminolta.vn\/business\/wp-content\/uploads\/2020\/06\/Remote-Care-Feature-1-1-300x159.jpg 300w, https:\/\/www.konicaminolta.vn\/business\/wp-content\/uploads\/2020\/06\/Remote-Care-Feature-1-1-768x406.jpg 768w, https:\/\/www.konicaminolta.vn\/business\/wp-content\/uploads\/2020\/06\/Remote-Care-Feature-1-1-600x317.jpg 600w\" sizes=\"auto, (max-width: 919px) 100vw, 919px\" \/>[\/vc_column_text][\/vc_column_inner][\/vc_row_inner][\/vc_tta_section][vc_tta_section title=&#8221;T\u00e0i li\u1ec7u&#8221; tab_id=&#8221;1498123218093-c6acbbe6-13287bd8-b54273f0-02f0f06b-cf9f&#8221;][vc_row_inner][vc_column_inner width=&#8221;5\/12&#8243;][vc_column_text 0=&#8221;&#8221;]<i>\u25ba<\/i> <a href=\"https:\/\/www.konicaminolta.vn\/business\/wp-content\/uploads\/2020\/06\/Remote-Care-Brochure-Low-Res.pdf\" target=\"_blank\" rel=\"noopener noreferrer\">T\u1ea3i xu\u1ed1ng N\u1ec1n T\u1ea3ng T\u1eeb Xa To\u00e0n C\u1ea7u<\/a>[\/vc_column_text][vc_single_image image=&#8221;7165&#8243; img_size=&#8221;full&#8221; onclick=&#8221;custom_link&#8221; img_link_target=&#8221;_blank&#8221; link=&#8221;https:\/\/www.konicaminolta.vn\/business\/wp-content\/uploads\/2020\/06\/Remote-Care-Brochure-Low-Res-1.pdf&#8221;][\/vc_column_inner][\/vc_row_inner][\/vc_tta_section][\/vc_tta_tabs][vc_empty_space][\/vc_column][vc_column width=&#8221;1\/3&#8243;][vc_widget_sidebar sidebar_id=&#8221;consulting-left-sidebar&#8221;][\/vc_column][\/vc_row][vc_row disable_element=&#8221;yes&#8221;][vc_column][vc_row_inner][vc_column_inner width=&#8221;1\/4&#8243;][vc_wp_custommenu nav_menu=&#8221;136&#8243;][\/vc_column_inner][vc_column_inner width=&#8221;1\/2&#8243;][vc_single_image image=&#8221;1975&#8243; img_size=&#8221;full&#8221; alignment=&#8221;center&#8221;][\/vc_column_inner][vc_column_inner width=&#8221;1\/4&#8243;][vc_widget_sidebar sidebar_id=&#8221;consulting-left-sidebar&#8221;][\/vc_column_inner][\/vc_row_inner][vc_empty_space height=&#8221;32&#8243;][\/vc_column][\/vc_row]<\/p>\n<\/div>","protected":false},"excerpt":{"rendered":"<p>[vc_row css=&#8221;.vc_custom_1513676264432{margin-top: -75px !important;}&#8221;][vc_column][rev_slider_vc alias=&#8221;wrsp_vi&#8221;][\/vc_column][\/vc_row][vc_row][vc_column][vc_empty_space height=&#8221;15px&#8221;][\/vc_column][\/vc_row][vc_row][vc_column width=&#8221;2\/3&#8243;][vc_tta_tabs shape=&#8221;square&#8221; color=&#8221;white&#8221; spacing=&#8221;3&#8243; active_section=&#8221;1&#8243; pagination_style=&#8221;outline-square&#8221; pagination_color=&#8221;white&#8221;][vc_tta_section title=&#8221;Gi\u1edbi thi\u1ec7u&#8221; tab_id=&#8221;1498066910571-031a6d46-cdde7bd8-b54273f0-02f0f06b-cf9f&#8221;][vc_empty_space][vc_row_inner][vc_column_inner][vc_column_text]Ch\u1ee9c n\u0103ng \u0111\u01a1n gi\u1ea3n. Gi\u1ea3i ph\u00e1p m\u1ea1nh m\u1ebd Ch\u00fang t\u00f4i mu\u1ed1n h\u1ed7 tr\u1ee3 c\u00e1ch b\u1ea1n l\u00e0m vi\u1ec7c. V\u1edbi d\u1ecbch v\u1ee5 t\u1eeb xa, b\u1ea1n c\u00f3 th\u1ec3 t\u1eadp trung v\u00e0o l\u00e0m vi\u1ec7c t\u1ed1t h\u01a1n, \u00edt phi\u1ec1n nhi\u1ec5u h\u01a1n. C\u00e1c c\u1eadp nh\u1eadt t\u00f9y<\/p>\n","protected":false},"author":1,"featured_media":0,"parent":5842,"menu_order":0,"comment_status":"closed","ping_status":"closed","template":"","meta":{"footnotes":""},"class_list":["post-6567","page","type-page","status-publish","hentry"],"_links":{"self":[{"href":"https:\/\/www.konicaminolta.vn\/business\/wp-json\/wp\/v2\/pages\/6567","targetHints":{"allow":["GET"]}}],"collection":[{"href":"https:\/\/www.konicaminolta.vn\/business\/wp-json\/wp\/v2\/pages"}],"about":[{"href":"https:\/\/www.konicaminolta.vn\/business\/wp-json\/wp\/v2\/types\/page"}],"author":[{"embeddable":true,"href":"https:\/\/www.konicaminolta.vn\/business\/wp-json\/wp\/v2\/users\/1"}],"replies":[{"embeddable":true,"href":"https:\/\/www.konicaminolta.vn\/business\/wp-json\/wp\/v2\/comments?post=6567"}],"version-history":[{"count":4,"href":"https:\/\/www.konicaminolta.vn\/business\/wp-json\/wp\/v2\/pages\/6567\/revisions"}],"predecessor-version":[{"id":7169,"href":"https:\/\/www.konicaminolta.vn\/business\/wp-json\/wp\/v2\/pages\/6567\/revisions\/7169"}],"up":[{"embeddable":true,"href":"https:\/\/www.konicaminolta.vn\/business\/wp-json\/wp\/v2\/pages\/5842"}],"wp:attachment":[{"href":"https:\/\/www.konicaminolta.vn\/business\/wp-json\/wp\/v2\/media?parent=6567"}],"curies":[{"name":"wp","href":"https:\/\/api.w.org\/{rel}","templated":true}]}}