{"id":6603,"date":"2020-01-02T14:49:25","date_gmt":"2020-01-02T07:49:25","guid":{"rendered":"https:\/\/www.konicaminolta.vn\/business\/vertical-solutions\/hard-disk-drive-security\/"},"modified":"2020-01-02T15:42:10","modified_gmt":"2020-01-02T08:42:10","slug":"hard-disk-drive-security","status":"publish","type":"page","link":"https:\/\/www.konicaminolta.vn\/business\/vertical-solutions\/hard-disk-drive-security\/","title":{"rendered":"B\u1ea3o M\u1eadt \u1ed4 \u0110\u0129a C\u1ee9ng"},"content":{"rendered":"<div class=\"wpb-content-wrapper\"><p>[vc_row css=&#8221;.vc_custom_1513676264432{margin-top: -75px !important;}&#8221;][vc_column][rev_slider_vc alias=&#8221;hdds&#8221;][\/vc_column][\/vc_row][vc_row][vc_column][vc_empty_space height=&#8221;15px&#8221;][\/vc_column][\/vc_row][vc_row][vc_column width=&#8221;2\/3&#8243;][vc_tta_tabs shape=&#8221;square&#8221; color=&#8221;white&#8221; spacing=&#8221;3&#8243; active_section=&#8221;1&#8243; pagination_style=&#8221;outline-square&#8221; pagination_color=&#8221;white&#8221;][vc_tta_section title=&#8221;Gi\u1edbi thi\u1ec7u&#8221; tab_id=&#8221;1498066910571-031a6d46-cdde7bd8-b54273f0-02f0f06b-cf9f&#8221;][vc_row_inner][vc_column_inner][vc_column_text]<strong>Vi ph\u1ea1m an ninh x\u1ea3y ra khi b\u1ea1n \u00edt mong \u0111\u1ee3i nh\u1ea5t.<\/strong><\/p>\n<p>Ngh\u0129 r\u1eb1ng d\u1eef li\u1ec7u c\u1ee7a b\u1ea1n l\u00e0 an to\u00e0n? Th\u1eadt kh\u00f4ng may, n\u00f3 c\u00f3 th\u1ec3 kh\u00f4ng \u0111\u01b0\u1ee3c.<\/p>\n<p>Nguy c\u01a1 v\u1edbi c\u00e1c \u0111\u0129a c\u1ee9ng ch\u1ee9a b\u1ea3n sao k\u1ef9 thu\u1eadt s\u1ed1 c\u1ee7a c\u00e1c t\u00e0i li\u1ec7u \u0111ang \u0111\u01b0\u1ee3c qu\u00e9t ho\u1eb7c g\u1eedi \u0111\u1ec3 in. T\u1ea5t c\u1ea3 c\u00e1c si\u00eau d\u1eef li\u1ec7u li\u00ean quan v\u00e0 t\u00e0i s\u1ea3n kinh doanh c\u00f3 gi\u00e1 tr\u1ecb th\u1ef1c s\u1ef1 c\u00f3 th\u1ec3 \u0111\u01b0\u1ee3c truy c\u1eadp, \u0111i\u1ec1u n\u00e0y c\u00f3 nguy c\u01a1 vi ph\u1ea1m d\u1eef li\u1ec7u. Vi ph\u1ea1m d\u1eef li\u1ec7u s\u1ebd l\u00e0m \u0111\u1ea3o l\u1ed9n danh ti\u1ebfng kh\u00f3 ki\u1ebfm c\u1ee7a c\u00f4ng ty b\u1ea1n, d\u1eabn \u0111\u1ebfn t\u1ed5n th\u1ea5t ti\u1ec1n t\u1ec7 l\u1edbn. V\u1edbi h\u00e0nh vi tr\u1ed9m c\u1eafp d\u1eef li\u1ec7u tr\u1edf th\u00e0nh m\u1ed1i \u0111e d\u1ecda nghi\u00eam tr\u1ecdng, l\u00e0m th\u1ebf n\u00e0o \u0111\u1ec3 b\u1ea1n bi\u1ebft d\u1eef li\u1ec7u c\u1ee7a m\u00ecnh \u0111\u01b0\u1ee3c an to\u00e0n?<\/p>\n<p>May m\u1eafn thay, v\u1edbi Konica Minolta bizhub AN TO\u00c0N v\u00e0 bizhub SECURE Platinum, b\u1ea1n c\u00f3 th\u1ec3 ch\u1eafc ch\u1eafn r\u1eb1ng d\u1eef li\u1ec7u b\u00ed m\u1eadt \u0111\u01b0\u1ee3c l\u01b0u tr\u1eef tr\u00ean \u1ed5 c\u1ee9ng b\u00ean trong c\u1ee7a c\u00e1c thi\u1ebft b\u1ecb in \u0111a ch\u1ee9c n\u0103ng lu\u00f4n \u0111\u01b0\u1ee3c b\u1ea3o v\u1ec7.<\/p>\n<p style=\"text-align: center;\"><img loading=\"lazy\" decoding=\"async\" class=\"alignnone size-full wp-image-6595\" src=\"https:\/\/www.konicaminolta.vn\/business\/wp-content\/uploads\/2020\/01\/hardisk-introduction.jpg\" alt=\"\" width=\"2496\" height=\"936\" srcset=\"https:\/\/www.konicaminolta.vn\/business\/wp-content\/uploads\/2020\/01\/hardisk-introduction.jpg 2496w, https:\/\/www.konicaminolta.vn\/business\/wp-content\/uploads\/2020\/01\/hardisk-introduction-300x113.jpg 300w, https:\/\/www.konicaminolta.vn\/business\/wp-content\/uploads\/2020\/01\/hardisk-introduction-768x288.jpg 768w, https:\/\/www.konicaminolta.vn\/business\/wp-content\/uploads\/2020\/01\/hardisk-introduction-1024x384.jpg 1024w, https:\/\/www.konicaminolta.vn\/business\/wp-content\/uploads\/2020\/01\/hardisk-introduction-600x225.jpg 600w\" sizes=\"auto, (max-width: 2496px) 100vw, 2496px\" \/><\/p>\n<p>[\/vc_column_text][\/vc_column_inner][\/vc_row_inner][\/vc_tta_section][vc_tta_section title=&#8221;T\u00ednh N\u0103ng&#8221; tab_id=&#8221;1514281884017-3cd70b6f-e18a&#8221;][vc_row_inner][vc_column_inner 0=&#8221;&#8221;][vc_column_text 0=&#8221;&#8221;]Trong qu\u00e1 tr\u00ecnh b\u1ea3o tr\u00ec d\u1ecbch v\u1ee5 \u0111\u1ec3 thay th\u1ebf \u1ed5 \u0111\u0129a c\u1ee9ng (HDD) ho\u1eb7c v\u00e0o cu\u1ed1i th\u1eddi gian d\u1ecbch v\u1ee5 c\u1ee7a t\u1eebng thi\u1ebft b\u1ecb in, b\u1ea1n c\u00f3 th\u1ec3 ch\u1ecdn c\u00e1ch x\u1eed l\u00fd \u1ed5 c\u1ee9ng c\u1ee7a m\u00ecnh t\u1eeb m\u1ed9t v\u00e0i t\u00f9y ch\u1ecdn c\u00f3 s\u1eb5n<\/p>\n<p><img loading=\"lazy\" decoding=\"async\" class=\"alignnone size-full wp-image-6596\" src=\"https:\/\/www.konicaminolta.vn\/business\/wp-content\/uploads\/2020\/01\/hard-drive-security-features.jpg\" alt=\"\" width=\"2378\" height=\"716\" srcset=\"https:\/\/www.konicaminolta.vn\/business\/wp-content\/uploads\/2020\/01\/hard-drive-security-features.jpg 2378w, https:\/\/www.konicaminolta.vn\/business\/wp-content\/uploads\/2020\/01\/hard-drive-security-features-300x90.jpg 300w, https:\/\/www.konicaminolta.vn\/business\/wp-content\/uploads\/2020\/01\/hard-drive-security-features-768x231.jpg 768w, https:\/\/www.konicaminolta.vn\/business\/wp-content\/uploads\/2020\/01\/hard-drive-security-features-1024x308.jpg 1024w, https:\/\/www.konicaminolta.vn\/business\/wp-content\/uploads\/2020\/01\/hard-drive-security-features-600x181.jpg 600w\" sizes=\"auto, (max-width: 2378px) 100vw, 2378px\" \/>[\/vc_column_text][\/vc_column_inner][\/vc_row_inner][\/vc_tta_section][vc_tta_section title=&#8221;T\u1ea3i v\u1ec1&#8221; tab_id=&#8221;1498123218093-c6acbbe6-13287bd8-b54273f0-02f0f06b-cf9f&#8221;][vc_row_inner][vc_column_inner width=&#8221;5\/12&#8243;][vc_column_text 0=&#8221;&#8221;]<i>\u25ba<\/i> <a href=\"https:\/\/www.konicaminolta.vn\/business\/wp-content\/uploads\/2020\/01\/Hard-Disks-Drive-Security.pdf\" target=\"_blank\" rel=\"noopener noreferrer\">Hard Disk Drive Security<\/a>[\/vc_column_text][vc_single_image image=&#8221;6597&#8243; img_size=&#8221;full&#8221; onclick=&#8221;custom_link&#8221; img_link_target=&#8221;_blank&#8221; link=&#8221;https:\/\/www.konicaminolta.vn\/business\/wp-content\/uploads\/2020\/01\/Hard-Disks-Drive-Security.pdf&#8221;][\/vc_column_inner][\/vc_row_inner][\/vc_tta_section][\/vc_tta_tabs][vc_empty_space][\/vc_column][vc_column width=&#8221;1\/3&#8243;][vc_widget_sidebar sidebar_id=&#8221;consulting-left-sidebar&#8221;][\/vc_column][\/vc_row][vc_row disable_element=&#8221;yes&#8221;][vc_column][vc_row_inner][vc_column_inner width=&#8221;1\/4&#8243;][vc_wp_custommenu nav_menu=&#8221;136&#8243;][\/vc_column_inner][vc_column_inner width=&#8221;1\/2&#8243;][vc_single_image image=&#8221;1975&#8243; img_size=&#8221;full&#8221; alignment=&#8221;center&#8221;][\/vc_column_inner][vc_column_inner width=&#8221;1\/4&#8243;][vc_widget_sidebar sidebar_id=&#8221;consulting-left-sidebar&#8221;][\/vc_column_inner][\/vc_row_inner][vc_empty_space height=&#8221;32&#8243;][\/vc_column][\/vc_row]<\/p>\n<\/div>","protected":false},"excerpt":{"rendered":"<p>[vc_row css=&#8221;.vc_custom_1513676264432{margin-top: -75px !important;}&#8221;][vc_column][rev_slider_vc alias=&#8221;hdds&#8221;][\/vc_column][\/vc_row][vc_row][vc_column][vc_empty_space height=&#8221;15px&#8221;][\/vc_column][\/vc_row][vc_row][vc_column width=&#8221;2\/3&#8243;][vc_tta_tabs shape=&#8221;square&#8221; color=&#8221;white&#8221; spacing=&#8221;3&#8243; active_section=&#8221;1&#8243; pagination_style=&#8221;outline-square&#8221; pagination_color=&#8221;white&#8221;][vc_tta_section title=&#8221;Gi\u1edbi thi\u1ec7u&#8221; tab_id=&#8221;1498066910571-031a6d46-cdde7bd8-b54273f0-02f0f06b-cf9f&#8221;][vc_row_inner][vc_column_inner][vc_column_text]Vi ph\u1ea1m an ninh x\u1ea3y ra khi b\u1ea1n \u00edt mong \u0111\u1ee3i nh\u1ea5t. Ngh\u0129 r\u1eb1ng d\u1eef li\u1ec7u c\u1ee7a b\u1ea1n l\u00e0 an to\u00e0n? Th\u1eadt kh\u00f4ng may, n\u00f3 c\u00f3 th\u1ec3 kh\u00f4ng \u0111\u01b0\u1ee3c. Nguy c\u01a1 v\u1edbi c\u00e1c \u0111\u0129a c\u1ee9ng ch\u1ee9a b\u1ea3n sao k\u1ef9 thu\u1eadt<\/p>\n","protected":false},"author":1,"featured_media":0,"parent":5842,"menu_order":0,"comment_status":"closed","ping_status":"closed","template":"","meta":{"footnotes":""},"class_list":["post-6603","page","type-page","status-publish","hentry"],"_links":{"self":[{"href":"https:\/\/www.konicaminolta.vn\/business\/wp-json\/wp\/v2\/pages\/6603","targetHints":{"allow":["GET"]}}],"collection":[{"href":"https:\/\/www.konicaminolta.vn\/business\/wp-json\/wp\/v2\/pages"}],"about":[{"href":"https:\/\/www.konicaminolta.vn\/business\/wp-json\/wp\/v2\/types\/page"}],"author":[{"embeddable":true,"href":"https:\/\/www.konicaminolta.vn\/business\/wp-json\/wp\/v2\/users\/1"}],"replies":[{"embeddable":true,"href":"https:\/\/www.konicaminolta.vn\/business\/wp-json\/wp\/v2\/comments?post=6603"}],"version-history":[{"count":4,"href":"https:\/\/www.konicaminolta.vn\/business\/wp-json\/wp\/v2\/pages\/6603\/revisions"}],"predecessor-version":[{"id":6608,"href":"https:\/\/www.konicaminolta.vn\/business\/wp-json\/wp\/v2\/pages\/6603\/revisions\/6608"}],"up":[{"embeddable":true,"href":"https:\/\/www.konicaminolta.vn\/business\/wp-json\/wp\/v2\/pages\/5842"}],"wp:attachment":[{"href":"https:\/\/www.konicaminolta.vn\/business\/wp-json\/wp\/v2\/media?parent=6603"}],"curies":[{"name":"wp","href":"https:\/\/api.w.org\/{rel}","templated":true}]}}