{"id":6699,"date":"2020-04-01T15:45:00","date_gmt":"2020-04-01T08:45:00","guid":{"rendered":"https:\/\/www.konicaminolta.vn\/business\/?page_id=6699"},"modified":"2020-04-22T13:37:45","modified_gmt":"2020-04-22T06:37:45","slug":"covid-19-update","status":"publish","type":"page","link":"https:\/\/www.konicaminolta.vn\/business\/about\/covid-19-update\/","title":{"rendered":"COVID-19 Update"},"content":{"rendered":"<h3 style=\"text-align: center;\"><strong>TH\u00d4NG B\u00c1O C\u1ee6A KONICA MINOLTA V\u1ec0 K\u1ebe HO\u1ea0CH HO\u1ea0T \u0110\u1ed8NG\u00a0<\/strong><strong>TRONG TH\u1edcI GIAN DI\u1ec4N RA D\u1ecaCH B\u1ec6NH CORONAVIRUS<\/strong><\/h3>\n<p style=\"text-align: justify;\">\u0110\u1ec3 \u1ee9ng ph\u00f3 v\u1edbi t\u00ecnh h\u00ecnh d\u1ecbch b\u1ec7nh g\u1ea7n \u0111\u00e2y c\u1ee7a COVID-19, c\u00f2n \u0111\u01b0\u1ee3c g\u1ecdi l\u00e0 coronavirus, ch\u00fang t\u00f4i mu\u1ed1n \u0111\u1ea3m b\u1ea3o v\u1edbi b\u1ea1n r\u1eb1ng Konica Minolta c\u00f3 k\u1ebf ho\u1ea1ch kinh doanh li\u00ean t\u1ee5c v\u00e0 to\u00e0n di\u1ec7n \u0111\u1ec3 b\u1ea3o v\u1ec7 nh\u00e2n vi\u00ean, kh\u00e1ch h\u00e0ng, \u0111\u1ed1i t\u00e1c v\u00e0 doanh nghi\u1ec7p c\u1ee7a ch\u00fang t\u00f4i.<\/p>\n<p><strong>Cam k\u1ebft c\u1ee7a ch\u00fang t\u00f4i<\/strong><\/p>\n<p style=\"text-align: justify;\">Konica Minolta cam k\u1ebft \u0111\u1ea3m b\u1ea3o s\u1ee9c kh\u1ecfe v\u00e0 s\u1ef1 an to\u00e0n c\u1ee7a nh\u1eefng ng\u01b0\u1eddi l\u00e0m vi\u1ec7c cho T\u1eadp \u0111o\u00e0n v\u00e0 gia \u0111\u00ecnh c\u1ee7a h\u1ecd l\u00e0 \u01b0u ti\u00ean h\u00e0ng \u0111\u1ea7u, n\u1ed7 l\u1ef1c ng\u0103n ch\u1eb7n s\u1ef1 l\u00e2y nhi\u1ec5m v\u00e0 ti\u1ebfp t\u1ee5c cung c\u1ea5p c\u00e1c s\u1ea3n ph\u1ea9m v\u00e0 d\u1ecbch v\u1ee5 cho kh\u00e1ch h\u00e0ng v\u00e0 x\u00e3 h\u1ed9i. \u0110i\u1ec1u n\u00e0y \u0111\u01b0\u1ee3c th\u1ef1c hi\u1ec7n theo h\u01b0\u1edbng d\u1eabn v\u00e0 quy \u0111\u1ecbnh ch\u1eb7t ch\u1ebd c\u1ee7a ch\u00ednh quy\u1ec1n \u0111\u1ecba ph\u01b0\u01a1ng t\u1ea1i m\u1ed7i qu\u1ed1c gia m\u00e0 ch\u00fang t\u00f4i ho\u1ea1t \u0111\u1ed9ng.<\/p>\n<p><strong>K\u1ebf ho\u1ea1ch v\u1ec1 ho\u1ea1t \u0111\u1ed9ng kinh doanh v\u00e0 ph\u00e2n b\u1ed5 nh\u00e2n s\u1ef1 h\u1ed7 tr\u1ee3<\/strong><\/p>\n<p style=\"text-align: justify;\">T\u1ea5t c\u1ea3 ch\u1ee9c n\u0103ng kinh doanh c\u1ed1t l\u00f5i s\u1ebd v\u1eabn ho\u1ea1t \u0111\u1ed9ng \u0111\u1ec3 \u0111\u1ea3m b\u1ea3o r\u1eb1ng c\u00e1c s\u1ea3n ph\u1ea9m v\u00e0 d\u1ecbch v\u1ee5 cung c\u1ea5p cho qu\u00fd kh\u00e1ch h\u00e0ng s\u1ebd kh\u00f4ng b\u1ecb gi\u00e1n \u0111o\u1ea1n. Khi \u0111\u1ed9i ng\u0169 h\u1ed7 tr\u1ee3 k\u1ef9 thu\u1eadt c\u1ee7a ch\u00fang t\u00f4i ti\u1ebfp t\u1ee5c cung c\u1ea5p h\u1ed7 tr\u1ee3 cho qu\u00fd kh\u00e1ch h\u00e0ng, t\u1ea5t c\u1ea3 c\u00e1c nh\u00e2n vi\u00ean, k\u1ef9 thu\u1eadt vi\u00ean \u0111\u00e3 \u0111\u01b0\u1ee3c y\u00eau c\u1ea7u tu\u00e2n th\u1ee7 theo c\u00e1c quy \u0111\u1ecbnh\u00a0 th\u1ef1c h\u00e0nh v\u1ec7 sinh an to\u00e0n \u0111\u01b0\u1ee3c khuy\u1ebfn ngh\u1ecb.<\/p>\n<p style=\"text-align: justify;\">Ho\u1ea1t \u0111\u1ed9ng t\u1ea1i c\u00e1c c\u01a1 s\u1edf v\u00e0 kho c\u1ee7a ch\u00fang t\u00f4i \u1edf Trung Qu\u1ed1c \u0111\u00e3 d\u1ea7n d\u1ea7n\u00a0s\u1ea3n xu\u1ea5t tr\u1edf l\u1ea1i v\u1edbi s\u1ea3n l\u01b0\u1ee3ng \u1ed5n \u0111\u1ecbnh nh\u1eb1m theo k\u1ecbp c\u00e1c t\u1ed3n \u0111\u1ecdng \u0111\u00e3 \u0111\u01b0\u1ee3c t\u1ea1o ra do \u0111\u00f3ng c\u1eeda c\u00e1c nh\u00e0 m\u00e1y n\u00e0y v\u00e0 c\u00e1c t\u00e1c \u0111\u1ed9ng kh\u00e1c li\u00ean quan \u0111\u1ebfn coronavirus (v\u00ed d\u1ee5 nh\u01b0 s\u1ef1 ch\u1eadm tr\u1ec5 th\u00f4ng qua c\u00e1c nh\u00e0 cung c\u1ea5p). L\u00e0 m\u1ed9t T\u1eadp \u0111o\u00e0n to\u00e0n c\u1ea7u, ch\u00fang t\u00f4i \u0111\u00e3 l\u00e0m vi\u1ec7c ch\u1eb7t ch\u1ebd v\u1edbi chu\u1ed7i cung \u1ee9ng tr\u00ean c\u01a1 s\u1edf to\u00e0n c\u1ea7u \u0111\u1ec3 gi\u1ea3m thi\u1ec3u r\u1ee7i ro trong chu\u1ed7i cung \u1ee9ng.<\/p>\n<p><strong>H\u1ea1n ch\u1ebf di chuy\u1ec3n \u1edf Malaysia<\/strong><\/p>\n<p style=\"text-align: justify;\">Trong b\u1ed1i c\u1ea3nh H\u1ea1n ch\u1ebf Chuy\u1ec3n \u0111\u1ed9ng COVID-19 c\u00f3 hi\u1ec7u l\u1ef1c t\u1eeb 18 th\u00e1ng 3 \u0111\u1ebfn 14 th\u00e1ng 4, ho\u1ea1t \u0111\u1ed9ng kinh doanh c\u1ee7a ch\u00fang t\u00f4i t\u1ea1i Malaysia s\u1ebd t\u1ea1m th\u1eddi b\u1ecb \u0111\u00ecnh ch\u1ec9. \u0110\u1ed9i ng\u0169 h\u1ed7 tr\u1ee3 k\u1ef9 thu\u1eadt s\u1ebd c\u00f3 m\u1eb7t cho c\u00e1c c\u00f4ng ty d\u1ecbch v\u1ee5 thi\u1ebft y\u1ebfu \u1edf Malaysia. \u0110\u1ed1i v\u1edbi c\u00f4ng ty Konica Minolta ho\u1ea1t \u0111\u1ed9ng t\u1ea1i Vi\u1ec7t Nam, qu\u00fd kh\u00e1ch c\u00f3 th\u1ec3 li\u00ean h\u1ec7 v\u1edbi +84 (28) 3915 4242 (t\u1ea1i\u00a0 khu v\u1ef1c Th\u00e0nh ph\u1ed1 H\u1ed3 Ch\u00ed Minh) v\u00e0 +84 (24) 3776 7023 (t\u1ea1i khu v\u1ef1c H\u00e0 N\u1ed9i) \u0111\u1ec3 \u0111\u01b0\u1ee3c h\u1ed7 tr\u1ee3. Ch\u00fang t\u00f4i mong nh\u1eadn \u0111\u01b0\u1ee3c s\u1ef1 th\u00f4ng c\u1ea3m t\u1eeb ph\u00eda qu\u00fd kh\u00e1ch h\u00e0ng v\u00ec b\u1ea1n c\u00f3 th\u1ec3 g\u1eb7p m\u1ed9t s\u1ed1 kh\u00f3 kh\u0103n trong vi\u1ec7c ti\u1ebfp c\u1eadn ch\u00fang t\u00f4i trong giai \u0111o\u1ea1n n\u00e0y.<\/p>\n<p style=\"text-align: justify;\">T\u1ea1i Vi\u1ec7t Nam, qu\u00fd \u0111\u1ed1i t\u00e1c v\u00e0 kh\u00e1ch h\u00e0ng vui l\u00f2ng li\u00ean h\u1ec7 ch\u00fang t\u00f4i\u00a0 theo th\u00f4ng tin \u0111\u00ednh k\u00e8m d\u01b0\u1edbi \u0111\u00e2y v\u1edbi b\u1ea5t k\u1ef3 y\u00eau c\u1ea7u v\u1ec1 mua h\u00e0ng tr\u1ef1c ti\u1ebfp, v\u1ec1 h\u1ed7 tr\u1ee3 k\u1ef9 thu\u1eadt v\u00e0 c\u00e1c v\u1ea5n \u0111\u1ec1 h\u1ed7 tr\u1ee3 \u0111\u1eb7c bi\u1ec7t kh\u00e1c:\u00a0<strong><a href=\"https:\/\/www.konicaminolta.vn\/business\/wp-content\/uploads\/2020\/04\/Statement-of-Customer-Support.pdf\">T\u1ea3i t\u1ea1i \u0111\u00e2y<\/a><\/strong><\/p>\n<div class=\"wpb_text_column wpb_content_element \" style=\"text-align: left;\">\n<div class=\"wpb_wrapper\">\n<p style=\"text-align: justify;\">Ch\u00fang t\u00f4i r\u1ea5t mong nh\u1eadn \u0111\u01b0\u1ee3c s\u1ef1 th\u00f4ng c\u1ea3m v\u00e0 h\u1ed7 tr\u1ee3 t\u1eeb ph\u00eda qu\u00fd \u0111\u1ed1i t\u00e1c, qu\u00fd kh\u00e1ch h\u00e0ng \u0111\u1ec3 c\u00f9ng nhau v\u01b0\u1ee3t qua giai \u0111o\u1ea1n kh\u00f3 kh\u0103n n\u00e0y. Konica Minolta s\u1ebd ti\u1ebfp t\u1ee5c theo d\u00f5i ch\u1eb7t ch\u1ebd t\u00ecnh h\u00ecnh \u0111\u1ec3 \u0111\u1ea3m b\u1ea3o r\u1eb1ng ph\u00fac l\u1ee3i c\u1ee7a nh\u00e2n vi\u00ean, l\u1ee3i \u00edch c\u1ee7a qu\u00fd kh\u00e1ch h\u00e0ng v\u00e0 \u0111\u1ed1i t\u00e1c \u0111\u01b0\u1ee3c b\u1ea3o v\u1ec7 an to\u00e0n.<\/p>\n<p>Tr\u00e2n tr\u1ecdng c\u00e1m \u01a1n!<\/p>\n<\/div>\n<hr \/>\n<h3 style=\"text-align: center;\"><strong>M\u1ed8T S\u1ed0 C\u00c2U H\u1eceI TH\u01af\u1edcNG G\u1eb6P<\/strong><\/h3>\n<\/div>\n<div class=\"vc_separator wpb_content_element vc_sep_width_100 type_1 vc_separator_no_text\" style=\"text-align: left;\"><img loading=\"lazy\" decoding=\"async\" class=\"size-full wp-image-6737 aligncenter\" src=\"https:\/\/www.konicaminolta.vn\/business\/wp-content\/uploads\/2020\/04\/Artwork_SharingInformation-01-1.png\" alt=\"\" width=\"877\" height=\"621\" srcset=\"https:\/\/www.konicaminolta.vn\/business\/wp-content\/uploads\/2020\/04\/Artwork_SharingInformation-01-1.png 877w, https:\/\/www.konicaminolta.vn\/business\/wp-content\/uploads\/2020\/04\/Artwork_SharingInformation-01-1-300x212.png 300w, https:\/\/www.konicaminolta.vn\/business\/wp-content\/uploads\/2020\/04\/Artwork_SharingInformation-01-1-768x544.png 768w, https:\/\/www.konicaminolta.vn\/business\/wp-content\/uploads\/2020\/04\/Artwork_SharingInformation-01-1-255x182.png 255w, https:\/\/www.konicaminolta.vn\/business\/wp-content\/uploads\/2020\/04\/Artwork_SharingInformation-01-1-600x425.png 600w\" sizes=\"auto, (max-width: 877px) 100vw, 877px\" \/><\/div>\n<div><\/div>\n<div class=\"vc_separator wpb_content_element vc_sep_width_100 type_1 vc_separator_no_text\" style=\"text-align: left;\"><strong>1. T\u00f4i n\u00ean kh\u1eed tr\u00f9ng b\u1ea3ng \u0111i\u1ec1u khi\u1ec3n c\u1ee7a M\u00e1y photocopy \u0111a ch\u1ee9c n\u0103ng (MFP) nh\u01b0 th\u1ebf n\u00e0o?<\/strong><\/div>\n<div>\n<p style=\"text-align: justify;\">V\u00ec c\u00e1c thi\u1ebft b\u1ecb c\u00f3 t\u00edch h\u1ee3p m\u00e0n h\u00ecnh c\u1ea3m \u1ee9ng v\u00e0 b\u00e0n ph\u00edm n\u00ean n\u00f3 c\u00f3 th\u1ec3 ch\u1ee9a nguy c\u01a1 t\u1ea1o m\u00f4i tr\u01b0\u1eddng t\u1ef1 nhi\u00ean th\u00edch h\u1ee3p \u0111\u1ec3 vi tr\u00f9ng ph\u00e1t tri\u1ec3n khi nh\u00e2n vi\u00ean s\u1eed d\u1ee5ng. Ch\u00fang t\u00f4i khuy\u1ebfn ngh\u1ecb b\u1ea1n c\u1ea7n ph\u1ea3i kh\u1eed tr\u00f9ng m\u00e0n h\u00ecnh\/ b\u00e0n ph\u00edm c\u1ee7a m\u00e1y MFP h\u1eb1ng ng\u00e0y b\u1eb1ng b\u1ea5t k\u00ec s\u1ea3n ph\u1ea9m ch\u1ee9a ethanol n\u00e0o. Ngo\u00e0i ra, \u0111\u00e2y l\u00e0 m\u1ed9t bi\u1ec7n ph\u00e1p t\u1ed1t \u0111\u1ec3 t\u0103ng ti\u00eau chu\u1ea9n v\u1ec7 sinh cho nh\u00e2n vi\u00ean th\u00f4ng qua vi\u1ec7c r\u1eeda tay th\u01b0\u1eddng xuy\u00ean b\u1eb1ng x\u00e0 ph\u00f2ng v\u00e0 n\u01b0\u1edbc ho\u1eb7c dung d\u1ecbch r\u1eeda tay ch\u1ee9a c\u1ed3n (ch\u00fang t\u00f4i khuy\u00ean d\u00f9ng s\u1ea3n ph\u1ea9m c\u00f3 ch\u1ee9a 70% ho\u1eb7c 50% isopropanol v\u00e0 h\u1ed7n h\u1ee3p n\u01b0\u1edbc ethanol) ho\u1eb7c h\u1ed7n h\u1ee3p isopropanol v\u1edbi hydro peroxide v\u00e0 glycerol.<\/p>\n<p style=\"text-align: justify;\"><strong><em>2.\u00a0<\/em><\/strong><strong><em>C\u00f3 an to\u00e0n khi t\u00f4i nh\u1eadn h\u00e0ng h\u00f3a t\u1eeb khu v\u1ef1c c\u00f3 th\u00f4ng b\u00e1o b\u1ecb nhi\u1ec5m COVID-19 hay kh\u00f4ng?<\/em><\/strong><\/p>\n<p style=\"text-align: justify;\">An to\u00e0n! Theo WHO<sup>1<\/sup>, kh\u1ea3 n\u0103ng ng\u01b0\u1eddi nhi\u1ec5m b\u1ec7nh l\u00e0m nhi\u1ec5m \u0111\u1ed9c h\u00e0ng h\u00f3a th\u01b0\u01a1ng m\u1ea1i l\u00e0 th\u1ea5p v\u00e0 nguy c\u01a1 nhi\u1ec5m virus COVID-19 t\u1eeb h\u00e0ng h\u00f3a \u0111\u00e3 \u0111\u01b0\u1ee3c v\u1eadn chuy\u1ec3n v\u00e0 ti\u1ebfp x\u00fac v\u1edbi c\u00e1c \u0111i\u1ec1u ki\u1ec7n, nhi\u1ec7t \u0111\u1ed9 kh\u00e1c nhau l\u00e0 r\u1ea5t th\u1ea5p. \u1ede giai \u0111o\u1ea1n n\u00e0y, kh\u00f4ng th\u1eadt s\u1ef1 c\u1ea7n thi\u1ebft ph\u1ea3i kh\u1eed tr\u00f9ng s\u1ea3n ph\u1ea9m.<\/p>\n<p>Chi ti\u1ebft xin tham kh\u1ea3o t\u1eeb ngu\u1ed3n:\u00a0<sup>1\u00a0<\/sup><a href=\"https:\/\/www.who.int\/news-room\/q-a-detail\/q-a-coronaviruses\">https:\/\/www.who.int\/news-room\/q-a-detail\/q-a-coronaviruses<\/a><\/p>\n<p><strong>3.\u00a0<\/strong><strong><em>Kh\u1ea3 n\u0103ng t\u1ed3n t\u1ea1i tr\u00ean b\u1ec1 m\u1eb7t c\u1ee7a virus l\u00e0 bao l\u00e2u?<\/em><\/strong><\/p>\n<p style=\"text-align: justify;\">Kh\u00f4ng kh\u1eb3ng \u0111\u1ecbnh \u0111\u01b0\u1ee3c kh\u1ea3 n\u0103ng t\u1ed3n t\u1ea1i tr\u00ean b\u1ec1 m\u1eb7t c\u1ee7a virus COVID-19 l\u00e0 bao l\u00e2u, nh\u01b0ng d\u01b0\u1eddng nh\u01b0 n\u00f3 ho\u1ea1t \u0111\u1ed9ng gi\u1ed1ng c\u00e1c lo\u1ea1i coronavirus kh\u00e1c. C\u00e1c nghi\u00ean c\u1ee9u cho th\u1ea5y, Coronavirus (bao g\u1ed3m th\u00f4ng tin s\u01a1 b\u1ed9 v\u1ec1 virus COVID-19) c\u00f3 th\u1ec3 t\u1ed3n t\u1ea1i tr\u00ean b\u1ec1 m\u1eb7t trong v\u00f2ng v\u00e0i gi\u1edd ho\u1eb7c v\u00e0i ng\u00e0y t\u00f9y v\u00e0o \u0111i\u1ec1u ki\u1ec7n kh\u00e1c nhau (V\u00ed d\u1ee5: lo\u1ea1i b\u1ec1 m\u1eb7t, nhi\u1ec7t \u0111\u1ed9 ho\u1eb7c \u0111\u1ed9 \u1ea9m c\u1ee7a m\u00f4i tr\u01b0\u1eddng.<\/p>\n<p style=\"text-align: justify;\">N\u1ebfu b\u1ea1n nghi ng\u1edd r\u1eb1ng m\u1ed9t b\u1ec1 m\u1eb7t b\u1ecb nhi\u1ec5m tr\u00f9ng, b\u1ea1n c\u00f3 th\u1ec3 l\u00e0m s\u1ea1ch n\u00f3 b\u1eb1ng ch\u1ea5t kh\u1eed tr\u00f9ng \u0111\u1ec3 di\u1ec7t virus, gi\u00fap b\u1ea3o v\u1ec7 ch\u00ednh b\u1ea1n v\u00e0 nh\u1eefng ng\u01b0\u1eddi xung quanh. L\u00e0m s\u1ea1ch tay b\u1eb1ng n\u01b0\u1edbc r\u1eeda tay ch\u1ee9a c\u1ed3n ho\u1eb7c \u0111\u01a1n gi\u1ea3n l\u00e0 r\u1eeda tay b\u1eb1ng x\u00e0 ph\u00f2ng v\u00e0 n\u01b0\u1edbc. Tr\u00e1nh ch\u1ea1m v\u00e0o m\u1eaft, m\u0169i, mi\u1ec7ng \u0111\u1ec3 gi\u1eef v\u1ec7 sinh.<\/p>\n<p style=\"text-align: justify;\"><strong>4. Danh s\u00e1ch c\u00e1c trang web ch\u00ednh th\u1ee9c \u0111\u01b0\u1ee3c \u0111\u1ec1 xu\u1ea5t \u0111\u1ec3 c\u1eadp nh\u1eadt th\u00f4ng tin v\u1ec1 coronavirus?<\/strong><\/p>\n<p style=\"text-align: justify;\">H\u1ecfi v\u00e0 \u0111\u00e1p WHO: <a href=\"https:\/\/www.who.int\/news-room\/q-a-detail\/q-acoronaviruses\">https:\/\/www.who.int\/news-room\/q-a-detail\/q-acoronaviruses<\/a><\/p>\n<p style=\"text-align: justify;\">B\u00e1o c\u00e1o t\u00ecnh h\u00ecnh d\u1ecbch b\u1ec7nh c\u1ee7a WHO: <a href=\"https:\/\/www.who.int\/emergencies\/diseases\/novel-coronavirus-2019\/situation-reports\">https:\/\/www.who.int\/emergencies\/diseases\/novel-coronavirus-2019\/situation-reports<\/a><\/p>\n<p style=\"text-align: justify;\">Trang th\u00f4ng tin \u0111i\u1ec7n t\u1eed ch\u00ednh th\u1ee9c c\u1ee7a ch\u00ednh ph\u1ee7:<\/p>\n<ul>\n<li>B\u1ed9 Y T\u1ebf Singapore: <a href=\"https:\/\/www.moh.gov.sg\/covid-19\">https:\/\/www.moh.gov.sg\/covid-19<\/a><\/li>\n<li>B\u1ed9 Y T\u1ebf Malaysia: <a href=\"http:\/\/www.moh.gov.my\/\">http:\/\/www.moh.gov.my\/<\/a><\/li>\n<li>B\u1ed9 Y T\u1ebf Th\u00e1i Lan: <a href=\"http:\/\/pr.moph.go.th\/\">http:\/\/pr.moph.go.th\/<\/a><\/li>\n<li>B\u1ed9 Y T\u1ebf Vi\u1ec7t Nam: <a href=\"https:\/\/ncov.moh.gov.vn\/\">https:\/\/ncov.moh.gov.vn\/<\/a><\/li>\n<li>B\u1ed9 Y T\u1ebf Indonesia: <a href=\"http:\/\/sehatnegeriku.kemkes.go.id\/\">http:\/\/sehatnegeriku.kemkes.go.id\/<\/a><\/li>\n<li>B\u1ed9 Y T\u1ebf Philippines: <a href=\"https:\/\/www.doh.gov.ph\/2019-nCov\">https:\/\/www.doh.gov.ph\/2019-nCov<\/a><\/li>\n<\/ul>\n<p><strong>5. C\u00e1c bi\u1ec7n ph\u00e1p ph\u00f2ng ng\u1eeba t\u1ea1i ch\u1ed7 c\u1ee7a Konica Minolta l\u00e0 g\u00ec?<\/strong><\/p>\n<p style=\"text-align: justify;\">T\u1ea5t c\u1ea3 c\u00e1c m\u1ea3ng kinh doanh c\u1ed1t l\u00f5i v\u1eabn ho\u1ea1t \u0111\u1ed9ng \u0111\u1ec3 \u0111\u1ea3m b\u1ea3o r\u1eb1ng s\u1ea3n ph\u1ea9m v\u00e0 d\u1ecbch v\u1ee5 cung c\u1ea5p cho kh\u00e1ch h\u00e0ng kh\u00f4ng b\u1ecb gi\u00e1n \u0111o\u1ea1n. \u0110\u1ed9i ng\u0169 k\u1ef9 thu\u1eadt vi\u00ean v\u1eabn ti\u1ebfp t\u1ee5c h\u1ed7 tr\u1ee3 kh\u00e1ch h\u00e0ng, \u0111\u1ed3ng th\u1eddi, t\u1ea5t c\u1ea3 c\u00e1c nh\u00e2n vi\u00ean \u0111\u1ec1u \u0111\u01b0\u1ee3c y\u00eau c\u1ea7u tu\u00e2n th\u1ee7 c\u00e1c bi\u1ec7n ph\u00e1o v\u1ec1 v\u1ec7 sinh \u0111\u1ec3 \u0111\u1ea3m b\u1ea3o an to\u00e0n trong th\u1eddi k\u00ec d\u1ecbch b\u1ec7nh.<\/p>\n<p style=\"text-align: justify;\">Ho\u1ea1t \u0111\u1ed9ng s\u1ea3n xu\u1ea5t t\u1ea1i c\u00e1c nh\u00e0 m\u00e1y c\u1ee7a Konica Minolta t\u1ea1i Trung Qu\u1ed1c \u0111ang d\u1ea7n tr\u1edf l\u1ea1i m\u1ee9c s\u1ea3n l\u01b0\u1ee3ng \u1ed5n \u0111\u1ecbnh nh\u1eb1m gi\u1ea3i quy\u1ebft c\u00e1c \u0111\u01a1n h\u00e0ng t\u1ed3n \u0111\u1ecdng do \u0111\u00f3ng c\u1eeda c\u00e1c nh\u00e0 m\u00e1y n\u00e0y v\u00e0 c\u00e1c t\u00e1c \u0111\u1ed9ng kh\u00e1c li\u00ean quan \u0111\u1ebfn coronavirus (ch\u1eb3ng h\u1ea1n nh\u01b0 s\u1ef1 ch\u1eadm tr\u1ec5 cung \u1ee9ng). L\u00e0 m\u1ed9t T\u1eadp \u0111o\u00e0n to\u00e0n c\u1ea7u, ch\u00fang t\u00f4i \u0111\u00e3 l\u00e0m vi\u1ec7c ch\u1eb7t ch\u1ebd v\u1edbi chu\u1ed7i cung \u1ee9ng \u0111\u1ec3 gi\u1ea3m thi\u1ec3u t\u1ed1i \u0111a c\u00e1c r\u1ee7i ro c\u00f3 th\u1ec3 g\u00e2y ra do ch\u1eadm tr\u1ec5 cung c\u1ea5p ngu\u1ed3n nguy\u00ean v\u1eadt li\u1ec7u cho s\u1ea3n xu\u1ea5t.<\/p>\n<p>N\u1ebfu b\u1ea1n c\u1ea7n th\u00eam th\u00f4ng tin v\u00e0 h\u1ed7 tr\u1ee3, vui l\u00f2ng li\u00ean h\u1ec7 v\u1edbi ch\u00fang t\u00f4i qua email:\u00a0 <a href=\"mailto:info.bvn@konicaminolta.com\">info.bvn@konicaminolta.com<\/a> ho\u1eb7c truy c\u1eadp trang web <a href=\"https:\/\/www.konicaminolta.vn\/business\/about\/covid-19-update\/\">https:\/\/www.konicaminolta.vn\/business\/about\/<strong>covid-19-update<\/strong>\/<\/a>\u0111\u1ec3 bi\u1ebft th\u00eam chi ti\u1ebft.<\/p>\n<\/div>\n<p><strong>6.\u00a0\u0110i\u1ec1u g\u00ec s\u1ebd x\u1ea3y ra trong tr\u01b0\u1eddng h\u1ee3p \u0111\u00f3ng c\u1eeda v\u0103n ph\u00f2ng ho\u1eb7c \u0111\u00ecnh ch\u1ec9 ho\u1ea1t \u0111\u1ed9ng?<\/strong><\/p>\n<div>\n<p style=\"text-align: justify;\">Konica Minolta Business Solutions Ch\u00e2u \u00c1 s\u1ebd th\u1ef1c hi\u1ec7n c\u00e1c bi\u1ec7n ph\u00e1p d\u01b0\u1edbi \u0111\u00e2y \u0111\u1ec3 \u0111\u1ea3m b\u1ea3o s\u1eb5n s\u00e0ng ho\u1ea1t \u0111\u1ed9ng v\u00e0 t\u1ed1i thi\u1ec3u h\u00f3a gi\u00e1n \u0111o\u1ea1n c\u00f3 th\u1ec3 x\u1ea3y ra cho kh\u00e1ch h\u00e0ng.<\/p>\n<ul>\n<li style=\"text-align: justify;\">T\u1ea5t c\u1ea3 c\u00e1c m\u1ea3ng kinh doanh c\u1ed1t l\u00f5i v\u1eabn ho\u1ea1t \u0111\u1ed9ng \u0111\u1ec3 \u0111\u1ea3m b\u1ea3o r\u1eb1ng s\u1ea3n ph\u1ea9m v\u00e0 d\u1ecbch v\u1ee5 cung c\u1ea5p cho kh\u00e1ch h\u00e0ng kh\u00f4ng b\u1ecb gi\u00e1n \u0111o\u1ea1n. Hi\u1ec7n t\u1ea1i, \u0111\u1ed9i ng\u0169 k\u1ef9 thu\u1eadt vi\u00ean v\u1eabn l\u00e0m vi\u1ec7c b\u00ecnh th\u01b0\u1eddng, v\u00e0 m\u1ed7i nh\u00e2n vi\u00ean \u0111\u1ec1u \u0111\u01b0\u1ee3c y\u00eau c\u1ea7u tu\u00e2n th\u1ee7 c\u00e1c bi\u1ec7n ph\u00e1p v\u1ec1 v\u1ec7 sinh \u0111\u1ec3 \u0111\u1ea3m b\u1ea3o an to\u00e0n trong th\u1eddi k\u00ec d\u1ecbch b\u1ec7nh.<\/li>\n<li style=\"text-align: justify;\">T\u1ea5t c\u1ea3 c\u00e1c cu\u1ed9c h\u1ecdp v\u00e0 tri\u1ec3n l\u00e3m m\u00e1y cho kh\u00e1ch h\u00e0ng t\u1ea1i ph\u00f2ng tr\u01b0ng b\u00e0y v\u0103n ph\u00f2ng s\u1ebd \u0111\u01b0\u1ee3c s\u1eafp x\u1ebfp v\u1edbi nh\u00e2n vi\u00ean kinh doanh v\u00e0 c\u1ea7n ph\u1ea3i c\u00f3 s\u1ef1 ch\u1ea5p thu\u1eadn tr\u01b0\u1edbc. Ki\u1ec3m tra nhi\u1ec7t \u0111\u1ed9 cho t\u1ea5t c\u1ea3 nh\u00e2n vi\u00ean v\u00e0 kh\u00e1ch \u0111\u1ebfn th\u0103m v\u0103n ph\u00f2ng Konica Minolta Vi\u1ec7t Nam t\u1ea1i tr\u1ee5 s\u1edf ch\u00ednh Bitexco Financial Tower, Qu\u1eadn 1, TP.HCM.<\/li>\n<\/ul>\n<p><strong>7. \u0110\u01a1n h\u00e0ng c\u1ee7a t\u00f4i c\u00f3 b\u1ecb ch\u1eadm tr\u1ec5 hay kh\u00f4ng?<\/strong><\/p>\n<p style=\"text-align: justify;\">Ho\u1ea1t \u0111\u1ed9ng s\u1ea3n xu\u1ea5t t\u1ea1i c\u00e1c nh\u00e0 m\u00e1y c\u1ee7a Konica Minolta t\u1ea1i Trung Qu\u1ed1c \u0111ang d\u1ea7n tr\u1edf l\u1ea1i m\u1ee9c s\u1ea3n l\u01b0\u1ee3ng \u1ed5n \u0111\u1ecbnh nh\u1eb1m gi\u1ea3i quy\u1ebft c\u00e1c \u0111\u01a1n h\u00e0ng t\u1ed3n \u0111\u1ecdng do \u0111\u00f3ng c\u1eeda c\u00e1c nh\u00e0 m\u00e1y n\u00e0y v\u00e0 c\u00e1c t\u00e1c \u0111\u1ed9ng kh\u00e1c li\u00ean quan \u0111\u1ebfn coronavirus (ch\u1eb3ng h\u1ea1n nh\u01b0 s\u1ef1 ch\u1eadm tr\u1ec5 cung \u1ee9ng). L\u00e0 m\u1ed9t T\u1eadp \u0111o\u00e0n to\u00e0n c\u1ea7u, ch\u00fang t\u00f4i \u0111\u00e3 l\u00e0m vi\u1ec7c ch\u1eb7t ch\u1ebd v\u1edbi chu\u1ed7i cung \u1ee9ng \u0111\u1ec3 gi\u1ea3m thi\u1ec3u t\u1ed1i \u0111a c\u00e1c r\u1ee7i ro c\u00f3 th\u1ec3 g\u00e2y ra do ch\u1eadm tr\u1ec5 cung c\u1ea5p ngu\u1ed3n cung \u1ee9ng cho s\u1ea3n xu\u1ea5t.<\/p>\n<p style=\"text-align: justify;\">V\u00ec t\u00ecnh h\u00ecnh hi\u1ec7n \u0111ang thay \u0111\u1ed5i nhanh ch\u00f3ng v\u00e0 di\u1ec5n bi\u1ebfn ph\u1ee9c t\u1ea1p, h\u1ea1n ch\u1ebf di chuy\u1ec3n qua c\u00e1c qu\u1ed1c gia, ch\u00fang t\u00f4i ch\u01b0a c\u00f3 c\u00e2u tr\u1ea3 l\u1eddi ch\u00ednh th\u1ee9c cho v\u1ea5n \u0111\u1ec1 n\u00e0y. Tuy nhi\u00ean, trong tr\u01b0\u1eddng h\u1ee3p \u0111\u01a1n h\u00e0ng b\u1ecb ch\u1eadm tr\u1ec5, ng\u01b0\u1eddi ph\u1ee5 tr\u00e1ch c\u1ee7a ch\u00fang t\u00f4i s\u1ebd li\u00ean l\u1ea1c ngay v\u1edbi qu\u00fd kh\u00e1ch h\u00e0ng.<\/p>\n<p>&nbsp;<\/p>\n<\/div>\n","protected":false},"excerpt":{"rendered":"<p>TH\u00d4NG B\u00c1O C\u1ee6A KONICA MINOLTA V\u1ec0 K\u1ebe HO\u1ea0CH HO\u1ea0T \u0110\u1ed8NG\u00a0TRONG TH\u1edcI GIAN DI\u1ec4N RA D\u1ecaCH B\u1ec6NH CORONAVIRUS \u0110\u1ec3 \u1ee9ng ph\u00f3 v\u1edbi t\u00ecnh h\u00ecnh d\u1ecbch b\u1ec7nh g\u1ea7n \u0111\u00e2y c\u1ee7a COVID-19, c\u00f2n \u0111\u01b0\u1ee3c g\u1ecdi l\u00e0 coronavirus, ch\u00fang t\u00f4i mu\u1ed1n \u0111\u1ea3m b\u1ea3o v\u1edbi b\u1ea1n r\u1eb1ng Konica Minolta c\u00f3 k\u1ebf ho\u1ea1ch kinh doanh li\u00ean t\u1ee5c v\u00e0 to\u00e0n di\u1ec7n \u0111\u1ec3<\/p>\n","protected":false},"author":1,"featured_media":0,"parent":5068,"menu_order":0,"comment_status":"closed","ping_status":"closed","template":"","meta":{"footnotes":""},"class_list":["post-6699","page","type-page","status-publish","hentry"],"_links":{"self":[{"href":"https:\/\/www.konicaminolta.vn\/business\/wp-json\/wp\/v2\/pages\/6699","targetHints":{"allow":["GET"]}}],"collection":[{"href":"https:\/\/www.konicaminolta.vn\/business\/wp-json\/wp\/v2\/pages"}],"about":[{"href":"https:\/\/www.konicaminolta.vn\/business\/wp-json\/wp\/v2\/types\/page"}],"author":[{"embeddable":true,"href":"https:\/\/www.konicaminolta.vn\/business\/wp-json\/wp\/v2\/users\/1"}],"replies":[{"embeddable":true,"href":"https:\/\/www.konicaminolta.vn\/business\/wp-json\/wp\/v2\/comments?post=6699"}],"version-history":[{"count":4,"href":"https:\/\/www.konicaminolta.vn\/business\/wp-json\/wp\/v2\/pages\/6699\/revisions"}],"predecessor-version":[{"id":6817,"href":"https:\/\/www.konicaminolta.vn\/business\/wp-json\/wp\/v2\/pages\/6699\/revisions\/6817"}],"up":[{"embeddable":true,"href":"https:\/\/www.konicaminolta.vn\/business\/wp-json\/wp\/v2\/pages\/5068"}],"wp:attachment":[{"href":"https:\/\/www.konicaminolta.vn\/business\/wp-json\/wp\/v2\/media?parent=6699"}],"curies":[{"name":"wp","href":"https:\/\/api.w.org\/{rel}","templated":true}]}}