{"id":6798,"date":"2020-04-21T09:52:33","date_gmt":"2020-04-21T02:52:33","guid":{"rendered":"https:\/\/www.konicaminolta.vn\/business\/?page_id=6798"},"modified":"2020-04-21T10:07:25","modified_gmt":"2020-04-21T03:07:25","slug":"print-more-with-less","status":"publish","type":"page","link":"https:\/\/www.konicaminolta.vn\/business\/home\/print-more-with-less\/","title":{"rendered":"Print more with less"},"content":{"rendered":"<p style=\"text-align: justify;\"><strong><img loading=\"lazy\" decoding=\"async\" class=\"alignnone size-full wp-image-6799\" src=\"https:\/\/www.konicaminolta.vn\/business\/wp-content\/uploads\/2020\/04\/Main-Banner-Image_Print-More-With-Less-1.png\" alt=\"\" width=\"1425\" height=\"868\" srcset=\"https:\/\/www.konicaminolta.vn\/business\/wp-content\/uploads\/2020\/04\/Main-Banner-Image_Print-More-With-Less-1.png 1425w, https:\/\/www.konicaminolta.vn\/business\/wp-content\/uploads\/2020\/04\/Main-Banner-Image_Print-More-With-Less-1-300x183.png 300w, https:\/\/www.konicaminolta.vn\/business\/wp-content\/uploads\/2020\/04\/Main-Banner-Image_Print-More-With-Less-1-768x468.png 768w, https:\/\/www.konicaminolta.vn\/business\/wp-content\/uploads\/2020\/04\/Main-Banner-Image_Print-More-With-Less-1-1024x624.png 1024w, https:\/\/www.konicaminolta.vn\/business\/wp-content\/uploads\/2020\/04\/Main-Banner-Image_Print-More-With-Less-1-600x365.png 600w\" sizes=\"auto, (max-width: 1425px) 100vw, 1425px\" \/><\/strong><\/p>\n<h2 style=\"text-align: justify;\"><strong>Print More with Less \u2013 AccurioPro Flux<\/strong><\/h2>\n<p style=\"text-align: justify;\">Thu\u1eadt ng\u1eef \u201cless is more\u201d (t\u1ea1m d\u1ecbch: \u0110\u00f4i khi \u00edt m\u00e0 mang l\u1ea1i hi\u1ec7u qu\u1ea3 nhi\u1ec1u h\u01a1n) kh\u00f4ng c\u00f2n xa l\u1ea1 v\u1edbi nhi\u1ec1u ng\u01b0\u1eddi, tuy nhi\u00ean l\u00e0m th\u1ebf n\u00e0o c\u00e1c ch\u1ee7 doanh nghi\u1ec7p c\u00f3 th\u1ec3 \u00e1p d\u1ee5ng \u0111i\u1ec1u n\u00e0y cho c\u00f4ng ty c\u1ee7a h\u1ecd? Nh\u1eefng ph\u00e2n t\u00edch sau \u0111\u00e2y s\u1ebd gi\u1ea3i th\u00edch t\u1ea1i sao \u00edt h\u01a1n nh\u01b0ng ti\u1ebft ki\u1ec7m chi ph\u00ed hi\u1ec7u qu\u1ea3 h\u01a1n d\u00f9 s\u1ed1 l\u01b0\u1ee3ng in l\u1edbn hay nh\u1ecf. In k\u1ef9 thu\u1eadt s\u1ed1 ph\u00e1t tri\u1ec3n kh\u00f4ng mang \u00fd ngh\u0129a thay th\u1ebf gi\u00e1 tr\u1ecb c\u1ee7a in offset, gi\u00e1 tr\u1ecb m\u00e0 in k\u1ef9 thu\u1eadt s\u1ed1 mang l\u1ea1i l\u00e0 cho ph\u00e9p doanh nghi\u1ec7p in d\u1eef li\u1ec7u bi\u1ebfn \u0111\u1ed5i v\u1edbi s\u1ed1 l\u01b0\u1ee3ng nh\u1ecf h\u01a1n nhi\u1ec1u m\u00e0 v\u1eabn \u0111\u1ea1t \u0111\u01b0\u1ee3c hi\u1ec7u qu\u1ea3 chi ph\u00ed.<\/p>\n<p style=\"text-align: justify;\">\u0110\u1ed1i v\u1edbi m\u1ed9t doanh nghi\u1ec7p l\u1edbn, tr\u01b0\u1eddng h\u1ecdc, c\u01a1 quan ch\u00ednh ph\u1ee7 hay c\u00e1c t\u1eadp \u0111o\u00e0n, s\u1ebd c\u00f3 trung b\u00ecnh 15 m\u00e1y in \u0111a ch\u1ee9c n\u0103ng (MFP) cho kho\u1ea3ng 500 ng\u01b0\u1eddi d\u00f9ng. M\u1ed9t s\u1ed1 doanh nghi\u1ec7p kh\u00e1c s\u1ed1 l\u01b0\u1ee3ng m\u00e1y c\u00f2n nhi\u1ec1u h\u01a1n t\u00f9y thu\u1ed9c v\u00e0o quy m\u00f4 v\u0103n ph\u00f2ng. Nh\u1eefng t\u00ednh n\u0103ng c\u1ee7a m\u00e1y MFP m\u00e0u v\u00e0 \u0111\u01a1n s\u1eafc \u0111\u00e1p \u1ee9ng \u0111\u1ea7y \u0111\u1ee7 c\u00e1c nhu c\u1ea7u c\u00f4ng vi\u1ec7c h\u1eb1ng ng\u00e0y c\u1ee7a ng\u01b0\u1eddi d\u00f9ng. D\u1ef1a tr\u00ean d\u1eef li\u1ec7u \u0111\u01b0\u1ee3c thu th\u1eadp t\u1eeb kh\u00e1ch h\u00e0ng, ch\u00fang t\u00f4i nh\u1eadn th\u1ea5y c\u00f4ng su\u1ea5t s\u1eed d\u1ee5ng trung b\u00ecnh c\u1ee7a c\u00e1c m\u00e1y MFP ch\u1ec9 \u1edf m\u1ee9c t\u1eeb 30% \u0111\u1ebfn 50%. \u0110i\u1ec1u n\u00e0y cho th\u1ea5y kh\u00f4ng ph\u1ea3i t\u1ea5t c\u1ea3 c\u00e1c m\u00e1y MFP \u0111ang \u0111\u01b0\u1ee3c s\u1eed d\u1ee5ng h\u1ebft c\u00f4ng su\u1ea5t ho\u1eb7c s\u1ea3n ph\u1ea9m \u0111ang \u1edf tr\u1ea1ng th\u00e1i kh\u00f4ng ho\u1ea1t \u0111\u1ed9ng trong th\u1eddi gian d\u00e0i.<\/p>\n<p style=\"text-align: justify;\"><strong>C\u00e1c c\u1ee5m in \u0111\u01b0\u1ee3c t\u1ed1i \u01b0u h\u00f3a v\u00e0 v\u1eadn h\u00e0nh t\u1ed1t h\u01a1n cho d\u00f2ng m\u00e1y in s\u1ea3n xu\u1ea5t<\/strong><\/p>\n<p style=\"text-align: justify;\">S\u1eed d\u1ee5ng nhi\u1ec1u m\u00e1y m\u00f3c kh\u00f4ng ph\u1ea3i l\u00fac n\u00e0o c\u0169ng mang l\u1ea1i n\u0103ng su\u1ea5t cao h\u01a1n, \u0111\u00f4i khi \u0111i\u1ec1u n\u00e0y s\u1ebd d\u1eabn \u0111\u1ebfn vi\u1ec7c t\u0103ng b\u0103ng th\u00f4ng v\u00e0 t\u00ednh n\u0103ng s\u1eb5n c\u00f3 c\u1ee7a m\u00e1y. \u0110\u00e2y l\u00e0 chi ph\u00ed kh\u00f4ng x\u00e1c \u0111\u1ecbnh khi m\u00e1y m\u00f3c kh\u00f4ng \u0111\u01b0\u1ee3c s\u1eed d\u1ee5ng \u0111\u00fang m\u1ee9c ho\u1eb7c khi h\u1ea7u h\u1ebft c\u00e1c c\u00f4ng vi\u1ec7c in ph\u1ee9c t\u1ea1p \u0111\u1ec1u d\u00f9ng d\u1ecbch v\u1ee5 b\u00ean ngo\u00e0i. B\u1eb1ng c\u00e1ch x\u00e2y d\u1ef1ng v\u00e0 ch\u1ec9 \u0111\u1ecbnh c\u00f4ng vi\u1ec7c in, m\u1ed9t c\u1ee5m in ho\u1eb7c nh\u00f3m in (print room) s\u1ebd gi\u00fap t\u1ed1i \u01b0u h\u00f3a quy tr\u00ecnh v\u00e0 s\u1eed d\u1ee5ng m\u00e1y t\u1ed1t h\u01a1n. V\u00ed d\u1ee5: N\u1ebfu m\u1ed9t t\u00e0i li\u1ec7u c\u1ea7n in m\u00e0u v\u00e0 in \u0111\u01a1n s\u1eafc, s\u1ebd ti\u1ebft ki\u1ec7m chi ph\u00ed h\u01a1n khi in tr\u00ean 2 m\u00e1y in s\u1ea3n xu\u1ea5t ri\u00eang bi\u1ec7t. M\u1ed9t s\u1ed1 doanh nghi\u1ec7p s\u1eed d\u1ee5ng d\u1ecbch v\u1ee5 \u201cclick-charge\u201d \u2013 chi ph\u00ed b\u1ea3n in s\u1ebd \u0111\u01b0\u1ee3c t\u00ednh tr\u00ean t\u1eebng b\u1ea3n in \u0111\u1ea7u ra, v\u00ec v\u1eady s\u1eed d\u1ee5ng in \u0111\u01a1n s\u1eafc tr\u00ean m\u00e1y in m\u00e0u s\u1ebd ph\u00e1t sinh nh\u1eefng chi ph\u00ed kh\u00f4ng c\u1ea7n thi\u1ebft.<\/p>\n<p style=\"text-align: justify;\"><strong>Quan ni\u1ec7m sai l\u1ea7m v\u1ec1 Print Room<\/strong><\/p>\n<p style=\"text-align: justify;\">C\u00f3 v\u00e0i quan ni\u1ec7m sai l\u1ea7m v\u1ec1 khi n\u00f3i v\u1ec1 vi\u1ec7c duy tr\u00ec m\u1ed9t Print room (t\u1ea1m d\u1ecbch: nh\u00f3m in), \u0111\u1eb7c bi\u1ec7t l\u00e0 khi doanh nghi\u1ec7p thu\u00ea d\u1ecbch v\u1ee5 in b\u00ean ngo\u00e0i. V\u1edbi Konica Minolta, ch\u00fang t\u00f4i mu\u1ed1n n\u00f3i r\u1eb1ng v\u1edbi Print room, doanh nghi\u1ec7p c\u00f3 th\u1ec3 s\u1ea3n xu\u1ea5t \u0111\u01b0\u1ee3c c\u00e1c s\u1ea3n ph\u1ea9m in ph\u1ee9c t\u1ea1p m\u1ed9t c\u00e1ch d\u1ec5 d\u00e0ng. Tuy nhi\u00ean, nh\u1eefng quan ni\u1ec7m sai l\u1ea7m c\u1ea7n \u0111\u01b0\u1ee3c gi\u1ea3i quy\u1ebft. H\u00e3y tham kh\u1ea3o m\u1ed9t s\u1ed1 quan ni\u1ec7m ch\u01b0a \u0111\u00fang d\u01b0\u1edbi \u0111\u00e2y:<\/p>\n<ul style=\"text-align: left;\">\n<li>Ch\u1ec9 c\u00e1c t\u1ed5 ch\u1ee9c ho\u1eb7c tr\u01b0\u1eddng h\u1ecdc quy m\u00f4 l\u1edbn m\u1edbi y\u00eau c\u1ea7u c\u1ea7n c\u00f3 Print room<\/li>\n<li>Chi ph\u00ed b\u1ea3o tr\u00ec cao h\u01a1n \u0111\u1ed1i v\u1edbi c\u00e1c s\u1ea3n ph\u1ea3m m\u00e1y in s\u1ea3n xu\u1ea5t c\u00f4ng su\u1ea5t l\u1edbn<\/li>\n<li>S\u1ebd hi\u1ec7u qu\u1ea3 h\u01a1n v\u00e0 r\u1ebb h\u01a1n khi d\u1eed d\u1ee5ng d\u1ecbch v\u1ee5 thu\u00ea ngo\u00e0i.<\/li>\n<\/ul>\n<p style=\"text-align: justify;\"><strong>T\u1ea1i sao nhi\u1ec1u c\u00f4ng ty \u0111ang h\u1ee3p nh\u1ea5t v\u00e0 \u0111\u1ea7u t\u01b0 v\u00e0o Print room<\/strong><\/p>\n<p style=\"text-align: justify;\">Trong nh\u1eefng n\u0103m g\u1ea7n \u0111\u00e2y, ch\u00fang ta ch\u1ee9ng ki\u1ebfn s\u1ef1 gia t\u0103ng m\u1ed9t s\u1ed1 l\u01b0\u1ee3ng doanh nghi\u1ec7p chuy\u1ec3n \u0111\u1ed5i h\u00ecnh th\u1ee9c kinh doanh t\u1eeb vi\u1ec7c thay v\u00ec s\u1eed d\u1ee5ng nhi\u1ec1u m\u00e1y MFP, chuy\u1ec3n sang h\u1ee3p nh\u1ea5t v\u00e0 s\u1eed d\u1ee5ng m\u00e1y in s\u1ea3n xu\u1ea5t. M\u1eb7c d\u00f9 xu h\u01b0\u1edbng gi\u1ea3m thi\u1ec3u in \u1ea5n v\u00e0 cho ra s\u1ea3n ph\u1ea9m in th\u00e2n thi\u1ec7n m\u00f4i tr\u01b0\u1eddng \u0111ang t\u1ea1o s\u1ee9c \u1ea3nh h\u01b0\u1edfng l\u1edbn, nh\u01b0ng vi\u1ec7c in th\u00f4ng tin c\u1ea7n thi\u1ebft nh\u01b0 t\u00e0i li\u1ec7u \u0111\u00e0o t\u1ea1o, t\u00e0i s\u1ea3n ti\u1ebfp th\u1ecb (t\u00e0i li\u1ec7u qu\u1ea3ng c\u00e1o, b\u1ea3ng th\u00f4ng s\u1ed1 k\u1ef9 thu\u1eadt v\u00e0 b\u1ea3n in m\u1eabu), t\u00e0i li\u1ec7u ph\u00e1p l\u00fd v\u1eabn l\u00e0 nh\u1eefng th\u1ee9 kh\u00f4ng th\u1ec3 thay th\u1ebf b\u1eb1ng k\u1ef9 thu\u1eadt s\u1ed1 t\u1ea1i th\u1eddi \u0111i\u1ec3m n\u00e0y.<\/p>\n<p>Print room gi\u00fap doanh nghi\u1ec7p ch\u1ee7 \u0111\u1ed9ng v\u00e0 linh ho\u1ea1t h\u01a1n trong vi\u1ec7c in \u1ea5n n\u1ed9i b\u1ed9, th\u1eddi gian quay v\u00f2ng ng\u1eafn h\u01a1n, ki\u1ec3m so\u00e1t t\u1ed1t h\u01a1n d\u00f2ng th\u1eddi gian v\u00e0 c\u00f3 th\u1ec3 in ngay khi \u0111\u01b0\u1ee3c y\u00eau c\u1ea7u. Trong th\u1eddi gian d\u1ecbch b\u1ec7nh COVID-19, ch\u00ednh ph\u1ee7 c\u00e1c n\u01b0\u1edbc \u0111\u1ec1u c\u00f3 th\u00f4ng b\u00e1o y\u00eau c\u1ea7u \u0111\u00f3ng c\u1eeda c\u00e1c doanh nghi\u1ec7p trong th\u1eddi gian ng\u1eafn. V\u00ec v\u1eady, h\u1ea7u h\u1ebft c\u00e1c doanh nghi\u1ec7p thu\u00ea d\u1ecbch v\u1ee5 in \u1ea5n b\u00ean ngo\u00e0i kh\u00f4ng th\u1ec3 ph\u1ea3n \u1ee9ng k\u1ecbp th\u1eddi \u0111\u1ec3 t\u1ea1o ra t\u00e0i li\u1ec7u ti\u1ebfp th\u1ecb ho\u1eb7c in th\u00f4ng b\u00e1o c\u1ee7a m\u00ecnh \u0111\u1ec3 g\u1edfi \u0111\u1ebfn kh\u00e1ch h\u00e0ng.<\/p>\n<p style=\"text-align: justify;\"><strong>In n\u1ed9i b\u1ed9 an to\u00e0n h\u01a1n in d\u1ecbch v\u1ee5 b\u00ean ngo\u00e0i<\/strong><\/p>\n<p style=\"text-align: justify;\">\u0110\u1ed1i v\u1edbi c\u00e1c t\u1ed5 ch\u1ee9c ch\u00ednh ph\u1ee7, ng\u00e2n h\u00e0ng v\u00e0 c\u00f4ng ty b\u1ea3o hi\u1ec3m &#8211; n\u01a1i th\u01b0\u1eddng in nhi\u1ec1u th\u00f4ng tin c\u1ea7n \u0111\u01b0\u1ee3c b\u1ea3o m\u1eadt (nh\u01b0 b\u00e1o c\u00e1o h\u00e0ng n\u0103m, b\u00e1o c\u00e1o t\u00e0i ch\u00ednh, t\u00e0i li\u1ec7u \u0111\u1ea5u th\u1ea7u), r\u00f2 r\u1ec9 th\u00f4ng tin s\u1ebd g\u00e2y ra th\u1ea3m h\u1ecda. \u0110i\u1ec1u c\u1ea7n thi\u1ebft ph\u1ea3i \u0111\u1ea3m b\u1ea3o t\u00ednh b\u1ea3o m\u1eadt c\u1ee7a b\u1ea3n in \u0111\u1ed1i v\u1edbi c\u00e1c d\u1eef li\u1ec7u c\u00e1 nh\u00e2n, t\u00e0i li\u1ec7u ph\u00e1p l\u00fd. Print room cho ph\u00e9p in n\u1ed9i b\u1ed9 trong c\u00e1c c\u00f4ng ty \u0111\u01b0\u1ee3c an to\u00e0n v\u00e0 r\u00fat ng\u1eafn th\u1eddi gian in \u1ea5n khi ph\u1ea3i \u0111\u1ed1i m\u1eb7t v\u1edbi nh\u1eefng tr\u01b0\u1eddng h\u1ee3p b\u1ea5t kh\u1ea3 kh\u00e1ng c\u00f3 th\u1ec3 x\u1ea3y ra.<\/p>\n<p style=\"text-align: justify;\"><strong>Kh\u00f4ng ph\u1ea3i duy tr\u00ec h\u00e0ng t\u1ed3n kho<\/strong><\/p>\n<p style=\"text-align: justify;\">T\u00e0i li\u1ec7u \u0111\u00e0o t\u1ea1o, t\u00e0i s\u1ea3n ti\u1ebfp th\u1ecb th\u01b0\u1eddng s\u1eed d\u1ee5ng d\u1ecbch v\u1ee5 in ngo\u00e0i v\u00e0 in nhi\u1ec1u l\u1ea7n, \u0111i\u1ec1u n\u00e0y cho th\u1ea5y c\u00e1c doanh nghi\u1ec7p c\u00f3 xu h\u01b0\u1edbng in v\u1edbi s\u1ed1 l\u01b0\u1ee3ng l\u1edbn \u0111\u1ec3 m\u1edf r\u1ed9ng quy m\u00f4. V\u1edbi h\u00ecnh th\u1ee9c nh\u01b0 v\u1eady, doanh nghi\u1ec7p y\u00eau c\u1ea7u v\u1ec1 m\u1ed9t c\u01a1 s\u1edf l\u01b0u tr\u1eef \u0111\u1ec3 sao l\u01b0u c\u00e1c s\u1ea3n ph\u1ea9m in d\u01b0 th\u1eeba v\u00e0 duy tr\u00ec l\u01b0\u1ee3ng t\u1ed3n kho. M\u00e1y in s\u1ea3n xu\u1ea5t k\u1ef9 thu\u1eadt s\u1ed1 s\u1ebd gi\u1ea3i quy\u1ebft v\u1ea5n \u0111\u1ec1 n\u00e0y. S\u1ea3n ph\u1ea9m cho ph\u00e9p doanh nghi\u1ec7p ch\u1ee7 \u0111\u1ed9ng, linh ho\u1ea1t khi in v\u1edbi s\u1ed1 l\u01b0\u1ee3ng nh\u1ecf v\u00e0 thay \u0111\u1ed5i li\u00ean t\u1ee5c \u0111\u1ec3 \u0111\u1ea3m b\u1ea3o r\u1eb1ng t\u00e0i li\u1ec7u lu\u00f4n \u0111\u01b0\u1ee3c c\u1eadp nh\u1eadt m\u1edbi. Print room s\u1ea3n xu\u1ea5t h\u00e0ng h\u00f3a theo y\u00eau c\u1ea7u \u0111\u1ec3 gi\u1ea3m chi ph\u00ed l\u01b0u kho v\u00e0 c\u00e1c chi ph\u00ed kh\u00e1c t\u1eeb c\u00e1c nh\u00e0 cung c\u1ea5p b\u00ean ngo\u00e0i.<\/p>\n<p style=\"text-align: justify;\"><strong>T\u00edch h\u1ee3p li\u1ec1n m\u1ea1ch v\u1edbi h\u1ec7 th\u1ed1ng C\u00f4ng ngh\u1ec7 th\u00f4ng tin (CNTT) hi\u1ec7n c\u00f3<\/strong><\/p>\n<p style=\"text-align: justify;\">C\u00e1c c\u00f4ng c\u1ee5\/ph\u1ea7n m\u1ec1m m\u1edbi c\u1ea7n t\u00edch h\u1ee3p ho\u00e0n h\u1ea3o v\u1edbi h\u1ec7 th\u1ed1ng CNTT hi\u1ec7n c\u00f3. Ng\u01b0\u1eddi d\u00f9ng kh\u00f4ng mu\u1ed1n t\u1ea1o t\u00e0i kho\u1ea3n kh\u00e1c khi d\u00f9ng ph\u1ea7n m\u1ec1m m\u1edbi, thay v\u00e0o \u0111\u00f3 h\u1ecd mu\u1ed1n t\u1ef1 \u0111\u1ed9ng \u0111\u0103ng nh\u1eadp v\u00e0o c\u01a1 s\u1edf d\u1eef li\u1ec7u v\u00e0 \u0111\u1ecba ch\u1ec9 c\u00f3 s\u1eb5n. Ch\u00fang t\u00f4i hi\u1ec3u v\u1ea5n \u0111\u1ec1 \u0111\u00f3, v\u00ec v\u1eady Flux \u0111\u00e3 cho ra t\u00ednh n\u0103ng \u0110\u0103ng nh\u1eadp m\u1ed9t l\u1ea7n (SSO) cho d\u1eef li\u1ec7u web v\u00e0 c\u00e1c Th\u01b0 m\u1ee5c ho\u1ea1t \u0111\u1ed9ng \u201cActive Directories\u201d (c\u01a1 s\u1edf d\u1eef li\u1ec7u ng\u01b0\u1eddi d\u00f9ng) hi\u1ec7n t\u1ea1i c\u00f3 th\u1ec3 k\u1ebft n\u1ed1i v\u1edbi nhau th\u00f4ng qua LDAP v\u00e0 s\u1eed d\u1ee5ng c\u01a1 s\u1edf d\u1eef li\u1ec7u \u0111\u1ecba ch\u1ec9 web n\u00e0y. \u0110i\u1ec1u n\u00e0y s\u1ebd t\u1ea1o ra h\u1ec7 th\u1ed1ng ki\u1ec3m to\u00e1n cho ph\u00e9p doanh nghi\u1ec7p theo d\u00f5i v\u00e0 qu\u1ea3n l\u00fd nh\u1eefng ng\u01b0\u1eddi \u0111\u00e3 y\u00eau c\u1ea7u l\u1ec7nh in.<\/p>\n<p style=\"text-align: justify;\"><strong>Gi\u1ea3i ph\u00e1p m\u1edbi cho nhu c\u1ea7u kinh doanh c\u1ee7a doanh nghi\u1ec7p<\/strong><\/p>\n<p style=\"text-align: justify;\">L\u00e0 m\u1ed9t t\u1eadp \u0111o\u00e0n ph\u00e1t tri\u1ec3n l\u00e2u n\u0103m trong ng\u00e0nh in, hi\u1ec3u \u0111\u01b0\u1ee3c nhu c\u1ea7u c\u1ee7a kh\u00e1ch h\u00e0ng v\u00e0 \u0111\u1ed1i t\u00e1c, Konica Minolta tung ra th\u1ecb tr\u01b0\u1eddng d\u00f2ng s\u1ea3n ph\u1ea9m m\u1edbi mang t\u00ean AccurioPro Flux &#8211; gi\u00fap t\u1ed1i \u01b0u h\u00f3a c\u00f4ng vi\u1ec7c in \u1ea5n b\u1eb1ng c\u00e1ch k\u1ebft n\u1ed1i to\u00e0n b\u1ed9 c\u00e1c m\u00e1y MFP v\u00e0 m\u00e1y in s\u1ea3n xu\u1ea5t nh\u1ecf l\u1ebb v\u1edbi m\u1ed9t m\u00e1y ch\u1ee7 trung t\u00e2m. Vi\u1ec7c ki\u1ec3m tra c\u00e1c m\u00e1y trong s\u1ebd th\u1ed1ng s\u1ebd \u0111\u01b0\u1ee3c t\u1ef1 \u0111\u1ed9ng h\u00f3a quy tr\u00ecnh in v\u00e0 nh\u1eadn c\u1eadp nh\u1eadt tr\u1ea1ng th\u00e1i t\u1eeb m\u00e1y trung t\u00e2m. M\u00e1y ch\u1ee7 Flux c\u0169ng gi\u00fap doanh nghi\u1ec7p k\u1ebft n\u1ed1i kh\u00e1ch h\u00e0ng b\u1eb1ng c\u00e1ch s\u1eed d\u1ee5ng n\u1ec1n t\u1ea3ng th\u01b0\u01a1ng m\u1ea1i \u0111i\u1ec7n t\u1eed cho ph\u00e9p doanh nghi\u1ec7p k\u1ebft n\u1ed1i web-in. N\u1ed9i dung \u0111\u01b0\u1ee3c ki\u1ec3m tra tr\u01b0\u1edbc khi t\u1ec7p d\u1eef li\u1ec7u \u0111\u01b0\u1ee3c t\u1ea3i l\u00ean, \u0111i\u1ec1u n\u00e0y gi\u00fap r\u00fat ng\u1eafn th\u1eddi gian trong tr\u01b0\u1eddng h\u1ee3p t\u1ec7p d\u1eef li\u1ec7u b\u1ecb l\u1ed7i.<\/p>\n<p style=\"text-align: justify;\">M\u1ed9t t\u00ednh n\u0103ng \u0111\u1ed9c \u0111\u00e1o c\u1ee7a AccurioPro Flux l\u00e0 ch\u1ee7 doanh nghi\u1ec7p c\u00f3 th\u1ec3 truy c\u1eadp m\u00e1y ch\u1ee7 trung t\u00e2m th\u00f4ng qua tr\u00ecnh duy\u1ec7t di \u0111\u1ed9ng. \u0110i\u1ec1u n\u00e0y c\u1ef1c k\u1ef3 h\u1eefu \u00edch trong tr\u01b0\u1eddng h\u1ee3p kh\u1ea9n c\u1ea5p khi c\u1ea7n nh\u00e2n l\u1ef1c, ch\u1ee7 doanh nghi\u1ec7p c\u00f3 th\u1ec3 c\u00f3 m\u1ed9t c\u00e1i nh\u00ecn t\u1ed5ng quan v\u1ec1 t\u00ecnh h\u00ecnh trong Print room c\u1ee7a h\u1ecd \u1edf b\u1ea5t c\u1ee9 \u0111\u00e2u. Khi th\u00f4ng tin c\u00f3 s\u1eb5n, vi\u1ec7c \u0111\u01b0a ra quy\u1ebft \u0111\u1ecbnh s\u00e1ng su\u1ed1t v\u00e0 h\u01b0\u1edbng d\u1eabn n\u1ed9i dung cho ng\u01b0\u1eddi v\u1eadn h\u00e0nh s\u1ebd d\u1ec5 d\u00e0ng v\u00e0 thu\u1eadn ti\u1ec7n h\u01a1n. \u0110\u1ec3 t\u00ecm hi\u1ec3u th\u00eam v\u1ec1 Flux AccurioPro, h\u00e3y truy c\u1eadp: <a href=\"https:\/\/www.accuriopro-flux.com\/en\/\">https:\/\/www.accuriopro-flux.com\/en\/<\/a><\/p>\n<p style=\"text-align: left;\">\n","protected":false},"excerpt":{"rendered":"<p>Print More with Less \u2013 AccurioPro Flux Thu\u1eadt ng\u1eef \u201cless is more\u201d (t\u1ea1m d\u1ecbch: \u0110\u00f4i khi \u00edt m\u00e0 mang l\u1ea1i hi\u1ec7u qu\u1ea3 nhi\u1ec1u h\u01a1n) kh\u00f4ng c\u00f2n xa l\u1ea1 v\u1edbi nhi\u1ec1u ng\u01b0\u1eddi, tuy nhi\u00ean l\u00e0m th\u1ebf n\u00e0o c\u00e1c ch\u1ee7 doanh nghi\u1ec7p c\u00f3 th\u1ec3 \u00e1p d\u1ee5ng \u0111i\u1ec1u n\u00e0y cho c\u00f4ng ty c\u1ee7a h\u1ecd? Nh\u1eefng ph\u00e2n t\u00edch sau<\/p>\n","protected":false},"author":1,"featured_media":0,"parent":4814,"menu_order":0,"comment_status":"closed","ping_status":"closed","template":"","meta":{"footnotes":""},"class_list":["post-6798","page","type-page","status-publish","hentry"],"_links":{"self":[{"href":"https:\/\/www.konicaminolta.vn\/business\/wp-json\/wp\/v2\/pages\/6798","targetHints":{"allow":["GET"]}}],"collection":[{"href":"https:\/\/www.konicaminolta.vn\/business\/wp-json\/wp\/v2\/pages"}],"about":[{"href":"https:\/\/www.konicaminolta.vn\/business\/wp-json\/wp\/v2\/types\/page"}],"author":[{"embeddable":true,"href":"https:\/\/www.konicaminolta.vn\/business\/wp-json\/wp\/v2\/users\/1"}],"replies":[{"embeddable":true,"href":"https:\/\/www.konicaminolta.vn\/business\/wp-json\/wp\/v2\/comments?post=6798"}],"version-history":[{"count":2,"href":"https:\/\/www.konicaminolta.vn\/business\/wp-json\/wp\/v2\/pages\/6798\/revisions"}],"predecessor-version":[{"id":6803,"href":"https:\/\/www.konicaminolta.vn\/business\/wp-json\/wp\/v2\/pages\/6798\/revisions\/6803"}],"up":[{"embeddable":true,"href":"https:\/\/www.konicaminolta.vn\/business\/wp-json\/wp\/v2\/pages\/4814"}],"wp:attachment":[{"href":"https:\/\/www.konicaminolta.vn\/business\/wp-json\/wp\/v2\/media?parent=6798"}],"curies":[{"name":"wp","href":"https:\/\/api.w.org\/{rel}","templated":true}]}}