{"id":6823,"date":"2020-04-27T17:47:47","date_gmt":"2020-04-27T10:47:47","guid":{"rendered":"https:\/\/www.konicaminolta.vn\/business\/?page_id=6823"},"modified":"2020-04-28T09:24:33","modified_gmt":"2020-04-28T02:24:33","slug":"buoc-chuyen-minh-manh-me-cua-tu-dong-hoa-quan-ly-van-phong","status":"publish","type":"page","link":"https:\/\/www.konicaminolta.vn\/business\/buoc-chuyen-minh-manh-me-cua-tu-dong-hoa-quan-ly-van-phong\/","title":{"rendered":"B\u01b0\u1edbc Chuy\u1ec3n M\u00ecnh M\u1ea1nh M\u1ebd C\u1ee7a T\u1ef1 \u0110\u1ed9ng H\u00f3a Qu\u1ea3n L\u00fd V\u0103n Ph\u00f2ng"},"content":{"rendered":"<p style=\"text-align: justify;\"><img loading=\"lazy\" decoding=\"async\" class=\"aligncenter wp-image-6839\" src=\"https:\/\/www.konicaminolta.vn\/business\/wp-content\/uploads\/2020\/04\/Office-automation-Konica-Minola-Vietnam-1.jpg\" alt=\"\" width=\"1100\" height=\"587\" srcset=\"https:\/\/www.konicaminolta.vn\/business\/wp-content\/uploads\/2020\/04\/Office-automation-Konica-Minola-Vietnam-1.jpg 1126w, https:\/\/www.konicaminolta.vn\/business\/wp-content\/uploads\/2020\/04\/Office-automation-Konica-Minola-Vietnam-1-300x160.jpg 300w, https:\/\/www.konicaminolta.vn\/business\/wp-content\/uploads\/2020\/04\/Office-automation-Konica-Minola-Vietnam-1-768x410.jpg 768w, https:\/\/www.konicaminolta.vn\/business\/wp-content\/uploads\/2020\/04\/Office-automation-Konica-Minola-Vietnam-1-1024x547.jpg 1024w, https:\/\/www.konicaminolta.vn\/business\/wp-content\/uploads\/2020\/04\/Office-automation-Konica-Minola-Vietnam-1-600x320.jpg 600w\" sizes=\"auto, (max-width: 1100px) 100vw, 1100px\" \/>T\u1ef1 \u0111\u1ed9ng h\u00f3a v\u0103n ph\u00f2ng l\u00e0 m\u1ed9t thu\u1eadt ng\u1eef kh\u00e1 ph\u1ed5 bi\u1ebfn v\u1edbi nhi\u1ec1u doanh nghi\u1ec7p khi ti\u1ebfn h\u00e0nh chuy\u1ec3n \u0111\u1ed5i k\u1ef9 thu\u1eadt s\u1ed1. Tuy nhi\u00ean, ch\u00fang ta th\u1ef1c s\u1ef1 hi\u1ec3u bao nhi\u00eau v\u1ec1 l\u1ee3i \u00edch c\u1ee7a T\u1ef1 \u0111\u1ed9ng h\u00f3a v\u0103n ph\u00f2ng v\u00e0 c\u00e1ch th\u1ee9c th\u1ef1c hi\u1ec7n n\u00f3 nh\u01b0 th\u1ebf n\u00e0o \u0111\u1ec3 \u0111\u1ea1t \u0111\u01b0\u1ee3c m\u1ee5c ti\u00eau kinh doanh \u0111\u1ec1 ra. V\u1ec1 c\u01a1 b\u1ea3n, chuy\u1ec3n \u0111\u1ed5i k\u1ef9 thu\u1eadt s\u1ed1 kh\u00f4ng \u0111\u01a1n thu\u1ea7n l\u00e0 chuy\u1ec3n sang c\u00e1c gi\u1ea3i ph\u00e1p k\u1ef9 thu\u1eadt s\u1ed1 ho\u1eb7c l\u01b0u tr\u1eef \u0111\u00e1m m\u00e2y. Hi\u1ec7u qu\u1ea3 th\u1ef1c s\u1ef1 n\u00f3 mang l\u1ea1i gi\u00fap khai th\u00e1c t\u1ed1i \u01b0u v\u1ea5n \u0111\u1ec1 tri\u1ec3n khai nh\u00e2n l\u1ef1c v\u00e0 t\u0103ng n\u0103ng su\u1ea5t kinh doanh. \u0110\u00f3 l\u00e0 c\u00e1ch m\u00e0 t\u1ef1 \u0111\u1ed9ng h\u00f3a v\u0103n ph\u00f2ng \u0111\u01b0\u1ee3c \u00e1p d\u1ee5ng \u0111\u1ec3 \u0111\u1ea1t \u0111\u01b0\u1ee3c k\u1ebf ho\u1ea1ch ph\u00e1t tri\u1ec3n doanh nghi\u1ec7p.<\/p>\n<h3 style=\"text-align: justify;\">T\u1ef1 \u0111\u1ed9ng h\u00f3a \u0111\u01a1n l\u1ebb l\u00e0 ch\u01b0a \u0111\u1ee7<\/h3>\n<p style=\"text-align: justify;\">M\u1eb7c d\u00f9 t\u1ef1 \u0111\u1ed9ng h\u00f3a quy tr\u00ecnh l\u00e0m vi\u1ec7c c\u00f3 s\u1eb5n c\u00f3 th\u1ec3 th\u1ea5y ngay k\u1ebft qu\u1ea3 ban \u0111\u1ea7u, tuy nhi\u00ean t\u1ef1 \u0111\u1ed9ng h\u00f3a m\u00e0 kh\u00f4ng b\u1ed5 sung c\u00f4ng ngh\u1ec7 Tr\u00ed tu\u1ec7 nh\u00e2n t\u1ea1o (AI) hay t\u1eadn d\u1ee5ng ngu\u1ed3n d\u1eef li\u1ec7u c\u0169ng gi\u1ed1ng nh\u01b0 th\u1ef1c hi\u1ec7n chi\u1ebfn d\u1ecbch l\u1edbn m\u00e0 kh\u00f4ng c\u00f3 c\u00f4ng c\u1ee5 h\u1ed7 tr\u1ee3 th\u00edch h\u1ee3p. T\u1ef1 \u0111\u1ed9ng h\u00f3a v\u00e0 c\u00f4ng ngh\u1ec7 AI l\u00e0 \u0111\u1ed9ng l\u1ef1c ch\u00ednh cho qu\u00e1 tr\u00ecnh chuy\u1ec3n \u0111\u1ed5i doanh nghi\u1ec7p v\u00e0 thay \u0111\u1ed5i c\u00e1ch v\u1eadn h\u00e0nh t\u1ea1i n\u01a1i l\u00e0m vi\u1ec7c. C\u00f4ng ngh\u1ec7 c\u1ee7a c\u00e1c thu\u1eadt to\u00e1n h\u1ecdc ng\u00e0y c\u00e0ng ti\u00ean ti\u1ebfn, sau khi xem x\u00e9t t\u1ea5t c\u1ea3 c\u00e1c k\u1ebft qu\u1ea3 c\u00f3 th\u1ec3 x\u1ea3y ra v\u00e0 t\u1eadn d\u1ee5ng ngu\u1ed3n d\u1eef li\u1ec7u \u0111\u01b0\u1ee3c thu th\u1eadp, d\u1ef1a v\u00e0o \u0111\u00f3 ph\u00e2n t\u00edch v\u00e0 \u0111\u01b0a ra nh\u1eefng quy\u1ebft \u0111\u1ecbnh t\u1ed1t nh\u1ea5t cho doanh nghi\u1ec7p. <sup>(1)<\/sup><\/p>\n<p style=\"text-align: justify;\">Trong nh\u1eefng n\u0103m g\u1ea7n \u0111\u00e2y, c\u00f4ng ngh\u1ec7 Tr\u00ed tu\u1ec7 nh\u00e2n t\u1ea1o (AI) \u0111\u00e3 \u0111\u1ea1t \u0111\u01b0\u1ee3c nh\u1eefng k\u1ebft qu\u1ea3 \u0111\u1ea7y ti\u1ec1m n\u0103ng trong vi\u1ec7c thay \u0111\u1ed5i v\u1ecb tr\u00ed h\u00e0ng \u0111\u1ea7u c\u1ee7a nhi\u1ec1u ho\u1ea1t \u0111\u1ed9ng kinh doanh v\u00e0 mang \u0111\u1ebfn cu\u1ed9c c\u00e1ch m\u1ea1ng h\u00f3a trong v\u0103n h\u00f3a l\u00e0m vi\u1ec7c v\u0103n ph\u00f2ng. Tr\u01b0\u1edbc \u0111\u00e2y, c\u00f4ng ngh\u1ec7 AI \u0111\u00e3 h\u1ed7 tr\u1ee3 r\u1ea5t t\u1ed1t cho c\u00e1c m\u1ee5c \u0111\u00edch h\u01b0\u1edbng d\u1eabn, t\u1ed5 ch\u1ee9c v\u00e0 t\u1ef1 \u0111\u1ed9ng h\u00f3a quy tr\u00ecnh c\u00f4ng vi\u1ec7c, c\u1ea3i thi\u1ec7n hi\u1ec7u qu\u1ea3 v\u00e0 t\u0103ng n\u0103ng su\u1ea5t t\u1ed5ng th\u1ec3. Khi c\u00f4ng ngh\u1ec7 AI k\u1ebft h\u1ee3p v\u1edbi t\u1ef1 \u0111\u1ed9ng h\u00f3a, n\u00f3 s\u1ebd t\u1ed1i \u0111a h\u00f3a l\u1ee3i nhu\u1eadn c\u1ee7a c\u00f4ng ty b\u1eb1ng c\u00e1ch s\u1eed d\u1ee5ng nh\u00e2n l\u1ef1c t\u1ed1i thi\u1ec3u m\u1ed9t c\u00e1ch \u0111\u00fang \u0111\u1eafn v\u00e0 s\u00e1ng t\u1ea1o. Nh\u1eefng c\u1ea3i ti\u1ebfn k\u1ef9 thu\u1eadt g\u00f3p ph\u1ea7n h\u1ed7 tr\u1ee3 vi\u1ec7c qu\u1ea3n l\u00fd m\u1ed9t s\u1ed1 nhi\u1ec7m v\u1ee5 trong v\u0103n ph\u00f2ng tr\u1edf n\u00ean d\u1ec5 d\u00e0ng v\u00e0 nh\u00e2n vi\u00ean l\u00e0m vi\u1ec7c s\u1ebd c\u1ea3m th\u1ea5y \u00edt m\u1ec7t m\u1ecfi h\u01a1n.<sup>(3)<\/sup><\/p>\n<p style=\"text-align: justify;\">Qu\u1ea3n l\u00fd d\u1eef li\u1ec7u l\u00e0 m\u1ed9t trong nh\u1eefng th\u00e0nh ph\u1ea7n ch\u00ednh c\u1ee7a h\u1ec7 th\u1ed1ng t\u1ef1 \u0111\u1ed9ng h\u00f3a v\u0103n ph\u00f2ng, gi\u00fap t\u1ea1o l\u1ee3i th\u1ebf chi\u1ebfn l\u01b0\u1ee3c b\u1eb1ng c\u00e1ch \u0111\u01a1n gi\u1ea3n h\u00f3a vi\u1ec7c qu\u1ea3n l\u00fd d\u1eef li\u1ec7u v\u00e0 th\u00f4ng tin l\u01b0u tr\u1eef. C\u00e1c c\u00f4ng ty l\u1edbn c\u00f3 th\u1ec3 t\u1eeb \u0111\u00f3 gi\u00e1m s\u00e1t, ki\u1ec3m so\u00e1t c\u00e1c d\u1ef1 \u00e1n v\u00e0 ho\u1ea1t \u0111\u1ed9ng kh\u00e1c nhau trong v\u0103n ph\u00f2ng th\u00f4ng qua h\u1ec7 th\u1ed1ng qu\u1ea3n l\u00fd \u0111i\u1ec7n t\u1eed. <sup>(2) <\/sup>B\u1ea3ng \u0111i\u1ec1u khi\u1ec3n\/b\u1ea3ng th\u00f4ng tin l\u1ea5y d\u1eef li\u1ec7u t\u1eeb c\u00e1c d\u1ef1 \u00e1n c\u00f3 th\u1ec3 tr\u00edch xu\u1ea5t ngay t\u1ee9c th\u00ec v\u00e0 \u0111\u01b0\u1ee3c d\u00f9ng ph\u00e2n t\u00edch \u0111\u1ec3 qu\u1ea3n l\u00fd \u0111\u01b0a ra quy\u1ebft \u0111\u1ecbnh ph\u00f9 h\u1ee3p. V\u1edbi t\u00ecnh h\u00ecnh hi\u1ec7n nay, vi\u1ec7c c\u00f3 ngu\u1ed3n d\u1eef li\u1ec7u chu\u1ea9n v\u00e0 ch\u00ednh x\u00e1c s\u1ebd l\u00e0 \u0111i\u1ec3m m\u1ea5u ch\u1ed1t \u0111\u1ec3 t\u0103ng t\u1ef7 l\u1ec7 th\u00e0nh c\u00f4ng cho m\u1ed9t quy\u1ebft \u0111\u1ecbnh kinh doanh. T\u1eadp trung v\u00e0o vi\u1ec7c qu\u1ea3n l\u00fd d\u1eef li\u1ec7u \u0111\u1ec3 thu v\u1ec1 ngu\u1ed3n d\u1eef li\u1ec7u hi\u1ec7u qu\u1ea3.<\/p>\n<h3 style=\"text-align: justify;\"><strong>T\u1ef1 \u0111\u1ed9ng h\u00f3a quy tr\u00ecnh l\u00e0m vi\u1ec7c cho nhu c\u1ea7u kinh doanh<\/strong><\/h3>\n<p style=\"text-align: justify;\">L\u00e0 m\u1ed9t trong nh\u1eefng c\u00f4ng ty k\u1ef9 thu\u1eadt s\u1ed1 h\u00e0ng \u0111\u1ea7u, Konica Minolta hi\u1ec3u r\u00f5 nh\u1eefng v\u1ea5n \u0111\u1ec1 kh\u00e1ch h\u00e0ng g\u1eb7p ph\u1ea3i trong qu\u00e1 tr\u00ecnh chuy\u1ec3n \u0111\u1ed5i k\u1ef9 thu\u1eadt s\u1ed1 v\u00e0 nh\u1eefng t\u00e1c \u0111\u1ed9ng c\u1ee7a n\u00f3 \u0111\u1ebfn ho\u1ea1t \u0111\u1ed9ng kinh doanh c\u1ee7a doanh nghi\u1ec7p. Ch\u00ednh v\u00ec th\u1ebf, ch\u00fang t\u00f4i \u0111\u00e3 cho ra m\u1eaft N\u1ec1n t\u1ea3ng d\u1ecbch v\u1ee5 t\u1eeb xa tr\u00ean to\u00e0n th\u1ebf gi\u1edbi (WWRSPF) cho ph\u00e9p s\u1eed d\u1ee5ng d\u1ecbch v\u1ee5 t\u1eeb xa \u0111\u1ed1i v\u1edbi c\u00e1c d\u00f2ng s\u1ea3n ph\u1ea9m m\u00e1y in \u0111a ch\u1ee9c n\u0103ng (MFP) th\u01b0\u01a1ng hi\u1ec7u Konica Minolta. Kh\u00e1ch h\u00e0ng kh\u00f4ng c\u00f2n nh\u1eefng ng\u00e0y ch\u1edd \u0111\u1ee3i s\u1ef1 h\u1ed7 tr\u1ee3 tr\u1ef1c ti\u1ebfp t\u1eeb nh\u00e2n vi\u00ean k\u1ef9 thu\u1eadt. N\u1ec1n t\u1ea3ng n\u00e0y \u0111\u01b0\u1ee3c thi\u1ebft k\u1ebf \u0111\u1ec3 gi\u1eef cho h\u1ec7 \u0111i\u1ec1u h\u00e0nh thi\u1ebft b\u1ecb lu\u00f4n \u0111\u01b0\u1ee3c c\u1eadp nh\u1eadt, c\u00e1c phi\u00ean b\u1ea3n c\u1eadp nh\u1eadt ph\u1ea7n m\u1ec1m b\u1ea3o m\u1eadt m\u1edbi nh\u1ea5t s\u1ebd \u0111\u01b0\u1ee3c l\u00ean l\u1ecbch t\u1ef1 \u0111\u1ed9ng \u0111\u1ec3 \u0111\u1ea3m b\u1ea3o r\u1eb1ng m\u00e1y MFP lu\u00f4n ho\u1ea1t \u0111\u1ed9ng v\u1edbi hi\u1ec7u su\u1ea5t t\u1ed1i \u01b0u. V\u1edbi c\u00f4ng ngh\u1ec7 d\u1ef1 \u0111o\u00e1n ng\u0103n ng\u1eeba s\u1ef1 c\u1ed1 h\u1ec7 th\u1ed1ng, d\u1eef li\u1ec7u s\u1ebd \u0111\u01b0\u1ee3c thu th\u1eadp t\u1eeb nh\u1eadt k\u00fd h\u1ec7 th\u1ed1ng c\u1ee7a kh\u00e1ch h\u00e0ng m\u1ed9t c\u00e1ch th\u00f4ng minh \u0111\u1ec3 d\u1ef1 \u0111o\u00e1n c\u00e1c c\u00f4ng vi\u1ec7c s\u1ebd \u0111\u01b0\u1ee3c y\u00eau c\u1ea7u th\u1ef1c hi\u1ec7n m\u00e0 kh\u00f4ng c\u1ea7n nh\u1eafc nh\u1edf. Tr\u01b0\u1eddng h\u1ee3p v\u1eadt t\u01b0 linh ki\u1ec7n s\u1eafp h\u1ebft, h\u1ec7 th\u1ed1ng s\u1ebd t\u1ef1 \u0111\u1ed9ng ph\u00e1t hi\u1ec7n v\u00e0 g\u1edfi th\u00f4ng b\u00e1o v\u1ec1 cho \u0111\u1ed9i ng\u0169 d\u1ecbch v\u1ee5 kh\u00e1ch h\u00e0ng, sau \u0111\u00f3 k\u1ef9 thu\u1eadt vi\u00ean s\u1ebd chuy\u1ec3n c\u00e1c v\u1eadt t\u01b0 ti\u00eau hao c\u1ea7n thi\u1ebft \u0111\u1ebfn kh\u00e1ch h\u00e0ng trong th\u1eddi gian s\u1edbm nh\u1ea5t. <sup>(4) <\/sup>B\u1eb1ng c\u00e1ch ti\u1ebfn h\u00e0nh sao l\u01b0u d\u1eef li\u1ec7u \u0111\u1ecbnh k\u1ef3, kh\u00e1ch h\u00e0ng ho\u00e0n to\u00e0n c\u00f3 th\u1ec3 y\u00ean t\u00e2m v\u1ec1 vi\u1ec7c truy xu\u1ea5t c\u00e0i \u0111\u1eb7t hi\u1ec7n c\u00f3 v\u00e0 th\u00f4ng tin quan tr\u1ecdng \u0111\u01b0\u1ee3c l\u01b0u tr\u1eef trong m\u00e1y MFP khi x\u1ea3y ra s\u1ef1 c\u1ed1 h\u1ec7 th\u1ed1ng kh\u00f4ng l\u01b0\u1eddng tr\u01b0\u1edbc. V\u1edbi d\u1ecbch v\u1ee5 t\u1eeb xa, gi\u1edd \u0111\u00e2y kh\u00e1ch h\u00e0ng c\u00f3 th\u1ec3 nh\u1eadn \u0111\u01b0\u1ee3c h\u1ed7 tr\u1ee3 k\u1ef9 thu\u1eadt t\u1eeb \u0111\u1ed9i ng\u0169 d\u1ecbch v\u1ee5 chuy\u00ean nghi\u1ec7p c\u1ee7a Konica Minolta, h\u01b0\u1edbng d\u1eabn v\u00e0 kh\u1eafc ph\u1ee5c s\u1ef1 c\u1ed1 t\u1ea1i ch\u1ed7. V\u1edbi h\u00ecnh th\u1ee9c n\u00e0y, ng\u01b0\u1eddi d\u00f9ng kh\u00f4ng c\u1ea7n lo l\u1eafng v\u1ec1 vi\u1ec7c s\u1eafp x\u1ebfp th\u1eddi gian v\u00e0 ch\u1edd \u0111\u1ee3i th\u1ee5 \u0111\u1ed9ng t\u1ea1i v\u0103n ph\u00f2ng trong th\u1eddi gian \u0111\u1ee3i k\u1ef9 thu\u1eadt vi\u00ean kh\u1eafc ph\u1ee5c s\u1ef1 c\u1ed1.<\/p>\n<p style=\"text-align: justify;\">\u0110\u1ec3 t\u00ecm hi\u1ec3u th\u00eam v\u1ec1 N\u1ec1n t\u1ea3ng d\u1ecbch v\u1ee5 t\u1eeb xa tr\u00ean to\u00e0n th\u1ebf gi\u1edbi, vui l\u00f2ng \u0111\u1ecdc th\u00eam t\u1ea1i:<\/p>\n<p style=\"text-align: justify;\"><a href=\"https:\/\/www.konicaminolta.vn\/business\/vertical-solutions\/worldwide-remote-service-platform\/\">https:\/\/www.konicaminolta.vn\/business\/en\/vertical-solutions\/worldwide-remote-service-platform\/<\/a><\/p>\n<p style=\"text-align: justify;\"><sup>1 <\/sup>https:\/\/towardsdatascience.com\/artificial-intelligence-what-is-it-actually-7733032083b1<\/p>\n<p style=\"text-align: justify;\"><sup>2<\/sup> https:\/\/hirinfotech.com\/6-valuable-benefits-of-a-back-office-automation-system\/<\/p>\n<p style=\"text-align: justify;\"><sup>3\u00a0<\/sup>https:\/\/www.analyticsinsight.net\/how-ai-automation-can-transform-tedious-office-tasks\/<\/p>\n<p style=\"text-align: justify;\"><sup>4 <\/sup><a href=\"https:\/\/www.konicaminolta.vn\/business\/en\/vertical-solutions\/worldwide-remote-service-platform\/\">https:\/\/www.konicaminolta.vn\/business\/en\/vertical-solutions\/worldwide-remote-service-platform\/<\/a><\/p>\n","protected":false},"excerpt":{"rendered":"<p>T\u1ef1 \u0111\u1ed9ng h\u00f3a v\u0103n ph\u00f2ng l\u00e0 m\u1ed9t thu\u1eadt ng\u1eef kh\u00e1 ph\u1ed5 bi\u1ebfn v\u1edbi nhi\u1ec1u doanh nghi\u1ec7p khi ti\u1ebfn h\u00e0nh chuy\u1ec3n \u0111\u1ed5i k\u1ef9 thu\u1eadt s\u1ed1. Tuy nhi\u00ean, ch\u00fang ta th\u1ef1c s\u1ef1 hi\u1ec3u bao nhi\u00eau v\u1ec1 l\u1ee3i \u00edch c\u1ee7a T\u1ef1 \u0111\u1ed9ng h\u00f3a v\u0103n ph\u00f2ng v\u00e0 c\u00e1ch th\u1ee9c th\u1ef1c hi\u1ec7n n\u00f3 nh\u01b0 th\u1ebf n\u00e0o \u0111\u1ec3 \u0111\u1ea1t \u0111\u01b0\u1ee3c m\u1ee5c<\/p>\n","protected":false},"author":1,"featured_media":0,"parent":0,"menu_order":0,"comment_status":"closed","ping_status":"closed","template":"","meta":{"footnotes":""},"class_list":["post-6823","page","type-page","status-publish","hentry"],"_links":{"self":[{"href":"https:\/\/www.konicaminolta.vn\/business\/wp-json\/wp\/v2\/pages\/6823","targetHints":{"allow":["GET"]}}],"collection":[{"href":"https:\/\/www.konicaminolta.vn\/business\/wp-json\/wp\/v2\/pages"}],"about":[{"href":"https:\/\/www.konicaminolta.vn\/business\/wp-json\/wp\/v2\/types\/page"}],"author":[{"embeddable":true,"href":"https:\/\/www.konicaminolta.vn\/business\/wp-json\/wp\/v2\/users\/1"}],"replies":[{"embeddable":true,"href":"https:\/\/www.konicaminolta.vn\/business\/wp-json\/wp\/v2\/comments?post=6823"}],"version-history":[{"count":4,"href":"https:\/\/www.konicaminolta.vn\/business\/wp-json\/wp\/v2\/pages\/6823\/revisions"}],"predecessor-version":[{"id":6840,"href":"https:\/\/www.konicaminolta.vn\/business\/wp-json\/wp\/v2\/pages\/6823\/revisions\/6840"}],"wp:attachment":[{"href":"https:\/\/www.konicaminolta.vn\/business\/wp-json\/wp\/v2\/media?parent=6823"}],"curies":[{"name":"wp","href":"https:\/\/api.w.org\/{rel}","templated":true}]}}