{"id":7064,"date":"2020-06-22T10:22:33","date_gmt":"2020-06-22T03:22:33","guid":{"rendered":"https:\/\/www.konicaminolta.vn\/business\/?page_id=7064"},"modified":"2022-08-09T09:49:37","modified_gmt":"2022-08-09T02:49:37","slug":"digital-manufacturing","status":"publish","type":"page","link":"https:\/\/www.konicaminolta.vn\/business\/innovative-technologies\/digital-manufacturing\/","title":{"rendered":"S\u1ea3n Xu\u1ea5t K\u1ef9 Thu\u1eadt S\u1ed1"},"content":{"rendered":"<div class=\"wpb-content-wrapper\"><p>[vc_row css=&#8221;.vc_custom_1513676264432{margin-top: -75px !important;}&#8221;][vc_column][vc_column_text]\n\t\t\t<!-- START Digital Manufacturing REVOLUTION SLIDER 6.6.19 --><p class=\"rs-p-wp-fix\"><\/p>\n\t\t\t<rs-module-wrap id=\"rev_slider_85_1_wrapper\" data-source=\"gallery\" style=\"visibility:hidden;background:transparent;padding:0;margin:0px auto;margin-top:0;margin-bottom:0;\">\n\t\t\t\t<rs-module id=\"rev_slider_85_1\" style=\"\" data-version=\"6.6.19\">\n\t\t\t\t\t<rs-slides style=\"overflow: hidden; position: absolute;\">\n\t\t\t\t\t\t<rs-slide style=\"position: absolute;\" data-key=\"rs-120\" data-title=\"Slide\" data-anim=\"adpr:false;\">\n\t\t\t\t\t\t\t<img decoding=\"async\" src=\"\/\/www.konicaminolta.vn\/business\/wp-content\/plugins\/revslider\/public\/assets\/assets\/dummy.png\" alt=\"\" title=\"S\u1ea3n Xu\u1ea5t K\u1ef9 Thu\u1eadt S\u1ed1\" class=\"rev-slidebg tp-rs-img rs-lazyload\" data-lazyload=\"\/\/www.konicaminolta.vn\/business\/wp-content\/uploads\/2020\/06\/DM-Banner_New.jpg\" data-parallax=\"off\" data-no-retina>\n<!---->\t\t\t\t\t\t<\/rs-slide>\n\t\t\t\t\t<\/rs-slides>\n\t\t\t\t<\/rs-module>\n\t\t\t\t<script>\n\t\t\t\t\tsetREVStartSize({c: 'rev_slider_85_1',rl:[1240,1024,778,480],el:[],gw:[1240,1024,778,480],gh:[600,600,500,400],type:'hero',justify:'',layout:'fullwidth',mh:\"0\"});if (window.RS_MODULES!==undefined && window.RS_MODULES.modules!==undefined && window.RS_MODULES.modules[\"revslider851\"]!==undefined) {window.RS_MODULES.modules[\"revslider851\"].once = false;window.revapi85 = undefined;if (window.RS_MODULES.checkMinimal!==undefined) window.RS_MODULES.checkMinimal()}\n\t\t\t\t<\/script>\n\t\t\t<\/rs-module-wrap>\n\t\t\t<!-- END REVOLUTION SLIDER -->\n[\/vc_column_text][\/vc_column][\/vc_row][vc_row][vc_column][vc_empty_space height=&#8221;15px&#8221;][\/vc_column][\/vc_row][vc_row][\/vc_row][vc_column 0=&#8221;&#8221;][vc_column_text 0=&#8221;&#8221;][vc_row][vc_column width=&#8221;1\/1&#8243;][vc_column_text]<\/p>\n<p style=\"text-align: justify;\">S\u1ef1 ph\u00e1t tri\u1ec3n c\u1ee7a c\u00f4ng ngh\u1ec7 c\u00f4ng nghi\u1ec7p k\u1ef9 thu\u1eadt s\u1ed1 m\u1edbi, \u0111\u01b0\u1ee3c g\u1ecdi l\u00e0 C\u00f4ng nghi\u1ec7p 4.0, l\u00e0 m\u1ed9t s\u1ef1 chuy\u1ec3n \u0111\u1ed5i cho ph\u00e9p thu th\u1eadp v\u00e0 ph\u00e2n t\u00edch d\u1eef li\u1ec7u tr\u00ean c\u00e1c m\u00e1y, cho ph\u00e9p c\u00e1c quy tr\u00ecnh nhanh h\u01a1n, linh ho\u1ea1t h\u01a1n v\u00e0 hi\u1ec7u qu\u1ea3 h\u01a1n \u0111\u1ec3 s\u1ea3n xu\u1ea5t h\u00e0ng h\u00f3a ch\u1ea5t l\u01b0\u1ee3ng cao h\u01a1n v\u1edbi chi ph\u00ed gi\u1ea3m. N\u00f3 \u0111\u00e3 d\u1eabn \u0111\u1ebfn s\u1ef1 gia t\u0103ng ch\u01b0a t\u1eebng th\u1ea5y v\u1ec1 t\u00ednh kh\u1ea3 d\u1ee5ng c\u1ee7a d\u1eef li\u1ec7u, s\u1ee9c m\u1ea1nh t\u00ednh to\u00e1n v\u00e0 k\u1ebft n\u1ed1i gi\u1eefa c\u00e1c l\u0129nh v\u1ef1c bao g\u1ed3m s\u1ea3n xu\u1ea5t v\u00e0 chu\u1ed7i cung \u1ee9ng.<\/p>\n<div id=\"map\">\n<div id=\"overlay\" class=\"overlay1\">\n<p>Cloud Computing<\/p>\n<p>L\u01b0u tr\u1eef v\u00e0 \u0111i\u1ec7n to\u00e1n \u0111\u00e1m m\u00e2y l\u00e0 c\u00e1c b\u00e1nh r\u0103ng ch\u00ednh trong m\u1ed9t nh\u00e0 m\u00e1y \u0111\u01b0\u1ee3c k\u1ebft n\u1ed1i do kh\u1ed1i l\u01b0\u1ee3ng d\u1eef li\u1ec7u kh\u1ed5ng l\u1ed3 \u0111\u01b0\u1ee3c t\u1ea1o ra. N\u1ec1n t\u1ea3ng ph\u00e2n t\u00edch Konica Minolta, cung c\u1ea5p m\u1ed9t ngu\u1ed3n s\u1ef1 th\u1eadt duy nh\u1ea5t v\u00e0 cho ph\u00e9p truy c\u1eadp v\u00e0 gi\u00e1m s\u00e1t t\u1eeb xa t\u1ea5t c\u1ea3 d\u1eef li\u1ec7u v\u00e0 h\u1ec7 th\u1ed1ng trong th\u1eddi gian th\u1ef1c, mang l\u1ea1i kh\u1ea3 n\u0103ng hi\u1ec3n th\u1ecb v\u00e0 \u0111\u1ed9 ch\u00ednh x\u00e1c cao cho ho\u1ea1t \u0111\u1ed9ng s\u1ea3n xu\u1ea5t v\u00e0 hi\u1ec7u qu\u1ea3.<\/p>\n<\/div>\n<div id=\"overlay\" class=\"overlay2\">\n<p>Cybersecurity<\/p>\n<p>Trong th\u1ebf gi\u1edbi ng\u00e0y nay li\u00ean k\u1ebft v\u1edbi nhau, c\u00e1c m\u1ed1i \u0111e d\u1ecda an ninh m\u1ea1ng \u0111\u00e3 tr\u1edf th\u00e0nh chu\u1ea9n m\u1ef1c tr\u00ean to\u00e0n th\u1ebf gi\u1edbi. Nh\u1eefng m\u1ed1i \u0111e d\u1ecda n\u00e0y li\u00ean t\u1ee5c ph\u00e1t tri\u1ec3n, v\u00e0 ch\u00fang ng\u00e0y c\u00e0ng tinh vi h\u01a1n m\u1ed7i ng\u00e0y. V\u1edbi gi\u1ea3i ph\u00e1p an ninh m\u1ea1ng \u0111\u00fang \u0111\u1eafn v\u00e0 to\u00e0n di\u1ec7n, c\u00e1c t\u1ed5 ch\u1ee9c c\u00f3 th\u1ec3 t\u1ef1 b\u1ea3o v\u1ec7 m\u00ecnh kh\u1ecfi c\u00e1c t\u00e1c \u0111\u1ed9ng c\u1ee7a c\u00e1c cu\u1ed9c t\u1ea5n c\u00f4ng m\u1ea1ng ho\u1eb7c vi ph\u1ea1m d\u1eef li\u1ec7u.<\/p>\n<\/div>\n<div id=\"overlay\" class=\"overlay3\">\n<p>Autonomous Robot<\/p>\n<p>T\u1ed1i \u01b0u h\u00f3a quy tr\u00ecnh c\u00f4ng vi\u1ec7c c\u1ee7a b\u1ea1n, t\u0103ng n\u0103ng su\u1ea5t v\u00e0 t\u1ea1o ra gi\u00e1 tr\u1ecb b\u1eb1ng c\u00e1ch g\u00e1n l\u1ea1i kh\u1ed1i l\u01b0\u1ee3ng c\u00f4ng vi\u1ec7c n\u1eb7ng n\u1ec1 l\u1eb7p \u0111i l\u1eb7p l\u1ea1i cho c\u00e1c robot t\u1ef1 tr\u1ecb. C\u00e1c nh\u00e0 s\u1ea3n xu\u1ea5t trong m\u1ed9t lo\u1ea1t c\u00e1c ng\u00e0nh v\u00e0 l\u0129nh v\u1ef1c \u0111\u00e3 \u00e1p d\u1ee5ng Robot di \u0111\u1ed9ng h\u1ee3p t\u00e1c do Konica Minolta cung c\u1ea5p \u0111\u1ec3 t\u1ef1 \u0111\u1ed9ng h\u00f3a v\u1eadn chuy\u1ec3n n\u1ed9i b\u1ed9 c\u1ee7a h\u1ecd v\u00e0 th\u00fac \u0111\u1ea9y t\u0103ng tr\u01b0\u1edfng kinh doanh.<\/p>\n<\/div>\n<div id=\"overlay\" class=\"overlay4\">\n<p>Artificial Intelligence (AI)<\/p>\n<p>V\u1edbi s\u1ef1 ti\u1ebfn b\u1ed9 c\u1ee7a AI do s\u1ee9c m\u1ea1nh t\u00ednh to\u00e1n cao h\u01a1n mang l\u1ea1i, c\u00e1c quy tr\u00ecnh d\u1ef1a tr\u00ean ph\u00e1n \u0111o\u00e1n c\u1ee7a con ng\u01b0\u1eddi v\u00e0 kh\u00f4ng c\u00f3 quy t\u1eafc r\u00f5 r\u00e0ng n\u00e0o c\u00f3 th\u1ec3 \u0111\u01b0\u1ee3c t\u1ef1 \u0111\u1ed9ng h\u00f3a th\u00f4ng qua h\u1ecdc t\u1eadp s\u00e2u. Konica Minolta \u0111\u00e3 \u00e1p d\u1ee5ng AI v\u00e0o gi\u1ea3i ph\u00e1p ki\u1ec3m tra tr\u1ef1c quan c\u1ee7a ch\u00fang t\u00f4i s\u1ebd khi\u1ebfn k\u1ebft qu\u1ea3 ki\u1ec3m tra kh\u00f4ng nh\u1ea5t qu\u00e1n ho\u1eb7c kh\u00f3 kh\u0103n trong vi\u1ec7c chuy\u1ec3n giao k\u1ef9 n\u0103ng gi\u1eefa c\u00e1c c\u00f4ng nh\u00e2n tr\u1edf th\u00e0nh qu\u00e1 kh\u1ee9.<\/p>\n<\/div>\n<div id=\"overlay\" class=\"overlay5\">\n<p>Industrial Internet of Things (IIoT)<\/p>\n<p>M\u1ecdi kh\u00eda c\u1ea1nh c\u1ee7a ho\u1ea1t \u0111\u1ed9ng s\u1ea3n xu\u1ea5t \u0111\u1ec1u c\u00f3 th\u1ec3 \u0111\u01b0\u1ee3c k\u1ebft n\u1ed1i b\u1edfi IIoT. IIoT cho ph\u00e9p gi\u00e1m s\u00e1t, thu th\u1eadp, trao \u0111\u1ed5i v\u00e0 ph\u00e2n t\u00edch d\u1eef li\u1ec7u c\u00f3 th\u1ec3 \u0111\u01b0\u1ee3c t\u1eadn d\u1ee5ng \u0111\u1ec3 t\u1ed1i \u01b0u h\u00f3a hi\u1ec7u qu\u1ea3 trong to\u00e0n b\u1ed9 ho\u1ea1t \u0111\u1ed9ng s\u1ea3n xu\u1ea5t. Konica Minolta cung c\u1ea5p m\u1ed9t k\u1ebft n\u1ed1i li\u1ec1n m\u1ea1ch v\u00e0 c\u1ed9ng t\u00e1c d\u1eef li\u1ec7u, m\u00e1y m\u00f3c v\u00e0 con ng\u01b0\u1eddi l\u00e0 n\u1ec1n t\u1ea3ng cho m\u1ed9t nh\u00e0 m\u00e1y \u0111\u01b0\u1ee3c k\u1ebft n\u1ed1i.<\/p>\n<\/div>\n<div id=\"overlay\" class=\"overlay6\">\n<p>Real-Time Optimization<\/p>\n<p>Th\u00f4ng qua vi\u1ec7c thu th\u1eadp d\u1eef li\u1ec7u th\u1eddi gian th\u1ef1c, c\u00e1c th\u00f4ng s\u1ed1 m\u00e1y c\u00f3 th\u1ec3 \u0111\u01b0\u1ee3c cung c\u1ea5p l\u1ea1i cho c\u00e1c h\u1ec7 th\u1ed1ng s\u1ea3n xu\u1ea5t cho ph\u00e9p tinh ch\u1ec9nh c\u00e1c \u0111i\u1ec1u ch\u1ec9nh nhanh ch\u00f3ng \u0111\u1ec3 \u0111\u1ea3m b\u1ea3o s\u1ea3n xu\u1ea5t ch\u1ea1y \u1edf m\u1ee9c t\u1ed1i \u01b0u v\u00e0 gi\u1ea3m thi\u1ec3u t\u1eeb ch\u1ed1i.<\/p>\n<\/div>\n<div id=\"overlay\" class=\"overlay7\">\n<p>Additive Manufacturing<\/p>\n<p>S\u1ea3n xu\u1ea5t ph\u1ee5 gia, c\u00f2n \u0111\u01b0\u1ee3c g\u1ecdi l\u00e0 in 3-D, \u0111\u01b0\u1ee3c s\u1eed d\u1ee5ng ch\u1ee7 y\u1ebfu \u0111\u1ec3 t\u1ea1o nguy\u00ean m\u1eabu v\u00e0 s\u1ea3n xu\u1ea5t c\u00e1c th\u00e0nh ph\u1ea7n ri\u00eang l\u1ebb. N\u00f3 cung c\u1ea5p l\u1ee3i th\u1ebf s\u1ea3n xu\u1ea5t chi ph\u00ed th\u1ea5p cho c\u00e1c thi\u1ebft k\u1ebf ph\u1ee9c t\u1ea1p c\u00f3 th\u1ec3 \u0111\u01b0\u1ee3c s\u1ea3n xu\u1ea5t trong nh\u00e0 thay v\u00ec gia c\u00f4ng chi ph\u00ed cao.<\/p>\n<\/div>\n<div id=\"overlay\" class=\"overlay8\">\n<p>System Integration<\/p>\n<p>S\u1ef1 t\u00edch h\u1ee3p li\u1ec1n m\u1ea1ch gi\u1eefa ph\u1ea7n m\u1ec1m, m\u00e1y v\u00e0 con ng\u01b0\u1eddi l\u00e0m t\u0103ng gi\u00e1 tr\u1ecb cho m\u1ed9t h\u1ec7 th\u1ed1ng b\u1eb1ng c\u00e1ch t\u1ea1o ra c\u00e1c ch\u1ee9c n\u0103ng m\u1edbi th\u00f4ng qua s\u1ef1 k\u1ebft h\u1ee3p gi\u1eefa c\u00e1c h\u1ec7 th\u1ed1ng ph\u1ee5 v\u00e0 \u1ee9ng d\u1ee5ng ph\u1ea7n m\u1ec1m. \u0110i\u1ec1u n\u00e0y l\u00e0m t\u0103ng t\u1ed1c \u0111\u1ed9, \u0111\u1ed9 tin c\u1eady v\u00e0 lu\u1ed3ng th\u00f4ng tin gi\u1eefa t\u1ea5t c\u1ea3 c\u00e1c h\u1ec7 th\u1ed1ng c\u1ee7a nh\u00e0 s\u1ea3n xu\u1ea5t. T\u1ea1i Konica Minolta, ch\u00fang t\u00f4i li\u00ean t\u1ee5c t\u1ed1i \u0111a h\u00f3a ki\u1ebfn th\u1ee9c v\u00e0 chuy\u00ean m\u00f4n trong ng\u00e0nh v\u00e0 theo k\u1ecbp c\u00e1c c\u00f4ng ngh\u1ec7 m\u1edbi nh\u1ea5t \u0111\u1ec3 gi\u00fap c\u00e1c nh\u00e0 s\u1ea3n xu\u1ea5t nh\u1eadn \u0111\u01b0\u1ee3c gi\u00e1 tr\u1ecb cao nh\u1ea5t t\u1eeb chuy\u1ec3n \u0111\u1ed5i k\u1ef9 thu\u1eadt s\u1ed1.<\/p>\n<\/div>\n<div id=\"overlay\" class=\"overlay9\">\n<p>Big Data<\/p>\n<p>Konica Minolta thu th\u1eadp x\u00e2y d\u1ef1ng D\u1eef li\u1ec7u l\u1edbn t\u1eeb nhi\u1ec1u ngu\u1ed3n kh\u00e1c nhau, thi\u1ebft b\u1ecb s\u1ea3n xu\u1ea5t v\u00e0 h\u1ec7 th\u1ed1ng, cho ph\u00e9p \u0111\u00e1nh gi\u00e1 to\u00e0n di\u1ec7n d\u1eef li\u1ec7u h\u1ed7 tr\u1ee3 ra quy\u1ebft \u0111\u1ecbnh th\u1eddi gian th\u1ef1c c\u0169ng nh\u01b0 b\u1ea3o tr\u00ec d\u1ef1 \u0111o\u00e1n.<\/p>\n<\/div>\n<p><img loading=\"lazy\" decoding=\"async\" class=\"aligncenter wp-image-6486 size-full\" src=\"\/business\/wp-content\/uploads\/2020\/06\/Digital-Manufacture_FA2.png\" alt=\"\" usemap=\"#image-map\" width=\"730\" height=\"730\" \/><\/p>\n<p>&nbsp;<\/p>\n<\/div>\n<p style=\"text-align: justify;\">T\u1ea1i Konica Minolta, ch\u00fang t\u00f4i tin r\u1eb1ng <b> c\u00e1c nh\u00e0 m\u00e1y \u0111\u01b0\u1ee3c k\u1ebft n\u1ed1i <\/b> s\u1ebd l\u00e0 trung t\u00e2m c\u1ee7a C\u00f4ng nghi\u1ec7p 4.0. S\u00e0n c\u1eeda h\u00e0ng c\u1ee7a nh\u00e0 m\u00e1y s\u1ebd ng\u00e0y c\u00e0ng t\u1ef1 \u0111\u1ed9ng h\u00f3a v\u00e0 s\u1ed1 h\u00f3a khi c\u00e1c m\u00e1y \u0111\u01b0\u1ee3c k\u1ebft n\u1ed1i v\u00e0 c\u00f3 th\u1ec3 giao ti\u1ebfp v\u1edbi nhau. \u0110i\u1ec1u n\u00e0y c\u1ea5p cho c\u00e1c nh\u00e0 s\u1ea3n xu\u1ea5t c\u00e1c quy tr\u00ecnh m\u01b0\u1ee3t m\u00e0 h\u01a1n v\u00e0 cho ph\u00e9p nh\u00e2n vi\u00ean t\u1eadp trung h\u01a1n v\u00e0o c\u00e1c nhi\u1ec7m v\u1ee5 kh\u00e1c. Cu\u1ed1i c\u00f9ng, c\u00e1c nh\u00e0 s\u1ea3n xu\u1ea5t c\u00f3 th\u1ec3 mong \u0111\u1ee3i th\u1ea5y <b> c\u00e1c quy tr\u00ecnh \u0111\u01b0\u1ee3c t\u1ed1i \u01b0u h\u00f3a <\/b>, <b> s\u1eed d\u1ee5ng t\u00e0i s\u1ea3n l\u1edbn h\u01a1n <\/b>, <b> gi\u00e1m s\u00e1t h\u00e0ng t\u1ed3n kho th\u1eddi gian th\u1ef1c <\/b>, <b> n\u0103ng su\u1ea5t lao \u0111\u1ed9ng cao h\u01a1n &lt;\/ b &gt; v\u00e0 <b> d\u1ecbch v\u1ee5 kh\u00e1ch h\u00e0ng \u0111\u01b0\u1ee3c c\u1ea3i thi\u1ec7n <\/b>.<\/b><\/p>\n<div class=\"vc_row wpb_row vc_inner vc_row-fluid\">\n<div class=\"wpb_column vc_column_container vc_col-sm-6\">\n<div class=\"vc_column-inner\">\n<div class=\"wpb_wrapper\">\n<div class=\"wpb_single_image wpb_content_element vc_align_left wpb_animate_when_almost_visible wpb_left-to-right left-to-right dm-download-product-brochure hide wpb_start_animation animated\">\n<figure class=\"wpb_wrapper vc_figure\">\n<div class=\"vc_single_image-wrapper vc_box_border_grey\"><img loading=\"lazy\" decoding=\"async\" class=\"vc_single_image-img attachment-full\" src=\"https:\/\/www.konicaminolta.sg\/business\/wp-content\/uploads\/2020\/04\/request.png\" sizes=\"auto, (max-width: 470px) 100vw, 470px\" srcset=\"https:\/\/www.konicaminolta.sg\/business\/wp-content\/uploads\/2020\/04\/request.png 470w, https:\/\/www.konicaminolta.sg\/business\/wp-content\/uploads\/2020\/04\/request-300x51.png 300w, https:\/\/www.konicaminolta.sg\/business\/wp-content\/uploads\/2020\/04\/request-180x31.png 180w\" alt=\"\" width=\"470\" height=\"80\" \/><\/div>\n<\/figure>\n<\/div>\n<div class=\"vc_btn3-container wpb_animate_when_almost_visible wpb_fadeInLeft fadeInLeft vc_btn3-center wpb_start_animation animated\"><a class=\"vc_general vc_btn3 vc_btn3-size-lg vc_btn3-shape-square vc_btn3-style-modern vc_btn3-block vc_btn3-color-primary\" title=\"\" href=\"https:\/\/www.konicaminolta.sg\/business\/download-form\/?d_link=https:\/\/www.konicaminolta.sg\/business\/wp-content\/uploads\/2020\/04\/Digital-Manufacture-Brochure-1.pdf\" target=\"_blank\" rel=\"noopener\">Request for Brochure<\/a><\/div>\n<\/div>\n<\/div>\n<\/div>\n<div class=\"wpb_column vc_column_container vc_col-sm-6\">\n<div class=\"vc_column-inner\">\n<div class=\"wpb_wrapper\">\n<div class=\"wpb_single_image wpb_content_element vc_align_left wpb_animate_when_almost_visible wpb_right-to-left right-to-left hide wpb_start_animation animated\">\n<figure class=\"wpb_wrapper vc_figure\"><a class=\"vc_single_image-wrapper vc_box_border_grey\" href=\"https:\/\/www.konicaminolta.sg\/business\/contact-us\/\" target=\"_self\"><img loading=\"lazy\" decoding=\"async\" class=\"vc_single_image-img attachment-full\" src=\"https:\/\/www.konicaminolta.sg\/business\/wp-content\/uploads\/2017\/10\/request-demo-btn.gif\" alt=\"\" width=\"470\" height=\"80\" \/><\/a><\/figure>\n<\/div>\n<div class=\"vc_btn3-container wpb_animate_when_almost_visible wpb_fadeInRight fadeInRight vc_btn3-center wpb_start_animation animated\"><a class=\"vc_general vc_btn3 vc_btn3-size-lg vc_btn3-shape-square vc_btn3-style-modern vc_btn3-block vc_btn3-color-primary\" title=\"\" href=\"https:\/\/www.konicaminolta.sg\/business\/contact-us\/\" target=\"_self\">Request for Demonstration<\/a><\/div>\n<\/div>\n<\/div>\n<\/div>\n<\/div>\n<div class=\"vc_row wpb_row vc_inner vc_row-fluid\">\n<div class=\"wpb_column vc_column_container vc_col-sm-12\">\n<div class=\"vc_column-inner\">\n<div class=\"wpb_raw_code wpb_content_element wpb_raw_html\">\n<map id=\"image-map\" name=\"image-map\">\n<area class=\"area\" style=\"cursor: pointer; outline: none;\" title=\"Additive Manufacturing\" alt=\"Additive Manufacturing\" coords=\"561, 449, 642, 523\" shape=\"rect\" \/>\n<area class=\"area\" style=\"cursor: pointer; outline: none;\" title=\"Artificial Intelligence (AI)\" alt=\"Artificial Intelligence (AI)\" coords=\"83, 440, 171, 531\" shape=\"rect\" \/>\n<area class=\"area\" style=\"cursor: pointer; outline: none;\" title=\"Industrial Internet of Things (IIoT)\" alt=\"Industrial Internet of Things (IIoT)\" coords=\"231, 572, 321, 647\" shape=\"rect\" \/>\n<area class=\"iiot\" style=\"cursor: pointer; outline: none;\" title=\"Real-Time Optimization\" alt=\"Real-Time Optimization\" coords=\"414, 573, 497, 651\" shape=\"rect\" \/>\n<area class=\"area\" style=\"cursor: pointer; outline: none;\" title=\"System Integration\" alt=\"System Integration\" coords=\"597, 252, 684, 343\" shape=\"rect\" \/>\n<area class=\"area\" style=\"cursor: pointer; outline: none;\" title=\"Big Data\" alt=\"Big Data\" coords=\"508, 100, 596, 187\" shape=\"rect\" \/>\n<area class=\"area\" style=\"cursor: pointer; outline: none;\" title=\"Cloud Computing\" alt=\"Cloud Computing\" coords=\"318, 33, 408, 124\" shape=\"rect\" \/>\n<area class=\"area\" style=\"cursor: pointer; outline: none;\" title=\"Cybersecurity\" alt=\"Cybersecurity\" coords=\"139, 97, 235, 185\" shape=\"rect\" \/>\n<area class=\"area\" style=\"cursor: pointer; outline: none;\" title=\"Autonomous Robot\" alt=\"Autonomous Robot\" coords=\"60, 259, 134, 343\" shape=\"rect\" \/> <\/map>\n<\/div>\n<\/div>\n<\/div>\n<\/div>\n<p>[\/vc_column_text][\/vc_column][vc_row][vc_column][vc_raw_js]JTNDc2NyaXB0JTIwdHlwZSUzRCUyMnRleHQlMkZqYXZhc2NyaXB0JTIyJTNFJTBBdmFyJTIwJTI0JTIwJTNEJTIwalF1ZXJ5JTNCJTBBJTI0JTI4JTI3YXJlYSUyNyUyOS5lYWNoJTI4ZnVuY3Rpb24lMjglMjklN0IlMEElMjAlMjAlMjAlMjB2YXIlMjBhcmVhJTIwJTNEJTIwJTI0JTI4dGhpcyUyOSUyQyUwQSUyMCUyMCUyMCUyMCUyMCUyMCUyMCUyMGRhdGElMjAlM0QlMjBhcmVhLmF0dHIlMjglMjdkYXRhJTI3JTI5JTNCJTBBJTIwJTIwJTIwJTIwYXJlYS5tb3VzZWVudGVyJTI4ZnVuY3Rpb24lMjglMjklN0IlMEElMjAlMjAlMjAlMjAlMjAlMjAlMjAlMjAlMjQlMjglMjcuJTI3JTJCZGF0YSUyOS5hZGRDbGFzcyUyOCUyMmFjdGl2ZSUyMiUyOSUzQiUwQSUyMCUyMCUyMCUyMCU3RCUyOS5tb3VzZWxlYXZlJTI4ZnVuY3Rpb24lMjglMjklN0IlMEElMjAlMjAlMjAlMjAlMjAlMjAlMjAlMjAlMjQlMjglMjcuJTI3JTJCZGF0YSUyOS5tb3VzZWVudGVyJTI4ZnVuY3Rpb24lMjglMjklN0IlMEElMjAlMjAlMjAlMjAlMjAlMjAlMjAlMjAlMjQlMjglMjcuJTI3JTJCZGF0YSUyOS5hZGRDbGFzcyUyOCUyMmFjdGl2ZSUyMiUyOSUzQiUwQSUyMCUyMCUyMCUyMCUyMCUyMCUyMCU3RCUyOS5tb3VzZWxlYXZlJTI4ZnVuY3Rpb24lMjglMjklN0IlMEElMjAlMjAlMjAlMjAlMjAlMjAlMjAlMjQlMjglMjcuJTI3JTJCZGF0YSUyOS5yZW1vdmVDbGFzcyUyOCUyMmFjdGl2ZSUyMiUyOSUzQiUwQSUyMCUyMCUyMCUyMCUyMCUyMCUyMCU3RCUyOSUwQSUyMCUyMCUyMCUyMCUyMCUyMCUyMCUyMCUyNCUyOCUyNy4lMjclMkJkYXRhJTI5LnJlbW92ZUNsYXNzJTI4JTIyYWN0aXZlJTIyJTI5JTNCJTBBJTIwJTIwJTIwJTIwJTIwJTIwJTIwJTIwJTBBJTIwJTIwJTIwJTIwJTdEJTI5JTNCJTBBJTIwJTIwJTIwJTBBJTdEJTI5JTNCJTBBJTI0JTI4JTIyLmRtLWRvd25sb2FkLXByb2R1Y3QtYnJvY2h1cmUlMjIlMjkuY2xpY2slMjhmdW5jdGlvbiUyOCUyOSU3QiUwQSUyMCUyMCUyMCUyNCUyOCUyMmJ1dHRvbiU1QmRhdGEtdGFyZ2V0JTNEJTI3JTIzcHJvZHVjdF9mb3JtJTI3JTVEJTIyJTI5LmNsaWNrJTI4JTI5JTNCJTBBJTdEJTI5JTNCJTBBJTNDJTJGc2NyaXB0JTNFJTBBJTNDc2NyaXB0JTIwc3JjJTNEJTIyaHR0cHMlM0ElMkYlMkZtYXR0c3Rvdy5jb20lMkZleHBlcmltZW50JTJGcmVzcG9uc2l2ZS1pbWFnZS1tYXBzJTJGanF1ZXJ5LnJ3ZEltYWdlTWFwcy5taW4uanMlMjIlM0UlM0MlMkZzY3JpcHQlM0UlMEElM0NzY3JpcHQlM0UlMEFqUXVlcnklMjhkb2N1bWVudCUyOS5yZWFkeSUyOGZ1bmN0aW9uJTI4alF1ZXJ5JTI5JTdCJTBBalF1ZXJ5JTI4JTI3aW1nJTVCdXNlbWFwJTVEJTI3JTI5LnJ3ZEltYWdlTWFwcyUyOCUyOSUwQSU3RCUyOSUzQiUwQSUzQyUyRnNjcmlwdCUzRQ==[\/vc_raw_js][\/vc_column][\/vc_row]<\/p>\n<\/div>","protected":false},"excerpt":{"rendered":"<p>[vc_row css=&#8221;.vc_custom_1513676264432{margin-top: -75px !important;}&#8221;][vc_column][vc_column_text][\/vc_column_text][\/vc_column][\/vc_row][vc_row][vc_column][vc_empty_space height=&#8221;15px&#8221;][\/vc_column][\/vc_row][vc_row][\/vc_row][vc_column 0=&#8221;&#8221;][vc_column_text 0=&#8221;&#8221;][vc_row][vc_column width=&#8221;1\/1&#8243;][vc_column_text] S\u1ef1 ph\u00e1t tri\u1ec3n c\u1ee7a c\u00f4ng ngh\u1ec7 c\u00f4ng nghi\u1ec7p k\u1ef9 thu\u1eadt s\u1ed1 m\u1edbi, \u0111\u01b0\u1ee3c g\u1ecdi l\u00e0 C\u00f4ng nghi\u1ec7p 4.0, l\u00e0 m\u1ed9t s\u1ef1 chuy\u1ec3n \u0111\u1ed5i cho ph\u00e9p thu th\u1eadp v\u00e0 ph\u00e2n t\u00edch d\u1eef li\u1ec7u tr\u00ean c\u00e1c m\u00e1y, cho ph\u00e9p c\u00e1c quy tr\u00ecnh nhanh h\u01a1n, linh ho\u1ea1t h\u01a1n v\u00e0 hi\u1ec7u<\/p>\n","protected":false},"author":1,"featured_media":0,"parent":5081,"menu_order":0,"comment_status":"closed","ping_status":"closed","template":"","meta":{"footnotes":""},"class_list":["post-7064","page","type-page","status-publish","hentry"],"_links":{"self":[{"href":"https:\/\/www.konicaminolta.vn\/business\/wp-json\/wp\/v2\/pages\/7064","targetHints":{"allow":["GET"]}}],"collection":[{"href":"https:\/\/www.konicaminolta.vn\/business\/wp-json\/wp\/v2\/pages"}],"about":[{"href":"https:\/\/www.konicaminolta.vn\/business\/wp-json\/wp\/v2\/types\/page"}],"author":[{"embeddable":true,"href":"https:\/\/www.konicaminolta.vn\/business\/wp-json\/wp\/v2\/users\/1"}],"replies":[{"embeddable":true,"href":"https:\/\/www.konicaminolta.vn\/business\/wp-json\/wp\/v2\/comments?post=7064"}],"version-history":[{"count":5,"href":"https:\/\/www.konicaminolta.vn\/business\/wp-json\/wp\/v2\/pages\/7064\/revisions"}],"predecessor-version":[{"id":9912,"href":"https:\/\/www.konicaminolta.vn\/business\/wp-json\/wp\/v2\/pages\/7064\/revisions\/9912"}],"up":[{"embeddable":true,"href":"https:\/\/www.konicaminolta.vn\/business\/wp-json\/wp\/v2\/pages\/5081"}],"wp:attachment":[{"href":"https:\/\/www.konicaminolta.vn\/business\/wp-json\/wp\/v2\/media?parent=7064"}],"curies":[{"name":"wp","href":"https:\/\/api.w.org\/{rel}","templated":true}]}}