{"id":7659,"date":"2021-03-18T14:38:22","date_gmt":"2021-03-18T07:38:22","guid":{"rendered":"https:\/\/www.konicaminolta.vn\/business\/?page_id=7659"},"modified":"2025-03-12T11:28:20","modified_gmt":"2025-03-12T04:28:20","slug":"chuong-trinh-thuc-tap","status":"publish","type":"page","link":"https:\/\/www.konicaminolta.vn\/business\/chuong-trinh-thuc-tap\/","title":{"rendered":"Ch\u01b0\u01a1ng tr\u00ecnh th\u1ef1c t\u1eadp"},"content":{"rendered":"<p style=\"text-align: center;\"><span style=\"font-size: 18pt; color: #0062c2;\"><strong>C\u00d4NG TY TNHH KONICA MINOLTA BUSINESS SOLUTIONS VI\u1ec6T NAM<\/strong><\/span><\/p>\n<p style=\"text-align: center;\"><span style=\"font-size: 18pt; color: #0062c2;\"><strong>Ch\u01b0\u01a1ng Tr\u00ecnh Th\u1ef1c T\u1eadp<\/strong><\/span><\/p>\n<p style=\"text-align: center;\"><span style=\"color: #c0167b; font-size: 14pt;\"><strong><em>H\u00e3y b\u1eaft \u0111\u1ea7u s\u1ef1 nghi\u1ec7p c\u1ee7a b\u1ea1n t\u1ea1i Konica Minolta!<\/em><\/strong><\/span><\/p>\n<p style=\"text-align: justify;\">Konica Minolta l\u00e0 t\u1eadp \u0111o\u00e0n c\u00f4ng ngh\u1ec7 to\u00e0n c\u1ea7u \u0111\u1ebfn t\u1eeb Nh\u1eadt B\u1ea3n v\u00e0 c\u00f3 h\u01a1n 100 n\u0103m l\u1ecbch s\u1eed kinh doanh trong l\u0129nh v\u1ef1c s\u1ea3n xu\u1ea5t v\u00e0 ph\u00e2n ph\u1ed1i c\u00e1c s\u1ea3n ph\u1ea9m &amp; d\u1ecbch v\u1ee5 thu\u1ed9c ng\u00e0nh c\u00f4ng ngh\u1ec7 in. (Tham kh\u1ea3o th\u00eam th\u00f4ng tin: <a href=\"https:\/\/www.konicaminolta.vn\/vn-en\/\">https:\/\/www.konicaminolta.vn\/vn-vi\/<\/a>)<\/p>\n<p style=\"text-align: justify;\">L\u00e0 m\u1ed9t trong nh\u1eefng c\u00f4ng ty h\u00e0ng \u0111\u1ea7u trong l\u0129nh v\u1ef1c in k\u1ef9 thu\u1eadt s\u1ed1 v\u00e0 c\u00e1c gi\u1ea3i ph\u00e1p c\u00f4ng ngh\u1ec7 s\u00e1ng t\u1ea1o, Konica Minolta cam k\u1ebft mang \u0111\u1ebfn nh\u1eefng s\u1ea3n ph\u1ea9m v\u00e0 d\u1ecbch v\u1ee5 c\u00f4ng ngh\u1ec7 t\u1ed1i \u01b0u nh\u1ea5t \u0111\u1ec3 h\u1ed7 tr\u1ee3 c\u00e1c doanh nghi\u1ec7p t\u1ea1i Vi\u1ec7t Nam. V\u1edbi nhi\u1ec1u s\u1ea3n ph\u1ea9m v\u00e0 d\u1ecbch v\u1ee5 \u0111a d\u1ea1ng cho t\u1eebng m\u1ea3ng kinh doanh, Konica Minolta kh\u00f4ng ng\u1eebng hi\u1ec7n \u0111\u1ea1i h\u00f3a v\u00e0 chuy\u00ean nghi\u1ec7p h\u00f3a m\u00f4i tr\u01b0\u1eddng c\u00f4ng s\u1edf c\u0169ng nh\u01b0 g\u00f3p ph\u1ea7n mang l\u1ea1i l\u1ee3i nhu\u1eadn cho c\u00e1c ho\u1ea1t \u0111\u1ed9ng kinh doanh trong ng\u00e0nh in \u1ea5n. C\u00e1c s\u1ea3n ph\u1ea9m c\u1ee7a Konica Minolta \u0111\u01b0\u1ee3c ch\u1ee9ng nh\u1eadn ti\u00eau chu\u1ea9n v\u1ec1 t\u00ednh th\u00e2n thi\u1ec7n v\u1edbi m\u00f4i tr\u01b0\u1eddng &amp; ti\u1ebft ki\u1ec7m n\u0103ng l\u01b0\u1ee3ng, \u0111\u1ed3ng th\u1eddi c\u00f3 kh\u1ea3 n\u0103ng cung c\u1ea5p c\u00e1c gi\u1ea3i ph\u00e1p t\u1ed1i \u01b0u m\u1ed9t c\u00e1ch hi\u1ec7u qu\u1ea3 nh\u1ea5t.<\/p>\n<p style=\"text-align: justify;\">D\u1ef1a tr\u00ean chi\u1ebfn l\u01b0\u1ee3c nh\u00e2n s\u1ef1 v\u00e0 tri\u1ebft l\u00fd c\u1ee7a T\u1eadp \u0111o\u00e0n Konica Minolta v\u1ec1 tr\u00e1ch nhi\u1ec7m x\u00e3 h\u1ed9i c\u0169ng nh\u01b0 s\u1ef1 \u0111\u00f3ng g\u00f3p cho c\u1ed9ng \u0111\u1ed3ng t\u1ea1i Vi\u1ec7t Nam, Konica Minolta r\u1ea5t vui khi \u0111\u01b0\u1ee3c ch\u00e0o \u0111\u00f3n nh\u1eefng \u1ee9ng vi\u00ean ti\u1ec1m n\u0103ng cho Ch\u01b0\u01a1ng tr\u00ecnh Th\u1ef1c t\u1eadp c\u1ee7a ch\u00fang t\u00f4i nh\u1eb1m m\u1ee5c \u0111\u00edch trau d\u1ed3i ngu\u1ed3n nh\u00e2n l\u1ef1c v\u00e0 thu h\u00fat nh\u00e2n t\u00e0i.<\/p>\n<p><span style=\"color: #0062c2;\"><strong>Ch\u01b0\u01a1ng tr\u00ecnh Th\u1ef1c t\u1eadp t\u1ea1i Konica Minolta<\/strong><\/span><\/p>\n<ul>\n<li>Sinh vi\u00ean l\u00e0m vi\u1ec7c t\u1ea1i c\u00f4ng ty \u0111\u1ec3 hi\u1ec3u v\u1ec1 ho\u1ea1t \u0111\u1ed9ng kinh doanh, h\u1ecdc h\u1ecfi t\u1eeb s\u1ef1 ph\u1ed1i h\u1ee3p v\u1edbi \u0111\u1ed3ng nghi\u1ec7p Konica Minolta (50% l\u00e0m vi\u1ec7c, 50% h\u1ecdc t\u1eadp)<\/li>\n<li>Th\u1eddi gian th\u1ef1c t\u1eadp: 03 th\u00e1ng<\/li>\n<li>Ch\u01b0\u01a1ng tr\u00ecnh Th\u1ef1c t\u1eadp \u0111\u01b0\u1ee3c tri\u1ec3n khai h\u00e0ng qu\u00fd t\u1eeb c\u00e1c ph\u00f2ng ban kh\u00e1c nhau<\/li>\n<li>Th\u1eddi gian l\u00e0m vi\u1ec7c: 08:30 &#8211; 17:30 t\u1eeb Th\u1ee9 Hai &#8211; Th\u1ee9 S\u00e1u<\/li>\n<\/ul>\n<p><span style=\"color: #0062c2;\"><strong>\u0110\u1ecba \u0111i\u1ec3m l\u00e0m vi\u1ec7c:<\/strong><\/span><\/p>\n<ul>\n<li>V\u0103n ph\u00f2ng tr\u1ee5 s\u1edf ch\u00ednh TP. HCM: T\u1ea7ng 2, Pearl 5 Tower, 05 L\u00ea Qu\u00fd \u0110\u00f4n , Ph\u01b0\u1eddng V\u00f5 Th\u1ecb S\u00e1u, Q.3, TP. H\u1ed3 Ch\u00ed Minh.<\/li>\n<li>V\u0103n ph\u00f2ng H\u00e0 N\u1ed9i: T\u1ea7ng 19, T\u00f2a nh\u00e0 Th\u0103ng Long, s\u1ed1 98 Ng\u1ee5y Nh\u01b0 Kon Tum, Ph\u01b0\u1eddng Nh\u00e2n Ch\u00ednh, Qu\u1eadn Thanh Xu\u00e2n, TP. H\u00e0 N\u1ed9i.<\/li>\n<li>V\u0103n ph\u00f2ng \u0110\u00e0 N\u1eb5ng: T\u1ea7ng 5, T\u00f2a nh\u00e0 \u0110\u1ed7 Gia, T\u1ea7ng 5, s\u1ed1 685 Ng\u00f4 Quy\u1ec1n, S\u01a1n Tr\u00e0, TP. \u0110\u00e0 N\u1eb5ng.<\/li>\n<\/ul>\n<p><span style=\"color: #0062c2;\"><strong>Y\u00eau c\u1ea7u chung:<\/strong><\/span><\/p>\n<ul>\n<li>Sinh vi\u00ean n\u0103m cu\u1ed1i \u0111\u1ea1i h\u1ecdc<\/li>\n<li>Ch\u0103m ch\u1ec9, n\u0103ng \u0111\u1ed9ng, kh\u1ea3 n\u0103ng l\u00e0m vi\u1ec7c nh\u00f3m t\u1ed1t<\/li>\n<li>C\u00f3 tinh th\u1ea7n h\u1ecdc h\u1ecfi nhi\u1ec1u ki\u1ebfn \u200b\u200bth\u1ee9c v\u00e0 kinh nghi\u1ec7m m\u1edbi<\/li>\n<li>Nhi\u1ec7t t\u00ecnh, lu\u00f4n th\u1ec3 hi\u1ec7n th\u00e1i \u0111\u1ed9 \u201cc\u00f3 th\u1ec3 l\u00e0m \u0111\u01b0\u1ee3c\u201d<\/li>\n<li>Giao ti\u1ebfp t\u1ed1t c\u1ea3 ti\u1ebfng Anh l\u1eabn ti\u1ebfng Vi\u1ec7t<\/li>\n<\/ul>\n<p><span style=\"color: #0062c2;\"><strong>Quy\u1ec1n l\u1ee3i \u0111\u01b0\u1ee3c nh\u1eadn:<\/strong><\/span><\/p>\n<ul>\n<li>C\u01a1 h\u1ed9i h\u1ecdc h\u1ecfi v\u00e0 l\u00e0m vi\u1ec7c t\u1ea1i c\u00f4ng ty v\u1edbi quy m\u00f4 qu\u1ed1c t\u1ebf<\/li>\n<li>Nghi\u00ean c\u1ee9u v\u1ec1 c\u00e1c s\u1ea3n ph\u1ea9m \/ d\u1ecbch v\u1ee5 c\u00f4ng ngh\u1ec7 cao<\/li>\n<li>Tr\u1ea3i nghi\u1ec7m m\u00f4i tr\u01b0\u1eddng l\u00e0m vi\u1ec7c chuy\u00ean nghi\u1ec7p<\/li>\n<li>Ph\u1ee5 c\u1ea5p 3.000.000 \u0111\u1ed3ng\/th\u00e1ng<\/li>\n<li>Tham d\u1ef1 c\u00e1c s\u1ef1 ki\u1ec7n c\u1ee7a c\u00f4ng ty: sinh nh\u1eadt m\u1ed7i th\u00e1ng, ti\u1ec7c h\u00e0ng qu\u00fd, v.v\u2026<\/li>\n<\/ul>\n<p><span style=\"color: #0062c2;\"><strong>Quy tr\u00ecnh tuy\u1ec3n d\u1ee5ng:<\/strong><\/span><\/p>\n<p>1.<span style=\"color: #ffffff;\">.<\/span>G\u1eedi th\u00f4ng tin \u0111\u0103ng k\u00fd \u1ee9ng tuy\u1ec3n \u0111\u1ebfn Ph\u00f2ng Nh\u00e2n s\u1ef1 qua \u0111\u1ecba ch\u1ec9 email: <a href=\"mailto:thao.nguyenthithu@konicaminolta.com\">thao.nguyenthithu@konicaminolta.com<\/a> v\u00e0\/ho\u1eb7c <a href=\"mailto:ha.lethithu@konicaminolta.com\">ha.lethithu@konicaminolta.com<\/a><\/p>\n<p>2.\u00a0\u0110\u00e1nh gi\u00e1 n\u0103ng l\u1ef1c qua v\u00f2ng ph\u1ecfng v\u1ea5n<\/p>\n<p>3.\u00a0Th\u1ea3o lu\u1eadn v\u00e0\u00a0 l\u1ef1a ch\u1ecdn b\u1ed9 ph\u1eadn v\u00e0 v\u1ecb tr\u00ed ph\u00f9 h\u1ee3p trong c\u00f4ng ty<\/p>\n<p>4.\u00a0Nh\u1eadn th\u00f4ng b\u00e1o tr\u00fang tuy\u1ec3n<\/p>\n<h2 style=\"text-align: center;\"><a href=\"marketing.vietnam@konicaminolta.com\"><span style=\"color: #009eb7;\">\u0110\u0102NG K\u00dd CH\u01af\u01a0NG TR\u00ccNH TH\u1ef0C T\u1eacP NGAY T\u1eea B\u00c2Y GI\u1edc<\/span><\/a><\/h2>\n","protected":false},"excerpt":{"rendered":"<p>C\u00d4NG TY TNHH KONICA MINOLTA BUSINESS SOLUTIONS VI\u1ec6T NAM Ch\u01b0\u01a1ng Tr\u00ecnh Th\u1ef1c T\u1eadp H\u00e3y b\u1eaft \u0111\u1ea7u s\u1ef1 nghi\u1ec7p c\u1ee7a b\u1ea1n t\u1ea1i Konica Minolta! Konica Minolta l\u00e0 t\u1eadp \u0111o\u00e0n c\u00f4ng ngh\u1ec7 to\u00e0n c\u1ea7u \u0111\u1ebfn t\u1eeb Nh\u1eadt B\u1ea3n v\u00e0 c\u00f3 h\u01a1n 100 n\u0103m l\u1ecbch s\u1eed kinh doanh trong l\u0129nh v\u1ef1c s\u1ea3n xu\u1ea5t v\u00e0 ph\u00e2n ph\u1ed1i c\u00e1c s\u1ea3n<\/p>\n","protected":false},"author":1,"featured_media":0,"parent":0,"menu_order":0,"comment_status":"closed","ping_status":"closed","template":"","meta":{"footnotes":""},"class_list":["post-7659","page","type-page","status-publish","hentry"],"_links":{"self":[{"href":"https:\/\/www.konicaminolta.vn\/business\/wp-json\/wp\/v2\/pages\/7659","targetHints":{"allow":["GET"]}}],"collection":[{"href":"https:\/\/www.konicaminolta.vn\/business\/wp-json\/wp\/v2\/pages"}],"about":[{"href":"https:\/\/www.konicaminolta.vn\/business\/wp-json\/wp\/v2\/types\/page"}],"author":[{"embeddable":true,"href":"https:\/\/www.konicaminolta.vn\/business\/wp-json\/wp\/v2\/users\/1"}],"replies":[{"embeddable":true,"href":"https:\/\/www.konicaminolta.vn\/business\/wp-json\/wp\/v2\/comments?post=7659"}],"version-history":[{"count":4,"href":"https:\/\/www.konicaminolta.vn\/business\/wp-json\/wp\/v2\/pages\/7659\/revisions"}],"predecessor-version":[{"id":11166,"href":"https:\/\/www.konicaminolta.vn\/business\/wp-json\/wp\/v2\/pages\/7659\/revisions\/11166"}],"wp:attachment":[{"href":"https:\/\/www.konicaminolta.vn\/business\/wp-json\/wp\/v2\/media?parent=7659"}],"curies":[{"name":"wp","href":"https:\/\/api.w.org\/{rel}","templated":true}]}}