{"id":8508,"date":"2021-07-28T13:39:43","date_gmt":"2021-07-28T06:39:43","guid":{"rendered":"https:\/\/www.konicaminolta.vn\/business\/?page_id=8508"},"modified":"2021-09-09T15:46:18","modified_gmt":"2021-09-09T08:46:18","slug":"workplace-of-the-future","status":"publish","type":"page","link":"https:\/\/www.konicaminolta.vn\/business\/workplace-of-the-future\/","title":{"rendered":"Kh\u00f4ng Gian L\u00e0m Vi\u1ec7c T\u01b0\u01a1ng Lai"},"content":{"rendered":"<div class=\"wpb-content-wrapper\"><p>[vc_row 0=&#8221;&#8221;][vc_column 0=&#8221;&#8221;][vc_column_text 0=&#8221;&#8221;]\n\t\t\t<!-- START workplaceofthefuture REVOLUTION SLIDER 6.6.19 --><p class=\"rs-p-wp-fix\"><\/p>\n\t\t\t<rs-module-wrap id=\"rev_slider_87_1_wrapper\" data-source=\"gallery\" style=\"visibility:hidden;background:transparent;padding:0;margin:0px auto;margin-top:0;margin-bottom:0;\">\n\t\t\t\t<rs-module id=\"rev_slider_87_1\" style=\"\" data-version=\"6.6.19\">\n\t\t\t\t\t<rs-slides style=\"overflow: hidden; position: absolute;\">\n\t\t\t\t\t\t<rs-slide style=\"position: absolute;\" data-key=\"rs-138\" data-title=\"Slide\" data-anim=\"adpr:false;\">\n\t\t\t\t\t\t\t<img decoding=\"async\" src=\"\/\/www.konicaminolta.vn\/business\/wp-content\/plugins\/revslider\/public\/assets\/assets\/dummy.png\" alt=\"\" title=\"Kh\u00f4ng Gian L\u00e0m Vi\u1ec7c T\u01b0\u01a1ng Lai\" class=\"rev-slidebg tp-rs-img rs-lazyload\" data-lazyload=\"\/\/www.konicaminolta.vn\/business\/wp-content\/uploads\/2021\/07\/Rethink-Workplace-of-the-Future_Webpage-Banner.jpg\" data-bg=\"p:center top;f:100% 80%;\" data-parallax=\"off\" data-no-retina>\n<!---->\t\t\t\t\t\t<\/rs-slide>\n\t\t\t\t\t<\/rs-slides>\n\t\t\t\t<\/rs-module>\n\t\t\t\t<script>\n\t\t\t\t\tsetREVStartSize({c: 'rev_slider_87_1',rl:[1240,1024,778,480],el:[],gw:[1300],gh:[450],type:'hero',justify:'',layout:'fullwidth',mh:\"0\"});if (window.RS_MODULES!==undefined && window.RS_MODULES.modules!==undefined && window.RS_MODULES.modules[\"revslider871\"]!==undefined) {window.RS_MODULES.modules[\"revslider871\"].once = false;window.revapi87 = undefined;if (window.RS_MODULES.checkMinimal!==undefined) window.RS_MODULES.checkMinimal()}\n\t\t\t\t<\/script>\n\t\t\t<\/rs-module-wrap>\n\t\t\t<!-- END REVOLUTION SLIDER -->\n[\/vc_column_text][\/vc_column][\/vc_row][vc_row 0=&#8221;&#8221;][vc_column 0=&#8221;&#8221;][vc_empty_space 0=&#8221;&#8221;][vc_column_text 0=&#8221;&#8221;]<\/p>\n<h2 style=\"text-align: center;\"><span style=\"font-size: 24pt;\">TH\u1ebe GI\u1edaI C\u00d4NG VI\u1ec6C \u0110ANG THAY \u0110\u1ed4I NHANH CH\u00d3NG<br \/>\n<\/span><\/h2>\n<p>[\/vc_column_text][\/vc_column][\/vc_row][vc_row 0=&#8221;&#8221;][vc_column 0=&#8221;&#8221;][vc_column_text 0=&#8221;&#8221;]Th\u00edch \u1ee9ng v\u1edbi m\u00f4i tr\u01b0\u1eddng m\u1edbi n\u00e0y l\u00e0 r\u1ea5t quan tr\u1ecdng \u0111\u1ed1i v\u1edbi s\u1ef1 li\u00ean t\u1ee5c c\u1ee7a doanh nghi\u1ec7p. \u0110i\u1ec1u &#8216;b\u00ecnh th\u01b0\u1eddng&#8217; m\u1edbi n\u00e0y mang \u0111\u1ebfn nh\u1eefng th\u00e1ch th\u1ee9c th\u00fa v\u1ecb, n\u1ebfu \u0111i\u1ec1u h\u01b0\u1edbng th\u00e0nh c\u00f4ng, s\u1ebd gi\u00fap doanh nghi\u1ec7p c\u1ee7a b\u1ea1n g\u1eb7t h\u00e1i \u0111\u01b0\u1ee3c th\u00e0nh qu\u1ea3. T\u1ea1i Konica Minolta, ch\u00fang t\u00f4i \u1edf \u0111\u00e2y \u0111\u1ec3 gi\u00fap b\u1ea1n suy ngh\u0129 l\u1ea1i v\u1ec1 n\u01a1i l\u00e0m vi\u1ec7c; b\u1ea3o v\u1ec7 doanh nghi\u1ec7p, nh\u00e2n vi\u00ean v\u00e0 kh\u00e1ch h\u00e0ng c\u1ee7a b\u1ea1n. Cho d\u00f9 \u0111\u00f3 l\u00e0 thi\u1ebft l\u1eadp c\u00e1c y\u00eau c\u1ea7u m\u1edbi v\u1ec1 s\u1ee9c kh\u1ecfe v\u00e0 an to\u00e0n, \u0111\u1ea3m b\u1ea3o m\u00f4i tr\u01b0\u1eddng l\u00e0m vi\u1ec7c t\u1eeb xa hay tu\u00e2n th\u1ee7 quy \u0111\u1ecbnh, ch\u00fang t\u00f4i \u0111\u1ec1u gi\u00fap b\u1ea1n.<br \/>\n[\/vc_column_text][vc_empty_space 0=&#8221;&#8221;][vc_row_inner el_id=&#8221;three-column&#8221;][vc_column_inner el_class=&#8221;card-1&#8243; width=&#8221;1\/3&#8243;][vc_column_text el_class=&#8221;class-title&#8221;]<\/p>\n<h4>RETURN TO WORK<\/h4>\n<p>[\/vc_column_text][vc_column_text el_class=&#8221;class-text&#8221;]M\u1ed9t gi\u1ea3i ph\u00e1p to\u00e0n di\u1ec7n, t\u1eeb \u0111\u1ea7u \u0111\u1ebfn cu\u1ed1i, \u0111\u01b0\u1ee3c thi\u1ebft k\u1ebf \u0111\u1ec3 cho ph\u00e9p tr\u1edf l\u1ea1i v\u0103n ph\u00f2ng m\u1ed9t c\u00e1ch an to\u00e0n[\/vc_column_text][vc_btn title=&#8221;XEM TH\u00caM&#8221; color=&#8221;default&#8221; size=&#8221;sm&#8221; link=&#8221;url:https%3A%2F%2Fwww.konicaminolta.vn%2Fbusiness%2Freturn-to-work%2F|||&#8221;][\/vc_column_inner][vc_column_inner el_class=&#8221;card-2&#8243; width=&#8221;1\/3&#8243;][vc_column_text el_class=&#8221;class-title&#8221;]<\/p>\n<h4>REMOTE WORK<\/h4>\n<p>[\/vc_column_text][vc_column_text el_class=&#8221;class-text&#8221;]M\u1ed9t B\u1ed9 c\u00f4ng c\u1ee5 thi\u1ebft y\u1ebfu \u0111\u01b0\u1ee3c t\u1ea1o ra \u0111\u1ec3 h\u1ed7 tr\u1ee3 n\u01a1i l\u00e0m vi\u1ec7c k\u1ebft h\u1ee3p v\u1edbi s\u1ef1 c\u1ed9ng t\u00e1c v\u00e0 n\u0103ng su\u1ea5t[\/vc_column_text][vc_btn title=&#8221;XEM TH\u00caM&#8221; color=&#8221;default&#8221; size=&#8221;sm&#8221; link=&#8221;url:https%3A%2F%2Fwww.konicaminolta.vn%2Fbusiness%2Fremote-work%2F|||&#8221;][\/vc_column_inner][vc_column_inner el_class=&#8221;card-3&#8243; width=&#8221;1\/3&#8243;][vc_column_text el_class=&#8221;class-title&#8221;]<\/p>\n<h4>INDUSTRY TECHNOLOGIES REDEFINED<\/h4>\n<p>[\/vc_column_text][vc_column_text el_class=&#8221;class-text&#8221;]T\u1eadp h\u1ee3p m\u1ecdi ng\u01b0\u1eddi, \u0111\u1ecba \u0111i\u1ec3m v\u00e0 thi\u1ebft b\u1ecb c\u1ee7a b\u1ea1n m\u1ed9t c\u00e1ch linh ho\u1ea1t v\u1edbi c\u00e1c c\u00f4ng ngh\u1ec7 l\u00e0m vi\u1ec7c s\u00e1ng t\u1ea1o[\/vc_column_text][vc_btn title=&#8221;XEM TH\u00caM&#8221; color=&#8221;default&#8221; size=&#8221;sm&#8221; link=&#8221;url:https%3A%2F%2Fwww.konicaminolta.vn%2Fbusiness%2Findustry-technologies-redefined%2F|||&#8221;][\/vc_column_inner][\/vc_row_inner][\/vc_column][\/vc_row][vc_row 0=&#8221;&#8221;][vc_column 0=&#8221;&#8221;][vc_empty_space 0=&#8221;&#8221;][\/vc_column][\/vc_row][vc_row 0=&#8221;&#8221;][vc_column 0=&#8221;&#8221;][vc_column_text 0=&#8221;&#8221;]<\/p>\n<h2 style=\"text-align: center; font-size: 14pt; margin-top: 10px;\"><span style=\"font-size: 18pt;\">B\u1ea0N MU\u1ed0N BI\u1ebeT TH\u00caM?<\/span><\/h2>\n<p style=\"text-align: center; margin-top: -20px;\">Kh\u00e1m ph\u00e1 c\u00e1c t\u00f9y ch\u1ecdn c\u1ee7a b\u1ea1n v\u00e0 h\u1ecfi ch\u00fang t\u00f4i v\u1ec1 ch\u00fang. Ch\u00fang t\u00f4i s\u1ebd \u0111\u01b0a b\u1ea1n \u0111\u1ebfn n\u01a1i b\u1ea1n c\u1ea7n.<\/p>\n<p>[\/vc_column_text][\/vc_column][\/vc_row][vc_row 0=&#8221;&#8221;][vc_column 0=&#8221;&#8221;][vc_btn title=&#8221;Li\u00ean h\u1ec7 v\u1edbi ch\u00fang t\u00f4i h\u00f4m nay&#8221; color=&#8221;primary&#8221; align=&#8221;center&#8221; link=&#8221;url:https%3A%2F%2Fwww.konicaminolta.vn%2Fbusiness%2Fcontact-us%2F%23singapore-enquiryffdb-b63a%20|||&#8221;][\/vc_column][\/vc_row][vc_row 0=&#8221;&#8221;][vc_column 0=&#8221;&#8221;][vc_empty_space 0=&#8221;&#8221;][\/vc_column][\/vc_row][vc_row full_width=&#8221;stretch_row_content_no_spaces&#8221; el_class=&#8221;two-row&#8221; el_id=&#8221;exludefromfootercolor&#8221;][vc_column width=&#8221;1\/4&#8243;][\/vc_column][vc_column width=&#8221;1\/4&#8243;][vc_single_image image=&#8221;8513&#8243; img_size=&#8221;full&#8221; alignment=&#8221;center&#8221; onclick=&#8221;custom_link&#8221; link=&#8221;https:\/\/www.konicaminolta.sg\/business\/about\/covid19-update\/&#8221;][vc_column_text 0=&#8221;&#8221;]<\/p>\n<p style=\"text-align: center;\"><strong>COVID-19 Update<\/strong><\/p>\n<p>[\/vc_column_text][\/vc_column][vc_column width=&#8221;1\/4&#8243;][vc_single_image image=&#8221;8514&#8243; img_size=&#8221;full&#8221; alignment=&#8221;center&#8221; onclick=&#8221;custom_link&#8221; link=&#8221;https:\/\/www.konicaminolta.sg\/business\/wp-content\/uploads\/2020\/06\/MFP-Maintenance-.pdf&#8221;][vc_column_text 0=&#8221;&#8221;]<\/p>\n<p style=\"text-align: center;\"><strong>Ways to Keep your MFP Virus Free<\/strong><\/p>\n<p>[\/vc_column_text][\/vc_column][vc_column width=&#8221;1\/4&#8243;][\/vc_column][\/vc_row][vc_row 0=&#8221;&#8221;][vc_column 0=&#8221;&#8221;][vc_empty_space 0=&#8221;&#8221;][\/vc_column][\/vc_row][vc_row el_class=&#8221;border-gg&#8221;][vc_column 0=&#8221;&#8221;][vc_column_text 0=&#8221;&#8221;]<\/p>\n<h3 style=\"text-align: center;\"><a href=\"https:\/\/www.konicaminolta.vn\/business\/about\/news\/\">B\u1ea4M V\u00c0O \u0110\u00c2Y NH\u1eacN T\u1ea4T C\u1ea2 C\u00c1C TIN T\u1ee8C M\u1edaI NH\u1ea4T V\u00c0 L\u01afU \u00dd TH\u00d4NG TIN<\/a><\/h3>\n<p>[\/vc_column_text][\/vc_column][vc_column width=&#8221;1\/3&#8243;][vc_column_text 0=&#8221;&#8221;]<a href=\"https:\/\/www.konicaminolta.vn\/business\/innovative-technologies\/how-imaging-iot-monitoring-devices-can-keep-us-safe\/\"><img loading=\"lazy\" decoding=\"async\" class=\"vc_single_image-img attachment-full\" src=\"https:\/\/konicaminolta.s1.clickrlabs.com\/business\/wp-content\/uploads\/2020\/10\/Iot-Thumbnail-1-resized.jpg\" sizes=\"auto, (max-width: 1024px) 100vw, 1024px\" srcset=\"https:\/\/konicaminolta.s1.clickrlabs.com\/business\/wp-content\/uploads\/2020\/10\/Iot-Thumbnail-1-resized.jpg 1024w, https:\/\/konicaminolta.s1.clickrlabs.com\/business\/wp-content\/uploads\/2020\/10\/Iot-Thumbnail-1-resized-300x129.jpg 300w, https:\/\/konicaminolta.s1.clickrlabs.com\/business\/wp-content\/uploads\/2020\/10\/Iot-Thumbnail-1-resized-768x332.jpg 768w, https:\/\/konicaminolta.s1.clickrlabs.com\/business\/wp-content\/uploads\/2020\/10\/Iot-Thumbnail-1-resized-600x259.jpg 600w\" alt=\"\" width=\"1024\" height=\"442\" \/><\/a>[\/vc_column_text][vc_column_text 0=&#8221;&#8221;]<strong>C\u00e1ch thi\u1ebft b\u1ecb gi\u00e1m s\u00e1t h\u00ecnh \u1ea3nh-IoT c\u00f3 th\u1ec3 gi\u1eef cho ch\u00fang ta an to\u00e0n<\/strong>[\/vc_column_text][vc_column_text 0=&#8221;&#8221;]V\u00ec ch\u00fang t\u00f4i s\u1ebd ti\u1ebfp t\u1ee5c ho\u1ea1t \u0111\u1ed9ng kinh doanh sau khi b\u00e3i kh\u00f3a, n\u00ean vi\u1ec7c t\u1ef1 \u0111\u1ed9ng h\u00f3a c\u00e1c bi\u1ec7n ph\u00e1p nh\u01b0 \u0111o nhi\u1ec7t \u0111\u1ed9 v\u00e0 gi\u1eef kho\u1ea3ng c\u00e1ch x\u00e3 h\u1ed9i c\u00f3 th\u1ec3 kh\u00e1 c\u1ea7n thi\u1ebft v\u00ec ch\u00fang s\u1ebd l\u00e0 m\u1ed9t ph\u1ea7n trong cu\u1ed9c s\u1ed1ng c\u1ee7a ch\u00fang t\u00f4i.[\/vc_column_text][vc_column_text 0=&#8221;&#8221;]<a href=\"https:\/\/www.konicaminolta.vn\/business\/innovative-technologies\/how-imaging-iot-monitoring-devices-can-keep-us-safe\/\">Xem th\u00eam<\/a>[\/vc_column_text][\/vc_column][vc_column width=&#8221;1\/3&#8243;][vc_column_text 0=&#8221;&#8221;]<a href=\"https:\/\/www.konicaminolta.vn\/business\/blog\/how-office-automation-is-transforming-businesses-today\/\"><img loading=\"lazy\" decoding=\"async\" class=\"vc_single_image-img attachment-full\" src=\"https:\/\/konicaminolta.s1.clickrlabs.com\/business\/wp-content\/uploads\/2020\/10\/Office-Automation_Thumbnail-resized.jpg\" sizes=\"auto, (max-width: 1024px) 100vw, 1024px\" srcset=\"https:\/\/konicaminolta.s1.clickrlabs.com\/business\/wp-content\/uploads\/2020\/10\/Office-Automation_Thumbnail-resized.jpg 1024w, https:\/\/konicaminolta.s1.clickrlabs.com\/business\/wp-content\/uploads\/2020\/10\/Office-Automation_Thumbnail-resized-300x129.jpg 300w, https:\/\/konicaminolta.s1.clickrlabs.com\/business\/wp-content\/uploads\/2020\/10\/Office-Automation_Thumbnail-resized-768x332.jpg 768w, https:\/\/konicaminolta.s1.clickrlabs.com\/business\/wp-content\/uploads\/2020\/10\/Office-Automation_Thumbnail-resized-600x259.jpg 600w\" alt=\"\" width=\"1024\" height=\"442\" \/><\/a>[\/vc_column_text][vc_column_text 0=&#8221;&#8221;]<strong>T\u1ef1 \u0111\u1ed9ng h\u00f3a v\u0103n ph\u00f2ng \u0111ang bi\u1ebfn \u0111\u1ed5i doanh nghi\u1ec7p ng\u00e0y nay nh\u01b0 th\u1ebf n\u00e0o<\/strong>[\/vc_column_text][vc_column_text 0=&#8221;&#8221;]T\u1ef1 \u0111\u1ed9ng h\u00f3a v\u0103n ph\u00f2ng \u0111\u00e3 l\u00e0 m\u1ed9t c\u1ee5m t\u1eeb ph\u1ed5 bi\u1ebfn \u0111\u1ed1i v\u1edbi nhi\u1ec1u doanh nghi\u1ec7p khi h\u1ecd ngh\u0129 v\u1ec1 chuy\u1ec3n \u0111\u1ed5i k\u1ef9 thu\u1eadt s\u1ed1 v\u00e0 \u0111\u00e2y l\u00e0 l\u00fd do t\u1ea1i sao.[\/vc_column_text][vc_column_text 0=&#8221;&#8221;]<a href=\"https:\/\/www.konicaminolta.vn\/business\/blog\/how-office-automation-is-transforming-businesses-today\/\">Xem th\u00eam<\/a>[\/vc_column_text][\/vc_column][vc_column width=&#8221;1\/3&#8243;][vc_column_text 0=&#8221;&#8221;]<a href=\"https:\/\/www.konicaminolta.vn\/business\/blog\/how-businesses-adapt-to-stay-operational-in-the-virtual-environment\/\"><img loading=\"lazy\" decoding=\"async\" class=\"vc_single_image-img attachment-full\" src=\"https:\/\/konicaminolta.s1.clickrlabs.com\/business\/wp-content\/uploads\/2020\/10\/Cyber-Security-Thumbnail-resized.jpg\" sizes=\"auto, (max-width: 1024px) 100vw, 1024px\" srcset=\"https:\/\/konicaminolta.s1.clickrlabs.com\/business\/wp-content\/uploads\/2020\/10\/Cyber-Security-Thumbnail-resized.jpg 1024w, https:\/\/konicaminolta.s1.clickrlabs.com\/business\/wp-content\/uploads\/2020\/10\/Cyber-Security-Thumbnail-resized-300x129.jpg 300w, https:\/\/konicaminolta.s1.clickrlabs.com\/business\/wp-content\/uploads\/2020\/10\/Cyber-Security-Thumbnail-resized-768x332.jpg 768w, https:\/\/konicaminolta.s1.clickrlabs.com\/business\/wp-content\/uploads\/2020\/10\/Cyber-Security-Thumbnail-resized-600x259.jpg 600w\" alt=\"\" width=\"1024\" height=\"442\" \/><\/a>[\/vc_column_text][vc_column_text 0=&#8221;&#8221;]<strong>C\u00e1ch doanh nghi\u1ec7p th\u00edch \u1ee9ng \u0111\u1ec3 duy tr\u00ec ho\u1ea1t \u0111\u1ed9ng trong m\u00f4i tr\u01b0\u1eddng \u1ea3o<\/strong>[\/vc_column_text][vc_column_text 0=&#8221;&#8221;]An ninh m\u1ea1ng \u0111\u1ec3 l\u00e0m vi\u1ec7c t\u1eeb xa: Doanh nghi\u1ec7p c\u1ee7a b\u1ea1n \u0111\u00e3 s\u1eb5n s\u00e0ng ch\u01b0a?[\/vc_column_text][vc_column_text 0=&#8221;&#8221;]<a href=\"https:\/\/www.konicaminolta.vn\/business\/blog\/how-businesses-adapt-to-stay-operational-in-the-virtual-environment\/\">Xem th\u00eam<\/a>[\/vc_column_text][\/vc_column][\/vc_row][vc_row 0=&#8221;&#8221;][vc_column 0=&#8221;&#8221;][vc_empty_space 0=&#8221;&#8221;][\/vc_column][\/vc_row][vc_row full_width=&#8221;stretch_row&#8221;][vc_column 0=&#8221;&#8221;][vc_empty_space 0=&#8221;&#8221;][vc_column_text 0=&#8221;&#8221;]<\/p>\n<p style=\"text-align: center;\"><strong>K\u1ebft n\u1ed1i v\u1edbi ch\u00fang t\u00f4i:<\/strong><\/p>\n<p>[\/vc_column_text][ucaddon_uc_elegant_social_icons uc_text_nosettings=&#8221;&#8221; uc_items_data=&#8221;JTVCJTdCJTIydGl0bGUlMjIlM0ElMjJGYWNlYm9vayUyMiUyQyUyMmhvdmVyX2NvbG9yJTIyJTNBJTIyJTIzM2EzYTNhJTIyJTJDJTIyYm9yZGVyX2NvbG9yJTIyJTNBJTIyJTIzZGJkYmRiJTIyJTJDJTIycHJpbWFyeV9jb2xvciUyMiUzQSUyMiUyMzQ5NDk0OSUyMiUyQyUyMmljb24lMjIlM0ElMjJmYWNlYm9vayUyMiUyQyUyMmxpbmslMjIlM0ElMjJodHRwcyUzQSUyRiUyRnd3dy5mYWNlYm9vay5jb20lMkZLb25pY2FNaW5vbHRhVmlldG5hbU9mZmljaWFsJTJGJTIyJTdEJTJDJTdCJTIydGl0bGUlMjIlM0ElMjJZb3V0dWJlJTIyJTJDJTIyaG92ZXJfY29sb3IlMjIlM0ElMjIlMjMzYTNhM2ElMjIlMkMlMjJib3JkZXJfY29sb3IlMjIlM0ElMjIlMjNkYmRiZGIlMjIlMkMlMjJwcmltYXJ5X2NvbG9yJTIyJTNBJTIyJTIzNDk0OTQ5JTIyJTJDJTIyaWNvbiUyMiUzQSUyMnlvdXR1YmUlMjIlMkMlMjJsaW5rJTIyJTNBJTIyaHR0cHMlM0ElMkYlMkZ3d3cueW91dHViZS5jb20lMkZjaGFubmVsJTJGVUM4Z0JBRWk5elBiSFZqNUdUTnU0bl9nJTIyJTdEJTJDJTdCJTIydGl0bGUlMjIlM0ElMjJsaW5rZWRpbiUyMiUyQyUyMmhvdmVyX2NvbG9yJTIyJTNBJTIyJTIzM2EzYTNhJTIyJTJDJTIyYm9yZGVyX2NvbG9yJTIyJTNBJTIyJTIzZGJkYmRiJTIyJTJDJTIycHJpbWFyeV9jb2xvciUyMiUzQSUyMiUyMzQ5NDk0OSUyMiUyQyUyMmljb24lMjIlM0ElMjJsaW5rZWRpbiUyMiUyQyUyMmxpbmslMjIlM0ElMjJodHRwcyUzQSUyRiUyRnd3dy5saW5rZWRpbi5jb20lMkZpbiUyRmtvbmljYS1taW5vbHRhLXZpZXRuYW0tODQ1MjE2MTI3JTJGJTIyJTdEJTVE&#8221;][vc_empty_space 0=&#8221;&#8221;][\/vc_column][\/vc_row][vc_row 0=&#8221;&#8221;][vc_column 0=&#8221;&#8221;][vc_raw_html 0=&#8221;&#8221;]JTNDc3R5bGUlM0UlMEEucGFnZV90aXRsZSUyMCU3QiUyMG1hcmdpbiUzQSUyMGF1dG8lMjAlMjFpbXBvcnRhbnQlM0IlN0QlMEEuYm9yZGVyLWdnJTIwJTdCJTIwYm9yZGVyJTNBJTIwMnB4JTIwc29saWQlMjAlMjMwMDMzNjYlMjAlMjFpbXBvcnRhbnQlM0IlN0QlMEElMjN0aHJlZS1jb2x1bW4lMjAlN0JwYWRkaW5nJTNBJTIwMHB4JTIwMTIwcHglM0IlN0QlMEElMjN0aHJlZS1jb2x1bW4lMjAudmNfY29sdW1uLWlubmVyJTdCcGFkZGluZyUzQSUyMDBweCUzQiU3RCUwQSUyM3RocmVlLWNvbHVtbiUyMC5jbGFzcy10aXRsZSU3QmhlaWdodCUzQSUyMDU2cHglN0QlMEElMjN0aHJlZS1jb2x1bW4lMjAuY2xhc3MtdGl0bGUlMjBoNCUyMCU3QmZvbnQtc2l6ZSUzQSUyMDE4cHglN0QlMEElMjN0aHJlZS1jb2x1bW4lMjAuY2xhc3MtdGV4dCU3QmhlaWdodCUzQSUyMDEyNXB4JTNCY29sb3IlM0ElMjAlMjMwMDAlM0IlN0QlMEElMjN0aHJlZS1jb2x1bW4lMjAuY2xhc3MtdGV4dCUyMHAlN0JoZWlnaHQlM0ElMjAxMjVweCUzQmNvbG9yJTNBJTIwJTIzMDAwJTNCJTdEJTBBJTIzdGhyZWUtY29sdW1uJTIwLnZjX2NvbHVtbi1pbm5lciU3QnBhZGRpbmclM0ElMjAzMHB4JTdEJTBBJTIzdGhyZWUtY29sdW1uJTIwLmNhcmQtMSU3QmJhY2tncm91bmQtY29sb3IlM0ElMjAlMjMwMDlFQjclM0IlN0QlMEElMjN0aHJlZS1jb2x1bW4lMjAuY2FyZC0yJTdCYmFja2dyb3VuZC1jb2xvciUzQSUyMCUyM0JDQjg4RiUzQiU3RCUwQSUyM3RocmVlLWNvbHVtbiUyMC5jYXJkLTMlN0JiYWNrZ3JvdW5kLWNvbG9yJTNBJTIwJTIzODI2RkIwJTNCJTdEJTBBJTIzZXhsdWRlZnJvbWZvb3RlcmNvbG9yJTIwJTdCYmFja2dyb3VuZC1jb2xvciUzQSUyM2ZmZmZmZiUyMCUyMWltcG9ydGFudCUzQiU3RCUwQWRpdiU1QmRhdGEtdmMtZnVsbC13aWR0aCUzRCUyMnRydWUlMjIlNUQlMjAlN0IlMjBiYWNrZ3JvdW5kLWNvbG9yJTNBJTIwJTIzZTdlN2U3JTIwJTIxaW1wb3J0YW50JTNCJTIwJTIwJTdEJTBBLnR3by1yb3clMjAudmNfY29sdW1uLWlubmVyJTIwJTdCcGFkZGluZy1sZWZ0JTNBJTIwMHB4JTNCcGFkZGluZy1yaWdodCUzQSUyMDBweCUzQiU3RCUwQSU0MG1lZGlhJTIwJTI4bWF4LXdpZHRoJTNBJTIwNjQwcHglMjklN0IlMEElMjN0aHJlZS1jb2x1bW4lMjAlN0JwYWRkaW5nJTNBJTIwMHB4JTNCJTdEJTBBJTdEJTBBJTNDJTJGc3R5bGUlM0U=[\/vc_raw_html][\/vc_column][\/vc_row][vc_row 0=&#8221;&#8221;][vc_column 0=&#8221;&#8221;][vc_raw_js 0=&#8221;&#8221;]JTNDc2NyaXB0JTNFJTIwJTBBJTBBalF1ZXJ5JTI4JTIyJTIzdGhyZWUtY29sdW1uJTIwLndwYl9jb2x1bW4lMjIlMjkuZWFjaCUyOGZ1bmN0aW9uJTI4JTI5JTdCJTIwJTBBJTIwJTIwJTIwJTIwJTIwJTIwJTIwJTIwalF1ZXJ5JTI4dGhpcyUyOS53cmFwJTI4JTIyJTNDYSUyMGhyZWYlM0QlMjclMjIlMkIlMjBqUXVlcnklMjh0aGlzJTI5LmZpbmQlMjglMjcudmNfYnRuMy1jb250YWluZXIlMjBhJTI3JTI5LmF0dHIlMjglMjdocmVmJTI3JTI5JTIwJTJCJTIyJTI3JTNFJTNDJTJGYSUzRSUyMiUyOSUwQSUyMCUyMCUyMCUyMCU3RCUyOSUwQSUyMCUzQyUyRnNjcmlwdCUzRQ==[\/vc_raw_js][\/vc_column][\/vc_row]<\/p>\n<\/div>","protected":false},"excerpt":{"rendered":"<p>[vc_row 0=&#8221;&#8221;][vc_column 0=&#8221;&#8221;][vc_column_text 0=&#8221;&#8221;][\/vc_column_text][\/vc_column][\/vc_row][vc_row 0=&#8221;&#8221;][vc_column 0=&#8221;&#8221;][vc_empty_space 0=&#8221;&#8221;][vc_column_text 0=&#8221;&#8221;] TH\u1ebe GI\u1edaI C\u00d4NG VI\u1ec6C \u0110ANG THAY \u0110\u1ed4I NHANH CH\u00d3NG [\/vc_column_text][\/vc_column][\/vc_row][vc_row 0=&#8221;&#8221;][vc_column 0=&#8221;&#8221;][vc_column_text 0=&#8221;&#8221;]Th\u00edch \u1ee9ng v\u1edbi m\u00f4i tr\u01b0\u1eddng m\u1edbi n\u00e0y l\u00e0 r\u1ea5t quan tr\u1ecdng \u0111\u1ed1i v\u1edbi s\u1ef1 li\u00ean t\u1ee5c c\u1ee7a doanh nghi\u1ec7p. \u0110i\u1ec1u &#8216;b\u00ecnh th\u01b0\u1eddng&#8217; m\u1edbi n\u00e0y mang \u0111\u1ebfn nh\u1eefng th\u00e1ch th\u1ee9c th\u00fa v\u1ecb, n\u1ebfu \u0111i\u1ec1u h\u01b0\u1edbng th\u00e0nh<\/p>\n","protected":false},"author":1,"featured_media":0,"parent":0,"menu_order":0,"comment_status":"closed","ping_status":"closed","template":"","meta":{"footnotes":""},"class_list":["post-8508","page","type-page","status-publish","hentry"],"_links":{"self":[{"href":"https:\/\/www.konicaminolta.vn\/business\/wp-json\/wp\/v2\/pages\/8508","targetHints":{"allow":["GET"]}}],"collection":[{"href":"https:\/\/www.konicaminolta.vn\/business\/wp-json\/wp\/v2\/pages"}],"about":[{"href":"https:\/\/www.konicaminolta.vn\/business\/wp-json\/wp\/v2\/types\/page"}],"author":[{"embeddable":true,"href":"https:\/\/www.konicaminolta.vn\/business\/wp-json\/wp\/v2\/users\/1"}],"replies":[{"embeddable":true,"href":"https:\/\/www.konicaminolta.vn\/business\/wp-json\/wp\/v2\/comments?post=8508"}],"version-history":[{"count":5,"href":"https:\/\/www.konicaminolta.vn\/business\/wp-json\/wp\/v2\/pages\/8508\/revisions"}],"predecessor-version":[{"id":8875,"href":"https:\/\/www.konicaminolta.vn\/business\/wp-json\/wp\/v2\/pages\/8508\/revisions\/8875"}],"wp:attachment":[{"href":"https:\/\/www.konicaminolta.vn\/business\/wp-json\/wp\/v2\/media?parent=8508"}],"curies":[{"name":"wp","href":"https:\/\/api.w.org\/{rel}","templated":true}]}}