{"id":8530,"date":"2021-08-10T09:12:48","date_gmt":"2021-08-10T02:12:48","guid":{"rendered":"https:\/\/www.konicaminolta.vn\/business\/?page_id=8530"},"modified":"2021-09-14T14:25:02","modified_gmt":"2021-09-14T07:25:02","slug":"remote-work","status":"publish","type":"page","link":"https:\/\/www.konicaminolta.vn\/business\/remote-work\/","title":{"rendered":"L\u00e0m Vi\u1ec7c T\u1eeb Xa"},"content":{"rendered":"<div class=\"wpb-content-wrapper\"><p>[vc_row][vc_column]\n\t\t\t<!-- START remotework REVOLUTION SLIDER 6.6.19 --><p class=\"rs-p-wp-fix\"><\/p>\n\t\t\t<rs-module-wrap id=\"rev_slider_89_1_wrapper\" data-source=\"gallery\" style=\"visibility:hidden;background:transparent;padding:0;margin:0px auto;margin-top:0;margin-bottom:0;\">\n\t\t\t\t<rs-module id=\"rev_slider_89_1\" style=\"\" data-version=\"6.6.19\">\n\t\t\t\t\t<rs-slides style=\"overflow: hidden; position: absolute;\">\n\t\t\t\t\t\t<rs-slide style=\"position: absolute;\" data-key=\"rs-140\" data-title=\"Slide\" data-anim=\"adpr:false;\">\n\t\t\t\t\t\t\t<img decoding=\"async\" src=\"\/\/www.konicaminolta.vn\/business\/wp-content\/plugins\/revslider\/public\/assets\/assets\/dummy.png\" alt=\"\" title=\"L\u00e0m Vi\u1ec7c T\u1eeb Xa\" class=\"rev-slidebg tp-rs-img rs-lazyload\" data-lazyload=\"\/\/www.konicaminolta.vn\/business\/wp-content\/uploads\/2021\/08\/Remote-Work-Banner-1425X400.png\" data-parallax=\"off\" data-no-retina>\n<!---->\t\t\t\t\t\t<\/rs-slide>\n\t\t\t\t\t<\/rs-slides>\n\t\t\t\t<\/rs-module>\n\t\t\t\t<script>\n\t\t\t\t\tsetREVStartSize({c: 'rev_slider_89_1',rl:[1240,1024,778,480],el:[],gw:[1300],gh:[450],type:'hero',justify:'',layout:'fullwidth',mh:\"0\"});if (window.RS_MODULES!==undefined && window.RS_MODULES.modules!==undefined && window.RS_MODULES.modules[\"revslider891\"]!==undefined) {window.RS_MODULES.modules[\"revslider891\"].once = false;window.revapi89 = undefined;if (window.RS_MODULES.checkMinimal!==undefined) window.RS_MODULES.checkMinimal()}\n\t\t\t\t<\/script>\n\t\t\t<\/rs-module-wrap>\n\t\t\t<!-- END REVOLUTION SLIDER -->\n[\/vc_column][\/vc_row][vc_row][vc_column][vc_empty_space][vc_column_text]<\/p>\n<h2 style=\"text-align: center;\"><span style=\"font-size: 24pt;\">THI\u1ebeT L\u1eacP NH\u00c2N VI\u00caN T\u1eea XA \u0110\u1ec2 TH\u00c0NH C\u00d4NG<br \/>\n<\/span><\/h2>\n<p>[\/vc_column_text][\/vc_column][\/vc_row][vc_row][vc_column][vc_column_text]T\u1ea1i Konica Minolta, ch\u00fang t\u00f4i li\u00ean t\u1ee5c \u1ee7ng h\u1ed9 m\u1ea1nh m\u1ebd r\u1eb1ng c\u00f4ng vi\u1ec7c kh\u00f4ng ph\u1ea3i l\u00e0 n\u01a1i b\u1ea1n \u1edf, m\u00e0 c\u00f4ng vi\u1ec7c l\u00e0 th\u1ee9 b\u1ea1n ph\u1ea3i ho\u00e0n th\u00e0nh. Tua nhanh \u0111\u1ebfn th\u00e1ng 3 n\u0103m 2020, khi \u0111\u1ea1i d\u1ecbch COVID-19 g\u00e2y ra s\u1ef1 thay \u0111\u1ed5i g\u1ea7n nh\u01b0 ngay l\u1eadp t\u1ee9c trong c\u00e1ch ch\u00fang ta l\u00e0m vi\u1ec7c, bu\u1ed9c h\u00e0ng tri\u1ec7u nh\u00e2n vi\u00ean ph\u1ea3i chuy\u1ec3n c\u00f4ng vi\u1ec7c h\u00e0ng ng\u00e0y ra kh\u1ecfi v\u0103n ph\u00f2ng \u201cc\u00f4ng ty\u201d v\u00e0 v\u1ec1 nh\u00e0 c\u1ee7a h\u1ecd. Ng\u00e0y nay, l\u00e0m vi\u1ec7c t\u1ea1i nh\u00e0 \u0111\u00e3 tr\u1edf th\u00e0nh b\u00ecnh th\u01b0\u1eddng m\u1edbi \u0111\u1ed1i v\u1edbi nhi\u1ec1u ng\u01b0\u1eddi. Khi c\u00e1c t\u1ed5 ch\u1ee9c t\u00ecm c\u00e1ch \u0111i\u1ec1u h\u01b0\u1edbng m\u1ed9t lo\u1ea1t c\u00e1c tr\u1edf ng\u1ea1i duy nh\u1ea5t cho ph\u00e9p l\u1ef1c l\u01b0\u1ee3ng lao \u0111\u1ed9ng t\u1eeb xa l\u00e0m vi\u1ec7c t\u1ea1i nh\u00e0 xu\u1ea5t hi\u1ec7n, h\u1ecd n\u00ean ti\u1ebfp c\u1eadn c\u00e1c quy\u1ebft \u0111\u1ecbnh v\u1ec1 gi\u1ea3i ph\u00e1p ph\u1ea7n c\u1ee9ng v\u00e0 ph\u1ea7n m\u1ec1m \u0111\u1ec3 tri\u1ec3n khai th\u00f4ng qua t\u1ed5 ch\u1ee9c c\u1ee7a h\u1ecd nh\u01b0 th\u1ebf n\u00e0o?[\/vc_column_text][vc_empty_space][\/vc_column][\/vc_row][vc_row][vc_column width=&#8221;1\/2&#8243;]\n\t\t\t<!-- START returntowork REVOLUTION SLIDER 6.6.19 --><p class=\"rs-p-wp-fix\"><\/p>\n\t\t\t<rs-module-wrap id=\"rev_slider_88_2_wrapper\" data-source=\"gallery\" style=\"visibility:hidden;background:transparent;padding:0;margin:0px auto;margin-top:0;margin-bottom:0;\">\n\t\t\t\t<rs-module id=\"rev_slider_88_2\" style=\"\" data-version=\"6.6.19\">\n\t\t\t\t\t<rs-slides style=\"overflow: hidden; position: absolute;\">\n\t\t\t\t\t\t<rs-slide style=\"position: absolute;\" data-key=\"rs-139\" data-title=\"Slide\" data-anim=\"adpr:false;\">\n\t\t\t\t\t\t\t<img decoding=\"async\" src=\"\/\/www.konicaminolta.vn\/business\/wp-content\/plugins\/revslider\/public\/assets\/assets\/dummy.png\" alt=\"\" title=\"L\u00e0m Vi\u1ec7c T\u1eeb Xa\" class=\"rev-slidebg tp-rs-img rs-lazyload\" data-lazyload=\"\/\/www.konicaminolta.vn\/business\/wp-content\/uploads\/2021\/08\/Return-to-Work-Banner-1425X400.png\" data-parallax=\"off\" data-no-retina>\n<!---->\t\t\t\t\t\t<\/rs-slide>\n\t\t\t\t\t<\/rs-slides>\n\t\t\t\t<\/rs-module>\n\t\t\t\t<script>\n\t\t\t\t\tsetREVStartSize({c: 'rev_slider_88_2',rl:[1240,1024,778,480],el:[],gw:[1300],gh:[450],type:'hero',justify:'',layout:'fullwidth',mh:\"0\"});if (window.RS_MODULES!==undefined && window.RS_MODULES.modules!==undefined && window.RS_MODULES.modules[\"revslider882\"]!==undefined) {window.RS_MODULES.modules[\"revslider882\"].once = false;window.revapi88 = undefined;if (window.RS_MODULES.checkMinimal!==undefined) window.RS_MODULES.checkMinimal()}\n\t\t\t\t<\/script>\n\t\t\t<\/rs-module-wrap>\n\t\t\t<!-- END REVOLUTION SLIDER -->\n[vc_empty_space][vc_btn title=&#8221;START GUIDE &gt;&#8221; size=&#8221;lg&#8221; align=&#8221;center&#8221; el_id=&#8221;next-two&#8221; el_class=&#8221;next-two&#8221;][\/vc_column][vc_column width=&#8221;1\/2&#8243;][vc_empty_space][vc_column_text]<span style=\"font-size: 18pt;\"><strong>NH\u1eeeNG \u0110I\u1ec0U C\u1ea6N THI\u1ebeT CH\u00cdNH C\u1ea6N XEM X\u00c9T<\/strong><\/span>[\/vc_column_text][vc_empty_space][vc_tta_accordion][vc_tta_section title=&#8221;L\u01b0u tr\u1eef &#038; Truy xu\u1ea5t \u0110\u00e1m m\u00e2y&#8221; tab_id=&#8221;1599631772151-270d906f-8337&#8243;][vc_column_text]<\/p>\n<p><span style=\"font-size: 18px;\">\u0110\u1ec3 cho ph\u00e9p nh\u00e2n vi\u00ean c\u1ee7a b\u1ea1n l\u00e0m vi\u1ec7c t\u1ea1i Nh\u00e0, ch\u1ee7 doanh nghi\u1ec7p c\u1ea7n \u0111\u1ea3m b\u1ea3o r\u1eb1ng c\u00f3 m\u1ed9t kho l\u01b0u tr\u1eef m\u00e0 nh\u00e2n vi\u00ean c\u00f3 th\u1ec3 truy c\u1eadp t\u1eeb m\u1ecdi n\u01a1i. Chia s\u1ebb v\u00e0 c\u1ed9ng t\u00e1c l\u00e0 y\u1ebfu t\u1ed1 then ch\u1ed1t trong giai \u0111o\u1ea1n n\u00e0y nh\u01b0ng \u0111\u1ed3ng th\u1eddi, b\u1ea3o m\u1eadt l\u00e0 \u0111i\u1ec1u quan tr\u1ecdng h\u00e0ng \u0111\u1ea7u \u0111\u1ec3 \u0111\u1ea3m b\u1ea3o r\u1eb1ng kh\u00f4ng c\u00f3 truy c\u1eadp tr\u00e1i ph\u00e9p.<\/span><\/p>\n<p>[\/vc_column_text][\/vc_tta_section][vc_tta_section title=&#8221;\u0110\u00e1nh gi\u00e1 &#038; H\u1ed7 tr\u1ee3 CNTT&#8221; tab_id=&#8221;1599631772182-b08c9385-f08f&#8221;][vc_column_text]<\/p>\n<p><span style=\"font-size: 18px;\">Nhi\u1ec1u t\u1ed5 ch\u1ee9c c\u00f3 s\u1ef1 pha tr\u1ed9n kh\u00e1c bi\u1ec7t gi\u1eefa c\u00f4ng ngh\u1ec7 c\u0169 v\u00e0 c\u00f4ng ngh\u1ec7 m\u1edbi kh\u00f4ng t\u00edch h\u1ee3p t\u1ed1t. C\u00e1c t\u1ed5 ch\u1ee9c c\u0169ng ph\u1ea3i \u0111\u1ed1i m\u1eb7t v\u1edbi ngu\u1ed3n l\u1ef1c CNTT h\u1ea1n ch\u1ebf v\u00e0 b\u00ed quy\u1ebft \u0111\u1ec3 qu\u1ea3n l\u00fd CNTT m\u1ed9t c\u00e1ch t\u1ed5ng th\u1ec3. V\u1edbi c\u00e1c d\u1ecbch v\u1ee5 h\u1ed7 tr\u1ee3 v\u00e0 \u0111\u00e1nh gi\u00e1 CNTT c\u1ee7a Konica Minolta, ch\u00fang t\u00f4i c\u00f3 th\u1ec3 qu\u1ea3n l\u00fd hi\u1ec7u qu\u1ea3 c\u01a1 s\u1edf h\u1ea1 t\u1ea7ng CNTT c\u1ee7a t\u1ed5 ch\u1ee9c b\u1ea1n, \u0111\u1ed3ng th\u1eddi cho ph\u00e9p b\u1ea1n t\u1eadp trung v\u00e0o ho\u1ea1t \u0111\u1ed9ng kinh doanh c\u1ed1t l\u00f5i c\u1ee7a m\u00ecnh v\u00e0 \u0111\u1ed3ng th\u1eddi \u0111\u1ea3m b\u1ea3o r\u1eb1ng nh\u00e2n vi\u00ean c\u1ee7a b\u1ea1n tr\u1edf l\u1ea1i l\u00e0m vi\u1ec7c m\u1ed9t c\u00e1ch an to\u00e0n.<\/span><\/p>\n<p>[\/vc_column_text][\/vc_tta_section][vc_tta_section title=&#8221;An ninh m\u1ea1ng&#8221; tab_id=&#8221;1599631953519-5723c443-a1d5&#8243;][vc_column_text]<\/p>\n<p><span style=\"font-size: 18px;\">T\u1ea5t c\u1ea3 c\u00e1c c\u00f4ng ngh\u1ec7 d\u1ef1a tr\u00ean IoT v\u00e0 AI \u0111\u1ec1u c\u00f3 nguy c\u01a1 b\u1ecb t\u1ea5n c\u00f4ng cao h\u01a1n v\u1edbi nhi\u1ec1u \u0111i\u1ec3m ti\u1ebfp x\u00fac b\u1ecb l\u1ed9. N\u1ec1n t\u1ea3ng CyberSecure c\u1ee7a Konica Minolta cung c\u1ea5p kh\u1ea3 n\u0103ng b\u1ea3o v\u1ec7 \u0111a t\u00ednh n\u0103ng trong m\u1ed9t chi\u1ebfc h\u1ed9p gi\u00fap c\u00e1c doanh nghi\u1ec7p gi\u1ea3m thi\u1ec3u c\u00e1c m\u1ed1i \u0111e d\u1ecda m\u1ea1ng ngay l\u1eadp t\u1ee9c. N\u1ec1n t\u1ea3ng n\u00e0y v\u00f4 h\u00ecnh \u0111\u1ed1i v\u1edbi nh\u1eefng k\u1ebb t\u1ea5n c\u00f4ng v\u00ec c\u00f4ng c\u1ee5 ki\u1ec3m tra c\u00e1c g\u00f3i kh\u00f4ng \u0111i qua c\u00e1c ng\u0103n x\u1ebfp TCP \/ IP.<\/span><\/p>\n<p>[\/vc_column_text][\/vc_tta_section][\/vc_tta_accordion][\/vc_column][\/vc_row][vc_row][vc_column][vc_empty_space][\/vc_column][\/vc_row][vc_row][vc_column][vc_row_inner el_id=&#8221;three-column&#8221;][vc_column_inner el_class=&#8221;card-1&#8243; width=&#8221;1\/4&#8243;][vc_column_text el_class=&#8221;class-title&#8221;]<\/p>\n<h4>RETURN TO WORK<\/h4>\n<p>[\/vc_column_text][vc_column_text el_class=&#8221;class-text&#8221;]M\u1ed9t gi\u1ea3i ph\u00e1p to\u00e0n di\u1ec7n, t\u1eeb \u0111\u1ea7u \u0111\u1ebfn cu\u1ed1i, \u0111\u01b0\u1ee3c thi\u1ebft k\u1ebf \u0111\u1ec3 cho ph\u00e9p tr\u1edf l\u1ea1i v\u0103n ph\u00f2ng m\u1ed9t c\u00e1ch an to\u00e0n[\/vc_column_text][vc_btn title=&#8221;XEM TH\u00caM&#8221; color=&#8221;default&#8221; size=&#8221;sm&#8221; link=&#8221;url:https%3A%2F%2Fwww.konicaminolta.vn%2Fbusiness%2Freturn-to-work%2F|||&#8221;][\/vc_column_inner][vc_column_inner width=&#8221;1\/2&#8243;][vc_column_text]<\/p>\n<h2 style=\"text-align: center; font-size: 14pt; margin-top: 10px;\"><span style=\"font-size: 18pt;\">B\u1ea0N MU\u1ed0N BI\u1ebeT TH\u00caM?<\/span><\/h2>\n<p style=\"text-align: center; margin-top: -20px;\">Kh\u00e1m ph\u00e1 c\u00e1c t\u00f9y ch\u1ecdn c\u1ee7a b\u1ea1n v\u00e0 h\u1ecfi ch\u00fang t\u00f4i v\u1ec1 ch\u00fang. Ch\u00fang t\u00f4i s\u1ebd \u0111\u01b0a b\u1ea1n \u0111\u1ebfn n\u01a1i b\u1ea1n c\u1ea7n.<\/p>\n<p>[\/vc_column_text][vc_btn title=&#8221;Li\u00ean h\u1ec7 v\u1edbi ch\u00fang t\u00f4i h\u00f4m nay&#8221; color=&#8221;primary&#8221; size=&#8221;sm&#8221; align=&#8221;center&#8221; link=&#8221;url:https%3A%2F%2Fwww.konicaminolta.vn%2Fbusiness%2Fcontact-us%2F%23singapore-enquiryffdb-b63a|||&#8221;][\/vc_column_inner][vc_column_inner el_class=&#8221;card-3&#8243; width=&#8221;1\/4&#8243;][vc_column_text el_class=&#8221;class-title&#8221;]<\/p>\n<h4>INDUSTRY TECHNOLOGIES REDEFINED<\/h4>\n<p>[\/vc_column_text][vc_column_text el_class=&#8221;class-text&#8221;]T\u1eadp h\u1ee3p m\u1ecdi ng\u01b0\u1eddi, \u0111\u1ecba \u0111i\u1ec3m v\u00e0 thi\u1ebft b\u1ecb c\u1ee7a b\u1ea1n m\u1ed9t c\u00e1ch linh ho\u1ea1t b\u1eb1ng c\u00e1c c\u00f4ng ngh\u1ec7 l\u00e0m vi\u1ec7c s\u00e1ng t\u1ea1o[\/vc_column_text][vc_btn title=&#8221;XEM TH\u00caM&#8221; color=&#8221;default&#8221; size=&#8221;sm&#8221; link=&#8221;url:https%3A%2F%2Fwww.konicaminolta.vn%2Fbusiness%2Findustry-technologies-redefined%2F|||&#8221;][\/vc_column_inner][\/vc_row_inner][\/vc_column][\/vc_row][vc_row][vc_column][vc_empty_space][\/vc_column][\/vc_row][vc_row full_width=&#8221;stretch_row_content_no_spaces&#8221; el_class=&#8221;two-row&#8221; el_id=&#8221;exludefromfootercolor&#8221;][vc_column width=&#8221;1\/4&#8243;][\/vc_column][vc_column width=&#8221;1\/4&#8243;][vc_single_image image=&#8221;8513&#8243; img_size=&#8221;full&#8221; alignment=&#8221;center&#8221; onclick=&#8221;custom_link&#8221; link=&#8221;https:\/\/www.konicaminolta.vn\/business\/about\/covid19-update\/&#8221;][vc_column_text]<\/p>\n<p style=\"text-align: center;\"><strong>COVID-19 Update<\/strong><\/p>\n<p>[\/vc_column_text][\/vc_column][vc_column width=&#8221;1\/4&#8243;][vc_single_image image=&#8221;8514&#8243; img_size=&#8221;full&#8221; alignment=&#8221;center&#8221; onclick=&#8221;custom_link&#8221; link=&#8221;https:\/\/www.konicaminolta.vn\/business\/wp-content\/uploads\/2020\/06\/MFP-Maintenance-.pdf&#8221;][vc_column_text]<\/p>\n<p style=\"text-align: center;\"><strong>Ways to Keep your MFP Virus Free<\/strong><\/p>\n<p>[\/vc_column_text][\/vc_column][vc_column width=&#8221;1\/4&#8243;][\/vc_column][\/vc_row][vc_row][vc_column][vc_empty_space][\/vc_column][\/vc_row][vc_row el_class=&#8221;border-gg&#8221;][vc_column][vc_column_text]<\/p>\n<h3 style=\"text-align: center;\"><a href=\"https:\/\/www.konicaminolta.vn\/business\/about\/news\/\">B\u1ea4M V\u00c0O \u0110\u00c2Y NH\u1eacN T\u1ea4T C\u1ea2 C\u00c1C TIN T\u1ee8C M\u1edaI NH\u1ea4T V\u00c0 L\u01afU \u00dd TH\u00d4NG TIN<\/a><\/h3>\n<p>[\/vc_column_text][\/vc_column][vc_column width=&#8221;1\/3&#8243;][vc_column_text]<a href=\"https:\/\/www.konicaminolta.vn\/business\/giai-phap-kinh-doanh-tai-noi-lam-viec-sau-dai-dich\/\"><img loading=\"lazy\" decoding=\"async\" class=\"vc_single_image-img attachment-full\" src=\"https:\/\/konicaminolta.s1.clickrlabs.com\/business\/wp-content\/uploads\/2020\/10\/Business-Solution-in-Post-Pandemic-Workplace-1024X442.png\" sizes=\"auto, (max-width: 1024px) 100vw, 1024px\" srcset=\"https:\/\/konicaminolta.s1.clickrlabs.com\/business\/wp-content\/uploads\/2020\/10\/Business-Solution-in-Post-Pandemic-Workplace-1024X442.png 1024w, https:\/\/konicaminolta.s1.clickrlabs.com\/business\/wp-content\/uploads\/2020\/10\/Business-Solution-in-Post-Pandemic-Workplace-1024X442-300x129.png 300w, https:\/\/konicaminolta.s1.clickrlabs.com\/business\/wp-content\/uploads\/2020\/10\/Business-Solution-in-Post-Pandemic-Workplace-1024X442-768x332.png 768w, https:\/\/konicaminolta.s1.clickrlabs.com\/business\/wp-content\/uploads\/2020\/10\/Business-Solution-in-Post-Pandemic-Workplace-1024X442-600x259.png 600w\" alt=\"\" width=\"1024\" height=\"442\" \/><\/a>[\/vc_column_text][vc_column_text]<strong>Gi\u1ea3i ph\u00e1p kinh doanh t\u1ea1i n\u01a1i l\u00e0m vi\u1ec7c sau \u0111\u1ea1i d\u1ecbch<\/strong>[\/vc_column_text][vc_column_text]T\u1eadn d\u1ee5ng c\u00e1c d\u1ecbch v\u1ee5 qu\u1ea3n l\u00fd n\u1ed9i dung k\u1ef9 thu\u1eadt s\u1ed1 nh\u01b0 n\u1ec1n t\u1ea3ng KOMI Doc Cloud \u0111\u1ec3 c\u1ea3i thi\u1ec7n c\u00e1c gi\u1ea3i ph\u00e1p kinh doanh t\u1ea1i n\u01a1i l\u00e0m vi\u1ec7c sau \u0111\u1ea1i d\u1ecbch.[\/vc_column_text][vc_column_text]<a href=\"https:\/\/www.konicaminolta.vn\/business\/giai-phap-kinh-doanh-tai-noi-lam-viec-sau-dai-dich\/\">T\u00ecm hi\u1ec3u th\u00eam<\/a>[\/vc_column_text][\/vc_column][vc_column width=&#8221;1\/3&#8243;][vc_column_text]<a href=\"https:\/\/www.konicaminolta.vn\/business\/5-yeu-to-thanh-cong-chinh-cho-chuyen-doi-ky-thuat-so\/\"><img loading=\"lazy\" decoding=\"async\" class=\"vc_single_image-img attachment-full\" src=\"https:\/\/konicaminolta.s1.clickrlabs.com\/business\/wp-content\/uploads\/2020\/10\/Blog-Banner-Thumbnail-1024X442_Why-is-Digitalisation-So-Bumpy-For-Many-Companies_.png\" sizes=\"auto, (max-width: 1024px) 100vw, 1024px\" srcset=\"https:\/\/konicaminolta.s1.clickrlabs.com\/business\/wp-content\/uploads\/2020\/10\/Blog-Banner-Thumbnail-1024X442_Why-is-Digitalisation-So-Bumpy-For-Many-Companies_.png 1024w, https:\/\/konicaminolta.s1.clickrlabs.com\/business\/wp-content\/uploads\/2020\/10\/Blog-Banner-Thumbnail-1024X442_Why-is-Digitalisation-So-Bumpy-For-Many-Companies_-300x129.png 300w, https:\/\/konicaminolta.s1.clickrlabs.com\/business\/wp-content\/uploads\/2020\/10\/Blog-Banner-Thumbnail-1024X442_Why-is-Digitalisation-So-Bumpy-For-Many-Companies_-768x332.png 768w, https:\/\/konicaminolta.s1.clickrlabs.com\/business\/wp-content\/uploads\/2020\/10\/Blog-Banner-Thumbnail-1024X442_Why-is-Digitalisation-So-Bumpy-For-Many-Companies_-600x259.png 600w\" alt=\"\" width=\"1024\" height=\"442\" \/><\/a>[\/vc_column_text][vc_column_text]<strong>5 y\u1ebfu t\u1ed1 th\u00e0nh c\u00f4ng ch\u00ednh cho chuy\u1ec3n \u0111\u1ed5i k\u1ef9 thu\u1eadt s\u1ed1<\/strong>[\/vc_column_text][vc_column_text]T\u00ecm hi\u1ec3u c\u00e1ch c\u00e1c doanh nghi\u1ec7p \u0111\u1ecbnh h\u01b0\u1edbng th\u00e0nh c\u00f4ng trong t\u01b0\u01a1ng lai k\u1ef9 thu\u1eadt s\u1ed1.[\/vc_column_text][vc_column_text]<a href=\"https:\/\/www.konicaminolta.vn\/business\/5-yeu-to-thanh-cong-chinh-cho-chuyen-doi-ky-thuat-so\/\">T\u00ecm hi\u1ec3u th\u00eam<\/a>[\/vc_column_text][\/vc_column][vc_column width=&#8221;1\/3&#8243;][vc_column_text]<a href=\"https:\/\/www.konicaminolta.vn\/business\/hay-bat-tay-lam-viec-tu-xa-ngay-hom-nay\/\"><img loading=\"lazy\" decoding=\"async\" class=\"vc_single_image-img attachment-full\" src=\"https:\/\/konicaminolta.s1.clickrlabs.com\/business\/wp-content\/uploads\/2020\/10\/WFH_thumb-nail_HR-1024x478-1-resized.jpg\" sizes=\"auto, (max-width: 1024px) 100vw, 1024px\" srcset=\"https:\/\/konicaminolta.s1.clickrlabs.com\/business\/wp-content\/uploads\/2020\/10\/WFH_thumb-nail_HR-1024x478-1-resized.jpg 1024w, https:\/\/konicaminolta.s1.clickrlabs.com\/business\/wp-content\/uploads\/2020\/10\/WFH_thumb-nail_HR-1024x478-1-resized-300x129.jpg 300w, https:\/\/konicaminolta.s1.clickrlabs.com\/business\/wp-content\/uploads\/2020\/10\/WFH_thumb-nail_HR-1024x478-1-resized-768x332.jpg 768w, https:\/\/konicaminolta.s1.clickrlabs.com\/business\/wp-content\/uploads\/2020\/10\/WFH_thumb-nail_HR-1024x478-1-resized-600x259.jpg 600w\" alt=\"\" width=\"1024\" height=\"442\" \/><\/a>[\/vc_column_text][vc_column_text]<strong>H\u00e3y b\u1eaft tay l\u00e0m vi\u1ec7c t\u1eeb xa ngay h\u00f4m nay!<\/strong>[\/vc_column_text][vc_column_text]M\u1eb9o v\u00e0 th\u1ee7 thu\u1eadt v\u1ec1 c\u00e1ch b\u1ea1n c\u00f3 th\u1ec3 t\u1eadn d\u1ee5ng t\u1ed1i \u0111a c\u00f4ng vi\u1ec7c COVID-19 n\u00e0y khi s\u1eafp x\u1ebfp t\u1ea1i nh\u00e0.[\/vc_column_text][vc_column_text]<a href=\"https:\/\/www.konicaminolta.vn\/business\/hay-bat-tay-lam-viec-tu-xa-ngay-hom-nay\/\">T\u00ecm hi\u1ec3u th\u00eam<\/a>[\/vc_column_text][\/vc_column][\/vc_row][vc_row][vc_column][vc_empty_space][\/vc_column][\/vc_row][vc_row full_width=&#8221;stretch_row&#8221;][vc_column][vc_empty_space][vc_column_text]<\/p>\n<p style=\"text-align: center;\"><strong>K\u1ebft n\u1ed1i v\u1edbi ch\u00fang t\u00f4i:<\/strong><\/p>\n<p>[\/vc_column_text][ucaddon_uc_elegant_social_icons uc_text_nosettings=&#8221;&#8221; uc_items_data=&#8221;JTVCJTdCJTIydGl0bGUlMjIlM0ElMjJGYWNlYm9vayUyMiUyQyUyMmhvdmVyX2NvbG9yJTIyJTNBJTIyJTIzM2EzYTNhJTIyJTJDJTIyYm9yZGVyX2NvbG9yJTIyJTNBJTIyJTIzZGJkYmRiJTIyJTJDJTIycHJpbWFyeV9jb2xvciUyMiUzQSUyMiUyMzQ5NDk0OSUyMiUyQyUyMmljb24lMjIlM0ElMjJmYWNlYm9vayUyMiUyQyUyMmxpbmslMjIlM0ElMjJodHRwcyUzQSUyRiUyRnd3dy5mYWNlYm9vay5jb20lMkZLb25pY2FNaW5vbHRhVmlldG5hbU9mZmljaWFsJTJGJTIyJTdEJTJDJTdCJTIydGl0bGUlMjIlM0ElMjJZb3V0dWJlJTIyJTJDJTIyaG92ZXJfY29sb3IlMjIlM0ElMjIlMjMzYTNhM2ElMjIlMkMlMjJib3JkZXJfY29sb3IlMjIlM0ElMjIlMjNkYmRiZGIlMjIlMkMlMjJwcmltYXJ5X2NvbG9yJTIyJTNBJTIyJTIzNDk0OTQ5JTIyJTJDJTIyaWNvbiUyMiUzQSUyMnlvdXR1YmUlMjIlMkMlMjJsaW5rJTIyJTNBJTIyaHR0cHMlM0ElMkYlMkZ3d3cueW91dHViZS5jb20lMkZjaGFubmVsJTJGVUM4Z0JBRWk5elBiSFZqNUdUTnU0bl9nJTIyJTdEJTJDJTdCJTIydGl0bGUlMjIlM0ElMjJsaW5rZWRpbiUyMiUyQyUyMmhvdmVyX2NvbG9yJTIyJTNBJTIyJTIzM2EzYTNhJTIyJTJDJTIyYm9yZGVyX2NvbG9yJTIyJTNBJTIyJTIzZGJkYmRiJTIyJTJDJTIycHJpbWFyeV9jb2xvciUyMiUzQSUyMiUyMzQ5NDk0OSUyMiUyQyUyMmljb24lMjIlM0ElMjJsaW5rZWRpbiUyMiUyQyUyMmxpbmslMjIlM0ElMjJodHRwcyUzQSUyRiUyRnd3dy5saW5rZWRpbi5jb20lMkZpbiUyRmtvbmljYS1taW5vbHRhLXZpZXRuYW0tODQ1MjE2MTI3JTJGJTIyJTdEJTVE&#8221;][vc_empty_space][\/vc_column][\/vc_row][vc_row][vc_column][vc_raw_html]JTNDc3R5bGUlM0UlMEEucGFnZV90aXRsZSU3Qm1hcmdpbiUzQSUyMGF1dG8lMjAlMjFpbXBvcnRhbnQlM0IlN0QlMEEuYm9yZGVyLWdnJTIwJTdCJTIwYm9yZGVyJTNBJTIwMnB4JTIwc29saWQlMjAlMjMwMDMzNjYlMjAlMjFpbXBvcnRhbnQlM0IlN0QlMEFkaXYlNUJkYXRhLXZjLWZ1bGwtd2lkdGglM0QlMjJ0cnVlJTIyJTVEJTIwJTdCJTIwYmFja2dyb3VuZC1jb2xvciUzQSUyMCUyM2U3ZTdlNyUyMCUyMWltcG9ydGFudCUzQiUyMCUyMCU3RCUwQSUyM3RocmVlLWNvbHVtbiUyMCU3QnBhZGRpbmclM0ElMjAwcHglMjA4MHB4JTNCJTdEJTBBJTIzdGhyZWUtY29sdW1uJTIwLnZjX2NvbHVtbi1pbm5lciU3QnBhZGRpbmclM0ElMjAwcHglM0IlN0QlMEElMjN0aHJlZS1jb2x1bW4lMjAuY2xhc3MtdGl0bGUlN0JoZWlnaHQlM0ElMjA4NHB4JTdEJTBBJTIzdGhyZWUtY29sdW1uJTIwLmNsYXNzLXRleHQlN0JoZWlnaHQlM0ElMjAxMjVweCUzQmNvbG9yJTNBJTIwJTIzMDAwJTNCJTdEJTBBJTIzdGhyZWUtY29sdW1uJTIwLmNsYXNzLXRleHQlMjBwJTdCaGVpZ2h0JTNBJTIwMTI1cHglM0Jjb2xvciUzQSUyMCUyMzAwMCUzQiU3RCUwQSUyM3RocmVlLWNvbHVtbiUyMC52Y19jb2x1bW4taW5uZXIlN0JwYWRkaW5nJTNBJTIwMzBweCU3RCUwQSUyM3RocmVlLWNvbHVtbiUyMC5jYXJkLTElN0JiYWNrZ3JvdW5kLWNvbG9yJTNBJTIwJTIzMDA5RUI3JTNCJTdEJTBBJTIzdGhyZWUtY29sdW1uJTIwLmNhcmQtMiU3QmJhY2tncm91bmQtY29sb3IlM0ElMjAlMjNCQ0I4OEYlM0IlN0QlMEElMjN0aHJlZS1jb2x1bW4lMjAuY2FyZC0zJTdCYmFja2dyb3VuZC1jb2xvciUzQSUyMCUyMzgyNkZCMCUzQiU3RCUwQSUyM2V4bHVkZWZyb21mb290ZXJjb2xvciUyMCU3QmJhY2tncm91bmQtY29sb3IlM0ElMjNmZmZmZmYlMjAlMjFpbXBvcnRhbnQlM0IlN0QlMEFkaXYlNUJkYXRhLXZjLWZ1bGwtd2lkdGglM0QlMjJ0cnVlJTIyJTVEJTIwJTdCJTIwYmFja2dyb3VuZC1jb2xvciUzQSUyMCUyM2U3ZTdlNyUyMCUyMWltcG9ydGFudCUzQiUyMCUyMCU3RCUwQS50d28tcm93JTIwLnZjX2NvbHVtbi1pbm5lciUyMCU3QnBhZGRpbmctbGVmdCUzQSUyMDBweCUzQnBhZGRpbmctcmlnaHQlM0ElMjAwcHglM0IlN0QlMEEubmV4dC10d28lMjBidXR0b24lN0J3aWR0aCUzQSUyMDEwMCUyNSUzQiUyMGJhY2tncm91bmQtY29sb3IlM0ElMjAlMjNkOWVjZjUlMjAlMjFpbXBvcnRhbnQlM0IlMjBjb2xvciUzQSUyMCUyMzgzNzFiMCUyMWltcG9ydGFudCUzQiUyMGJvcmRlci1jb2xvciUzQSUyMCUyM2Q5ZWNmNSUyMCUyMWltcG9ydGFudCUzQiU3RCUwQSU0MG1lZGlhJTIwJTI4bWF4LXdpZHRoJTNBJTIwNjQwcHglMjklN0IlMEElMjN0aHJlZS1jb2x1bW4lMjAlN0JwYWRkaW5nJTNBJTIwMHB4JTNCJTdEJTBBJTdEJTBBJTNDJTJGc3R5bGUlM0U=[\/vc_raw_html][\/vc_column][\/vc_row][vc_row][vc_column][vc_raw_js]JTNDc2NyaXB0JTNFJTIwJTBBalF1ZXJ5JTI4JTI3JTIzcmV2X3NsaWRlcl8xMjlfMiUyQyUyMCUyM3Jldl9zbGlkZXJfMTI1XzIlMkMlMjAlMjNyZXZfc2xpZGVyXzg0XzIlMjclMjkub24lMjglMjdyZXZvbHV0aW9uLnNsaWRlLm9uY2hhbmdlJTI3JTJDJTIwZnVuY3Rpb24lMjhldmVudCUyQyUyMGRhdGElMjklMjAlN0IlMEElMjAlMEElMjAlMjAlMjAlMjBjb25zb2xlLmxvZyUyOCUyMnNsaWRlciUyMCUzRCUyMiUyMCUyQiUyMGRhdGEuc2xpZGVJbmRleCUyMCUyOSUzQiUyMCUwQSUyMCUyMCUyMCUyMGlmJTI4ZGF0YS5zbGlkZUluZGV4JTIwJTNFJTNEJTIwMiUyOSUyMCU3QiUwQSUyMCUyMCUyMCUyMCUyMCUyMCUyMCUyMCUyNCUyOCUyMi5uZXh0LXR3byUyMiUyOS5oaWRlJTI4JTI5JTNCJTBBJTIwJTIwJTIwJTIwJTdEZWxzZSU3QiUwQSUyMCUyMCUyMCUyMCUyMCUyMCUyMCUyMCUyNCUyOCUyMi5uZXh0LXR3byUyMiUyOS5zaG93JTI4JTI5JTNCJTBBJTIwJTIwJTIwJTIwJTdEJTBBJTIwJTIwJTIwJTIwaWYlMjglMjQlMjglMjIudmNfdHRhLWFjY29yZGlvbiUyMiUyOS5sZW5ndGglMjklN0IlMEElMjAlMjAlMjAlMjAlMjAlMjAlMjAlMjBpZiUyOCUyNCUyOCUyMi52Y190dGEtYWNjb3JkaW9uJTIwLnZjX3R0YS1wYW5lbHMudmNfYWN0aXZlJTIwLnZjX3R0YS1wYW5lbCUzQW50aC1jaGlsZCUyOCUyMiUyQiUyOGRhdGEuc2xpZGVJbmRleCUyMC0xJTI5JTJCJTIyJTI5JTIwYSUyMiUyOS5sZW5ndGglMjAlM0MlMjAxJTIwJTI5JTdCJTBBJTIwJTIwJTIwJTIwJTIwJTIwJTIwJTIwJTIwJTIwJTIwJTIwJTIwJTI0JTI4JTIyLnZjX3R0YS1hY2NvcmRpb24lMjAudmNfdHRhLXBhbmVscyUyMC52Y190dGEtcGFuZWwlM0FudGgtY2hpbGQlMjglMjIlMkIlMjhkYXRhLnNsaWRlSW5kZXgtMSUyOSUyQiUyMiUyOSUyMGElMjIlMjkuY2xpY2slMjglMjklM0IlMEElMjAlMjAlMjAlMjAlMjAlMjAlMjAlMjAlN0QlMEElMjAlMjAlMjAlMjAlMjAlMjAlMjAlMjAlMEElMjAlMjAlMjAlMjAlN0QlMEElMjAlMEElN0QlMjklM0IlMEElMEFqUXVlcnklMjhkb2N1bWVudCUyOS5vbiUyOCUyN2NsaWNrJTI3JTJDJTIwJTI3Lm5leHQtdHdvJTIwYnV0dG9uJTI3JTJDJTIwZnVuY3Rpb24lMjglMjklN0IlMEElMjAlMjAlMjAlMjBqUXVlcnklMjglMjclMjNyZXZfc2xpZGVyXzgyXzIlMkMlMjAlMjNyZXZfc2xpZGVyXzEyNV8yJTJDJTIwJTIzcmV2X3NsaWRlcl84NF8yJTI3JTI5LnJldnNob3dzbGlkZSUyODIlMjklM0IlMEElN0QlMjklMEElMEFpZiUyOGpRdWVyeSUyOCUyMi52Y190dGEtYWNjb3JkaW9uJTIyJTI5Lmxlbmd0aCUyOSU3QiUwQSUyMCUyMCUyMCUyMGpRdWVyeSUyOCUyMi52Y190dGEtYWNjb3JkaW9uJTIwLnZjX3R0YS1wYW5lbHMlMjAudmNfdHRhLXBhbmVsJTIyJTI5LmVhY2glMjhmdW5jdGlvbiUyOCUyOSU3QiUwQSUyMCUyMCUyMCUyMCUyMCUyMCUyMCUyMGpRdWVyeSUyOHRoaXMlMjkuY2xpY2slMjhmdW5jdGlvbiUyOCUyOSU3QiUwQSUyMCUyMCUyMCUyMCUyMCUyMCUyMCUyMCUyMCUyMCUyMCUyMGNvbnNvbGUubG9nJTI4JTIydGFiJTIwJTNEJTIyJTJCJTI4alF1ZXJ5JTI4dGhpcyUyOS5pbmRleCUyOCUyOSUyQjIlMjklMjklMEElMjAlMjAlMjAlMjAlMjAlMjAlMjAlMjAlMjAlMjAlMjAlMjBqUXVlcnklMjglMjclMjNyZXZfc2xpZGVyXzEyOV8yJTJDJTIwJTIzcmV2X3NsaWRlcl8xMjVfMiUyQyUyMCUyM3Jldl9zbGlkZXJfODRfMiUyNyUyOS5yZXZzaG93c2xpZGUlMjhqUXVlcnklMjh0aGlzJTI5LmluZGV4JTI4JTI5JTJCMiUyMCUyOSUzQiUwQSUyMCUyMCUyMCUyMCUyMCUyMCUyMCUyMCU3RCUyOSUzQiUwQSUyMCUyMCUyMCUyMCUyMCUyMCUyMCUyMCUwQSUyMCUyMCUyMCUyMCU3RCUyOSUzQiUwQSU3RCUwQWpRdWVyeSUyOCUyMiUyM3RocmVlLWNvbHVtbiUyMC53cGJfY29sdW1uJTIyJTI5LmVhY2glMjhmdW5jdGlvbiUyOCUyOSU3QiUyMCUwQSUyMCUyMCUyMCUyMCUyMCUyMCUyMCUyMGpRdWVyeSUyOHRoaXMlMjkud3JhcCUyOCUyMiUzQ2ElMjBocmVmJTNEJTI3JTIyJTJCJTIwalF1ZXJ5JTI4dGhpcyUyOS5maW5kJTI4JTI3LnZjX2J0bjMtY29udGFpbmVyJTIwYSUyNyUyOS5hdHRyJTI4JTI3aHJlZiUyNyUyOSUyMCUyQiUyMiUyNyUzRSUzQyUyRmElM0UlMjIlMjklMEElMjAlMjAlMjAlMjAlN0QlMjklMEElM0MlMkZzY3JpcHQlM0U=[\/vc_raw_js][\/vc_column][\/vc_row]<\/p>\n<\/div>","protected":false},"excerpt":{"rendered":"<p>[vc_row][vc_column][\/vc_column][\/vc_row][vc_row][vc_column][vc_empty_space][vc_column_text] THI\u1ebeT L\u1eacP NH\u00c2N VI\u00caN T\u1eea XA \u0110\u1ec2 TH\u00c0NH C\u00d4NG [\/vc_column_text][\/vc_column][\/vc_row][vc_row][vc_column][vc_column_text]T\u1ea1i Konica Minolta, ch\u00fang t\u00f4i li\u00ean t\u1ee5c \u1ee7ng h\u1ed9 m\u1ea1nh m\u1ebd r\u1eb1ng c\u00f4ng vi\u1ec7c kh\u00f4ng ph\u1ea3i l\u00e0 n\u01a1i b\u1ea1n \u1edf, m\u00e0 c\u00f4ng vi\u1ec7c l\u00e0 th\u1ee9 b\u1ea1n ph\u1ea3i ho\u00e0n th\u00e0nh. Tua nhanh \u0111\u1ebfn th\u00e1ng 3 n\u0103m 2020, khi \u0111\u1ea1i d\u1ecbch COVID-19 g\u00e2y ra s\u1ef1 thay \u0111\u1ed5i<\/p>\n","protected":false},"author":1,"featured_media":0,"parent":0,"menu_order":0,"comment_status":"closed","ping_status":"closed","template":"","meta":{"footnotes":""},"class_list":["post-8530","page","type-page","status-publish","hentry"],"_links":{"self":[{"href":"https:\/\/www.konicaminolta.vn\/business\/wp-json\/wp\/v2\/pages\/8530","targetHints":{"allow":["GET"]}}],"collection":[{"href":"https:\/\/www.konicaminolta.vn\/business\/wp-json\/wp\/v2\/pages"}],"about":[{"href":"https:\/\/www.konicaminolta.vn\/business\/wp-json\/wp\/v2\/types\/page"}],"author":[{"embeddable":true,"href":"https:\/\/www.konicaminolta.vn\/business\/wp-json\/wp\/v2\/users\/1"}],"replies":[{"embeddable":true,"href":"https:\/\/www.konicaminolta.vn\/business\/wp-json\/wp\/v2\/comments?post=8530"}],"version-history":[{"count":4,"href":"https:\/\/www.konicaminolta.vn\/business\/wp-json\/wp\/v2\/pages\/8530\/revisions"}],"predecessor-version":[{"id":8974,"href":"https:\/\/www.konicaminolta.vn\/business\/wp-json\/wp\/v2\/pages\/8530\/revisions\/8974"}],"wp:attachment":[{"href":"https:\/\/www.konicaminolta.vn\/business\/wp-json\/wp\/v2\/media?parent=8530"}],"curies":[{"name":"wp","href":"https:\/\/api.w.org\/{rel}","templated":true}]}}