{"id":9183,"date":"2021-11-05T09:01:22","date_gmt":"2021-11-05T02:01:22","guid":{"rendered":"https:\/\/www.konicaminolta.vn\/business\/?page_id=9183"},"modified":"2021-11-24T16:46:46","modified_gmt":"2021-11-24T09:46:46","slug":"intelligent-connected-workplace","status":"publish","type":"page","link":"https:\/\/www.konicaminolta.vn\/business\/intelligent-connected-workplace\/","title":{"rendered":"N\u01a1i l\u00e0m vi\u1ec7c \u0111\u01b0\u1ee3c k\u1ebft n\u1ed1i th\u00f4ng minh"},"content":{"rendered":"<div class=\"wpb-content-wrapper\"><p>[vc_row][vc_column][rev_slider_vc alias=&#8221;rethink-work&#8221;][vc_empty_space height=&#8221;16px&#8221;][\/vc_column][\/vc_row][vc_row][vc_column][vc_column_text]<\/p>\n<h3 style=\"text-align: center;\"><span style=\"font-size: 22pt; color:#0062c2;\"> C\u00d4NG NGH\u1ec6 N\u1ec0N T\u1ea2NG L\u00c0M VI\u1ec6C T\u01af\u01a0NG LAI B\u1ea0N C\u1ea6N <\/span><\/h3>\n<p>[\/vc_column_text][vc_empty_space height=&#8221;16px&#8221;][vc_column_text]<\/p>\n<p class = \"hideonsmallscreen\" style = \"text-align: justify;\"> T\u1ea1i Konica Minolta, ch\u00fang t\u00f4i tin r\u1eb1ng c\u00f4ng vi\u1ec7c l\u00e0 v\u1ec1 con ng\u01b0\u1eddi, kh\u00f4ng gian v\u1eadt ch\u1ea5t m\u00e0 h\u1ecd l\u00e0m vi\u1ec7c v\u00e0 c\u00f4ng ngh\u1ec7 &#8211; t\u1eeb ph\u1ea7n c\u1ee9ng \u0111\u1ebfn ph\u1ea7n m\u1ec1m. Th\u01b0\u1eddng th\u00ec nh\u1eefng tr\u1ee5 c\u1ed9t t\u1ea1o n\u00ean th\u1ebf gi\u1edbi c\u00f4ng vi\u1ec7c \u0111\u01b0\u1ee3c coi nh\u01b0 nh\u1eefng th\u1ef1c th\u1ec3 ri\u00eang bi\u1ec7t. Tuy nhi\u00ean, b\u1eb1ng c\u00e1ch k\u1ebft n\u1ed1i ch\u00fang m\u1ed9t c\u00e1ch hi\u1ec7u qu\u1ea3, ch\u00fang ta c\u00f3 th\u1ec3 t\u1ea1o N\u01a1i l\u00e0m vi\u1ec7c \u0111\u01b0\u1ee3c k\u1ebft n\u1ed1i th\u00f4ng minh.<\/p>\n<p style = \"text-align: justify;\"> N\u01a1i l\u00e0m vi\u1ec7c \u0111\u01b0\u1ee3c k\u1ebft n\u1ed1i th\u00f4ng minh l\u00e0 m\u1ed9t m\u00f4 h\u00ecnh l\u00e0m vi\u1ec7c n\u0103ng \u0111\u1ed9ng v\u00e0 \u0111\u01b0\u1ee3c chuy\u1ec3n \u0111\u1ed5i k\u1ef9 thu\u1eadt s\u1ed1. Ch\u00fang t\u00f4i tin r\u1eb1ng b\u1eb1ng c\u00e1ch k\u1ebft n\u1ed1i c\u00e1c \u0111i\u1ec3m d\u1eef li\u1ec7u kh\u00e1c nhau, b\u1ea1n c\u00f3 th\u1ec3 k\u00edch ho\u1ea1t c\u00e1c c\u00e1ch l\u00e0m vi\u1ec7c th\u00f4ng minh h\u01a1n v\u00e0 hi\u1ec3u r\u00f5 h\u01a1n v\u1ec1 c\u00f4ng ty, cu\u1ed1i c\u00f9ng th\u00fac \u0111\u1ea9y chuy\u1ec3n \u0111\u1ed5i k\u1ef9 thu\u1eadt s\u1ed1 cho nh\u1eefng thay \u0111\u1ed5i trong t\u01b0\u01a1ng lai t\u1ea1i n\u01a1i l\u00e0m vi\u1ec7c.<\/p>\n<p style = \"text-align: justify;\"> Ch\u00fang t\u00f4i nh\u1ea5n m\u1ea1nh vi\u1ec7c t\u00ecm ki\u1ebfm c\u00e1c d\u1ecbch v\u1ee5 \u0111\u01b0\u1ee3c x\u00e2y d\u1ef1ng xung quanh b\u1ea1n v\u00e0 c\u00e1ch b\u1ea1n l\u00e0m vi\u1ec7c; gi\u00fap b\u1ea1n ki\u1ec3m so\u00e1t c\u00e1c gi\u1ea3i ph\u00e1p v\u0103n ph\u00f2ng trong t\u01b0\u01a1ng lai c\u1ee7a m\u00ecnh \u0111\u1ec3 tr\u1edf n\u00ean th\u00f4ng minh, h\u1ee3p t\u00e1c, hi\u1ec7u qu\u1ea3 v\u00e0 an to\u00e0n h\u01a1n. Do \u0111\u00f3, khi n\u00f3i v\u1ec1 n\u01a1i l\u00e0m vi\u1ec7c \u0111\u01b0\u1ee3c k\u1ebft n\u1ed1i th\u00f4ng minh, ch\u00fang t\u00f4i \u0111ang mang \u0111\u1ebfn cho b\u1ea1n m\u1ed9t t\u01b0\u01a1ng lai. V\u00e0 \u0111\u1ea1t \u0111\u01b0\u1ee3c \u0111i\u1ec1u \u0111\u00f3 th\u00f4ng qua danh m\u1ee5c t\u00edch h\u1ee3p c\u00e1c d\u1ecbch v\u1ee5 c\u00f3 th\u1ec3 t\u00f9y ch\u1ec9nh.<\/p>\n<p>[\/vc_column_text][\/vc_column][\/vc_row][vc_row][vc_column][vc_empty_space height=&#8221;16px&#8221;][vc_raw_html]JTNDZGl2JTIwc3R5bGUlM0QlMjJwb3NpdGlvbiUzQSUyMHJlbGF0aXZlJTNCJTIwcGFkZGluZy1ib3R0b20lM0ElMjA1Ni4yNSUyNSUzQiUyMiUzRSUzQ2lmcmFtZSUyMHN0eWxlJTNEJTIyd2lkdGglM0ElMjAxMDAlMjUlM0IlMjBoZWlnaHQlM0ElMjAxMDAlMjUlM0IlMjBwb3NpdGlvbiUzQSUyMGFic29sdXRlJTNCJTIwbGVmdCUzQSUyMDBweCUzQiUyMHRvcCUzQSUyMDBweCUzQiUyMiUyMHNyYyUzRCUyMmh0dHBzJTNBJTJGJTJGd3d3LmtvbmljYW1pbm9sdGEuc2clMkZidXNpbmVzcyUyRnZpZGVvcyUyRktNJTI1MjBJQ1clMjUyMEluc3BpcmF0aW9uYWwlMjUyMFZpZGVvJTI1MjBDb21wcmVzc2VkLm1wNCUyMiUyMHdpZHRoJTNEJTIyMTAwJTI1JTIyJTIwaGVpZ2h0JTNEJTIyMTAwJTI1JTIyJTIwZnJhbWVib3JkZXIlM0QlMjIwJTIyJTIwYWxsb3dmdWxsc2NyZWVuJTNEJTIyYWxsb3dmdWxsc2NyZWVuJTIyJTIwYXV0b3BsYXklM0QlMjJmYWxzZSUyMiUzRSUwQSUzQyUyRmlmcmFtZSUzRSUzQyUyRmRpdiUzRQ==[\/vc_raw_html][\/vc_column][\/vc_row][vc_row css=&#8221;.vc_custom_1631179037118{background-color: #ffffff !important;}&#8221;][vc_column][vc_empty_space height=&#8221;16px&#8221;][vc_column_text]<\/p>\n<h3 style=\"text-align: center;\"><span style=\"font-size: 22pt; color: #0062c2;\"> B\u1ea0N C\u00d3 TH\u1ec2 H\u01af\u1edeNG L\u1ee2I NH\u01af TH\u1ebe N\u00c0O T\u1eea M\u1ed8T N\u01a0I L\u00c0M VI\u1ec6C \u0110\u01af\u1ee2C K\u1ebeT N\u1ed0I TH\u00d4NG MINH <\/span><\/h3>\n<p>[\/vc_column_text][vc_row_inner equal_height=&#8221;yes&#8221; gap=&#8221;15&#8243; css=&#8221;.vc_custom_1631772476463{margin-top: 10px !important;margin-right: 10px !important;margin-left: 10px !important;}&#8221;][vc_column_inner width=&#8221;1\/3&#8243; css=&#8221;.vc_custom_1631772333080{margin-right: 0px !important;margin-left: 0px !important;padding-top: 16px !important;padding-right: 26px !important;padding-bottom: 5px !important;padding-left: 26px !important;background-color: #def2f5 !important;border-radius: 10px !important;}&#8221;][vc_column_text css_animation=&#8221;fadeIn&#8221;]<strong><span style=\"font-size: 14pt; color: #0062c2;\"><img loading=\"lazy\" decoding=\"async\" class=\"wp-image-10254 size-full alignnone\" src=\"https:\/\/www.konicaminolta.sg\/business\/wp-content\/uploads\/2021\/09\/1-Intelligence-1.png\" alt=\"\" width=\"70\" height=\"70\" \/><br \/>\n<\/span><\/strong><\/p>\n<p><strong> <span style=\"font-size: 14pt; color:#0062c2;\">Th\u00f4ng minh <\/span> <\/strong><br \/>\nT\u1eadn d\u1ee5ng s\u1ee9c m\u1ea1nh c\u1ee7a d\u1eef li\u1ec7u \u0111\u01b0\u1ee3c t\u1ed5 ch\u1ee9c thu th\u1eadp \u0111\u1ec3 c\u1ea3i thi\u1ec7n vi\u1ec7c ra quy\u1ebft \u0111\u1ecbnh.[\/vc_column_text][\/vc_column_inner][vc_column_inner width=&#8221;1\/3&#8243; css=&#8221;.vc_custom_1631772341269{margin-right: 0px !important;margin-left: 0px !important;padding-top: 16px !important;padding-right: 26px !important;padding-bottom: 5px !important;padding-left: 26px !important;background-color: #def2f5 !important;border-radius: 10px !important;}&#8221;][vc_column_text css_animation=&#8221;fadeIn&#8221;]<strong><span style=\"font-size: 14pt; color: #0062c2;\"><img loading=\"lazy\" decoding=\"async\" class=\"size-full wp-image-10241 alignnone\" src=\"https:\/\/www.konicaminolta.sg\/business\/wp-content\/uploads\/2021\/09\/2-Collaboration.png\" alt=\"\" width=\"70\" height=\"70\" data-wp-editing=\"1\" \/><br \/>\n<\/span><\/strong><\/p>\n<p><strong><span style=\"font-size: 14pt; color: #0062c2;\">S\u1ef1 h\u1ee3p t\u00e1c<\/span><\/strong><br \/>\nC\u00e1c quy tr\u00ecnh l\u00e0m vi\u1ec7c \u0111\u01b0\u1ee3c s\u1ed1 h\u00f3a, c\u00e1c c\u00f4ng c\u1ee5 c\u1ed9ng t\u00e1c v\u00e0 \u0111\u00e1m m\u00e2y d\u1eabn \u0111\u1ebfn c\u00e1c m\u1ed1i quan h\u1ec7 l\u00e0m vi\u1ec7c t\u1ed1t h\u01a1n nh\u1edd hi\u1ec7u qu\u1ea3 v\u00e0 th\u00f4ng tin li\u00ean l\u1ea1c cao h\u01a1n.[\/vc_column_text][\/vc_column_inner][vc_column_inner width=&#8221;1\/3&#8243; css=&#8221;.vc_custom_1631772349864{margin-right: 0px !important;margin-left: 0px !important;padding-top: 16px !important;padding-right: 26px !important;padding-bottom: 5px !important;padding-left: 26px !important;background-color: #def2f5 !important;border-radius: 10px !important;}&#8221;][vc_column_text css_animation=&#8221;fadeIn&#8221;]<strong><span style=\"font-size: 14pt; color: #0062c2;\"><img loading=\"lazy\" decoding=\"async\" class=\"wp-image-10242 size-full alignnone\" src=\"https:\/\/www.konicaminolta.sg\/business\/wp-content\/uploads\/2021\/09\/3-Security.png\" alt=\"\" width=\"70\" height=\"70\" \/><br \/>\n<\/span><\/strong><\/p>\n<p><strong><span style=\"font-size: 14pt; color: #0062c2;\">B\u1ea3o v\u1ec7<\/span><\/strong><br \/>\nHo\u1ea1t \u0111\u1ed9ng kinh doanh lu\u00f4n tu\u00e2n th\u1ee7 v\u00e0 ho\u1ea1t \u0111\u1ed9ng, \u0111\u1ed3ng th\u1eddi d\u1eef li\u1ec7u quan tr\u1ecdng c\u1ee7a c\u00f4ng ty \u00edt b\u1ecb t\u1ed5n th\u01b0\u01a1ng h\u01a1n tr\u01b0\u1edbc c\u00e1c m\u1ed1i \u0111e d\u1ecda t\u1eeb b\u00ean ngo\u00e0i.[\/vc_column_text][\/vc_column_inner][\/vc_row_inner][vc_row_inner equal_height=&#8221;yes&#8221; gap=&#8221;15&#8243; css=&#8221;.vc_custom_1631772531308{margin-right: 10px !important;margin-left: 10px !important;}&#8221;][vc_column_inner width=&#8221;1\/3&#8243; css=&#8221;.vc_custom_1631772360732{margin-right: 0px !important;margin-left: 0px !important;padding-top: 16px !important;padding-right: 26px !important;padding-bottom: 5px !important;padding-left: 26px !important;background-color: #def2f5 !important;border-radius: 10px !important;}&#8221;][vc_column_text css_animation=&#8221;fadeIn&#8221;]<strong><span style=\"font-size: 14pt; color: #0062c2;\"><img loading=\"lazy\" decoding=\"async\" class=\"wp-image-10243 size-full alignnone\" src=\"https:\/\/www.konicaminolta.sg\/business\/wp-content\/uploads\/2021\/09\/4-Resiliency.png\" alt=\"\" width=\"70\" height=\"70\" \/><br \/>\n<\/span><\/strong><\/p>\n<p><strong><span style=\"font-size: 14pt; color: #0062c2;\">Kh\u1ea3 n\u0103ng ph\u1ee5c h\u1ed3i<\/span><\/strong><br \/>\nC\u00e1c ho\u1ea1t \u0111\u1ed9ng v\u1eabn ho\u1ea1t \u0111\u1ed9ng, v\u1edbi \u00edt th\u1eddi gian ng\u1eebng ho\u1ea1t \u0111\u1ed9ng v\u00e0 s\u1ef1 b\u1ea5t ti\u1ec7n c\u00f3 th\u1ec3 d\u1eabn \u0111\u1ebfn gi\u1ea3m n\u0103ng su\u1ea5t t\u1ea1i n\u01a1i l\u00e0m vi\u1ec7c.[\/vc_column_text][\/vc_column_inner][vc_column_inner width=&#8221;1\/3&#8243; css=&#8221;.vc_custom_1631772369552{margin-right: 0px !important;margin-left: 0px !important;padding-top: 16px !important;padding-right: 26px !important;padding-bottom: 5px !important;padding-left: 26px !important;background-color: #def2f5 !important;border-radius: 10px !important;}&#8221;][vc_column_text css_animation=&#8221;fadeIn&#8221;]<strong><span style=\"font-size: 14pt; color: #0062c2;\"><img loading=\"lazy\" decoding=\"async\" class=\"wp-image-10244 size-full alignnone\" src=\"https:\/\/www.konicaminolta.sg\/business\/wp-content\/uploads\/2021\/09\/5-Flexibility.png\" alt=\"\" width=\"70\" height=\"70\" \/><br \/>\n<\/span><\/strong><\/p>\n<p><strong><span style=\"font-size: 14pt; color: #0062c2;\">Uy\u1ec3n chuy\u1ec3n<\/span><\/strong><br \/>\nQuy m\u00f4 ho\u1ea1t \u0111\u1ed9ng ph\u00f9 h\u1ee3p v\u1edbi c\u00e1c y\u00eau c\u1ea7u kh\u00e1c nhau, \u0111\u00e1p \u1ee9ng nhu c\u1ea7u thay \u0111\u1ed5i nhanh ch\u00f3ng v\u00e0 m\u1ee5c \u0111\u00edch.[\/vc_column_text][\/vc_column_inner][vc_column_inner width=&#8221;1\/3&#8243; css=&#8221;.vc_custom_1631772384290{margin-right: 0px !important;margin-left: 0px !important;padding-top: 16px !important;padding-right: 26px !important;padding-bottom: 5px !important;padding-left: 26px !important;background-color: #def2f5 !important;border-radius: 10px !important;}&#8221;][vc_column_text css_animation=&#8221;fadeIn&#8221;]<strong><span style=\"font-size: 14pt; color: #0062c2;\"><img loading=\"lazy\" decoding=\"async\" class=\"wp-image-10245 size-full alignnone\" src=\"https:\/\/www.konicaminolta.sg\/business\/wp-content\/uploads\/2021\/09\/6-Mobility.png\" alt=\"\" width=\"70\" height=\"70\" \/><br \/>\n<\/span><\/strong><\/p>\n<p><strong><span style=\"font-size: 14pt; color: #0062c2;\">T\u00ednh di \u0111\u1ed9ng<\/span><\/strong><br \/>\nQuy tr\u00ecnh l\u00e0m vi\u1ec7c linh ho\u1ea1t cho ph\u00e9p nh\u00e2n vi\u00ean truy c\u1eadp d\u1eef li\u1ec7u v\u00e0 ti\u1ebfp t\u1ee5c l\u00e0m vi\u1ec7c an to\u00e0n t\u1eeb b\u1ea5t k\u1ef3 \u0111\u00e2u v\u00e0o b\u1ea5t k\u1ef3 l\u00fac n\u00e0o.[\/vc_column_text][\/vc_column_inner][\/vc_row_inner][vc_row_inner equal_height=&#8221;yes&#8221; gap=&#8221;15&#8243; css=&#8221;.vc_custom_1631772151062{margin-right: 10px !important;margin-bottom: 10px !important;margin-left: 10px !important;}&#8221;][vc_column_inner width=&#8221;1\/3&#8243; css=&#8221;.vc_custom_1631772597054{margin-right: 0px !important;margin-left: 0px !important;padding-top: 16px !important;padding-right: 26px !important;padding-bottom: 5px !important;padding-left: 26px !important;background-color: #def2f5 !important;border-radius: 10px !important;}&#8221;][vc_column_text css_animation=&#8221;fadeIn&#8221;]<strong><span style=\"font-size: 14pt; color: #0062c2;\"><img loading=\"lazy\" decoding=\"async\" class=\"wp-image-10246 size-full alignnone\" src=\"https:\/\/www.konicaminolta.sg\/business\/wp-content\/uploads\/2021\/09\/7-Productivity.png\" alt=\"\" width=\"70\" height=\"70\" \/><br \/>\n<\/span><\/strong><\/p>\n<p><strong><span style=\"font-size: 14pt; color: #0062c2;\">N\u0103ng su\u1ea5t<\/span><\/strong><br \/>\nS\u1ea3n l\u01b0\u1ee3ng t\u0103ng do c\u00f3 th\u1ec3 l\u00e0m vi\u1ec7c \u1edf b\u1ea5t k\u1ef3 n\u01a1i n\u00e0o m\u00e0 nh\u00e2n vi\u00ean c\u00f3 tr\u1ee5 s\u1edf m\u1ed9t c\u00e1ch linh ho\u1ea1t v\u00e0 hi\u1ec7u qu\u1ea3 h\u01a1n.[\/vc_column_text][\/vc_column_inner][vc_column_inner width=&#8221;1\/3&#8243; css=&#8221;.vc_custom_1631772604254{margin-right: 0px !important;margin-left: 0px !important;padding-top: 16px !important;padding-right: 26px !important;padding-bottom: 5px !important;padding-left: 26px !important;background-color: #def2f5 !important;border-radius: 10px !important;}&#8221;][vc_column_text css_animation=&#8221;fadeIn&#8221;]<strong><span style=\"font-size: 14pt; color: #0062c2;\"><img loading=\"lazy\" decoding=\"async\" class=\"wp-image-10247 size-full alignnone\" src=\"https:\/\/www.konicaminolta.sg\/business\/wp-content\/uploads\/2021\/09\/8-Sustainability.png\" alt=\"\" width=\"70\" height=\"70\" \/><br \/>\n<\/span><\/strong><\/p>\n<p><strong><span style=\"font-size: 14pt; color: #0062c2;\">S\u1ef1 b\u1ec1n v\u1eefng<\/span><\/strong><br \/>\nT\u0103ng hi\u1ec7u qu\u1ea3 b\u1eb1ng c\u00e1ch gi\u1ea3m t\u1ef7 l\u1ec7 l\u00e3ng ph\u00ed v\u00e0 d\u1ea5u \u1ea5n v\u1eadt ch\u1ea5t c\u1ee7a m\u1ed9t t\u1ed5 ch\u1ee9c.[\/vc_column_text][\/vc_column_inner][vc_column_inner width=&#8221;1\/3&#8243; css=&#8221;.vc_custom_1631772611567{margin-right: 0px !important;margin-left: 0px !important;padding-top: 16px !important;padding-right: 26px !important;padding-bottom: 5px !important;padding-left: 26px !important;background-color: #def2f5 !important;border-radius: 10px !important;}&#8221;][vc_column_text css_animation=&#8221;fadeIn&#8221;]<strong><span style=\"font-size: 14pt; color: #0062c2;\"><img loading=\"lazy\" decoding=\"async\" class=\"wp-image-10248 size-full alignnone\" src=\"https:\/\/www.konicaminolta.sg\/business\/wp-content\/uploads\/2021\/09\/9-Efficiency.png\" alt=\"\" width=\"70\" height=\"70\" \/><br \/>\n<\/span><\/strong><\/p>\n<p><strong><span style=\"font-size: 14pt; color: #0062c2;\">Hi\u1ec7u qu\u1ea3<\/span><\/strong><br \/>\nQuy tr\u00ecnh l\u00e0m vi\u1ec7c g\u1ecdn g\u00e0ng h\u01a1n c\u1ea3i thi\u1ec7n l\u1ee3i nhu\u1eadn v\u00e0 lo\u1ea1i b\u1ecf nhu c\u1ea7u chi ti\u00eau v\u1ed1n.[\/vc_column_text][\/vc_column_inner][\/vc_row_inner][vc_empty_space][\/vc_column][\/vc_row][vc_row css=&#8221;.vc_custom_1631179037118{background-color: #ffffff !important;}&#8221;][vc_column width=&#8221;1\/4&#8243;][\/vc_column][vc_column width=&#8221;1\/2&#8243;][vc_empty_space height=&#8221;8px&#8221;][vc_btn title=&#8221;B\u1eaeT \u0110\u1ea6U H\u00c0NH TR\u00ccNH S\u1ed0 C\u1ee6A B\u1ea0N NGAY H\u00d4M NAY&#8221; style=&#8221;flat&#8221; shape=&#8221;square&#8221; color=&#8221;turquoise&#8221; size=&#8221;lg&#8221; align=&#8221;center&#8221; button_block=&#8221;true&#8221; link=&#8221;url:https%3A%2F%2Fwww.konicaminolta.sg%2Fbusiness%2Fintelligent-connected-workplace%2F%231632380300513-b4dac209-0444|||&#8221;][vc_empty_space height=&#8221;16px&#8221;][\/vc_column][vc_column width=&#8221;1\/4&#8243;][\/vc_column][\/vc_row][vc_row css=&#8221;.vc_custom_1632383532969{border-radius: 3px !important;}&#8221;][vc_column][vc_empty_space height=&#8221;16px&#8221;][vc_column_text]<\/p>\n<h3 style=\"text-align: center;\"><span style=\"font-size: 22pt;\"><span style=\"color: #0062c2;\">H\u00c3Y XEM L\u1ea0I T\u01af\u01a0NG LAI C\u00d4NG VI\u1ec6C V\u1edaI C\u1ed4NG GI\u1ea2I PH\u00c1P C\u1ee6A CH\u00daNG T\u00d4I<\/span><br \/>\n<\/span><\/h3>\n<p>[\/vc_column_text][vc_row_inner content_placement=&#8221;middle&#8221;][vc_column_inner width=&#8221;3\/4&#8243;][vc_single_image image=&#8221;10264&#8243; img_size=&#8221;full&#8221; alignment=&#8221;center&#8221;][vc_single_image image=&#8221;9198&#8243; img_size=&#8221;882&#215;183&#8243;][\/vc_column_inner][vc_column_inner width=&#8221;1\/4&#8243;][vc_btn title=&#8221;KH\u00c1M PH\u00c1 \u2192&#8221; style=&#8221;flat&#8221; shape=&#8221;square&#8221; color=&#8221;primary&#8221; align=&#8221;center&#8221; link=&#8221;url:https%3A%2F%2Fwww.konicaminolta.sg%2Fbusiness%2Fworkplace-hub%2F|title:Workplace%20Hub|target:%20_blank|&#8221;][\/vc_column_inner][\/vc_row_inner][vc_empty_space height=&#8221;16px&#8221;][vc_row_inner content_placement=&#8221;middle&#8221;][vc_column_inner width=&#8221;3\/4&#8243;][vc_single_image image=&#8221;10262&#8243; img_size=&#8221;full&#8221; alignment=&#8221;center&#8221;][vc_single_image image=&#8221;9197&#8243; img_size=&#8221;882&#215;183&#8243;][\/vc_column_inner][vc_column_inner width=&#8221;1\/4&#8243;][vc_btn title=&#8221;KH\u00c1M PH\u00c1 \u2192&#8221; style=&#8221;flat&#8221; shape=&#8221;square&#8221; color=&#8221;primary&#8221; align=&#8221;center&#8221; link=&#8221;url:https%3A%2F%2Fwww.konicaminolta.sg%2Fbusiness%2Fsolutions%2Fkomi-doc%2F|title:KOMI%20Doc|target:%20_blank|&#8221;][\/vc_column_inner][\/vc_row_inner][vc_empty_space][\/vc_column][\/vc_row][vc_row css=&#8221;.vc_custom_1631179037118{background-color: #ffffff !important;}&#8221;][vc_column][vc_empty_space][vc_tta_accordion style=&#8221;flat&#8221; shape=&#8221;square&#8221; color=&#8221;turquoise&#8221; spacing=&#8221;1&#8243; c_align=&#8221;center&#8221; c_icon=&#8221;&#8221; active_section=&#8221;1&#8243; css_animation=&#8221;bottom-to-top&#8221; no_fill=&#8221;true&#8221;][vc_tta_section title=&#8221;LI\u00caN H\u1ec6 CH\u00daNG T\u00d4I&#8221; tab_id=&#8221;1632383712800-26461e47-cfc1&#8243;][vc_empty_space height=&#8221;16px&#8221;][vc_row_inner][vc_column_inner width=&#8221;1\/2&#8243;][vc_single_image image=&#8221;9348&#8243; img_size=&#8221;full&#8221; alignment=&#8221;center&#8221;][\/vc_column_inner][vc_column_inner width=&#8221;1\/2&#8243;][vc_raw_html]JTNDJTIxLS0lNUJpZiUyMGx0ZSUyMElFJTIwOCU1RCUzRSUwQSUzQ3NjcmlwdCUyMGNoYXJzZXQlM0QlMjJ1dGYtOCUyMiUyMHR5cGUlM0QlMjJ0ZXh0JTJGamF2YXNjcmlwdCUyMiUyMHNyYyUzRCUyMiUyRiUyRmpzLmhzZm9ybXMubmV0JTJGZm9ybXMlMkZ2Mi1sZWdhY3kuanMlMjIlM0UlM0MlMkZzY3JpcHQlM0UlMEElM0MlMjElNUJlbmRpZiU1RC0tJTNFJTBBJTNDc2NyaXB0JTIwY2hhcnNldCUzRCUyMnV0Zi04JTIyJTIwdHlwZSUzRCUyMnRleHQlMkZqYXZhc2NyaXB0JTIyJTIwc3JjJTNEJTIyJTJGJTJGanMuaHNmb3Jtcy5uZXQlMkZmb3JtcyUyRnYyLmpzJTIyJTNFJTNDJTJGc2NyaXB0JTNFJTBBJTNDc2NyaXB0JTNFJTBBJTIwJTIwaGJzcHQuZm9ybXMuY3JlYXRlJTI4JTdCJTBBJTA5cmVnaW9uJTNBJTIwJTIybmExJTIyJTJDJTBBJTA5cG9ydGFsSWQlM0ElMjAlMjI3Mzg5Mzc1JTIyJTJDJTBBJTA5Zm9ybUlkJTNBJTIwJTIyOTk1OGMyYzktZWMyNi00NTBiLWJjNTYtNjRiZDA3MGI1YTVmJTIyJTBBJTdEJTI5JTNCJTBBJTNDJTJGc2NyaXB0JTNF[\/vc_raw_html][\/vc_column_inner][\/vc_row_inner][\/vc_tta_section][\/vc_tta_accordion][vc_empty_space height=&#8221;16px&#8221;][\/vc_column][\/vc_row][vc_row css=&#8221;.vc_custom_1631175869507{background-color: #eaeaea !important;}&#8221;][vc_column][vc_empty_space height=&#8221;16px&#8221;][vc_column_text]<\/p>\n<h3 style=\"text-align: center;\"><span style=\"font-size: 22pt; color: #0062c2;\">\u0110\u1eccC TH\u00caM<\/span><\/h3>\n<p>[\/vc_column_text][vc_empty_space height=&#8221;16px&#8221;][\/vc_column][\/vc_row][vc_row css=&#8221;.vc_custom_1631175882522{background-color: #eaeaea !important;}&#8221;][vc_column width=&#8221;1\/4&#8243;][vc_row_inner content_placement=&#8221;middle&#8221;][vc_column_inner][vc_single_image image=&#8221;9192&#8243; img_size=&#8221;full&#8221; onclick=&#8221;custom_link&#8221;][vc_column_text]V\u1edbi nh\u1eefng thay \u0111\u1ed5i v\u1ec1 c\u00f4ng ngh\u1ec7, x\u00e3 h\u1ed9i, m\u00f4i tr\u01b0\u1eddng v\u00e0 c\u00e1c th\u1ebf h\u1ec7 \u0111ang \u1ea3nh h\u01b0\u1edfng \u0111\u1ebfn c\u00e1c \u01b0u ti\u00ean c\u1ee7a ch\u00fang ta, c\u00f4ng vi\u1ec7c kh\u00f4ng c\u00f2n c\u00f3 th\u1ec3 \u0111\u01b0\u1ee3c \u0111\u1ecbnh ngh\u0129a l\u00e0 m\u1ed9t kh\u00f4ng gian v\u1eadt ch\u1ea5t m\u00e0 ch\u00fang ta \u0111\u1ebfn, thay v\u00e0o \u0111\u00f3, m\u1ed9t c\u00e1ch ti\u1ebfp c\u1eadn d\u1ef1a tr\u00ean k\u1ebft qu\u1ea3 v\u1ec1 c\u00e1ch th\u1ee9c th\u1ef1c s\u1ef1 c\u1ee7a c\u00f4ng vi\u1ec7c.[\/vc_column_text][vc_btn title=&#8221;\u0110\u1eccC TH\u00caM&#8221; style=&#8221;outline&#8221; shape=&#8221;square&#8221; color=&#8221;primary&#8221; size=&#8221;xs&#8221; link=&#8221;url:https%3A%2F%2Fwww.konicaminolta.sg%2Fbusiness%2Fblog%2Fthe-intelligent-connected-workplace%2F|||&#8221;][vc_empty_space height=&#8221;6px&#8221;][\/vc_column_inner][\/vc_row_inner][\/vc_column][vc_column width=&#8221;1\/4&#8243;][vc_row_inner][vc_column_inner][vc_single_image image=&#8221;9193&#8243; img_size=&#8221;full&#8221; onclick=&#8221;custom_link&#8221;][vc_column_text]Trong k\u1ef7 nguy\u00ean s\u1ed1 h\u00f3a v\u00e0 t\u1ed9i ph\u1ea1m m\u1ea1ng ng\u00e0y nay, c\u00e1c t\u1ed5 ch\u1ee9c ng\u00e0y c\u00e0ng lo l\u1eafng v\u1ec1 kh\u1ea3 n\u0103ng t\u1ef1 b\u1ea3o v\u1ec7 m\u00ecnh tr\u01b0\u1edbc c\u00e1c v\u1ee5 vi ph\u1ea1m d\u1eef li\u1ec7u, t\u1ea5n c\u00f4ng m\u1ea1ng v\u00e0 c\u00e1c m\u1ed1i \u0111e d\u1ecda n\u1ed9i gi\u00e1n.[\/vc_column_text][vc_btn title=&#8221;\u0110\u1eccC TH\u00caM&#8221; style=&#8221;outline&#8221; shape=&#8221;square&#8221; color=&#8221;primary&#8221; size=&#8221;xs&#8221; link=&#8221;url:https%3A%2F%2Fwww.konicaminolta.sg%2Fbusiness%2Fblog%2Frethink-enterprise-security-with-microsoft-365%2F|||&#8221;][vc_empty_space height=&#8221;6px&#8221;][\/vc_column_inner][\/vc_row_inner][\/vc_column][vc_column width=&#8221;1\/4&#8243;][vc_row_inner][vc_column_inner][vc_single_image image=&#8221;9194&#8243; img_size=&#8221;full&#8221; onclick=&#8221;custom_link&#8221;][vc_column_text]Chuy\u1ec3n \u0111\u1ed5i c\u00e1c quy tr\u00ecnh th\u1ee7 c\u00f4ng th\u00e0nh quy tr\u00ecnh c\u00f4ng vi\u1ec7c k\u1ef9 thu\u1eadt s\u1ed1 v\u1edbi c\u00e1c gi\u1ea3i ph\u00e1p s\u1ed1 h\u00f3a t\u00e0i li\u1ec7u. Gi\u1ea3m thi\u1ec3u thi\u1ec7t h\u1ea1i v\u1ec1 n\u0103ng su\u1ea5t do qu\u1ea3n l\u00fd t\u00e0i li\u1ec7u th\u1ee7 c\u00f4ng v\u00e0 t\u00ecm hi\u1ec3u c\u00e1ch KOMI Doc c\u00f3 th\u1ec3 h\u1ed7 tr\u1ee3 doanh nghi\u1ec7p c\u1ee7a b\u1ea1n chuy\u1ec3n \u0111\u1ed5i k\u1ef9 thu\u1eadt s\u1ed1.[\/vc_column_text][vc_btn title=&#8221;\u0110\u1eccC TH\u00caM&#8221; style=&#8221;outline&#8221; shape=&#8221;square&#8221; color=&#8221;primary&#8221; size=&#8221;xs&#8221; link=&#8221;url:https%3A%2F%2Fwww.konicaminolta.sg%2Fbusiness%2Fblog%2Fgoing-digital-with-komi-doc%2F|||&#8221;][vc_empty_space height=&#8221;6px&#8221;][\/vc_column_inner][\/vc_row_inner][\/vc_column][vc_column width=&#8221;1\/4&#8243;][vc_row_inner][vc_column_inner][vc_single_image image=&#8221;9195&#8243; img_size=&#8221;full&#8221; onclick=&#8221;custom_link&#8221;][vc_column_text]Th\u1ebf gi\u1edbi c\u00f4ng vi\u1ec7c \u0111ang thay \u0111\u1ed5i nhanh ch\u00f3ng. T\u1ea1i Konica Minolta, ch\u00fang t\u00f4i \u1edf \u0111\u00e2y \u0111\u1ec3 gi\u00fap b\u1ea1n suy ngh\u0129 l\u1ea1i v\u1ec1 n\u01a1i l\u00e0m vi\u1ec7c; b\u1ea3o v\u1ec7 doanh nghi\u1ec7p, nh\u00e2n vi\u00ean v\u00e0 kh\u00e1ch h\u00e0ng c\u1ee7a b\u1ea1n. H\u00e3y suy ngh\u0129 l\u1ea1i n\u01a1i l\u00e0m vi\u1ec7c c\u1ee7a b\u1ea1n v\u1edbi Konica Minolta ngay h\u00f4m nay.[\/vc_column_text][vc_btn title=&#8221;\u0110\u1eccC TH\u00caM&#8221; style=&#8221;outline&#8221; shape=&#8221;square&#8221; color=&#8221;primary&#8221; size=&#8221;xs&#8221; link=&#8221;url:https%3A%2F%2Fwww.konicaminolta.sg%2Fbusiness%2Fworkplace-of-the-future%2F|||&#8221;][vc_empty_space height=&#8221;6px&#8221;][\/vc_column_inner][\/vc_row_inner][\/vc_column][\/vc_row][vc_row][vc_column][vc_empty_space height=&#8221;12px&#8221;][vc_separator][vc_empty_space height=&#8221;16px&#8221;][\/vc_column][\/vc_row][vc_row][vc_column][vc_raw_js]JTNDc2NyaXB0JTNFJTIwJTBBalF1ZXJ5JTI4JTIwJTIyJTIzYmVuZWZpdF9zZWN0aW9uJTIyJTIwJTI5LndyYXBBbGwlMjglMjAlMjIlM0NkaXYlMjBjbGFzcyUzRCUyN2JlbmVmaXQlMjclMjAlMkYlM0UlMjIlMjklMEElMjAlMjAlMjBqUXVlcnklMjglMjAlMjIuc3VjY2Vzc19zZWN0aW9uJTIyJTIwJTI5LndyYXBBbGwlMjglMjAlMjIlM0NkaXYlMjBjbGFzcyUzRCUyN3N1Y2Nlc3MlMjclMjAlMkYlM0UlMjIlMjAlMjklMEElMjAlMjAlMjAlMjAlMjAlMjAlMEElM0MlMkZzY3JpcHQlM0U=[\/vc_raw_js][\/vc_column][\/vc_row]<\/p>\n<\/div>","protected":false},"excerpt":{"rendered":"<p>[vc_row][vc_column][rev_slider_vc alias=&#8221;rethink-work&#8221;][vc_empty_space height=&#8221;16px&#8221;][\/vc_column][\/vc_row][vc_row][vc_column][vc_column_text] C\u00d4NG NGH\u1ec6 N\u1ec0N T\u1ea2NG L\u00c0M VI\u1ec6C T\u01af\u01a0NG LAI B\u1ea0N C\u1ea6N [\/vc_column_text][vc_empty_space height=&#8221;16px&#8221;][vc_column_text] T\u1ea1i Konica Minolta, ch\u00fang t\u00f4i tin r\u1eb1ng c\u00f4ng vi\u1ec7c l\u00e0 v\u1ec1 con ng\u01b0\u1eddi, kh\u00f4ng gian v\u1eadt ch\u1ea5t m\u00e0 h\u1ecd l\u00e0m vi\u1ec7c v\u00e0 c\u00f4ng ngh\u1ec7 &#8211; t\u1eeb ph\u1ea7n c\u1ee9ng \u0111\u1ebfn ph\u1ea7n m\u1ec1m. Th\u01b0\u1eddng th\u00ec nh\u1eefng tr\u1ee5 c\u1ed9t t\u1ea1o n\u00ean th\u1ebf gi\u1edbi<\/p>\n","protected":false},"author":1,"featured_media":0,"parent":0,"menu_order":0,"comment_status":"closed","ping_status":"closed","template":"","meta":{"footnotes":""},"class_list":["post-9183","page","type-page","status-publish","hentry"],"_links":{"self":[{"href":"https:\/\/www.konicaminolta.vn\/business\/wp-json\/wp\/v2\/pages\/9183","targetHints":{"allow":["GET"]}}],"collection":[{"href":"https:\/\/www.konicaminolta.vn\/business\/wp-json\/wp\/v2\/pages"}],"about":[{"href":"https:\/\/www.konicaminolta.vn\/business\/wp-json\/wp\/v2\/types\/page"}],"author":[{"embeddable":true,"href":"https:\/\/www.konicaminolta.vn\/business\/wp-json\/wp\/v2\/users\/1"}],"replies":[{"embeddable":true,"href":"https:\/\/www.konicaminolta.vn\/business\/wp-json\/wp\/v2\/comments?post=9183"}],"version-history":[{"count":5,"href":"https:\/\/www.konicaminolta.vn\/business\/wp-json\/wp\/v2\/pages\/9183\/revisions"}],"predecessor-version":[{"id":9356,"href":"https:\/\/www.konicaminolta.vn\/business\/wp-json\/wp\/v2\/pages\/9183\/revisions\/9356"}],"wp:attachment":[{"href":"https:\/\/www.konicaminolta.vn\/business\/wp-json\/wp\/v2\/media?parent=9183"}],"curies":[{"name":"wp","href":"https:\/\/api.w.org\/{rel}","templated":true}]}}